{"id":2522,"date":"2024-08-20T22:30:31","date_gmt":"2024-08-20T14:30:31","guid":{"rendered":"https:\/\/swoer.com\/?post_type=product&#038;p=2522"},"modified":"2024-11-19T17:08:30","modified_gmt":"2024-11-19T09:08:30","slug":"screw-rotary-visual-screening-machine-with-ccd-inspection","status":"publish","type":"product","link":"https:\/\/swoer.com\/pt_br\/manufacturer\/screw-rotary-visual-screening-machine-with-ccd-inspection\/","title":{"rendered":"M\u00e1quina de triagem visual rotativa de parafuso com inspe\u00e7\u00e3o CCD"},"content":{"rendered":"<p>A m\u00e1quina de triagem visual de plataforma girat\u00f3ria \u00e9 um dispositivo de inspe\u00e7\u00e3o automatizado projetado para detectar tamanho, apar\u00eancia e outros defeitos em v\u00e1rias pe\u00e7as. O mecanismo de alimenta\u00e7\u00e3o, como uma placa de vibra\u00e7\u00e3o, transporta automaticamente as pe\u00e7as para a plataforma girat\u00f3ria de vidro, onde a esta\u00e7\u00e3o de inspe\u00e7\u00e3o visual processa as imagens. O controlador de movimento garante que a plataforma girat\u00f3ria de vidro gire a uma velocidade constante, fornece feedback do codificador sobre a posi\u00e7\u00e3o do material e compara as posi\u00e7\u00f5es do hardware para controlar a c\u00e2mera CCD e o dispositivo de sopro em v\u00e1rias esta\u00e7\u00f5es. Isso permite inspe\u00e7\u00e3o e triagem totalmente automatizadas de apar\u00eancia, tamanho e outros aspectos. A m\u00e1quina de triagem visual de plataforma girat\u00f3ria \u00e9 amplamente aplicada em eletr\u00f4nicos 3C, baterias de l\u00edtio, componentes eletr\u00f4nicos, semicondutores, hardware e outros setores de fabrica\u00e7\u00e3o industrial.<\/p>\n<h2><\/h2>\n<h2>Introdu\u00e7\u00e3o ao Motion Controller<\/h2>\n<p>Ele pode executar fun\u00e7\u00f5es complexas de controle de movimento, como interpola\u00e7\u00e3o linear e interpola\u00e7\u00e3o circular. Ele tamb\u00e9m lida com processamento de trajet\u00f3ria cont\u00ednua e suporta entrada de trava de alta velocidade IO. Al\u00e9m disso, ele oferece sa\u00edda precisa e sa\u00edda de sincroniza\u00e7\u00e3o de posi\u00e7\u00e3o (PSO). Isso o torna ideal para equipamentos de triagem visual de plataforma girat\u00f3ria com 2 a 8 esta\u00e7\u00f5es de inspe\u00e7\u00e3o visual.<\/p>\n\t<div class=\"img has-hover x md-x lg-x y md-y lg-y\" id=\"image_1176383284\">\n\t\t\t\t\t\t\t\t<div class=\"img-inner dark\" >\n\t\t\t<img loading=\"lazy\" decoding=\"async\" width=\"800\" height=\"500\" src=\"https:\/\/swoer.com\/wp-content\/uploads\/2024\/08\/Motion-Controller-Introduction.webp\" class=\"attachment-original size-original\" alt=\"Introdu\u00e7\u00e3o ao controlador de movimento\" srcset=\"https:\/\/swoer.com\/wp-content\/uploads\/2024\/08\/Motion-Controller-Introduction.webp 800w, https:\/\/swoer.com\/wp-content\/uploads\/2024\/08\/Motion-Controller-Introduction-300x188.webp 300w, https:\/\/swoer.com\/wp-content\/uploads\/2024\/08\/Motion-Controller-Introduction-768x480.webp 768w, https:\/\/swoer.com\/wp-content\/uploads\/2024\/08\/Motion-Controller-Introduction-18x12.webp 18w, https:\/\/swoer.com\/wp-content\/uploads\/2024\/08\/Motion-Controller-Introduction-600x375.webp 600w\" sizes=\"(max-width: 800px) 100vw, 800px\" \/>\t\t\t\t\t\t\n\t\t\t\t\t<\/div>\n\t\t\t\t\t\t\t\t\n<style>\n#image_1176383284 {\n  width: 100%;\n}\n<\/style>\n\t<\/div>\n\t\n<h3>\u00a0Vantagens da aplica\u00e7\u00e3o do controlador na m\u00e1quina de triagem visual de plataforma girat\u00f3ria<\/h3>\n<ol>\n<li>Ele pode controlar o toca-discos em tempo real e registrar a posi\u00e7\u00e3o de feedback do codificador;<\/li>\n<li>A porta de entrada de alta velocidade se conecta ao sensor, detectando e registrando as posi\u00e7\u00f5es das pe\u00e7as.<\/li>\n<li>A sa\u00edda de hardware PSO conecta-se a 2 a 8 c\u00e2meras para voo visual, detec\u00e7\u00e3o e medi\u00e7\u00e3o.<\/li>\n<li>A sa\u00edda de hardware do PSO tamb\u00e9m se conecta ao aeroporto para triagem e classifica\u00e7\u00e3o de resultados de inspe\u00e7\u00e3o visual.<\/li>\n<\/ol>\n\t<div class=\"img has-hover x md-x lg-x y md-y lg-y\" id=\"image_74331512\">\n\t\t\t\t\t\t\t\t<div class=\"img-inner dark\" >\n\t\t\t<img loading=\"lazy\" decoding=\"async\" width=\"1062\" height=\"446\" src=\"https:\/\/swoer.com\/wp-content\/uploads\/2024\/08\/Schematic-diagram-of-visual-screening-function.webp\" class=\"attachment-original size-original\" alt=\"Diagrama esquem\u00e1tico da fun\u00e7\u00e3o de triagem visual\" srcset=\"https:\/\/swoer.com\/wp-content\/uploads\/2024\/08\/Schematic-diagram-of-visual-screening-function.webp 1062w, https:\/\/swoer.com\/wp-content\/uploads\/2024\/08\/Schematic-diagram-of-visual-screening-function-300x126.webp 300w, https:\/\/swoer.com\/wp-content\/uploads\/2024\/08\/Schematic-diagram-of-visual-screening-function-1024x430.webp 1024w, https:\/\/swoer.com\/wp-content\/uploads\/2024\/08\/Schematic-diagram-of-visual-screening-function-768x323.webp 768w, https:\/\/swoer.com\/wp-content\/uploads\/2024\/08\/Schematic-diagram-of-visual-screening-function-18x8.webp 18w, https:\/\/swoer.com\/wp-content\/uploads\/2024\/08\/Schematic-diagram-of-visual-screening-function-600x252.webp 600w\" sizes=\"(max-width: 1062px) 100vw, 1062px\" \/>\t\t\t\t\t\t\n\t\t\t\t\t<\/div>\n\t\t\t\t\t\t\t\t\n<style>\n#image_74331512 {\n  width: 100%;\n}\n<\/style>\n\t<\/div>\n\t\n\t<div id=\"gap-670549799\" class=\"gap-element clearfix\" style=\"display:block; height:auto;\">\n\t\t\n<style>\n#gap-670549799 {\n  padding-top: 30px;\n}\n<\/style>\n\t<\/div>\n\t\n<h2>Princ\u00edpio da m\u00e1quina de triagem visual de mesa girat\u00f3ria de vidro<\/h2>\n<ol>\n<li>\n<h3>Princ\u00edpio de funcionamento<\/h3>\n<\/li>\n<\/ol>\n<p>Primeiro, a placa vibrat\u00f3ria transporta as pe\u00e7as para a plataforma girat\u00f3ria de vidro de alta transpar\u00eancia. Ent\u00e3o, o sensor detecta as pe\u00e7as que chegam, e o controlador registra sua posi\u00e7\u00e3o usando a porta de entrada de trava de alta velocidade.<\/p>\n<p>Quando a plataforma girat\u00f3ria chega \u00e0 esta\u00e7\u00e3o de inspe\u00e7\u00e3o visual, o controlador aciona a c\u00e2mera para tirar fotos atrav\u00e9s da porta de sa\u00edda de alta velocidade.<\/p>\n<p>em seguida, executa opera\u00e7\u00f5es de processamento de imagem e, finalmente, detecta e seleciona automaticamente de acordo com os padr\u00f5es de inspe\u00e7\u00e3o predefinidos,<\/p>\n<p>e rejeita produtos defeituosos.<\/p>\n<ol start=\"2\">\n<li>\n<h3>Princ\u00edpio do sistema de controle de movimento<\/h3>\n<\/li>\n<\/ol>\n<p>Comparado \u00e0 solu\u00e7\u00e3o tradicional PLC+tela sens\u00edvel ao toque, o sistema baseado em controlador de movimento oferece melhor integra\u00e7\u00e3o, resposta mais r\u00e1pida e maior efici\u00eancia.<\/p>\n<p>Quando a plataforma girat\u00f3ria de vidro se move rapidamente, o hardware aciona a c\u00e2mera para filmagem visual. Ele processa imagens e emite resultados de triagem em tempo real, melhorando muito a velocidade da inspe\u00e7\u00e3o.<\/p>\n\t<div class=\"img has-hover x md-x lg-x y md-y lg-y\" id=\"image_1129774256\">\n\t\t\t\t\t\t\t\t<div class=\"img-inner dark\" >\n\t\t\t<img loading=\"lazy\" decoding=\"async\" width=\"800\" height=\"500\" src=\"https:\/\/swoer.com\/wp-content\/uploads\/2024\/08\/Control-system-principle.webp\" class=\"attachment-original size-original\" alt=\"Princ\u00edpio do sistema de controle\" srcset=\"https:\/\/swoer.com\/wp-content\/uploads\/2024\/08\/Control-system-principle.webp 800w, https:\/\/swoer.com\/wp-content\/uploads\/2024\/08\/Control-system-principle-300x188.webp 300w, https:\/\/swoer.com\/wp-content\/uploads\/2024\/08\/Control-system-principle-768x480.webp 768w, https:\/\/swoer.com\/wp-content\/uploads\/2024\/08\/Control-system-principle-18x12.webp 18w, https:\/\/swoer.com\/wp-content\/uploads\/2024\/08\/Control-system-principle-600x375.webp 600w\" sizes=\"(max-width: 800px) 100vw, 800px\" \/>\t\t\t\t\t\t\n\t\t\t\t\t<\/div>\n\t\t\t\t\t\t\t\t\n<style>\n#image_1129774256 {\n  width: 100%;\n}\n<\/style>\n\t<\/div>\n\t\n\t<div id=\"gap-137239987\" class=\"gap-element clearfix\" style=\"display:block; height:auto;\">\n\t\t\n<style>\n#gap-137239987 {\n  padding-top: 30px;\n}\n<\/style>\n\t<\/div>\n\t\n<ol start=\"3\">\n<li>\n<h3>Princ\u00edpio do sistema visual<\/h3>\n<\/li>\n<\/ol>\n<p>O tempo de resposta da c\u00e2mera, exposi\u00e7\u00e3o, pixels e controle da fonte de luz devem atender aos requisitos de velocidade da plataforma girat\u00f3ria. Isso garante que a filmagem visual, a medi\u00e7\u00e3o e a inspe\u00e7\u00e3o correspondam \u00e0 velocidade de movimento de diferentes partes.<\/p>\n\t<div id=\"gap-1459546724\" class=\"gap-element clearfix\" style=\"display:block; height:auto;\">\n\t\t\n<style>\n#gap-1459546724 {\n  padding-top: 30px;\n}\n<\/style>\n\t<\/div>\n\t\n<h2>Aplica\u00e7\u00e3o de controlador de movimento e vis\u00e3o em equipamentos de triagem visual de plataforma girat\u00f3ria<\/h2>\n<ol>\n<li>\n<h3>Fluxo de a\u00e7\u00e3o do sistema<\/h3>\n<\/li>\n<\/ol>\n<ul>\n<li><strong>Os inspetores carregam os produtos a serem examinados<\/strong><\/li>\n<\/ul>\n<p>Selecione a placa de vibra\u00e7\u00e3o com base no tipo de material. A placa de vibra\u00e7\u00e3o transporta as pe\u00e7as para a plataforma girat\u00f3ria de vidro de alta transpar\u00eancia. A plataforma girat\u00f3ria ent\u00e3o gira a uma velocidade definida constante.<\/p>\n\t<div class=\"img has-hover x md-x lg-x y md-y lg-y\" id=\"image_1045916981\">\n\t\t\t\t\t\t\t\t<div class=\"img-inner dark\" >\n\t\t\t<img loading=\"lazy\" decoding=\"async\" width=\"800\" height=\"500\" src=\"https:\/\/swoer.com\/wp-content\/uploads\/2024\/08\/Loading-of-products-to-be-inspected.webp\" class=\"attachment-original size-original\" alt=\"Carregamento de produtos a serem inspecionados\" srcset=\"https:\/\/swoer.com\/wp-content\/uploads\/2024\/08\/Loading-of-products-to-be-inspected.webp 800w, https:\/\/swoer.com\/wp-content\/uploads\/2024\/08\/Loading-of-products-to-be-inspected-300x188.webp 300w, https:\/\/swoer.com\/wp-content\/uploads\/2024\/08\/Loading-of-products-to-be-inspected-768x480.webp 768w, https:\/\/swoer.com\/wp-content\/uploads\/2024\/08\/Loading-of-products-to-be-inspected-18x12.webp 18w, https:\/\/swoer.com\/wp-content\/uploads\/2024\/08\/Loading-of-products-to-be-inspected-600x375.webp 600w\" sizes=\"(max-width: 800px) 100vw, 800px\" \/>\t\t\t\t\t\t\n\t\t\t\t\t<\/div>\n\t\t\t\t\t\t\t\t\n<style>\n#image_1045916981 {\n  width: 100%;\n}\n<\/style>\n\t<\/div>\n\t\n\t<div id=\"gap-1468388581\" class=\"gap-element clearfix\" style=\"display:block; height:auto;\">\n\t\t\n<style>\n#gap-1468388581 {\n  padding-top: 30px;\n}\n<\/style>\n\t<\/div>\n\t\n<ul>\n<li><strong>Detec\u00e7\u00e3o de materiais e registro de posi\u00e7\u00f5es<\/strong><\/li>\n<\/ul>\n<p>Quando o sensor detecta o material, a porta de trava de alta velocidade baseada no sensor a laser registra a posi\u00e7\u00e3o atual do material;<\/p>\n\t<div class=\"img has-hover x md-x lg-x y md-y lg-y\" id=\"image_1168541159\">\n\t\t\t\t\t\t\t\t<div class=\"img-inner dark\" >\n\t\t\t<img loading=\"lazy\" decoding=\"async\" width=\"800\" height=\"500\" src=\"https:\/\/swoer.com\/wp-content\/uploads\/2024\/08\/Senses-material-and-records-position.webp\" class=\"attachment-original size-original\" alt=\"\" srcset=\"https:\/\/swoer.com\/wp-content\/uploads\/2024\/08\/Senses-material-and-records-position.webp 800w, https:\/\/swoer.com\/wp-content\/uploads\/2024\/08\/Senses-material-and-records-position-300x188.webp 300w, https:\/\/swoer.com\/wp-content\/uploads\/2024\/08\/Senses-material-and-records-position-768x480.webp 768w, https:\/\/swoer.com\/wp-content\/uploads\/2024\/08\/Senses-material-and-records-position-18x12.webp 18w, https:\/\/swoer.com\/wp-content\/uploads\/2024\/08\/Senses-material-and-records-position-600x375.webp 600w\" sizes=\"(max-width: 800px) 100vw, 800px\" \/>\t\t\t\t\t\t\n\t\t\t\t\t<\/div>\n\t\t\t\t\t\t\t\t\n<style>\n#image_1168541159 {\n  width: 100%;\n}\n<\/style>\n\t<\/div>\n\t\n\t<div id=\"gap-595809747\" class=\"gap-element clearfix\" style=\"display:block; height:auto;\">\n\t\t\n<style>\n#gap-595809747 {\n  padding-top: 30px;\n}\n<\/style>\n\t<\/div>\n\t\n<ul>\n<li><strong>C\u00e2mera dispara sess\u00e3o de fotos<\/strong><\/li>\n<\/ul>\n<p>O sistema calcula a posi\u00e7\u00e3o de cada c\u00e2mera usando a porta de trava de alta velocidade. A sa\u00edda de compara\u00e7\u00e3o de posi\u00e7\u00e3o de hardware do controlador de movimento ent\u00e3o aciona a c\u00e2mera para disparo visual de voo.<\/p>\n\t<div class=\"img has-hover x md-x lg-x y md-y lg-y\" id=\"image_1851010423\">\n\t\t\t\t\t\t\t\t<div class=\"img-inner dark\" >\n\t\t\t<img loading=\"lazy\" decoding=\"async\" width=\"800\" height=\"500\" src=\"https:\/\/swoer.com\/wp-content\/uploads\/2024\/08\/Camera-triggers-photo-taking.webp\" class=\"attachment-original size-original\" alt=\"A c\u00e2mera dispara a captura de fotos\" srcset=\"https:\/\/swoer.com\/wp-content\/uploads\/2024\/08\/Camera-triggers-photo-taking.webp 800w, https:\/\/swoer.com\/wp-content\/uploads\/2024\/08\/Camera-triggers-photo-taking-300x188.webp 300w, https:\/\/swoer.com\/wp-content\/uploads\/2024\/08\/Camera-triggers-photo-taking-768x480.webp 768w, https:\/\/swoer.com\/wp-content\/uploads\/2024\/08\/Camera-triggers-photo-taking-18x12.webp 18w, https:\/\/swoer.com\/wp-content\/uploads\/2024\/08\/Camera-triggers-photo-taking-600x375.webp 600w\" sizes=\"(max-width: 800px) 100vw, 800px\" \/>\t\t\t\t\t\t\n\t\t\t\t\t<\/div>\n\t\t\t\t\t\t\t\t\n<style>\n#image_1851010423 {\n  width: 100%;\n}\n<\/style>\n\t<\/div>\n\t\n\t<div id=\"gap-1215654385\" class=\"gap-element clearfix\" style=\"display:block; height:auto;\">\n\t\t\n<style>\n#gap-1215654385 {\n  padding-top: 30px;\n}\n<\/style>\n\t<\/div>\n\t\n<ul>\n<li><strong>\u00a0Processamento do sistema visual<\/strong><\/li>\n<\/ul>\n<p>Realizar inspe\u00e7\u00e3o visual, medi\u00e7\u00e3o, reconhecimento e outras fun\u00e7\u00f5es nas imagens do material fotografado e transmitir sinais OK ou NG para o controlador de movimento; triagem de sopro de ar.<\/p>\n\t<div class=\"img has-hover x md-x lg-x y md-y lg-y\" id=\"image_1884901021\">\n\t\t\t\t\t\t\t\t<div class=\"img-inner dark\" >\n\t\t\t<img loading=\"lazy\" decoding=\"async\" width=\"800\" height=\"500\" src=\"https:\/\/swoer.com\/wp-content\/uploads\/2024\/08\/Vision-Processing-System.webp\" class=\"attachment-original size-original\" alt=\"Sistema de processamento de vis\u00e3o\" srcset=\"https:\/\/swoer.com\/wp-content\/uploads\/2024\/08\/Vision-Processing-System.webp 800w, https:\/\/swoer.com\/wp-content\/uploads\/2024\/08\/Vision-Processing-System-300x188.webp 300w, https:\/\/swoer.com\/wp-content\/uploads\/2024\/08\/Vision-Processing-System-768x480.webp 768w, https:\/\/swoer.com\/wp-content\/uploads\/2024\/08\/Vision-Processing-System-18x12.webp 18w, https:\/\/swoer.com\/wp-content\/uploads\/2024\/08\/Vision-Processing-System-600x375.webp 600w\" sizes=\"(max-width: 800px) 100vw, 800px\" \/>\t\t\t\t\t\t\n\t\t\t\t\t<\/div>\n\t\t\t\t\t\t\t\t\n<style>\n#image_1884901021 {\n  width: 100%;\n}\n<\/style>\n\t<\/div>\n\t\n<p>O sistema visual retorna os resultados para o controlador de movimento, e o sensor fornece a posi\u00e7\u00e3o do material. O sistema calcula a posi\u00e7\u00e3o da sa\u00edda de ar e usa a sa\u00edda de compara\u00e7\u00e3o de posi\u00e7\u00e3o de hardware do controlador de movimento para controlar a sa\u00edda de ar para triagem de produtos bons e ruins.<\/p>\n\t<div class=\"img has-hover x md-x lg-x y md-y lg-y\" id=\"image_1411294596\">\n\t\t\t\t\t\t\t\t<div class=\"img-inner dark\" >\n\t\t\t<img loading=\"lazy\" decoding=\"async\" width=\"800\" height=\"500\" src=\"https:\/\/swoer.com\/wp-content\/uploads\/2024\/08\/Screening-of-good-and-bad-products.webp\" class=\"attachment-original size-original\" alt=\"Triagem de produtos bons e ruins\" srcset=\"https:\/\/swoer.com\/wp-content\/uploads\/2024\/08\/Screening-of-good-and-bad-products.webp 800w, https:\/\/swoer.com\/wp-content\/uploads\/2024\/08\/Screening-of-good-and-bad-products-300x188.webp 300w, https:\/\/swoer.com\/wp-content\/uploads\/2024\/08\/Screening-of-good-and-bad-products-768x480.webp 768w, https:\/\/swoer.com\/wp-content\/uploads\/2024\/08\/Screening-of-good-and-bad-products-18x12.webp 18w, https:\/\/swoer.com\/wp-content\/uploads\/2024\/08\/Screening-of-good-and-bad-products-600x375.webp 600w\" sizes=\"(max-width: 800px) 100vw, 800px\" \/>\t\t\t\t\t\t\n\t\t\t\t\t<\/div>\n\t\t\t\t\t\t\t\t\n<style>\n#image_1411294596 {\n  width: 100%;\n}\n<\/style>\n\t<\/div>\n\t\n<ol start=\"2\">\n<li>\n<h3>Vantagens da solu\u00e7\u00e3o<\/h3>\n<\/li>\n<\/ol>\n<ul>\n<li>Resultados de testes est\u00e1veis com alta consist\u00eancia;<\/li>\n<li>Rastrear e classificar automaticamente produtos defeituosos e remov\u00ea-los para melhorar a qualidade do produto;<\/li>\n<li>Comparado com o tiro est\u00e1tico, o tiro visual voador reduz o CT da m\u00e1quina e melhora a efici\u00eancia;<\/li>\n<li>Uma pessoa operando uma m\u00e1quina pode substituir de 2 a 6 opera\u00e7\u00f5es manuais e melhorar a capacidade de produ\u00e7\u00e3o;<\/li>\n<li>Monitore cada processo de inspe\u00e7\u00e3o de produ\u00e7\u00e3o para garantir que ele seja confi\u00e1vel e eficaz.<\/li>\n<li>Comparado com a solu\u00e7\u00e3o tradicional PLC+tela sens\u00edvel ao toque, ele tem maior integra\u00e7\u00e3o, melhor desempenho de custo, resposta mais r\u00e1pida e maior efici\u00eancia.<\/li>\n<\/ul>","protected":false},"excerpt":{"rendered":"<p>Nossas m\u00e1quinas de triagem visual de plataforma girat\u00f3ria oferecem inspe\u00e7\u00e3o automatizada avan\u00e7ada para tamanho, apar\u00eancia e defeitos de pe\u00e7as.<\/p>\n<p>Perfeito para ind\u00fastrias como eletr\u00f4nica, semicondutores e fabrica\u00e7\u00e3o de hardware.<\/p>","protected":false},"featured_media":2897,"comment_status":"open","ping_status":"closed","template":"","meta":[],"product_cat":[113],"product_tag":[],"yoast_head":"<!-- This site is optimized with the Yoast SEO plugin v22.2 - https:\/\/yoast.com\/wordpress\/plugins\/seo\/ -->\n<title>Screw Rotary Visual Screening Machine with CCD Inspection - SWOER<\/title>\n<meta name=\"description\" content=\"High-quality turntable visual screening machines are designed for precise automated inspection of parts&#039; size, appearance, and defects.\" \/>\n<meta name=\"robots\" content=\"index, follow, max-snippet:-1, max-image-preview:large, max-video-preview:-1\" \/>\n<link rel=\"canonical\" href=\"https:\/\/swoer.com\/pt_br\/manufacturer\/screw-rotary-visual-screening-machine-with-ccd-inspection\/\" \/>\n<meta property=\"og:locale\" content=\"pt_BR\" \/>\n<meta property=\"og:type\" content=\"article\" \/>\n<meta property=\"og:title\" content=\"Screw Rotary Visual Screening Machine with CCD Inspection - SWOER\" \/>\n<meta property=\"og:description\" content=\"High-quality turntable visual screening machines are designed for precise automated inspection of parts&#039; size, appearance, and defects.\" \/>\n<meta property=\"og:url\" content=\"https:\/\/swoer.com\/pt_br\/manufacturer\/screw-rotary-visual-screening-machine-with-ccd-inspection\/\" \/>\n<meta property=\"og:site_name\" content=\"SWOER\" \/>\n<meta property=\"article:modified_time\" content=\"2024-11-19T09:08:30+00:00\" \/>\n<meta property=\"og:image\" content=\"https:\/\/swoer.com\/wp-content\/uploads\/2024\/08\/Screw-Rotary-Visual-Screening-machine-with-CCD-inspection.webp\" \/>\n\t<meta property=\"og:image:width\" content=\"1000\" \/>\n\t<meta property=\"og:image:height\" content=\"1000\" \/>\n\t<meta property=\"og:image:type\" content=\"image\/webp\" \/>\n<meta name=\"twitter:card\" content=\"summary_large_image\" \/>\n<meta name=\"twitter:label1\" content=\"Est. tempo de leitura\" \/>\n\t<meta name=\"twitter:data1\" content=\"4 minutos\" \/>\n<script type=\"application\/ld+json\" class=\"yoast-schema-graph\">{\"@context\":\"https:\/\/schema.org\",\"@graph\":[{\"@type\":\"WebPage\",\"@id\":\"https:\/\/swoer.com\/manufacturer\/screw-rotary-visual-screening-machine-with-ccd-inspection\/\",\"url\":\"https:\/\/swoer.com\/manufacturer\/screw-rotary-visual-screening-machine-with-ccd-inspection\/\",\"name\":\"Screw Rotary Visual Screening Machine with CCD Inspection - SWOER\",\"isPartOf\":{\"@id\":\"https:\/\/swoer.com\/#website\"},\"primaryImageOfPage\":{\"@id\":\"https:\/\/swoer.com\/manufacturer\/screw-rotary-visual-screening-machine-with-ccd-inspection\/#primaryimage\"},\"image\":{\"@id\":\"https:\/\/swoer.com\/manufacturer\/screw-rotary-visual-screening-machine-with-ccd-inspection\/#primaryimage\"},\"thumbnailUrl\":\"https:\/\/swoer.com\/wp-content\/uploads\/2024\/08\/Screw-Rotary-Visual-Screening-machine-with-CCD-inspection.webp\",\"datePublished\":\"2024-08-20T14:30:31+00:00\",\"dateModified\":\"2024-11-19T09:08:30+00:00\",\"description\":\"High-quality turntable visual screening machines are designed for precise automated inspection of parts' size, appearance, and defects.\",\"breadcrumb\":{\"@id\":\"https:\/\/swoer.com\/manufacturer\/screw-rotary-visual-screening-machine-with-ccd-inspection\/#breadcrumb\"},\"inLanguage\":\"pt-BR\",\"potentialAction\":[{\"@type\":\"ReadAction\",\"target\":[\"https:\/\/swoer.com\/manufacturer\/screw-rotary-visual-screening-machine-with-ccd-inspection\/\"]}]},{\"@type\":\"ImageObject\",\"inLanguage\":\"pt-BR\",\"@id\":\"https:\/\/swoer.com\/manufacturer\/screw-rotary-visual-screening-machine-with-ccd-inspection\/#primaryimage\",\"url\":\"https:\/\/swoer.com\/wp-content\/uploads\/2024\/08\/Screw-Rotary-Visual-Screening-machine-with-CCD-inspection.webp\",\"contentUrl\":\"https:\/\/swoer.com\/wp-content\/uploads\/2024\/08\/Screw-Rotary-Visual-Screening-machine-with-CCD-inspection.webp\",\"width\":1000,\"height\":1000,\"caption\":\"Screw Rotary Visual Screening machine with CCD inspection\"},{\"@type\":\"BreadcrumbList\",\"@id\":\"https:\/\/swoer.com\/manufacturer\/screw-rotary-visual-screening-machine-with-ccd-inspection\/#breadcrumb\",\"itemListElement\":[{\"@type\":\"ListItem\",\"position\":1,\"name\":\"Home\",\"item\":\"https:\/\/swoer.com\/\"},{\"@type\":\"ListItem\",\"position\":2,\"name\":\"Shop\",\"item\":\"https:\/\/swoer.com\/shop\/\"},{\"@type\":\"ListItem\",\"position\":3,\"name\":\"Screw Rotary Visual Screening Machine with CCD Inspection\"}]},{\"@type\":\"WebSite\",\"@id\":\"https:\/\/swoer.com\/#website\",\"url\":\"https:\/\/swoer.com\/\",\"name\":\"SWOER\",\"description\":\"Swoer is the top 3 vibratory bowl feeder manufacturer in China\",\"potentialAction\":[{\"@type\":\"SearchAction\",\"target\":{\"@type\":\"EntryPoint\",\"urlTemplate\":\"https:\/\/swoer.com\/?s={search_term_string}\"},\"query-input\":\"required name=search_term_string\"}],\"inLanguage\":\"pt-BR\"}]}<\/script>\n<!-- \/ Yoast SEO plugin. -->","yoast_head_json":{"title":"Screw Rotary Visual Screening Machine with CCD Inspection - SWOER","description":"High-quality turntable visual screening machines are designed for precise automated inspection of parts' size, appearance, and defects.","robots":{"index":"index","follow":"follow","max-snippet":"max-snippet:-1","max-image-preview":"max-image-preview:large","max-video-preview":"max-video-preview:-1"},"canonical":"https:\/\/swoer.com\/pt_br\/manufacturer\/screw-rotary-visual-screening-machine-with-ccd-inspection\/","og_locale":"pt_BR","og_type":"article","og_title":"Screw Rotary Visual Screening Machine with CCD Inspection - SWOER","og_description":"High-quality turntable visual screening machines are designed for precise automated inspection of parts' size, appearance, and defects.","og_url":"https:\/\/swoer.com\/pt_br\/manufacturer\/screw-rotary-visual-screening-machine-with-ccd-inspection\/","og_site_name":"SWOER","article_modified_time":"2024-11-19T09:08:30+00:00","og_image":[{"width":1000,"height":1000,"url":"https:\/\/swoer.com\/wp-content\/uploads\/2024\/08\/Screw-Rotary-Visual-Screening-machine-with-CCD-inspection.webp","type":"image\/webp"}],"twitter_card":"summary_large_image","twitter_misc":{"Est. tempo de leitura":"4 minutos"},"schema":{"@context":"https:\/\/schema.org","@graph":[{"@type":"WebPage","@id":"https:\/\/swoer.com\/manufacturer\/screw-rotary-visual-screening-machine-with-ccd-inspection\/","url":"https:\/\/swoer.com\/manufacturer\/screw-rotary-visual-screening-machine-with-ccd-inspection\/","name":"Screw Rotary Visual Screening Machine with CCD Inspection - SWOER","isPartOf":{"@id":"https:\/\/swoer.com\/#website"},"primaryImageOfPage":{"@id":"https:\/\/swoer.com\/manufacturer\/screw-rotary-visual-screening-machine-with-ccd-inspection\/#primaryimage"},"image":{"@id":"https:\/\/swoer.com\/manufacturer\/screw-rotary-visual-screening-machine-with-ccd-inspection\/#primaryimage"},"thumbnailUrl":"https:\/\/swoer.com\/wp-content\/uploads\/2024\/08\/Screw-Rotary-Visual-Screening-machine-with-CCD-inspection.webp","datePublished":"2024-08-20T14:30:31+00:00","dateModified":"2024-11-19T09:08:30+00:00","description":"High-quality turntable visual screening machines are designed for precise automated inspection of parts' size, appearance, and defects.","breadcrumb":{"@id":"https:\/\/swoer.com\/manufacturer\/screw-rotary-visual-screening-machine-with-ccd-inspection\/#breadcrumb"},"inLanguage":"pt-BR","potentialAction":[{"@type":"ReadAction","target":["https:\/\/swoer.com\/manufacturer\/screw-rotary-visual-screening-machine-with-ccd-inspection\/"]}]},{"@type":"ImageObject","inLanguage":"pt-BR","@id":"https:\/\/swoer.com\/manufacturer\/screw-rotary-visual-screening-machine-with-ccd-inspection\/#primaryimage","url":"https:\/\/swoer.com\/wp-content\/uploads\/2024\/08\/Screw-Rotary-Visual-Screening-machine-with-CCD-inspection.webp","contentUrl":"https:\/\/swoer.com\/wp-content\/uploads\/2024\/08\/Screw-Rotary-Visual-Screening-machine-with-CCD-inspection.webp","width":1000,"height":1000,"caption":"Screw Rotary Visual Screening machine with CCD inspection"},{"@type":"BreadcrumbList","@id":"https:\/\/swoer.com\/manufacturer\/screw-rotary-visual-screening-machine-with-ccd-inspection\/#breadcrumb","itemListElement":[{"@type":"ListItem","position":1,"name":"Home","item":"https:\/\/swoer.com\/"},{"@type":"ListItem","position":2,"name":"Shop","item":"https:\/\/swoer.com\/shop\/"},{"@type":"ListItem","position":3,"name":"Screw Rotary Visual Screening Machine with CCD Inspection"}]},{"@type":"WebSite","@id":"https:\/\/swoer.com\/#website","url":"https:\/\/swoer.com\/","name":"SWOER","description":"Swoer is the top 3 vibratory bowl feeder manufacturer in China","potentialAction":[{"@type":"SearchAction","target":{"@type":"EntryPoint","urlTemplate":"https:\/\/swoer.com\/?s={search_term_string}"},"query-input":"required name=search_term_string"}],"inLanguage":"pt-BR"}]}},"_links":{"self":[{"href":"https:\/\/swoer.com\/pt_br\/wp-json\/wp\/v2\/product\/2522"}],"collection":[{"href":"https:\/\/swoer.com\/pt_br\/wp-json\/wp\/v2\/product"}],"about":[{"href":"https:\/\/swoer.com\/pt_br\/wp-json\/wp\/v2\/types\/product"}],"replies":[{"embeddable":true,"href":"https:\/\/swoer.com\/pt_br\/wp-json\/wp\/v2\/comments?post=2522"}],"wp:featuredmedia":[{"embeddable":true,"href":"https:\/\/swoer.com\/pt_br\/wp-json\/wp\/v2\/media\/2897"}],"wp:attachment":[{"href":"https:\/\/swoer.com\/pt_br\/wp-json\/wp\/v2\/media?parent=2522"}],"wp:term":[{"taxonomy":"product_cat","embeddable":true,"href":"https:\/\/swoer.com\/pt_br\/wp-json\/wp\/v2\/product_cat?post=2522"},{"taxonomy":"product_tag","embeddable":true,"href":"https:\/\/swoer.com\/pt_br\/wp-json\/wp\/v2\/product_tag?post=2522"}],"curies":[{"name":"wp","href":"https:\/\/api.w.org\/{rel}","templated":true}]}}