{"id":2260,"date":"2024-07-02T07:47:38","date_gmt":"2024-07-02T07:47:38","guid":{"rendered":"https:\/\/swoer.com\/?post_type=product&#038;p=2260"},"modified":"2024-08-16T14:23:50","modified_gmt":"2024-08-16T06:23:50","slug":"variable-frequency-digital-controller-for-vibratory-feeder-sdvc31-l-4-5a","status":"publish","type":"product","link":"https:\/\/swoer.com\/pt_br\/manufacturer\/variable-frequency-digital-controller-for-vibratory-feeder-sdvc31-l-4-5a\/","title":{"rendered":"Controlador digital de frequ\u00eancia vari\u00e1vel para alimentador vibrat\u00f3rio SDVC31-L 4.5A"},"content":{"rendered":"<h2><strong><b>Caracter\u00edsticas<\/b><\/strong><\/h2>\n<ol>\n<li>Estabiliza\u00e7\u00e3o autom\u00e1tica de tens\u00e3o de alta precis\u00e3o<\/li>\n<li>In\u00edcio lento ajust\u00e1vel<\/li>\n<li>Interruptor de desligamento do sensor cheio\/vazio<\/li>\n<li>Desligamento total\/vazio do sensor fotoel\u00e9trico<\/li>\n<li>Controle remoto de velocidade<\/li>\n<li>Sa\u00edda de controle DC<\/li>\n<\/ol>\n<h2><strong><b>Fun\u00e7\u00f5es b\u00e1sicas<\/b><\/strong><\/h2>\n<ul>\n<li><strong>Ajuste de frequ\u00eancia<\/strong>: Os usu\u00e1rios podem ajustar a frequ\u00eancia de sa\u00edda do controlador para encontrar a frequ\u00eancia operacional ideal do corpo vibrat\u00f3rio, obtendo um efeito de alimenta\u00e7\u00e3o mais suave, silencioso e com economia de energia.<\/li>\n<li><strong>Regula\u00e7\u00e3o autom\u00e1tica de tens\u00e3o de alta precis\u00e3o:<\/strong> O circuito de regula\u00e7\u00e3o de tens\u00e3o digital integrado pode eliminar automaticamente as altera\u00e7\u00f5es na velocidade de alimenta\u00e7\u00e3o causadas por flutua\u00e7\u00f5es na tens\u00e3o da fonte de alimenta\u00e7\u00e3o.<\/li>\n<li><strong>In\u00edcio lento ajust\u00e1vel:<\/strong> Ao iniciar, a tens\u00e3o de sa\u00edda aumentar\u00e1 gradualmente de zero para a tens\u00e3o predefinida para eliminar o impacto no alimentador vibrat\u00f3rio do recipiente. Os usu\u00e1rios podem predefinir digitalmente o tempo de in\u00edcio lento. Ele suporta sensores do tipo NPN ou controle de desligamento remoto PLC completo\/vazio.<\/li>\n<li><strong>Desligamento do sensor de comuta\u00e7\u00e3o cheio\/vazio:<\/strong> Suporta sensor tipo NPN ou controle remoto de desligamento total\/vazio por PLC.<\/li>\n<li><strong>Desligamento total\/vazio do sensor fotoel\u00e9trico:<\/strong> Suporta controle de desligamento total\/vazio do sensor de contra-disparo fotoel\u00e9trico.<\/li>\n<li><strong>Controle remoto de velocidade<\/strong>: Os usu\u00e1rios podem controlar remotamente a tens\u00e3o de sa\u00edda diretamente usando um potenci\u00f4metro externo, CLP ou sinal de tens\u00e3o de 1~5 V.<\/li>\n<li><strong>Sa\u00edda de controle DC:<\/strong> O controlador pode emitir um sinal de controle CC de baixa tens\u00e3o para acionar equipamentos como v\u00e1lvulas solenoides para trabalhar com o controlador.<\/li>\n<li><strong>Bloqueio de teclado:<\/strong> pressione e segure a tecla liga\/desliga para bloquear todas as teclas e evitar que os usu\u00e1rios as operem por engano.<\/li>\n<li><strong>Configura\u00e7\u00e3o de tens\u00e3o m\u00e1xima de sa\u00edda:<\/strong> defina a voltagem m\u00e1xima ajust\u00e1vel para evitar que os usu\u00e1rios operem por engano e produzam voltagem excessiva, o que pode danificar o equipamento de vibra\u00e7\u00e3o.<\/li>\n<li><strong>Prote\u00e7\u00e3o contra superaquecimento:<\/strong> quando a temperatura operacional do controlador estiver muito alta, a sa\u00edda ser\u00e1 interrompida para autoprote\u00e7\u00e3o.<\/li>\n<li><strong>Prote\u00e7\u00e3o contra sobrecorrente:<\/strong> quando a corrente operacional do controlador excede a corrente nominal, a sa\u00edda ser\u00e1 interrompida para proteger o controlador e o equipamento de vibra\u00e7\u00e3o.<\/li>\n<li><strong>Prote\u00e7\u00e3o contra curto-circuito recuper\u00e1vel:<\/strong> quando um curto-circuito ocorre na extremidade de sa\u00edda, o controlador para a sa\u00edda e o fus\u00edvel n\u00e3o queima para proteger o controlador e o equipamento de vibra\u00e7\u00e3o. Depois que a extremidade de sa\u00edda n\u00e3o estiver mais em curto-circuito, o controlador pode funcionar normalmente novamente ap\u00f3s ligar.<\/li>\n<\/ul>\n<h2>Especifica\u00e7\u00e3o t\u00e9cnica<\/h2>\n<table width=\"767\">\n<tbody>\n<tr>\n<td rowspan=\"2\" width=\"225\">Item<\/td>\n<td colspan=\"3\" width=\"216\">Faixa<\/td>\n<td rowspan=\"2\" width=\"72\">Unidade<\/td>\n<td rowspan=\"2\" width=\"254\">Descri\u00e7\u00e3o<\/td>\n<\/tr>\n<tr>\n<td>M\u00ednimo<\/td>\n<td>T\u00edpico<\/td>\n<td>M\u00e1ximo<\/td>\n<\/tr>\n<tr>\n<td>Tens\u00e3o de entrada<\/td>\n<td>85<\/td>\n<td>220<\/td>\n<td>260<\/td>\n<td>V<\/td>\n<td>Valor efetivo de CA<\/td>\n<\/tr>\n<tr>\n<td>Faixa de ajuste da tens\u00e3o de sa\u00edda<\/td>\n<td>0<\/td>\n<td><\/td>\n<td>260<\/td>\n<td>V<\/td>\n<td>Menos de 150% de tens\u00e3o de entrada<\/td>\n<\/tr>\n<tr>\n<td>Precis\u00e3o de ajuste de tens\u00e3o<\/td>\n<td colspan=\"3\">1<\/td>\n<td>V<\/td>\n<td><\/td>\n<\/tr>\n<tr>\n<td>Precis\u00e3o da regula\u00e7\u00e3o de tens\u00e3o<\/td>\n<td>0<\/td>\n<td><\/td>\n<td>10<\/td>\n<td><\/td>\n<td>Vout\/Vin<\/td>\n<\/tr>\n<tr>\n<td>Tempo de resposta da regula\u00e7\u00e3o de tens\u00e3o<\/td>\n<td>0.0025<\/td>\n<td><\/td>\n<td>0.025<\/td>\n<td>e<\/td>\n<td>Um d\u00e9cimo do ciclo de tens\u00e3o de sa\u00edda<\/td>\n<\/tr>\n<tr>\n<td rowspan=\"2\">Faixa de ajuste da corrente de sa\u00edda<\/td>\n<td>0<\/td>\n<td><\/td>\n<td>4.5<\/td>\n<td>UM<\/td>\n<td>SDVC31-L-alta pot\u00eancia<\/td>\n<\/tr>\n<tr>\n<td>0<\/td>\n<td><\/td>\n<td>6<\/td>\n<td>VA<\/td>\n<td>SDVC31-XL-pot\u00eancia aumentada<\/td>\n<\/tr>\n<tr>\n<td rowspan=\"2\">Pot\u00eancia de sa\u00edda<\/td>\n<td>0<\/td>\n<td><\/td>\n<td>990<\/td>\n<td>VA<\/td>\n<td>SDVC31-L-alta pot\u00eancia<\/td>\n<\/tr>\n<tr>\n<td>0<\/td>\n<td><\/td>\n<td>1320<\/td>\n<td>VA<\/td>\n<td>SDVC31-XL-pot\u00eancia aumentada<\/td>\n<\/tr>\n<tr>\n<td>Frequ\u00eancia de sa\u00edda<\/td>\n<td>40<\/td>\n<td><\/td>\n<td>400<\/td>\n<td>Hz<\/td>\n<td><\/td>\n<\/tr>\n<tr>\n<td>Precis\u00e3o de ajuste de frequ\u00eancia<\/td>\n<td colspan=\"3\">0.1<\/td>\n<td>Hz<\/td>\n<td><\/td>\n<\/tr>\n<tr>\n<td>Forma de onda de sa\u00edda<\/td>\n<td colspan=\"3\">seno<\/td>\n<td><\/td>\n<td><\/td>\n<\/tr>\n<tr>\n<td>Tempo de in\u00edcio lento<\/td>\n<td>0<\/td>\n<td><\/td>\n<td>10<\/td>\n<td>e<\/td>\n<td>Padr\u00e3o de f\u00e1brica 0,5<\/td>\n<\/tr>\n<tr>\n<td>Intervalo de tempo de atraso<\/td>\n<td>0<\/td>\n<td><\/td>\n<td>20<\/td>\n<td>e<\/td>\n<td>Padr\u00e3o de f\u00e1brica 0,2<\/td>\n<\/tr>\n<tr>\n<td>Precis\u00e3o do tempo de atraso<\/td>\n<td colspan=\"3\">0.1<\/td>\n<td>e<\/td>\n<td><\/td>\n<\/tr>\n<tr>\n<td>Temperatura de prote\u00e7\u00e3o contra superaquecimento<\/td>\n<td>60<\/td>\n<td>65<\/td>\n<td>65<\/td>\n<td>\u00b0C<\/td>\n<td><\/td>\n<\/tr>\n<tr>\n<td>Tens\u00e3o de sa\u00edda de controle DC<\/td>\n<td>22<\/td>\n<td>24<\/td>\n<td>26<\/td>\n<td>V<\/td>\n<td><\/td>\n<\/tr>\n<tr>\n<td>Corrente de sa\u00edda de controle DC<\/td>\n<td>0<\/td>\n<td><\/td>\n<td>200<\/td>\n<td>mA<\/td>\n<td><\/td>\n<\/tr>\n<tr>\n<td>Modelo de controle anal\u00f3gico<\/td>\n<td colspan=\"3\">1-5<\/td>\n<td>V<\/td>\n<td>Voltagem de controle de velocidade remoto<\/td>\n<\/tr>\n<tr>\n<td>Sinal de controle digital<\/td>\n<td colspan=\"3\">24<\/td>\n<td>V<\/td>\n<td>Controle de sinal de comuta\u00e7\u00e3o<\/td>\n<\/tr>\n<tr>\n<td>M\u00e9todo de ajuste<\/td>\n<td colspan=\"3\">6<\/td>\n<td>chave<\/td>\n<td><\/td>\n<\/tr>\n<tr>\n<td>Consumo de energia sem carga<\/td>\n<td><\/td>\n<td>3<\/td>\n<td><\/td>\n<td>C<\/td>\n<td><\/td>\n<\/tr>\n<tr>\n<td>Modo de exibi\u00e7\u00e3o<\/td>\n<td colspan=\"3\">5<\/td>\n<td>d\u00edgito<\/td>\n<td>Tubo digital LED<\/td>\n<\/tr>\n<tr>\n<td>Temperatura ambiente salarial<\/td>\n<td>0<\/td>\n<td>25<\/td>\n<td>40<\/td>\n<td>\u00b0C<\/td>\n<td rowspan=\"2\">Sem condensa\u00e7\u00e3o<\/td>\n<\/tr>\n<tr>\n<td>Humidade do ambiente salarial<\/td>\n<td>10<\/td>\n<td>60<\/td>\n<td>85<\/td>\n<td>%<\/td>\n<\/tr>\n<\/tbody>\n<\/table>\n\t<div id=\"gap-800706511\" class=\"gap-element clearfix\" style=\"display:block; height:auto;\">\n\t\t\n<style>\n#gap-800706511 {\n  padding-top: 30px;\n}\n<\/style>\n\t<\/div>\n\t\n<h2><strong><b>Dimens\u00f5es e Peso<\/b><\/strong><\/h2>\n<ul>\n<li>Dimens\u00f5es: 190 mm de comprimento x 147,8 mm de largura x 94,5 mm de altura<\/li>\n<li>Peso: 1675g (excluindo acess\u00f3rios)<\/li>\n<\/ul>\n\t<div id=\"gap-1147492383\" class=\"gap-element clearfix\" style=\"display:block; height:auto;\">\n\t\t\n<style>\n#gap-1147492383 {\n  padding-top: 30px;\n}\n<\/style>\n\t<\/div>\n\t\n<h2>Dimens\u00f5es do SDVC31-L 4.5A<\/h2>\n\t<div class=\"img has-hover x md-x lg-x y md-y lg-y\" id=\"image_601738586\">\n\t\t\t\t\t\t\t\t<div class=\"img-inner dark\" >\n\t\t\t<img loading=\"lazy\" decoding=\"async\" width=\"800\" height=\"595\" src=\"https:\/\/swoer.com\/wp-content\/uploads\/2024\/07\/SDVC31-L-4.5A-Dimensions.webp\" class=\"attachment-original size-original\" alt=\"Dimens\u00f5es do SDVC31-L 4.5A\" srcset=\"https:\/\/swoer.com\/wp-content\/uploads\/2024\/07\/SDVC31-L-4.5A-Dimensions.webp 800w, https:\/\/swoer.com\/wp-content\/uploads\/2024\/07\/SDVC31-L-4.5A-Dimensions-300x223.webp 300w, https:\/\/swoer.com\/wp-content\/uploads\/2024\/07\/SDVC31-L-4.5A-Dimensions-768x571.webp 768w, https:\/\/swoer.com\/wp-content\/uploads\/2024\/07\/SDVC31-L-4.5A-Dimensions-16x12.webp 16w, https:\/\/swoer.com\/wp-content\/uploads\/2024\/07\/SDVC31-L-4.5A-Dimensions-600x446.webp 600w\" sizes=\"(max-width: 800px) 100vw, 800px\" \/>\t\t\t\t\t\t\n\t\t\t\t\t<\/div>\n\t\t\t\t\t\t\t\t\n<style>\n#image_601738586 {\n  width: 64%;\n}\n<\/style>\n\t<\/div>","protected":false},"excerpt":{"rendered":"<p>Esse <strong>Controlador de Alimentador Vibrat\u00f3rio<\/strong> oferece controle excepcional para suas aplica\u00e7\u00f5es de alimenta\u00e7\u00e3o. Apresentando estabiliza\u00e7\u00e3o autom\u00e1tica de voltagem de alta precis\u00e3o, partida lenta ajust\u00e1vel, op\u00e7\u00f5es de desligamento de sensor cheio\/vazio, controle remoto de velocidade e sa\u00edda de controle DC, ele garante alimenta\u00e7\u00e3o suave, silenciosa e com efici\u00eancia energ\u00e9tica.<\/p>","protected":false},"featured_media":2517,"comment_status":"open","ping_status":"closed","template":"","meta":[],"product_cat":[45],"product_tag":[],"yoast_head":"<!-- This site is optimized with the Yoast SEO plugin v22.2 - https:\/\/yoast.com\/wordpress\/plugins\/seo\/ -->\n<title>Variable Frequency Digital Controller for Vibratory Feeder SDVC31-L 4.5A - SWOER<\/title>\n<meta name=\"description\" content=\"High-Precision Vibratory Feeder Controller SDVC31-L 4.5A with Automatic Voltage Regulation, Adjustable Slow Start, Sensor Full\/Empty Shutdown, Remote Speed Control &amp; DC Control Output. Optimize feeding efficiency for quieter &amp; energy-saving operation in various industries.\" \/>\n<meta name=\"robots\" content=\"index, follow, max-snippet:-1, max-image-preview:large, max-video-preview:-1\" \/>\n<link rel=\"canonical\" href=\"https:\/\/swoer.com\/pt_br\/manufacturer\/variable-frequency-digital-controller-for-vibratory-feeder-sdvc31-l-4-5a\/\" \/>\n<meta property=\"og:locale\" content=\"pt_BR\" \/>\n<meta property=\"og:type\" content=\"article\" \/>\n<meta property=\"og:title\" content=\"Variable Frequency Digital Controller for Vibratory Feeder SDVC31-L 4.5A - SWOER\" \/>\n<meta property=\"og:description\" content=\"High-Precision Vibratory Feeder Controller SDVC31-L 4.5A with Automatic Voltage Regulation, Adjustable Slow Start, Sensor Full\/Empty Shutdown, Remote Speed Control &amp; DC Control Output. Optimize feeding efficiency for quieter &amp; energy-saving operation in various industries.\" \/>\n<meta property=\"og:url\" content=\"https:\/\/swoer.com\/pt_br\/manufacturer\/variable-frequency-digital-controller-for-vibratory-feeder-sdvc31-l-4-5a\/\" \/>\n<meta property=\"og:site_name\" content=\"SWOER\" \/>\n<meta property=\"article:modified_time\" content=\"2024-08-16T06:23:50+00:00\" \/>\n<meta property=\"og:image\" content=\"https:\/\/swoer.com\/wp-content\/uploads\/2024\/07\/Bowl-Feeder-Controller-SDVC31-M-3.0A-2.webp\" \/>\n\t<meta property=\"og:image:width\" content=\"1000\" \/>\n\t<meta property=\"og:image:height\" content=\"1000\" \/>\n\t<meta property=\"og:image:type\" content=\"image\/webp\" \/>\n<meta name=\"twitter:card\" content=\"summary_large_image\" \/>\n<meta name=\"twitter:label1\" content=\"Est. tempo de leitura\" \/>\n\t<meta name=\"twitter:data1\" content=\"3 minutos\" \/>\n<script type=\"application\/ld+json\" class=\"yoast-schema-graph\">{\"@context\":\"https:\/\/schema.org\",\"@graph\":[{\"@type\":\"WebPage\",\"@id\":\"https:\/\/swoer.com\/manufacturer\/variable-frequency-digital-controller-for-vibratory-feeder-sdvc31-l-4-5a\/\",\"url\":\"https:\/\/swoer.com\/manufacturer\/variable-frequency-digital-controller-for-vibratory-feeder-sdvc31-l-4-5a\/\",\"name\":\"Variable Frequency Digital Controller for Vibratory Feeder SDVC31-L 4.5A - SWOER\",\"isPartOf\":{\"@id\":\"https:\/\/swoer.com\/#website\"},\"primaryImageOfPage\":{\"@id\":\"https:\/\/swoer.com\/manufacturer\/variable-frequency-digital-controller-for-vibratory-feeder-sdvc31-l-4-5a\/#primaryimage\"},\"image\":{\"@id\":\"https:\/\/swoer.com\/manufacturer\/variable-frequency-digital-controller-for-vibratory-feeder-sdvc31-l-4-5a\/#primaryimage\"},\"thumbnailUrl\":\"https:\/\/swoer.com\/wp-content\/uploads\/2024\/07\/Bowl-Feeder-Controller-SDVC31-M-3.0A-2.webp\",\"datePublished\":\"2024-07-02T07:47:38+00:00\",\"dateModified\":\"2024-08-16T06:23:50+00:00\",\"description\":\"High-Precision Vibratory Feeder Controller SDVC31-L 4.5A with Automatic Voltage Regulation, Adjustable Slow Start, Sensor Full\/Empty Shutdown, Remote Speed Control & DC Control Output. Optimize feeding efficiency for quieter & energy-saving operation in various industries.\",\"breadcrumb\":{\"@id\":\"https:\/\/swoer.com\/manufacturer\/variable-frequency-digital-controller-for-vibratory-feeder-sdvc31-l-4-5a\/#breadcrumb\"},\"inLanguage\":\"pt-BR\",\"potentialAction\":[{\"@type\":\"ReadAction\",\"target\":[\"https:\/\/swoer.com\/manufacturer\/variable-frequency-digital-controller-for-vibratory-feeder-sdvc31-l-4-5a\/\"]}]},{\"@type\":\"ImageObject\",\"inLanguage\":\"pt-BR\",\"@id\":\"https:\/\/swoer.com\/manufacturer\/variable-frequency-digital-controller-for-vibratory-feeder-sdvc31-l-4-5a\/#primaryimage\",\"url\":\"https:\/\/swoer.com\/wp-content\/uploads\/2024\/07\/Bowl-Feeder-Controller-SDVC31-M-3.0A-2.webp\",\"contentUrl\":\"https:\/\/swoer.com\/wp-content\/uploads\/2024\/07\/Bowl-Feeder-Controller-SDVC31-M-3.0A-2.webp\",\"width\":1000,\"height\":1000,\"caption\":\"Bowl Feeder Controller SDVC31-M 3.0A\"},{\"@type\":\"BreadcrumbList\",\"@id\":\"https:\/\/swoer.com\/manufacturer\/variable-frequency-digital-controller-for-vibratory-feeder-sdvc31-l-4-5a\/#breadcrumb\",\"itemListElement\":[{\"@type\":\"ListItem\",\"position\":1,\"name\":\"Home\",\"item\":\"https:\/\/swoer.com\/\"},{\"@type\":\"ListItem\",\"position\":2,\"name\":\"Shop\",\"item\":\"https:\/\/swoer.com\/shop\/\"},{\"@type\":\"ListItem\",\"position\":3,\"name\":\"Variable Frequency Digital Controller for Vibratory Feeder SDVC31-L 4.5A\"}]},{\"@type\":\"WebSite\",\"@id\":\"https:\/\/swoer.com\/#website\",\"url\":\"https:\/\/swoer.com\/\",\"name\":\"SWOER\",\"description\":\"Swoer is the top 3 vibratory bowl feeder manufacturer in China\",\"potentialAction\":[{\"@type\":\"SearchAction\",\"target\":{\"@type\":\"EntryPoint\",\"urlTemplate\":\"https:\/\/swoer.com\/?s={search_term_string}\"},\"query-input\":\"required name=search_term_string\"}],\"inLanguage\":\"pt-BR\"}]}<\/script>\n<!-- \/ Yoast SEO plugin. -->","yoast_head_json":{"title":"Variable Frequency Digital Controller for Vibratory Feeder SDVC31-L 4.5A - SWOER","description":"High-Precision Vibratory Feeder Controller SDVC31-L 4.5A with Automatic Voltage Regulation, Adjustable Slow Start, Sensor Full\/Empty Shutdown, Remote Speed Control & DC Control Output. Optimize feeding efficiency for quieter & energy-saving operation in various industries.","robots":{"index":"index","follow":"follow","max-snippet":"max-snippet:-1","max-image-preview":"max-image-preview:large","max-video-preview":"max-video-preview:-1"},"canonical":"https:\/\/swoer.com\/pt_br\/manufacturer\/variable-frequency-digital-controller-for-vibratory-feeder-sdvc31-l-4-5a\/","og_locale":"pt_BR","og_type":"article","og_title":"Variable Frequency Digital Controller for Vibratory Feeder SDVC31-L 4.5A - SWOER","og_description":"High-Precision Vibratory Feeder Controller SDVC31-L 4.5A with Automatic Voltage Regulation, Adjustable Slow Start, Sensor Full\/Empty Shutdown, Remote Speed Control & DC Control Output. Optimize feeding efficiency for quieter & energy-saving operation in various industries.","og_url":"https:\/\/swoer.com\/pt_br\/manufacturer\/variable-frequency-digital-controller-for-vibratory-feeder-sdvc31-l-4-5a\/","og_site_name":"SWOER","article_modified_time":"2024-08-16T06:23:50+00:00","og_image":[{"width":1000,"height":1000,"url":"https:\/\/swoer.com\/wp-content\/uploads\/2024\/07\/Bowl-Feeder-Controller-SDVC31-M-3.0A-2.webp","type":"image\/webp"}],"twitter_card":"summary_large_image","twitter_misc":{"Est. tempo de leitura":"3 minutos"},"schema":{"@context":"https:\/\/schema.org","@graph":[{"@type":"WebPage","@id":"https:\/\/swoer.com\/manufacturer\/variable-frequency-digital-controller-for-vibratory-feeder-sdvc31-l-4-5a\/","url":"https:\/\/swoer.com\/manufacturer\/variable-frequency-digital-controller-for-vibratory-feeder-sdvc31-l-4-5a\/","name":"Variable Frequency Digital Controller for Vibratory Feeder SDVC31-L 4.5A - SWOER","isPartOf":{"@id":"https:\/\/swoer.com\/#website"},"primaryImageOfPage":{"@id":"https:\/\/swoer.com\/manufacturer\/variable-frequency-digital-controller-for-vibratory-feeder-sdvc31-l-4-5a\/#primaryimage"},"image":{"@id":"https:\/\/swoer.com\/manufacturer\/variable-frequency-digital-controller-for-vibratory-feeder-sdvc31-l-4-5a\/#primaryimage"},"thumbnailUrl":"https:\/\/swoer.com\/wp-content\/uploads\/2024\/07\/Bowl-Feeder-Controller-SDVC31-M-3.0A-2.webp","datePublished":"2024-07-02T07:47:38+00:00","dateModified":"2024-08-16T06:23:50+00:00","description":"High-Precision Vibratory Feeder Controller SDVC31-L 4.5A with Automatic Voltage Regulation, Adjustable Slow Start, Sensor Full\/Empty Shutdown, Remote Speed Control & DC Control Output. Optimize feeding efficiency for quieter & energy-saving operation in various industries.","breadcrumb":{"@id":"https:\/\/swoer.com\/manufacturer\/variable-frequency-digital-controller-for-vibratory-feeder-sdvc31-l-4-5a\/#breadcrumb"},"inLanguage":"pt-BR","potentialAction":[{"@type":"ReadAction","target":["https:\/\/swoer.com\/manufacturer\/variable-frequency-digital-controller-for-vibratory-feeder-sdvc31-l-4-5a\/"]}]},{"@type":"ImageObject","inLanguage":"pt-BR","@id":"https:\/\/swoer.com\/manufacturer\/variable-frequency-digital-controller-for-vibratory-feeder-sdvc31-l-4-5a\/#primaryimage","url":"https:\/\/swoer.com\/wp-content\/uploads\/2024\/07\/Bowl-Feeder-Controller-SDVC31-M-3.0A-2.webp","contentUrl":"https:\/\/swoer.com\/wp-content\/uploads\/2024\/07\/Bowl-Feeder-Controller-SDVC31-M-3.0A-2.webp","width":1000,"height":1000,"caption":"Bowl Feeder Controller SDVC31-M 3.0A"},{"@type":"BreadcrumbList","@id":"https:\/\/swoer.com\/manufacturer\/variable-frequency-digital-controller-for-vibratory-feeder-sdvc31-l-4-5a\/#breadcrumb","itemListElement":[{"@type":"ListItem","position":1,"name":"Home","item":"https:\/\/swoer.com\/"},{"@type":"ListItem","position":2,"name":"Shop","item":"https:\/\/swoer.com\/shop\/"},{"@type":"ListItem","position":3,"name":"Variable Frequency Digital Controller for Vibratory Feeder SDVC31-L 4.5A"}]},{"@type":"WebSite","@id":"https:\/\/swoer.com\/#website","url":"https:\/\/swoer.com\/","name":"SWOER","description":"Swoer is the top 3 vibratory bowl feeder manufacturer in China","potentialAction":[{"@type":"SearchAction","target":{"@type":"EntryPoint","urlTemplate":"https:\/\/swoer.com\/?s={search_term_string}"},"query-input":"required name=search_term_string"}],"inLanguage":"pt-BR"}]}},"_links":{"self":[{"href":"https:\/\/swoer.com\/pt_br\/wp-json\/wp\/v2\/product\/2260"}],"collection":[{"href":"https:\/\/swoer.com\/pt_br\/wp-json\/wp\/v2\/product"}],"about":[{"href":"https:\/\/swoer.com\/pt_br\/wp-json\/wp\/v2\/types\/product"}],"replies":[{"embeddable":true,"href":"https:\/\/swoer.com\/pt_br\/wp-json\/wp\/v2\/comments?post=2260"}],"wp:featuredmedia":[{"embeddable":true,"href":"https:\/\/swoer.com\/pt_br\/wp-json\/wp\/v2\/media\/2517"}],"wp:attachment":[{"href":"https:\/\/swoer.com\/pt_br\/wp-json\/wp\/v2\/media?parent=2260"}],"wp:term":[{"taxonomy":"product_cat","embeddable":true,"href":"https:\/\/swoer.com\/pt_br\/wp-json\/wp\/v2\/product_cat?post=2260"},{"taxonomy":"product_tag","embeddable":true,"href":"https:\/\/swoer.com\/pt_br\/wp-json\/wp\/v2\/product_tag?post=2260"}],"curies":[{"name":"wp","href":"https:\/\/api.w.org\/{rel}","templated":true}]}}