{"id":1991,"date":"2024-04-17T08:17:36","date_gmt":"2024-04-17T08:17:36","guid":{"rendered":"https:\/\/swoer.com\/?post_type=product&#038;p=1991"},"modified":"2024-04-17T08:24:59","modified_gmt":"2024-04-17T08:24:59","slug":"variable-voltage-digital-controller-for-vibratory-feeder-sw-30","status":"publish","type":"product","link":"https:\/\/swoer.com\/pt_br\/manufacturer\/variable-voltage-digital-controller-for-vibratory-feeder-sw-30\/","title":{"rendered":"Controlador digital de tens\u00e3o vari\u00e1vel para alimentador vibrat\u00f3rio SW-30"},"content":{"rendered":"<h2>Caracter\u00edsticas<\/h2>\n<p>Dimens\u00f5es: C150 mm * L69 mm * A70 mm 90 mm<br \/>Tamanho do furo de instala\u00e7\u00e3o: 130 mm * 62 mm 3 anos de garantia<\/p>\n<p><strong>1.<\/strong> Alto fator de pot\u00eancia, economizando significativamente os custos de eletricidade. Comparado ao controlador comum, como na corrente de acionamento de 1,5 A mais comumente usada, suponha 1,0 RMB por quilowatt, o uso deste controlador funciona oito horas por dia pode economizar cerca de 1,6 RMB de eletricidade. <\/p>\n<p><strong>2.<\/strong> Interface fotoel\u00e9trica inteligente de alto desempenho para conectar um sensor fotoel\u00e9trico externo (radia\u00e7\u00e3o e reflex\u00e3o est\u00e3o dispon\u00edveis), a m\u00e1quina possui tecnologia de reconhecimento digital difuso integrada, al\u00e9m da luz ambiente adapt\u00e1vel, a sensibilidade pode ser definida para 99 fotoel\u00e9tricos, sem sensor de fibra \u00f3ptica caro, identificando com precis\u00e3o a alimenta\u00e7\u00e3o pequena ou transl\u00facida da pe\u00e7a de trabalho. <\/p>\n<p><strong>3.<\/strong> Opera\u00e7\u00e3o de transporte r\u00e1pido, design patenteado, r\u00e1pido e preciso, confi\u00e1vel e dur\u00e1vel. <\/p>\n<p><strong>4.<\/strong> Otimiza\u00e7\u00e3o do conector de controle externo, instala\u00e7\u00e3o flex\u00edvel e conveniente. <\/p>\n<p><strong>5.<\/strong> Programa inteligente de partida e parada lenta integrado, garante que o momento de partida e parada da alimenta\u00e7\u00e3o seja suave. <\/p>\n<p><strong>6.<\/strong> Sa\u00edda de alimenta\u00e7\u00e3o 24 V 200 mA CC. <\/p>\n<p><strong>7.<\/strong> Adota dispositivos de energia de alto desempenho, reduz a perda de calor, otimiza o design t\u00e9rmico, reduz o aumento de temperatura e funciona de forma mais est\u00e1vel e confi\u00e1vel. <\/p>\n<p><strong>8.<\/strong> Regulador de alta precis\u00e3o, no caso de flutua\u00e7\u00f5es de tens\u00e3o da rede el\u00e9trica, mant\u00e9m a tens\u00e3o de sa\u00edda est\u00e1vel e pode inibir efetivamente o efeito de batimento causado pela frequ\u00eancia de energia. <\/p>\n<p><strong>9.<\/strong> O limite de tens\u00e3o de sa\u00edda superior pode ser personalizado para atender a diversas aplica\u00e7\u00f5es e equipamentos de m\u00e1quinas necess\u00e1rios. <br \/>10. Sistema altamente integrado, dimens\u00f5es otimizadas, leve, tamanho compacto, f\u00e1cil instala\u00e7\u00e3o. <\/p>\n<p><strong>11.<\/strong> Moradia totalmente fechada, adaptada ao ambiente de trabalho hostil. <\/p>\n<p><strong>12.<\/strong> Com prote\u00e7\u00e3o contra superaquecimento, sobrecarga e curto-circuito de sa\u00edda.<\/p>\n<h2><strong>Especifica\u00e7\u00e3o t\u00e9cnica<\/strong><\/h2>\n<table style=\"border-collapse: collapse; width: 540.77pt;\" border=\"0\" width=\"721\" cellspacing=\"0\" cellpadding=\"0\">\n<tbody>\n<tr style=\"height: 17.25pt;\">\n<td class=\"et2\" style=\"height: 33.75pt; width: 135.75pt;\" rowspan=\"2\" width=\"181\" height=\"45\">Item<\/td>\n<td class=\"et3\" style=\"width: 181.50pt;\" colspan=\"2\" width=\"242\">Valor de intervalo<\/td>\n<td class=\"et4\" style=\"width: 84.00pt; border-bottom: 1.0pt solid #DDDDDD;\" rowspan=\"2\" width=\"112\">Unidade<\/td>\n<td class=\"et5\" style=\"width: 139.50pt;\" rowspan=\"2\" width=\"186\">Observa\u00e7\u00e3o<\/td>\n<\/tr>\n<tr style=\"height: 16.50pt;\">\n<td class=\"et7\" style=\"width: 87.75pt;\" width=\"117\">M\u00edn.<\/td>\n<td class=\"et7\" style=\"width: 93.75pt;\" width=\"125\">M\u00e1x.<\/td>\n<\/tr>\n<tr style=\"height: 45.75pt;\">\n<td class=\"et6\" style=\"height: 45.75pt; width: 135.75pt;\" width=\"181\" height=\"61\">Tens\u00e3o de entrada<\/td>\n<td class=\"et10\" style=\"width: 87.75pt;\" width=\"117\">85<\/td>\n<td class=\"et10\" style=\"width: 93.75pt;\" width=\"125\">265<\/td>\n<td class=\"et10\" style=\"width: 84.00pt;\" width=\"112\">V<\/td>\n<td class=\"et11\" style=\"width: 139.50pt;\" width=\"186\">Onda senoidal 50\/60Hz<\/td>\n<\/tr>\n<tr style=\"height: 75.75pt;\">\n<td class=\"et6\" style=\"height: 75.75pt; width: 135.75pt;\" width=\"181\" height=\"101\">Tens\u00e3o de sa\u00edda<\/td>\n<td class=\"et10\" style=\"width: 87.75pt;\" width=\"117\">0<\/td>\n<td class=\"et10\" style=\"width: 93.75pt;\" width=\"125\">250<\/td>\n<td class=\"et10\" style=\"width: 84.00pt;\" width=\"112\">V<\/td>\n<td class=\"et11\" style=\"width: 139.50pt;\" width=\"186\">Precis\u00e3o de regula\u00e7\u00e3o de tens\u00e3o: 1v<\/td>\n<\/tr>\n<tr style=\"height: 60.75pt;\">\n<td class=\"et6\" style=\"height: 60.75pt; width: 135.75pt;\" width=\"181\" height=\"81\">Corrente de sa\u00edda<\/td>\n<td class=\"et10\" style=\"width: 87.75pt;\" width=\"117\">0<\/td>\n<td class=\"et10\" style=\"width: 93.75pt;\" width=\"125\">4.5<\/td>\n<td class=\"et10\" style=\"width: 84.00pt;\" width=\"112\">UM<\/td>\n<td class=\"et11\" style=\"width: 139.50pt;\" width=\"186\">Pot\u00eancia nominal: 1,5 A\/3 A\/4,5 A<\/td>\n<\/tr>\n<tr style=\"height: 60.75pt;\">\n<td class=\"et6\" style=\"height: 60.75pt; width: 135.75pt;\" width=\"181\" height=\"81\">Frequ\u00eancia de sa\u00edda<\/td>\n<td class=\"et10\" style=\"width: 87.75pt;\" width=\"117\">40<\/td>\n<td class=\"et10\" style=\"width: 93.75pt;\" width=\"125\">400<\/td>\n<td class=\"et10\" style=\"width: 84.00pt;\" width=\"112\">Hz<\/td>\n<td class=\"et11\" style=\"width: 139.50pt;\" width=\"186\">Precis\u00e3o da faixa de frequ\u00eancia: 0,1 Hz<\/td>\n<\/tr>\n<tr style=\"height: 33.00pt;\">\n<td class=\"et6\" style=\"height: 33.00pt; width: 135.75pt;\" width=\"181\" height=\"44\">Onda de sa\u00edda<\/td>\n<td class=\"et10\" style=\"width: 405.00pt;\" colspan=\"4\" width=\"540\">Onda senoidal<\/td>\n<\/tr>\n<tr style=\"height: 63.75pt;\">\n<td class=\"et6\" style=\"height: 63.75pt; width: 135.75pt;\" width=\"181\" height=\"85\">Intervalo de tempo de atraso de in\u00edcio<\/td>\n<td class=\"et10\" style=\"width: 87.75pt;\" width=\"117\">0<\/td>\n<td class=\"et10\" style=\"width: 93.75pt;\" width=\"125\">30<\/td>\n<td class=\"et10\" style=\"width: 84.00pt;\" width=\"112\">S<\/td>\n<td class=\"et11\" style=\"width: 139.50pt;\" width=\"186\">Precis\u00e3o do tempo de atraso: 15<\/td>\n<\/tr>\n<tr style=\"height: 60.75pt;\">\n<td class=\"et6\" style=\"height: 60.75pt; width: 135.75pt;\" width=\"181\" height=\"81\">Intervalo de tempo de atraso de desligamento<\/td>\n<td class=\"et10\" style=\"width: 87.75pt;\" width=\"117\">0<\/td>\n<td class=\"et10\" style=\"width: 93.75pt;\" width=\"125\">30<\/td>\n<td class=\"et10\" style=\"width: 84.00pt;\" width=\"112\">S<\/td>\n<td class=\"et11\" style=\"width: 139.50pt;\" width=\"186\">Precis\u00e3o do tempo de atraso: 15<\/td>\n<\/tr>\n<tr style=\"height: 60.75pt;\">\n<td class=\"et6\" style=\"height: 60.75pt; width: 135.75pt;\" width=\"181\" height=\"81\">Tempo de in\u00edcio lento<\/td>\n<td class=\"et10\" style=\"width: 87.75pt;\" width=\"117\">0.1<\/td>\n<td class=\"et10\" style=\"width: 93.75pt;\" width=\"125\">9.9<\/td>\n<td class=\"et10\" style=\"width: 84.00pt;\" width=\"112\">S<\/td>\n<td class=\"et11\" style=\"width: 139.50pt;\" width=\"186\">Tempo de in\u00edcio lento: 0,15<\/td>\n<\/tr>\n<tr style=\"height: 48.00pt;\">\n<td class=\"et6\" style=\"height: 48.00pt; width: 135.75pt;\" width=\"181\" height=\"64\">Tempo de parada lenta<\/td>\n<td class=\"et10\" style=\"width: 87.75pt;\" width=\"117\">0.1<\/td>\n<td class=\"et10\" style=\"width: 93.75pt;\" width=\"125\">0.3<\/td>\n<td class=\"et10\" style=\"width: 84.00pt;\" width=\"112\">S<\/td>\n<td class=\"et11\" style=\"width: 139.50pt;\" width=\"186\">Programa de controle autom\u00e1tico<\/td>\n<\/tr>\n<tr style=\"height: 120.75pt;\">\n<td class=\"et6\" style=\"height: 120.75pt; width: 135.75pt;\" width=\"181\" height=\"161\">Sensibilidade fotoel\u00e9trica<\/td>\n<td class=\"et10\" style=\"width: 87.75pt;\" width=\"117\">0<\/td>\n<td class=\"et10\" style=\"width: 93.75pt;\" width=\"125\">99<\/td>\n<td class=\"et12\" style=\"width: 84.00pt;\" width=\"112\">\u00a0<\/td>\n<td class=\"et11\" style=\"width: 139.50pt;\" width=\"186\">Quanto maior o valor. Quanto maior a sensibilidade<\/td>\n<\/tr>\n<tr style=\"height: 136.50pt;\">\n<td class=\"et6\" style=\"height: 136.50pt; width: 135.75pt;\" width=\"181\" height=\"182\">Sa\u00edda de controle DC<\/td>\n<td class=\"et10\" style=\"width: 181.50pt;\" colspan=\"2\" width=\"242\">24 V 200 mA<\/td>\n<td class=\"et12\" style=\"width: 84.00pt;\" width=\"112\">\u00a0<\/td>\n<td class=\"et11\" style=\"width: 139.50pt;\" width=\"186\">Aciona sensores externos e v\u00e1lvulas solen\u00f3ides de baixa pot\u00eancia para fornecimento de energia<\/td>\n<\/tr>\n<tr style=\"height: 64.50pt;\">\n<td class=\"et6\" style=\"height: 64.50pt; width: 135.75pt;\" width=\"181\" height=\"86\">Consumo de energia sem carga<\/td>\n<td class=\"et10\" style=\"width: 181.50pt;\" colspan=\"2\" width=\"242\">\uff1c3W<\/td>\n<td class=\"et10\" style=\"width: 84.00pt;\" width=\"112\">C<\/td>\n<td class=\"et11\" style=\"width: 139.50pt;\" width=\"186\">Tens\u00e3o de entrada: 220V 50Hz<\/td>\n<\/tr>\n<tr style=\"height: 33.00pt;\">\n<td class=\"et6\" style=\"height: 33.00pt; width: 135.75pt;\" width=\"181\" height=\"44\">Modo de exibi\u00e7\u00e3o<\/td>\n<td class=\"et10\" style=\"width: 181.50pt;\" colspan=\"2\" width=\"242\">LED+Luz indicadora 5<\/td>\n<td class=\"et12\" style=\"width: 84.00pt;\" width=\"112\">\u00a0<\/td>\n<td class=\"et13\" style=\"width: 139.50pt;\" width=\"186\">\u00a0<\/td>\n<\/tr>\n<tr style=\"height: 91.50pt;\">\n<td class=\"et6\" style=\"height: 91.50pt; width: 135.75pt;\" width=\"181\" height=\"122\">Modo de opera\u00e7\u00e3o<\/td>\n<td class=\"et10\" style=\"width: 181.50pt;\" colspan=\"2\" width=\"242\">Chaves + interruptor de codifica\u00e7\u00e3o<\/td>\n<td class=\"et12\" style=\"width: 84.00pt;\" width=\"112\">\u00a0<\/td>\n<td class=\"et11\" style=\"width: 139.50pt;\" width=\"186\">Opera\u00e7\u00e3o de transporte r\u00e1pido, design patenteado<\/td>\n<\/tr>\n<tr style=\"height: 76.50pt;\">\n<td class=\"et6\" style=\"height: 182.25pt; width: 135.75pt;\" rowspan=\"2\" width=\"181\" height=\"243\">Modo de controle<\/td>\n<td class=\"et10\" style=\"width: 87.75pt;\" width=\"117\">Com sensor fotoel\u00e9trico infravermelho<\/td>\n<td class=\"et12\" style=\"width: 93.75pt;\" width=\"125\">\u00a0<\/td>\n<td class=\"et12\" style=\"width: 84.00pt;\" width=\"112\">\u00a0<\/td>\n<td class=\"et11\" style=\"width: 139.50pt;\" rowspan=\"2\" width=\"186\">Controle de desligamento de material cheio\/vazio<\/td>\n<\/tr>\n<tr style=\"height: 105.75pt;\">\n<td class=\"et10\" style=\"width: 87.75pt;\" width=\"117\">Sinal de baixo n\u00edvel (sensor de uso geral NPN ou PLC)<\/td>\n<td class=\"et12\" style=\"width: 93.75pt;\" width=\"125\">\u00a0<\/td>\n<td class=\"et12\" style=\"width: 84.00pt;\" width=\"112\">\u00a0<\/td>\n<\/tr>\n<tr style=\"height: 60.75pt;\">\n<td class=\"et6\" style=\"height: 60.75pt; width: 135.75pt;\" width=\"181\" height=\"81\">Temperatura de trabalho<\/td>\n<td class=\"et10\" style=\"width: 87.75pt;\" width=\"117\">-20<\/td>\n<td class=\"et10\" style=\"width: 93.75pt;\" width=\"125\">40<\/td>\n<td class=\"et10\" style=\"width: 84.00pt;\" width=\"112\">\u00b0C<\/td>\n<td class=\"et11\" style=\"width: 139.50pt;\" width=\"186\">Prote\u00e7\u00e3o contra superaquecimento: 58\u2103<\/td>\n<\/tr>\n<tr style=\"height: 48.00pt;\">\n<td class=\"et6\" style=\"height: 48.00pt; width: 135.75pt;\" width=\"181\" height=\"64\">Humidade relativa de trabalho<\/td>\n<td class=\"et10\" style=\"width: 87.75pt;\" width=\"117\">0<\/td>\n<td class=\"et10\" style=\"width: 93.75pt;\" width=\"125\">90<\/td>\n<td class=\"et10\" style=\"width: 84.00pt;\" width=\"112\">%<\/td>\n<td class=\"et11\" style=\"width: 139.50pt;\" width=\"186\">Sem condensa\u00e7\u00e3o<\/td>\n<\/tr>\n<tr style=\"height: 64.50pt;\">\n<td class=\"et6\" style=\"height: 64.50pt; width: 135.75pt;\" width=\"181\" height=\"86\">Medidas de prote\u00e7\u00e3o<\/td>\n<td class=\"et10\" style=\"width: 405.00pt;\" colspan=\"4\" width=\"540\">Prote\u00e7\u00e3o contra superaquecimento, sobrecorrente e curto-circuito de sa\u00edda<\/td>\n<\/tr>\n<tr style=\"height: 31.50pt;\">\n<td class=\"et14\" style=\"height: 31.50pt; width: 135.75pt;\" width=\"181\" height=\"42\">Aplicativo<\/td>\n<td class=\"et15\" style=\"width: 405.00pt;\" colspan=\"4\" width=\"540\">Eletromagn\u00e9tico<\/td>\n<\/tr>\n<\/tbody>\n<\/table>","protected":false},"excerpt":{"rendered":"<p>Controlador compacto L150mmW69mmH70mm90mm, instala\u00e7\u00e3o de 130mm*62mm. Economia de alto fator de pot\u00eancia, interface \u00f3ptica inteligente, opera\u00e7\u00e3o de velocidade patenteada, sa\u00edda de 24V 200mA, garantia de 3 anos.<\/p>","protected":false},"featured_media":1992,"comment_status":"open","ping_status":"closed","template":"","meta":[],"product_cat":[45],"product_tag":[],"yoast_head":"<!-- This site is optimized with the Yoast SEO plugin v22.2 - https:\/\/yoast.com\/wordpress\/plugins\/seo\/ -->\n<title>Variable Voltage Digital Controller for Vibratory Feeder SW-30 - SWOER<\/title>\n<meta name=\"robots\" content=\"index, follow, max-snippet:-1, max-image-preview:large, max-video-preview:-1\" \/>\n<link rel=\"canonical\" href=\"https:\/\/swoer.com\/pt_br\/manufacturer\/variable-voltage-digital-controller-for-vibratory-feeder-sw-30\/\" \/>\n<meta property=\"og:locale\" content=\"pt_BR\" \/>\n<meta property=\"og:type\" content=\"article\" \/>\n<meta property=\"og:title\" content=\"Variable Voltage Digital Controller for Vibratory Feeder SW-30 - SWOER\" \/>\n<meta property=\"og:description\" content=\"Compact controller L150mmW69mmH70mm90mm, 130mm*62mm installation. High power factor saving, smart optical interface, patented speed operation, 24V 200mA output, 3-year warranty.\" \/>\n<meta property=\"og:url\" content=\"https:\/\/swoer.com\/pt_br\/manufacturer\/variable-voltage-digital-controller-for-vibratory-feeder-sw-30\/\" \/>\n<meta property=\"og:site_name\" content=\"SWOER\" \/>\n<meta property=\"article:modified_time\" content=\"2024-04-17T08:24:59+00:00\" \/>\n<meta property=\"og:image\" content=\"https:\/\/swoer.com\/wp-content\/uploads\/2024\/04\/variable-voltage-digital-controller-for-vibratory-feeder-SW-30.webp\" \/>\n\t<meta property=\"og:image:width\" content=\"1000\" \/>\n\t<meta property=\"og:image:height\" content=\"1000\" \/>\n\t<meta property=\"og:image:type\" content=\"image\/webp\" \/>\n<meta name=\"twitter:card\" content=\"summary_large_image\" \/>\n<meta name=\"twitter:label1\" content=\"Est. tempo de leitura\" \/>\n\t<meta name=\"twitter:data1\" content=\"1 minuto\" \/>\n<script type=\"application\/ld+json\" class=\"yoast-schema-graph\">{\"@context\":\"https:\/\/schema.org\",\"@graph\":[{\"@type\":\"WebPage\",\"@id\":\"https:\/\/swoer.com\/manufacturer\/variable-voltage-digital-controller-for-vibratory-feeder-sw-30\/\",\"url\":\"https:\/\/swoer.com\/manufacturer\/variable-voltage-digital-controller-for-vibratory-feeder-sw-30\/\",\"name\":\"Variable Voltage Digital Controller for Vibratory Feeder SW-30 - SWOER\",\"isPartOf\":{\"@id\":\"https:\/\/swoer.com\/#website\"},\"primaryImageOfPage\":{\"@id\":\"https:\/\/swoer.com\/manufacturer\/variable-voltage-digital-controller-for-vibratory-feeder-sw-30\/#primaryimage\"},\"image\":{\"@id\":\"https:\/\/swoer.com\/manufacturer\/variable-voltage-digital-controller-for-vibratory-feeder-sw-30\/#primaryimage\"},\"thumbnailUrl\":\"https:\/\/swoer.com\/wp-content\/uploads\/2024\/04\/variable-voltage-digital-controller-for-vibratory-feeder-SW-30.webp\",\"datePublished\":\"2024-04-17T08:17:36+00:00\",\"dateModified\":\"2024-04-17T08:24:59+00:00\",\"breadcrumb\":{\"@id\":\"https:\/\/swoer.com\/manufacturer\/variable-voltage-digital-controller-for-vibratory-feeder-sw-30\/#breadcrumb\"},\"inLanguage\":\"pt-BR\",\"potentialAction\":[{\"@type\":\"ReadAction\",\"target\":[\"https:\/\/swoer.com\/manufacturer\/variable-voltage-digital-controller-for-vibratory-feeder-sw-30\/\"]}]},{\"@type\":\"ImageObject\",\"inLanguage\":\"pt-BR\",\"@id\":\"https:\/\/swoer.com\/manufacturer\/variable-voltage-digital-controller-for-vibratory-feeder-sw-30\/#primaryimage\",\"url\":\"https:\/\/swoer.com\/wp-content\/uploads\/2024\/04\/variable-voltage-digital-controller-for-vibratory-feeder-SW-30.webp\",\"contentUrl\":\"https:\/\/swoer.com\/wp-content\/uploads\/2024\/04\/variable-voltage-digital-controller-for-vibratory-feeder-SW-30.webp\",\"width\":1000,\"height\":1000,\"caption\":\"variable voltage digital controller for vibratory feeder SW-30\"},{\"@type\":\"BreadcrumbList\",\"@id\":\"https:\/\/swoer.com\/manufacturer\/variable-voltage-digital-controller-for-vibratory-feeder-sw-30\/#breadcrumb\",\"itemListElement\":[{\"@type\":\"ListItem\",\"position\":1,\"name\":\"Home\",\"item\":\"https:\/\/swoer.com\/\"},{\"@type\":\"ListItem\",\"position\":2,\"name\":\"Shop\",\"item\":\"https:\/\/swoer.com\/shop\/\"},{\"@type\":\"ListItem\",\"position\":3,\"name\":\"Variable Voltage Digital Controller for Vibratory Feeder SW-30\"}]},{\"@type\":\"WebSite\",\"@id\":\"https:\/\/swoer.com\/#website\",\"url\":\"https:\/\/swoer.com\/\",\"name\":\"SWOER\",\"description\":\"Swoer is the top 3 vibratory bowl feeder manufacturer in China\",\"potentialAction\":[{\"@type\":\"SearchAction\",\"target\":{\"@type\":\"EntryPoint\",\"urlTemplate\":\"https:\/\/swoer.com\/?s={search_term_string}\"},\"query-input\":\"required name=search_term_string\"}],\"inLanguage\":\"pt-BR\"}]}<\/script>\n<!-- \/ Yoast SEO plugin. -->","yoast_head_json":{"title":"Variable Voltage Digital Controller for Vibratory Feeder SW-30 - SWOER","robots":{"index":"index","follow":"follow","max-snippet":"max-snippet:-1","max-image-preview":"max-image-preview:large","max-video-preview":"max-video-preview:-1"},"canonical":"https:\/\/swoer.com\/pt_br\/manufacturer\/variable-voltage-digital-controller-for-vibratory-feeder-sw-30\/","og_locale":"pt_BR","og_type":"article","og_title":"Variable Voltage Digital Controller for Vibratory Feeder SW-30 - SWOER","og_description":"Compact controller L150mmW69mmH70mm90mm, 130mm*62mm installation. High power factor saving, smart optical interface, patented speed operation, 24V 200mA output, 3-year warranty.","og_url":"https:\/\/swoer.com\/pt_br\/manufacturer\/variable-voltage-digital-controller-for-vibratory-feeder-sw-30\/","og_site_name":"SWOER","article_modified_time":"2024-04-17T08:24:59+00:00","og_image":[{"width":1000,"height":1000,"url":"https:\/\/swoer.com\/wp-content\/uploads\/2024\/04\/variable-voltage-digital-controller-for-vibratory-feeder-SW-30.webp","type":"image\/webp"}],"twitter_card":"summary_large_image","twitter_misc":{"Est. tempo de leitura":"1 minuto"},"schema":{"@context":"https:\/\/schema.org","@graph":[{"@type":"WebPage","@id":"https:\/\/swoer.com\/manufacturer\/variable-voltage-digital-controller-for-vibratory-feeder-sw-30\/","url":"https:\/\/swoer.com\/manufacturer\/variable-voltage-digital-controller-for-vibratory-feeder-sw-30\/","name":"Variable Voltage Digital Controller for Vibratory Feeder SW-30 - SWOER","isPartOf":{"@id":"https:\/\/swoer.com\/#website"},"primaryImageOfPage":{"@id":"https:\/\/swoer.com\/manufacturer\/variable-voltage-digital-controller-for-vibratory-feeder-sw-30\/#primaryimage"},"image":{"@id":"https:\/\/swoer.com\/manufacturer\/variable-voltage-digital-controller-for-vibratory-feeder-sw-30\/#primaryimage"},"thumbnailUrl":"https:\/\/swoer.com\/wp-content\/uploads\/2024\/04\/variable-voltage-digital-controller-for-vibratory-feeder-SW-30.webp","datePublished":"2024-04-17T08:17:36+00:00","dateModified":"2024-04-17T08:24:59+00:00","breadcrumb":{"@id":"https:\/\/swoer.com\/manufacturer\/variable-voltage-digital-controller-for-vibratory-feeder-sw-30\/#breadcrumb"},"inLanguage":"pt-BR","potentialAction":[{"@type":"ReadAction","target":["https:\/\/swoer.com\/manufacturer\/variable-voltage-digital-controller-for-vibratory-feeder-sw-30\/"]}]},{"@type":"ImageObject","inLanguage":"pt-BR","@id":"https:\/\/swoer.com\/manufacturer\/variable-voltage-digital-controller-for-vibratory-feeder-sw-30\/#primaryimage","url":"https:\/\/swoer.com\/wp-content\/uploads\/2024\/04\/variable-voltage-digital-controller-for-vibratory-feeder-SW-30.webp","contentUrl":"https:\/\/swoer.com\/wp-content\/uploads\/2024\/04\/variable-voltage-digital-controller-for-vibratory-feeder-SW-30.webp","width":1000,"height":1000,"caption":"variable voltage digital controller for vibratory feeder SW-30"},{"@type":"BreadcrumbList","@id":"https:\/\/swoer.com\/manufacturer\/variable-voltage-digital-controller-for-vibratory-feeder-sw-30\/#breadcrumb","itemListElement":[{"@type":"ListItem","position":1,"name":"Home","item":"https:\/\/swoer.com\/"},{"@type":"ListItem","position":2,"name":"Shop","item":"https:\/\/swoer.com\/shop\/"},{"@type":"ListItem","position":3,"name":"Variable Voltage Digital Controller for Vibratory Feeder SW-30"}]},{"@type":"WebSite","@id":"https:\/\/swoer.com\/#website","url":"https:\/\/swoer.com\/","name":"SWOER","description":"Swoer is the top 3 vibratory bowl feeder manufacturer in China","potentialAction":[{"@type":"SearchAction","target":{"@type":"EntryPoint","urlTemplate":"https:\/\/swoer.com\/?s={search_term_string}"},"query-input":"required name=search_term_string"}],"inLanguage":"pt-BR"}]}},"_links":{"self":[{"href":"https:\/\/swoer.com\/pt_br\/wp-json\/wp\/v2\/product\/1991"}],"collection":[{"href":"https:\/\/swoer.com\/pt_br\/wp-json\/wp\/v2\/product"}],"about":[{"href":"https:\/\/swoer.com\/pt_br\/wp-json\/wp\/v2\/types\/product"}],"replies":[{"embeddable":true,"href":"https:\/\/swoer.com\/pt_br\/wp-json\/wp\/v2\/comments?post=1991"}],"wp:featuredmedia":[{"embeddable":true,"href":"https:\/\/swoer.com\/pt_br\/wp-json\/wp\/v2\/media\/1992"}],"wp:attachment":[{"href":"https:\/\/swoer.com\/pt_br\/wp-json\/wp\/v2\/media?parent=1991"}],"wp:term":[{"taxonomy":"product_cat","embeddable":true,"href":"https:\/\/swoer.com\/pt_br\/wp-json\/wp\/v2\/product_cat?post=1991"},{"taxonomy":"product_tag","embeddable":true,"href":"https:\/\/swoer.com\/pt_br\/wp-json\/wp\/v2\/product_tag?post=1991"}],"curies":[{"name":"wp","href":"https:\/\/api.w.org\/{rel}","templated":true}]}}