{"id":1979,"date":"2024-04-13T07:33:22","date_gmt":"2024-04-13T07:33:22","guid":{"rendered":"https:\/\/swoer.com\/?post_type=product&#038;p=1979"},"modified":"2024-04-13T09:01:56","modified_gmt":"2024-04-13T09:01:56","slug":"vibratory-bowl-feeder-controller-sdvc31-xlr","status":"publish","type":"product","link":"https:\/\/swoer.com\/pt_br\/manufacturer\/vibratory-bowl-feeder-controller-sdvc31-xlr\/","title":{"rendered":"Controlador de alimentador de tigela vibrat\u00f3ria SDVC31-XLR"},"content":{"rendered":"<h2><strong><b>Caracter\u00edsticas:<\/b><\/strong><\/h2>\n<p><strong><b>Certificado CE<\/b><\/strong><strong><b>, <\/b><\/strong><strong><b>Em conformidade com RoHS.<\/b><\/strong><\/p>\n<p><strong><b>Ajuste de frequ\u00eancia:\u00a0<\/b><\/strong>A frequ\u00eancia de sa\u00edda do controlador pode ser ajustada manualmente para a frequ\u00eancia de resson\u00e2ncia do alimentador vibrat\u00f3rio para obter um efeito de alimenta\u00e7\u00e3o suave, silencioso e com economia de energia.<\/p>\n<p><strong><b>Regula\u00e7\u00e3o autom\u00e1tica de tens\u00e3o de alta precis\u00e3o:<\/b><\/strong>\u00a0O circuito interno de regula\u00e7\u00e3o de tens\u00e3o digital pode eliminar a varia\u00e7\u00e3o da velocidade de alimenta\u00e7\u00e3o causada pela flutua\u00e7\u00e3o da tens\u00e3o da rede el\u00e9trica.<\/p>\n<p><strong><b>Partida suave ajust\u00e1vel por tempo:<\/b><\/strong>\u00a0O controlador aumentar\u00e1 suavemente a tens\u00e3o de sa\u00edda de 0 para o valor predefinido quando ligado para evitar trepida\u00e7\u00e3o repentina. O tempo de partida suave pode ser predefinido digitalmente.<\/p>\n<p><strong><b>Controle do sensor de interruptor ON\/OFF:\u00a0<\/b><\/strong>1 sensor de interruptor NPN ou PLC pode ser conectado para ligar\/desligar o controlador.<\/p>\n<p><strong><b>Controle ON\/OFF do sensor fotoel\u00e9trico:<\/b><\/strong>\u00a0O sensor fotoel\u00e9trico inteligente CUH pode ser conectado para ligar\/desligar o controlador.<\/p>\n<p><strong><b>Controle remoto de velocidade:<\/b><\/strong>\u00a0A tens\u00e3o de sa\u00edda do controlador pode ser ajustada remotamente por um potenci\u00f4metro externo, um CLP ou um sinal de 1-5 V CC.<\/p>\n<p><strong><b>Sa\u00edda de controle DC:<\/b><\/strong>\u00a0O controlador pode gerar energia CC de baixa tens\u00e3o associada ao controle ON\/OFF do controlador para acionar um solenoide ou outros dispositivos externos.<\/p>\n<p><strong><b>Bloqueio do teclado:<\/b><\/strong>\u00a0Bloqueie todos os bot\u00f5es do teclado para evitar opera\u00e7\u00e3o incorreta pressionando o bot\u00e3o ON\/OFF e segurando por 2 segundos.<\/p>\n<p><strong><b>Prote\u00e7\u00e3o contra superaquecimento:\u00a0<\/b><\/strong>Se a temperatura interna do controlador ficar muito alta, o controlador interromper\u00e1 sua sa\u00edda para se proteger.<\/p>\n<p><strong><b>Prote\u00e7\u00e3o contra sobrecorrente:<\/b><\/strong>\u00a0Se a corrente de sa\u00edda exceder seu valor nominal, o controlador interromper\u00e1 sua sa\u00edda para proteger a si mesmo e \u00e0 carga.<\/p>\n<p><strong><b>Prote\u00e7\u00e3o contra curto-circuito restaur\u00e1vel:<\/b><\/strong>\u00a0Se a sa\u00edda do controlador estiver em curto-circuito, o controlador desligar\u00e1 sua sa\u00edda para proteger a si mesmo e \u00e0 carga. Mas o fus\u00edvel interno n\u00e3o ser\u00e1 queimado. Ent\u00e3o, quando n\u00e3o houver curto-circuito no lado da sa\u00edda, o controlador funcionar\u00e1 novamente ap\u00f3s ligar.<\/p>\n<p><strong><b>Tens\u00e3o de sa\u00edda ajust\u00e1vel m\u00e1xima:<\/b><\/strong>\u00a0A tens\u00e3o de sa\u00edda m\u00e1xima ajust\u00e1vel pode ser predefinida para proteger a carga de danos causados por tens\u00e3o muito alta.<\/p>\n<h2><strong><b>Acess\u00f3rios padr\u00e3o:<\/b><\/strong><\/h2>\n<p>Cabo de alimenta\u00e7\u00e3o de entrada (1,5 m) *1<\/p>\n<p>Cabo de alimenta\u00e7\u00e3o de sa\u00edda (1,5 m) *1<\/p>\n<p>Observa\u00e7\u00e3o: O cabo de alimenta\u00e7\u00e3o de entrada pode ser personalizado para se adaptar \u00e0 tomada do seu pa\u00eds.<\/p>\n<h2><strong><b>Acess\u00f3rios opcionais:<\/b><\/strong><\/h2>\n<p>Sensor fotoel\u00e9trico inteligente (1,5 m)<\/p>\n<h2 class=\"p\"><strong><span class=\"15\">Dimens\u00f5es e peso:<\/span><\/strong><\/h2>\n<p class=\"p\">Dimens\u00f5es: 190*53,6*94,5 (C*L*A, mm)<\/p>\n<p class=\"p\">Peso: SDVC31-S:610g (sem acess\u00f3rios)<\/p>\n<h2><strong><b>Especifica\u00e7\u00e3o t\u00e9cnica<\/b><\/strong><\/h2>\n<table width=\"710\">\n<tbody>\n<tr>\n<td rowspan=\"2\" width=\"242\">Item<\/td>\n<td colspan=\"3\" width=\"216\">Faixa<\/td>\n<td rowspan=\"2\" width=\"72\">Unidade<\/td>\n<td rowspan=\"2\" width=\"180\">Descri\u00e7\u00e3o<\/td>\n<\/tr>\n<tr>\n<td width=\"72\">M\u00ednimo<\/td>\n<td width=\"72\">T\u00edpico<\/td>\n<td width=\"72\">M\u00e1x.<\/td>\n<\/tr>\n<tr>\n<td width=\"242\">Tens\u00e3o de entrada<\/td>\n<td width=\"72\">85<\/td>\n<td width=\"72\">220<\/td>\n<td width=\"72\">260<\/td>\n<td width=\"72\">V<\/td>\n<td width=\"180\">RMS AV<\/td>\n<\/tr>\n<tr>\n<td width=\"242\">Faixa de tens\u00e3o de sa\u00edda ajust\u00e1vel<\/td>\n<td width=\"72\">0<\/td>\n<td width=\"72\">&#8212;<\/td>\n<td width=\"72\">260<\/td>\n<td width=\"72\">V<\/td>\n<td width=\"180\">Tens\u00e3o de entrada inferior a 150%<\/td>\n<\/tr>\n<tr>\n<td width=\"242\">Precis\u00e3o de ajuste de tens\u00e3o<\/td>\n<td colspan=\"3\" width=\"216\">1<\/td>\n<td width=\"72\">V<\/td>\n<td width=\"180\"><\/td>\n<\/tr>\n<tr>\n<td width=\"242\">Precis\u00e3o da regula\u00e7\u00e3o de tens\u00e3o<\/td>\n<td width=\"72\">0<\/td>\n<td width=\"72\">&#8212;<\/td>\n<td width=\"72\">10<\/td>\n<td width=\"72\">%<\/td>\n<td width=\"180\">\u25b3Vou sair\/\u25b3Vin<\/td>\n<\/tr>\n<tr>\n<td width=\"242\">Tempo de resposta da regula\u00e7\u00e3o de tens\u00e3o<\/td>\n<td width=\"72\">0.0025<\/td>\n<td width=\"72\">&#8212;<\/td>\n<td width=\"72\">0.025<\/td>\n<td width=\"72\">e<\/td>\n<td width=\"180\">o per\u00edodo de tens\u00e3o de sa\u00edda<\/td>\n<\/tr>\n<tr>\n<td rowspan=\"2\" width=\"242\">Faixa de corrente de sa\u00edda ajust\u00e1vel<\/td>\n<td width=\"72\">0<\/td>\n<td width=\"72\">&#8212;<\/td>\n<td width=\"72\">1.5<\/td>\n<td width=\"72\">UM<\/td>\n<td width=\"180\">Baixo consumo de energia<\/td>\n<\/tr>\n<tr>\n<td width=\"72\">0<\/td>\n<td width=\"72\">&#8212;<\/td>\n<td width=\"72\">3<\/td>\n<td width=\"72\">UM<\/td>\n<td width=\"180\">Pot\u00eancia m\u00e9dia<\/td>\n<\/tr>\n<tr>\n<td rowspan=\"2\" width=\"242\">Pot\u00eancia de sa\u00edda<\/td>\n<td width=\"72\">0<\/td>\n<td width=\"72\">&#8212;<\/td>\n<td width=\"72\">330<\/td>\n<td width=\"72\">VA<\/td>\n<td width=\"180\">Baixo consumo de energia<\/td>\n<\/tr>\n<tr>\n<td width=\"72\">0<\/td>\n<td width=\"72\">&#8212;<\/td>\n<td width=\"72\">660<\/td>\n<td width=\"72\">VA<\/td>\n<td width=\"180\">Pot\u00eancia m\u00e9dia<\/td>\n<\/tr>\n<tr>\n<td width=\"242\">Frequ\u00eancia de sa\u00edda<\/td>\n<td width=\"72\">40<\/td>\n<td width=\"72\">&#8212;<\/td>\n<td width=\"72\">400<\/td>\n<td width=\"72\">Hz<\/td>\n<td width=\"180\"><\/td>\n<\/tr>\n<tr>\n<td width=\"242\">Precis\u00e3o de ajuste de frequ\u00eancia<\/td>\n<td colspan=\"3\" width=\"216\">0.1<\/td>\n<td width=\"72\">Hz<\/td>\n<td width=\"180\"><\/td>\n<\/tr>\n<tr>\n<td width=\"242\">Sa\u00eddaWaveform<\/td>\n<td colspan=\"3\" width=\"216\">seno<\/td>\n<td width=\"72\"><\/td>\n<td width=\"180\"><\/td>\n<\/tr>\n<tr>\n<td width=\"242\">Tempo de in\u00edcio suave<\/td>\n<td width=\"72\">0<\/td>\n<td width=\"72\">&#8212;<\/td>\n<td width=\"72\">10<\/td>\n<td width=\"72\">e<\/td>\n<td width=\"180\">Valor padr\u00e3o de f\u00e1brica: 0,5<\/td>\n<\/tr>\n<tr>\n<td width=\"242\">Intervalo de tempo de atraso liga\/desliga<\/td>\n<td width=\"72\">0<\/td>\n<td width=\"72\">&#8212;<\/td>\n<td width=\"72\">20<\/td>\n<td width=\"72\">e<\/td>\n<td width=\"180\">Valor padr\u00e3o de f\u00e1brica: 0,2<\/td>\n<\/tr>\n<tr>\n<td width=\"242\">Precis\u00e3o do tempo de atraso de ativa\u00e7\u00e3o\/desativa\u00e7\u00e3o<\/td>\n<td colspan=\"3\" width=\"216\">0.1<\/td>\n<td width=\"72\">e<\/td>\n<td width=\"180\"><\/td>\n<\/tr>\n<tr>\n<td width=\"242\">Temperatura de disparo da prote\u00e7\u00e3o contra superaquecimento<\/td>\n<td width=\"72\">58<\/td>\n<td width=\"72\">60<\/td>\n<td width=\"72\">66<\/td>\n<td width=\"72\">\u00b0C<\/td>\n<td width=\"180\"><\/td>\n<\/tr>\n<tr>\n<td width=\"242\">Corrente de sa\u00edda de controle DC<\/td>\n<td width=\"72\">0<\/td>\n<td width=\"72\">&#8212;<\/td>\n<td width=\"72\">200<\/td>\n<td width=\"72\">mA<\/td>\n<td width=\"180\"><\/td>\n<\/tr>\n<tr>\n<td width=\"242\">Sinal de controle anal\u00f3gico<\/td>\n<td colspan=\"3\" width=\"216\">1-5<\/td>\n<td width=\"72\">V<\/td>\n<td width=\"180\">Tens\u00e3o de controle Renctespeed<\/td>\n<\/tr>\n<tr>\n<td width=\"242\">Sinal de controle digital<\/td>\n<td colspan=\"3\" width=\"216\">24<\/td>\n<td width=\"72\">V<\/td>\n<td width=\"180\">Sinal de comuta\u00e7\u00e3o<\/td>\n<\/tr>\n<tr>\n<td width=\"242\">M\u00e9todo de ajuste<\/td>\n<td colspan=\"3\" width=\"216\">6<\/td>\n<td width=\"72\">Bot\u00e3o<\/td>\n<td width=\"180\"><\/td>\n<\/tr>\n<tr>\n<td width=\"242\">Consumo de energia em espera<\/td>\n<td width=\"72\">&#8212;<\/td>\n<td width=\"72\">3<\/td>\n<td width=\"72\"><\/td>\n<td width=\"72\">C<\/td>\n<td width=\"180\"><\/td>\n<\/tr>\n<tr>\n<td width=\"242\">M\u00e9todo de exibi\u00e7\u00e3o<\/td>\n<td colspan=\"3\" width=\"216\">5<\/td>\n<td width=\"72\">D\u00edgito<\/td>\n<td width=\"180\">Tubos digitais LED<\/td>\n<\/tr>\n<tr>\n<td width=\"242\">Temperatura ambiente<\/td>\n<td width=\"72\">0<\/td>\n<td width=\"72\">25<\/td>\n<td width=\"72\">40<\/td>\n<td width=\"72\">\u00b0C<\/td>\n<td rowspan=\"2\" width=\"180\">Sem Condensa\u00e7\u00e3o<\/td>\n<\/tr>\n<tr>\n<td width=\"242\">Umidade ambiente<\/td>\n<td width=\"72\">10<\/td>\n<td width=\"72\">60<\/td>\n<td width=\"72\">85<\/td>\n<td width=\"72\">%<\/td>\n<\/tr>\n<\/tbody>\n<\/table>","protected":false},"excerpt":{"rendered":"<p>Controlador do alimentador vibrat\u00f3rio SDVC31-XLR: certificado pela CE, oferece ajuste manual de frequ\u00eancia para alimenta\u00e7\u00e3o suave e regulagem autom\u00e1tica de tens\u00e3o para estabilidade.<\/p>\n<p>Possui partida suave, controles de sensor e prote\u00e7\u00f5es de seguran\u00e7a. Inclui cabos padr\u00e3o.<\/p>\n<p>Dimens\u00f5es: 190<em>53.6<\/em>94,5 mm; Peso: 610 g (sem acess\u00f3rios).<\/p>","protected":false},"featured_media":1980,"comment_status":"open","ping_status":"closed","template":"","meta":[],"product_cat":[45],"product_tag":[],"yoast_head":"<!-- This site is optimized with the Yoast SEO plugin v22.2 - https:\/\/yoast.com\/wordpress\/plugins\/seo\/ -->\n<title>Vibratory Bowl Feeder Controller SDVC31-XLR - SWOER<\/title>\n<meta name=\"robots\" content=\"index, follow, max-snippet:-1, max-image-preview:large, max-video-preview:-1\" \/>\n<link rel=\"canonical\" href=\"https:\/\/swoer.com\/pt_br\/manufacturer\/vibratory-bowl-feeder-controller-sdvc31-xlr\/\" \/>\n<meta property=\"og:locale\" content=\"pt_BR\" \/>\n<meta property=\"og:type\" content=\"article\" \/>\n<meta property=\"og:title\" content=\"Vibratory Bowl Feeder Controller SDVC31-XLR - SWOER\" \/>\n<meta property=\"og:description\" content=\"The vibratory bowl feeder controller SDVC31-XLR: CE-certified, it offers manual frequency adjustment for smooth feeding and automatic voltage regulation for stability.  Features soft start, sensor controls, and safety protections. Includes standard cables.  Dimensions: 19053.694.5mm; Weight: 610g (without accessories).\" \/>\n<meta property=\"og:url\" content=\"https:\/\/swoer.com\/pt_br\/manufacturer\/vibratory-bowl-feeder-controller-sdvc31-xlr\/\" \/>\n<meta property=\"og:site_name\" content=\"SWOER\" \/>\n<meta property=\"article:modified_time\" content=\"2024-04-13T09:01:56+00:00\" \/>\n<meta property=\"og:image\" content=\"https:\/\/swoer.com\/wp-content\/uploads\/2024\/04\/vibratory-bowl-feeder-controller-SDVC31-XLR.webp\" \/>\n\t<meta property=\"og:image:width\" content=\"1000\" \/>\n\t<meta property=\"og:image:height\" content=\"1000\" \/>\n\t<meta property=\"og:image:type\" content=\"image\/webp\" \/>\n<meta name=\"twitter:card\" content=\"summary_large_image\" \/>\n<meta name=\"twitter:label1\" content=\"Est. tempo de leitura\" \/>\n\t<meta name=\"twitter:data1\" content=\"3 minutos\" \/>\n<script type=\"application\/ld+json\" class=\"yoast-schema-graph\">{\"@context\":\"https:\/\/schema.org\",\"@graph\":[{\"@type\":\"WebPage\",\"@id\":\"https:\/\/swoer.com\/manufacturer\/vibratory-bowl-feeder-controller-sdvc31-xlr\/\",\"url\":\"https:\/\/swoer.com\/manufacturer\/vibratory-bowl-feeder-controller-sdvc31-xlr\/\",\"name\":\"Vibratory Bowl Feeder Controller SDVC31-XLR - SWOER\",\"isPartOf\":{\"@id\":\"https:\/\/swoer.com\/#website\"},\"primaryImageOfPage\":{\"@id\":\"https:\/\/swoer.com\/manufacturer\/vibratory-bowl-feeder-controller-sdvc31-xlr\/#primaryimage\"},\"image\":{\"@id\":\"https:\/\/swoer.com\/manufacturer\/vibratory-bowl-feeder-controller-sdvc31-xlr\/#primaryimage\"},\"thumbnailUrl\":\"https:\/\/swoer.com\/wp-content\/uploads\/2024\/04\/vibratory-bowl-feeder-controller-SDVC31-XLR.webp\",\"datePublished\":\"2024-04-13T07:33:22+00:00\",\"dateModified\":\"2024-04-13T09:01:56+00:00\",\"breadcrumb\":{\"@id\":\"https:\/\/swoer.com\/manufacturer\/vibratory-bowl-feeder-controller-sdvc31-xlr\/#breadcrumb\"},\"inLanguage\":\"pt-BR\",\"potentialAction\":[{\"@type\":\"ReadAction\",\"target\":[\"https:\/\/swoer.com\/manufacturer\/vibratory-bowl-feeder-controller-sdvc31-xlr\/\"]}]},{\"@type\":\"ImageObject\",\"inLanguage\":\"pt-BR\",\"@id\":\"https:\/\/swoer.com\/manufacturer\/vibratory-bowl-feeder-controller-sdvc31-xlr\/#primaryimage\",\"url\":\"https:\/\/swoer.com\/wp-content\/uploads\/2024\/04\/vibratory-bowl-feeder-controller-SDVC31-XLR.webp\",\"contentUrl\":\"https:\/\/swoer.com\/wp-content\/uploads\/2024\/04\/vibratory-bowl-feeder-controller-SDVC31-XLR.webp\",\"width\":1000,\"height\":1000,\"caption\":\"vibratory bowl feeder controller SDVC31-XLR\"},{\"@type\":\"BreadcrumbList\",\"@id\":\"https:\/\/swoer.com\/manufacturer\/vibratory-bowl-feeder-controller-sdvc31-xlr\/#breadcrumb\",\"itemListElement\":[{\"@type\":\"ListItem\",\"position\":1,\"name\":\"Home\",\"item\":\"https:\/\/swoer.com\/\"},{\"@type\":\"ListItem\",\"position\":2,\"name\":\"Shop\",\"item\":\"https:\/\/swoer.com\/shop\/\"},{\"@type\":\"ListItem\",\"position\":3,\"name\":\"Vibratory Bowl Feeder Controller SDVC31-XLR\"}]},{\"@type\":\"WebSite\",\"@id\":\"https:\/\/swoer.com\/#website\",\"url\":\"https:\/\/swoer.com\/\",\"name\":\"SWOER\",\"description\":\"Swoer is the top 3 vibratory bowl feeder manufacturer in China\",\"potentialAction\":[{\"@type\":\"SearchAction\",\"target\":{\"@type\":\"EntryPoint\",\"urlTemplate\":\"https:\/\/swoer.com\/?s={search_term_string}\"},\"query-input\":\"required name=search_term_string\"}],\"inLanguage\":\"pt-BR\"}]}<\/script>\n<!-- \/ Yoast SEO plugin. -->","yoast_head_json":{"title":"Vibratory Bowl Feeder Controller SDVC31-XLR - SWOER","robots":{"index":"index","follow":"follow","max-snippet":"max-snippet:-1","max-image-preview":"max-image-preview:large","max-video-preview":"max-video-preview:-1"},"canonical":"https:\/\/swoer.com\/pt_br\/manufacturer\/vibratory-bowl-feeder-controller-sdvc31-xlr\/","og_locale":"pt_BR","og_type":"article","og_title":"Vibratory Bowl Feeder Controller SDVC31-XLR - SWOER","og_description":"The vibratory bowl feeder controller SDVC31-XLR: CE-certified, it offers manual frequency adjustment for smooth feeding and automatic voltage regulation for stability.  Features soft start, sensor controls, and safety protections. Includes standard cables.  Dimensions: 19053.694.5mm; Weight: 610g (without accessories).","og_url":"https:\/\/swoer.com\/pt_br\/manufacturer\/vibratory-bowl-feeder-controller-sdvc31-xlr\/","og_site_name":"SWOER","article_modified_time":"2024-04-13T09:01:56+00:00","og_image":[{"width":1000,"height":1000,"url":"https:\/\/swoer.com\/wp-content\/uploads\/2024\/04\/vibratory-bowl-feeder-controller-SDVC31-XLR.webp","type":"image\/webp"}],"twitter_card":"summary_large_image","twitter_misc":{"Est. tempo de leitura":"3 minutos"},"schema":{"@context":"https:\/\/schema.org","@graph":[{"@type":"WebPage","@id":"https:\/\/swoer.com\/manufacturer\/vibratory-bowl-feeder-controller-sdvc31-xlr\/","url":"https:\/\/swoer.com\/manufacturer\/vibratory-bowl-feeder-controller-sdvc31-xlr\/","name":"Vibratory Bowl Feeder Controller SDVC31-XLR - SWOER","isPartOf":{"@id":"https:\/\/swoer.com\/#website"},"primaryImageOfPage":{"@id":"https:\/\/swoer.com\/manufacturer\/vibratory-bowl-feeder-controller-sdvc31-xlr\/#primaryimage"},"image":{"@id":"https:\/\/swoer.com\/manufacturer\/vibratory-bowl-feeder-controller-sdvc31-xlr\/#primaryimage"},"thumbnailUrl":"https:\/\/swoer.com\/wp-content\/uploads\/2024\/04\/vibratory-bowl-feeder-controller-SDVC31-XLR.webp","datePublished":"2024-04-13T07:33:22+00:00","dateModified":"2024-04-13T09:01:56+00:00","breadcrumb":{"@id":"https:\/\/swoer.com\/manufacturer\/vibratory-bowl-feeder-controller-sdvc31-xlr\/#breadcrumb"},"inLanguage":"pt-BR","potentialAction":[{"@type":"ReadAction","target":["https:\/\/swoer.com\/manufacturer\/vibratory-bowl-feeder-controller-sdvc31-xlr\/"]}]},{"@type":"ImageObject","inLanguage":"pt-BR","@id":"https:\/\/swoer.com\/manufacturer\/vibratory-bowl-feeder-controller-sdvc31-xlr\/#primaryimage","url":"https:\/\/swoer.com\/wp-content\/uploads\/2024\/04\/vibratory-bowl-feeder-controller-SDVC31-XLR.webp","contentUrl":"https:\/\/swoer.com\/wp-content\/uploads\/2024\/04\/vibratory-bowl-feeder-controller-SDVC31-XLR.webp","width":1000,"height":1000,"caption":"vibratory bowl feeder controller SDVC31-XLR"},{"@type":"BreadcrumbList","@id":"https:\/\/swoer.com\/manufacturer\/vibratory-bowl-feeder-controller-sdvc31-xlr\/#breadcrumb","itemListElement":[{"@type":"ListItem","position":1,"name":"Home","item":"https:\/\/swoer.com\/"},{"@type":"ListItem","position":2,"name":"Shop","item":"https:\/\/swoer.com\/shop\/"},{"@type":"ListItem","position":3,"name":"Vibratory Bowl Feeder Controller SDVC31-XLR"}]},{"@type":"WebSite","@id":"https:\/\/swoer.com\/#website","url":"https:\/\/swoer.com\/","name":"SWOER","description":"Swoer is the top 3 vibratory bowl feeder manufacturer in China","potentialAction":[{"@type":"SearchAction","target":{"@type":"EntryPoint","urlTemplate":"https:\/\/swoer.com\/?s={search_term_string}"},"query-input":"required name=search_term_string"}],"inLanguage":"pt-BR"}]}},"_links":{"self":[{"href":"https:\/\/swoer.com\/pt_br\/wp-json\/wp\/v2\/product\/1979"}],"collection":[{"href":"https:\/\/swoer.com\/pt_br\/wp-json\/wp\/v2\/product"}],"about":[{"href":"https:\/\/swoer.com\/pt_br\/wp-json\/wp\/v2\/types\/product"}],"replies":[{"embeddable":true,"href":"https:\/\/swoer.com\/pt_br\/wp-json\/wp\/v2\/comments?post=1979"}],"wp:featuredmedia":[{"embeddable":true,"href":"https:\/\/swoer.com\/pt_br\/wp-json\/wp\/v2\/media\/1980"}],"wp:attachment":[{"href":"https:\/\/swoer.com\/pt_br\/wp-json\/wp\/v2\/media?parent=1979"}],"wp:term":[{"taxonomy":"product_cat","embeddable":true,"href":"https:\/\/swoer.com\/pt_br\/wp-json\/wp\/v2\/product_cat?post=1979"},{"taxonomy":"product_tag","embeddable":true,"href":"https:\/\/swoer.com\/pt_br\/wp-json\/wp\/v2\/product_tag?post=1979"}],"curies":[{"name":"wp","href":"https:\/\/api.w.org\/{rel}","templated":true}]}}