{"id":1811,"date":"2024-04-02T02:11:28","date_gmt":"2024-04-02T02:11:28","guid":{"rendered":"https:\/\/lightgrey-porpoise-816575.hostingersite.com\/?post_type=product&#038;p=1811"},"modified":"2024-04-02T02:24:04","modified_gmt":"2024-04-02T02:24:04","slug":"bucket-hopper-elevator-fully-automatic-lifting-hopper-feeder","status":"publish","type":"product","link":"https:\/\/swoer.com\/pt_br\/manufacturer\/bucket-hopper-elevator-fully-automatic-lifting-hopper-feeder\/","title":{"rendered":"Elevador de tremonha de ca\u00e7amba Alimentador de tremonha de eleva\u00e7\u00e3o totalmente autom\u00e1tico"},"content":{"rendered":"<h2>Descri\u00e7\u00e3o:<\/h2>\n<table style=\"border-collapse: collapse; width: 585.77pt;\" border=\"0\" width=\"781\" cellspacing=\"0\" cellpadding=\"0\">\n<tbody>\n<tr style=\"height: 32.00pt;\">\n<td class=\"et3\" style=\"height: 32.00pt; width: 145.50pt;\" width=\"194\" height=\"42\">Nome do produto<\/td>\n<td class=\"et4\" style=\"width: 440.25pt;\" width=\"587\">Elevador de tremonha de ca\u00e7amba Alimentador de tremonha de eleva\u00e7\u00e3o totalmente autom\u00e1tico<\/td>\n<\/tr>\n<tr style=\"height: 32.00pt;\">\n<td class=\"et3\" style=\"height: 32.00pt;\" height=\"42\">Nome da marca<\/td>\n<td class=\"et4\">SUOR<\/td>\n<\/tr>\n<tr style=\"height: 32.00pt;\">\n<td class=\"et3\" style=\"height: 32.00pt;\" height=\"42\">Dimens\u00e3o (C*L*A)<\/td>\n<td class=\"et4\">Personalizado<\/td>\n<\/tr>\n<tr style=\"height: 32.00pt;\">\n<td class=\"et3\" style=\"height: 32.00pt;\" height=\"42\">Peso<\/td>\n<td class=\"et4\">Personalizado<\/td>\n<\/tr>\n<tr style=\"height: 32.00pt;\">\n<td class=\"et3\" style=\"height: 32.00pt;\" height=\"42\">Cor<\/td>\n<td class=\"et4\">Requisitos do cliente<\/td>\n<\/tr>\n<tr style=\"height: 32.00pt;\">\n<td class=\"et3\" style=\"height: 32.00pt;\" height=\"42\">Capacidade (t\/h)<\/td>\n<td class=\"et4\">0,1-6t\/h<\/td>\n<\/tr>\n<tr style=\"height: 32.00pt;\">\n<td class=\"et3\" style=\"height: 32.00pt;\" height=\"42\">Tens\u00e3o<\/td>\n<td class=\"et4\">85-260 V<\/td>\n<\/tr>\n<tr style=\"height: 32.00pt;\">\n<td class=\"et3\" style=\"height: 32.00pt;\" height=\"42\">Freq\u00fc\u00eancia<\/td>\n<td class=\"et4\">40-400Hz<\/td>\n<\/tr>\n<tr style=\"height: 32.00pt;\">\n<td class=\"et3\" style=\"height: 32.00pt;\" height=\"42\">Garantia<\/td>\n<td class=\"et4\">1 ano<\/td>\n<\/tr>\n<tr style=\"height: 32.00pt;\">\n<td class=\"et3\" style=\"height: 32.00pt;\" height=\"42\">Quantidade m\u00ednima<\/td>\n<td class=\"et4\">1 conjunto<\/td>\n<\/tr>\n<tr style=\"height: 32.00pt;\">\n<td class=\"et3\" style=\"height: 32.00pt;\" height=\"42\">Tempo de espera<\/td>\n<td class=\"et4\">7 a 10 dias<\/td>\n<\/tr>\n<tr style=\"height: 32.00pt;\">\n<td class=\"et3\" style=\"height: 32.00pt;\" height=\"42\">7 a 10 dias<\/td>\n<td class=\"et4\">Caixa de madeira compensada<\/td>\n<\/tr>\n<tr style=\"height: 32.00pt;\">\n<td class=\"et3\" style=\"height: 32.00pt;\" height=\"42\">Prazo de pagamento<\/td>\n<td class=\"et4\">T\/T 40% Dep\u00f3sito e saldo antes do envio<\/td>\n<\/tr>\n<tr style=\"height: 32.00pt;\">\n<td class=\"et3\" style=\"height: 32.00pt;\" height=\"42\">Lugar de origem<\/td>\n<td class=\"et4\">Guangdong, China<\/td>\n<\/tr>\n<\/tbody>\n<\/table>\n\t<div id=\"gap-571078191\" class=\"gap-element clearfix\" style=\"display:block; height:auto;\">\n\t\t\n<style>\n#gap-571078191 {\n  padding-top: 30px;\n}\n<\/style>\n\t<\/div>\n\t\n<h2>PERGUNTAS FREQUENTES:<\/h2>\n<p><strong>1. Como o recurso totalmente autom\u00e1tico beneficia meu processo de produ\u00e7\u00e3o?<\/strong><\/p>\n<p>Nosso Alimentador de Tremonha de Eleva\u00e7\u00e3o Totalmente Autom\u00e1tico Bucket Hopper Elevator elimina a necessidade de interven\u00e7\u00e3o manual, garantindo alimenta\u00e7\u00e3o cont\u00ednua de material sem interrup\u00e7\u00f5es. Esse recurso otimiza a efici\u00eancia da produ\u00e7\u00e3o reduzindo o tempo de inatividade e os custos de m\u00e3o de obra, ao mesmo tempo em que melhora a consist\u00eancia geral do fluxo de trabalho.<\/p>\n<p><strong>2. Este sistema pode lidar com diferentes tipos de materiais de forma eficiente?<\/strong><\/p>\n<p>Absolutamente. Nosso sistema \u00e9 projetado para acomodar uma ampla gama de materiais, de gr\u00e2nulos a p\u00f3s, com precis\u00e3o e confiabilidade. N\u00e3o importa se voc\u00ea est\u00e1 trabalhando com subst\u00e2ncias delicadas ou abrasivas, nosso Alimentador Elevador de Tremonha de Ca\u00e7amba oferece desempenho consistente, minimizando o desperd\u00edcio de material e maximizando a produ\u00e7\u00e3o.<\/p>\n<p><strong>3. Como o alimentador de tremonha elevat\u00f3ria aumenta a flexibilidade operacional?<\/strong><\/p>\n<p>O componente alimentador de funil de eleva\u00e7\u00e3o do nosso sistema permite integra\u00e7\u00e3o perfeita em v\u00e1rias configura\u00e7\u00f5es de produ\u00e7\u00e3o. Sua versatilidade permite f\u00e1cil ajuste para acomodar diferentes taxas de fluxo de material, garantindo condi\u00e7\u00f5es de alimenta\u00e7\u00e3o ideais para diversos requisitos de produ\u00e7\u00e3o. Essa flexibilidade permite que voc\u00ea se adapte rapidamente \u00e0s demandas de produ\u00e7\u00e3o em mudan\u00e7a, maximizando a utiliza\u00e7\u00e3o e a efici\u00eancia dos recursos.<\/p>\n<p><strong>4. Que tipo de manuten\u00e7\u00e3o \u00e9 necess\u00e1ria para este sistema?<\/strong><\/p>\n<p>Nosso Elevador de Tremonha de Ca\u00e7amba Alimentador de Tremonha de Eleva\u00e7\u00e3o Totalmente Autom\u00e1tico \u00e9 projetado para confiabilidade e requisitos m\u00ednimos de manuten\u00e7\u00e3o. Inspe\u00e7\u00f5es de rotina e manuten\u00e7\u00e3o preventiva s\u00e3o recomendadas para garantir desempenho consistente e longevidade. Nossa equipe fornece suporte abrangente, incluindo cronogramas de manuten\u00e7\u00e3o e assist\u00eancia t\u00e9cnica, para manter seu sistema operando com efici\u00eancia m\u00e1xima.<\/p>\n<p><strong>5. Como esse sistema contribui para a seguran\u00e7a no local de trabalho?<\/strong><\/p>\n<p>Ao automatizar os processos de manuseio de materiais, nosso sistema reduz a necessidade de trabalho manual, minimizando o risco de acidentes e ferimentos no local de trabalho. Al\u00e9m disso, sua opera\u00e7\u00e3o totalmente autom\u00e1tica garante alimenta\u00e7\u00e3o suave e controlada de material, aumentando a seguran\u00e7a do operador e promovendo um ambiente de trabalho seguro.<\/p>","protected":false},"excerpt":{"rendered":"<p>Aumente a efici\u00eancia com nosso Alimentador de Elevador de Tremonha de Ca\u00e7amba totalmente autom\u00e1tico. Simplifique o manuseio de materiais para fluxos de trabalho de produ\u00e7\u00e3o perfeitos. Maximize a produtividade sem esfor\u00e7o.<\/p>","protected":false},"featured_media":1812,"comment_status":"open","ping_status":"closed","template":"","meta":[],"product_cat":[38],"product_tag":[],"yoast_head":"<!-- This site is optimized with the Yoast SEO plugin v22.2 - https:\/\/yoast.com\/wordpress\/plugins\/seo\/ -->\n<title>Bucket Hopper Elevator Fully Automatic Lifting Hopper Feeder - SWOER<\/title>\n<meta name=\"robots\" content=\"index, follow, max-snippet:-1, max-image-preview:large, max-video-preview:-1\" \/>\n<link rel=\"canonical\" href=\"https:\/\/swoer.com\/pt_br\/manufacturer\/bucket-hopper-elevator-fully-automatic-lifting-hopper-feeder\/\" \/>\n<meta property=\"og:locale\" content=\"pt_BR\" \/>\n<meta property=\"og:type\" content=\"article\" \/>\n<meta property=\"og:title\" content=\"Bucket Hopper Elevator Fully Automatic Lifting Hopper Feeder - SWOER\" \/>\n<meta property=\"og:description\" content=\"Bolster efficiency with our fully automatic Bucket Hopper Elevator Feeder. Streamline material handling for seamless production workflows. Maximize productivity effortlessly.\" \/>\n<meta property=\"og:url\" content=\"https:\/\/swoer.com\/pt_br\/manufacturer\/bucket-hopper-elevator-fully-automatic-lifting-hopper-feeder\/\" \/>\n<meta property=\"og:site_name\" content=\"SWOER\" \/>\n<meta property=\"article:modified_time\" content=\"2024-04-02T02:24:04+00:00\" \/>\n<meta property=\"og:image\" content=\"https:\/\/swoer.com\/wp-content\/uploads\/2024\/04\/Bucket-Hopper-Elevator-Fully-Automatic-Lifting-Hopper-Feeder.webp\" \/>\n\t<meta property=\"og:image:width\" content=\"1000\" \/>\n\t<meta property=\"og:image:height\" content=\"1000\" \/>\n\t<meta property=\"og:image:type\" content=\"image\/webp\" \/>\n<meta name=\"twitter:card\" content=\"summary_large_image\" \/>\n<meta name=\"twitter:label1\" content=\"Est. tempo de leitura\" \/>\n\t<meta name=\"twitter:data1\" content=\"1 minuto\" \/>\n<script type=\"application\/ld+json\" class=\"yoast-schema-graph\">{\"@context\":\"https:\/\/schema.org\",\"@graph\":[{\"@type\":\"WebPage\",\"@id\":\"https:\/\/swoer.com\/manufacturer\/bucket-hopper-elevator-fully-automatic-lifting-hopper-feeder\/\",\"url\":\"https:\/\/swoer.com\/manufacturer\/bucket-hopper-elevator-fully-automatic-lifting-hopper-feeder\/\",\"name\":\"Bucket Hopper Elevator Fully Automatic Lifting Hopper Feeder - SWOER\",\"isPartOf\":{\"@id\":\"https:\/\/swoer.com\/#website\"},\"primaryImageOfPage\":{\"@id\":\"https:\/\/swoer.com\/manufacturer\/bucket-hopper-elevator-fully-automatic-lifting-hopper-feeder\/#primaryimage\"},\"image\":{\"@id\":\"https:\/\/swoer.com\/manufacturer\/bucket-hopper-elevator-fully-automatic-lifting-hopper-feeder\/#primaryimage\"},\"thumbnailUrl\":\"https:\/\/swoer.com\/wp-content\/uploads\/2024\/04\/Bucket-Hopper-Elevator-Fully-Automatic-Lifting-Hopper-Feeder.webp\",\"datePublished\":\"2024-04-02T02:11:28+00:00\",\"dateModified\":\"2024-04-02T02:24:04+00:00\",\"breadcrumb\":{\"@id\":\"https:\/\/swoer.com\/manufacturer\/bucket-hopper-elevator-fully-automatic-lifting-hopper-feeder\/#breadcrumb\"},\"inLanguage\":\"pt-BR\",\"potentialAction\":[{\"@type\":\"ReadAction\",\"target\":[\"https:\/\/swoer.com\/manufacturer\/bucket-hopper-elevator-fully-automatic-lifting-hopper-feeder\/\"]}]},{\"@type\":\"ImageObject\",\"inLanguage\":\"pt-BR\",\"@id\":\"https:\/\/swoer.com\/manufacturer\/bucket-hopper-elevator-fully-automatic-lifting-hopper-feeder\/#primaryimage\",\"url\":\"https:\/\/swoer.com\/wp-content\/uploads\/2024\/04\/Bucket-Hopper-Elevator-Fully-Automatic-Lifting-Hopper-Feeder.webp\",\"contentUrl\":\"https:\/\/swoer.com\/wp-content\/uploads\/2024\/04\/Bucket-Hopper-Elevator-Fully-Automatic-Lifting-Hopper-Feeder.webp\",\"width\":1000,\"height\":1000,\"caption\":\"Bucket Hopper Elevator Fully Automatic Lifting Hopper Feeder\"},{\"@type\":\"BreadcrumbList\",\"@id\":\"https:\/\/swoer.com\/manufacturer\/bucket-hopper-elevator-fully-automatic-lifting-hopper-feeder\/#breadcrumb\",\"itemListElement\":[{\"@type\":\"ListItem\",\"position\":1,\"name\":\"Home\",\"item\":\"https:\/\/swoer.com\/\"},{\"@type\":\"ListItem\",\"position\":2,\"name\":\"Shop\",\"item\":\"https:\/\/swoer.com\/shop\/\"},{\"@type\":\"ListItem\",\"position\":3,\"name\":\"Bucket Hopper Elevator Fully Automatic Lifting Hopper Feeder\"}]},{\"@type\":\"WebSite\",\"@id\":\"https:\/\/swoer.com\/#website\",\"url\":\"https:\/\/swoer.com\/\",\"name\":\"SWOER\",\"description\":\"Swoer is the top 3 vibratory bowl feeder manufacturer in China\",\"potentialAction\":[{\"@type\":\"SearchAction\",\"target\":{\"@type\":\"EntryPoint\",\"urlTemplate\":\"https:\/\/swoer.com\/?s={search_term_string}\"},\"query-input\":\"required name=search_term_string\"}],\"inLanguage\":\"pt-BR\"}]}<\/script>\n<!-- \/ Yoast SEO plugin. -->","yoast_head_json":{"title":"Bucket Hopper Elevator Fully Automatic Lifting Hopper Feeder - SWOER","robots":{"index":"index","follow":"follow","max-snippet":"max-snippet:-1","max-image-preview":"max-image-preview:large","max-video-preview":"max-video-preview:-1"},"canonical":"https:\/\/swoer.com\/pt_br\/manufacturer\/bucket-hopper-elevator-fully-automatic-lifting-hopper-feeder\/","og_locale":"pt_BR","og_type":"article","og_title":"Bucket Hopper Elevator Fully Automatic Lifting Hopper Feeder - SWOER","og_description":"Bolster efficiency with our fully automatic Bucket Hopper Elevator Feeder. Streamline material handling for seamless production workflows. Maximize productivity effortlessly.","og_url":"https:\/\/swoer.com\/pt_br\/manufacturer\/bucket-hopper-elevator-fully-automatic-lifting-hopper-feeder\/","og_site_name":"SWOER","article_modified_time":"2024-04-02T02:24:04+00:00","og_image":[{"width":1000,"height":1000,"url":"https:\/\/swoer.com\/wp-content\/uploads\/2024\/04\/Bucket-Hopper-Elevator-Fully-Automatic-Lifting-Hopper-Feeder.webp","type":"image\/webp"}],"twitter_card":"summary_large_image","twitter_misc":{"Est. tempo de leitura":"1 minuto"},"schema":{"@context":"https:\/\/schema.org","@graph":[{"@type":"WebPage","@id":"https:\/\/swoer.com\/manufacturer\/bucket-hopper-elevator-fully-automatic-lifting-hopper-feeder\/","url":"https:\/\/swoer.com\/manufacturer\/bucket-hopper-elevator-fully-automatic-lifting-hopper-feeder\/","name":"Bucket Hopper Elevator Fully Automatic Lifting Hopper Feeder - SWOER","isPartOf":{"@id":"https:\/\/swoer.com\/#website"},"primaryImageOfPage":{"@id":"https:\/\/swoer.com\/manufacturer\/bucket-hopper-elevator-fully-automatic-lifting-hopper-feeder\/#primaryimage"},"image":{"@id":"https:\/\/swoer.com\/manufacturer\/bucket-hopper-elevator-fully-automatic-lifting-hopper-feeder\/#primaryimage"},"thumbnailUrl":"https:\/\/swoer.com\/wp-content\/uploads\/2024\/04\/Bucket-Hopper-Elevator-Fully-Automatic-Lifting-Hopper-Feeder.webp","datePublished":"2024-04-02T02:11:28+00:00","dateModified":"2024-04-02T02:24:04+00:00","breadcrumb":{"@id":"https:\/\/swoer.com\/manufacturer\/bucket-hopper-elevator-fully-automatic-lifting-hopper-feeder\/#breadcrumb"},"inLanguage":"pt-BR","potentialAction":[{"@type":"ReadAction","target":["https:\/\/swoer.com\/manufacturer\/bucket-hopper-elevator-fully-automatic-lifting-hopper-feeder\/"]}]},{"@type":"ImageObject","inLanguage":"pt-BR","@id":"https:\/\/swoer.com\/manufacturer\/bucket-hopper-elevator-fully-automatic-lifting-hopper-feeder\/#primaryimage","url":"https:\/\/swoer.com\/wp-content\/uploads\/2024\/04\/Bucket-Hopper-Elevator-Fully-Automatic-Lifting-Hopper-Feeder.webp","contentUrl":"https:\/\/swoer.com\/wp-content\/uploads\/2024\/04\/Bucket-Hopper-Elevator-Fully-Automatic-Lifting-Hopper-Feeder.webp","width":1000,"height":1000,"caption":"Bucket Hopper Elevator Fully Automatic Lifting Hopper Feeder"},{"@type":"BreadcrumbList","@id":"https:\/\/swoer.com\/manufacturer\/bucket-hopper-elevator-fully-automatic-lifting-hopper-feeder\/#breadcrumb","itemListElement":[{"@type":"ListItem","position":1,"name":"Home","item":"https:\/\/swoer.com\/"},{"@type":"ListItem","position":2,"name":"Shop","item":"https:\/\/swoer.com\/shop\/"},{"@type":"ListItem","position":3,"name":"Bucket Hopper Elevator Fully Automatic Lifting Hopper Feeder"}]},{"@type":"WebSite","@id":"https:\/\/swoer.com\/#website","url":"https:\/\/swoer.com\/","name":"SWOER","description":"Swoer is the top 3 vibratory bowl feeder manufacturer in China","potentialAction":[{"@type":"SearchAction","target":{"@type":"EntryPoint","urlTemplate":"https:\/\/swoer.com\/?s={search_term_string}"},"query-input":"required name=search_term_string"}],"inLanguage":"pt-BR"}]}},"_links":{"self":[{"href":"https:\/\/swoer.com\/pt_br\/wp-json\/wp\/v2\/product\/1811"}],"collection":[{"href":"https:\/\/swoer.com\/pt_br\/wp-json\/wp\/v2\/product"}],"about":[{"href":"https:\/\/swoer.com\/pt_br\/wp-json\/wp\/v2\/types\/product"}],"replies":[{"embeddable":true,"href":"https:\/\/swoer.com\/pt_br\/wp-json\/wp\/v2\/comments?post=1811"}],"wp:featuredmedia":[{"embeddable":true,"href":"https:\/\/swoer.com\/pt_br\/wp-json\/wp\/v2\/media\/1812"}],"wp:attachment":[{"href":"https:\/\/swoer.com\/pt_br\/wp-json\/wp\/v2\/media?parent=1811"}],"wp:term":[{"taxonomy":"product_cat","embeddable":true,"href":"https:\/\/swoer.com\/pt_br\/wp-json\/wp\/v2\/product_cat?post=1811"},{"taxonomy":"product_tag","embeddable":true,"href":"https:\/\/swoer.com\/pt_br\/wp-json\/wp\/v2\/product_tag?post=1811"}],"curies":[{"name":"wp","href":"https:\/\/api.w.org\/{rel}","templated":true}]}}