{"id":1785,"date":"2024-04-01T03:26:33","date_gmt":"2024-04-01T03:26:33","guid":{"rendered":"https:\/\/lightgrey-porpoise-816575.hostingersite.com\/?post_type=product&#038;p=1785"},"modified":"2024-04-01T03:33:31","modified_gmt":"2024-04-01T03:33:31","slug":"centrifugal-feeder","status":"publish","type":"product","link":"https:\/\/swoer.com\/pt_br\/manufacturer\/centrifugal-feeder\/","title":{"rendered":"Alimentador centr\u00edfugo"},"content":{"rendered":"<p>Experimente solu\u00e7\u00f5es de alimentadores centr\u00edfugos projetados com precis\u00e3o, sob medida para suas necessidades. Personalize as configura\u00e7\u00f5es de velocidade para atender perfeitamente \u00e0s suas necessidades. Nossas solu\u00e7\u00f5es de alimenta\u00e7\u00e3o de n\u00edvel profissional garantem efici\u00eancia ideal.<\/p>\n<p>Receba modelos CAD 3D detalhados para integra\u00e7\u00e3o sem esfor\u00e7o em sua linha de produ\u00e7\u00e3o. Confie em nossa expertise para solu\u00e7\u00f5es de alimenta\u00e7\u00e3o confi\u00e1veis e eficientes. Maximize a produtividade com nossa abordagem personalizada para automa\u00e7\u00e3o.<\/p>\n\t<div id=\"gap-852489629\" class=\"gap-element clearfix\" style=\"display:block; height:auto;\">\n\t\t\n<style>\n#gap-852489629 {\n  padding-top: 30px;\n}\n<\/style>\n\t<\/div>\n\t\n<h2>Descri\u00e7\u00e3o:<\/h2>\n<table style=\"border-collapse: collapse; width: 488.27pt;\" border=\"0\" width=\"651\" cellspacing=\"0\" cellpadding=\"0\">\n<tbody>\n<tr style=\"height: 30.00pt;\">\n<td class=\"et3\" style=\"height: 30.00pt; width: 210.75pt;\" width=\"281\" height=\"40\">Nome<\/td>\n<td class=\"et3\" style=\"width: 277.50pt;\" width=\"370\">Alimentador centr\u00edfugo<\/td>\n<\/tr>\n<tr style=\"height: 29.00pt;\">\n<td class=\"et3\" style=\"height: 29.00pt;\" height=\"38\">Marca<\/td>\n<td class=\"et3\">SUOR<\/td>\n<\/tr>\n<tr style=\"height: 25.00pt;\">\n<td class=\"et3\" style=\"height: 25.00pt;\" height=\"33\">Material<\/td>\n<td class=\"et3\">SUS304, Pl\u00e1stico<\/td>\n<\/tr>\n<tr style=\"height: 30.00pt;\">\n<td class=\"et3\" style=\"height: 30.00pt;\" height=\"40\">Tamanho<\/td>\n<td class=\"et3\">Personalizado<\/td>\n<\/tr>\n<tr style=\"height: 30.00pt;\">\n<td class=\"et3\" style=\"height: 30.00pt;\" height=\"40\">Fun\u00e7\u00e3o<\/td>\n<td class=\"et3\">Material de transporte<\/td>\n<\/tr>\n<tr style=\"height: 30.00pt;\">\n<td class=\"et3\" style=\"height: 30.00pt;\" height=\"40\">Uso<\/td>\n<td class=\"et3\">Classificador, contador<\/td>\n<\/tr>\n<tr style=\"height: 28.00pt;\">\n<td class=\"et3\" style=\"height: 28.00pt;\" height=\"37\">Vantagem<\/td>\n<td class=\"et3\">Salvar Recursos Humanos<\/td>\n<\/tr>\n<tr style=\"height: 32.00pt;\">\n<td class=\"et3\" style=\"height: 32.00pt;\" height=\"42\">Tipo de m\u00e1quina<\/td>\n<td class=\"et3\">Conjunto completo<\/td>\n<\/tr>\n<tr style=\"height: 29.00pt;\">\n<td class=\"et3\" style=\"height: 29.00pt;\" height=\"38\">Item<\/td>\n<td class=\"et3\">Equipamento autom\u00e1tico<\/td>\n<\/tr>\n<tr style=\"height: 33.00pt;\">\n<td class=\"et3\" style=\"height: 33.00pt;\" height=\"44\">Ind\u00fastrias aplic\u00e1veis<\/td>\n<td class=\"et3\">Planta de fabrica\u00e7\u00e3o, fazendas, ind\u00fastria<\/td>\n<\/tr>\n<tr style=\"height: 31.00pt;\">\n<td class=\"et3\" style=\"height: 31.00pt;\" height=\"41\">Servi\u00e7o p\u00f3s-venda fornecido<\/td>\n<td class=\"et3\">Suporte t\u00e9cnico de v\u00eddeo, Suporte online<\/td>\n<\/tr>\n<\/tbody>\n<\/table>","protected":false},"excerpt":{"rendered":"<p>Fornecemos solu\u00e7\u00f5es de alimentadores centr\u00edfugos projetados com precis\u00e3o e configura\u00e7\u00f5es de velocidade personaliz\u00e1veis para atender \u00e0s suas necessidades. Modelos CAD 3D detalhados s\u00e3o fornecidos para garantir integra\u00e7\u00e3o perfeita em sua linha de produ\u00e7\u00e3o. Confie em nossas solu\u00e7\u00f5es de alimenta\u00e7\u00e3o de n\u00edvel profissional para otimizar a efici\u00eancia e a produtividade.<\/p>","protected":false},"featured_media":1786,"comment_status":"open","ping_status":"closed","template":"","meta":[],"product_cat":[36],"product_tag":[],"yoast_head":"<!-- This site is optimized with the Yoast SEO plugin v22.2 - https:\/\/yoast.com\/wordpress\/plugins\/seo\/ -->\n<title>Centrifugal Feeder - SWOER<\/title>\n<meta name=\"robots\" content=\"index, follow, max-snippet:-1, max-image-preview:large, max-video-preview:-1\" \/>\n<link rel=\"canonical\" href=\"https:\/\/swoer.com\/pt_br\/manufacturer\/centrifugal-feeder\/\" \/>\n<meta property=\"og:locale\" content=\"pt_BR\" \/>\n<meta property=\"og:type\" content=\"article\" \/>\n<meta property=\"og:title\" content=\"Centrifugal Feeder - SWOER\" \/>\n<meta property=\"og:description\" content=\"We provide precision-engineered centrifugal feeder solutions with customizable speed settings to meet your requirements. Detailed 3D CAD models are provided to ensure seamless integration into your production line. Trust our professional-grade feeding solutions to optimize efficiency and productivity.\" \/>\n<meta property=\"og:url\" content=\"https:\/\/swoer.com\/pt_br\/manufacturer\/centrifugal-feeder\/\" \/>\n<meta property=\"og:site_name\" content=\"SWOER\" \/>\n<meta property=\"article:modified_time\" content=\"2024-04-01T03:33:31+00:00\" \/>\n<meta property=\"og:image\" content=\"https:\/\/swoer.com\/wp-content\/uploads\/2024\/04\/centrifugal-feeder.webp\" \/>\n\t<meta property=\"og:image:width\" content=\"1000\" \/>\n\t<meta property=\"og:image:height\" content=\"1000\" \/>\n\t<meta property=\"og:image:type\" content=\"image\/webp\" \/>\n<meta name=\"twitter:card\" content=\"summary_large_image\" \/>\n<meta name=\"twitter:label1\" content=\"Est. tempo de leitura\" \/>\n\t<meta name=\"twitter:data1\" content=\"1 minuto\" \/>\n<script type=\"application\/ld+json\" class=\"yoast-schema-graph\">{\"@context\":\"https:\/\/schema.org\",\"@graph\":[{\"@type\":\"WebPage\",\"@id\":\"https:\/\/swoer.com\/manufacturer\/centrifugal-feeder\/\",\"url\":\"https:\/\/swoer.com\/manufacturer\/centrifugal-feeder\/\",\"name\":\"Centrifugal Feeder - SWOER\",\"isPartOf\":{\"@id\":\"https:\/\/swoer.com\/#website\"},\"primaryImageOfPage\":{\"@id\":\"https:\/\/swoer.com\/manufacturer\/centrifugal-feeder\/#primaryimage\"},\"image\":{\"@id\":\"https:\/\/swoer.com\/manufacturer\/centrifugal-feeder\/#primaryimage\"},\"thumbnailUrl\":\"https:\/\/swoer.com\/wp-content\/uploads\/2024\/04\/centrifugal-feeder.webp\",\"datePublished\":\"2024-04-01T03:26:33+00:00\",\"dateModified\":\"2024-04-01T03:33:31+00:00\",\"breadcrumb\":{\"@id\":\"https:\/\/swoer.com\/manufacturer\/centrifugal-feeder\/#breadcrumb\"},\"inLanguage\":\"pt-BR\",\"potentialAction\":[{\"@type\":\"ReadAction\",\"target\":[\"https:\/\/swoer.com\/manufacturer\/centrifugal-feeder\/\"]}]},{\"@type\":\"ImageObject\",\"inLanguage\":\"pt-BR\",\"@id\":\"https:\/\/swoer.com\/manufacturer\/centrifugal-feeder\/#primaryimage\",\"url\":\"https:\/\/swoer.com\/wp-content\/uploads\/2024\/04\/centrifugal-feeder.webp\",\"contentUrl\":\"https:\/\/swoer.com\/wp-content\/uploads\/2024\/04\/centrifugal-feeder.webp\",\"width\":1000,\"height\":1000,\"caption\":\"centrifugal feeder\"},{\"@type\":\"BreadcrumbList\",\"@id\":\"https:\/\/swoer.com\/manufacturer\/centrifugal-feeder\/#breadcrumb\",\"itemListElement\":[{\"@type\":\"ListItem\",\"position\":1,\"name\":\"Home\",\"item\":\"https:\/\/swoer.com\/\"},{\"@type\":\"ListItem\",\"position\":2,\"name\":\"Shop\",\"item\":\"https:\/\/swoer.com\/shop\/\"},{\"@type\":\"ListItem\",\"position\":3,\"name\":\"Centrifugal Feeder\"}]},{\"@type\":\"WebSite\",\"@id\":\"https:\/\/swoer.com\/#website\",\"url\":\"https:\/\/swoer.com\/\",\"name\":\"SWOER\",\"description\":\"Swoer is the top 3 vibratory bowl feeder manufacturer in China\",\"potentialAction\":[{\"@type\":\"SearchAction\",\"target\":{\"@type\":\"EntryPoint\",\"urlTemplate\":\"https:\/\/swoer.com\/?s={search_term_string}\"},\"query-input\":\"required name=search_term_string\"}],\"inLanguage\":\"pt-BR\"}]}<\/script>\n<!-- \/ Yoast SEO plugin. -->","yoast_head_json":{"title":"Centrifugal Feeder - SWOER","robots":{"index":"index","follow":"follow","max-snippet":"max-snippet:-1","max-image-preview":"max-image-preview:large","max-video-preview":"max-video-preview:-1"},"canonical":"https:\/\/swoer.com\/pt_br\/manufacturer\/centrifugal-feeder\/","og_locale":"pt_BR","og_type":"article","og_title":"Centrifugal Feeder - SWOER","og_description":"We provide precision-engineered centrifugal feeder solutions with customizable speed settings to meet your requirements. Detailed 3D CAD models are provided to ensure seamless integration into your production line. Trust our professional-grade feeding solutions to optimize efficiency and productivity.","og_url":"https:\/\/swoer.com\/pt_br\/manufacturer\/centrifugal-feeder\/","og_site_name":"SWOER","article_modified_time":"2024-04-01T03:33:31+00:00","og_image":[{"width":1000,"height":1000,"url":"https:\/\/swoer.com\/wp-content\/uploads\/2024\/04\/centrifugal-feeder.webp","type":"image\/webp"}],"twitter_card":"summary_large_image","twitter_misc":{"Est. tempo de leitura":"1 minuto"},"schema":{"@context":"https:\/\/schema.org","@graph":[{"@type":"WebPage","@id":"https:\/\/swoer.com\/manufacturer\/centrifugal-feeder\/","url":"https:\/\/swoer.com\/manufacturer\/centrifugal-feeder\/","name":"Centrifugal Feeder - SWOER","isPartOf":{"@id":"https:\/\/swoer.com\/#website"},"primaryImageOfPage":{"@id":"https:\/\/swoer.com\/manufacturer\/centrifugal-feeder\/#primaryimage"},"image":{"@id":"https:\/\/swoer.com\/manufacturer\/centrifugal-feeder\/#primaryimage"},"thumbnailUrl":"https:\/\/swoer.com\/wp-content\/uploads\/2024\/04\/centrifugal-feeder.webp","datePublished":"2024-04-01T03:26:33+00:00","dateModified":"2024-04-01T03:33:31+00:00","breadcrumb":{"@id":"https:\/\/swoer.com\/manufacturer\/centrifugal-feeder\/#breadcrumb"},"inLanguage":"pt-BR","potentialAction":[{"@type":"ReadAction","target":["https:\/\/swoer.com\/manufacturer\/centrifugal-feeder\/"]}]},{"@type":"ImageObject","inLanguage":"pt-BR","@id":"https:\/\/swoer.com\/manufacturer\/centrifugal-feeder\/#primaryimage","url":"https:\/\/swoer.com\/wp-content\/uploads\/2024\/04\/centrifugal-feeder.webp","contentUrl":"https:\/\/swoer.com\/wp-content\/uploads\/2024\/04\/centrifugal-feeder.webp","width":1000,"height":1000,"caption":"centrifugal feeder"},{"@type":"BreadcrumbList","@id":"https:\/\/swoer.com\/manufacturer\/centrifugal-feeder\/#breadcrumb","itemListElement":[{"@type":"ListItem","position":1,"name":"Home","item":"https:\/\/swoer.com\/"},{"@type":"ListItem","position":2,"name":"Shop","item":"https:\/\/swoer.com\/shop\/"},{"@type":"ListItem","position":3,"name":"Centrifugal Feeder"}]},{"@type":"WebSite","@id":"https:\/\/swoer.com\/#website","url":"https:\/\/swoer.com\/","name":"SWOER","description":"Swoer is the top 3 vibratory bowl feeder manufacturer in China","potentialAction":[{"@type":"SearchAction","target":{"@type":"EntryPoint","urlTemplate":"https:\/\/swoer.com\/?s={search_term_string}"},"query-input":"required name=search_term_string"}],"inLanguage":"pt-BR"}]}},"_links":{"self":[{"href":"https:\/\/swoer.com\/pt_br\/wp-json\/wp\/v2\/product\/1785"}],"collection":[{"href":"https:\/\/swoer.com\/pt_br\/wp-json\/wp\/v2\/product"}],"about":[{"href":"https:\/\/swoer.com\/pt_br\/wp-json\/wp\/v2\/types\/product"}],"replies":[{"embeddable":true,"href":"https:\/\/swoer.com\/pt_br\/wp-json\/wp\/v2\/comments?post=1785"}],"wp:featuredmedia":[{"embeddable":true,"href":"https:\/\/swoer.com\/pt_br\/wp-json\/wp\/v2\/media\/1786"}],"wp:attachment":[{"href":"https:\/\/swoer.com\/pt_br\/wp-json\/wp\/v2\/media?parent=1785"}],"wp:term":[{"taxonomy":"product_cat","embeddable":true,"href":"https:\/\/swoer.com\/pt_br\/wp-json\/wp\/v2\/product_cat?post=1785"},{"taxonomy":"product_tag","embeddable":true,"href":"https:\/\/swoer.com\/pt_br\/wp-json\/wp\/v2\/product_tag?post=1785"}],"curies":[{"name":"wp","href":"https:\/\/api.w.org\/{rel}","templated":true}]}}