{"id":1758,"date":"2024-03-30T06:54:42","date_gmt":"2024-03-30T06:54:42","guid":{"rendered":"https:\/\/lightgrey-porpoise-816575.hostingersite.com\/?post_type=product&#038;p=1758"},"modified":"2025-02-07T16:48:14","modified_gmt":"2025-02-07T08:48:14","slug":"flexible-feeders-sw-420","status":"publish","type":"product","link":"https:\/\/swoer.com\/pt_br\/manufacturer\/flexible-feeders-sw-420\/","title":{"rendered":"Alimentadores Flex\u00edveis SW-420"},"content":{"rendered":"<p>Na SWOER, n\u00f3s nos destacamos na produ\u00e7\u00e3o de Alimentadores Flex\u00edveis com solu\u00e7\u00f5es personalizadas que correspondem \u00e0s caracter\u00edsticas das pe\u00e7as e aos requisitos do cliente. Nossos sistemas com pre\u00e7os competitivos integram-se com rob\u00f4s e vis\u00e3o CCD, garantindo efici\u00eancia e precis\u00e3o de produ\u00e7\u00e3o ideais. Confie na SWOER para personalizar solu\u00e7\u00f5es confi\u00e1veis que se ajustem \u00e0s suas necessidades e or\u00e7amento com profissionalismo e confiabilidade.<\/p>\n<p>SW-42 adequado para peneirar grandes materiais irregulares, como blocos de brinquedo, equipamentos m\u00e9dicos, pe\u00e7as automotivas, pe\u00e7as met\u00e1licas de formato especial, etc.<\/p>\n<p>Alimentador flex\u00edvel SW-420 combinado com rob\u00f4 Spider Gripper, para mais informa\u00e7\u00f5es, clique em:<\/p>\n<ul>\n<li><a href=\"https:\/\/swoer.com\/pt_br\/manufacturer\/flex-feeding-and-conveying-machines-with-spider-robot\/\">M\u00e1quinas de alimenta\u00e7\u00e3o e transporte de pe\u00e7as autom\u00e1ticas Flex com rob\u00f4 aranha<\/a><\/li>\n<\/ul>\n\t<div id=\"gap-1306490303\" class=\"gap-element clearfix\" style=\"display:block; height:auto;\">\n\t\t\n<style>\n#gap-1306490303 {\n  padding-top: 30px;\n}\n<\/style>\n\t<\/div>\n\t\n<h2>Especifica\u00e7\u00f5es:<\/h2>\n<table style=\"border-collapse: collapse; width: 596.27pt;\" border=\"0\" width=\"795\" cellspacing=\"0\" cellpadding=\"0\">\n<tbody>\n<tr style=\"height: 27.00pt;\">\n<td class=\"et3\" style=\"height: 27.00pt; width: 237.00pt;\" width=\"316\" height=\"36\">Modelo<\/td>\n<td class=\"et4\" style=\"width: 359.25pt;\" width=\"479\">SW-420<\/td>\n<\/tr>\n<tr style=\"height: 27.00pt;\">\n<td class=\"et3\" style=\"height: 27.00pt;\" height=\"36\">Dimens\u00e3o (mm)<\/td>\n<td class=\"et4\">600*393*211<\/td>\n<\/tr>\n<tr style=\"height: 27.00pt;\">\n<td class=\"et3\" style=\"height: 27.00pt;\" height=\"36\">Dimens\u00e3o do alimentador (mm)<\/td>\n<td class=\"et4\">440*390*60<\/td>\n<\/tr>\n<tr style=\"height: 27.00pt;\">\n<td class=\"et3\" style=\"height: 27.00pt;\" height=\"36\">Peso<\/td>\n<td class=\"et4\">Cerca de 44,0 kg<\/td>\n<\/tr>\n<tr style=\"height: 27.00pt;\">\n<td class=\"et3\" style=\"height: 27.00pt;\" height=\"36\">Tens\u00e3o<\/td>\n<td class=\"et4\">DC20-30V (recomendado 24V)<\/td>\n<\/tr>\n<tr style=\"height: 27.00pt;\">\n<td class=\"et3\" style=\"height: 27.00pt;\" height=\"36\">Corrente m\u00e1xima<\/td>\n<td class=\"et4\">6A<\/td>\n<\/tr>\n<tr style=\"height: 81.00pt;\">\n<td class=\"et3\" style=\"height: 81.00pt;\" height=\"108\">Formul\u00e1rio de opera\u00e7\u00e3o<\/td>\n<td class=\"et5\" style=\"width: 359.25pt;\" width=\"479\">Mova para cima, para baixo, para a esquerda, para a direita, para cima e para baixo, para baixo e para a esquerda, para cima e para baixo, para o centro e para a direita, agite e inverta, e vibre diretamente para alimentar<\/td>\n<\/tr>\n<tr style=\"height: 27.00pt;\">\n<td class=\"et3\" style=\"height: 27.00pt;\" height=\"36\">Freq\u00fc\u00eancia<\/td>\n<td class=\"et4\">10-62Hz<\/td>\n<\/tr>\n<tr style=\"height: 27.00pt;\">\n<td class=\"et3\" style=\"height: 27.00pt;\" height=\"36\">Ru\u00eddo de opera\u00e7\u00e3o<\/td>\n<td class=\"et6\"><span class=\"font4\">\uff1c<\/span><span class=\"font3\">50 dB<\/span><\/td>\n<\/tr>\n<tr style=\"height: 27.00pt;\">\n<td class=\"et3\" style=\"height: 27.00pt;\" height=\"36\">Carga m\u00e1xima<\/td>\n<td class=\"et4\">1,5 kg<\/td>\n<\/tr>\n<tr style=\"height: 27.00pt;\">\n<td class=\"et3\" style=\"height: 27.00pt;\" height=\"36\">O peso de um \u00fanico material virado<\/td>\n<td class=\"et6\">\uff1c<span class=\"font3\">150g<\/span><\/td>\n<\/tr>\n<tr style=\"height: 27.00pt;\">\n<td class=\"et3\" style=\"height: 54.00pt;\" rowspan=\"2\" height=\"72\">Intera\u00e7\u00e3o de sinal<\/td>\n<td class=\"et4\">Comunica\u00e7\u00e3o TCP\/IP<\/td>\n<\/tr>\n<tr style=\"height: 27.00pt;\">\n<td class=\"et4\">Interface de E\/S<\/td>\n<\/tr>\n<\/tbody>\n<\/table>\n\t<div id=\"gap-2100146617\" class=\"gap-element clearfix\" style=\"display:block; height:auto;\">\n\t\t\n<style>\n#gap-2100146617 {\n  padding-top: 30px;\n}\n<\/style>\n\t<\/div>\n\t\n<h2>Desenho dimensional:<\/h2>\n\t<div class=\"img has-hover x md-x lg-x y md-y lg-y\" id=\"image_266183587\">\n\t\t\t\t\t\t\t\t<div class=\"img-inner dark\" >\n\t\t\t<img loading=\"lazy\" decoding=\"async\" width=\"681\" height=\"600\" src=\"https:\/\/swoer.com\/wp-content\/uploads\/2024\/03\/flex-feeder-system-SW-420-dimension-drawing.webp\" class=\"attachment-original size-original\" alt=\"desenho dimensional do sistema de alimenta\u00e7\u00e3o flex\u00edvel SW-420\" srcset=\"https:\/\/swoer.com\/wp-content\/uploads\/2024\/03\/flex-feeder-system-SW-420-dimension-drawing.webp 681w, https:\/\/swoer.com\/wp-content\/uploads\/2024\/03\/flex-feeder-system-SW-420-dimension-drawing-300x264.webp 300w, https:\/\/swoer.com\/wp-content\/uploads\/2024\/03\/flex-feeder-system-SW-420-dimension-drawing-600x529.webp 600w\" sizes=\"(max-width: 681px) 100vw, 681px\" \/>\t\t\t\t\t\t\n\t\t\t\t\t<\/div>\n\t\t\t\t\t\t\t\t\n<style>\n#image_266183587 {\n  width: 70%;\n}\n<\/style>\n\t<\/div>\n\t\n\t<div id=\"gap-41453250\" class=\"gap-element clearfix\" style=\"display:block; height:auto;\">\n\t\t\n<style>\n#gap-41453250 {\n  padding-top: 30px;\n}\n<\/style>\n\t<\/div>\n\t\n<h2>Alimentadores Flex\u00edveis, Alimentadores Flex\u00edveis, Bandejas Flex\u00edveis e M\u00e1quinas Integradas a Rob\u00f4s<\/h2>\n\n  \n    <div class=\"row large-columns-4 medium-columns-3 small-columns-2 row-small slider row-slider slider-nav-reveal slider-nav-push\"  data-flickity-options='{\"imagesLoaded\": true, \"groupCells\": \"100%\", \"dragThreshold\" : 5, \"cellAlign\": \"left\",\"wrapAround\": true,\"prevNextButtons\": true,\"percentPosition\": true,\"pageDots\": false, \"rightToLeft\": false, \"autoPlay\" : false}'>\n\n  \t\n\t     <div class=\"product-small col has-hover product type-product post-3868 status-publish first instock product_cat-delta-robots has-post-thumbnail shipping-taxable product-type-simple\">\n\t<div class=\"col-inner\">\n\t\n<div class=\"badge-container absolute left top z-1\">\n\n<\/div>\n\t<div class=\"product-small box\">\n\t\t<div class=\"box-image\">\n\t\t\t<div class=\"image-zoom_in\">\n\t\t\t\t<a href=\"https:\/\/swoer.com\/pt_br\/manufacturer\/delta-robot-pick-and-place-company-sw-hrd5t-sd-m\/\" aria-label=\"Delta Robot Pick and Place Company SW-HRD5T-SD-M\">\n\t\t\t\t\t<img loading=\"lazy\" decoding=\"async\" width=\"300\" height=\"300\" src=\"https:\/\/swoer.com\/wp-content\/uploads\/2026\/04\/Delta-Robot-Pick-and-Place-Company-SW-HRD5T-SD-M-300x300.webp\" class=\"attachment-woocommerce_thumbnail size-woocommerce_thumbnail\" alt=\"Delta Robot Pick and Place Company SW-HRD5T-SD-M\" srcset=\"https:\/\/swoer.com\/wp-content\/uploads\/2026\/04\/Delta-Robot-Pick-and-Place-Company-SW-HRD5T-SD-M-300x300.webp 300w, https:\/\/swoer.com\/wp-content\/uploads\/2026\/04\/Delta-Robot-Pick-and-Place-Company-SW-HRD5T-SD-M-150x150.webp 150w, https:\/\/swoer.com\/wp-content\/uploads\/2026\/04\/Delta-Robot-Pick-and-Place-Company-SW-HRD5T-SD-M-768x768.webp 768w, https:\/\/swoer.com\/wp-content\/uploads\/2026\/04\/Delta-Robot-Pick-and-Place-Company-SW-HRD5T-SD-M-12x12.webp 12w, https:\/\/swoer.com\/wp-content\/uploads\/2026\/04\/Delta-Robot-Pick-and-Place-Company-SW-HRD5T-SD-M-600x600.webp 600w, https:\/\/swoer.com\/wp-content\/uploads\/2026\/04\/Delta-Robot-Pick-and-Place-Company-SW-HRD5T-SD-M-100x100.webp 100w, https:\/\/swoer.com\/wp-content\/uploads\/2026\/04\/Delta-Robot-Pick-and-Place-Company-SW-HRD5T-SD-M.webp 800w\" sizes=\"(max-width: 300px) 100vw, 300px\" \/><img loading=\"lazy\" decoding=\"async\" width=\"300\" height=\"300\" src=\"https:\/\/swoer.com\/wp-content\/uploads\/2026\/04\/Delta-Robot-Pick-and-Place-Company-SW-HRD5T-SD-M-300x300.webp\" class=\"show-on-hover absolute fill hide-for-small back-imageshow-on-hover absolute fill hide-for-small back-image hover-zoom\" alt=\"Delta Robot Pick and Place Company SW-HRD5T-SD-M\" srcset=\"https:\/\/swoer.com\/wp-content\/uploads\/2026\/04\/Delta-Robot-Pick-and-Place-Company-SW-HRD5T-SD-M-300x300.webp 300w, https:\/\/swoer.com\/wp-content\/uploads\/2026\/04\/Delta-Robot-Pick-and-Place-Company-SW-HRD5T-SD-M-150x150.webp 150w, https:\/\/swoer.com\/wp-content\/uploads\/2026\/04\/Delta-Robot-Pick-and-Place-Company-SW-HRD5T-SD-M-768x768.webp 768w, https:\/\/swoer.com\/wp-content\/uploads\/2026\/04\/Delta-Robot-Pick-and-Place-Company-SW-HRD5T-SD-M-12x12.webp 12w, https:\/\/swoer.com\/wp-content\/uploads\/2026\/04\/Delta-Robot-Pick-and-Place-Company-SW-HRD5T-SD-M-600x600.webp 600w, https:\/\/swoer.com\/wp-content\/uploads\/2026\/04\/Delta-Robot-Pick-and-Place-Company-SW-HRD5T-SD-M-100x100.webp 100w, https:\/\/swoer.com\/wp-content\/uploads\/2026\/04\/Delta-Robot-Pick-and-Place-Company-SW-HRD5T-SD-M.webp 800w\" sizes=\"(max-width: 300px) 100vw, 300px\" \/>\t\t\t\t<\/a>\n\t\t\t<\/div>\n\t\t\t<div class=\"image-tools is-small top right show-on-hover\">\n\t\t\t\t\t\t\t<\/div>\n\t\t\t<div class=\"image-tools is-small hide-for-small bottom left show-on-hover\">\n\t\t\t\t\t\t\t<\/div>\n\t\t\t<div class=\"image-tools grid-tools text-center hide-for-small bottom hover-slide-in show-on-hover\">\n\t\t\t\t  <a class=\"quick-view\" data-prod=\"3868\" href=\"#quick-view\">Visualiza\u00e7\u00e3o R\u00e1pida<\/a>\t\t\t<\/div>\n\t\t\t\t\t<\/div>\n\n\t\t<div class=\"box-text box-text-products\">\n\t\t\t<div class=\"title-wrapper\"><p class=\"name product-title woocommerce-loop-product__title\"><a href=\"https:\/\/swoer.com\/pt_br\/manufacturer\/delta-robot-pick-and-place-company-sw-hrd5t-sd-m\/\" class=\"woocommerce-LoopProduct-link woocommerce-loop-product__link\">Delta Robot Pick and Place Company SW-HRD5T-SD-M<\/a><\/p><\/div><div class=\"price-wrapper\">\n<\/div>\t\t<\/div>\n\t<\/div>\n\t\t<\/div>\n<\/div><div class=\"product-small col has-hover product type-product post-3866 status-publish instock product_cat-delta-robots has-post-thumbnail shipping-taxable product-type-simple\">\n\t<div class=\"col-inner\">\n\t\n<div class=\"badge-container absolute left top z-1\">\n\n<\/div>\n\t<div class=\"product-small box\">\n\t\t<div class=\"box-image\">\n\t\t\t<div class=\"image-zoom_in\">\n\t\t\t\t<a href=\"https:\/\/swoer.com\/pt_br\/manufacturer\/custom-high-speed-delta-robot-sw-hrd5t-sd-f\/\" aria-label=\"Custom High Speed Delta Robot SW-HRD5T-SD-F\">\n\t\t\t\t\t<img loading=\"lazy\" decoding=\"async\" width=\"300\" height=\"300\" src=\"https:\/\/swoer.com\/wp-content\/uploads\/2026\/04\/Custom-High-Speed-Delta-Robot-SW-HRD5T-SD-F-300x300.webp\" class=\"attachment-woocommerce_thumbnail size-woocommerce_thumbnail\" alt=\"Custom High Speed Delta Robot SW-HRD5T-SD-F\" srcset=\"https:\/\/swoer.com\/wp-content\/uploads\/2026\/04\/Custom-High-Speed-Delta-Robot-SW-HRD5T-SD-F-300x300.webp 300w, https:\/\/swoer.com\/wp-content\/uploads\/2026\/04\/Custom-High-Speed-Delta-Robot-SW-HRD5T-SD-F-150x150.webp 150w, https:\/\/swoer.com\/wp-content\/uploads\/2026\/04\/Custom-High-Speed-Delta-Robot-SW-HRD5T-SD-F-768x768.webp 768w, https:\/\/swoer.com\/wp-content\/uploads\/2026\/04\/Custom-High-Speed-Delta-Robot-SW-HRD5T-SD-F-12x12.webp 12w, https:\/\/swoer.com\/wp-content\/uploads\/2026\/04\/Custom-High-Speed-Delta-Robot-SW-HRD5T-SD-F-600x600.webp 600w, https:\/\/swoer.com\/wp-content\/uploads\/2026\/04\/Custom-High-Speed-Delta-Robot-SW-HRD5T-SD-F-100x100.webp 100w, https:\/\/swoer.com\/wp-content\/uploads\/2026\/04\/Custom-High-Speed-Delta-Robot-SW-HRD5T-SD-F.webp 800w\" sizes=\"(max-width: 300px) 100vw, 300px\" \/><img loading=\"lazy\" decoding=\"async\" width=\"300\" height=\"300\" src=\"https:\/\/swoer.com\/wp-content\/uploads\/2026\/04\/Custom-High-Speed-Delta-Robot-SW-HRD5T-SD-F-300x300.webp\" class=\"show-on-hover absolute fill hide-for-small back-imageshow-on-hover absolute fill hide-for-small back-image hover-zoom\" alt=\"Custom High Speed Delta Robot SW-HRD5T-SD-F\" srcset=\"https:\/\/swoer.com\/wp-content\/uploads\/2026\/04\/Custom-High-Speed-Delta-Robot-SW-HRD5T-SD-F-300x300.webp 300w, https:\/\/swoer.com\/wp-content\/uploads\/2026\/04\/Custom-High-Speed-Delta-Robot-SW-HRD5T-SD-F-150x150.webp 150w, https:\/\/swoer.com\/wp-content\/uploads\/2026\/04\/Custom-High-Speed-Delta-Robot-SW-HRD5T-SD-F-768x768.webp 768w, https:\/\/swoer.com\/wp-content\/uploads\/2026\/04\/Custom-High-Speed-Delta-Robot-SW-HRD5T-SD-F-12x12.webp 12w, https:\/\/swoer.com\/wp-content\/uploads\/2026\/04\/Custom-High-Speed-Delta-Robot-SW-HRD5T-SD-F-600x600.webp 600w, https:\/\/swoer.com\/wp-content\/uploads\/2026\/04\/Custom-High-Speed-Delta-Robot-SW-HRD5T-SD-F-100x100.webp 100w, https:\/\/swoer.com\/wp-content\/uploads\/2026\/04\/Custom-High-Speed-Delta-Robot-SW-HRD5T-SD-F.webp 800w\" sizes=\"(max-width: 300px) 100vw, 300px\" \/>\t\t\t\t<\/a>\n\t\t\t<\/div>\n\t\t\t<div class=\"image-tools is-small top right show-on-hover\">\n\t\t\t\t\t\t\t<\/div>\n\t\t\t<div class=\"image-tools is-small hide-for-small bottom left show-on-hover\">\n\t\t\t\t\t\t\t<\/div>\n\t\t\t<div class=\"image-tools grid-tools text-center hide-for-small bottom hover-slide-in show-on-hover\">\n\t\t\t\t  <a class=\"quick-view\" data-prod=\"3866\" href=\"#quick-view\">Visualiza\u00e7\u00e3o R\u00e1pida<\/a>\t\t\t<\/div>\n\t\t\t\t\t<\/div>\n\n\t\t<div class=\"box-text box-text-products\">\n\t\t\t<div class=\"title-wrapper\"><p class=\"name product-title woocommerce-loop-product__title\"><a href=\"https:\/\/swoer.com\/pt_br\/manufacturer\/custom-high-speed-delta-robot-sw-hrd5t-sd-f\/\" class=\"woocommerce-LoopProduct-link woocommerce-loop-product__link\">Custom High Speed Delta Robot SW-HRD5T-SD-F<\/a><\/p><\/div><div class=\"price-wrapper\">\n<\/div>\t\t<\/div>\n\t<\/div>\n\t\t<\/div>\n<\/div><\/div>","protected":false},"excerpt":{"rendered":"<p>A SWOER fabrica alimentadores flex\u00edveis para atender \u00e0s especifica\u00e7\u00f5es das pe\u00e7as e \u00e0s necessidades do cliente. Com pre\u00e7os competitivos, nossos sistemas se integram perfeitamente com rob\u00f4s e vis\u00e3o CCD para maior efici\u00eancia. Confie na SWOER para solu\u00e7\u00f5es que se ajustem aos seus requisitos e or\u00e7amento.<\/p>\n<p>Se voc\u00ea deseja obter pre\u00e7os para Sistemas de Alimenta\u00e7\u00e3o Flex\u00edvel, entre em contato conosco.<\/p>","protected":false},"featured_media":1759,"comment_status":"open","ping_status":"closed","template":"","meta":[],"product_cat":[15],"product_tag":[],"yoast_head":"<!-- This site is optimized with the Yoast SEO plugin v22.2 - https:\/\/yoast.com\/wordpress\/plugins\/seo\/ -->\n<title>Flexible Feeders SW-420 - SWOER<\/title>\n<meta name=\"description\" content=\"SW-420 Flexible Feeder, for sorting large, irregular materials like toy blocks, medical equipment, automotive parts, and special-shaped metal components.\" \/>\n<meta name=\"robots\" content=\"index, follow, max-snippet:-1, max-image-preview:large, max-video-preview:-1\" \/>\n<link rel=\"canonical\" href=\"https:\/\/swoer.com\/pt_br\/manufacturer\/flexible-feeders-sw-420\/\" \/>\n<meta property=\"og:locale\" content=\"pt_BR\" \/>\n<meta property=\"og:type\" content=\"article\" \/>\n<meta property=\"og:title\" content=\"Flexible Feeders SW-420 - SWOER\" \/>\n<meta property=\"og:description\" content=\"SW-420 Flexible Feeder, for sorting large, irregular materials like toy blocks, medical equipment, automotive parts, and special-shaped metal components.\" \/>\n<meta property=\"og:url\" content=\"https:\/\/swoer.com\/pt_br\/manufacturer\/flexible-feeders-sw-420\/\" \/>\n<meta property=\"og:site_name\" content=\"SWOER\" \/>\n<meta property=\"article:modified_time\" content=\"2025-02-07T08:48:14+00:00\" \/>\n<meta property=\"og:image\" content=\"https:\/\/swoer.com\/wp-content\/uploads\/2024\/03\/flexible-feeders-SW-420.webp\" \/>\n\t<meta property=\"og:image:width\" content=\"1000\" \/>\n\t<meta property=\"og:image:height\" content=\"1000\" \/>\n\t<meta property=\"og:image:type\" content=\"image\/webp\" \/>\n<meta name=\"twitter:card\" content=\"summary_large_image\" \/>\n<meta name=\"twitter:label1\" content=\"Est. tempo de leitura\" \/>\n\t<meta name=\"twitter:data1\" content=\"1 minuto\" \/>\n<script type=\"application\/ld+json\" class=\"yoast-schema-graph\">{\"@context\":\"https:\/\/schema.org\",\"@graph\":[{\"@type\":\"WebPage\",\"@id\":\"https:\/\/swoer.com\/manufacturer\/flexible-feeders-sw-420\/\",\"url\":\"https:\/\/swoer.com\/manufacturer\/flexible-feeders-sw-420\/\",\"name\":\"Flexible Feeders SW-420 - SWOER\",\"isPartOf\":{\"@id\":\"https:\/\/swoer.com\/#website\"},\"primaryImageOfPage\":{\"@id\":\"https:\/\/swoer.com\/manufacturer\/flexible-feeders-sw-420\/#primaryimage\"},\"image\":{\"@id\":\"https:\/\/swoer.com\/manufacturer\/flexible-feeders-sw-420\/#primaryimage\"},\"thumbnailUrl\":\"https:\/\/swoer.com\/wp-content\/uploads\/2024\/03\/flexible-feeders-SW-420.webp\",\"datePublished\":\"2024-03-30T06:54:42+00:00\",\"dateModified\":\"2025-02-07T08:48:14+00:00\",\"description\":\"SW-420 Flexible Feeder, for sorting large, irregular materials like toy blocks, medical equipment, automotive parts, and special-shaped metal components.\",\"breadcrumb\":{\"@id\":\"https:\/\/swoer.com\/manufacturer\/flexible-feeders-sw-420\/#breadcrumb\"},\"inLanguage\":\"pt-BR\",\"potentialAction\":[{\"@type\":\"ReadAction\",\"target\":[\"https:\/\/swoer.com\/manufacturer\/flexible-feeders-sw-420\/\"]}]},{\"@type\":\"ImageObject\",\"inLanguage\":\"pt-BR\",\"@id\":\"https:\/\/swoer.com\/manufacturer\/flexible-feeders-sw-420\/#primaryimage\",\"url\":\"https:\/\/swoer.com\/wp-content\/uploads\/2024\/03\/flexible-feeders-SW-420.webp\",\"contentUrl\":\"https:\/\/swoer.com\/wp-content\/uploads\/2024\/03\/flexible-feeders-SW-420.webp\",\"width\":1000,\"height\":1000,\"caption\":\"flexible feeders SW-420\"},{\"@type\":\"BreadcrumbList\",\"@id\":\"https:\/\/swoer.com\/manufacturer\/flexible-feeders-sw-420\/#breadcrumb\",\"itemListElement\":[{\"@type\":\"ListItem\",\"position\":1,\"name\":\"Home\",\"item\":\"https:\/\/swoer.com\/\"},{\"@type\":\"ListItem\",\"position\":2,\"name\":\"Shop\",\"item\":\"https:\/\/swoer.com\/shop\/\"},{\"@type\":\"ListItem\",\"position\":3,\"name\":\"Flexible Feeders SW-420\"}]},{\"@type\":\"WebSite\",\"@id\":\"https:\/\/swoer.com\/#website\",\"url\":\"https:\/\/swoer.com\/\",\"name\":\"SWOER\",\"description\":\"Swoer is the top 3 vibratory bowl feeder manufacturer in China\",\"potentialAction\":[{\"@type\":\"SearchAction\",\"target\":{\"@type\":\"EntryPoint\",\"urlTemplate\":\"https:\/\/swoer.com\/?s={search_term_string}\"},\"query-input\":\"required name=search_term_string\"}],\"inLanguage\":\"pt-BR\"}]}<\/script>\n<!-- \/ Yoast SEO plugin. -->","yoast_head_json":{"title":"Flexible Feeders SW-420 - SWOER","description":"SW-420 Flexible Feeder, for sorting large, irregular materials like toy blocks, medical equipment, automotive parts, and special-shaped metal components.","robots":{"index":"index","follow":"follow","max-snippet":"max-snippet:-1","max-image-preview":"max-image-preview:large","max-video-preview":"max-video-preview:-1"},"canonical":"https:\/\/swoer.com\/pt_br\/manufacturer\/flexible-feeders-sw-420\/","og_locale":"pt_BR","og_type":"article","og_title":"Flexible Feeders SW-420 - SWOER","og_description":"SW-420 Flexible Feeder, for sorting large, irregular materials like toy blocks, medical equipment, automotive parts, and special-shaped metal components.","og_url":"https:\/\/swoer.com\/pt_br\/manufacturer\/flexible-feeders-sw-420\/","og_site_name":"SWOER","article_modified_time":"2025-02-07T08:48:14+00:00","og_image":[{"width":1000,"height":1000,"url":"https:\/\/swoer.com\/wp-content\/uploads\/2024\/03\/flexible-feeders-SW-420.webp","type":"image\/webp"}],"twitter_card":"summary_large_image","twitter_misc":{"Est. tempo de leitura":"1 minuto"},"schema":{"@context":"https:\/\/schema.org","@graph":[{"@type":"WebPage","@id":"https:\/\/swoer.com\/manufacturer\/flexible-feeders-sw-420\/","url":"https:\/\/swoer.com\/manufacturer\/flexible-feeders-sw-420\/","name":"Flexible Feeders SW-420 - SWOER","isPartOf":{"@id":"https:\/\/swoer.com\/#website"},"primaryImageOfPage":{"@id":"https:\/\/swoer.com\/manufacturer\/flexible-feeders-sw-420\/#primaryimage"},"image":{"@id":"https:\/\/swoer.com\/manufacturer\/flexible-feeders-sw-420\/#primaryimage"},"thumbnailUrl":"https:\/\/swoer.com\/wp-content\/uploads\/2024\/03\/flexible-feeders-SW-420.webp","datePublished":"2024-03-30T06:54:42+00:00","dateModified":"2025-02-07T08:48:14+00:00","description":"SW-420 Flexible Feeder, for sorting large, irregular materials like toy blocks, medical equipment, automotive parts, and special-shaped metal components.","breadcrumb":{"@id":"https:\/\/swoer.com\/manufacturer\/flexible-feeders-sw-420\/#breadcrumb"},"inLanguage":"pt-BR","potentialAction":[{"@type":"ReadAction","target":["https:\/\/swoer.com\/manufacturer\/flexible-feeders-sw-420\/"]}]},{"@type":"ImageObject","inLanguage":"pt-BR","@id":"https:\/\/swoer.com\/manufacturer\/flexible-feeders-sw-420\/#primaryimage","url":"https:\/\/swoer.com\/wp-content\/uploads\/2024\/03\/flexible-feeders-SW-420.webp","contentUrl":"https:\/\/swoer.com\/wp-content\/uploads\/2024\/03\/flexible-feeders-SW-420.webp","width":1000,"height":1000,"caption":"flexible feeders SW-420"},{"@type":"BreadcrumbList","@id":"https:\/\/swoer.com\/manufacturer\/flexible-feeders-sw-420\/#breadcrumb","itemListElement":[{"@type":"ListItem","position":1,"name":"Home","item":"https:\/\/swoer.com\/"},{"@type":"ListItem","position":2,"name":"Shop","item":"https:\/\/swoer.com\/shop\/"},{"@type":"ListItem","position":3,"name":"Flexible Feeders SW-420"}]},{"@type":"WebSite","@id":"https:\/\/swoer.com\/#website","url":"https:\/\/swoer.com\/","name":"SWOER","description":"Swoer is the top 3 vibratory bowl feeder manufacturer in China","potentialAction":[{"@type":"SearchAction","target":{"@type":"EntryPoint","urlTemplate":"https:\/\/swoer.com\/?s={search_term_string}"},"query-input":"required name=search_term_string"}],"inLanguage":"pt-BR"}]}},"_links":{"self":[{"href":"https:\/\/swoer.com\/pt_br\/wp-json\/wp\/v2\/product\/1758"}],"collection":[{"href":"https:\/\/swoer.com\/pt_br\/wp-json\/wp\/v2\/product"}],"about":[{"href":"https:\/\/swoer.com\/pt_br\/wp-json\/wp\/v2\/types\/product"}],"replies":[{"embeddable":true,"href":"https:\/\/swoer.com\/pt_br\/wp-json\/wp\/v2\/comments?post=1758"}],"wp:featuredmedia":[{"embeddable":true,"href":"https:\/\/swoer.com\/pt_br\/wp-json\/wp\/v2\/media\/1759"}],"wp:attachment":[{"href":"https:\/\/swoer.com\/pt_br\/wp-json\/wp\/v2\/media?parent=1758"}],"wp:term":[{"taxonomy":"product_cat","embeddable":true,"href":"https:\/\/swoer.com\/pt_br\/wp-json\/wp\/v2\/product_cat?post=1758"},{"taxonomy":"product_tag","embeddable":true,"href":"https:\/\/swoer.com\/pt_br\/wp-json\/wp\/v2\/product_tag?post=1758"}],"curies":[{"name":"wp","href":"https:\/\/api.w.org\/{rel}","templated":true}]}}