{"id":1738,"date":"2024-03-30T03:53:19","date_gmt":"2024-03-30T03:53:19","guid":{"rendered":"https:\/\/lightgrey-porpoise-816575.hostingersite.com\/?post_type=product&#038;p=1738"},"modified":"2024-08-01T14:20:13","modified_gmt":"2024-08-01T06:20:13","slug":"three-tracks-vibratory-parts-feeder-for-white-caps","status":"publish","type":"product","link":"https:\/\/swoer.com\/pt_br\/manufacturer\/three-tracks-vibratory-parts-feeder-for-white-caps\/","title":{"rendered":"Alimentador vibrat\u00f3rio de pe\u00e7as de tr\u00eas faixas para tampas brancas"},"content":{"rendered":"<p>Na SWOER, somos especializados em personalizar Alimentadores de Pe\u00e7as Vibrat\u00f3rios de Tr\u00eas Trilhos para corresponder \u00e0s caracter\u00edsticas precisas das pe\u00e7as e aos requisitos espec\u00edficos de nossos clientes. Nossas solu\u00e7\u00f5es personalizadas garantem desempenho e precis\u00e3o ideais no manuseio de tampas brancas e componentes semelhantes.<\/p>\n<p>Al\u00e9m disso, oferecemos pre\u00e7os de f\u00e1brica competitivos, garantindo acessibilidade ao mesmo tempo em que mantemos altos padr\u00f5es de qualidade. Confie na SWOER para alimentadores de pe\u00e7as vibrat\u00f3rias personalizados que se alinham perfeitamente com suas necessidades e restri\u00e7\u00f5es de or\u00e7amento.<\/p>\n\t<div id=\"gap-1703554257\" class=\"gap-element clearfix\" style=\"display:block; height:auto;\">\n\t\t\n<style>\n#gap-1703554257 {\n  padding-top: 30px;\n}\n<\/style>\n\t<\/div>\n\t\n<h2>Par\u00e2metro do alimentador de tigela:<\/h2>\n<table width=\"684\">\n<tbody>\n<tr>\n<td width=\"183\">Nome do produto<\/td>\n<td width=\"501\">Alimentador vibrat\u00f3rio de pe\u00e7as de tr\u00eas faixas para tampas brancas<\/td>\n<\/tr>\n<tr>\n<td>Material<\/td>\n<td>\u00a0SUS201\/304<\/td>\n<\/tr>\n<tr>\n<td>Especialidade de material<\/td>\n<td>Liga de forjamento de tratamento a frio, Alta resist\u00eancia, Alta dureza<\/td>\n<\/tr>\n<tr>\n<td>Tens\u00e3o<\/td>\n<td>220V<\/td>\n<\/tr>\n<tr>\n<td>Poder<\/td>\n<td>65 W \/150 W \/180 W \/220 W \/350 W<\/td>\n<\/tr>\n<tr>\n<td>Autentica\u00e7\u00e3o<\/td>\n<td>CE, ROHS, ISO9001<\/td>\n<\/tr>\n<tr>\n<td>Garantia<\/td>\n<td>Garantia de 1 ano<\/td>\n<\/tr>\n<tr>\n<td>Quantidade m\u00ednima<\/td>\n<td>1 conjunto<\/td>\n<\/tr>\n<tr>\n<td>Tempo de espera<\/td>\n<td>10-14 dias<\/td>\n<\/tr>\n<tr>\n<td>Prazo de pagamento<\/td>\n<td>T\/T 40% Dep\u00f3sito e saldo antes do envio<\/td>\n<\/tr>\n<tr>\n<td>Original do lugar<\/td>\n<td>China<\/td>\n<\/tr>\n<\/tbody>\n<\/table>\n\t<div id=\"gap-740629188\" class=\"gap-element clearfix\" style=\"display:block; height:auto;\">\n\t\t\n<style>\n#gap-740629188 {\n  padding-top: 30px;\n}\n<\/style>\n\t<\/div>\n\t\n<h2>Detalhes da tampa branca:<\/h2>\n\t<div class=\"img has-hover x md-x lg-x y md-y lg-y\" id=\"image_2128364654\">\n\t\t\t\t\t\t\t\t<div class=\"img-inner dark\" >\n\t\t\t<img loading=\"lazy\" decoding=\"async\" width=\"104\" height=\"150\" src=\"https:\/\/swoer.com\/wp-content\/uploads\/2024\/03\/white-cap-detail-104x150.webp\" class=\"attachment-thumbnail size-thumbnail\" alt=\"detalhe da touca branca\" \/>\t\t\t\t\t\t\n\t\t\t\t\t<\/div>\n\t\t\t\t\t\t\t\t\n<style>\n#image_2128364654 {\n  width: 25%;\n}\n<\/style>\n\t<\/div>\n\t\n\t<div id=\"gap-582478721\" class=\"gap-element clearfix\" style=\"display:block; height:auto;\">\n\t\t\n<style>\n#gap-582478721 {\n  padding-top: 30px;\n}\n<\/style>\n\t<\/div>\n\t\n<h3><strong>Forne\u00e7a-nos os seguintes detalhes para suas necessidades:<\/strong><\/h3>\n<ul>\n<li><strong>Detalhes do componente<\/strong>: Imagens, dimens\u00f5es e, se dispon\u00edvel, desenhos 3D dos componentes.<\/li>\n<li><strong>Velocidade necess\u00e1ria<\/strong>: O n\u00famero de pe\u00e7as por minuto (por exemplo, 30 pe\u00e7as\/min).<\/li>\n<li><strong>Orienta\u00e7\u00e3o de rota\u00e7\u00e3o<\/strong>:O alimentador deve girar no sentido hor\u00e1rio ou anti-hor\u00e1rio?<\/li>\n<li><strong>Orienta\u00e7\u00e3o de alimenta\u00e7\u00e3o<\/strong>: A orienta\u00e7\u00e3o desejada dos componentes durante a alimenta\u00e7\u00e3o.<\/li>\n<li><strong>Equipamento adicional<\/strong>:Voc\u00ea precisa de um alimentador linear, rodap\u00e9 ou funil?<\/li>\n<\/ul>\n<p>Com essas informa\u00e7\u00f5es, avaliaremos prontamente suas necessidades e forneceremos um or\u00e7amento personalizado.<\/p>\n\t<div id=\"gap-891098192\" class=\"gap-element clearfix\" style=\"display:block; height:auto;\">\n\t\t\n<style>\n#gap-891098192 {\n  padding-top: 30px;\n}\n<\/style>\n\t<\/div>\n\t\n<h2 style=\"text-align: center;\">Contate-nos<\/h2>\n\n<div class=\"wpcf7 no-js\" id=\"wpcf7-f5-o1\" lang=\"en-US\" dir=\"ltr\">\n<div class=\"screen-reader-response\"><p role=\"status\" aria-live=\"polite\" aria-atomic=\"true\"><\/p> <ul><\/ul><\/div>\n<form action=\"\/pt_br\/wp-json\/wp\/v2\/product\/1738#wpcf7-f5-o1\" method=\"post\" class=\"wpcf7-form init\" aria-label=\"Formul\u00e1rio de contato\" novalidate=\"novalidate\" data-status=\"init\" data-trp-original-action=\"\/pt_br\/wp-json\/wp\/v2\/product\/1738#wpcf7-f5-o1\">\n<div style=\"display: none;\">\n<input type=\"hidden\" name=\"_wpcf7\" value=\"5\" \/>\n<input type=\"hidden\" name=\"_wpcf7_version\" value=\"5.9.2\" \/>\n<input type=\"hidden\" name=\"_wpcf7_locale\" value=\"en_US\" \/>\n<input type=\"hidden\" name=\"_wpcf7_unit_tag\" value=\"wpcf7-f5-o1\" \/>\n<input type=\"hidden\" name=\"_wpcf7_container_post\" value=\"0\" \/>\n<input type=\"hidden\" name=\"_wpcf7_posted_data_hash\" value=\"\" \/>\n<\/div>\n<div class='custom_contact_style'>\n\t<p><label> Seu nome<br \/>\n<span class=\"wpcf7-form-control-wrap\" data-name=\"your-name\"><input size=\"40\" class=\"wpcf7-form-control wpcf7-text wpcf7-validates-as-required\" autocomplete=\"name\" aria-required=\"true\" aria-invalid=\"false\" value=\"\" type=\"text\" name=\"your-name\" \/><\/span> <\/label>\n\t<\/p>\n\t<p><label> Seu e-mail<br \/>\n<span class=\"wpcf7-form-control-wrap\" data-name=\"your-email\"><input size=\"40\" class=\"wpcf7-form-control wpcf7-email wpcf7-validates-as-required wpcf7-text wpcf7-validates-as-email\" autocomplete=\"email\" aria-required=\"true\" aria-invalid=\"false\" value=\"\" type=\"email\" name=\"your-email\" \/><\/span> <\/label>\n\t<\/p>\n\t<p><label> Sua mensagem (opcional)<br \/>\n<span class=\"wpcf7-form-control-wrap\" data-name=\"your-message\"><textarea cols=\"40\" rows=\"10\" class=\"wpcf7-form-control wpcf7-textarea\" aria-invalid=\"false\" name=\"your-message\"><\/textarea><\/span> <\/label>\n\t<\/p>\n\t<div style=\"margin-bottom:10px;\">\n\t\t<p><span class=\"wpcf7-form-control-wrap kc_captcha cf7ic-toggle\" data-name=\"kc_captcha\"><span class=\"wpcf7-form-control wpcf7-radio\"><span class=\"captcha-image\" style=\"display: none;\"><span class=\"cf7ic_instructions\">Por favor, prove que voc\u00ea \u00e9 humano selecionando<span> car<\/span>.<\/span><label><input aria-label=\"1\" type=\"radio\" name=\"kc_captcha\" value=\"bot\" \/><svg aria-hidden=\"true\" role=\"img\" xmlns=\"http:\/\/www.w3.org\/2000\/svg\" viewbox=\"0 0 576 512\"><path fill=\"currentColor\" d=\"M415 24c-53 0-103 42-127 65-24-23-74-65-127-65C70 24 16 77 16 166c0 72 67 133 69 135l187 181c9 8 23 8 32 0l187-180c2-3 69-64 69-136 0-89-54-142-145-142z\"\/><\/svg><\/label><label><input aria-label=\"2\" type=\"radio\" name=\"kc_captcha\" value=\"kc_human\" \/><svg aria-hidden=\"true\" role=\"img\" xmlns=\"http:\/\/www.w3.org\/2000\/svg\" viewbox=\"0 0 512 512\"><path fill=\"currentColor\" d=\"M500 168h-55l-8-21a127 127 0 00-120-83H195a127 127 0 00-120 83l-8 21H12c-8 0-14 8-11 16l8 24a12 12 0 0011 8h29a64 64 0 00-33 56v48c0 16 6 31 16 42v62c0 13 11 24 24 24h48c13 0 24-11 24-24v-40h256v40c0 13 11 24 24 24h48c13 0 24-11 24-24v-62c10-11 16-26 16-42v-48c0-24-13-45-33-56h29a12 12 0 0011-8l8-24c3-8-3-16-11-16zm-365 2c9-25 33-42 60-42h122c27 0 51 17 60 42l15 38H120l15-38zM88 328a32 32 0 010-64c18 0 48 30 48 48s-30 16-48 16zm336 0c-18 0-48 2-48-16s30-48 48-48 32 14 32 32-14 32-32 32z\"\/><\/svg><\/label><label><input aria-label=\"3\" type=\"radio\" name=\"kc_captcha\" value=\"bot\" \/><svg aria-hidden=\"true\" role=\"img\" xmlns=\"http:\/\/www.w3.org\/2000\/svg\" viewbox=\"0 0 512 512\"><path fill=\"currentColor\" d=\"M350 99c-54 0-98-35-166-35-25 0-47 4-68 12a56 56 0 004-24C118 24 95 1 66 0a56 56 0 00-34 102v386c0 13 11 24 24 24h16c13 0 24-11 24-24v-94c28-12 64-23 114-23 54 0 98 35 166 35 48 0 86-16 122-41 9-6 14-15 14-26V96c0-23-24-39-45-29-35 16-77 32-117 32z\"\/><\/svg><\/label>\r\n    <\/span>\r\n    <span style=\"display:none\">\r\n        <input type=\"text\" name=\"kc_honeypot\">\r\n    <\/span><\/span><\/span>\n\t\t<\/p>\n\t<\/div>\n\t<p><input class=\"wpcf7-form-control wpcf7-submit has-spinner\" type=\"submit\" value=\"Enviar\" \/>\n\t<\/p>\n<\/div><div class=\"wpcf7-response-output\" aria-hidden=\"true\"><\/div>\n<input type=\"hidden\" name=\"trp-form-language\" value=\"pt_br\"\/><\/form>\n<\/div>","protected":false},"excerpt":{"rendered":"<p>A SWOER \u00e9 especializada na personaliza\u00e7\u00e3o de alimentadores vibrat\u00f3rios de pe\u00e7as de tr\u00eas pistas para atender \u00e0s caracter\u00edsticas das pe\u00e7as e aos requisitos do cliente, tudo a pre\u00e7os de f\u00e1brica competitivos.<\/p>\n<p>Se voc\u00ea quiser saber os pre\u00e7os dos alimentadores de tigela, entre em contato conosco.<\/p>","protected":false},"featured_media":1739,"comment_status":"open","ping_status":"closed","template":"","meta":[],"product_cat":[37],"product_tag":[],"yoast_head":"<!-- This site is optimized with the Yoast SEO plugin v22.2 - https:\/\/yoast.com\/wordpress\/plugins\/seo\/ -->\n<title>Three Tracks Vibratory Parts Feeder for White Caps - SWOER<\/title>\n<meta name=\"description\" content=\"Three Tracks Vibratory Parts Feeder for white caps. Custom solutions, fast delivery, and CE\/UL-certified quality. Optimize your production with SWOER today.\" \/>\n<meta name=\"robots\" content=\"index, follow, max-snippet:-1, max-image-preview:large, max-video-preview:-1\" \/>\n<link rel=\"canonical\" href=\"https:\/\/swoer.com\/pt_br\/manufacturer\/three-tracks-vibratory-parts-feeder-for-white-caps\/\" \/>\n<meta property=\"og:locale\" content=\"pt_BR\" \/>\n<meta property=\"og:type\" content=\"article\" \/>\n<meta property=\"og:title\" content=\"Three Tracks Vibratory Parts Feeder for White Caps - SWOER\" \/>\n<meta property=\"og:description\" content=\"Three Tracks Vibratory Parts Feeder for white caps. Custom solutions, fast delivery, and CE\/UL-certified quality. Optimize your production with SWOER today.\" \/>\n<meta property=\"og:url\" content=\"https:\/\/swoer.com\/pt_br\/manufacturer\/three-tracks-vibratory-parts-feeder-for-white-caps\/\" \/>\n<meta property=\"og:site_name\" content=\"SWOER\" \/>\n<meta property=\"article:modified_time\" content=\"2024-08-01T06:20:13+00:00\" \/>\n<meta property=\"og:image\" content=\"https:\/\/swoer.com\/wp-content\/uploads\/2024\/03\/three-tracks-vibratory-parts-feeder-for-white-caps.webp\" \/>\n\t<meta property=\"og:image:width\" content=\"1000\" \/>\n\t<meta property=\"og:image:height\" content=\"1000\" \/>\n\t<meta property=\"og:image:type\" content=\"image\/webp\" \/>\n<meta name=\"twitter:card\" content=\"summary_large_image\" \/>\n<meta name=\"twitter:label1\" content=\"Est. tempo de leitura\" \/>\n\t<meta name=\"twitter:data1\" content=\"2 minutos\" \/>\n<script type=\"application\/ld+json\" class=\"yoast-schema-graph\">{\"@context\":\"https:\/\/schema.org\",\"@graph\":[{\"@type\":\"WebPage\",\"@id\":\"https:\/\/swoer.com\/manufacturer\/three-tracks-vibratory-parts-feeder-for-white-caps\/\",\"url\":\"https:\/\/swoer.com\/manufacturer\/three-tracks-vibratory-parts-feeder-for-white-caps\/\",\"name\":\"Three Tracks Vibratory Parts Feeder for White Caps - SWOER\",\"isPartOf\":{\"@id\":\"https:\/\/swoer.com\/#website\"},\"primaryImageOfPage\":{\"@id\":\"https:\/\/swoer.com\/manufacturer\/three-tracks-vibratory-parts-feeder-for-white-caps\/#primaryimage\"},\"image\":{\"@id\":\"https:\/\/swoer.com\/manufacturer\/three-tracks-vibratory-parts-feeder-for-white-caps\/#primaryimage\"},\"thumbnailUrl\":\"https:\/\/swoer.com\/wp-content\/uploads\/2024\/03\/three-tracks-vibratory-parts-feeder-for-white-caps.webp\",\"datePublished\":\"2024-03-30T03:53:19+00:00\",\"dateModified\":\"2024-08-01T06:20:13+00:00\",\"description\":\"Three Tracks Vibratory Parts Feeder for white caps. Custom solutions, fast delivery, and CE\/UL-certified quality. Optimize your production with SWOER today.\",\"breadcrumb\":{\"@id\":\"https:\/\/swoer.com\/manufacturer\/three-tracks-vibratory-parts-feeder-for-white-caps\/#breadcrumb\"},\"inLanguage\":\"pt-BR\",\"potentialAction\":[{\"@type\":\"ReadAction\",\"target\":[\"https:\/\/swoer.com\/manufacturer\/three-tracks-vibratory-parts-feeder-for-white-caps\/\"]}]},{\"@type\":\"ImageObject\",\"inLanguage\":\"pt-BR\",\"@id\":\"https:\/\/swoer.com\/manufacturer\/three-tracks-vibratory-parts-feeder-for-white-caps\/#primaryimage\",\"url\":\"https:\/\/swoer.com\/wp-content\/uploads\/2024\/03\/three-tracks-vibratory-parts-feeder-for-white-caps.webp\",\"contentUrl\":\"https:\/\/swoer.com\/wp-content\/uploads\/2024\/03\/three-tracks-vibratory-parts-feeder-for-white-caps.webp\",\"width\":1000,\"height\":1000,\"caption\":\"three tracks vibratory parts feeder for white caps\"},{\"@type\":\"BreadcrumbList\",\"@id\":\"https:\/\/swoer.com\/manufacturer\/three-tracks-vibratory-parts-feeder-for-white-caps\/#breadcrumb\",\"itemListElement\":[{\"@type\":\"ListItem\",\"position\":1,\"name\":\"Home\",\"item\":\"https:\/\/swoer.com\/\"},{\"@type\":\"ListItem\",\"position\":2,\"name\":\"Shop\",\"item\":\"https:\/\/swoer.com\/shop\/\"},{\"@type\":\"ListItem\",\"position\":3,\"name\":\"Three Tracks Vibratory Parts Feeder for White Caps\"}]},{\"@type\":\"WebSite\",\"@id\":\"https:\/\/swoer.com\/#website\",\"url\":\"https:\/\/swoer.com\/\",\"name\":\"SWOER\",\"description\":\"Swoer is the top 3 vibratory bowl feeder manufacturer in China\",\"potentialAction\":[{\"@type\":\"SearchAction\",\"target\":{\"@type\":\"EntryPoint\",\"urlTemplate\":\"https:\/\/swoer.com\/?s={search_term_string}\"},\"query-input\":\"required name=search_term_string\"}],\"inLanguage\":\"pt-BR\"}]}<\/script>\n<!-- \/ Yoast SEO plugin. -->","yoast_head_json":{"title":"Three Tracks Vibratory Parts Feeder for White Caps - SWOER","description":"Three Tracks Vibratory Parts Feeder for white caps. Custom solutions, fast delivery, and CE\/UL-certified quality. Optimize your production with SWOER today.","robots":{"index":"index","follow":"follow","max-snippet":"max-snippet:-1","max-image-preview":"max-image-preview:large","max-video-preview":"max-video-preview:-1"},"canonical":"https:\/\/swoer.com\/pt_br\/manufacturer\/three-tracks-vibratory-parts-feeder-for-white-caps\/","og_locale":"pt_BR","og_type":"article","og_title":"Three Tracks Vibratory Parts Feeder for White Caps - SWOER","og_description":"Three Tracks Vibratory Parts Feeder for white caps. Custom solutions, fast delivery, and CE\/UL-certified quality. Optimize your production with SWOER today.","og_url":"https:\/\/swoer.com\/pt_br\/manufacturer\/three-tracks-vibratory-parts-feeder-for-white-caps\/","og_site_name":"SWOER","article_modified_time":"2024-08-01T06:20:13+00:00","og_image":[{"width":1000,"height":1000,"url":"https:\/\/swoer.com\/wp-content\/uploads\/2024\/03\/three-tracks-vibratory-parts-feeder-for-white-caps.webp","type":"image\/webp"}],"twitter_card":"summary_large_image","twitter_misc":{"Est. tempo de leitura":"2 minutos"},"schema":{"@context":"https:\/\/schema.org","@graph":[{"@type":"WebPage","@id":"https:\/\/swoer.com\/manufacturer\/three-tracks-vibratory-parts-feeder-for-white-caps\/","url":"https:\/\/swoer.com\/manufacturer\/three-tracks-vibratory-parts-feeder-for-white-caps\/","name":"Three Tracks Vibratory Parts Feeder for White Caps - SWOER","isPartOf":{"@id":"https:\/\/swoer.com\/#website"},"primaryImageOfPage":{"@id":"https:\/\/swoer.com\/manufacturer\/three-tracks-vibratory-parts-feeder-for-white-caps\/#primaryimage"},"image":{"@id":"https:\/\/swoer.com\/manufacturer\/three-tracks-vibratory-parts-feeder-for-white-caps\/#primaryimage"},"thumbnailUrl":"https:\/\/swoer.com\/wp-content\/uploads\/2024\/03\/three-tracks-vibratory-parts-feeder-for-white-caps.webp","datePublished":"2024-03-30T03:53:19+00:00","dateModified":"2024-08-01T06:20:13+00:00","description":"Three Tracks Vibratory Parts Feeder for white caps. Custom solutions, fast delivery, and CE\/UL-certified quality. Optimize your production with SWOER today.","breadcrumb":{"@id":"https:\/\/swoer.com\/manufacturer\/three-tracks-vibratory-parts-feeder-for-white-caps\/#breadcrumb"},"inLanguage":"pt-BR","potentialAction":[{"@type":"ReadAction","target":["https:\/\/swoer.com\/manufacturer\/three-tracks-vibratory-parts-feeder-for-white-caps\/"]}]},{"@type":"ImageObject","inLanguage":"pt-BR","@id":"https:\/\/swoer.com\/manufacturer\/three-tracks-vibratory-parts-feeder-for-white-caps\/#primaryimage","url":"https:\/\/swoer.com\/wp-content\/uploads\/2024\/03\/three-tracks-vibratory-parts-feeder-for-white-caps.webp","contentUrl":"https:\/\/swoer.com\/wp-content\/uploads\/2024\/03\/three-tracks-vibratory-parts-feeder-for-white-caps.webp","width":1000,"height":1000,"caption":"three tracks vibratory parts feeder for white caps"},{"@type":"BreadcrumbList","@id":"https:\/\/swoer.com\/manufacturer\/three-tracks-vibratory-parts-feeder-for-white-caps\/#breadcrumb","itemListElement":[{"@type":"ListItem","position":1,"name":"Home","item":"https:\/\/swoer.com\/"},{"@type":"ListItem","position":2,"name":"Shop","item":"https:\/\/swoer.com\/shop\/"},{"@type":"ListItem","position":3,"name":"Three Tracks Vibratory Parts Feeder for White Caps"}]},{"@type":"WebSite","@id":"https:\/\/swoer.com\/#website","url":"https:\/\/swoer.com\/","name":"SWOER","description":"Swoer is the top 3 vibratory bowl feeder manufacturer in China","potentialAction":[{"@type":"SearchAction","target":{"@type":"EntryPoint","urlTemplate":"https:\/\/swoer.com\/?s={search_term_string}"},"query-input":"required name=search_term_string"}],"inLanguage":"pt-BR"}]}},"_links":{"self":[{"href":"https:\/\/swoer.com\/pt_br\/wp-json\/wp\/v2\/product\/1738"}],"collection":[{"href":"https:\/\/swoer.com\/pt_br\/wp-json\/wp\/v2\/product"}],"about":[{"href":"https:\/\/swoer.com\/pt_br\/wp-json\/wp\/v2\/types\/product"}],"replies":[{"embeddable":true,"href":"https:\/\/swoer.com\/pt_br\/wp-json\/wp\/v2\/comments?post=1738"}],"wp:featuredmedia":[{"embeddable":true,"href":"https:\/\/swoer.com\/pt_br\/wp-json\/wp\/v2\/media\/1739"}],"wp:attachment":[{"href":"https:\/\/swoer.com\/pt_br\/wp-json\/wp\/v2\/media?parent=1738"}],"wp:term":[{"taxonomy":"product_cat","embeddable":true,"href":"https:\/\/swoer.com\/pt_br\/wp-json\/wp\/v2\/product_cat?post=1738"},{"taxonomy":"product_tag","embeddable":true,"href":"https:\/\/swoer.com\/pt_br\/wp-json\/wp\/v2\/product_tag?post=1738"}],"curies":[{"name":"wp","href":"https:\/\/api.w.org\/{rel}","templated":true}]}}