{"id":1730,"date":"2024-03-30T03:32:35","date_gmt":"2024-03-30T03:32:35","guid":{"rendered":"https:\/\/lightgrey-porpoise-816575.hostingersite.com\/?post_type=product&#038;p=1730"},"modified":"2024-08-03T14:36:48","modified_gmt":"2024-08-03T06:36:48","slug":"part-feeding-systems-for-springs","status":"publish","type":"product","link":"https:\/\/swoer.com\/pt_br\/manufacturer\/part-feeding-systems-for-springs\/","title":{"rendered":"Sistemas de alimenta\u00e7\u00e3o de pe\u00e7as para molas"},"content":{"rendered":"<p>O manuseio de molas na automa\u00e7\u00e3o industrial apresenta desafios \u00fanicos. As molas variam em forma e tamanho, tornando sua alimenta\u00e7\u00e3o uma tarefa complexa. Na SWOER, oferecemos solu\u00e7\u00f5es avan\u00e7adas para essas necessidades espec\u00edficas.<\/p>\n<h2>Par\u00e2metro do alimentador de tigela:<\/h2>\n<table width=\"684\">\n<tbody>\n<tr>\n<td width=\"183\">Nome do produto<\/td>\n<td width=\"501\">Sistemas de alimenta\u00e7\u00e3o de pe\u00e7as para molas<\/td>\n<\/tr>\n<tr>\n<td>Material<\/td>\n<td>\u00a0SUS201\/304<\/td>\n<\/tr>\n<tr>\n<td>Especialidade de material<\/td>\n<td>Liga de forjamento de tratamento a frio, Alta resist\u00eancia, Alta dureza<\/td>\n<\/tr>\n<tr>\n<td>Tens\u00e3o<\/td>\n<td>220V<\/td>\n<\/tr>\n<tr>\n<td>Poder<\/td>\n<td>65 W \/150 W \/180 W \/220 W \/350 W<\/td>\n<\/tr>\n<tr>\n<td>Autentica\u00e7\u00e3o<\/td>\n<td>CE, ROHS, ISO9001<\/td>\n<\/tr>\n<tr>\n<td>Garantia<\/td>\n<td>Garantia de 1 ano<\/td>\n<\/tr>\n<tr>\n<td>Quantidade m\u00ednima<\/td>\n<td>1 conjunto<\/td>\n<\/tr>\n<tr>\n<td>Tempo de espera<\/td>\n<td>10-14 dias<\/td>\n<\/tr>\n<tr>\n<td>Prazo de pagamento<\/td>\n<td>T\/T 40% Dep\u00f3sito e saldo antes do envio<\/td>\n<\/tr>\n<tr>\n<td>Original do lugar<\/td>\n<td>China<\/td>\n<\/tr>\n<\/tbody>\n<\/table>\n\t<div id=\"gap-217125596\" class=\"gap-element clearfix\" style=\"display:block; height:auto;\">\n\t\t\n<style>\n#gap-217125596 {\n  padding-top: 30px;\n}\n<\/style>\n\t<\/div>\n\t\n<h2>Detalhes das molas:<\/h2>\n\t<div class=\"img has-hover x md-x lg-x y md-y lg-y\" id=\"image_75963705\">\n\t\t\t\t\t\t\t\t<div class=\"img-inner dark\" >\n\t\t\t<img loading=\"lazy\" decoding=\"async\" width=\"448\" height=\"304\" src=\"https:\/\/swoer.com\/wp-content\/uploads\/2024\/03\/spring-detail.webp\" class=\"attachment-original size-original\" alt=\"detalhe da primavera\" srcset=\"https:\/\/swoer.com\/wp-content\/uploads\/2024\/03\/spring-detail.webp 448w, https:\/\/swoer.com\/wp-content\/uploads\/2024\/03\/spring-detail-300x204.webp 300w\" sizes=\"(max-width: 448px) 100vw, 448px\" \/>\t\t\t\t\t\t\n\t\t\t\t\t<\/div>\n\t\t\t\t\t\t\t\t\n<style>\n#image_75963705 {\n  width: 45%;\n}\n<\/style>\n\t<\/div>\n\t\n<h2>Desafios da Alimenta\u00e7\u00e3o de Fontes<\/h2>\n<p>As molas, sejam elas de compress\u00e3o, extens\u00e3o ou tor\u00e7\u00e3o, apresentam v\u00e1rios problemas:<\/p>\n<ol>\n<li><strong>Variabilidade:<\/strong> As molas v\u00eam em diferentes di\u00e2metros, comprimentos e configura\u00e7\u00f5es de bobinas, complicando o processo de alimenta\u00e7\u00e3o.<\/li>\n<li><strong>Emaranhado e sobreposi\u00e7\u00e3o:<\/strong> As molas podem facilmente se enroscar ou se sobrepor, causando bloqueios e tempo de inatividade.<\/li>\n<li><strong>Manuseio delicado:<\/strong> As molas s\u00e3o delicadas e o manuseio incorreto pode deform\u00e1-las, causando defeitos.<\/li>\n<\/ol>\n<h3>\u00a0<\/h3>\n<h2>Voc\u00ea est\u00e1 procurando um alimentador de mola confi\u00e1vel?<\/h2>\n<p>A SWOER oferece alimentadores de tigela personalizados para atender \u00e0s suas necessidades exatas. Nossas m\u00e1quinas s\u00e3o certificadas pela CE e UL, garantindo seguran\u00e7a e qualidade.<\/p>\n<h3>\u00a0<\/h3>\n<h3><strong>Benef\u00edcios dos nossos alimentadores de tigela de mola:<\/strong><\/h3>\n<ul>\n<li><strong>Maior efici\u00eancia: <\/strong>Alimente milhares de pe\u00e7as por hora<\/li>\n<li><strong>Personaliz\u00e1vel: <\/strong>Feito sob medida para suas pe\u00e7as e linha de produ\u00e7\u00e3o espec\u00edficas<\/li>\n<li><strong>Confi\u00e1vel: <\/strong>Constru\u00eddo para durar e manter um desempenho consistente<\/li>\n<li><strong>Entrega r\u00e1pida: <\/strong>Obtenha sua m\u00e1quina rapidamente<\/li>\n<li><strong>Certificado de seguran\u00e7a: <\/strong>Certificado CE e UL para sua tranquilidade<\/li>\n<\/ul>\n<p><strong>Nossa experiente equipe de engenharia trabalhar\u00e1 com voc\u00ea para projetar uma solu\u00e7\u00e3o que atenda \u00e0s suas necessidades espec\u00edficas.<\/strong>\u00a0N\u00e3o importa se voc\u00ea precisa alimentar nascentes pequenas ou grandes, temos a experi\u00eancia necess\u00e1ria para lidar com seu projeto.<\/p>\n<p><strong>N\u00e3o espere!<\/strong>\u00a0Entre em contato conosco hoje mesmo para solicitar um or\u00e7amento e saber mais sobre como nossos alimentadores de tigela de mola podem beneficiar seu neg\u00f3cio.<\/p>\n\n<div class=\"wpcf7 no-js\" id=\"wpcf7-f5-o1\" lang=\"en-US\" dir=\"ltr\">\n<div class=\"screen-reader-response\"><p role=\"status\" aria-live=\"polite\" aria-atomic=\"true\"><\/p> <ul><\/ul><\/div>\n<form action=\"\/pt_br\/wp-json\/wp\/v2\/product\/1730#wpcf7-f5-o1\" method=\"post\" class=\"wpcf7-form init\" aria-label=\"Formul\u00e1rio de contato\" novalidate=\"novalidate\" data-status=\"init\" data-trp-original-action=\"\/pt_br\/wp-json\/wp\/v2\/product\/1730#wpcf7-f5-o1\">\n<div style=\"display: none;\">\n<input type=\"hidden\" name=\"_wpcf7\" value=\"5\" \/>\n<input type=\"hidden\" name=\"_wpcf7_version\" value=\"5.9.2\" \/>\n<input type=\"hidden\" name=\"_wpcf7_locale\" value=\"en_US\" \/>\n<input type=\"hidden\" name=\"_wpcf7_unit_tag\" value=\"wpcf7-f5-o1\" \/>\n<input type=\"hidden\" name=\"_wpcf7_container_post\" value=\"0\" \/>\n<input type=\"hidden\" name=\"_wpcf7_posted_data_hash\" value=\"\" \/>\n<\/div>\n<div class='custom_contact_style'>\n\t<p><label> Seu nome<br \/>\n<span class=\"wpcf7-form-control-wrap\" data-name=\"your-name\"><input size=\"40\" class=\"wpcf7-form-control wpcf7-text wpcf7-validates-as-required\" autocomplete=\"name\" aria-required=\"true\" aria-invalid=\"false\" value=\"\" type=\"text\" name=\"your-name\" \/><\/span> <\/label>\n\t<\/p>\n\t<p><label> Seu e-mail<br \/>\n<span class=\"wpcf7-form-control-wrap\" data-name=\"your-email\"><input size=\"40\" class=\"wpcf7-form-control wpcf7-email wpcf7-validates-as-required wpcf7-text wpcf7-validates-as-email\" autocomplete=\"email\" aria-required=\"true\" aria-invalid=\"false\" value=\"\" type=\"email\" name=\"your-email\" \/><\/span> <\/label>\n\t<\/p>\n\t<p><label> Sua mensagem (opcional)<br \/>\n<span class=\"wpcf7-form-control-wrap\" data-name=\"your-message\"><textarea cols=\"40\" rows=\"10\" class=\"wpcf7-form-control wpcf7-textarea\" aria-invalid=\"false\" name=\"your-message\"><\/textarea><\/span> <\/label>\n\t<\/p>\n\t<div style=\"margin-bottom:10px;\">\n\t\t<p><span class=\"wpcf7-form-control-wrap kc_captcha cf7ic-toggle\" data-name=\"kc_captcha\"><span class=\"wpcf7-form-control wpcf7-radio\"><span class=\"captcha-image\" style=\"display: none;\"><span class=\"cf7ic_instructions\">Por favor, prove que voc\u00ea \u00e9 humano selecionando<span> truck<\/span>.<\/span><label><input aria-label=\"1\" type=\"radio\" name=\"kc_captcha\" value=\"bot\" \/><svg aria-hidden=\"true\" role=\"img\" xmlns=\"http:\/\/www.w3.org\/2000\/svg\" viewbox=\"0 0 576 512\"><path fill=\"currentColor\" d=\"M488 313v143c0 13-11 24-24 24H348c-7 0-12-5-12-12V356c0-7-5-12-12-12h-72c-7 0-12 5-12 12v112c0 7-5 12-12 12H112c-13 0-24-11-24-24V313c0-4 2-7 4-10l188-154c5-4 11-4 16 0l188 154c2 3 4 6 4 10zm84-61l-84-69V44c0-6-5-12-12-12h-56c-7 0-12 6-12 12v73l-89-74a48 48 0 00-61 0L4 252c-5 4-5 12-1 17l25 31c5 5 12 5 17 1l235-193c5-4 11-4 16 0l235 193c5 5 13 4 17-1l25-31c4-6 4-13-1-17z\"\/><\/svg><\/label><label><input aria-label=\"2\" type=\"radio\" name=\"kc_captcha\" value=\"bot\" \/><svg aria-hidden=\"true\" role=\"img\" xmlns=\"http:\/\/www.w3.org\/2000\/svg\" viewbox=\"0 0 512 512\"><path fill=\"currentColor\" d=\"M500 168h-55l-8-21a127 127 0 00-120-83H195a127 127 0 00-120 83l-8 21H12c-8 0-14 8-11 16l8 24a12 12 0 0011 8h29a64 64 0 00-33 56v48c0 16 6 31 16 42v62c0 13 11 24 24 24h48c13 0 24-11 24-24v-40h256v40c0 13 11 24 24 24h48c13 0 24-11 24-24v-62c10-11 16-26 16-42v-48c0-24-13-45-33-56h29a12 12 0 0011-8l8-24c3-8-3-16-11-16zm-365 2c9-25 33-42 60-42h122c27 0 51 17 60 42l15 38H120l15-38zM88 328a32 32 0 010-64c18 0 48 30 48 48s-30 16-48 16zm336 0c-18 0-48 2-48-16s30-48 48-48 32 14 32 32-14 32-32 32z\"\/><\/svg><\/label><label><input aria-label=\"3\" type=\"radio\" name=\"kc_captcha\" value=\"kc_human\" \/><svg aria-hidden=\"true\" role=\"img\" xmlns=\"http:\/\/www.w3.org\/2000\/svg\" viewbox=\"0 0 640 512\"><path fill=\"currentColor\" d=\"M624 352h-16V244c0-13-5-25-14-34L494 110c-9-9-21-14-34-14h-44V48c0-26-21-48-48-48H48C22 0 0 22 0 48v320c0 27 22 48 48 48h16a96 96 0 00192 0h128a96 96 0 00192 0h48c9 0 16-7 16-16v-32c0-9-7-16-16-16zM160 464a48 48 0 110-96 48 48 0 010 96zm320 0a48 48 0 110-96 48 48 0 010 96zm80-208H416V144h44l100 100v12z\"\/><\/svg><\/label>\r\n    <\/span>\r\n    <span style=\"display:none\">\r\n        <input type=\"text\" name=\"kc_honeypot\">\r\n    <\/span><\/span><\/span>\n\t\t<\/p>\n\t<\/div>\n\t<p><input class=\"wpcf7-form-control wpcf7-submit has-spinner\" type=\"submit\" value=\"Enviar\" \/>\n\t<\/p>\n<\/div><div class=\"wpcf7-response-output\" aria-hidden=\"true\"><\/div>\n<input type=\"hidden\" name=\"trp-form-language\" value=\"pt_br\"\/><\/form>\n<\/div>","protected":false},"excerpt":{"rendered":"<p>Os alimentadores vibrat\u00f3rios personalizados da SWOER fornecem solu\u00e7\u00f5es precisas e eficientes para manuseio e orienta\u00e7\u00e3o de molas em processos de fabrica\u00e7\u00e3o.<\/p>\n<p>Se voc\u00ea quiser obter pre\u00e7os de alimentadores de tigela, entre em contato conosco.<\/p>","protected":false},"featured_media":1731,"comment_status":"open","ping_status":"closed","template":"","meta":[],"product_cat":[37],"product_tag":[],"yoast_head":"<!-- This site is optimized with the Yoast SEO plugin v22.2 - https:\/\/yoast.com\/wordpress\/plugins\/seo\/ -->\n<title>Part Feeding Systems for Springs | Bowl Feeder for Springs<\/title>\n<meta name=\"description\" content=\"Looking for reliable spring part feeding solutions? Our systems ensure consistent part delivery, reducing downtime and improving product quality. Contact us today!\" \/>\n<meta name=\"robots\" content=\"index, follow, max-snippet:-1, max-image-preview:large, max-video-preview:-1\" \/>\n<link rel=\"canonical\" href=\"https:\/\/swoer.com\/pt_br\/manufacturer\/part-feeding-systems-for-springs\/\" \/>\n<meta property=\"og:locale\" content=\"pt_BR\" \/>\n<meta property=\"og:type\" content=\"article\" \/>\n<meta property=\"og:title\" content=\"Part Feeding Systems for Springs | Bowl Feeder for Springs\" \/>\n<meta property=\"og:description\" content=\"Looking for reliable spring part feeding solutions? Our systems ensure consistent part delivery, reducing downtime and improving product quality. Contact us today!\" \/>\n<meta property=\"og:url\" content=\"https:\/\/swoer.com\/pt_br\/manufacturer\/part-feeding-systems-for-springs\/\" \/>\n<meta property=\"og:site_name\" content=\"SWOER\" \/>\n<meta property=\"article:modified_time\" content=\"2024-08-03T06:36:48+00:00\" \/>\n<meta property=\"og:image\" content=\"https:\/\/swoer.com\/wp-content\/uploads\/2024\/03\/springs-bowl-feeder-machine.webp\" \/>\n\t<meta property=\"og:image:width\" content=\"1000\" \/>\n\t<meta property=\"og:image:height\" content=\"1000\" \/>\n\t<meta property=\"og:image:type\" content=\"image\/webp\" \/>\n<meta name=\"twitter:card\" content=\"summary_large_image\" \/>\n<meta name=\"twitter:label1\" content=\"Est. tempo de leitura\" \/>\n\t<meta name=\"twitter:data1\" content=\"2 minutos\" \/>\n<script type=\"application\/ld+json\" class=\"yoast-schema-graph\">{\"@context\":\"https:\/\/schema.org\",\"@graph\":[{\"@type\":\"WebPage\",\"@id\":\"https:\/\/swoer.com\/manufacturer\/part-feeding-systems-for-springs\/\",\"url\":\"https:\/\/swoer.com\/manufacturer\/part-feeding-systems-for-springs\/\",\"name\":\"Part Feeding Systems for Springs | Bowl Feeder for Springs\",\"isPartOf\":{\"@id\":\"https:\/\/swoer.com\/#website\"},\"primaryImageOfPage\":{\"@id\":\"https:\/\/swoer.com\/manufacturer\/part-feeding-systems-for-springs\/#primaryimage\"},\"image\":{\"@id\":\"https:\/\/swoer.com\/manufacturer\/part-feeding-systems-for-springs\/#primaryimage\"},\"thumbnailUrl\":\"https:\/\/swoer.com\/wp-content\/uploads\/2024\/03\/springs-bowl-feeder-machine.webp\",\"datePublished\":\"2024-03-30T03:32:35+00:00\",\"dateModified\":\"2024-08-03T06:36:48+00:00\",\"description\":\"Looking for reliable spring part feeding solutions? Our systems ensure consistent part delivery, reducing downtime and improving product quality. Contact us today!\",\"breadcrumb\":{\"@id\":\"https:\/\/swoer.com\/manufacturer\/part-feeding-systems-for-springs\/#breadcrumb\"},\"inLanguage\":\"pt-BR\",\"potentialAction\":[{\"@type\":\"ReadAction\",\"target\":[\"https:\/\/swoer.com\/manufacturer\/part-feeding-systems-for-springs\/\"]}]},{\"@type\":\"ImageObject\",\"inLanguage\":\"pt-BR\",\"@id\":\"https:\/\/swoer.com\/manufacturer\/part-feeding-systems-for-springs\/#primaryimage\",\"url\":\"https:\/\/swoer.com\/wp-content\/uploads\/2024\/03\/springs-bowl-feeder-machine.webp\",\"contentUrl\":\"https:\/\/swoer.com\/wp-content\/uploads\/2024\/03\/springs-bowl-feeder-machine.webp\",\"width\":1000,\"height\":1000,\"caption\":\"springs bowl feeder machine\"},{\"@type\":\"BreadcrumbList\",\"@id\":\"https:\/\/swoer.com\/manufacturer\/part-feeding-systems-for-springs\/#breadcrumb\",\"itemListElement\":[{\"@type\":\"ListItem\",\"position\":1,\"name\":\"Home\",\"item\":\"https:\/\/swoer.com\/\"},{\"@type\":\"ListItem\",\"position\":2,\"name\":\"Shop\",\"item\":\"https:\/\/swoer.com\/shop\/\"},{\"@type\":\"ListItem\",\"position\":3,\"name\":\"Part Feeding Systems for Springs\"}]},{\"@type\":\"WebSite\",\"@id\":\"https:\/\/swoer.com\/#website\",\"url\":\"https:\/\/swoer.com\/\",\"name\":\"SWOER\",\"description\":\"Swoer is the top 3 vibratory bowl feeder manufacturer in China\",\"potentialAction\":[{\"@type\":\"SearchAction\",\"target\":{\"@type\":\"EntryPoint\",\"urlTemplate\":\"https:\/\/swoer.com\/?s={search_term_string}\"},\"query-input\":\"required name=search_term_string\"}],\"inLanguage\":\"pt-BR\"}]}<\/script>\n<!-- \/ Yoast SEO plugin. -->","yoast_head_json":{"title":"Part Feeding Systems for Springs | Bowl Feeder for Springs","description":"Looking for reliable spring part feeding solutions? Our systems ensure consistent part delivery, reducing downtime and improving product quality. Contact us today!","robots":{"index":"index","follow":"follow","max-snippet":"max-snippet:-1","max-image-preview":"max-image-preview:large","max-video-preview":"max-video-preview:-1"},"canonical":"https:\/\/swoer.com\/pt_br\/manufacturer\/part-feeding-systems-for-springs\/","og_locale":"pt_BR","og_type":"article","og_title":"Part Feeding Systems for Springs | Bowl Feeder for Springs","og_description":"Looking for reliable spring part feeding solutions? Our systems ensure consistent part delivery, reducing downtime and improving product quality. Contact us today!","og_url":"https:\/\/swoer.com\/pt_br\/manufacturer\/part-feeding-systems-for-springs\/","og_site_name":"SWOER","article_modified_time":"2024-08-03T06:36:48+00:00","og_image":[{"width":1000,"height":1000,"url":"https:\/\/swoer.com\/wp-content\/uploads\/2024\/03\/springs-bowl-feeder-machine.webp","type":"image\/webp"}],"twitter_card":"summary_large_image","twitter_misc":{"Est. tempo de leitura":"2 minutos"},"schema":{"@context":"https:\/\/schema.org","@graph":[{"@type":"WebPage","@id":"https:\/\/swoer.com\/manufacturer\/part-feeding-systems-for-springs\/","url":"https:\/\/swoer.com\/manufacturer\/part-feeding-systems-for-springs\/","name":"Part Feeding Systems for Springs | Bowl Feeder for Springs","isPartOf":{"@id":"https:\/\/swoer.com\/#website"},"primaryImageOfPage":{"@id":"https:\/\/swoer.com\/manufacturer\/part-feeding-systems-for-springs\/#primaryimage"},"image":{"@id":"https:\/\/swoer.com\/manufacturer\/part-feeding-systems-for-springs\/#primaryimage"},"thumbnailUrl":"https:\/\/swoer.com\/wp-content\/uploads\/2024\/03\/springs-bowl-feeder-machine.webp","datePublished":"2024-03-30T03:32:35+00:00","dateModified":"2024-08-03T06:36:48+00:00","description":"Looking for reliable spring part feeding solutions? Our systems ensure consistent part delivery, reducing downtime and improving product quality. Contact us today!","breadcrumb":{"@id":"https:\/\/swoer.com\/manufacturer\/part-feeding-systems-for-springs\/#breadcrumb"},"inLanguage":"pt-BR","potentialAction":[{"@type":"ReadAction","target":["https:\/\/swoer.com\/manufacturer\/part-feeding-systems-for-springs\/"]}]},{"@type":"ImageObject","inLanguage":"pt-BR","@id":"https:\/\/swoer.com\/manufacturer\/part-feeding-systems-for-springs\/#primaryimage","url":"https:\/\/swoer.com\/wp-content\/uploads\/2024\/03\/springs-bowl-feeder-machine.webp","contentUrl":"https:\/\/swoer.com\/wp-content\/uploads\/2024\/03\/springs-bowl-feeder-machine.webp","width":1000,"height":1000,"caption":"springs bowl feeder machine"},{"@type":"BreadcrumbList","@id":"https:\/\/swoer.com\/manufacturer\/part-feeding-systems-for-springs\/#breadcrumb","itemListElement":[{"@type":"ListItem","position":1,"name":"Home","item":"https:\/\/swoer.com\/"},{"@type":"ListItem","position":2,"name":"Shop","item":"https:\/\/swoer.com\/shop\/"},{"@type":"ListItem","position":3,"name":"Part Feeding Systems for Springs"}]},{"@type":"WebSite","@id":"https:\/\/swoer.com\/#website","url":"https:\/\/swoer.com\/","name":"SWOER","description":"Swoer is the top 3 vibratory bowl feeder manufacturer in China","potentialAction":[{"@type":"SearchAction","target":{"@type":"EntryPoint","urlTemplate":"https:\/\/swoer.com\/?s={search_term_string}"},"query-input":"required name=search_term_string"}],"inLanguage":"pt-BR"}]}},"_links":{"self":[{"href":"https:\/\/swoer.com\/pt_br\/wp-json\/wp\/v2\/product\/1730"}],"collection":[{"href":"https:\/\/swoer.com\/pt_br\/wp-json\/wp\/v2\/product"}],"about":[{"href":"https:\/\/swoer.com\/pt_br\/wp-json\/wp\/v2\/types\/product"}],"replies":[{"embeddable":true,"href":"https:\/\/swoer.com\/pt_br\/wp-json\/wp\/v2\/comments?post=1730"}],"wp:featuredmedia":[{"embeddable":true,"href":"https:\/\/swoer.com\/pt_br\/wp-json\/wp\/v2\/media\/1731"}],"wp:attachment":[{"href":"https:\/\/swoer.com\/pt_br\/wp-json\/wp\/v2\/media?parent=1730"}],"wp:term":[{"taxonomy":"product_cat","embeddable":true,"href":"https:\/\/swoer.com\/pt_br\/wp-json\/wp\/v2\/product_cat?post=1730"},{"taxonomy":"product_tag","embeddable":true,"href":"https:\/\/swoer.com\/pt_br\/wp-json\/wp\/v2\/product_tag?post=1730"}],"curies":[{"name":"wp","href":"https:\/\/api.w.org\/{rel}","templated":true}]}}