{"id":1712,"date":"2024-03-29T09:06:43","date_gmt":"2024-03-29T09:06:43","guid":{"rendered":"https:\/\/lightgrey-porpoise-816575.hostingersite.com\/?post_type=product&#038;p=1712"},"modified":"2024-08-01T10:37:40","modified_gmt":"2024-08-01T02:37:40","slug":"m8-22-hex-nuts-bowl-feeder-manufacturers","status":"publish","type":"product","link":"https:\/\/swoer.com\/pt_br\/manufacturer\/m8-22-hex-nuts-bowl-feeder-manufacturers\/","title":{"rendered":"Alimentador de tigela vibrat\u00f3ria com porcas sextavadas M8-22"},"content":{"rendered":"<p>A SWOER \u00e9 uma fabricante l\u00edder de alimentadores de tigelas com porcas sextavadas M8-22, fornecendo solu\u00e7\u00f5es de engenharia de precis\u00e3o adaptadas para atender \u00e0s demandas da fabrica\u00e7\u00e3o moderna. Nossa expertise em tecnologia de alimentadores de tigelas vibrat\u00f3rios garante manuseio de pe\u00e7as eficiente e confi\u00e1vel, otimizando os processos de produ\u00e7\u00e3o para m\u00e1xima produtividade. Com a SWOER, voc\u00ea pode confiar em artesanato de qualidade, design inovador e desempenho excepcional, tornando-nos a escolha preferida para fabricantes de alimentadores de tigelas com porcas sextavadas M8-22.<\/p>\n\t<div id=\"gap-839634857\" class=\"gap-element clearfix\" style=\"display:block; height:auto;\">\n\t\t\n<style>\n#gap-839634857 {\n  padding-top: 30px;\n}\n<\/style>\n\t<\/div>\n\t\n<h2>Especifica\u00e7\u00f5es do alimentador de tigela:<\/h2>\n<table width=\"684\">\n<tbody>\n<tr>\n<td width=\"183\">Nome do produto<\/td>\n<td width=\"501\">Fabricantes de alimentadores de tigela com porcas sextavadas M8-22<\/td>\n<\/tr>\n<tr>\n<td>Material<\/td>\n<td>\u00a0SUS201\/304<\/td>\n<\/tr>\n<tr>\n<td>Especialidade de material<\/td>\n<td>Liga de forjamento de tratamento a frio, Alta resist\u00eancia, Alta dureza<\/td>\n<\/tr>\n<tr>\n<td>Tens\u00e3o<\/td>\n<td>220V<\/td>\n<\/tr>\n<tr>\n<td>Poder<\/td>\n<td>65 W \/150 W \/180 W \/220 W \/350 W<\/td>\n<\/tr>\n<tr>\n<td>Autentica\u00e7\u00e3o<\/td>\n<td>CE, ROHS, ISO9001<\/td>\n<\/tr>\n<tr>\n<td>Garantia<\/td>\n<td>Garantia de 1 ano<\/td>\n<\/tr>\n<tr>\n<td>Quantidade m\u00ednima<\/td>\n<td>1 conjunto<\/td>\n<\/tr>\n<tr>\n<td>Tempo de espera<\/td>\n<td>10-14 dias<\/td>\n<\/tr>\n<tr>\n<td>Prazo de pagamento<\/td>\n<td>T\/T 40% Dep\u00f3sito e saldo antes do envio<\/td>\n<\/tr>\n<tr>\n<td>Original do lugar<\/td>\n<td>China<\/td>\n<\/tr>\n<\/tbody>\n<\/table>\n\t<div id=\"gap-1920285495\" class=\"gap-element clearfix\" style=\"display:block; height:auto;\">\n\t\t\n<style>\n#gap-1920285495 {\n  padding-top: 30px;\n}\n<\/style>\n\t<\/div>\n\t\n<h3><strong>Precisa de um alimentador de porca sextavada M8-22 confi\u00e1vel?<\/strong>\u00a0<\/h3>\n<p>A SWOER oferece solu\u00e7\u00f5es personalizadas para atender \u00e0s suas necessidades exatas. Nossos alimentadores de tigela vibrat\u00f3ria s\u00e3o projetados para aumentar a efici\u00eancia da produ\u00e7\u00e3o e reduzir o tempo de inatividade.<\/p>\n<h3><strong>Quer saber mais?<\/strong>\u00a0<\/h3>\n<p>Entre em contato conosco hoje para discutir suas necessidades espec\u00edficas. Forneceremos a voc\u00ea um or\u00e7amento personalizado e responderemos a quaisquer perguntas que voc\u00ea possa ter.<\/p>\n<h3><strong>Principais caracter\u00edsticas do nosso alimentador de porca sextavada M8-22:<\/strong><\/h3>\n<ul>\n<li><strong>Alta velocidade:<\/strong>Alimente milhares de pe\u00e7as por hora<\/li>\n<li><strong>Personaliz\u00e1vel:<\/strong>Feito sob medida para suas pe\u00e7as e linha de produ\u00e7\u00e3o espec\u00edficas<\/li>\n<li><strong>Confi\u00e1vel:<\/strong>Constru\u00eddo para durar e manter um desempenho consistente<\/li>\n<li><strong>Opera\u00e7\u00e3o silenciosa:<\/strong>Minimiza a polui\u00e7\u00e3o sonora no seu ambiente de trabalho<\/li>\n<\/ul>\n\t<div id=\"gap-975870629\" class=\"gap-element clearfix\" style=\"display:block; height:auto;\">\n\t\t\n<style>\n#gap-975870629 {\n  padding-top: 30px;\n}\n<\/style>\n\t<\/div>\n\t\n<h3 style=\"text-align: center;\"><strong>N\u00e3o espere!<\/strong>\u00a0Entre em contato conosco hoje mesmo para come\u00e7ar.<\/h3>\n\n<div class=\"wpcf7 no-js\" id=\"wpcf7-f5-o1\" lang=\"en-US\" dir=\"ltr\">\n<div class=\"screen-reader-response\"><p role=\"status\" aria-live=\"polite\" aria-atomic=\"true\"><\/p> <ul><\/ul><\/div>\n<form action=\"\/pt_br\/wp-json\/wp\/v2\/product\/1712#wpcf7-f5-o1\" method=\"post\" class=\"wpcf7-form init\" aria-label=\"Formul\u00e1rio de contato\" novalidate=\"novalidate\" data-status=\"init\" data-trp-original-action=\"\/pt_br\/wp-json\/wp\/v2\/product\/1712#wpcf7-f5-o1\">\n<div style=\"display: none;\">\n<input type=\"hidden\" name=\"_wpcf7\" value=\"5\" \/>\n<input type=\"hidden\" name=\"_wpcf7_version\" value=\"5.9.2\" \/>\n<input type=\"hidden\" name=\"_wpcf7_locale\" value=\"en_US\" \/>\n<input type=\"hidden\" name=\"_wpcf7_unit_tag\" value=\"wpcf7-f5-o1\" \/>\n<input type=\"hidden\" name=\"_wpcf7_container_post\" value=\"0\" \/>\n<input type=\"hidden\" name=\"_wpcf7_posted_data_hash\" value=\"\" \/>\n<\/div>\n<div class='custom_contact_style'>\n\t<p><label> Seu nome<br \/>\n<span class=\"wpcf7-form-control-wrap\" data-name=\"your-name\"><input size=\"40\" class=\"wpcf7-form-control wpcf7-text wpcf7-validates-as-required\" autocomplete=\"name\" aria-required=\"true\" aria-invalid=\"false\" value=\"\" type=\"text\" name=\"your-name\" \/><\/span> <\/label>\n\t<\/p>\n\t<p><label> Seu e-mail<br \/>\n<span class=\"wpcf7-form-control-wrap\" data-name=\"your-email\"><input size=\"40\" class=\"wpcf7-form-control wpcf7-email wpcf7-validates-as-required wpcf7-text wpcf7-validates-as-email\" autocomplete=\"email\" aria-required=\"true\" aria-invalid=\"false\" value=\"\" type=\"email\" name=\"your-email\" \/><\/span> <\/label>\n\t<\/p>\n\t<p><label> Sua mensagem (opcional)<br \/>\n<span class=\"wpcf7-form-control-wrap\" data-name=\"your-message\"><textarea cols=\"40\" rows=\"10\" class=\"wpcf7-form-control wpcf7-textarea\" aria-invalid=\"false\" name=\"your-message\"><\/textarea><\/span> <\/label>\n\t<\/p>\n\t<div style=\"margin-bottom:10px;\">\n\t\t<p><span class=\"wpcf7-form-control-wrap kc_captcha cf7ic-toggle\" data-name=\"kc_captcha\"><span class=\"wpcf7-form-control wpcf7-radio\"><span class=\"captcha-image\" style=\"display: none;\"><span class=\"cf7ic_instructions\">Por favor, prove que voc\u00ea \u00e9 humano selecionando<span> truck<\/span>.<\/span><label><input aria-label=\"1\" type=\"radio\" name=\"kc_captcha\" value=\"bot\" \/><svg aria-hidden=\"true\" role=\"img\" xmlns=\"http:\/\/www.w3.org\/2000\/svg\" viewbox=\"0 0 576 512\"><path fill=\"currentColor\" d=\"M488 313v143c0 13-11 24-24 24H348c-7 0-12-5-12-12V356c0-7-5-12-12-12h-72c-7 0-12 5-12 12v112c0 7-5 12-12 12H112c-13 0-24-11-24-24V313c0-4 2-7 4-10l188-154c5-4 11-4 16 0l188 154c2 3 4 6 4 10zm84-61l-84-69V44c0-6-5-12-12-12h-56c-7 0-12 6-12 12v73l-89-74a48 48 0 00-61 0L4 252c-5 4-5 12-1 17l25 31c5 5 12 5 17 1l235-193c5-4 11-4 16 0l235 193c5 5 13 4 17-1l25-31c4-6 4-13-1-17z\"\/><\/svg><\/label><label><input aria-label=\"2\" type=\"radio\" name=\"kc_captcha\" value=\"bot\" \/><svg aria-hidden=\"true\" role=\"img\" xmlns=\"http:\/\/www.w3.org\/2000\/svg\" viewbox=\"0 0 640 512\"><path fill=\"currentColor\" d=\"M192 384h192c53 0 96-43 96-96h32a128 128 0 000-256H120c-13 0-24 11-24 24v232c0 53 43 96 96 96zM512 96a64 64 0 010 128h-32V96h32zm48 384H48c-47 0-61-64-36-64h584c25 0 11 64-36 64z\"\/><\/svg><\/label><label><input aria-label=\"3\" type=\"radio\" name=\"kc_captcha\" value=\"kc_human\" \/><svg aria-hidden=\"true\" role=\"img\" xmlns=\"http:\/\/www.w3.org\/2000\/svg\" viewbox=\"0 0 640 512\"><path fill=\"currentColor\" d=\"M624 352h-16V244c0-13-5-25-14-34L494 110c-9-9-21-14-34-14h-44V48c0-26-21-48-48-48H48C22 0 0 22 0 48v320c0 27 22 48 48 48h16a96 96 0 00192 0h128a96 96 0 00192 0h48c9 0 16-7 16-16v-32c0-9-7-16-16-16zM160 464a48 48 0 110-96 48 48 0 010 96zm320 0a48 48 0 110-96 48 48 0 010 96zm80-208H416V144h44l100 100v12z\"\/><\/svg><\/label>\r\n    <\/span>\r\n    <span style=\"display:none\">\r\n        <input type=\"text\" name=\"kc_honeypot\">\r\n    <\/span><\/span><\/span>\n\t\t<\/p>\n\t<\/div>\n\t<p><input class=\"wpcf7-form-control wpcf7-submit has-spinner\" type=\"submit\" value=\"Enviar\" \/>\n\t<\/p>\n<\/div><div class=\"wpcf7-response-output\" aria-hidden=\"true\"><\/div>\n<input type=\"hidden\" name=\"trp-form-language\" value=\"pt_br\"\/><\/form>\n<\/div>","protected":false},"excerpt":{"rendered":"<p>Alimente eficientemente porcas sextavadas M8-22 com nosso alimentador vibrat\u00f3rio de tigela personalizado. Melhore sua linha de montagem com nossas solu\u00e7\u00f5es confi\u00e1veis e personaliz\u00e1veis.<\/p>","protected":false},"featured_media":1713,"comment_status":"open","ping_status":"closed","template":"","meta":[],"product_cat":[37],"product_tag":[],"yoast_head":"<!-- This site is optimized with the Yoast SEO plugin v22.2 - https:\/\/yoast.com\/wordpress\/plugins\/seo\/ -->\n<title>Automatic M8-22 Hex Nut Feeding System | Vibratory Bowl Feeder<\/title>\n<meta name=\"description\" content=\"M8-22 hex nut vibratory bowl feeder, Custom solutions are available to meet your specific requirements. Increase production efficiency and reduce labor costs.\" \/>\n<meta name=\"robots\" content=\"index, follow, max-snippet:-1, max-image-preview:large, max-video-preview:-1\" \/>\n<link rel=\"canonical\" href=\"https:\/\/swoer.com\/pt_br\/manufacturer\/m8-22-hex-nuts-bowl-feeder-manufacturers\/\" \/>\n<meta property=\"og:locale\" content=\"pt_BR\" \/>\n<meta property=\"og:type\" content=\"article\" \/>\n<meta property=\"og:title\" content=\"Automatic M8-22 Hex Nut Feeding System | Vibratory Bowl Feeder\" \/>\n<meta property=\"og:description\" content=\"M8-22 hex nut vibratory bowl feeder, Custom solutions are available to meet your specific requirements. Increase production efficiency and reduce labor costs.\" \/>\n<meta property=\"og:url\" content=\"https:\/\/swoer.com\/pt_br\/manufacturer\/m8-22-hex-nuts-bowl-feeder-manufacturers\/\" \/>\n<meta property=\"og:site_name\" content=\"SWOER\" \/>\n<meta property=\"article:modified_time\" content=\"2024-08-01T02:37:40+00:00\" \/>\n<meta property=\"og:image\" content=\"https:\/\/swoer.com\/wp-content\/uploads\/2024\/03\/M8-22-Hex-Nuts-Bowl-Feeder-Manufacturers.webp\" \/>\n\t<meta property=\"og:image:width\" content=\"1000\" \/>\n\t<meta property=\"og:image:height\" content=\"1000\" \/>\n\t<meta property=\"og:image:type\" content=\"image\/webp\" \/>\n<meta name=\"twitter:card\" content=\"summary_large_image\" \/>\n<meta name=\"twitter:label1\" content=\"Est. tempo de leitura\" \/>\n\t<meta name=\"twitter:data1\" content=\"1 minuto\" \/>\n<script type=\"application\/ld+json\" class=\"yoast-schema-graph\">{\"@context\":\"https:\/\/schema.org\",\"@graph\":[{\"@type\":\"WebPage\",\"@id\":\"https:\/\/swoer.com\/manufacturer\/m8-22-hex-nuts-bowl-feeder-manufacturers\/\",\"url\":\"https:\/\/swoer.com\/manufacturer\/m8-22-hex-nuts-bowl-feeder-manufacturers\/\",\"name\":\"Automatic M8-22 Hex Nut Feeding System | Vibratory Bowl Feeder\",\"isPartOf\":{\"@id\":\"https:\/\/swoer.com\/#website\"},\"primaryImageOfPage\":{\"@id\":\"https:\/\/swoer.com\/manufacturer\/m8-22-hex-nuts-bowl-feeder-manufacturers\/#primaryimage\"},\"image\":{\"@id\":\"https:\/\/swoer.com\/manufacturer\/m8-22-hex-nuts-bowl-feeder-manufacturers\/#primaryimage\"},\"thumbnailUrl\":\"https:\/\/swoer.com\/wp-content\/uploads\/2024\/03\/M8-22-Hex-Nuts-Bowl-Feeder-Manufacturers.webp\",\"datePublished\":\"2024-03-29T09:06:43+00:00\",\"dateModified\":\"2024-08-01T02:37:40+00:00\",\"description\":\"M8-22 hex nut vibratory bowl feeder, Custom solutions are available to meet your specific requirements. Increase production efficiency and reduce labor costs.\",\"breadcrumb\":{\"@id\":\"https:\/\/swoer.com\/manufacturer\/m8-22-hex-nuts-bowl-feeder-manufacturers\/#breadcrumb\"},\"inLanguage\":\"pt-BR\",\"potentialAction\":[{\"@type\":\"ReadAction\",\"target\":[\"https:\/\/swoer.com\/manufacturer\/m8-22-hex-nuts-bowl-feeder-manufacturers\/\"]}]},{\"@type\":\"ImageObject\",\"inLanguage\":\"pt-BR\",\"@id\":\"https:\/\/swoer.com\/manufacturer\/m8-22-hex-nuts-bowl-feeder-manufacturers\/#primaryimage\",\"url\":\"https:\/\/swoer.com\/wp-content\/uploads\/2024\/03\/M8-22-Hex-Nuts-Bowl-Feeder-Manufacturers.webp\",\"contentUrl\":\"https:\/\/swoer.com\/wp-content\/uploads\/2024\/03\/M8-22-Hex-Nuts-Bowl-Feeder-Manufacturers.webp\",\"width\":1000,\"height\":1000,\"caption\":\"M8-22 Hex Nuts Bowl Feeder Manufacturers\"},{\"@type\":\"BreadcrumbList\",\"@id\":\"https:\/\/swoer.com\/manufacturer\/m8-22-hex-nuts-bowl-feeder-manufacturers\/#breadcrumb\",\"itemListElement\":[{\"@type\":\"ListItem\",\"position\":1,\"name\":\"Home\",\"item\":\"https:\/\/swoer.com\/\"},{\"@type\":\"ListItem\",\"position\":2,\"name\":\"Shop\",\"item\":\"https:\/\/swoer.com\/shop\/\"},{\"@type\":\"ListItem\",\"position\":3,\"name\":\"M8-22 Hex Nuts Vibratory Bowl Feeder\"}]},{\"@type\":\"WebSite\",\"@id\":\"https:\/\/swoer.com\/#website\",\"url\":\"https:\/\/swoer.com\/\",\"name\":\"SWOER\",\"description\":\"Swoer is the top 3 vibratory bowl feeder manufacturer in China\",\"potentialAction\":[{\"@type\":\"SearchAction\",\"target\":{\"@type\":\"EntryPoint\",\"urlTemplate\":\"https:\/\/swoer.com\/?s={search_term_string}\"},\"query-input\":\"required name=search_term_string\"}],\"inLanguage\":\"pt-BR\"}]}<\/script>\n<!-- \/ Yoast SEO plugin. -->","yoast_head_json":{"title":"Automatic M8-22 Hex Nut Feeding System | Vibratory Bowl Feeder","description":"M8-22 hex nut vibratory bowl feeder, Custom solutions are available to meet your specific requirements. Increase production efficiency and reduce labor costs.","robots":{"index":"index","follow":"follow","max-snippet":"max-snippet:-1","max-image-preview":"max-image-preview:large","max-video-preview":"max-video-preview:-1"},"canonical":"https:\/\/swoer.com\/pt_br\/manufacturer\/m8-22-hex-nuts-bowl-feeder-manufacturers\/","og_locale":"pt_BR","og_type":"article","og_title":"Automatic M8-22 Hex Nut Feeding System | Vibratory Bowl Feeder","og_description":"M8-22 hex nut vibratory bowl feeder, Custom solutions are available to meet your specific requirements. Increase production efficiency and reduce labor costs.","og_url":"https:\/\/swoer.com\/pt_br\/manufacturer\/m8-22-hex-nuts-bowl-feeder-manufacturers\/","og_site_name":"SWOER","article_modified_time":"2024-08-01T02:37:40+00:00","og_image":[{"width":1000,"height":1000,"url":"https:\/\/swoer.com\/wp-content\/uploads\/2024\/03\/M8-22-Hex-Nuts-Bowl-Feeder-Manufacturers.webp","type":"image\/webp"}],"twitter_card":"summary_large_image","twitter_misc":{"Est. tempo de leitura":"1 minuto"},"schema":{"@context":"https:\/\/schema.org","@graph":[{"@type":"WebPage","@id":"https:\/\/swoer.com\/manufacturer\/m8-22-hex-nuts-bowl-feeder-manufacturers\/","url":"https:\/\/swoer.com\/manufacturer\/m8-22-hex-nuts-bowl-feeder-manufacturers\/","name":"Automatic M8-22 Hex Nut Feeding System | Vibratory Bowl Feeder","isPartOf":{"@id":"https:\/\/swoer.com\/#website"},"primaryImageOfPage":{"@id":"https:\/\/swoer.com\/manufacturer\/m8-22-hex-nuts-bowl-feeder-manufacturers\/#primaryimage"},"image":{"@id":"https:\/\/swoer.com\/manufacturer\/m8-22-hex-nuts-bowl-feeder-manufacturers\/#primaryimage"},"thumbnailUrl":"https:\/\/swoer.com\/wp-content\/uploads\/2024\/03\/M8-22-Hex-Nuts-Bowl-Feeder-Manufacturers.webp","datePublished":"2024-03-29T09:06:43+00:00","dateModified":"2024-08-01T02:37:40+00:00","description":"M8-22 hex nut vibratory bowl feeder, Custom solutions are available to meet your specific requirements. Increase production efficiency and reduce labor costs.","breadcrumb":{"@id":"https:\/\/swoer.com\/manufacturer\/m8-22-hex-nuts-bowl-feeder-manufacturers\/#breadcrumb"},"inLanguage":"pt-BR","potentialAction":[{"@type":"ReadAction","target":["https:\/\/swoer.com\/manufacturer\/m8-22-hex-nuts-bowl-feeder-manufacturers\/"]}]},{"@type":"ImageObject","inLanguage":"pt-BR","@id":"https:\/\/swoer.com\/manufacturer\/m8-22-hex-nuts-bowl-feeder-manufacturers\/#primaryimage","url":"https:\/\/swoer.com\/wp-content\/uploads\/2024\/03\/M8-22-Hex-Nuts-Bowl-Feeder-Manufacturers.webp","contentUrl":"https:\/\/swoer.com\/wp-content\/uploads\/2024\/03\/M8-22-Hex-Nuts-Bowl-Feeder-Manufacturers.webp","width":1000,"height":1000,"caption":"M8-22 Hex Nuts Bowl Feeder Manufacturers"},{"@type":"BreadcrumbList","@id":"https:\/\/swoer.com\/manufacturer\/m8-22-hex-nuts-bowl-feeder-manufacturers\/#breadcrumb","itemListElement":[{"@type":"ListItem","position":1,"name":"Home","item":"https:\/\/swoer.com\/"},{"@type":"ListItem","position":2,"name":"Shop","item":"https:\/\/swoer.com\/shop\/"},{"@type":"ListItem","position":3,"name":"M8-22 Hex Nuts Vibratory Bowl Feeder"}]},{"@type":"WebSite","@id":"https:\/\/swoer.com\/#website","url":"https:\/\/swoer.com\/","name":"SWOER","description":"Swoer is the top 3 vibratory bowl feeder manufacturer in China","potentialAction":[{"@type":"SearchAction","target":{"@type":"EntryPoint","urlTemplate":"https:\/\/swoer.com\/?s={search_term_string}"},"query-input":"required name=search_term_string"}],"inLanguage":"pt-BR"}]}},"_links":{"self":[{"href":"https:\/\/swoer.com\/pt_br\/wp-json\/wp\/v2\/product\/1712"}],"collection":[{"href":"https:\/\/swoer.com\/pt_br\/wp-json\/wp\/v2\/product"}],"about":[{"href":"https:\/\/swoer.com\/pt_br\/wp-json\/wp\/v2\/types\/product"}],"replies":[{"embeddable":true,"href":"https:\/\/swoer.com\/pt_br\/wp-json\/wp\/v2\/comments?post=1712"}],"wp:featuredmedia":[{"embeddable":true,"href":"https:\/\/swoer.com\/pt_br\/wp-json\/wp\/v2\/media\/1713"}],"wp:attachment":[{"href":"https:\/\/swoer.com\/pt_br\/wp-json\/wp\/v2\/media?parent=1712"}],"wp:term":[{"taxonomy":"product_cat","embeddable":true,"href":"https:\/\/swoer.com\/pt_br\/wp-json\/wp\/v2\/product_cat?post=1712"},{"taxonomy":"product_tag","embeddable":true,"href":"https:\/\/swoer.com\/pt_br\/wp-json\/wp\/v2\/product_tag?post=1712"}],"curies":[{"name":"wp","href":"https:\/\/api.w.org\/{rel}","templated":true}]}}