{"id":1823,"date":"2024-04-02T07:05:58","date_gmt":"2024-04-02T07:05:58","guid":{"rendered":"https:\/\/lightgrey-porpoise-816575.hostingersite.com\/?page_id=1823"},"modified":"2024-12-02T17:21:30","modified_gmt":"2024-12-02T09:21:30","slug":"automatic-rivet-machine","status":"publish","type":"page","link":"https:\/\/swoer.com\/pt_br\/automatic-rivet-machine\/","title":{"rendered":"M\u00e1quina alimentadora de parafusos autom\u00e1tica"},"content":{"rendered":"<section class=\"section\" id=\"section_1970649506\">\n\t\t<div class=\"bg section-bg fill bg-fill  bg-loaded\" >\n\n\t\t\t\n\t\t\t\n\t\t\t\n\t<div class=\"is-border\"\n\t\tstyle=\"border-color:rgb(235, 235, 235);border-width:1px 0px 0px 0px;\">\n\t<\/div>\n\n\t\t<\/div>\n\n\t\t\n\n\t\t<div class=\"section-content relative\">\n\t\t\t\n<div class=\"row row-large align-middle align-center\"  id=\"row-1018639512\">\n\n\t<div id=\"col-306917931\" class=\"col medium-6 small-12 large-6\"  >\n\t\t\t\t<div class=\"col-inner text-center\"  >\n\t\t\t\n\t\t\t\n<h2><strong><b>Fabricante de alimentadores de parafuso autom\u00e1ticos<\/b><\/strong><\/h2>\n<p style=\"text-align: left;\">Especializada no setor de rebitagem e fixa\u00e7\u00e3o h\u00e1 mais de uma d\u00e9cada, a SWOER \u00e9 um nome confi\u00e1vel em solu\u00e7\u00f5es de fixa\u00e7\u00e3o automatizadas.<\/p>\n<p style=\"text-align: left;\">Os alimentadores de parafuso autom\u00e1ticos SWOER, projetados pela CN SWOER CO., LTD, revolucionaram o processo de rebitagem ao manusear rebites automaticamente. Alavancar essa tecnologia pode economizar os custos de m\u00e3o de obra da sua empresa em mais de 30%.<\/p>\n<p style=\"text-align: left;\">Distinguindo-se das pistolas de rebite autom\u00e1ticas padr\u00e3o, a m\u00e1quina SWOER oferece uma solu\u00e7\u00e3o totalmente automatizada. J\u00e1 se foram os dias de carregar rebites manualmente ou controlar a posi\u00e7\u00e3o do bico; nossa m\u00e1quina cuida de tudo. Usando ar comprimido, ela transporta rebites sem esfor\u00e7o para o bico por meio de uma tubula\u00e7\u00e3o. Com a m\u00e1quina de rebite autom\u00e1tica SWOER, a extra\u00e7\u00e3o manual de rebites se torna uma coisa do passado, inaugurando uma nova era de automa\u00e7\u00e3o na ind\u00fastria de fixa\u00e7\u00e3o.<\/p>\n\t\t<\/div>\n\t\t\t\t\t<\/div>\n\n\t\n\n\t<div id=\"col-1768280839\" class=\"col medium-6 small-12 large-6\"  >\n\t\t\t\t<div class=\"col-inner box-shadow-2 box-shadow-5-hover\" style=\"background-color:rgb(255, 255, 255);\" >\n\t\t\t\n\t\t\t\n\t<div class=\"img has-hover x md-x lg-x y md-y lg-y\" id=\"image_739370299\">\n\t\t\t\t\t\t\t\t<div class=\"img-inner image-cover dark\" style=\"padding-top:75%;\">\n\t\t\t<img loading=\"lazy\" decoding=\"async\" width=\"554\" height=\"412\" src=\"https:\/\/swoer.com\/wp-content\/uploads\/2024\/04\/automatic-rivet-guns.webp\" class=\"attachment-original size-original\" alt=\"pistolas de rebite autom\u00e1ticas\" srcset=\"https:\/\/swoer.com\/wp-content\/uploads\/2024\/04\/automatic-rivet-guns.webp 554w, https:\/\/swoer.com\/wp-content\/uploads\/2024\/04\/automatic-rivet-guns-300x223.webp 300w\" sizes=\"(max-width: 554px) 100vw, 554px\" \/>\t\t\t\t\t\t\n\t\t\t\t\t<\/div>\n\t\t\t\t\t\t\t\t\n<style>\n#image_739370299 {\n  width: 100%;\n}\n<\/style>\n\t<\/div>\n\t\n<a href=\"https:\/\/swoer.com\/pt_br\/contact\/\" target=\"_self\" class=\"button primary\"  style=\"border-radius:99px;\">\n    <span>Contate-nos<\/span>\n  <\/a>\n\n\t\t<\/div>\n\t\t\t\t\n<style>\n#col-1768280839 > .col-inner {\n  padding: 15px 15px 15px 15px;\n}\n<\/style>\n\t<\/div>\n\n\t\n<\/div>\n\t\t<\/div>\n\n\t\t\n<style>\n#section_1970649506 {\n  padding-top: 59px;\n  padding-bottom: 59px;\n  min-height: 300px;\n  background-color: rgb(228, 228, 228);\n}\n#section_1970649506 .ux-shape-divider--top svg {\n  height: 150px;\n  --divider-top-width: 100%;\n}\n#section_1970649506 .ux-shape-divider--bottom svg {\n  height: 150px;\n  --divider-width: 100%;\n}\n<\/style>\n\t<\/section>\n\t\n\t<section class=\"section\" id=\"section_1808457484\">\n\t\t<div class=\"bg section-bg fill bg-fill  bg-loaded\" >\n\n\t\t\t\n\t\t\t\n\t\t\t\n\n\t\t<\/div>\n\n\t\t\n\n\t\t<div class=\"section-content relative\">\n\t\t\t\n<h2 style=\"text-align: center;\"><strong><b>M\u00e1quina alimentadora de parafusos autom\u00e1tica <\/b><\/strong><strong><b>P<\/b><\/strong><strong><b>produto <\/b><\/strong><strong><b>C<\/b><\/strong><strong><b>composi\u00e7\u00e3o<\/b><\/strong><\/h2>\n<p style=\"text-align: center;\">A m\u00e1quina alimentadora autom\u00e1tica de parafusos SWOER \u00e9 composta por uma m\u00e1quina hospedeira e um conjunto de metralhadora de rebitagem.<\/p>\n<div class=\"row\"  id=\"row-834388142\">\n\n\t<div id=\"col-372454174\" class=\"col medium-6 small-12 large-6\"  >\n\t\t\t\t<div class=\"col-inner\"  >\n\t\t\t\n\t\t\t\n\t<div class=\"img has-hover x md-x lg-x y md-y lg-y\" id=\"image_1189212696\">\n\t\t\t\t\t\t\t\t<div class=\"img-inner dark\" >\n\t\t\t<img loading=\"lazy\" decoding=\"async\" width=\"554\" height=\"275\" src=\"https:\/\/swoer.com\/wp-content\/uploads\/2024\/04\/automatic-rivet-machine.webp\" class=\"attachment-original size-original\" alt=\"m\u00e1quina de rebitar autom\u00e1tica\" srcset=\"https:\/\/swoer.com\/wp-content\/uploads\/2024\/04\/automatic-rivet-machine.webp 554w, https:\/\/swoer.com\/wp-content\/uploads\/2024\/04\/automatic-rivet-machine-300x149.webp 300w\" sizes=\"(max-width: 554px) 100vw, 554px\" \/>\t\t\t\t\t\t\n\t\t\t\t\t<\/div>\n\t\t\t\t\t\t\t\t\n<style>\n#image_1189212696 {\n  width: 98%;\n}\n<\/style>\n\t<\/div>\n\t\n<p><strong>O computador host inclui sistema de movimento da m\u00e1quina, sistema de controle da m\u00e1quina e sistema de detec\u00e7\u00e3o.<\/strong><\/p>\n<p>A fun\u00e7\u00e3o do sistema de movimento da m\u00e1quina \u00e9 organizar os rebites de serem dispostos de forma desordenada para serem separados em sequ\u00eancia e entregar os rebites ao bico da pistola de rebites um por um em uma determinada dire\u00e7\u00e3o; o sistema de controle da m\u00e1quina \u00e9 controlar as a\u00e7\u00f5es definidas de cada componente da m\u00e1quina. Opera\u00e7\u00e3o; o sistema de detec\u00e7\u00e3o \u00e9 detectar se a m\u00e1quina est\u00e1 funcionando de forma est\u00e1vel de acordo com o programa definido.<\/p>\n\t\t<\/div>\n\t\t\t\t\t<\/div>\n\n\t\n\n\t<div id=\"col-1565651112\" class=\"col medium-6 small-12 large-6\"  >\n\t\t\t\t<div class=\"col-inner\"  >\n\t\t\t\n\t\t\t\n\t<div class=\"img has-hover x md-x lg-x y md-y lg-y\" id=\"image_1981506782\">\n\t\t\t\t\t\t\t\t<div class=\"img-inner dark\" >\n\t\t\t<img loading=\"lazy\" decoding=\"async\" width=\"554\" height=\"275\" src=\"https:\/\/swoer.com\/wp-content\/uploads\/2024\/04\/Automatic-nail-pulling-machine-factory-line.webp\" class=\"attachment-original size-original\" alt=\"Linha de f\u00e1brica de m\u00e1quina autom\u00e1tica para puxar pregos\" srcset=\"https:\/\/swoer.com\/wp-content\/uploads\/2024\/04\/Automatic-nail-pulling-machine-factory-line.webp 554w, https:\/\/swoer.com\/wp-content\/uploads\/2024\/04\/Automatic-nail-pulling-machine-factory-line-300x149.webp 300w\" sizes=\"(max-width: 554px) 100vw, 554px\" \/>\t\t\t\t\t\t\n\t\t\t\t\t<\/div>\n\t\t\t\t\t\t\t\t\n<style>\n#image_1981506782 {\n  width: 100%;\n}\n<\/style>\n\t<\/div>\n\t\n<p><strong>O conjunto da pistola de rebite \u00e9 composto por uma pistola de rebite, um mecanismo de recep\u00e7\u00e3o de rebite e um mecanismo de coleta e sa\u00edda de sinal.<\/strong><\/p>\n<p>A pistola de rebite \u00e9 crucial para rebitagem, seja manual ou automatizada. Controlado pelo computador host, o mecanismo de recebimento de rebites carrega rebites da tubula\u00e7\u00e3o para o bico de rebite, uma tecnologia central da m\u00e1quina de rebite autom\u00e1tica. Al\u00e9m disso, o mecanismo de coleta e sa\u00edda de sinal inicia a opera\u00e7\u00e3o da m\u00e1quina coletando e emitindo sinais.<\/p>\n\t\t<\/div>\n\t\t\t\t\t<\/div>\n\n\t\n<\/div>\n\t\t<\/div>\n\n\t\t\n<style>\n#section_1808457484 {\n  padding-top: 30px;\n  padding-bottom: 30px;\n}\n#section_1808457484 .ux-shape-divider--top svg {\n  height: 150px;\n  --divider-top-width: 100%;\n}\n#section_1808457484 .ux-shape-divider--bottom svg {\n  height: 150px;\n  --divider-width: 100%;\n}\n<\/style>\n\t<\/section>\n\t\n\t<section class=\"section\" id=\"section_495270161\">\n\t\t<div class=\"bg section-bg fill bg-fill  bg-loaded\" >\n\n\t\t\t\n\t\t\t\n\t\t\t\n\n\t\t<\/div>\n\n\t\t\n\n\t\t<div class=\"section-content relative\">\n\t\t\t\n<h2 style=\"text-align: center;\"><strong><b>Auto <\/b><\/strong><strong><b>Rebitagem <\/b><\/strong><strong><b>M<\/b><\/strong><strong><b>m\u00e1quina<\/b><\/strong><strong><b>\u00a0S<\/b><\/strong><strong><b>especifica\u00e7\u00f5es<\/b><\/strong><\/h2>\n<table>\n<tbody>\n<tr>\n<td width=\"85\">Especifica\u00e7\u00e3o<\/td>\n<td width=\"89\">Dimens\u00e3o<\/p>\n<p>(mil\u00edmetros)<\/td>\n<td width=\"67\">Tens\u00e3o<\/td>\n<td width=\"62\">Press\u00e3o de ar de trabalho<\/td>\n<td width=\"54\">Peso<\/td>\n<td width=\"77\">Velocidade de fornecimento de pregos (gr\u00e3o\/min)<\/td>\n<td width=\"85\">Especifica\u00e7\u00e3o m\u00e1xima de pregos<\/td>\n<td width=\"45\">Ru\u00eddo (dB)<\/td>\n<\/tr>\n<tr>\n<td width=\"85\">SW-MDJ-240<\/td>\n<td width=\"89\">440*350*420<\/td>\n<td width=\"67\">220<\/td>\n<td width=\"62\">3.2<\/td>\n<td width=\"54\">40<\/td>\n<td width=\"77\">40-60<\/td>\n<td width=\"85\">3,4\u2264d\uff1c3<\/td>\n<td width=\"45\">40<\/td>\n<\/tr>\n<tr>\n<td width=\"85\">SW-MDJ-300<\/td>\n<td width=\"89\">440*350*420<\/td>\n<td width=\"67\">220<\/td>\n<td width=\"62\">3.4<\/td>\n<td width=\"54\">46<\/td>\n<td width=\"77\">40-55<\/td>\n<td width=\"85\">3\u2264d\u22643,2<\/td>\n<td width=\"45\">40<\/td>\n<\/tr>\n<tr>\n<td width=\"85\">SW-MDJ-320<\/td>\n<td width=\"89\">440*350*420<\/td>\n<td width=\"67\">220<\/td>\n<td width=\"62\">3.6<\/td>\n<td width=\"54\">50<\/td>\n<td width=\"77\">40-50<\/td>\n<td width=\"85\">3,2\u2264d\uff1c3,7<\/td>\n<td width=\"45\">40<\/td>\n<\/tr>\n<tr>\n<td width=\"85\">SW-MDJ-400<\/td>\n<td width=\"89\">440*350*420<\/td>\n<td width=\"67\">220<\/td>\n<td width=\"62\">3.8<\/td>\n<td width=\"54\">56<\/td>\n<td width=\"77\">40<\/td>\n<td width=\"85\">3,7\u2264d\u22644,4<\/td>\n<td width=\"45\">40<\/td>\n<\/tr>\n<tr>\n<td width=\"85\">SW-MDJ-480<\/td>\n<td width=\"89\">440*350*420<\/td>\n<td width=\"67\">220<\/td>\n<td width=\"62\">4<\/td>\n<td width=\"54\">58<\/td>\n<td width=\"77\">35-40<\/td>\n<td width=\"85\">4,5\u2264d\u22645,0<\/td>\n<td width=\"45\">40<\/td>\n<\/tr>\n<\/tbody>\n<\/table>\n<p><strong><b>Observa\u00e7\u00e3o:<\/b><\/strong>\u00a0O modelo espec\u00edfico deve ser determinado de acordo com as especifica\u00e7\u00f5es reais do rebite. Esta tabela \u00e9 apenas para refer\u00eancia.<\/p>\n\t\t<\/div>\n\n\t\t\n<style>\n#section_495270161 {\n  padding-top: 30px;\n  padding-bottom: 30px;\n}\n#section_495270161 .ux-shape-divider--top svg {\n  height: 150px;\n  --divider-top-width: 100%;\n}\n#section_495270161 .ux-shape-divider--bottom svg {\n  height: 150px;\n  --divider-width: 100%;\n}\n<\/style>\n\t<\/section>\n\t\n\t<section class=\"section\" id=\"section_1114997381\">\n\t\t<div class=\"bg section-bg fill bg-fill  bg-loaded\" >\n\n\t\t\t\n\t\t\t\n\t\t\t\n\n\t\t<\/div>\n\n\t\t\n\n\t\t<div class=\"section-content relative\">\n\t\t\t\n<h2 style=\"text-align: center;\"><strong><b>SUOR <\/b><\/strong><strong><b>R<\/b><\/strong><strong><b>ivet<\/b><\/strong><strong><b>ing<\/b><\/strong><strong><b>\u00a0<\/b><\/strong><strong><b>M<\/b><\/strong><strong><b>m\u00e1quina <\/b><\/strong><strong><b>C<\/b><\/strong><strong><b>trabalhando <\/b><\/strong><strong><b>P<\/b><\/strong><strong><b>princ\u00edpio e <\/b><\/strong><strong><b>F<\/b><\/strong><strong><b>un\u00e7\u00e3o<\/b><\/strong><\/h2>\n<h3><strong><b>Princ\u00edpio:<\/b><\/strong><\/h3>\n<p>Os rebites s\u00e3o sugados para dentro do bico da pistola de rebites com base na press\u00e3o negativa no bico da pistola de rebites; a m\u00e1quina de rebites autom\u00e1tica SWOER \u00e9 uma vers\u00e3o automatizada da pistola de rebites autom\u00e1tica.<\/p>\n<p>Ele conta com uma m\u00e1quina para organizar e separar automaticamente os rebites e usa ar comprimido como energia para transportar automaticamente os rebites at\u00e9 o bico da pistola de rebites atrav\u00e9s de tubos.<\/p>\n<h3><strong><b>Fun\u00e7\u00e3o:<\/b><\/strong><\/h3>\n<p>Com a m\u00e1quina autom\u00e1tica de extra\u00e7\u00e3o de pregos SWOER, tarefas \u00e1rduas que dependem muito das m\u00e3os de trabalhadores qualificados podem ser realizadas<\/p>\n<p>As opera\u00e7\u00f5es manuais de extra\u00e7\u00e3o de pregos podem ser atualizadas para opera\u00e7\u00f5es automatizadas ou n\u00e3o tripuladas.<\/p>\n<h3><strong><b>Efeito:<\/b><\/strong><\/h3>\n<ol>\n<li><strong><b> Economize trabalhadores e facilite a gest\u00e3o<\/b><\/strong><\/li>\n<\/ol>\n<p>A velocidade de extra\u00e7\u00e3o de pregos \u00e9 r\u00e1pida, uma pessoa pode fazer o trabalho de duas e h\u00e1 menos trabalhadores, o que reduz os custos de gest\u00e3o ou os sal\u00e1rios.<\/p>\n<ol start=\"2\">\n<li><strong><b> Alta efici\u00eancia e economia de custos<\/b><\/strong><\/li>\n<\/ol>\n<p>N\u00e3o h\u00e1 necessidade de retirar os rebites manualmente, economizando tempo na pregagem. A produ\u00e7\u00e3o \u00e9 aumentada em compara\u00e7\u00e3o ao original, a produ\u00e7\u00e3o di\u00e1ria \u00e9 conclu\u00edda antes do previsto e o volume de produ\u00e7\u00e3o \u00e9 reduzido. N\u00e3o h\u00e1 mais horas extras durante o hor\u00e1rio de trabalho de curto prazo.<\/p>\n<ol start=\"3\">\n<li><strong><b> Super limpo e de boa qualidade<\/b><\/strong><\/li>\n<\/ol>\n<p>O rebite \u00e9 enviado automaticamente para o bico da pistola. N\u00e3o h\u00e1 necessidade de peg\u00e1-lo manualmente, reduzindo a polui\u00e7\u00e3o secund\u00e1ria; segure o produto com a m\u00e3o esquerda. N\u00e3o precisa se preocupar. As posi\u00e7\u00f5es dos furos s\u00e3o irregulares, resultando em produ\u00e7\u00e3o reduzida ou retrabalho secund\u00e1rio.<\/p>\n<ol start=\"4\">\n<li><strong><b> N\u00e3o precisa pegar na m\u00e3o, mais f\u00e1cil<\/b><\/strong><\/li>\n<\/ol>\n<p>A m\u00e3o esquerda n\u00e3o precisa trabalhar e pode segurar o produto, o que reduz muito a intensidade de trabalho dos trabalhadores.<\/p>\n<ol start=\"5\">\n<li><strong><b> N\u00e3o precisa ter experi\u00eancia, \u00e9 f\u00e1cil de aprender<\/b><\/strong><\/li>\n<\/ol>\n<p>Pode ser operado por m\u00e3os experientes e experientes, e nenhum treinamento \u00e9 necess\u00e1rio. Eles podem come\u00e7ar a trabalhar imediatamente; n\u00e3o h\u00e1 necessidade de se preocupar com a perda de produ\u00e7\u00e3o por m\u00e3os experientes.<\/p>\n\t\t<\/div>\n\n\t\t\n<style>\n#section_1114997381 {\n  padding-top: 30px;\n  padding-bottom: 30px;\n}\n#section_1114997381 .ux-shape-divider--top svg {\n  height: 150px;\n  --divider-top-width: 100%;\n}\n#section_1114997381 .ux-shape-divider--bottom svg {\n  height: 150px;\n  --divider-width: 100%;\n}\n<\/style>\n\t<\/section>\n\t\n\t<section class=\"section\" id=\"section_2007874306\">\n\t\t<div class=\"bg section-bg fill bg-fill  bg-loaded\" >\n\n\t\t\t\n\t\t\t\n\t\t\t\n\n\t\t<\/div>\n\n\t\t\n\n\t\t<div class=\"section-content relative\">\n\t\t\t\n<h2 style=\"text-align: center;\"><strong><b>\u00c2mbito de <\/b><\/strong><strong><b>UM<\/b><\/strong><strong><b>aplica\u00e7\u00e3o de <\/b><\/strong><strong><b>O prego<\/b><\/strong><\/h2>\n\t<div class=\"img has-hover x md-x lg-x y md-y lg-y\" id=\"image_1738543443\">\n\t\t\t\t\t\t\t\t<div class=\"img-inner dark\" >\n\t\t\t<img loading=\"lazy\" decoding=\"async\" width=\"553\" height=\"156\" src=\"https:\/\/swoer.com\/wp-content\/uploads\/2024\/04\/Scope-of-Application-of-The-Nail.webp\" class=\"attachment-original size-original\" alt=\"\u00c2mbito de aplica\u00e7\u00e3o do prego\" srcset=\"https:\/\/swoer.com\/wp-content\/uploads\/2024\/04\/Scope-of-Application-of-The-Nail.webp 553w, https:\/\/swoer.com\/wp-content\/uploads\/2024\/04\/Scope-of-Application-of-The-Nail-300x85.webp 300w\" sizes=\"(max-width: 553px) 100vw, 553px\" \/>\t\t\t\t\t\t\n\t\t\t\t\t<\/div>\n\t\t\t\t\t\t\t\t\n<style>\n#image_1738543443 {\n  width: 100%;\n}\n<\/style>\n\t<\/div>\n\t\n<table>\n<tbody>\n<tr>\n<td colspan=\"3\" width=\"568\">\n<h4 style=\"text-align: center;\"><strong>Faixa de aplica\u00e7\u00e3o de rebites (unidade: mm)<\/strong><\/h4>\n<\/td>\n<\/tr>\n<tr>\n<td width=\"189\">C\u00f3digo do nome<\/td>\n<td width=\"189\">Tamanho m\u00ednimo<\/td>\n<td width=\"189\">Tamanho m\u00e1ximo<\/td>\n<\/tr>\n<tr>\n<td width=\"189\">Di\u00e2metro do tubo de rebite A<\/td>\n<td width=\"189\">2.4<\/td>\n<td width=\"189\">4.8<\/td>\n<\/tr>\n<tr>\n<td width=\"189\">Comprimento do tubo de rebite B<\/td>\n<td width=\"189\">2<\/td>\n<td width=\"189\">15<\/td>\n<\/tr>\n<tr>\n<td width=\"189\">Di\u00e2metro da aba do chap\u00e9u C<\/td>\n<td width=\"189\">4<\/td>\n<td width=\"189\">9.5<\/td>\n<\/tr>\n<tr>\n<td width=\"189\">Di\u00e2metro do n\u00facleo de tra\u00e7\u00e3o D<\/td>\n<td width=\"189\">1.4<\/td>\n<td width=\"189\">3<\/td>\n<\/tr>\n<tr>\n<td width=\"189\">Comprimento do n\u00facleo de tra\u00e7\u00e3o E<\/td>\n<td width=\"189\">24<\/td>\n<td width=\"189\">36<\/td>\n<\/tr>\n<tr>\n<td width=\"189\">Comprimento total do rebite F<\/td>\n<td width=\"189\">28<\/td>\n<td width=\"189\">48<\/td>\n<\/tr>\n<\/tbody>\n<\/table>\n<p><strong><b>Observa\u00e7\u00e3o:<\/b><\/strong><\/p>\n<ol>\n<li>As dimens\u00f5es externas dos rebites devem atender a essa faixa.<\/li>\n<li>Alguns rebites especiais: quando o comprimento do tubo de rebitagem for maior que 13 mm, o comprimento do n\u00facleo deve ser maior que 28 mm; quando o comprimento do tubo de rebitagem for igual a 17 mm, o comprimento do n\u00facleo n\u00e3o deve ser menor que 26 mm.<\/li>\n<li>Requisitos do tipo de rebite: rebites de a\u00e7o inoxid\u00e1vel exigem baixa pureza, enquanto outros rebites, como pregos de ferro e pregos de a\u00e7o, n\u00e3o t\u00eam requisitos.<\/li>\n<\/ol>\n\t\t<\/div>\n\n\t\t\n<style>\n#section_2007874306 {\n  padding-top: 30px;\n  padding-bottom: 30px;\n}\n#section_2007874306 .ux-shape-divider--top svg {\n  height: 150px;\n  --divider-top-width: 100%;\n}\n#section_2007874306 .ux-shape-divider--bottom svg {\n  height: 150px;\n  --divider-width: 100%;\n}\n<\/style>\n\t<\/section>\n\t\n\t<section class=\"section\" id=\"section_711641462\">\n\t\t<div class=\"bg section-bg fill bg-fill  bg-loaded\" >\n\n\t\t\t\n\t\t\t\n\t\t\t\n\n\t\t<\/div>\n\n\t\t\n\n\t\t<div class=\"section-content relative\">\n\t\t\t\n<h2 style=\"text-align: center;\"><strong><b>Campo de aplica\u00e7\u00e3o<\/b><\/strong><\/h2>\n<p>A m\u00e1quina de rebitagem autom\u00e1tica SWOER \u00e9 adequada para opera\u00e7\u00f5es de rebitagem de conex\u00e3o de duas ou mais camadas de pain\u00e9is de v\u00e1rios materiais e espessuras por meio de rebites. \u00c9 amplamente utilizada em chassis, gabinetes, ilumina\u00e7\u00e3o, autom\u00f3veis, navios, aeronaves, pequenos eletrodom\u00e9sticos, opera\u00e7\u00f5es de extra\u00e7\u00e3o de pregos em servidores, fornos el\u00e9tricos, fornos de micro-ondas, embalagens de bebidas e outras ind\u00fastrias.<\/p>\n\t<div class=\"img has-hover x md-x lg-x y md-y lg-y\" id=\"image_2006901886\">\n\t\t\t\t\t\t\t\t<div class=\"img-inner dark\" >\n\t\t\t<img loading=\"lazy\" decoding=\"async\" width=\"553\" height=\"212\" src=\"https:\/\/swoer.com\/wp-content\/uploads\/2024\/04\/automatic-riveting-machine-application-field.webp\" class=\"attachment-original size-original\" alt=\"campo de aplica\u00e7\u00e3o da m\u00e1quina de rebitagem autom\u00e1tica\" srcset=\"https:\/\/swoer.com\/wp-content\/uploads\/2024\/04\/automatic-riveting-machine-application-field.webp 553w, https:\/\/swoer.com\/wp-content\/uploads\/2024\/04\/automatic-riveting-machine-application-field-300x115.webp 300w\" sizes=\"(max-width: 553px) 100vw, 553px\" \/>\t\t\t\t\t\t\n\t\t\t\t\t<\/div>\n\t\t\t\t\t\t\t\t\n<style>\n#image_2006901886 {\n  width: 100%;\n}\n<\/style>\n\t<\/div>\n\t\n\t\t<\/div>\n\n\t\t\n<style>\n#section_711641462 {\n  padding-top: 30px;\n  padding-bottom: 30px;\n}\n#section_711641462 .ux-shape-divider--top svg {\n  height: 150px;\n  --divider-top-width: 100%;\n}\n#section_711641462 .ux-shape-divider--bottom svg {\n  height: 150px;\n  --divider-width: 100%;\n}\n<\/style>\n\t<\/section>","protected":false},"excerpt":{"rendered":"","protected":false},"author":1,"featured_media":0,"parent":0,"menu_order":0,"comment_status":"closed","ping_status":"closed","template":"","meta":{"footnotes":""},"yoast_head":"<!-- This site is optimized with the Yoast SEO plugin v22.2 - https:\/\/yoast.com\/wordpress\/plugins\/seo\/ -->\n<title>Auto Screw Feeder Machine - SWOER<\/title>\n<meta name=\"description\" content=\"Swoer is a professional manufacturer of auto screw feeder machine.\" \/>\n<meta name=\"robots\" content=\"index, follow, max-snippet:-1, max-image-preview:large, max-video-preview:-1\" \/>\n<link rel=\"canonical\" href=\"https:\/\/swoer.com\/pt_br\/automatic-rivet-machine\/\" \/>\n<meta property=\"og:locale\" content=\"pt_BR\" \/>\n<meta property=\"og:type\" content=\"article\" \/>\n<meta property=\"og:title\" content=\"Auto Screw Feeder Machine - SWOER\" \/>\n<meta property=\"og:description\" content=\"Swoer is a professional manufacturer of auto screw feeder machine.\" \/>\n<meta property=\"og:url\" content=\"https:\/\/swoer.com\/pt_br\/automatic-rivet-machine\/\" \/>\n<meta property=\"og:site_name\" content=\"SWOER\" \/>\n<meta property=\"article:modified_time\" content=\"2024-12-02T09:21:30+00:00\" \/>\n<meta name=\"twitter:card\" content=\"summary_large_image\" \/>\n<meta name=\"twitter:label1\" content=\"Est. tempo de leitura\" \/>\n\t<meta name=\"twitter:data1\" content=\"5 minutos\" \/>\n<script type=\"application\/ld+json\" class=\"yoast-schema-graph\">{\"@context\":\"https:\/\/schema.org\",\"@graph\":[{\"@type\":\"WebPage\",\"@id\":\"https:\/\/swoer.com\/automatic-rivet-machine\/\",\"url\":\"https:\/\/swoer.com\/automatic-rivet-machine\/\",\"name\":\"Auto Screw Feeder Machine - SWOER\",\"isPartOf\":{\"@id\":\"https:\/\/swoer.com\/#website\"},\"datePublished\":\"2024-04-02T07:05:58+00:00\",\"dateModified\":\"2024-12-02T09:21:30+00:00\",\"description\":\"Swoer is a professional manufacturer of auto screw feeder machine.\",\"breadcrumb\":{\"@id\":\"https:\/\/swoer.com\/automatic-rivet-machine\/#breadcrumb\"},\"inLanguage\":\"pt-BR\",\"potentialAction\":[{\"@type\":\"ReadAction\",\"target\":[\"https:\/\/swoer.com\/automatic-rivet-machine\/\"]}]},{\"@type\":\"BreadcrumbList\",\"@id\":\"https:\/\/swoer.com\/automatic-rivet-machine\/#breadcrumb\",\"itemListElement\":[{\"@type\":\"ListItem\",\"position\":1,\"name\":\"Home\",\"item\":\"https:\/\/swoer.com\/\"},{\"@type\":\"ListItem\",\"position\":2,\"name\":\"Auto Screw Feeder Machine\"}]},{\"@type\":\"WebSite\",\"@id\":\"https:\/\/swoer.com\/#website\",\"url\":\"https:\/\/swoer.com\/\",\"name\":\"SWOER\",\"description\":\"Swoer is the top 3 vibratory bowl feeder manufacturer in China\",\"potentialAction\":[{\"@type\":\"SearchAction\",\"target\":{\"@type\":\"EntryPoint\",\"urlTemplate\":\"https:\/\/swoer.com\/?s={search_term_string}\"},\"query-input\":\"required name=search_term_string\"}],\"inLanguage\":\"pt-BR\"}]}<\/script>\n<!-- \/ Yoast SEO plugin. -->","yoast_head_json":{"title":"Auto Screw Feeder Machine - SWOER","description":"Swoer is a professional manufacturer of auto screw feeder machine.","robots":{"index":"index","follow":"follow","max-snippet":"max-snippet:-1","max-image-preview":"max-image-preview:large","max-video-preview":"max-video-preview:-1"},"canonical":"https:\/\/swoer.com\/pt_br\/automatic-rivet-machine\/","og_locale":"pt_BR","og_type":"article","og_title":"Auto Screw Feeder Machine - SWOER","og_description":"Swoer is a professional manufacturer of auto screw feeder machine.","og_url":"https:\/\/swoer.com\/pt_br\/automatic-rivet-machine\/","og_site_name":"SWOER","article_modified_time":"2024-12-02T09:21:30+00:00","twitter_card":"summary_large_image","twitter_misc":{"Est. tempo de leitura":"5 minutos"},"schema":{"@context":"https:\/\/schema.org","@graph":[{"@type":"WebPage","@id":"https:\/\/swoer.com\/automatic-rivet-machine\/","url":"https:\/\/swoer.com\/automatic-rivet-machine\/","name":"Auto Screw Feeder Machine - SWOER","isPartOf":{"@id":"https:\/\/swoer.com\/#website"},"datePublished":"2024-04-02T07:05:58+00:00","dateModified":"2024-12-02T09:21:30+00:00","description":"Swoer is a professional manufacturer of auto screw feeder machine.","breadcrumb":{"@id":"https:\/\/swoer.com\/automatic-rivet-machine\/#breadcrumb"},"inLanguage":"pt-BR","potentialAction":[{"@type":"ReadAction","target":["https:\/\/swoer.com\/automatic-rivet-machine\/"]}]},{"@type":"BreadcrumbList","@id":"https:\/\/swoer.com\/automatic-rivet-machine\/#breadcrumb","itemListElement":[{"@type":"ListItem","position":1,"name":"Home","item":"https:\/\/swoer.com\/"},{"@type":"ListItem","position":2,"name":"Auto Screw Feeder Machine"}]},{"@type":"WebSite","@id":"https:\/\/swoer.com\/#website","url":"https:\/\/swoer.com\/","name":"SWOER","description":"Swoer is the top 3 vibratory bowl feeder manufacturer in China","potentialAction":[{"@type":"SearchAction","target":{"@type":"EntryPoint","urlTemplate":"https:\/\/swoer.com\/?s={search_term_string}"},"query-input":"required name=search_term_string"}],"inLanguage":"pt-BR"}]}},"_links":{"self":[{"href":"https:\/\/swoer.com\/pt_br\/wp-json\/wp\/v2\/pages\/1823"}],"collection":[{"href":"https:\/\/swoer.com\/pt_br\/wp-json\/wp\/v2\/pages"}],"about":[{"href":"https:\/\/swoer.com\/pt_br\/wp-json\/wp\/v2\/types\/page"}],"author":[{"embeddable":true,"href":"https:\/\/swoer.com\/pt_br\/wp-json\/wp\/v2\/users\/1"}],"replies":[{"embeddable":true,"href":"https:\/\/swoer.com\/pt_br\/wp-json\/wp\/v2\/comments?post=1823"}],"version-history":[{"count":15,"href":"https:\/\/swoer.com\/pt_br\/wp-json\/wp\/v2\/pages\/1823\/revisions"}],"predecessor-version":[{"id":2952,"href":"https:\/\/swoer.com\/pt_br\/wp-json\/wp\/v2\/pages\/1823\/revisions\/2952"}],"wp:attachment":[{"href":"https:\/\/swoer.com\/pt_br\/wp-json\/wp\/v2\/media?parent=1823"}],"curies":[{"name":"wp","href":"https:\/\/api.w.org\/{rel}","templated":true}]}}