{"id":2630,"date":"2024-09-07T17:30:09","date_gmt":"2024-09-07T09:30:09","guid":{"rendered":"https:\/\/swoer.com\/?post_type=product&#038;p=2630"},"modified":"2024-09-26T13:53:10","modified_gmt":"2024-09-26T05:53:10","slug":"bowl-feeder-with-vision-system-for-precise-parts-sorting","status":"publish","type":"product","link":"https:\/\/swoer.com\/pt\/manufacturer\/bowl-feeder-with-vision-system-for-precise-parts-sorting\/","title":{"rendered":"Alimentador de tigela com sistema de vis\u00e3o para classifica\u00e7\u00e3o precisa de pe\u00e7as"},"content":{"rendered":"<h2>Alimentador de tigela com sistema de vis\u00e3o oferece v\u00e1rias vantagens:<\/h2>\n<ol>\n<li><strong>Alta precis\u00e3o: <\/strong>Classifica as pe\u00e7as com precis\u00e3o com base em sua orienta\u00e7\u00e3o, melhorando a qualidade do produto.<\/li>\n<li><strong>Maior efici\u00eancia:<\/strong> Automatiza a classifica\u00e7\u00e3o, reduzindo trabalho manual e erros.<\/li>\n<li><strong>Personaliza\u00e7\u00e3o:<\/strong> Voc\u00ea pode adapt\u00e1-lo a v\u00e1rios formatos e tamanhos de pe\u00e7as.<\/li>\n<li><strong>Feedback em tempo real:<\/strong> O sistema de vis\u00e3o fornece feedback imediato, garantindo um desempenho consistente.<\/li>\n<li><strong>Custo-benef\u00edcio:<\/strong> Reduz o tempo de inatividade e os custos operacionais ao otimizar o processo de classifica\u00e7\u00e3o.<\/li>\n<\/ol>\n<p>Essa combina\u00e7\u00e3o de automa\u00e7\u00e3o e vis\u00e3o inteligente garante um manuseio de pe\u00e7as preciso, confi\u00e1vel e eficiente.<\/p>\n\t<div id=\"gap-2082141859\" class=\"gap-element clearfix\" style=\"display:block; height:auto;\">\n\t\t\n<style>\n#gap-2082141859 {\n  padding-top: 30px;\n}\n<\/style>\n\t<\/div>\n\t\n<h2>Especifica\u00e7\u00e3o<\/h2>\n<table width=\"874\">\n<tbody>\n<tr>\n<td width=\"183\">Nome do Produto<\/td>\n<td width=\"691\">\u00a0Alimentador de tigela com sistema de vis\u00e3o para classifica\u00e7\u00e3o precisa de pe\u00e7as<\/td>\n<\/tr>\n<tr>\n<td>Material<\/td>\n<td>\u00a0SUS201\/304<\/td>\n<\/tr>\n<tr>\n<td>Especialidade de Materiais<\/td>\n<td>Liga de forjamento de tratamento a frio, alta resist\u00eancia, alta dureza<\/td>\n<\/tr>\n<tr>\n<td>Tens\u00e3o<\/td>\n<td>220 V<\/td>\n<\/tr>\n<tr>\n<td>Poder<\/td>\n<td>65W\/150W\/180W\/220W\/350W<\/td>\n<\/tr>\n<tr>\n<td>Autentica\u00e7\u00e3o<\/td>\n<td>Marca\u00e7\u00e3o, ROHS, ISO9001<\/td>\n<\/tr>\n<tr>\n<td>garantia<\/td>\n<td>1 ano de garantia<\/td>\n<\/tr>\n<tr>\n<td>Quantidade m\u00ednima<\/td>\n<td>1 conjunto<\/td>\n<\/tr>\n<tr>\n<td>Tempo de espera<\/td>\n<td>10-14 dias<\/td>\n<\/tr>\n<tr>\n<td>Termo de pagamento<\/td>\n<td>Dep\u00f3sito e saldo T\/T 40% antes do envio<\/td>\n<\/tr>\n<tr>\n<td>Original do lugar<\/td>\n<td>China<\/td>\n<\/tr>\n<\/tbody>\n<\/table>","protected":false},"excerpt":{"rendered":"<p>Aumente a precis\u00e3o com nosso alimentador de tigela e sistema de vis\u00e3o, projetados para classifica\u00e7\u00e3o precisa de pe\u00e7as, garantindo efici\u00eancia em processos de automa\u00e7\u00e3o industrial.<\/p>","protected":false},"featured_media":2631,"comment_status":"open","ping_status":"closed","template":"","meta":[],"product_cat":[37],"product_tag":[],"yoast_head":"<!-- This site is optimized with the Yoast SEO plugin v22.2 - https:\/\/yoast.com\/wordpress\/plugins\/seo\/ -->\n<title>Bowl Feeder with Vision System for Precise Parts Sorting - SWOER<\/title>\n<meta name=\"description\" content=\"The SWOER Bowl feeder has an integrated vision system for reliable and precise parts sorting in automation.\" \/>\n<meta name=\"robots\" content=\"index, follow, max-snippet:-1, max-image-preview:large, max-video-preview:-1\" \/>\n<link rel=\"canonical\" href=\"https:\/\/swoer.com\/pt\/manufacturer\/bowl-feeder-with-vision-system-for-precise-parts-sorting\/\" \/>\n<meta property=\"og:locale\" content=\"pt_PT\" \/>\n<meta property=\"og:type\" content=\"article\" \/>\n<meta property=\"og:title\" content=\"Bowl Feeder with Vision System for Precise Parts Sorting - SWOER\" \/>\n<meta property=\"og:description\" content=\"The SWOER Bowl feeder has an integrated vision system for reliable and precise parts sorting in automation.\" \/>\n<meta property=\"og:url\" content=\"https:\/\/swoer.com\/pt\/manufacturer\/bowl-feeder-with-vision-system-for-precise-parts-sorting\/\" \/>\n<meta property=\"og:site_name\" content=\"SWOER\" \/>\n<meta property=\"article:modified_time\" content=\"2024-09-26T05:53:10+00:00\" \/>\n<meta property=\"og:image\" content=\"https:\/\/swoer.com\/wp-content\/uploads\/2024\/09\/Bowl-Feeder-with-Vision-System-for-Precise-Parts-Sorting.webp\" \/>\n\t<meta property=\"og:image:width\" content=\"1000\" \/>\n\t<meta property=\"og:image:height\" content=\"1000\" \/>\n\t<meta property=\"og:image:type\" content=\"image\/webp\" \/>\n<meta name=\"twitter:card\" content=\"summary_large_image\" \/>\n<meta name=\"twitter:label1\" content=\"Tempo estimado de leitura\" \/>\n\t<meta name=\"twitter:data1\" content=\"1 minuto\" \/>\n<script type=\"application\/ld+json\" class=\"yoast-schema-graph\">{\"@context\":\"https:\/\/schema.org\",\"@graph\":[{\"@type\":\"WebPage\",\"@id\":\"https:\/\/swoer.com\/manufacturer\/bowl-feeder-with-vision-system-for-precise-parts-sorting\/\",\"url\":\"https:\/\/swoer.com\/manufacturer\/bowl-feeder-with-vision-system-for-precise-parts-sorting\/\",\"name\":\"Bowl Feeder with Vision System for Precise Parts Sorting - SWOER\",\"isPartOf\":{\"@id\":\"https:\/\/swoer.com\/#website\"},\"primaryImageOfPage\":{\"@id\":\"https:\/\/swoer.com\/manufacturer\/bowl-feeder-with-vision-system-for-precise-parts-sorting\/#primaryimage\"},\"image\":{\"@id\":\"https:\/\/swoer.com\/manufacturer\/bowl-feeder-with-vision-system-for-precise-parts-sorting\/#primaryimage\"},\"thumbnailUrl\":\"https:\/\/swoer.com\/wp-content\/uploads\/2024\/09\/Bowl-Feeder-with-Vision-System-for-Precise-Parts-Sorting.webp\",\"datePublished\":\"2024-09-07T09:30:09+00:00\",\"dateModified\":\"2024-09-26T05:53:10+00:00\",\"description\":\"The SWOER Bowl feeder has an integrated vision system for reliable and precise parts sorting in automation.\",\"breadcrumb\":{\"@id\":\"https:\/\/swoer.com\/manufacturer\/bowl-feeder-with-vision-system-for-precise-parts-sorting\/#breadcrumb\"},\"inLanguage\":\"pt-PT\",\"potentialAction\":[{\"@type\":\"ReadAction\",\"target\":[\"https:\/\/swoer.com\/manufacturer\/bowl-feeder-with-vision-system-for-precise-parts-sorting\/\"]}]},{\"@type\":\"ImageObject\",\"inLanguage\":\"pt-PT\",\"@id\":\"https:\/\/swoer.com\/manufacturer\/bowl-feeder-with-vision-system-for-precise-parts-sorting\/#primaryimage\",\"url\":\"https:\/\/swoer.com\/wp-content\/uploads\/2024\/09\/Bowl-Feeder-with-Vision-System-for-Precise-Parts-Sorting.webp\",\"contentUrl\":\"https:\/\/swoer.com\/wp-content\/uploads\/2024\/09\/Bowl-Feeder-with-Vision-System-for-Precise-Parts-Sorting.webp\",\"width\":1000,\"height\":1000,\"caption\":\"Bowl Feeder with Vision System for Precise Parts Sorting\"},{\"@type\":\"BreadcrumbList\",\"@id\":\"https:\/\/swoer.com\/manufacturer\/bowl-feeder-with-vision-system-for-precise-parts-sorting\/#breadcrumb\",\"itemListElement\":[{\"@type\":\"ListItem\",\"position\":1,\"name\":\"Home\",\"item\":\"https:\/\/swoer.com\/\"},{\"@type\":\"ListItem\",\"position\":2,\"name\":\"Shop\",\"item\":\"https:\/\/swoer.com\/shop\/\"},{\"@type\":\"ListItem\",\"position\":3,\"name\":\"Bowl Feeder with Vision System for Precise Parts Sorting\"}]},{\"@type\":\"WebSite\",\"@id\":\"https:\/\/swoer.com\/#website\",\"url\":\"https:\/\/swoer.com\/\",\"name\":\"SWOER\",\"description\":\"Swoer is the top 3 vibratory bowl feeder manufacturer in China\",\"potentialAction\":[{\"@type\":\"SearchAction\",\"target\":{\"@type\":\"EntryPoint\",\"urlTemplate\":\"https:\/\/swoer.com\/?s={search_term_string}\"},\"query-input\":\"required name=search_term_string\"}],\"inLanguage\":\"pt-PT\"}]}<\/script>\n<!-- \/ Yoast SEO plugin. -->","yoast_head_json":{"title":"Bowl Feeder with Vision System for Precise Parts Sorting - SWOER","description":"The SWOER Bowl feeder has an integrated vision system for reliable and precise parts sorting in automation.","robots":{"index":"index","follow":"follow","max-snippet":"max-snippet:-1","max-image-preview":"max-image-preview:large","max-video-preview":"max-video-preview:-1"},"canonical":"https:\/\/swoer.com\/pt\/manufacturer\/bowl-feeder-with-vision-system-for-precise-parts-sorting\/","og_locale":"pt_PT","og_type":"article","og_title":"Bowl Feeder with Vision System for Precise Parts Sorting - SWOER","og_description":"The SWOER Bowl feeder has an integrated vision system for reliable and precise parts sorting in automation.","og_url":"https:\/\/swoer.com\/pt\/manufacturer\/bowl-feeder-with-vision-system-for-precise-parts-sorting\/","og_site_name":"SWOER","article_modified_time":"2024-09-26T05:53:10+00:00","og_image":[{"width":1000,"height":1000,"url":"https:\/\/swoer.com\/wp-content\/uploads\/2024\/09\/Bowl-Feeder-with-Vision-System-for-Precise-Parts-Sorting.webp","type":"image\/webp"}],"twitter_card":"summary_large_image","twitter_misc":{"Tempo estimado de leitura":"1 minuto"},"schema":{"@context":"https:\/\/schema.org","@graph":[{"@type":"WebPage","@id":"https:\/\/swoer.com\/manufacturer\/bowl-feeder-with-vision-system-for-precise-parts-sorting\/","url":"https:\/\/swoer.com\/manufacturer\/bowl-feeder-with-vision-system-for-precise-parts-sorting\/","name":"Bowl Feeder with Vision System for Precise Parts Sorting - SWOER","isPartOf":{"@id":"https:\/\/swoer.com\/#website"},"primaryImageOfPage":{"@id":"https:\/\/swoer.com\/manufacturer\/bowl-feeder-with-vision-system-for-precise-parts-sorting\/#primaryimage"},"image":{"@id":"https:\/\/swoer.com\/manufacturer\/bowl-feeder-with-vision-system-for-precise-parts-sorting\/#primaryimage"},"thumbnailUrl":"https:\/\/swoer.com\/wp-content\/uploads\/2024\/09\/Bowl-Feeder-with-Vision-System-for-Precise-Parts-Sorting.webp","datePublished":"2024-09-07T09:30:09+00:00","dateModified":"2024-09-26T05:53:10+00:00","description":"The SWOER Bowl feeder has an integrated vision system for reliable and precise parts sorting in automation.","breadcrumb":{"@id":"https:\/\/swoer.com\/manufacturer\/bowl-feeder-with-vision-system-for-precise-parts-sorting\/#breadcrumb"},"inLanguage":"pt-PT","potentialAction":[{"@type":"ReadAction","target":["https:\/\/swoer.com\/manufacturer\/bowl-feeder-with-vision-system-for-precise-parts-sorting\/"]}]},{"@type":"ImageObject","inLanguage":"pt-PT","@id":"https:\/\/swoer.com\/manufacturer\/bowl-feeder-with-vision-system-for-precise-parts-sorting\/#primaryimage","url":"https:\/\/swoer.com\/wp-content\/uploads\/2024\/09\/Bowl-Feeder-with-Vision-System-for-Precise-Parts-Sorting.webp","contentUrl":"https:\/\/swoer.com\/wp-content\/uploads\/2024\/09\/Bowl-Feeder-with-Vision-System-for-Precise-Parts-Sorting.webp","width":1000,"height":1000,"caption":"Bowl Feeder with Vision System for Precise Parts Sorting"},{"@type":"BreadcrumbList","@id":"https:\/\/swoer.com\/manufacturer\/bowl-feeder-with-vision-system-for-precise-parts-sorting\/#breadcrumb","itemListElement":[{"@type":"ListItem","position":1,"name":"Home","item":"https:\/\/swoer.com\/"},{"@type":"ListItem","position":2,"name":"Shop","item":"https:\/\/swoer.com\/shop\/"},{"@type":"ListItem","position":3,"name":"Bowl Feeder with Vision System for Precise Parts Sorting"}]},{"@type":"WebSite","@id":"https:\/\/swoer.com\/#website","url":"https:\/\/swoer.com\/","name":"SWOER","description":"Swoer is the top 3 vibratory bowl feeder manufacturer in China","potentialAction":[{"@type":"SearchAction","target":{"@type":"EntryPoint","urlTemplate":"https:\/\/swoer.com\/?s={search_term_string}"},"query-input":"required name=search_term_string"}],"inLanguage":"pt-PT"}]}},"_links":{"self":[{"href":"https:\/\/swoer.com\/pt\/wp-json\/wp\/v2\/product\/2630"}],"collection":[{"href":"https:\/\/swoer.com\/pt\/wp-json\/wp\/v2\/product"}],"about":[{"href":"https:\/\/swoer.com\/pt\/wp-json\/wp\/v2\/types\/product"}],"replies":[{"embeddable":true,"href":"https:\/\/swoer.com\/pt\/wp-json\/wp\/v2\/comments?post=2630"}],"wp:featuredmedia":[{"embeddable":true,"href":"https:\/\/swoer.com\/pt\/wp-json\/wp\/v2\/media\/2631"}],"wp:attachment":[{"href":"https:\/\/swoer.com\/pt\/wp-json\/wp\/v2\/media?parent=2630"}],"wp:term":[{"taxonomy":"product_cat","embeddable":true,"href":"https:\/\/swoer.com\/pt\/wp-json\/wp\/v2\/product_cat?post=2630"},{"taxonomy":"product_tag","embeddable":true,"href":"https:\/\/swoer.com\/pt\/wp-json\/wp\/v2\/product_tag?post=2630"}],"curies":[{"name":"wp","href":"https:\/\/api.w.org\/{rel}","templated":true}]}}