{"id":2346,"date":"2024-07-17T03:39:52","date_gmt":"2024-07-17T03:39:52","guid":{"rendered":"https:\/\/swoer.com\/?post_type=product&#038;p=2346"},"modified":"2024-08-01T09:07:15","modified_gmt":"2024-08-01T01:07:15","slug":"feeder-bowl-stand-sw-c270","status":"publish","type":"product","link":"https:\/\/swoer.com\/pt\/manufacturer\/feeder-bowl-stand-sw-c270\/","title":{"rendered":"Suporte para tigela alimentadora SW-C270"},"content":{"rendered":"<section class=\"section\" id=\"section_1263468045\">\n\t\t<div class=\"bg section-bg fill bg-fill  bg-loaded\" >\n\n\t\t\t\n\t\t\t\n\t\t\t\n\n\t\t<\/div>\n\n\t\t\n\n\t\t<div class=\"section-content relative\">\n\t\t\t\n<h2>Par\u00e2metros do produto<\/h2>\n<table style=\"border-collapse: collapse; width: 418.52pt;\" border=\"0\" width=\"558\" cellspacing=\"0\" cellpadding=\"0\">\n<tbody>\n<tr style=\"height: 27.00pt;\">\n<td class=\"et3\" style=\"height: 27.00pt; width: 143.25pt;\" width=\"191\" height=\"36\">Modelo<\/td>\n<td class=\"et3\" style=\"width: 275.25pt;\" width=\"367\">SW-C270<\/td>\n<\/tr>\n<tr style=\"height: 27.00pt;\">\n<td class=\"et3\" style=\"height: 27.00pt;\" height=\"36\">Tens\u00e3o nominal<\/td>\n<td class=\"et3\">220 V<\/td>\n<\/tr>\n<tr style=\"height: 27.00pt;\">\n<td class=\"et3\" style=\"height: 27.00pt;\" height=\"36\">Frequ\u00eancia<\/td>\n<td class=\"et3\">50 Hz<\/td>\n<\/tr>\n<tr style=\"height: 27.00pt;\">\n<td class=\"et3\" style=\"height: 27.00pt;\" height=\"36\">Corrente nominal<\/td>\n<td class=\"et3\">3.4A<\/td>\n<\/tr>\n<tr style=\"height: 27.00pt;\">\n<td class=\"et3\" style=\"height: 27.00pt;\" height=\"36\">Corpo m\u00e1ximo<\/td>\n<td class=\"et3\">480mm<\/td>\n<\/tr>\n<tr style=\"height: 27.00pt;\">\n<td class=\"et3\" style=\"height: 27.00pt;\" height=\"36\">Carga m\u00e1xima<\/td>\n<td class=\"et3\">12Kg<\/td>\n<\/tr>\n<tr style=\"height: 27.00pt;\">\n<td class=\"et3\" style=\"height: 27.00pt;\" height=\"36\">Controlador aplic\u00e1vel<\/td>\n<td class=\"et3\">Controlador de frequ\u00eancia 3A<\/td>\n<\/tr>\n<tr style=\"height: 27.00pt;\">\n<td class=\"et3\" style=\"height: 27.00pt;\" height=\"36\">Mola de l\u00e2mina aplic\u00e1vel<\/td>\n<td class=\"et3\">SW-50CRVA-106 x 35<\/td>\n<\/tr>\n<tr style=\"height: 27.00pt;\">\n<td class=\"et3\" style=\"height: 27.00pt;\" height=\"36\">N\u00famero de vibra\u00e7\u00e3o<\/td>\n<td class=\"et3\">50-200Hz<\/td>\n<\/tr>\n<tr style=\"height: 27.00pt;\">\n<td class=\"et4\" style=\"height: 54.00pt;\" rowspan=\"2\" height=\"72\">Peso base<\/td>\n<td class=\"et4\">39kg \/ Tipo b\u00e1sico, com silo auxiliar dentro da carroceria<\/td>\n<\/tr>\n<tr style=\"height: 27.00pt;\">\n<td class=\"et4\">45kg \/ Com baixa separa\u00e7\u00e3o, com flange de montagem no corpo<\/td>\n<\/tr>\n<\/tbody>\n<\/table>\n\t<div id=\"gap-1180040053\" class=\"gap-element clearfix\" style=\"display:block; height:auto;\">\n\t\t\n<style>\n#gap-1180040053 {\n  padding-top: 30px;\n}\n<\/style>\n\t<\/div>\n\t\n\t<div class=\"img has-hover x md-x lg-x y md-y lg-y\" id=\"image_1554164457\">\n\t\t\t\t\t\t\t\t<div class=\"img-inner dark\" >\n\t\t\t<img loading=\"lazy\" decoding=\"async\" width=\"833\" height=\"618\" src=\"https:\/\/swoer.com\/wp-content\/uploads\/2024\/07\/SW-C270-Dimensions.webp\" class=\"attachment-original size-original\" alt=\"Dimens\u00f5es SW-C270\" srcset=\"https:\/\/swoer.com\/wp-content\/uploads\/2024\/07\/SW-C270-Dimensions.webp 833w, https:\/\/swoer.com\/wp-content\/uploads\/2024\/07\/SW-C270-Dimensions-300x223.webp 300w, https:\/\/swoer.com\/wp-content\/uploads\/2024\/07\/SW-C270-Dimensions-768x570.webp 768w, https:\/\/swoer.com\/wp-content\/uploads\/2024\/07\/SW-C270-Dimensions-16x12.webp 16w, https:\/\/swoer.com\/wp-content\/uploads\/2024\/07\/SW-C270-Dimensions-600x445.webp 600w\" sizes=\"(max-width: 833px) 100vw, 833px\" \/>\t\t\t\t\t\t\n\t\t\t\t\t<\/div>\n\t\t\t\t\t\t\t\t\n<style>\n#image_1554164457 {\n  width: 100%;\n}\n<\/style>\n\t<\/div>\n\t\n\t\t<\/div>\n\n\t\t\n<style>\n#section_1263468045 {\n  padding-top: 30px;\n  padding-bottom: 30px;\n}\n#section_1263468045 .ux-shape-divider--top svg {\n  height: 150px;\n  --divider-top-width: 100%;\n}\n#section_1263468045 .ux-shape-divider--bottom svg {\n  height: 150px;\n  --divider-width: 100%;\n}\n<\/style>\n\t<\/section>","protected":false},"excerpt":{"rendered":"<p>O suporte para tigela alimentadora SW-C270 \u00e9 um alimentador industrial robusto e confi\u00e1vel, projetado para manuseio preciso e eficiente de materiais. Possui uma constru\u00e7\u00e3o robusta, um motor potente e uma ampla gama de frequ\u00eancias de vibra\u00e7\u00e3o para acomodar v\u00e1rios requisitos de fluxo de material. Com capacidade de carga m\u00e1xima de 12 kg, \u00e9 adequado para manusear diversos materiais em ambientes industriais.<\/p>","protected":false},"featured_media":2347,"comment_status":"open","ping_status":"closed","template":"","meta":[],"product_cat":[46],"product_tag":[],"yoast_head":"<!-- This site is optimized with the Yoast SEO plugin v22.2 - https:\/\/yoast.com\/wordpress\/plugins\/seo\/ -->\n<title>Feeder Bowl Stand SW-C270 - SWOER<\/title>\n<meta name=\"description\" content=\"The SW-C270 Feeder Bowl Stand is a heavy-duty industrial feeder with a 12kg load capacity and 50-200Hz vibration range, perfect for precise material handling.\" \/>\n<meta name=\"robots\" content=\"index, follow, max-snippet:-1, max-image-preview:large, max-video-preview:-1\" \/>\n<link rel=\"canonical\" href=\"https:\/\/swoer.com\/pt\/manufacturer\/feeder-bowl-stand-sw-c270\/\" \/>\n<meta property=\"og:locale\" content=\"pt_PT\" \/>\n<meta property=\"og:type\" content=\"article\" \/>\n<meta property=\"og:title\" content=\"Feeder Bowl Stand SW-C270 - SWOER\" \/>\n<meta property=\"og:description\" content=\"The SW-C270 Feeder Bowl Stand is a heavy-duty industrial feeder with a 12kg load capacity and 50-200Hz vibration range, perfect for precise material handling.\" \/>\n<meta property=\"og:url\" content=\"https:\/\/swoer.com\/pt\/manufacturer\/feeder-bowl-stand-sw-c270\/\" \/>\n<meta property=\"og:site_name\" content=\"SWOER\" \/>\n<meta property=\"article:modified_time\" content=\"2024-08-01T01:07:15+00:00\" \/>\n<meta property=\"og:image\" content=\"https:\/\/swoer.com\/wp-content\/uploads\/2024\/07\/SW-C270.webp\" \/>\n\t<meta property=\"og:image:width\" content=\"1000\" \/>\n\t<meta property=\"og:image:height\" content=\"1000\" \/>\n\t<meta property=\"og:image:type\" content=\"image\/webp\" \/>\n<meta name=\"twitter:card\" content=\"summary_large_image\" \/>\n<meta name=\"twitter:label1\" content=\"Tempo estimado de leitura\" \/>\n\t<meta name=\"twitter:data1\" content=\"1 minuto\" \/>\n<script type=\"application\/ld+json\" class=\"yoast-schema-graph\">{\"@context\":\"https:\/\/schema.org\",\"@graph\":[{\"@type\":\"WebPage\",\"@id\":\"https:\/\/swoer.com\/manufacturer\/feeder-bowl-stand-sw-c270\/\",\"url\":\"https:\/\/swoer.com\/manufacturer\/feeder-bowl-stand-sw-c270\/\",\"name\":\"Feeder Bowl Stand SW-C270 - SWOER\",\"isPartOf\":{\"@id\":\"https:\/\/swoer.com\/#website\"},\"primaryImageOfPage\":{\"@id\":\"https:\/\/swoer.com\/manufacturer\/feeder-bowl-stand-sw-c270\/#primaryimage\"},\"image\":{\"@id\":\"https:\/\/swoer.com\/manufacturer\/feeder-bowl-stand-sw-c270\/#primaryimage\"},\"thumbnailUrl\":\"https:\/\/swoer.com\/wp-content\/uploads\/2024\/07\/SW-C270.webp\",\"datePublished\":\"2024-07-17T03:39:52+00:00\",\"dateModified\":\"2024-08-01T01:07:15+00:00\",\"description\":\"The SW-C270 Feeder Bowl Stand is a heavy-duty industrial feeder with a 12kg load capacity and 50-200Hz vibration range, perfect for precise material handling.\",\"breadcrumb\":{\"@id\":\"https:\/\/swoer.com\/manufacturer\/feeder-bowl-stand-sw-c270\/#breadcrumb\"},\"inLanguage\":\"pt-PT\",\"potentialAction\":[{\"@type\":\"ReadAction\",\"target\":[\"https:\/\/swoer.com\/manufacturer\/feeder-bowl-stand-sw-c270\/\"]}]},{\"@type\":\"ImageObject\",\"inLanguage\":\"pt-PT\",\"@id\":\"https:\/\/swoer.com\/manufacturer\/feeder-bowl-stand-sw-c270\/#primaryimage\",\"url\":\"https:\/\/swoer.com\/wp-content\/uploads\/2024\/07\/SW-C270.webp\",\"contentUrl\":\"https:\/\/swoer.com\/wp-content\/uploads\/2024\/07\/SW-C270.webp\",\"width\":1000,\"height\":1000,\"caption\":\"SW-C270\"},{\"@type\":\"BreadcrumbList\",\"@id\":\"https:\/\/swoer.com\/manufacturer\/feeder-bowl-stand-sw-c270\/#breadcrumb\",\"itemListElement\":[{\"@type\":\"ListItem\",\"position\":1,\"name\":\"Home\",\"item\":\"https:\/\/swoer.com\/\"},{\"@type\":\"ListItem\",\"position\":2,\"name\":\"Shop\",\"item\":\"https:\/\/swoer.com\/shop\/\"},{\"@type\":\"ListItem\",\"position\":3,\"name\":\"Feeder Bowl Stand SW-C270\"}]},{\"@type\":\"WebSite\",\"@id\":\"https:\/\/swoer.com\/#website\",\"url\":\"https:\/\/swoer.com\/\",\"name\":\"SWOER\",\"description\":\"Swoer is the top 3 vibratory bowl feeder manufacturer in China\",\"potentialAction\":[{\"@type\":\"SearchAction\",\"target\":{\"@type\":\"EntryPoint\",\"urlTemplate\":\"https:\/\/swoer.com\/?s={search_term_string}\"},\"query-input\":\"required name=search_term_string\"}],\"inLanguage\":\"pt-PT\"}]}<\/script>\n<!-- \/ Yoast SEO plugin. -->","yoast_head_json":{"title":"Feeder Bowl Stand SW-C270 - SWOER","description":"The SW-C270 Feeder Bowl Stand is a heavy-duty industrial feeder with a 12kg load capacity and 50-200Hz vibration range, perfect for precise material handling.","robots":{"index":"index","follow":"follow","max-snippet":"max-snippet:-1","max-image-preview":"max-image-preview:large","max-video-preview":"max-video-preview:-1"},"canonical":"https:\/\/swoer.com\/pt\/manufacturer\/feeder-bowl-stand-sw-c270\/","og_locale":"pt_PT","og_type":"article","og_title":"Feeder Bowl Stand SW-C270 - SWOER","og_description":"The SW-C270 Feeder Bowl Stand is a heavy-duty industrial feeder with a 12kg load capacity and 50-200Hz vibration range, perfect for precise material handling.","og_url":"https:\/\/swoer.com\/pt\/manufacturer\/feeder-bowl-stand-sw-c270\/","og_site_name":"SWOER","article_modified_time":"2024-08-01T01:07:15+00:00","og_image":[{"width":1000,"height":1000,"url":"https:\/\/swoer.com\/wp-content\/uploads\/2024\/07\/SW-C270.webp","type":"image\/webp"}],"twitter_card":"summary_large_image","twitter_misc":{"Tempo estimado de leitura":"1 minuto"},"schema":{"@context":"https:\/\/schema.org","@graph":[{"@type":"WebPage","@id":"https:\/\/swoer.com\/manufacturer\/feeder-bowl-stand-sw-c270\/","url":"https:\/\/swoer.com\/manufacturer\/feeder-bowl-stand-sw-c270\/","name":"Feeder Bowl Stand SW-C270 - SWOER","isPartOf":{"@id":"https:\/\/swoer.com\/#website"},"primaryImageOfPage":{"@id":"https:\/\/swoer.com\/manufacturer\/feeder-bowl-stand-sw-c270\/#primaryimage"},"image":{"@id":"https:\/\/swoer.com\/manufacturer\/feeder-bowl-stand-sw-c270\/#primaryimage"},"thumbnailUrl":"https:\/\/swoer.com\/wp-content\/uploads\/2024\/07\/SW-C270.webp","datePublished":"2024-07-17T03:39:52+00:00","dateModified":"2024-08-01T01:07:15+00:00","description":"The SW-C270 Feeder Bowl Stand is a heavy-duty industrial feeder with a 12kg load capacity and 50-200Hz vibration range, perfect for precise material handling.","breadcrumb":{"@id":"https:\/\/swoer.com\/manufacturer\/feeder-bowl-stand-sw-c270\/#breadcrumb"},"inLanguage":"pt-PT","potentialAction":[{"@type":"ReadAction","target":["https:\/\/swoer.com\/manufacturer\/feeder-bowl-stand-sw-c270\/"]}]},{"@type":"ImageObject","inLanguage":"pt-PT","@id":"https:\/\/swoer.com\/manufacturer\/feeder-bowl-stand-sw-c270\/#primaryimage","url":"https:\/\/swoer.com\/wp-content\/uploads\/2024\/07\/SW-C270.webp","contentUrl":"https:\/\/swoer.com\/wp-content\/uploads\/2024\/07\/SW-C270.webp","width":1000,"height":1000,"caption":"SW-C270"},{"@type":"BreadcrumbList","@id":"https:\/\/swoer.com\/manufacturer\/feeder-bowl-stand-sw-c270\/#breadcrumb","itemListElement":[{"@type":"ListItem","position":1,"name":"Home","item":"https:\/\/swoer.com\/"},{"@type":"ListItem","position":2,"name":"Shop","item":"https:\/\/swoer.com\/shop\/"},{"@type":"ListItem","position":3,"name":"Feeder Bowl Stand SW-C270"}]},{"@type":"WebSite","@id":"https:\/\/swoer.com\/#website","url":"https:\/\/swoer.com\/","name":"SWOER","description":"Swoer is the top 3 vibratory bowl feeder manufacturer in China","potentialAction":[{"@type":"SearchAction","target":{"@type":"EntryPoint","urlTemplate":"https:\/\/swoer.com\/?s={search_term_string}"},"query-input":"required name=search_term_string"}],"inLanguage":"pt-PT"}]}},"_links":{"self":[{"href":"https:\/\/swoer.com\/pt\/wp-json\/wp\/v2\/product\/2346"}],"collection":[{"href":"https:\/\/swoer.com\/pt\/wp-json\/wp\/v2\/product"}],"about":[{"href":"https:\/\/swoer.com\/pt\/wp-json\/wp\/v2\/types\/product"}],"replies":[{"embeddable":true,"href":"https:\/\/swoer.com\/pt\/wp-json\/wp\/v2\/comments?post=2346"}],"wp:featuredmedia":[{"embeddable":true,"href":"https:\/\/swoer.com\/pt\/wp-json\/wp\/v2\/media\/2347"}],"wp:attachment":[{"href":"https:\/\/swoer.com\/pt\/wp-json\/wp\/v2\/media?parent=2346"}],"wp:term":[{"taxonomy":"product_cat","embeddable":true,"href":"https:\/\/swoer.com\/pt\/wp-json\/wp\/v2\/product_cat?post=2346"},{"taxonomy":"product_tag","embeddable":true,"href":"https:\/\/swoer.com\/pt\/wp-json\/wp\/v2\/product_tag?post=2346"}],"curies":[{"name":"wp","href":"https:\/\/api.w.org\/{rel}","templated":true}]}}