{"id":2302,"date":"2024-07-09T02:48:58","date_gmt":"2024-07-09T02:48:58","guid":{"rendered":"https:\/\/swoer.com\/?post_type=product&#038;p=2302"},"modified":"2024-08-16T14:09:17","modified_gmt":"2024-08-16T06:09:17","slug":"vibratory-feeder-controller-sdvc34-ur","status":"publish","type":"product","link":"https:\/\/swoer.com\/pt\/manufacturer\/vibratory-feeder-controller-sdvc34-ur\/","title":{"rendered":"Controlador de Alimentador Vibrat\u00f3rio SDVC34-UR"},"content":{"rendered":"<h2><strong><b>Vantagens<\/b><\/strong><\/h2>\n<ul>\n<li>Estabiliza\u00e7\u00e3o autom\u00e1tica de velocidade<\/li>\n<li>Ajuste autom\u00e1tico de frequ\u00eancia<\/li>\n<li>Pesquisa autom\u00e1tica de frequ\u00eancia<\/li>\n<li>Sa\u00edda s\u00edncrona<\/li>\n<li>Predefini\u00e7\u00e3o de velocidade<\/li>\n<li>In\u00edcio lento ajust\u00e1vel<\/li>\n<li>Estabiliza\u00e7\u00e3o autom\u00e1tica de tens\u00e3o de alta precis\u00e3o<\/li>\n<li>Prote\u00e7\u00e3o digital contra superaquecimento<\/li>\n<li>Autoadapta\u00e7\u00e3o do sensor<\/li>\n<li>Controle remoto de velocidade<\/li>\n<li>Sa\u00edda de controle CC<\/li>\n<li>Configura\u00e7\u00e3o m\u00e1xima de tens\u00e3o de sa\u00edda<\/li>\n<li>Desligamento completo\/vazio do sensor de interruptor duplo<\/li>\n<li>Fun\u00e7\u00e3o de contagem<\/li>\n<li>485 comunica\u00e7\u00e3o<\/li>\n<\/ul>\n\t<div id=\"gap-538288376\" class=\"gap-element clearfix\" style=\"display:block; height:auto;\">\n\t\t\n<style>\n#gap-538288376 {\n  padding-top: 30px;\n}\n<\/style>\n\t<\/div>\n\t\n<h2><strong>Fun\u00e7\u00f5es do produto<\/strong><\/h2>\n<h3 data-sourcepos=\"5:1-5:149\"><\/h3>\n<ol data-sourcepos=\"7:1-7:119\">\n<li data-sourcepos=\"7:1-7:119\">\n<p data-sourcepos=\"7:4-7:165\"><strong>Modula\u00e7\u00e3o autom\u00e1tica de frequ\u00eancia:<\/strong> O controlador ajusta automaticamente a frequ\u00eancia de sa\u00edda em tempo real, garantindo que o alimentador opere na frequ\u00eancia ideal.<\/p>\n<\/li>\n<li data-sourcepos=\"9:1-9:140\">\n<p data-sourcepos=\"9:4-9:140\"><strong>Estabiliza\u00e7\u00e3o Autom\u00e1tica de Velocidade:<\/strong> O controlador ajusta automaticamente a voltagem em tempo real. Assim, ele garante velocidade de alimenta\u00e7\u00e3o consistente, independentemente de mudan\u00e7as na pe\u00e7a de trabalho.<\/p>\n<\/li>\n<li data-sourcepos=\"11:1-11:137\">\n<p data-sourcepos=\"11:4-11:137\"><strong>Pesquisa autom\u00e1tica de frequ\u00eancia \u00e0 prova de erros:<\/strong> Esta fun\u00e7\u00e3o determina rapidamente a frequ\u00eancia ideal de trabalho e outros par\u00e2metros relacionados, simplificando a opera\u00e7\u00e3o do usu\u00e1rio.<\/p>\n<\/li>\n<li data-sourcepos=\"13:1-14:0\">\n<p data-sourcepos=\"13:4-13:227\"><strong>Estabiliza\u00e7\u00e3o Autom\u00e1tica de Tens\u00e3o:<\/strong> Mesmo sem a estabiliza\u00e7\u00e3o autom\u00e1tica de velocidade habilitada, o controlador elimina altera\u00e7\u00f5es na velocidade de alimenta\u00e7\u00e3o causadas por flutua\u00e7\u00f5es na fonte de alimenta\u00e7\u00e3o e efeitos de frequ\u00eancia de batimento CA de frequ\u00eancia industrial.<\/p>\n<\/li>\n<li data-sourcepos=\"15:1-16:0\">\n<p data-sourcepos=\"15:4-15:163\"><strong>Sa\u00edda S\u00edncrona:<\/strong> Esta fun\u00e7\u00e3o bloqueia de forma s\u00edncrona as sa\u00eddas de v\u00e1rios controladores na mesma frequ\u00eancia e fase, evitando problemas de frequ\u00eancia de batimento.<\/p>\n<\/li>\n<li data-sourcepos=\"17:1-18:0\">\n<p data-sourcepos=\"17:4-17:254\"><strong>Desligamento de material cheio\/vazio:<\/strong> O controlador fornece uma interface de entrada de sinal do sensor de comuta\u00e7\u00e3o para controle de desligamento de material cheio\/vazio com tempo de in\u00edcio lento ajust\u00e1vel, atraso de abertura, atraso de fechamento, configura\u00e7\u00e3o de dire\u00e7\u00e3o l\u00f3gica e outras fun\u00e7\u00f5es de controle.<\/p>\n<\/li>\n<li data-sourcepos=\"19:1-19:77\">\n<p data-sourcepos=\"19:4-19:77\"><strong>Adapta\u00e7\u00e3o do Sensor:<\/strong> Al\u00e9m disso, o controlador se adapta facilmente aos sensores NPN e PNP, garantindo compatibilidade e confiabilidade perfeitas.<\/p>\n<\/li>\n<li data-sourcepos=\"21:1-22:0\">\n<p data-sourcepos=\"21:4-21:191\"><strong>In\u00edcio lento:<\/strong> Na inicializa\u00e7\u00e3o, o controlador aumenta gradualmente a tens\u00e3o de sa\u00edda\/velocidade de alimenta\u00e7\u00e3o de 0 at\u00e9 o valor predefinido, eliminando danos ao equipamento de vibra\u00e7\u00e3o causados pelo choque de inicializa\u00e7\u00e3o.<\/p>\n<\/li>\n<li data-sourcepos=\"23:1-24:0\">\n<p data-sourcepos=\"23:4-23:111\"><strong>Predefini\u00e7\u00e3o de velocidade:<\/strong> Os usu\u00e1rios podem selecionar diretamente at\u00e9 4 tens\u00f5es de sa\u00edda predefinidas por meio de sinais de controle externos.<\/p>\n<\/li>\n<li data-sourcepos=\"25:1-26:0\">\n<p data-sourcepos=\"25:5-25:111\"><strong>Fun\u00e7\u00e3o de acelera\u00e7\u00e3o:<\/strong> Esta fun\u00e7\u00e3o aumenta a tens\u00e3o m\u00e1xima de sa\u00edda para 150% da tens\u00e3o de entrada.<\/p>\n<\/li>\n<li data-sourcepos=\"27:1-28:0\">\n<p data-sourcepos=\"27:5-27:188\"><strong>Configura\u00e7\u00e3o m\u00e1xima de tens\u00e3o de sa\u00edda:<\/strong> Esta configura\u00e7\u00e3o permite ao usu\u00e1rio definir a tens\u00e3o m\u00e1xima ajust\u00e1vel, evitando danos acidentais aos equipamentos vibrat\u00f3rios ao ultrapassar os limites de tens\u00e3o.<\/p>\n<\/li>\n<li data-sourcepos=\"29:1-30:0\">\n<p data-sourcepos=\"29:5-29:107\"><strong>\u00cdndice de forma de onda:<\/strong> Os usu\u00e1rios podem ajustar este par\u00e2metro para equilibrar a efici\u00eancia do controlador e a pot\u00eancia m\u00e1xima.<\/p>\n<\/li>\n<li data-sourcepos=\"31:1-32:0\">\n<p data-sourcepos=\"31:5-31:188\"><strong>Controle remoto de velocidade:<\/strong> O controlador permite o controle direto da tens\u00e3o de sa\u00edda ou velocidade de alimenta\u00e7\u00e3o usando um potenci\u00f4metro externo, PLC, sinal de tens\u00e3o de 1 ~ 5 V ou sinal de alimenta\u00e7\u00e3o de 4 ~ 20 mA.<\/p>\n<\/li>\n<li data-sourcepos=\"33:1-34:0\">\n<p data-sourcepos=\"33:5-33:185\"><strong>Sa\u00edda de controle de 24 Vcc:<\/strong> O controlador fornece um sinal de controle atrav\u00e9s de um transistor para controlar diretamente dispositivos externos, como v\u00e1lvulas solen\u00f3ides, em coordena\u00e7\u00e3o com o controlador.<\/p>\n<\/li>\n<li data-sourcepos=\"35:1-35:12\">\n<p data-sourcepos=\"35:5-35:12\"><strong>Interruptor de sa\u00edda:<\/strong> Um bot\u00e3o de toque no painel permite aos usu\u00e1rios iniciar\/parar a m\u00e1quina instantaneamente, facilitando a depura\u00e7\u00e3o do equipamento.<\/p>\n<\/li>\n<li data-sourcepos=\"37:1-38:0\">\n<p data-sourcepos=\"37:5-37:115\"><strong>Bloqueio do teclado:<\/strong> Os usu\u00e1rios podem manter pressionado o bot\u00e3o liga\/desliga para bloquear todos os bot\u00f5es, evitando opera\u00e7\u00e3o acidental.<\/p>\n<\/li>\n<li data-sourcepos=\"39:1-40:0\">\n<p data-sourcepos=\"39:5-39:154\"><strong>Senha do par\u00e2metro:<\/strong> Os usu\u00e1rios podem definir uma senha para bloquear par\u00e2metros espec\u00edficos, excluindo tens\u00e3o de sa\u00edda\/velocidade de alimenta\u00e7\u00e3o, para evitar altera\u00e7\u00f5es n\u00e3o autorizadas.<\/p>\n<\/li>\n<li data-sourcepos=\"41:1-42:0\">\n<p data-sourcepos=\"41:5-41:183\"><strong>Restaurar configura\u00e7\u00f5es de f\u00e1brica:<\/strong> Esta fun\u00e7\u00e3o permite aos usu\u00e1rios restaurar rapidamente todos os par\u00e2metros ajustados aos padr\u00f5es de f\u00e1brica, redefinindo o controlador ao seu estado original de funcionamento.<\/p>\n<\/li>\n<li data-sourcepos=\"43:1-43:108\">\n<p data-sourcepos=\"43:5-43:108\"><strong>485 Comunica\u00e7\u00e3o:<\/strong> V\u00e1rios par\u00e2metros do controlador podem ser ajustados remotamente atrav\u00e9s da comunica\u00e7\u00e3o 485.<\/p>\n<\/li>\n<\/ol>\n\t<div id=\"gap-342753273\" class=\"gap-element clearfix\" style=\"display:block; height:auto;\">\n\t\t\n<style>\n#gap-342753273 {\n  padding-top: 30px;\n}\n<\/style>\n\t<\/div>\n\t\n<h2>Especifica\u00e7\u00e3o t\u00e9cnica<\/h2>\n<table width=\"767\">\n<tbody>\n<tr>\n<td rowspan=\"2\" width=\"225\">Item<\/td>\n<td colspan=\"3\" width=\"216\">Faixa<\/td>\n<td rowspan=\"2\" width=\"72\">Unidade<\/td>\n<td rowspan=\"2\" width=\"254\">Descri\u00e7\u00e3o<\/td>\n<\/tr>\n<tr>\n<td>M\u00ednimo<\/td>\n<td>T\u00edpica<\/td>\n<td>M\u00e1ximo<\/td>\n<\/tr>\n<tr>\n<td>Tens\u00e3o de entrada<\/td>\n<td>85<\/td>\n<td>220<\/td>\n<td>260<\/td>\n<td>V<\/td>\n<td>Valor efetivo AC<\/td>\n<\/tr>\n<tr>\n<td>Faixa de ajuste de tens\u00e3o de sa\u00edda<\/td>\n<td>0<\/td>\n<td><\/td>\n<td>260<\/td>\n<td>V<\/td>\n<td>Menos de 150% de tens\u00e3o de entrada<\/td>\n<\/tr>\n<tr>\n<td>Precis\u00e3o de ajuste de tens\u00e3o<\/td>\n<td colspan=\"3\">1<\/td>\n<td>V<\/td>\n<td><\/td>\n<\/tr>\n<tr>\n<td>Precis\u00e3o da regula\u00e7\u00e3o de tens\u00e3o<\/td>\n<td>0<\/td>\n<td><\/td>\n<td>10<\/td>\n<td><\/td>\n<td>Vout\/Vin<\/td>\n<\/tr>\n<tr>\n<td>Tempo de resposta da regula\u00e7\u00e3o de tens\u00e3o<\/td>\n<td>0.0025<\/td>\n<td><\/td>\n<td>0.04<\/td>\n<td>\u00e9<\/td>\n<td>Um d\u00e9cimo do ciclo de tens\u00e3o de sa\u00edda<\/td>\n<\/tr>\n<tr>\n<td rowspan=\"2\">Faixa de ajuste de corrente de sa\u00edda<\/td>\n<td rowspan=\"2\">0<\/td>\n<td rowspan=\"2\"><\/td>\n<td rowspan=\"2\">10<\/td>\n<td rowspan=\"2\">A<\/td>\n<td rowspan=\"2\"><\/td>\n<\/tr>\n<tr>\n<td rowspan=\"2\"><\/td>\n<td rowspan=\"2\"><\/td>\n<td rowspan=\"2\"><\/td>\n<td rowspan=\"2\"><\/td>\n<td rowspan=\"2\"><\/td>\n<td rowspan=\"2\"><\/td>\n<\/tr>\n<tr>\n<td>Frequ\u00eancia de sa\u00edda<\/td>\n<td>25<\/td>\n<td><\/td>\n<td>400<\/td>\n<td>Hz<\/td>\n<td><\/td>\n<\/tr>\n<tr>\n<td>Precis\u00e3o do ajuste de frequ\u00eancia<\/td>\n<td colspan=\"3\">0.1<\/td>\n<td>Hz<\/td>\n<td><\/td>\n<\/tr>\n<tr>\n<td>Forma de onda de sa\u00edda<\/td>\n<td colspan=\"3\">seno<\/td>\n<td><\/td>\n<td><\/td>\n<\/tr>\n<tr>\n<td>Tempo de in\u00edcio lento<\/td>\n<td>0<\/td>\n<td><\/td>\n<td>10<\/td>\n<td>\u00e9<\/td>\n<td>Padr\u00e3o de f\u00e1brica 0,5<\/td>\n<\/tr>\n<tr>\n<td>Intervalo de tempo de atraso<\/td>\n<td>0<\/td>\n<td><\/td>\n<td>20<\/td>\n<td>\u00e9<\/td>\n<td>Padr\u00e3o de f\u00e1brica 0,2<\/td>\n<\/tr>\n<tr>\n<td>Precis\u00e3o do tempo de atraso<\/td>\n<td colspan=\"3\">0.1<\/td>\n<td>\u00e9<\/td>\n<td><\/td>\n<\/tr>\n<tr>\n<td>Temperatura de prote\u00e7\u00e3o contra superaquecimento<\/td>\n<td>60<\/td>\n<td>65<\/td>\n<td>65<\/td>\n<td>\u2103<\/td>\n<td><\/td>\n<\/tr>\n<tr>\n<td>Modelo de controle anal\u00f3gico<\/td>\n<td colspan=\"3\">Comunica\u00e7\u00e3o ModBus485<\/td>\n<td>V<\/td>\n<td>Tens\u00e3o de controle remoto de velocidade<\/td>\n<\/tr>\n<tr>\n<td>Sinal de controle digital<\/td>\n<td colspan=\"3\">24<\/td>\n<td>V<\/td>\n<td>Controle de sinal de comuta\u00e7\u00e3o<\/td>\n<\/tr>\n<tr>\n<td>M\u00e9todo de ajuste<\/td>\n<td colspan=\"3\">6<\/td>\n<td>chave<\/td>\n<td><\/td>\n<\/tr>\n<tr>\n<td>Consumo de energia sem carga<\/td>\n<td><\/td>\n<td>3<\/td>\n<td><\/td>\n<td>C<\/td>\n<td><\/td>\n<\/tr>\n<tr>\n<td>Modo de exibi\u00e7\u00e3o<\/td>\n<td colspan=\"3\">5<\/td>\n<td>d\u00edgito<\/td>\n<td>Tubo digital LED<\/td>\n<\/tr>\n<tr>\n<td>Temperatura ambiente salarial<\/td>\n<td>0<\/td>\n<td>25<\/td>\n<td>40<\/td>\n<td>\u2103<\/td>\n<td rowspan=\"2\">Sem condensa\u00e7\u00e3o<\/td>\n<\/tr>\n<tr>\n<td>Umidade do ambiente salarial<\/td>\n<td>10<\/td>\n<td>60<\/td>\n<td>85<\/td>\n<td>%<\/td>\n<\/tr>\n<\/tbody>\n<\/table>\n\t<div id=\"gap-175081300\" class=\"gap-element clearfix\" style=\"display:block; height:auto;\">\n\t\t\n<style>\n#gap-175081300 {\n  padding-top: 30px;\n}\n<\/style>\n\t<\/div>\n\t\n<h2><strong><b>Dimens\u00f5es e <\/b><\/strong><strong><b>C<\/b><\/strong><strong><b>oito:<\/b><\/strong><\/h2>\n<ul>\n<li><strong>Dimens\u00f5es:<\/strong> 190 mm de comprimento x 242 mm de largura x 94,5 mm de altura<\/li>\n<li><strong>Peso:<\/strong> 2670g (excluindo acess\u00f3rios)<\/li>\n<\/ul>\n\t<div class=\"img has-hover x md-x lg-x y md-y lg-y\" id=\"image_1366928956\">\n\t\t\t\t\t\t\t\t<div class=\"img-inner dark\" >\n\t\t\t<img loading=\"lazy\" decoding=\"async\" width=\"818\" height=\"559\" src=\"https:\/\/swoer.com\/wp-content\/uploads\/2024\/07\/Dimensions.webp\" class=\"attachment-original size-original\" alt=\"Dimens\u00f5es\" srcset=\"https:\/\/swoer.com\/wp-content\/uploads\/2024\/07\/Dimensions.webp 818w, https:\/\/swoer.com\/wp-content\/uploads\/2024\/07\/Dimensions-300x205.webp 300w, https:\/\/swoer.com\/wp-content\/uploads\/2024\/07\/Dimensions-768x525.webp 768w, https:\/\/swoer.com\/wp-content\/uploads\/2024\/07\/Dimensions-18x12.webp 18w, https:\/\/swoer.com\/wp-content\/uploads\/2024\/07\/Dimensions-600x410.webp 600w\" sizes=\"(max-width: 818px) 100vw, 818px\" \/>\t\t\t\t\t\t\n\t\t\t\t\t<\/div>\n\t\t\t\t\t\t\t\t\n<style>\n#image_1366928956 {\n  width: 67%;\n}\n<\/style>\n\t<\/div>","protected":false},"excerpt":{"rendered":"<p>Este controlador avan\u00e7ado possui controle autom\u00e1tico de velocidade\/frequ\u00eancia, sa\u00edda s\u00edncrona, predefini\u00e7\u00e3o de velocidade, partida lenta, estabiliza\u00e7\u00e3o de tens\u00e3o, prote\u00e7\u00e3o contra superaquecimento, autoadapta\u00e7\u00e3o do sensor, controle remoto, sa\u00edda CC, configura\u00e7\u00e3o de tens\u00e3o, desligamento completo\/vazio, contagem e comunica\u00e7\u00e3o 485.<\/p>","protected":false},"featured_media":2497,"comment_status":"open","ping_status":"closed","template":"","meta":[],"product_cat":[45],"product_tag":[],"yoast_head":"<!-- This site is optimized with the Yoast SEO plugin v22.2 - https:\/\/yoast.com\/wordpress\/plugins\/seo\/ -->\n<title>Vibratory Feeder Controller SDVC34-UR - SWOER<\/title>\n<meta name=\"description\" content=\"Optimize your material flow with the Vibratory Feeder Controller SDVC34-UR. Precise control, easy setup, and enhanced efficiency for industrial applications. Order now\uff01\" \/>\n<meta name=\"robots\" content=\"index, follow, max-snippet:-1, max-image-preview:large, max-video-preview:-1\" \/>\n<link rel=\"canonical\" href=\"https:\/\/swoer.com\/pt\/manufacturer\/vibratory-feeder-controller-sdvc34-ur\/\" \/>\n<meta property=\"og:locale\" content=\"pt_PT\" \/>\n<meta property=\"og:type\" content=\"article\" \/>\n<meta property=\"og:title\" content=\"Vibratory Feeder Controller SDVC34-UR - SWOER\" \/>\n<meta property=\"og:description\" content=\"Optimize your material flow with the Vibratory Feeder Controller SDVC34-UR. Precise control, easy setup, and enhanced efficiency for industrial applications. Order now\uff01\" \/>\n<meta property=\"og:url\" content=\"https:\/\/swoer.com\/pt\/manufacturer\/vibratory-feeder-controller-sdvc34-ur\/\" \/>\n<meta property=\"og:site_name\" content=\"SWOER\" \/>\n<meta property=\"article:modified_time\" content=\"2024-08-16T06:09:17+00:00\" \/>\n<meta property=\"og:image\" content=\"https:\/\/swoer.com\/wp-content\/uploads\/2024\/07\/Vibratory-Bowl-Feeder-Controller-SDVC34-UR.webp\" \/>\n\t<meta property=\"og:image:width\" content=\"1000\" \/>\n\t<meta property=\"og:image:height\" content=\"1000\" \/>\n\t<meta property=\"og:image:type\" content=\"image\/webp\" \/>\n<meta name=\"twitter:card\" content=\"summary_large_image\" \/>\n<meta name=\"twitter:label1\" content=\"Tempo estimado de leitura\" \/>\n\t<meta name=\"twitter:data1\" content=\"3 minutos\" \/>\n<script type=\"application\/ld+json\" class=\"yoast-schema-graph\">{\"@context\":\"https:\/\/schema.org\",\"@graph\":[{\"@type\":\"WebPage\",\"@id\":\"https:\/\/swoer.com\/manufacturer\/vibratory-feeder-controller-sdvc34-ur\/\",\"url\":\"https:\/\/swoer.com\/manufacturer\/vibratory-feeder-controller-sdvc34-ur\/\",\"name\":\"Vibratory Feeder Controller SDVC34-UR - SWOER\",\"isPartOf\":{\"@id\":\"https:\/\/swoer.com\/#website\"},\"primaryImageOfPage\":{\"@id\":\"https:\/\/swoer.com\/manufacturer\/vibratory-feeder-controller-sdvc34-ur\/#primaryimage\"},\"image\":{\"@id\":\"https:\/\/swoer.com\/manufacturer\/vibratory-feeder-controller-sdvc34-ur\/#primaryimage\"},\"thumbnailUrl\":\"https:\/\/swoer.com\/wp-content\/uploads\/2024\/07\/Vibratory-Bowl-Feeder-Controller-SDVC34-UR.webp\",\"datePublished\":\"2024-07-09T02:48:58+00:00\",\"dateModified\":\"2024-08-16T06:09:17+00:00\",\"description\":\"Optimize your material flow with the Vibratory Feeder Controller SDVC34-UR. Precise control, easy setup, and enhanced efficiency for industrial applications. Order now\uff01\",\"breadcrumb\":{\"@id\":\"https:\/\/swoer.com\/manufacturer\/vibratory-feeder-controller-sdvc34-ur\/#breadcrumb\"},\"inLanguage\":\"pt-PT\",\"potentialAction\":[{\"@type\":\"ReadAction\",\"target\":[\"https:\/\/swoer.com\/manufacturer\/vibratory-feeder-controller-sdvc34-ur\/\"]}]},{\"@type\":\"ImageObject\",\"inLanguage\":\"pt-PT\",\"@id\":\"https:\/\/swoer.com\/manufacturer\/vibratory-feeder-controller-sdvc34-ur\/#primaryimage\",\"url\":\"https:\/\/swoer.com\/wp-content\/uploads\/2024\/07\/Vibratory-Bowl-Feeder-Controller-SDVC34-UR.webp\",\"contentUrl\":\"https:\/\/swoer.com\/wp-content\/uploads\/2024\/07\/Vibratory-Bowl-Feeder-Controller-SDVC34-UR.webp\",\"width\":1000,\"height\":1000,\"caption\":\"Vibratory Bowl Feeder Controller SDVC34-UR\"},{\"@type\":\"BreadcrumbList\",\"@id\":\"https:\/\/swoer.com\/manufacturer\/vibratory-feeder-controller-sdvc34-ur\/#breadcrumb\",\"itemListElement\":[{\"@type\":\"ListItem\",\"position\":1,\"name\":\"Home\",\"item\":\"https:\/\/swoer.com\/\"},{\"@type\":\"ListItem\",\"position\":2,\"name\":\"Shop\",\"item\":\"https:\/\/swoer.com\/shop\/\"},{\"@type\":\"ListItem\",\"position\":3,\"name\":\"Vibratory Feeder Controller SDVC34-UR\"}]},{\"@type\":\"WebSite\",\"@id\":\"https:\/\/swoer.com\/#website\",\"url\":\"https:\/\/swoer.com\/\",\"name\":\"SWOER\",\"description\":\"Swoer is the top 3 vibratory bowl feeder manufacturer in China\",\"potentialAction\":[{\"@type\":\"SearchAction\",\"target\":{\"@type\":\"EntryPoint\",\"urlTemplate\":\"https:\/\/swoer.com\/?s={search_term_string}\"},\"query-input\":\"required name=search_term_string\"}],\"inLanguage\":\"pt-PT\"}]}<\/script>\n<!-- \/ Yoast SEO plugin. -->","yoast_head_json":{"title":"Vibratory Feeder Controller SDVC34-UR - SWOER","description":"Optimize your material flow with the Vibratory Feeder Controller SDVC34-UR. Precise control, easy setup, and enhanced efficiency for industrial applications. Order now\uff01","robots":{"index":"index","follow":"follow","max-snippet":"max-snippet:-1","max-image-preview":"max-image-preview:large","max-video-preview":"max-video-preview:-1"},"canonical":"https:\/\/swoer.com\/pt\/manufacturer\/vibratory-feeder-controller-sdvc34-ur\/","og_locale":"pt_PT","og_type":"article","og_title":"Vibratory Feeder Controller SDVC34-UR - SWOER","og_description":"Optimize your material flow with the Vibratory Feeder Controller SDVC34-UR. Precise control, easy setup, and enhanced efficiency for industrial applications. Order now\uff01","og_url":"https:\/\/swoer.com\/pt\/manufacturer\/vibratory-feeder-controller-sdvc34-ur\/","og_site_name":"SWOER","article_modified_time":"2024-08-16T06:09:17+00:00","og_image":[{"width":1000,"height":1000,"url":"https:\/\/swoer.com\/wp-content\/uploads\/2024\/07\/Vibratory-Bowl-Feeder-Controller-SDVC34-UR.webp","type":"image\/webp"}],"twitter_card":"summary_large_image","twitter_misc":{"Tempo estimado de leitura":"3 minutos"},"schema":{"@context":"https:\/\/schema.org","@graph":[{"@type":"WebPage","@id":"https:\/\/swoer.com\/manufacturer\/vibratory-feeder-controller-sdvc34-ur\/","url":"https:\/\/swoer.com\/manufacturer\/vibratory-feeder-controller-sdvc34-ur\/","name":"Vibratory Feeder Controller SDVC34-UR - SWOER","isPartOf":{"@id":"https:\/\/swoer.com\/#website"},"primaryImageOfPage":{"@id":"https:\/\/swoer.com\/manufacturer\/vibratory-feeder-controller-sdvc34-ur\/#primaryimage"},"image":{"@id":"https:\/\/swoer.com\/manufacturer\/vibratory-feeder-controller-sdvc34-ur\/#primaryimage"},"thumbnailUrl":"https:\/\/swoer.com\/wp-content\/uploads\/2024\/07\/Vibratory-Bowl-Feeder-Controller-SDVC34-UR.webp","datePublished":"2024-07-09T02:48:58+00:00","dateModified":"2024-08-16T06:09:17+00:00","description":"Optimize your material flow with the Vibratory Feeder Controller SDVC34-UR. Precise control, easy setup, and enhanced efficiency for industrial applications. Order now\uff01","breadcrumb":{"@id":"https:\/\/swoer.com\/manufacturer\/vibratory-feeder-controller-sdvc34-ur\/#breadcrumb"},"inLanguage":"pt-PT","potentialAction":[{"@type":"ReadAction","target":["https:\/\/swoer.com\/manufacturer\/vibratory-feeder-controller-sdvc34-ur\/"]}]},{"@type":"ImageObject","inLanguage":"pt-PT","@id":"https:\/\/swoer.com\/manufacturer\/vibratory-feeder-controller-sdvc34-ur\/#primaryimage","url":"https:\/\/swoer.com\/wp-content\/uploads\/2024\/07\/Vibratory-Bowl-Feeder-Controller-SDVC34-UR.webp","contentUrl":"https:\/\/swoer.com\/wp-content\/uploads\/2024\/07\/Vibratory-Bowl-Feeder-Controller-SDVC34-UR.webp","width":1000,"height":1000,"caption":"Vibratory Bowl Feeder Controller SDVC34-UR"},{"@type":"BreadcrumbList","@id":"https:\/\/swoer.com\/manufacturer\/vibratory-feeder-controller-sdvc34-ur\/#breadcrumb","itemListElement":[{"@type":"ListItem","position":1,"name":"Home","item":"https:\/\/swoer.com\/"},{"@type":"ListItem","position":2,"name":"Shop","item":"https:\/\/swoer.com\/shop\/"},{"@type":"ListItem","position":3,"name":"Vibratory Feeder Controller SDVC34-UR"}]},{"@type":"WebSite","@id":"https:\/\/swoer.com\/#website","url":"https:\/\/swoer.com\/","name":"SWOER","description":"Swoer is the top 3 vibratory bowl feeder manufacturer in China","potentialAction":[{"@type":"SearchAction","target":{"@type":"EntryPoint","urlTemplate":"https:\/\/swoer.com\/?s={search_term_string}"},"query-input":"required name=search_term_string"}],"inLanguage":"pt-PT"}]}},"_links":{"self":[{"href":"https:\/\/swoer.com\/pt\/wp-json\/wp\/v2\/product\/2302"}],"collection":[{"href":"https:\/\/swoer.com\/pt\/wp-json\/wp\/v2\/product"}],"about":[{"href":"https:\/\/swoer.com\/pt\/wp-json\/wp\/v2\/types\/product"}],"replies":[{"embeddable":true,"href":"https:\/\/swoer.com\/pt\/wp-json\/wp\/v2\/comments?post=2302"}],"wp:featuredmedia":[{"embeddable":true,"href":"https:\/\/swoer.com\/pt\/wp-json\/wp\/v2\/media\/2497"}],"wp:attachment":[{"href":"https:\/\/swoer.com\/pt\/wp-json\/wp\/v2\/media?parent=2302"}],"wp:term":[{"taxonomy":"product_cat","embeddable":true,"href":"https:\/\/swoer.com\/pt\/wp-json\/wp\/v2\/product_cat?post=2302"},{"taxonomy":"product_tag","embeddable":true,"href":"https:\/\/swoer.com\/pt\/wp-json\/wp\/v2\/product_tag?post=2302"}],"curies":[{"name":"wp","href":"https:\/\/api.w.org\/{rel}","templated":true}]}}