{"id":2284,"date":"2024-07-06T00:52:41","date_gmt":"2024-07-06T00:52:41","guid":{"rendered":"https:\/\/swoer.com\/?post_type=product&#038;p=2284"},"modified":"2024-08-16T14:12:47","modified_gmt":"2024-08-16T06:12:47","slug":"vibratory-bowl-feeder-controller-sdvc34-mr","status":"publish","type":"product","link":"https:\/\/swoer.com\/pt\/manufacturer\/vibratory-bowl-feeder-controller-sdvc34-mr\/","title":{"rendered":"Controlador de alimenta\u00e7\u00e3o de tigela vibrat\u00f3ria SDVC34-MR"},"content":{"rendered":"<h2><strong><b>Caracter\u00edsticas<\/b><\/strong><\/h2>\n<ul>\n<li>Pesquisa autom\u00e1tica de frequ\u00eancia<\/li>\n<li>Sa\u00edda sincronizada<\/li>\n<li>Predefini\u00e7\u00e3o de velocidade<\/li>\n<li>In\u00edcio lento ajust\u00e1vel<\/li>\n<li>Estabiliza\u00e7\u00e3o autom\u00e1tica de tens\u00e3o de alta precis\u00e3o<\/li>\n<li>Sensor Adaptativo<\/li>\n<li>Controle remoto de velocidade<\/li>\n<li>Sa\u00edda de controle CC<\/li>\n<li>Material do sensor de interruptor duplo desligamento completo\/vazio<\/li>\n<li>Fun\u00e7\u00e3o de contagem<\/li>\n<li>485 comunica\u00e7\u00e3o<\/li>\n<\/ul>\n<h2><strong><b>caracter\u00edsticas do produto<\/b><\/strong><\/h2>\n<h3>Recursos avan\u00e7ados do produto<\/h3>\n<p>Nossos controladores de alimentador vibrat\u00f3rio s\u00e3o habilmente projetados para controle de alimenta\u00e7\u00e3o vibrat\u00f3ria em equipamentos de automa\u00e7\u00e3o, integrando tecnologia eletr\u00f4nica de ponta. Eles oferecem aos usu\u00e1rios fun\u00e7\u00f5es pr\u00e1ticas e convenientes:<\/p>\n<ol>\n<li><strong>Ajuste Autom\u00e1tico de Frequ\u00eancia<\/strong>: O ajuste de frequ\u00eancia em tempo real garante que o alimentador opere na frequ\u00eancia ideal.<\/li>\n<li><strong>Estabiliza\u00e7\u00e3o Autom\u00e1tica de Velocidade<\/strong>: Mant\u00e9m uma velocidade de alimenta\u00e7\u00e3o consistente atrav\u00e9s do ajuste de tens\u00e3o em tempo real, independentemente do n\u00famero de pe\u00e7as de trabalho.<\/li>\n<li><strong>Pesquisa autom\u00e1tica de frequ\u00eancia<\/strong>: O recurso infal\u00edvel determina rapidamente a frequ\u00eancia de trabalho ideal e os par\u00e2metros relacionados para conveni\u00eancia do usu\u00e1rio.<\/li>\n<li><strong>Estabiliza\u00e7\u00e3o Autom\u00e1tica de Tens\u00e3o<\/strong>: Elimina flutua\u00e7\u00f5es na velocidade de alimenta\u00e7\u00e3o devido a altera\u00e7\u00f5es na tens\u00e3o da fonte de alimenta\u00e7\u00e3o e efeitos de frequ\u00eancia de batimento da energia CA industrial.<\/li>\n<li><strong>Sa\u00edda Sincronizada<\/strong>: Sincroniza v\u00e1rios controladores na mesma frequ\u00eancia e fase para evitar interfer\u00eancia de frequ\u00eancia.<\/li>\n<li><strong>Desligamento completo\/vazio<\/strong>: A entrada do sensor de comuta\u00e7\u00e3o permite o controle de desligamento total\/vazio, com tempo de in\u00edcio lento ajust\u00e1vel, atraso de abertura\/fechamento e configura\u00e7\u00f5es de dire\u00e7\u00e3o l\u00f3gica.<\/li>\n<li><strong>Auto-adapta\u00e7\u00e3o do sensor<\/strong>: Adapta-se automaticamente a sensores de comuta\u00e7\u00e3o tipo NPN e tipo PNP.<\/li>\n<li><strong>In\u00edcio lento<\/strong>: Aumenta gradualmente a tens\u00e3o de sa\u00edda\/velocidade de alimenta\u00e7\u00e3o de 0 at\u00e9 o valor predefinido durante a inicializa\u00e7\u00e3o, protegendo o equipamento de vibra\u00e7\u00e3o contra choques na inicializa\u00e7\u00e3o.<\/li>\n<li><strong>Predefini\u00e7\u00e3o de velocidade<\/strong>: Selecione at\u00e9 4 tens\u00f5es de sa\u00edda predefinidas por meio de sinais de controle externos.<\/li>\n<li><strong>Fun\u00e7\u00e3o de acelera\u00e7\u00e3o<\/strong>: Aumenta a tens\u00e3o m\u00e1xima de sa\u00edda para 150% da tens\u00e3o de entrada.<\/li>\n<li><strong>Configura\u00e7\u00e3o m\u00e1xima de tens\u00e3o de sa\u00edda<\/strong>: Evita sa\u00edda de tens\u00e3o excessiva para proteger equipamentos de vibra\u00e7\u00e3o.<\/li>\n<li><strong>\u00cdndice de forma de onda<\/strong>: Equilibre a efici\u00eancia do controlador e a pot\u00eancia m\u00e1xima com este par\u00e2metro.<\/li>\n<li><strong>Controle remoto de velocidade<\/strong>: Controle a tens\u00e3o de sa\u00edda\/velocidade de alimenta\u00e7\u00e3o usando potenci\u00f4metro externo, PLC, 1<del>Sinal de tens\u00e3o de 5V ou 4<\/del>Sinal de alimenta\u00e7\u00e3o de 20mA.<\/li>\n<li><strong>Sa\u00edda de controle de 24 Vcc<\/strong>: O sinal de sa\u00edda do transistor pode controlar v\u00e1lvulas solen\u00f3ides e outros dispositivos externos.<\/li>\n<li><strong>Chave de sa\u00edda<\/strong>: Tecla leve no painel para partida\/parada instant\u00e2nea, facilitando a depura\u00e7\u00e3o do equipamento.<\/li>\n<li><strong>Bloqueio de teclado<\/strong>: Pressione longamente a tecla liga\/desliga para bloquear todas as teclas, evitando opera\u00e7\u00e3o incorreta.<\/li>\n<li><strong>Senha do par\u00e2metro<\/strong>: Defina uma senha de par\u00e2metro para bloquear par\u00e2metros diferentes da tens\u00e3o de sa\u00edda\/velocidade de alimenta\u00e7\u00e3o, evitando altera\u00e7\u00f5es n\u00e3o autorizadas.<\/li>\n<li><strong>Restaurar configura\u00e7\u00f5es de f\u00e1brica<\/strong>: Restaure rapidamente os par\u00e2metros para as configura\u00e7\u00f5es padr\u00e3o de f\u00e1brica.<\/li>\n<li><strong>485 Comunica\u00e7\u00e3o<\/strong>: Ajuste os par\u00e2metros do controlador remotamente atrav\u00e9s da comunica\u00e7\u00e3o 485.<\/li>\n<\/ol>\n<p>Especifica\u00e7\u00e3o t\u00e9cnica<\/p>\n<table width=\"767\">\n<tbody>\n<tr>\n<td rowspan=\"2\" width=\"225\">Item<\/td>\n<td colspan=\"3\" width=\"216\">Faixa<\/td>\n<td rowspan=\"2\" width=\"72\">Unidade<\/td>\n<td rowspan=\"2\" width=\"254\">Descri\u00e7\u00e3o<\/td>\n<\/tr>\n<tr>\n<td>M\u00ednimo<\/td>\n<td>T\u00edpica<\/td>\n<td>M\u00e1ximo<\/td>\n<\/tr>\n<tr>\n<td>Tens\u00e3o de entrada<\/td>\n<td>85<\/td>\n<td>220<\/td>\n<td>260<\/td>\n<td>V<\/td>\n<td>Valor efetivo AC<\/td>\n<\/tr>\n<tr>\n<td>Faixa de ajuste de tens\u00e3o de sa\u00edda<\/td>\n<td>0<\/td>\n<td><\/td>\n<td>260<\/td>\n<td>V<\/td>\n<td>Menos de 150% de tens\u00e3o de entrada<\/td>\n<\/tr>\n<tr>\n<td>Precis\u00e3o de ajuste de tens\u00e3o<\/td>\n<td colspan=\"3\">1<\/td>\n<td>V<\/td>\n<td><\/td>\n<\/tr>\n<tr>\n<td>Precis\u00e3o da regula\u00e7\u00e3o de tens\u00e3o<\/td>\n<td>0<\/td>\n<td><\/td>\n<td>10<\/td>\n<td><\/td>\n<td>Vout\/Vin<\/td>\n<\/tr>\n<tr>\n<td>Tempo de resposta da regula\u00e7\u00e3o de tens\u00e3o<\/td>\n<td>0.0025<\/td>\n<td><\/td>\n<td>0.04<\/td>\n<td>\u00e9<\/td>\n<td>Um d\u00e9cimo do ciclo de tens\u00e3o de sa\u00edda<\/td>\n<\/tr>\n<tr>\n<td rowspan=\"2\">Faixa de ajuste de corrente de sa\u00edda<\/td>\n<td rowspan=\"2\">0<\/td>\n<td rowspan=\"2\"><\/td>\n<td rowspan=\"2\">3<\/td>\n<td rowspan=\"2\">A<\/td>\n<td rowspan=\"2\" width=\"254\">SDVC34-MR<br \/>\nSDVC34-MRJ<\/td>\n<\/tr>\n<tr>\n<td rowspan=\"2\"><\/td>\n<td rowspan=\"2\"><\/td>\n<td rowspan=\"2\"><\/td>\n<td rowspan=\"2\"><\/td>\n<td rowspan=\"2\"><\/td>\n<td rowspan=\"2\" width=\"254\"><\/td>\n<\/tr>\n<tr>\n<td>Frequ\u00eancia de sa\u00edda<\/td>\n<td>25<\/td>\n<td><\/td>\n<td>400<\/td>\n<td>Hz<\/td>\n<td><\/td>\n<\/tr>\n<tr>\n<td>Precis\u00e3o do ajuste de frequ\u00eancia<\/td>\n<td colspan=\"3\">0.1<\/td>\n<td>Hz<\/td>\n<td><\/td>\n<\/tr>\n<tr>\n<td>Forma de onda de sa\u00edda<\/td>\n<td colspan=\"3\">seno<\/td>\n<td><\/td>\n<td><\/td>\n<\/tr>\n<tr>\n<td>Tempo de in\u00edcio lento<\/td>\n<td>0<\/td>\n<td><\/td>\n<td>10<\/td>\n<td>\u00e9<\/td>\n<td>Padr\u00e3o de f\u00e1brica 0,5<\/td>\n<\/tr>\n<tr>\n<td>Intervalo de tempo de atraso<\/td>\n<td>0<\/td>\n<td><\/td>\n<td>20<\/td>\n<td>\u00e9<\/td>\n<td>Padr\u00e3o de f\u00e1brica 0,2<\/td>\n<\/tr>\n<tr>\n<td>Precis\u00e3o do tempo de atraso<\/td>\n<td colspan=\"3\">0.1<\/td>\n<td>\u00e9<\/td>\n<td><\/td>\n<\/tr>\n<tr>\n<td>Temperatura de prote\u00e7\u00e3o contra superaquecimento<\/td>\n<td>60<\/td>\n<td>65<\/td>\n<td>65<\/td>\n<td>\u2103<\/td>\n<td><\/td>\n<\/tr>\n<tr>\n<td>Tens\u00e3o de sa\u00edda de controle CC<\/td>\n<td>22<\/td>\n<td>24<\/td>\n<td>26<\/td>\n<td>V<\/td>\n<td><\/td>\n<\/tr>\n<tr>\n<td>Corrente de sa\u00edda de controle CC<\/td>\n<td>0<\/td>\n<td><\/td>\n<td>200<\/td>\n<td>mA<\/td>\n<td><\/td>\n<\/tr>\n<tr>\n<td>Modelo de controle anal\u00f3gico<\/td>\n<td colspan=\"3\">1- 5<\/td>\n<td>V<\/td>\n<td>Tens\u00e3o de controle remoto de velocidade<\/td>\n<\/tr>\n<tr>\n<td>Sinal de controle digital<\/td>\n<td colspan=\"3\">24<\/td>\n<td>V<\/td>\n<td>Controle de sinal de comuta\u00e7\u00e3o<\/td>\n<\/tr>\n<tr>\n<td>M\u00e9todo de ajuste<\/td>\n<td colspan=\"3\">6<\/td>\n<td>chave<\/td>\n<td><\/td>\n<\/tr>\n<tr>\n<td>Consumo de energia sem carga<\/td>\n<td><\/td>\n<td>3<\/td>\n<td><\/td>\n<td>C<\/td>\n<td><\/td>\n<\/tr>\n<tr>\n<td>Modo de exibi\u00e7\u00e3o<\/td>\n<td colspan=\"3\">5<\/td>\n<td>d\u00edgito<\/td>\n<td>Tubo digital LED<\/td>\n<\/tr>\n<tr>\n<td>Temperatura ambiente salarial<\/td>\n<td>0<\/td>\n<td>25<\/td>\n<td>40<\/td>\n<td>\u2103<\/td>\n<td rowspan=\"2\">Sem condensa\u00e7\u00e3o<\/td>\n<\/tr>\n<tr>\n<td>Umidade do ambiente salarial<\/td>\n<td>10<\/td>\n<td>60<\/td>\n<td>85<\/td>\n<td>%<\/td>\n<\/tr>\n<\/tbody>\n<\/table>\n\t<div id=\"gap-1886457174\" class=\"gap-element clearfix\" style=\"display:block; height:auto;\">\n\t\t\n<style>\n#gap-1886457174 {\n  padding-top: 30px;\n}\n<\/style>\n\t<\/div>\n\t\n<h2><strong><b>Dimens\u00f5es e peso<\/b><\/strong><\/h2>\n<ul>\n<li>Dimens\u00e3o: comprimento 190 mm \u00d7 largura 56 mm \u00d7 altura 94,5 mm.<\/li>\n<li>Peso: 560g (sem acess\u00f3rios)<\/li>\n<\/ul>\n\t<div class=\"img has-hover x md-x lg-x y md-y lg-y\" id=\"image_895507572\">\n\t\t\t\t\t\t\t\t<div class=\"img-inner dark\" >\n\t\t\t<img loading=\"lazy\" decoding=\"async\" width=\"705\" height=\"650\" src=\"https:\/\/swoer.com\/wp-content\/uploads\/2024\/07\/Dimension-Drawing-3.webp\" class=\"attachment-original size-original\" alt=\"Desenho Dimensional\" srcset=\"https:\/\/swoer.com\/wp-content\/uploads\/2024\/07\/Dimension-Drawing-3.webp 705w, https:\/\/swoer.com\/wp-content\/uploads\/2024\/07\/Dimension-Drawing-3-300x277.webp 300w, https:\/\/swoer.com\/wp-content\/uploads\/2024\/07\/Dimension-Drawing-3-13x12.webp 13w, https:\/\/swoer.com\/wp-content\/uploads\/2024\/07\/Dimension-Drawing-3-600x553.webp 600w\" sizes=\"(max-width: 705px) 100vw, 705px\" \/>\t\t\t\t\t\t\n\t\t\t\t\t<\/div>\n\t\t\t\t\t\t\t\t\n<style>\n#image_895507572 {\n  width: 65%;\n}\n<\/style>\n\t<\/div>","protected":false},"excerpt":{"rendered":"<p>Melhore a efici\u00eancia e a precis\u00e3o do seu alimentador vibrat\u00f3rio. O controlador SDVC34-MR possui recursos avan\u00e7ados, como busca autom\u00e1tica de frequ\u00eancia, sa\u00edda sincronizada, predefini\u00e7\u00e3o de velocidade, partida lenta ajust\u00e1vel, estabiliza\u00e7\u00e3o autom\u00e1tica de tens\u00e3o de alta precis\u00e3o, adapta\u00e7\u00e3o de sensor, controle remoto de velocidade, sa\u00edda de controle DC, desligamento completo\/vazio de material de sensor de interruptor duplo, fun\u00e7\u00e3o de contagem e comunica\u00e7\u00e3o 485 para garantir um manuseio de material suave e consistente.<\/p>","protected":false},"featured_media":2501,"comment_status":"open","ping_status":"closed","template":"","meta":[],"product_cat":[45],"product_tag":[],"yoast_head":"<!-- This site is optimized with the Yoast SEO plugin v22.2 - https:\/\/yoast.com\/wordpress\/plugins\/seo\/ -->\n<title>Vibratory Bowl Feeder Controller SDVC34-MR - SWOER<\/title>\n<meta name=\"description\" content=\"The SDVC34-MR is an intelligent controller designed to enhance the efficiency and precision of your vibratory bowl feeder. Its advanced features, including automatic frequency search, synchronized output, speed preset, adjustable slow start, high precision automatic voltage stabilization, sensor adaptability, remote speed control, DC control output, dual switch sensor material full\/empty shutdown, counting function, and 485 communication, ensure smooth, consistent material handling.\" \/>\n<meta name=\"robots\" content=\"index, follow, max-snippet:-1, max-image-preview:large, max-video-preview:-1\" \/>\n<link rel=\"canonical\" href=\"https:\/\/swoer.com\/pt\/manufacturer\/vibratory-bowl-feeder-controller-sdvc34-mr\/\" \/>\n<meta property=\"og:locale\" content=\"pt_PT\" \/>\n<meta property=\"og:type\" content=\"article\" \/>\n<meta property=\"og:title\" content=\"Vibratory Bowl Feeder Controller SDVC34-MR - SWOER\" \/>\n<meta property=\"og:description\" content=\"The SDVC34-MR is an intelligent controller designed to enhance the efficiency and precision of your vibratory bowl feeder. Its advanced features, including automatic frequency search, synchronized output, speed preset, adjustable slow start, high precision automatic voltage stabilization, sensor adaptability, remote speed control, DC control output, dual switch sensor material full\/empty shutdown, counting function, and 485 communication, ensure smooth, consistent material handling.\" \/>\n<meta property=\"og:url\" content=\"https:\/\/swoer.com\/pt\/manufacturer\/vibratory-bowl-feeder-controller-sdvc34-mr\/\" \/>\n<meta property=\"og:site_name\" content=\"SWOER\" \/>\n<meta property=\"article:modified_time\" content=\"2024-08-16T06:12:47+00:00\" \/>\n<meta property=\"og:image\" content=\"https:\/\/swoer.com\/wp-content\/uploads\/2024\/07\/Vibratory-Bowl-Feeder-Controller-SDVC34-MR-1.webp\" \/>\n\t<meta property=\"og:image:width\" content=\"1000\" \/>\n\t<meta property=\"og:image:height\" content=\"1000\" \/>\n\t<meta property=\"og:image:type\" content=\"image\/webp\" \/>\n<meta name=\"twitter:card\" content=\"summary_large_image\" \/>\n<meta name=\"twitter:label1\" content=\"Tempo estimado de leitura\" \/>\n\t<meta name=\"twitter:data1\" content=\"3 minutos\" \/>\n<script type=\"application\/ld+json\" class=\"yoast-schema-graph\">{\"@context\":\"https:\/\/schema.org\",\"@graph\":[{\"@type\":\"WebPage\",\"@id\":\"https:\/\/swoer.com\/manufacturer\/vibratory-bowl-feeder-controller-sdvc34-mr\/\",\"url\":\"https:\/\/swoer.com\/manufacturer\/vibratory-bowl-feeder-controller-sdvc34-mr\/\",\"name\":\"Vibratory Bowl Feeder Controller SDVC34-MR - SWOER\",\"isPartOf\":{\"@id\":\"https:\/\/swoer.com\/#website\"},\"primaryImageOfPage\":{\"@id\":\"https:\/\/swoer.com\/manufacturer\/vibratory-bowl-feeder-controller-sdvc34-mr\/#primaryimage\"},\"image\":{\"@id\":\"https:\/\/swoer.com\/manufacturer\/vibratory-bowl-feeder-controller-sdvc34-mr\/#primaryimage\"},\"thumbnailUrl\":\"https:\/\/swoer.com\/wp-content\/uploads\/2024\/07\/Vibratory-Bowl-Feeder-Controller-SDVC34-MR-1.webp\",\"datePublished\":\"2024-07-06T00:52:41+00:00\",\"dateModified\":\"2024-08-16T06:12:47+00:00\",\"description\":\"The SDVC34-MR is an intelligent controller designed to enhance the efficiency and precision of your vibratory bowl feeder. Its advanced features, including automatic frequency search, synchronized output, speed preset, adjustable slow start, high precision automatic voltage stabilization, sensor adaptability, remote speed control, DC control output, dual switch sensor material full\/empty shutdown, counting function, and 485 communication, ensure smooth, consistent material handling.\",\"breadcrumb\":{\"@id\":\"https:\/\/swoer.com\/manufacturer\/vibratory-bowl-feeder-controller-sdvc34-mr\/#breadcrumb\"},\"inLanguage\":\"pt-PT\",\"potentialAction\":[{\"@type\":\"ReadAction\",\"target\":[\"https:\/\/swoer.com\/manufacturer\/vibratory-bowl-feeder-controller-sdvc34-mr\/\"]}]},{\"@type\":\"ImageObject\",\"inLanguage\":\"pt-PT\",\"@id\":\"https:\/\/swoer.com\/manufacturer\/vibratory-bowl-feeder-controller-sdvc34-mr\/#primaryimage\",\"url\":\"https:\/\/swoer.com\/wp-content\/uploads\/2024\/07\/Vibratory-Bowl-Feeder-Controller-SDVC34-MR-1.webp\",\"contentUrl\":\"https:\/\/swoer.com\/wp-content\/uploads\/2024\/07\/Vibratory-Bowl-Feeder-Controller-SDVC34-MR-1.webp\",\"width\":1000,\"height\":1000,\"caption\":\"Vibratory Bowl Feeder Controller SDVC34-MR\"},{\"@type\":\"BreadcrumbList\",\"@id\":\"https:\/\/swoer.com\/manufacturer\/vibratory-bowl-feeder-controller-sdvc34-mr\/#breadcrumb\",\"itemListElement\":[{\"@type\":\"ListItem\",\"position\":1,\"name\":\"Home\",\"item\":\"https:\/\/swoer.com\/\"},{\"@type\":\"ListItem\",\"position\":2,\"name\":\"Shop\",\"item\":\"https:\/\/swoer.com\/shop\/\"},{\"@type\":\"ListItem\",\"position\":3,\"name\":\"Vibratory Bowl Feeder Controller SDVC34-MR\"}]},{\"@type\":\"WebSite\",\"@id\":\"https:\/\/swoer.com\/#website\",\"url\":\"https:\/\/swoer.com\/\",\"name\":\"SWOER\",\"description\":\"Swoer is the top 3 vibratory bowl feeder manufacturer in China\",\"potentialAction\":[{\"@type\":\"SearchAction\",\"target\":{\"@type\":\"EntryPoint\",\"urlTemplate\":\"https:\/\/swoer.com\/?s={search_term_string}\"},\"query-input\":\"required name=search_term_string\"}],\"inLanguage\":\"pt-PT\"}]}<\/script>\n<!-- \/ Yoast SEO plugin. -->","yoast_head_json":{"title":"Vibratory Bowl Feeder Controller SDVC34-MR - SWOER","description":"The SDVC34-MR is an intelligent controller designed to enhance the efficiency and precision of your vibratory bowl feeder. Its advanced features, including automatic frequency search, synchronized output, speed preset, adjustable slow start, high precision automatic voltage stabilization, sensor adaptability, remote speed control, DC control output, dual switch sensor material full\/empty shutdown, counting function, and 485 communication, ensure smooth, consistent material handling.","robots":{"index":"index","follow":"follow","max-snippet":"max-snippet:-1","max-image-preview":"max-image-preview:large","max-video-preview":"max-video-preview:-1"},"canonical":"https:\/\/swoer.com\/pt\/manufacturer\/vibratory-bowl-feeder-controller-sdvc34-mr\/","og_locale":"pt_PT","og_type":"article","og_title":"Vibratory Bowl Feeder Controller SDVC34-MR - SWOER","og_description":"The SDVC34-MR is an intelligent controller designed to enhance the efficiency and precision of your vibratory bowl feeder. Its advanced features, including automatic frequency search, synchronized output, speed preset, adjustable slow start, high precision automatic voltage stabilization, sensor adaptability, remote speed control, DC control output, dual switch sensor material full\/empty shutdown, counting function, and 485 communication, ensure smooth, consistent material handling.","og_url":"https:\/\/swoer.com\/pt\/manufacturer\/vibratory-bowl-feeder-controller-sdvc34-mr\/","og_site_name":"SWOER","article_modified_time":"2024-08-16T06:12:47+00:00","og_image":[{"width":1000,"height":1000,"url":"https:\/\/swoer.com\/wp-content\/uploads\/2024\/07\/Vibratory-Bowl-Feeder-Controller-SDVC34-MR-1.webp","type":"image\/webp"}],"twitter_card":"summary_large_image","twitter_misc":{"Tempo estimado de leitura":"3 minutos"},"schema":{"@context":"https:\/\/schema.org","@graph":[{"@type":"WebPage","@id":"https:\/\/swoer.com\/manufacturer\/vibratory-bowl-feeder-controller-sdvc34-mr\/","url":"https:\/\/swoer.com\/manufacturer\/vibratory-bowl-feeder-controller-sdvc34-mr\/","name":"Vibratory Bowl Feeder Controller SDVC34-MR - SWOER","isPartOf":{"@id":"https:\/\/swoer.com\/#website"},"primaryImageOfPage":{"@id":"https:\/\/swoer.com\/manufacturer\/vibratory-bowl-feeder-controller-sdvc34-mr\/#primaryimage"},"image":{"@id":"https:\/\/swoer.com\/manufacturer\/vibratory-bowl-feeder-controller-sdvc34-mr\/#primaryimage"},"thumbnailUrl":"https:\/\/swoer.com\/wp-content\/uploads\/2024\/07\/Vibratory-Bowl-Feeder-Controller-SDVC34-MR-1.webp","datePublished":"2024-07-06T00:52:41+00:00","dateModified":"2024-08-16T06:12:47+00:00","description":"The SDVC34-MR is an intelligent controller designed to enhance the efficiency and precision of your vibratory bowl feeder. Its advanced features, including automatic frequency search, synchronized output, speed preset, adjustable slow start, high precision automatic voltage stabilization, sensor adaptability, remote speed control, DC control output, dual switch sensor material full\/empty shutdown, counting function, and 485 communication, ensure smooth, consistent material handling.","breadcrumb":{"@id":"https:\/\/swoer.com\/manufacturer\/vibratory-bowl-feeder-controller-sdvc34-mr\/#breadcrumb"},"inLanguage":"pt-PT","potentialAction":[{"@type":"ReadAction","target":["https:\/\/swoer.com\/manufacturer\/vibratory-bowl-feeder-controller-sdvc34-mr\/"]}]},{"@type":"ImageObject","inLanguage":"pt-PT","@id":"https:\/\/swoer.com\/manufacturer\/vibratory-bowl-feeder-controller-sdvc34-mr\/#primaryimage","url":"https:\/\/swoer.com\/wp-content\/uploads\/2024\/07\/Vibratory-Bowl-Feeder-Controller-SDVC34-MR-1.webp","contentUrl":"https:\/\/swoer.com\/wp-content\/uploads\/2024\/07\/Vibratory-Bowl-Feeder-Controller-SDVC34-MR-1.webp","width":1000,"height":1000,"caption":"Vibratory Bowl Feeder Controller SDVC34-MR"},{"@type":"BreadcrumbList","@id":"https:\/\/swoer.com\/manufacturer\/vibratory-bowl-feeder-controller-sdvc34-mr\/#breadcrumb","itemListElement":[{"@type":"ListItem","position":1,"name":"Home","item":"https:\/\/swoer.com\/"},{"@type":"ListItem","position":2,"name":"Shop","item":"https:\/\/swoer.com\/shop\/"},{"@type":"ListItem","position":3,"name":"Vibratory Bowl Feeder Controller SDVC34-MR"}]},{"@type":"WebSite","@id":"https:\/\/swoer.com\/#website","url":"https:\/\/swoer.com\/","name":"SWOER","description":"Swoer is the top 3 vibratory bowl feeder manufacturer in China","potentialAction":[{"@type":"SearchAction","target":{"@type":"EntryPoint","urlTemplate":"https:\/\/swoer.com\/?s={search_term_string}"},"query-input":"required name=search_term_string"}],"inLanguage":"pt-PT"}]}},"_links":{"self":[{"href":"https:\/\/swoer.com\/pt\/wp-json\/wp\/v2\/product\/2284"}],"collection":[{"href":"https:\/\/swoer.com\/pt\/wp-json\/wp\/v2\/product"}],"about":[{"href":"https:\/\/swoer.com\/pt\/wp-json\/wp\/v2\/types\/product"}],"replies":[{"embeddable":true,"href":"https:\/\/swoer.com\/pt\/wp-json\/wp\/v2\/comments?post=2284"}],"wp:featuredmedia":[{"embeddable":true,"href":"https:\/\/swoer.com\/pt\/wp-json\/wp\/v2\/media\/2501"}],"wp:attachment":[{"href":"https:\/\/swoer.com\/pt\/wp-json\/wp\/v2\/media?parent=2284"}],"wp:term":[{"taxonomy":"product_cat","embeddable":true,"href":"https:\/\/swoer.com\/pt\/wp-json\/wp\/v2\/product_cat?post=2284"},{"taxonomy":"product_tag","embeddable":true,"href":"https:\/\/swoer.com\/pt\/wp-json\/wp\/v2\/product_tag?post=2284"}],"curies":[{"name":"wp","href":"https:\/\/api.w.org\/{rel}","templated":true}]}}