{"id":2278,"date":"2024-07-05T03:34:25","date_gmt":"2024-07-05T03:34:25","guid":{"rendered":"https:\/\/swoer.com\/?post_type=product&#038;p=2278"},"modified":"2024-08-16T14:15:24","modified_gmt":"2024-08-16T06:15:24","slug":"automated-feeder-controller-sdvc31-xl-6a","status":"publish","type":"product","link":"https:\/\/swoer.com\/pt\/manufacturer\/automated-feeder-controller-sdvc31-xl-6a\/","title":{"rendered":"Controlador de Alimentador Automatizado SDVC31-XL 6A"},"content":{"rendered":"<h2><strong><b>Caracter\u00edsticas<\/b><\/strong><\/h2>\n<ul>\n<li>Estabiliza\u00e7\u00e3o autom\u00e1tica de tens\u00e3o de alta precis\u00e3o<\/li>\n<li>In\u00edcio lento ajust\u00e1vel<\/li>\n<li>Interruptor de parada total\/vazia do sensor<\/li>\n<li>Desligamento completo\/vazio do sensor fotoel\u00e9trico<\/li>\n<li>Controle remoto de velocidade<\/li>\n<li>Sa\u00edda de controle CC<\/li>\n<\/ul>\n<h2><strong><b>Fun\u00e7\u00e3o b\u00e1sica<\/b><\/strong><\/h2>\n<ol>\n<li><strong>Ajuste de frequ\u00eancia:<\/strong> Os usu\u00e1rios ajustam a frequ\u00eancia de sa\u00edda do controlador para um efeito de alimenta\u00e7\u00e3o mais suave, silencioso e com economia de energia.<\/li>\n<li><strong>Estabiliza\u00e7\u00e3o autom\u00e1tica de tens\u00e3o de alta precis\u00e3o:<\/strong> Ao utilizar um circuito digital integrado, o sistema estabiliza a tens\u00e3o, eliminando assim as altera\u00e7\u00f5es na velocidade de alimenta\u00e7\u00e3o que ocorrem devido a flutua\u00e7\u00f5es na fonte de alimenta\u00e7\u00e3o.<\/li>\n<li><strong>In\u00edcio lento ajust\u00e1vel:<\/strong> A tens\u00e3o de sa\u00edda aumenta gradualmente de zero at\u00e9 o n\u00edvel predefinido para minimizar o impacto na placa vibrat\u00f3ria. Os usu\u00e1rios podem predefinir o tempo de in\u00edcio lento digitalmente.<\/li>\n<li><strong>Interruptor de parada completa\/vazia do sensor:<\/strong> Suporta sensor tipo NPN ou controle remoto de parada completa\/vazia PLC.<\/li>\n<li><strong>Parada completa\/vazia do sensor fotoel\u00e9trico:<\/strong> Suporta controle de parada completa\/vazia do sensor do contador fotoel\u00e9trico.<\/li>\n<li><strong>Controle remoto de velocidade:<\/strong> Os usu\u00e1rios podem controlar a tens\u00e3o de sa\u00edda remotamente usando um potenci\u00f4metro externo, PLC ou sinal de tens\u00e3o de 1-5V.<\/li>\n<li><strong>Sa\u00edda de controle CC:<\/strong> O controlador emite um sinal de controle de baixa tens\u00e3o CC para acionar dispositivos como v\u00e1lvulas solen\u00f3ides.<\/li>\n<li><strong>Bloqueio do teclado:<\/strong> Pressione longamente a tecla liga\/desliga para bloquear todas as teclas e evitar opera\u00e7\u00e3o incorreta.<\/li>\n<li><strong>Configura\u00e7\u00e3o m\u00e1xima de tens\u00e3o de sa\u00edda:<\/strong> Os usu\u00e1rios definem a tens\u00e3o m\u00e1xima ajust\u00e1vel para evitar danos por sobretens\u00e3o.<\/li>\n<li><strong>Prote\u00e7\u00e3o contra superaquecimento:<\/strong> Para se proteger, o controlador interrompe a sa\u00edda sempre que a temperatura de trabalho fica muito alta.<\/li>\n<li><strong>Prote\u00e7\u00e3o contra sobrecorrente:<\/strong> Para proteger o controlador e o equipamento de vibra\u00e7\u00e3o, o sistema interrompe a sa\u00edda sempre que a corrente de trabalho excede a corrente nominal.<\/li>\n<li><strong>Prote\u00e7\u00e3o recuper\u00e1vel contra curto-circuito:<\/strong> O sistema interrompe a sa\u00edda durante um curto-circuito para proteger o controlador e o equipamento. Depois de eliminar o curto-circuito, o sistema pode ser reenergizado para funcionar normalmente.<\/li>\n<\/ol>\n\t<div id=\"gap-807598901\" class=\"gap-element clearfix\" style=\"display:block; height:auto;\">\n\t\t\n<style>\n#gap-807598901 {\n  padding-top: 30px;\n}\n<\/style>\n\t<\/div>\n\t\n<h2><strong>Especifica\u00e7\u00e3o t\u00e9cnica<\/strong><\/h2>\n<table width=\"767\">\n<tbody>\n<tr>\n<td rowspan=\"2\" width=\"225\">Item<\/td>\n<td colspan=\"3\" width=\"216\">Faixa<\/td>\n<td rowspan=\"2\" width=\"72\">Unidade<\/td>\n<td rowspan=\"2\" width=\"254\">Descri\u00e7\u00e3o<\/td>\n<\/tr>\n<tr>\n<td>M\u00ednimo<\/td>\n<td>T\u00edpica<\/td>\n<td>M\u00e1ximo<\/td>\n<\/tr>\n<tr>\n<td>Tens\u00e3o de entrada<\/td>\n<td>85<\/td>\n<td>220<\/td>\n<td>260<\/td>\n<td>V<\/td>\n<td>Valor efetivo AC<\/td>\n<\/tr>\n<tr>\n<td>Faixa de ajuste de tens\u00e3o de sa\u00edda<\/td>\n<td>0<\/td>\n<td><\/td>\n<td>260<\/td>\n<td>V<\/td>\n<td>Menos de 150% de tens\u00e3o de entrada<\/td>\n<\/tr>\n<tr>\n<td>Precis\u00e3o de ajuste de tens\u00e3o<\/td>\n<td colspan=\"3\">1<\/td>\n<td>V<\/td>\n<td><\/td>\n<\/tr>\n<tr>\n<td>Precis\u00e3o da regula\u00e7\u00e3o de tens\u00e3o<\/td>\n<td>0<\/td>\n<td><\/td>\n<td>10<\/td>\n<td><\/td>\n<td>Vout\/Vin<\/td>\n<\/tr>\n<tr>\n<td>Tempo de resposta da regula\u00e7\u00e3o de tens\u00e3o<\/td>\n<td>0.0025<\/td>\n<td><\/td>\n<td>0.025<\/td>\n<td>\u00e9<\/td>\n<td>Um d\u00e9cimo do ciclo de tens\u00e3o de sa\u00edda<\/td>\n<\/tr>\n<tr>\n<td rowspan=\"2\">Faixa de ajuste de corrente de sa\u00edda<\/td>\n<td rowspan=\"2\">0<\/td>\n<td rowspan=\"2\"><\/td>\n<td rowspan=\"2\">10<\/td>\n<td rowspan=\"2\">A<\/td>\n<td rowspan=\"2\">SDVC31-U-Extra Alta Pot\u00eancia<\/td>\n<\/tr>\n<tr>\n<td rowspan=\"2\"><\/td>\n<td rowspan=\"2\"><\/td>\n<td rowspan=\"2\"><\/td>\n<td rowspan=\"2\"><\/td>\n<td rowspan=\"2\"><\/td>\n<td rowspan=\"2\"><\/td>\n<\/tr>\n<tr>\n<td>Frequ\u00eancia de sa\u00edda<\/td>\n<td>40<\/td>\n<td><\/td>\n<td>400<\/td>\n<td>Hz<\/td>\n<td><\/td>\n<\/tr>\n<tr>\n<td>Precis\u00e3o do ajuste de frequ\u00eancia<\/td>\n<td colspan=\"3\">0.1<\/td>\n<td>Hz<\/td>\n<td><\/td>\n<\/tr>\n<tr>\n<td>Forma de onda de sa\u00edda<\/td>\n<td colspan=\"3\">seno<\/td>\n<td><\/td>\n<td><\/td>\n<\/tr>\n<tr>\n<td>Tempo de in\u00edcio lento<\/td>\n<td>0<\/td>\n<td><\/td>\n<td>10<\/td>\n<td>\u00e9<\/td>\n<td>Padr\u00e3o de f\u00e1brica 0,5<\/td>\n<\/tr>\n<tr>\n<td>Intervalo de tempo de atraso<\/td>\n<td>0<\/td>\n<td><\/td>\n<td>20<\/td>\n<td>\u00e9<\/td>\n<td>Padr\u00e3o de f\u00e1brica 0,2<\/td>\n<\/tr>\n<tr>\n<td>Precis\u00e3o do tempo de atraso<\/td>\n<td colspan=\"3\">0.1<\/td>\n<td>\u00e9<\/td>\n<td><\/td>\n<\/tr>\n<tr>\n<td>Temperatura de prote\u00e7\u00e3o contra superaquecimento<\/td>\n<td>60<\/td>\n<td>65<\/td>\n<td>65<\/td>\n<td>\u2103<\/td>\n<td><\/td>\n<\/tr>\n<tr>\n<td>Tens\u00e3o de sa\u00edda de controle CC<\/td>\n<td>22<\/td>\n<td>24<\/td>\n<td>26<\/td>\n<td>V<\/td>\n<td><\/td>\n<\/tr>\n<tr>\n<td>Corrente de sa\u00edda de controle CC<\/td>\n<td>0<\/td>\n<td><\/td>\n<td>200<\/td>\n<td>mA<\/td>\n<td><\/td>\n<\/tr>\n<tr>\n<td>Modelo de controle anal\u00f3gico<\/td>\n<td colspan=\"3\">1\u00ba de maio<\/td>\n<td>V<\/td>\n<td>Tens\u00e3o de controle remoto de velocidade<\/td>\n<\/tr>\n<tr>\n<td>Sinal de controle digital<\/td>\n<td colspan=\"3\">24<\/td>\n<td>V<\/td>\n<td>Controle de sinal de comuta\u00e7\u00e3o<\/td>\n<\/tr>\n<tr>\n<td>M\u00e9todo de ajuste<\/td>\n<td colspan=\"3\">6<\/td>\n<td>chave<\/td>\n<td><\/td>\n<\/tr>\n<tr>\n<td>Consumo de energia sem carga<\/td>\n<td><\/td>\n<td>3<\/td>\n<td><\/td>\n<td>C<\/td>\n<td><\/td>\n<\/tr>\n<tr>\n<td>Modo de exibi\u00e7\u00e3o<\/td>\n<td colspan=\"3\">5<\/td>\n<td>d\u00edgito<\/td>\n<td>Tubo digital LED<\/td>\n<\/tr>\n<tr>\n<td>Temperatura ambiente salarial<\/td>\n<td>0<\/td>\n<td>25<\/td>\n<td>40<\/td>\n<td>\u2103<\/td>\n<td rowspan=\"2\">Sem condensa\u00e7\u00e3o<\/td>\n<\/tr>\n<tr>\n<td>Umidade do ambiente salarial<\/td>\n<td>10<\/td>\n<td>60<\/td>\n<td>85<\/td>\n<td>%<\/td>\n<\/tr>\n<\/tbody>\n<\/table>\n\t<div id=\"gap-1569407063\" class=\"gap-element clearfix\" style=\"display:block; height:auto;\">\n\t\t\n<style>\n#gap-1569407063 {\n  padding-top: 30px;\n}\n<\/style>\n\t<\/div>\n\t\n<h2><strong><b>Dimens\u00f5es e peso<\/b><\/strong><\/h2>\n<ul>\n<li>Dimens\u00f5es: C190 mm x L242 mm x A94,5 mm<\/li>\n<li>Peso: 2670g (sem acess\u00f3rios)<\/li>\n<\/ul>\n\t<div class=\"img has-hover x md-x lg-x y md-y lg-y\" id=\"image_761305341\">\n\t\t\t\t\t\t\t\t<div class=\"img-inner dark\" >\n\t\t\t<img loading=\"lazy\" decoding=\"async\" width=\"775\" height=\"574\" src=\"https:\/\/swoer.com\/wp-content\/uploads\/2024\/07\/dimension-drawing-2.webp\" class=\"attachment-original size-original\" alt=\"desenho dimensional\" srcset=\"https:\/\/swoer.com\/wp-content\/uploads\/2024\/07\/dimension-drawing-2.webp 775w, https:\/\/swoer.com\/wp-content\/uploads\/2024\/07\/dimension-drawing-2-300x222.webp 300w, https:\/\/swoer.com\/wp-content\/uploads\/2024\/07\/dimension-drawing-2-768x569.webp 768w, https:\/\/swoer.com\/wp-content\/uploads\/2024\/07\/dimension-drawing-2-16x12.webp 16w, https:\/\/swoer.com\/wp-content\/uploads\/2024\/07\/dimension-drawing-2-600x444.webp 600w\" sizes=\"(max-width: 775px) 100vw, 775px\" \/>\t\t\t\t\t\t\n\t\t\t\t\t<\/div>\n\t\t\t\t\t\t\t\t\n<style>\n#image_761305341 {\n  width: 62%;\n}\n<\/style>\n\t<\/div>","protected":false},"excerpt":{"rendered":"<p>O controlador de alimentador automatizado SDVC31-XL 6A oferece estabiliza\u00e7\u00e3o autom\u00e1tica de tens\u00e3o de alta precis\u00e3o, partida lenta ajust\u00e1vel e op\u00e7\u00f5es de controle vers\u00e1teis, incluindo um sensor de comuta\u00e7\u00e3o e desligamento total\/vazio do sensor fotoel\u00e9trico. Perfeito para melhorar o desempenho e a efici\u00eancia do seu sistema de alimenta\u00e7\u00e3o.<\/p>","protected":false},"featured_media":2505,"comment_status":"open","ping_status":"closed","template":"","meta":[],"product_cat":[45],"product_tag":[],"yoast_head":"<!-- This site is optimized with the Yoast SEO plugin v22.2 - https:\/\/yoast.com\/wordpress\/plugins\/seo\/ -->\n<title>Automated Feeder Controller SDVC31-XL 6A - SWOER<\/title>\n<meta name=\"description\" content=\"The Automated Feeder Controller SDVC31-XL 6A has high precision voltage stabilization, adjustable slow start, and remote speed control. It is ideal for efficient and reliable feeding operations.\" \/>\n<meta name=\"robots\" content=\"index, follow, max-snippet:-1, max-image-preview:large, max-video-preview:-1\" \/>\n<link rel=\"canonical\" href=\"https:\/\/swoer.com\/pt\/manufacturer\/automated-feeder-controller-sdvc31-xl-6a\/\" \/>\n<meta property=\"og:locale\" content=\"pt_PT\" \/>\n<meta property=\"og:type\" content=\"article\" \/>\n<meta property=\"og:title\" content=\"Automated Feeder Controller SDVC31-XL 6A - SWOER\" \/>\n<meta property=\"og:description\" content=\"The Automated Feeder Controller SDVC31-XL 6A has high precision voltage stabilization, adjustable slow start, and remote speed control. It is ideal for efficient and reliable feeding operations.\" \/>\n<meta property=\"og:url\" content=\"https:\/\/swoer.com\/pt\/manufacturer\/automated-feeder-controller-sdvc31-xl-6a\/\" \/>\n<meta property=\"og:site_name\" content=\"SWOER\" \/>\n<meta property=\"article:modified_time\" content=\"2024-08-16T06:15:24+00:00\" \/>\n<meta property=\"og:image\" content=\"https:\/\/swoer.com\/wp-content\/uploads\/2024\/07\/Automated-Feeder-Controller-SDVC31-XL-6A-1.webp\" \/>\n\t<meta property=\"og:image:width\" content=\"1000\" \/>\n\t<meta property=\"og:image:height\" content=\"1000\" \/>\n\t<meta property=\"og:image:type\" content=\"image\/webp\" \/>\n<meta name=\"twitter:card\" content=\"summary_large_image\" \/>\n<meta name=\"twitter:label1\" content=\"Tempo estimado de leitura\" \/>\n\t<meta name=\"twitter:data1\" content=\"3 minutos\" \/>\n<script type=\"application\/ld+json\" class=\"yoast-schema-graph\">{\"@context\":\"https:\/\/schema.org\",\"@graph\":[{\"@type\":\"WebPage\",\"@id\":\"https:\/\/swoer.com\/manufacturer\/automated-feeder-controller-sdvc31-xl-6a\/\",\"url\":\"https:\/\/swoer.com\/manufacturer\/automated-feeder-controller-sdvc31-xl-6a\/\",\"name\":\"Automated Feeder Controller SDVC31-XL 6A - SWOER\",\"isPartOf\":{\"@id\":\"https:\/\/swoer.com\/#website\"},\"primaryImageOfPage\":{\"@id\":\"https:\/\/swoer.com\/manufacturer\/automated-feeder-controller-sdvc31-xl-6a\/#primaryimage\"},\"image\":{\"@id\":\"https:\/\/swoer.com\/manufacturer\/automated-feeder-controller-sdvc31-xl-6a\/#primaryimage\"},\"thumbnailUrl\":\"https:\/\/swoer.com\/wp-content\/uploads\/2024\/07\/Automated-Feeder-Controller-SDVC31-XL-6A-1.webp\",\"datePublished\":\"2024-07-05T03:34:25+00:00\",\"dateModified\":\"2024-08-16T06:15:24+00:00\",\"description\":\"The Automated Feeder Controller SDVC31-XL 6A has high precision voltage stabilization, adjustable slow start, and remote speed control. It is ideal for efficient and reliable feeding operations.\",\"breadcrumb\":{\"@id\":\"https:\/\/swoer.com\/manufacturer\/automated-feeder-controller-sdvc31-xl-6a\/#breadcrumb\"},\"inLanguage\":\"pt-PT\",\"potentialAction\":[{\"@type\":\"ReadAction\",\"target\":[\"https:\/\/swoer.com\/manufacturer\/automated-feeder-controller-sdvc31-xl-6a\/\"]}]},{\"@type\":\"ImageObject\",\"inLanguage\":\"pt-PT\",\"@id\":\"https:\/\/swoer.com\/manufacturer\/automated-feeder-controller-sdvc31-xl-6a\/#primaryimage\",\"url\":\"https:\/\/swoer.com\/wp-content\/uploads\/2024\/07\/Automated-Feeder-Controller-SDVC31-XL-6A-1.webp\",\"contentUrl\":\"https:\/\/swoer.com\/wp-content\/uploads\/2024\/07\/Automated-Feeder-Controller-SDVC31-XL-6A-1.webp\",\"width\":1000,\"height\":1000,\"caption\":\"Automated Feeder Controller SDVC31-XL 6A\"},{\"@type\":\"BreadcrumbList\",\"@id\":\"https:\/\/swoer.com\/manufacturer\/automated-feeder-controller-sdvc31-xl-6a\/#breadcrumb\",\"itemListElement\":[{\"@type\":\"ListItem\",\"position\":1,\"name\":\"Home\",\"item\":\"https:\/\/swoer.com\/\"},{\"@type\":\"ListItem\",\"position\":2,\"name\":\"Shop\",\"item\":\"https:\/\/swoer.com\/shop\/\"},{\"@type\":\"ListItem\",\"position\":3,\"name\":\"Automated Feeder Controller SDVC31-XL 6A\"}]},{\"@type\":\"WebSite\",\"@id\":\"https:\/\/swoer.com\/#website\",\"url\":\"https:\/\/swoer.com\/\",\"name\":\"SWOER\",\"description\":\"Swoer is the top 3 vibratory bowl feeder manufacturer in China\",\"potentialAction\":[{\"@type\":\"SearchAction\",\"target\":{\"@type\":\"EntryPoint\",\"urlTemplate\":\"https:\/\/swoer.com\/?s={search_term_string}\"},\"query-input\":\"required name=search_term_string\"}],\"inLanguage\":\"pt-PT\"}]}<\/script>\n<!-- \/ Yoast SEO plugin. -->","yoast_head_json":{"title":"Automated Feeder Controller SDVC31-XL 6A - SWOER","description":"The Automated Feeder Controller SDVC31-XL 6A has high precision voltage stabilization, adjustable slow start, and remote speed control. It is ideal for efficient and reliable feeding operations.","robots":{"index":"index","follow":"follow","max-snippet":"max-snippet:-1","max-image-preview":"max-image-preview:large","max-video-preview":"max-video-preview:-1"},"canonical":"https:\/\/swoer.com\/pt\/manufacturer\/automated-feeder-controller-sdvc31-xl-6a\/","og_locale":"pt_PT","og_type":"article","og_title":"Automated Feeder Controller SDVC31-XL 6A - SWOER","og_description":"The Automated Feeder Controller SDVC31-XL 6A has high precision voltage stabilization, adjustable slow start, and remote speed control. It is ideal for efficient and reliable feeding operations.","og_url":"https:\/\/swoer.com\/pt\/manufacturer\/automated-feeder-controller-sdvc31-xl-6a\/","og_site_name":"SWOER","article_modified_time":"2024-08-16T06:15:24+00:00","og_image":[{"width":1000,"height":1000,"url":"https:\/\/swoer.com\/wp-content\/uploads\/2024\/07\/Automated-Feeder-Controller-SDVC31-XL-6A-1.webp","type":"image\/webp"}],"twitter_card":"summary_large_image","twitter_misc":{"Tempo estimado de leitura":"3 minutos"},"schema":{"@context":"https:\/\/schema.org","@graph":[{"@type":"WebPage","@id":"https:\/\/swoer.com\/manufacturer\/automated-feeder-controller-sdvc31-xl-6a\/","url":"https:\/\/swoer.com\/manufacturer\/automated-feeder-controller-sdvc31-xl-6a\/","name":"Automated Feeder Controller SDVC31-XL 6A - SWOER","isPartOf":{"@id":"https:\/\/swoer.com\/#website"},"primaryImageOfPage":{"@id":"https:\/\/swoer.com\/manufacturer\/automated-feeder-controller-sdvc31-xl-6a\/#primaryimage"},"image":{"@id":"https:\/\/swoer.com\/manufacturer\/automated-feeder-controller-sdvc31-xl-6a\/#primaryimage"},"thumbnailUrl":"https:\/\/swoer.com\/wp-content\/uploads\/2024\/07\/Automated-Feeder-Controller-SDVC31-XL-6A-1.webp","datePublished":"2024-07-05T03:34:25+00:00","dateModified":"2024-08-16T06:15:24+00:00","description":"The Automated Feeder Controller SDVC31-XL 6A has high precision voltage stabilization, adjustable slow start, and remote speed control. It is ideal for efficient and reliable feeding operations.","breadcrumb":{"@id":"https:\/\/swoer.com\/manufacturer\/automated-feeder-controller-sdvc31-xl-6a\/#breadcrumb"},"inLanguage":"pt-PT","potentialAction":[{"@type":"ReadAction","target":["https:\/\/swoer.com\/manufacturer\/automated-feeder-controller-sdvc31-xl-6a\/"]}]},{"@type":"ImageObject","inLanguage":"pt-PT","@id":"https:\/\/swoer.com\/manufacturer\/automated-feeder-controller-sdvc31-xl-6a\/#primaryimage","url":"https:\/\/swoer.com\/wp-content\/uploads\/2024\/07\/Automated-Feeder-Controller-SDVC31-XL-6A-1.webp","contentUrl":"https:\/\/swoer.com\/wp-content\/uploads\/2024\/07\/Automated-Feeder-Controller-SDVC31-XL-6A-1.webp","width":1000,"height":1000,"caption":"Automated Feeder Controller SDVC31-XL 6A"},{"@type":"BreadcrumbList","@id":"https:\/\/swoer.com\/manufacturer\/automated-feeder-controller-sdvc31-xl-6a\/#breadcrumb","itemListElement":[{"@type":"ListItem","position":1,"name":"Home","item":"https:\/\/swoer.com\/"},{"@type":"ListItem","position":2,"name":"Shop","item":"https:\/\/swoer.com\/shop\/"},{"@type":"ListItem","position":3,"name":"Automated Feeder Controller SDVC31-XL 6A"}]},{"@type":"WebSite","@id":"https:\/\/swoer.com\/#website","url":"https:\/\/swoer.com\/","name":"SWOER","description":"Swoer is the top 3 vibratory bowl feeder manufacturer in China","potentialAction":[{"@type":"SearchAction","target":{"@type":"EntryPoint","urlTemplate":"https:\/\/swoer.com\/?s={search_term_string}"},"query-input":"required name=search_term_string"}],"inLanguage":"pt-PT"}]}},"_links":{"self":[{"href":"https:\/\/swoer.com\/pt\/wp-json\/wp\/v2\/product\/2278"}],"collection":[{"href":"https:\/\/swoer.com\/pt\/wp-json\/wp\/v2\/product"}],"about":[{"href":"https:\/\/swoer.com\/pt\/wp-json\/wp\/v2\/types\/product"}],"replies":[{"embeddable":true,"href":"https:\/\/swoer.com\/pt\/wp-json\/wp\/v2\/comments?post=2278"}],"wp:featuredmedia":[{"embeddable":true,"href":"https:\/\/swoer.com\/pt\/wp-json\/wp\/v2\/media\/2505"}],"wp:attachment":[{"href":"https:\/\/swoer.com\/pt\/wp-json\/wp\/v2\/media?parent=2278"}],"wp:term":[{"taxonomy":"product_cat","embeddable":true,"href":"https:\/\/swoer.com\/pt\/wp-json\/wp\/v2\/product_cat?post=2278"},{"taxonomy":"product_tag","embeddable":true,"href":"https:\/\/swoer.com\/pt\/wp-json\/wp\/v2\/product_tag?post=2278"}],"curies":[{"name":"wp","href":"https:\/\/api.w.org\/{rel}","templated":true}]}}