{"id":2232,"date":"2024-06-17T07:01:40","date_gmt":"2024-06-17T07:01:40","guid":{"rendered":"https:\/\/swoer.com\/?post_type=product&#038;p=2232"},"modified":"2024-06-22T05:43:45","modified_gmt":"2024-06-22T05:43:45","slug":"ccd-visual-inspection","status":"publish","type":"product","link":"https:\/\/swoer.com\/pt\/manufacturer\/ccd-visual-inspection\/","title":{"rendered":"Inspe\u00e7\u00e3o Visual CCD"},"content":{"rendered":"<h2><strong><b>produtos <\/b><\/strong><strong><b>EU<\/b><\/strong><strong><b>informa\u00e7\u00e3o<\/b><\/strong><\/h2>\n<table>\n<tbody>\n<tr>\n<td width=\"224\">\u00a0Nome do Produto<\/td>\n<td width=\"377\">Inspe\u00e7\u00e3o Visual CCD<\/td>\n<\/tr>\n<tr>\n<td width=\"224\">\u00a0Modelo<\/td>\n<td width=\"377\">SW-80305<\/td>\n<\/tr>\n<tr>\n<td width=\"224\">\u00a0Marca<\/td>\n<td width=\"377\">SWOER<\/td>\n<\/tr>\n<tr>\n<td width=\"224\">\u00a0Tens\u00e3o<\/td>\n<td width=\"377\">\u00a0220 V<\/td>\n<\/tr>\n<tr>\n<td width=\"224\">\u00a0Poder<\/td>\n<td width=\"377\">\u00a065W\/150W\/180W\/220W\/350W<\/td>\n<\/tr>\n<tr>\n<td width=\"224\">\u00a0Autentica\u00e7\u00e3o<\/td>\n<td width=\"377\">\u00a0Marca\u00e7\u00e3o, ROHS, ISO9001<\/td>\n<\/tr>\n<tr>\n<td width=\"224\">\u00a0garantia<\/td>\n<td width=\"377\">\u00a01 ano de garantia<\/td>\n<\/tr>\n<tr>\n<td width=\"224\">\u00a0Quantidade m\u00ednima<\/td>\n<td width=\"377\">\u00a01 conjunto<\/td>\n<\/tr>\n<tr>\n<td width=\"224\">\u00a0Tempo de espera<\/td>\n<td width=\"377\">\u00a010-14 dias<\/td>\n<\/tr>\n<tr>\n<td width=\"224\">\u00a0Termo de pagamento<\/td>\n<td width=\"377\">\u00a0Dep\u00f3sito e saldo T\/T 40% antes do envio<\/td>\n<\/tr>\n<tr>\n<td width=\"224\">\u00a0Original do lugar<\/td>\n<td width=\"377\">\u00a0China<\/td>\n<\/tr>\n<\/tbody>\n<\/table>\n\t<div id=\"gap-1069168835\" class=\"gap-element clearfix\" style=\"display:block; height:auto;\">\n\t\t\n<style>\n#gap-1069168835 {\n  padding-top: 30px;\n}\n<\/style>\n\t<\/div>\n\t\n<h2><strong><b>Listas de produtos<\/b><\/strong><\/h2>\n<table>\n<tbody>\n<tr>\n<td width=\"276\"><strong><b>Computador industrial<\/b><\/strong><\/td>\n<td width=\"276\">1 conjunto<\/td>\n<\/tr>\n<tr>\n<td width=\"276\"><strong><b>Tela de 8 polegadas<\/b><\/strong><\/td>\n<td width=\"276\">1 conjunto<\/td>\n<\/tr>\n<tr>\n<td width=\"276\"><strong><b>C<\/b><\/strong><strong><b>c\u00e2mera<\/b><\/strong><\/td>\n<td width=\"276\">1 conjunto<\/td>\n<\/tr>\n<tr>\n<td width=\"276\"><strong><b>Lente<\/b><\/strong><\/td>\n<td width=\"276\">1 conjunto<\/td>\n<\/tr>\n<tr>\n<td width=\"276\"><strong><b>eu<\/b><\/strong><strong><b>fonte de luz<\/b><\/strong><\/td>\n<td width=\"276\">1 conjunto<\/td>\n<\/tr>\n<tr>\n<td width=\"276\"><strong><b>Suporte de fixa\u00e7\u00e3o da fonte de luz da c\u00e2mera<\/b><\/strong><\/td>\n<td width=\"276\">1 conjunto<\/td>\n<\/tr>\n<\/tbody>\n<\/table>\n\t<div id=\"gap-788041966\" class=\"gap-element clearfix\" style=\"display:block; height:auto;\">\n\t\t\n<style>\n#gap-788041966 {\n  padding-top: 30px;\n}\n<\/style>\n\t<\/div>\n\t\n<h3 data-sourcepos=\"11:1-11:17\"><strong>Caracter\u00edsticas principais:<\/strong><\/h3>\n<ul data-sourcepos=\"13:1-21:31\">\n<li data-sourcepos=\"13:1-14:0\">\n<p data-sourcepos=\"13:3-13:143\"><strong>Mecanismo de disparo interno:<\/strong> Aproveita um gatilho interno para captura de imagens precisa e sincronizada, garantindo o tempo ideal de inspe\u00e7\u00e3o.<\/p>\n<\/li>\n<li data-sourcepos=\"15:1-16:0\">\n<p data-sourcepos=\"15:3-15:165\"><strong>Identifica\u00e7\u00e3o de m\u00faltiplas faixas:<\/strong> Identifica e rastreia simultaneamente at\u00e9 4 objetos, maximizando o rendimento da inspe\u00e7\u00e3o e lidando com configura\u00e7\u00f5es complexas de produtos.<\/p>\n<\/li>\n<li data-sourcepos=\"17:1-18:0\">\n<p data-sourcepos=\"17:3-17:149\"><strong>Velocidade de reconhecimento extremamente r\u00e1pida:<\/strong> Processa impressionantes 900-1200 pe\u00e7as por minuto, acompanhando at\u00e9 mesmo as linhas de produ\u00e7\u00e3o mais exigentes.<\/p>\n<\/li>\n<li data-sourcepos=\"19:1-20:0\">\n<p data-sourcepos=\"19:3-19:152\"><strong>Precis\u00e3o de reconhecimento excepcional:<\/strong> Atinge uma not\u00e1vel taxa de reconhecimento de 99.99%, minimizando falsos positivos e garantindo a integridade do produto.<\/p>\n<\/li>\n<li data-sourcepos=\"21:1-21:31\">\n<p data-sourcepos=\"21:3-21:31\"><strong>Propor\u00e7\u00e3o de material reverso insignificante:<\/strong> Mant\u00e9m uma propor\u00e7\u00e3o de material reverso excepcionalmente baixa, abaixo de 0,0001%, reduzindo o desperd\u00edcio e otimizando a utiliza\u00e7\u00e3o de recursos.<\/p>\n<\/li>\n<li data-sourcepos=\"23:1-24:0\">\n<p data-sourcepos=\"23:3-23:146\"><strong>Fun\u00e7\u00e3o de Assist\u00eancia Remota:<\/strong> Fornece suporte remoto em tempo real para solu\u00e7\u00e3o de problemas e manuten\u00e7\u00e3o, garantindo a resolu\u00e7\u00e3o imediata de quaisquer problemas.<\/p>\n<\/li>\n<li data-sourcepos=\"25:1-26:0\">\n<p data-sourcepos=\"25:3-25:165\"><strong>Troca de produto com um clique:<\/strong> Alterne facilmente entre diferentes tarefas de inspe\u00e7\u00e3o de produtos com um \u00fanico clique, minimizando o tempo de inatividade e maximizando a efici\u00eancia.<\/p>\n<\/li>\n<li data-sourcepos=\"27:1-28:0\">\n<p data-sourcepos=\"27:3-27:135\"><strong>Instala\u00e7\u00e3o plug-and-play:<\/strong> Elimina a necessidade de depura\u00e7\u00e3o complexa, garantindo um processo de configura\u00e7\u00e3o cont\u00ednuo e minimizando o tempo de inatividade.<\/p>\n<\/li>\n<\/ul>\n<p data-sourcepos=\"29:1-29:118\"><strong>Nosso sistema de inspe\u00e7\u00e3o visual CCD integra-se perfeitamente \u00e0s suas linhas de produ\u00e7\u00e3o existentes, permitindo que voc\u00ea alcance:<\/strong><\/p>\n<ul data-sourcepos=\"31:1-36:0\">\n<li data-sourcepos=\"31:1-32:0\">\n<p data-sourcepos=\"31:3-31:150\"><strong>Qualidade de produto aprimorada:<\/strong> Detecte e elimine defeitos com precis\u00e3o excepcional, garantindo qualidade consistente do produto e satisfa\u00e7\u00e3o do cliente.<\/p>\n<\/li>\n<li data-sourcepos=\"33:1-34:0\">\n<p data-sourcepos=\"33:3-33:158\"><strong>Maior efici\u00eancia de produ\u00e7\u00e3o:<\/strong> Simplifique os processos de inspe\u00e7\u00e3o e minimize o tempo de inatividade, aumentando a produ\u00e7\u00e3o geral e atendendo \u00e0s demandas dos clientes.<\/p>\n<\/li>\n<li data-sourcepos=\"35:1-36:0\">\n<p data-sourcepos=\"35:3-35:115\"><strong>Custos operacionais reduzidos:<\/strong> Minimize o desperd\u00edcio e o retrabalho, reduzindo os custos de produ\u00e7\u00e3o e maximizando a lucratividade.<\/p>\n<\/li>\n<\/ul>\n<p data-sourcepos=\"37:1-37:218\">Se voc\u00ea busca elevar suas capacidades de inspe\u00e7\u00e3o de produtos e revolucionar seus processos de controle de qualidade, nosso sistema de Inspe\u00e7\u00e3o Visual CCD \u00e9 a solu\u00e7\u00e3o que voc\u00ea estava esperando. Contate-nos hoje para experimentar o poder transformador da precis\u00e3o e efici\u00eancia.<\/p>","protected":false},"excerpt":{"rendered":"<p>Revolucione sua linha de produ\u00e7\u00e3o com nosso sistema de inspe\u00e7\u00e3o visual CCD de \u00faltima gera\u00e7\u00e3o, projetado para agilizar os processos de inspe\u00e7\u00e3o, garantir a qualidade do produto e maximizar a efici\u00eancia. Esta solu\u00e7\u00e3o sofisticada possui uma gama abrangente de recursos que permitem alcan\u00e7ar resultados superiores.<\/p>","protected":false},"featured_media":2233,"comment_status":"open","ping_status":"closed","template":"","meta":[],"product_cat":[58],"product_tag":[],"yoast_head":"<!-- This site is optimized with the Yoast SEO plugin v22.2 - https:\/\/yoast.com\/wordpress\/plugins\/seo\/ -->\n<title>CCD Visual Inspection - SWOER<\/title>\n<meta name=\"description\" content=\"Elevate your product quality control with our cutting-edge CCD Visual Inspection system, featuring high-speed recognition, exceptional accuracy, and seamless integration for unparalleled efficiency and product integrity.\" \/>\n<meta name=\"robots\" content=\"index, follow, max-snippet:-1, max-image-preview:large, max-video-preview:-1\" \/>\n<link rel=\"canonical\" href=\"https:\/\/swoer.com\/pt\/manufacturer\/ccd-visual-inspection\/\" \/>\n<meta property=\"og:locale\" content=\"pt_PT\" \/>\n<meta property=\"og:type\" content=\"article\" \/>\n<meta property=\"og:title\" content=\"CCD Visual Inspection - SWOER\" \/>\n<meta property=\"og:description\" content=\"Elevate your product quality control with our cutting-edge CCD Visual Inspection system, featuring high-speed recognition, exceptional accuracy, and seamless integration for unparalleled efficiency and product integrity.\" \/>\n<meta property=\"og:url\" content=\"https:\/\/swoer.com\/pt\/manufacturer\/ccd-visual-inspection\/\" \/>\n<meta property=\"og:site_name\" content=\"SWOER\" \/>\n<meta property=\"article:modified_time\" content=\"2024-06-22T05:43:45+00:00\" \/>\n<meta property=\"og:image\" content=\"https:\/\/swoer.com\/wp-content\/uploads\/2024\/06\/CCD-Visual-Inspection.jpg\" \/>\n\t<meta property=\"og:image:width\" content=\"1000\" \/>\n\t<meta property=\"og:image:height\" content=\"1000\" \/>\n\t<meta property=\"og:image:type\" content=\"image\/jpeg\" \/>\n<meta name=\"twitter:card\" content=\"summary_large_image\" \/>\n<meta name=\"twitter:label1\" content=\"Tempo estimado de leitura\" \/>\n\t<meta name=\"twitter:data1\" content=\"2 minutos\" \/>\n<script type=\"application\/ld+json\" class=\"yoast-schema-graph\">{\"@context\":\"https:\/\/schema.org\",\"@graph\":[{\"@type\":\"WebPage\",\"@id\":\"https:\/\/swoer.com\/manufacturer\/ccd-visual-inspection\/\",\"url\":\"https:\/\/swoer.com\/manufacturer\/ccd-visual-inspection\/\",\"name\":\"CCD Visual Inspection - SWOER\",\"isPartOf\":{\"@id\":\"https:\/\/swoer.com\/#website\"},\"primaryImageOfPage\":{\"@id\":\"https:\/\/swoer.com\/manufacturer\/ccd-visual-inspection\/#primaryimage\"},\"image\":{\"@id\":\"https:\/\/swoer.com\/manufacturer\/ccd-visual-inspection\/#primaryimage\"},\"thumbnailUrl\":\"https:\/\/swoer.com\/wp-content\/uploads\/2024\/06\/CCD-Visual-Inspection.jpg\",\"datePublished\":\"2024-06-17T07:01:40+00:00\",\"dateModified\":\"2024-06-22T05:43:45+00:00\",\"description\":\"Elevate your product quality control with our cutting-edge CCD Visual Inspection system, featuring high-speed recognition, exceptional accuracy, and seamless integration for unparalleled efficiency and product integrity.\",\"breadcrumb\":{\"@id\":\"https:\/\/swoer.com\/manufacturer\/ccd-visual-inspection\/#breadcrumb\"},\"inLanguage\":\"pt-PT\",\"potentialAction\":[{\"@type\":\"ReadAction\",\"target\":[\"https:\/\/swoer.com\/manufacturer\/ccd-visual-inspection\/\"]}]},{\"@type\":\"ImageObject\",\"inLanguage\":\"pt-PT\",\"@id\":\"https:\/\/swoer.com\/manufacturer\/ccd-visual-inspection\/#primaryimage\",\"url\":\"https:\/\/swoer.com\/wp-content\/uploads\/2024\/06\/CCD-Visual-Inspection.jpg\",\"contentUrl\":\"https:\/\/swoer.com\/wp-content\/uploads\/2024\/06\/CCD-Visual-Inspection.jpg\",\"width\":1000,\"height\":1000,\"caption\":\"CCD Visual Inspection\"},{\"@type\":\"BreadcrumbList\",\"@id\":\"https:\/\/swoer.com\/manufacturer\/ccd-visual-inspection\/#breadcrumb\",\"itemListElement\":[{\"@type\":\"ListItem\",\"position\":1,\"name\":\"Home\",\"item\":\"https:\/\/swoer.com\/\"},{\"@type\":\"ListItem\",\"position\":2,\"name\":\"Shop\",\"item\":\"https:\/\/swoer.com\/shop\/\"},{\"@type\":\"ListItem\",\"position\":3,\"name\":\"CCD Visual Inspection\"}]},{\"@type\":\"WebSite\",\"@id\":\"https:\/\/swoer.com\/#website\",\"url\":\"https:\/\/swoer.com\/\",\"name\":\"SWOER\",\"description\":\"Swoer is the top 3 vibratory bowl feeder manufacturer in China\",\"potentialAction\":[{\"@type\":\"SearchAction\",\"target\":{\"@type\":\"EntryPoint\",\"urlTemplate\":\"https:\/\/swoer.com\/?s={search_term_string}\"},\"query-input\":\"required name=search_term_string\"}],\"inLanguage\":\"pt-PT\"}]}<\/script>\n<!-- \/ Yoast SEO plugin. -->","yoast_head_json":{"title":"CCD Visual Inspection - SWOER","description":"Elevate your product quality control with our cutting-edge CCD Visual Inspection system, featuring high-speed recognition, exceptional accuracy, and seamless integration for unparalleled efficiency and product integrity.","robots":{"index":"index","follow":"follow","max-snippet":"max-snippet:-1","max-image-preview":"max-image-preview:large","max-video-preview":"max-video-preview:-1"},"canonical":"https:\/\/swoer.com\/pt\/manufacturer\/ccd-visual-inspection\/","og_locale":"pt_PT","og_type":"article","og_title":"CCD Visual Inspection - SWOER","og_description":"Elevate your product quality control with our cutting-edge CCD Visual Inspection system, featuring high-speed recognition, exceptional accuracy, and seamless integration for unparalleled efficiency and product integrity.","og_url":"https:\/\/swoer.com\/pt\/manufacturer\/ccd-visual-inspection\/","og_site_name":"SWOER","article_modified_time":"2024-06-22T05:43:45+00:00","og_image":[{"width":1000,"height":1000,"url":"https:\/\/swoer.com\/wp-content\/uploads\/2024\/06\/CCD-Visual-Inspection.jpg","type":"image\/jpeg"}],"twitter_card":"summary_large_image","twitter_misc":{"Tempo estimado de leitura":"2 minutos"},"schema":{"@context":"https:\/\/schema.org","@graph":[{"@type":"WebPage","@id":"https:\/\/swoer.com\/manufacturer\/ccd-visual-inspection\/","url":"https:\/\/swoer.com\/manufacturer\/ccd-visual-inspection\/","name":"CCD Visual Inspection - SWOER","isPartOf":{"@id":"https:\/\/swoer.com\/#website"},"primaryImageOfPage":{"@id":"https:\/\/swoer.com\/manufacturer\/ccd-visual-inspection\/#primaryimage"},"image":{"@id":"https:\/\/swoer.com\/manufacturer\/ccd-visual-inspection\/#primaryimage"},"thumbnailUrl":"https:\/\/swoer.com\/wp-content\/uploads\/2024\/06\/CCD-Visual-Inspection.jpg","datePublished":"2024-06-17T07:01:40+00:00","dateModified":"2024-06-22T05:43:45+00:00","description":"Elevate your product quality control with our cutting-edge CCD Visual Inspection system, featuring high-speed recognition, exceptional accuracy, and seamless integration for unparalleled efficiency and product integrity.","breadcrumb":{"@id":"https:\/\/swoer.com\/manufacturer\/ccd-visual-inspection\/#breadcrumb"},"inLanguage":"pt-PT","potentialAction":[{"@type":"ReadAction","target":["https:\/\/swoer.com\/manufacturer\/ccd-visual-inspection\/"]}]},{"@type":"ImageObject","inLanguage":"pt-PT","@id":"https:\/\/swoer.com\/manufacturer\/ccd-visual-inspection\/#primaryimage","url":"https:\/\/swoer.com\/wp-content\/uploads\/2024\/06\/CCD-Visual-Inspection.jpg","contentUrl":"https:\/\/swoer.com\/wp-content\/uploads\/2024\/06\/CCD-Visual-Inspection.jpg","width":1000,"height":1000,"caption":"CCD Visual Inspection"},{"@type":"BreadcrumbList","@id":"https:\/\/swoer.com\/manufacturer\/ccd-visual-inspection\/#breadcrumb","itemListElement":[{"@type":"ListItem","position":1,"name":"Home","item":"https:\/\/swoer.com\/"},{"@type":"ListItem","position":2,"name":"Shop","item":"https:\/\/swoer.com\/shop\/"},{"@type":"ListItem","position":3,"name":"CCD Visual Inspection"}]},{"@type":"WebSite","@id":"https:\/\/swoer.com\/#website","url":"https:\/\/swoer.com\/","name":"SWOER","description":"Swoer is the top 3 vibratory bowl feeder manufacturer in China","potentialAction":[{"@type":"SearchAction","target":{"@type":"EntryPoint","urlTemplate":"https:\/\/swoer.com\/?s={search_term_string}"},"query-input":"required name=search_term_string"}],"inLanguage":"pt-PT"}]}},"_links":{"self":[{"href":"https:\/\/swoer.com\/pt\/wp-json\/wp\/v2\/product\/2232"}],"collection":[{"href":"https:\/\/swoer.com\/pt\/wp-json\/wp\/v2\/product"}],"about":[{"href":"https:\/\/swoer.com\/pt\/wp-json\/wp\/v2\/types\/product"}],"replies":[{"embeddable":true,"href":"https:\/\/swoer.com\/pt\/wp-json\/wp\/v2\/comments?post=2232"}],"wp:featuredmedia":[{"embeddable":true,"href":"https:\/\/swoer.com\/pt\/wp-json\/wp\/v2\/media\/2233"}],"wp:attachment":[{"href":"https:\/\/swoer.com\/pt\/wp-json\/wp\/v2\/media?parent=2232"}],"wp:term":[{"taxonomy":"product_cat","embeddable":true,"href":"https:\/\/swoer.com\/pt\/wp-json\/wp\/v2\/product_cat?post=2232"},{"taxonomy":"product_tag","embeddable":true,"href":"https:\/\/swoer.com\/pt\/wp-json\/wp\/v2\/product_tag?post=2232"}],"curies":[{"name":"wp","href":"https:\/\/api.w.org\/{rel}","templated":true}]}}