{"id":2033,"date":"2024-04-26T02:25:24","date_gmt":"2024-04-26T02:25:24","guid":{"rendered":"https:\/\/swoer.com\/?post_type=product&#038;p=2033"},"modified":"2024-04-26T02:38:04","modified_gmt":"2024-04-26T02:38:04","slug":"vibratory-linear-feeder-dk-series","status":"publish","type":"product","link":"https:\/\/swoer.com\/pt\/manufacturer\/vibratory-linear-feeder-dk-series\/","title":{"rendered":"Alimentador Linear Vibrat\u00f3rio S\u00e9rie DK"},"content":{"rendered":"<h2><strong><b>Caracter\u00edsticas<\/b><\/strong><\/h2>\n<p>A largura da pista de transporte do produto \u00e9 aumentada e a condu\u00e7\u00e3o \u00e9 r\u00e1pida e est\u00e1vel ajustando o \u00e2ngulo de amplitude, que \u00e9 adequado para transporte ultra-amplo de componentes de pequeno e m\u00e9dio porte.<\/p>\n<h2><strong>Precau\u00e7\u00f5es de instala\u00e7\u00e3o<\/strong><\/h2>\n<ol>\n<li>O caminho do material deve ter rigidez suficiente, caso contr\u00e1rio ser\u00e1 dif\u00edcil formar resson\u00e2ncia.<\/li>\n<li>Quando a m\u00e1quina estiver em apoio suspenso, a viga de suporte dever\u00e1 utilizar refor\u00e7os.<\/li>\n<li>Quando v\u00e1rios vibradores diretos s\u00e3o montados no mesmo suporte, a interfer\u00eancia resultante cria ru\u00eddo e altera a posi\u00e7\u00e3o da pe\u00e7a de trabalho. Nesses casos, dever\u00e1 ser fornecido um suporte separado para cada m\u00e1quina oscilante direta.<\/li>\n<li>Se a pista ou quadro n\u00e3o tiver rigidez, isso acontecer\u00e1:<\/li>\n<\/ol>\n<ul>\n<li>A pe\u00e7a de trabalho em tr\u00e2nsito recuar\u00e1.<\/li>\n<li>A pe\u00e7a de trabalho na transfer\u00eancia salta para cima e para baixo e bloqueia antes e depois do canal de alimenta\u00e7\u00e3o.<\/li>\n<li>A pe\u00e7a de trabalho fica lenta e inst\u00e1vel ao sair da ranhura do canal.<\/li>\n<li><strong>\u00a0<\/strong>A pe\u00e7a em tr\u00e2nsito produz um fen\u00f4meno de interfer\u00eancia regular.<\/li>\n<\/ul>\n<h3><strong><span class=\"15\">SW-350DK<\/span><\/strong><\/h3>\n\t<div class=\"img has-hover x md-x lg-x y md-y lg-y\" id=\"image_1207473436\">\n\t\t\t\t\t\t\t\t<div class=\"img-inner dark\" >\n\t\t\t<img loading=\"lazy\" decoding=\"async\" width=\"976\" height=\"695\" src=\"https:\/\/swoer.com\/wp-content\/uploads\/2024\/04\/SW-350DK.webp\" class=\"attachment-original size-original\" alt=\"SW-350DK\" srcset=\"https:\/\/swoer.com\/wp-content\/uploads\/2024\/04\/SW-350DK.webp 976w, https:\/\/swoer.com\/wp-content\/uploads\/2024\/04\/SW-350DK-300x214.webp 300w, https:\/\/swoer.com\/wp-content\/uploads\/2024\/04\/SW-350DK-768x547.webp 768w, https:\/\/swoer.com\/wp-content\/uploads\/2024\/04\/SW-350DK-18x12.webp 18w, https:\/\/swoer.com\/wp-content\/uploads\/2024\/04\/SW-350DK-600x427.webp 600w\" sizes=\"(max-width: 976px) 100vw, 976px\" \/>\t\t\t\t\t\t\n\t\t\t\t\t<\/div>\n\t\t\t\t\t\t\t\t\n<style>\n#image_1207473436 {\n  width: 100%;\n}\n<\/style>\n\t<\/div>\n\t\n<h3 class=\"p\"><strong>SW-450DK<\/strong><\/h3>\n\t<div class=\"img has-hover x md-x lg-x y md-y lg-y\" id=\"image_1671305586\">\n\t\t\t\t\t\t\t\t<div class=\"img-inner dark\" >\n\t\t\t<img loading=\"lazy\" decoding=\"async\" width=\"937\" height=\"686\" src=\"https:\/\/swoer.com\/wp-content\/uploads\/2024\/04\/SW-450DK.webp\" class=\"attachment-original size-original\" alt=\"SW-450DK\" srcset=\"https:\/\/swoer.com\/wp-content\/uploads\/2024\/04\/SW-450DK.webp 937w, https:\/\/swoer.com\/wp-content\/uploads\/2024\/04\/SW-450DK-300x220.webp 300w, https:\/\/swoer.com\/wp-content\/uploads\/2024\/04\/SW-450DK-768x562.webp 768w, https:\/\/swoer.com\/wp-content\/uploads\/2024\/04\/SW-450DK-16x12.webp 16w, https:\/\/swoer.com\/wp-content\/uploads\/2024\/04\/SW-450DK-600x439.webp 600w\" sizes=\"(max-width: 937px) 100vw, 937px\" \/>\t\t\t\t\t\t\n\t\t\t\t\t<\/div>\n\t\t\t\t\t\t\t\t\n<style>\n#image_1671305586 {\n  width: 100%;\n}\n<\/style>\n\t<\/div>\n\t\n<h3><strong>SW-550DK<\/strong><\/h3>\n\t<div class=\"img has-hover x md-x lg-x y md-y lg-y\" id=\"image_776694723\">\n\t\t\t\t\t\t\t\t<div class=\"img-inner dark\" >\n\t\t\t<img loading=\"lazy\" decoding=\"async\" width=\"1020\" height=\"686\" src=\"https:\/\/swoer.com\/wp-content\/uploads\/2024\/04\/SW-550DK.webp\" class=\"attachment-original size-original\" alt=\"\" srcset=\"https:\/\/swoer.com\/wp-content\/uploads\/2024\/04\/SW-550DK.webp 1020w, https:\/\/swoer.com\/wp-content\/uploads\/2024\/04\/SW-550DK-300x202.webp 300w, https:\/\/swoer.com\/wp-content\/uploads\/2024\/04\/SW-550DK-768x517.webp 768w, https:\/\/swoer.com\/wp-content\/uploads\/2024\/04\/SW-550DK-18x12.webp 18w, https:\/\/swoer.com\/wp-content\/uploads\/2024\/04\/SW-550DK-600x404.webp 600w\" sizes=\"(max-width: 1020px) 100vw, 1020px\" \/>\t\t\t\t\t\t\n\t\t\t\t\t<\/div>\n\t\t\t\t\t\t\t\t\n<style>\n#image_776694723 {\n  width: 100%;\n}\n<\/style>\n\t<\/div>\n\t\n<h3><strong>SW-1000DK<\/strong><\/h3>\n\t<div class=\"img has-hover x md-x lg-x y md-y lg-y\" id=\"image_878277228\">\n\t\t\t\t\t\t\t\t<div class=\"img-inner dark\" >\n\t\t\t<img loading=\"lazy\" decoding=\"async\" width=\"1319\" height=\"622\" src=\"https:\/\/swoer.com\/wp-content\/uploads\/2024\/04\/SW-1000DK.webp\" class=\"attachment-original size-original\" alt=\"\" srcset=\"https:\/\/swoer.com\/wp-content\/uploads\/2024\/04\/SW-1000DK.webp 1319w, https:\/\/swoer.com\/wp-content\/uploads\/2024\/04\/SW-1000DK-300x141.webp 300w, https:\/\/swoer.com\/wp-content\/uploads\/2024\/04\/SW-1000DK-1024x483.webp 1024w, https:\/\/swoer.com\/wp-content\/uploads\/2024\/04\/SW-1000DK-768x362.webp 768w, https:\/\/swoer.com\/wp-content\/uploads\/2024\/04\/SW-1000DK-18x8.webp 18w, https:\/\/swoer.com\/wp-content\/uploads\/2024\/04\/SW-1000DK-600x283.webp 600w\" sizes=\"(max-width: 1319px) 100vw, 1319px\" \/>\t\t\t\t\t\t\n\t\t\t\t\t<\/div>\n\t\t\t\t\t\t\t\t\n<style>\n#image_878277228 {\n  width: 100%;\n}\n<\/style>\n\t<\/div>","protected":false},"excerpt":{"rendered":"<p>Descubra o alimentador linear vibrat\u00f3rio da s\u00e9rie DK, que apresenta um trilho em linha combinado com um alimentador de tigela para desempenho ideal.<\/p>\n<p>Este vibrador reto de precis\u00e3o garante vibra\u00e7\u00e3o linear suave, complementada por uma placa vibrat\u00f3ria projetada para alimenta\u00e7\u00e3o plana.<\/p>\n<p>Experimente a conveni\u00eancia de um alimentador autom\u00e1tico silencioso que opera de forma eficiente e sem interrup\u00e7\u00f5es. Dispon\u00edvel em quatro modelos para atender \u00e0s suas necessidades:<\/p>\n<p>SW-350DK<\/p>\n<p>SW-450DK<\/p>\n<p>SW-550DK<\/p>\n<p>SW-100DK<\/p>","protected":false},"featured_media":2034,"comment_status":"open","ping_status":"closed","template":"","meta":[],"product_cat":[55],"product_tag":[],"yoast_head":"<!-- This site is optimized with the Yoast SEO plugin v22.2 - https:\/\/yoast.com\/wordpress\/plugins\/seo\/ -->\n<title>Vibratory Linear Feeder DK Series - SWOER<\/title>\n<meta name=\"robots\" content=\"index, follow, max-snippet:-1, max-image-preview:large, max-video-preview:-1\" \/>\n<link rel=\"canonical\" href=\"https:\/\/swoer.com\/pt\/manufacturer\/vibratory-linear-feeder-dk-series\/\" \/>\n<meta property=\"og:locale\" content=\"pt_PT\" \/>\n<meta property=\"og:type\" content=\"article\" \/>\n<meta property=\"og:title\" content=\"Vibratory Linear Feeder DK Series - SWOER\" \/>\n<meta property=\"og:description\" content=\"Discover the DK Series Vibratory Linear Feeder, featuring an inline rail combined with a bowl feeder for optimal performance.  This precision straight vibrator ensures smooth linear vibration, complemented by a vibrating plate designed for flat feeding.  Experience the convenience of a silent automatic feeder that operates efficiently without disruption. Available in four models to suit your needs:  SW-350DK  SW-450DK  SW-550DK  SW-100DK\" \/>\n<meta property=\"og:url\" content=\"https:\/\/swoer.com\/pt\/manufacturer\/vibratory-linear-feeder-dk-series\/\" \/>\n<meta property=\"og:site_name\" content=\"SWOER\" \/>\n<meta property=\"article:modified_time\" content=\"2024-04-26T02:38:04+00:00\" \/>\n<meta property=\"og:image\" content=\"https:\/\/swoer.com\/wp-content\/uploads\/2024\/04\/Vibratory-Linear-Feeder-DK-Series.webp\" \/>\n\t<meta property=\"og:image:width\" content=\"1000\" \/>\n\t<meta property=\"og:image:height\" content=\"1000\" \/>\n\t<meta property=\"og:image:type\" content=\"image\/webp\" \/>\n<meta name=\"twitter:card\" content=\"summary_large_image\" \/>\n<meta name=\"twitter:label1\" content=\"Tempo estimado de leitura\" \/>\n\t<meta name=\"twitter:data1\" content=\"1 minuto\" \/>\n<script type=\"application\/ld+json\" class=\"yoast-schema-graph\">{\"@context\":\"https:\/\/schema.org\",\"@graph\":[{\"@type\":\"WebPage\",\"@id\":\"https:\/\/swoer.com\/manufacturer\/vibratory-linear-feeder-dk-series\/\",\"url\":\"https:\/\/swoer.com\/manufacturer\/vibratory-linear-feeder-dk-series\/\",\"name\":\"Vibratory Linear Feeder DK Series - SWOER\",\"isPartOf\":{\"@id\":\"https:\/\/swoer.com\/#website\"},\"primaryImageOfPage\":{\"@id\":\"https:\/\/swoer.com\/manufacturer\/vibratory-linear-feeder-dk-series\/#primaryimage\"},\"image\":{\"@id\":\"https:\/\/swoer.com\/manufacturer\/vibratory-linear-feeder-dk-series\/#primaryimage\"},\"thumbnailUrl\":\"https:\/\/swoer.com\/wp-content\/uploads\/2024\/04\/Vibratory-Linear-Feeder-DK-Series.webp\",\"datePublished\":\"2024-04-26T02:25:24+00:00\",\"dateModified\":\"2024-04-26T02:38:04+00:00\",\"breadcrumb\":{\"@id\":\"https:\/\/swoer.com\/manufacturer\/vibratory-linear-feeder-dk-series\/#breadcrumb\"},\"inLanguage\":\"pt-PT\",\"potentialAction\":[{\"@type\":\"ReadAction\",\"target\":[\"https:\/\/swoer.com\/manufacturer\/vibratory-linear-feeder-dk-series\/\"]}]},{\"@type\":\"ImageObject\",\"inLanguage\":\"pt-PT\",\"@id\":\"https:\/\/swoer.com\/manufacturer\/vibratory-linear-feeder-dk-series\/#primaryimage\",\"url\":\"https:\/\/swoer.com\/wp-content\/uploads\/2024\/04\/Vibratory-Linear-Feeder-DK-Series.webp\",\"contentUrl\":\"https:\/\/swoer.com\/wp-content\/uploads\/2024\/04\/Vibratory-Linear-Feeder-DK-Series.webp\",\"width\":1000,\"height\":1000,\"caption\":\"Vibratory Linear Feeder DK Series\"},{\"@type\":\"BreadcrumbList\",\"@id\":\"https:\/\/swoer.com\/manufacturer\/vibratory-linear-feeder-dk-series\/#breadcrumb\",\"itemListElement\":[{\"@type\":\"ListItem\",\"position\":1,\"name\":\"Home\",\"item\":\"https:\/\/swoer.com\/\"},{\"@type\":\"ListItem\",\"position\":2,\"name\":\"Shop\",\"item\":\"https:\/\/swoer.com\/shop\/\"},{\"@type\":\"ListItem\",\"position\":3,\"name\":\"Vibratory Linear Feeder DK Series\"}]},{\"@type\":\"WebSite\",\"@id\":\"https:\/\/swoer.com\/#website\",\"url\":\"https:\/\/swoer.com\/\",\"name\":\"SWOER\",\"description\":\"Swoer is the top 3 vibratory bowl feeder manufacturer in China\",\"potentialAction\":[{\"@type\":\"SearchAction\",\"target\":{\"@type\":\"EntryPoint\",\"urlTemplate\":\"https:\/\/swoer.com\/?s={search_term_string}\"},\"query-input\":\"required name=search_term_string\"}],\"inLanguage\":\"pt-PT\"}]}<\/script>\n<!-- \/ Yoast SEO plugin. -->","yoast_head_json":{"title":"Vibratory Linear Feeder DK Series - SWOER","robots":{"index":"index","follow":"follow","max-snippet":"max-snippet:-1","max-image-preview":"max-image-preview:large","max-video-preview":"max-video-preview:-1"},"canonical":"https:\/\/swoer.com\/pt\/manufacturer\/vibratory-linear-feeder-dk-series\/","og_locale":"pt_PT","og_type":"article","og_title":"Vibratory Linear Feeder DK Series - SWOER","og_description":"Discover the DK Series Vibratory Linear Feeder, featuring an inline rail combined with a bowl feeder for optimal performance.  This precision straight vibrator ensures smooth linear vibration, complemented by a vibrating plate designed for flat feeding.  Experience the convenience of a silent automatic feeder that operates efficiently without disruption. Available in four models to suit your needs:  SW-350DK  SW-450DK  SW-550DK  SW-100DK","og_url":"https:\/\/swoer.com\/pt\/manufacturer\/vibratory-linear-feeder-dk-series\/","og_site_name":"SWOER","article_modified_time":"2024-04-26T02:38:04+00:00","og_image":[{"width":1000,"height":1000,"url":"https:\/\/swoer.com\/wp-content\/uploads\/2024\/04\/Vibratory-Linear-Feeder-DK-Series.webp","type":"image\/webp"}],"twitter_card":"summary_large_image","twitter_misc":{"Tempo estimado de leitura":"1 minuto"},"schema":{"@context":"https:\/\/schema.org","@graph":[{"@type":"WebPage","@id":"https:\/\/swoer.com\/manufacturer\/vibratory-linear-feeder-dk-series\/","url":"https:\/\/swoer.com\/manufacturer\/vibratory-linear-feeder-dk-series\/","name":"Vibratory Linear Feeder DK Series - SWOER","isPartOf":{"@id":"https:\/\/swoer.com\/#website"},"primaryImageOfPage":{"@id":"https:\/\/swoer.com\/manufacturer\/vibratory-linear-feeder-dk-series\/#primaryimage"},"image":{"@id":"https:\/\/swoer.com\/manufacturer\/vibratory-linear-feeder-dk-series\/#primaryimage"},"thumbnailUrl":"https:\/\/swoer.com\/wp-content\/uploads\/2024\/04\/Vibratory-Linear-Feeder-DK-Series.webp","datePublished":"2024-04-26T02:25:24+00:00","dateModified":"2024-04-26T02:38:04+00:00","breadcrumb":{"@id":"https:\/\/swoer.com\/manufacturer\/vibratory-linear-feeder-dk-series\/#breadcrumb"},"inLanguage":"pt-PT","potentialAction":[{"@type":"ReadAction","target":["https:\/\/swoer.com\/manufacturer\/vibratory-linear-feeder-dk-series\/"]}]},{"@type":"ImageObject","inLanguage":"pt-PT","@id":"https:\/\/swoer.com\/manufacturer\/vibratory-linear-feeder-dk-series\/#primaryimage","url":"https:\/\/swoer.com\/wp-content\/uploads\/2024\/04\/Vibratory-Linear-Feeder-DK-Series.webp","contentUrl":"https:\/\/swoer.com\/wp-content\/uploads\/2024\/04\/Vibratory-Linear-Feeder-DK-Series.webp","width":1000,"height":1000,"caption":"Vibratory Linear Feeder DK Series"},{"@type":"BreadcrumbList","@id":"https:\/\/swoer.com\/manufacturer\/vibratory-linear-feeder-dk-series\/#breadcrumb","itemListElement":[{"@type":"ListItem","position":1,"name":"Home","item":"https:\/\/swoer.com\/"},{"@type":"ListItem","position":2,"name":"Shop","item":"https:\/\/swoer.com\/shop\/"},{"@type":"ListItem","position":3,"name":"Vibratory Linear Feeder DK Series"}]},{"@type":"WebSite","@id":"https:\/\/swoer.com\/#website","url":"https:\/\/swoer.com\/","name":"SWOER","description":"Swoer is the top 3 vibratory bowl feeder manufacturer in China","potentialAction":[{"@type":"SearchAction","target":{"@type":"EntryPoint","urlTemplate":"https:\/\/swoer.com\/?s={search_term_string}"},"query-input":"required name=search_term_string"}],"inLanguage":"pt-PT"}]}},"_links":{"self":[{"href":"https:\/\/swoer.com\/pt\/wp-json\/wp\/v2\/product\/2033"}],"collection":[{"href":"https:\/\/swoer.com\/pt\/wp-json\/wp\/v2\/product"}],"about":[{"href":"https:\/\/swoer.com\/pt\/wp-json\/wp\/v2\/types\/product"}],"replies":[{"embeddable":true,"href":"https:\/\/swoer.com\/pt\/wp-json\/wp\/v2\/comments?post=2033"}],"wp:featuredmedia":[{"embeddable":true,"href":"https:\/\/swoer.com\/pt\/wp-json\/wp\/v2\/media\/2034"}],"wp:attachment":[{"href":"https:\/\/swoer.com\/pt\/wp-json\/wp\/v2\/media?parent=2033"}],"wp:term":[{"taxonomy":"product_cat","embeddable":true,"href":"https:\/\/swoer.com\/pt\/wp-json\/wp\/v2\/product_cat?post=2033"},{"taxonomy":"product_tag","embeddable":true,"href":"https:\/\/swoer.com\/pt\/wp-json\/wp\/v2\/product_tag?post=2033"}],"curies":[{"name":"wp","href":"https:\/\/api.w.org\/{rel}","templated":true}]}}