{"id":1994,"date":"2024-04-18T02:15:58","date_gmt":"2024-04-18T02:15:58","guid":{"rendered":"https:\/\/swoer.com\/?post_type=product&#038;p=1994"},"modified":"2024-04-18T02:24:06","modified_gmt":"2024-04-18T02:24:06","slug":"precision-piezoelectric-frequency-vibratory-feeder-controller-sw-40f","status":"publish","type":"product","link":"https:\/\/swoer.com\/pt\/manufacturer\/precision-piezoelectric-frequency-vibratory-feeder-controller-sw-40f\/","title":{"rendered":"Controlador vibrat\u00f3rio SW-40F do alimentador da frequ\u00eancia piezoel\u00e9trica da precis\u00e3o"},"content":{"rendered":"<h2>Caracter\u00edsticas<\/h2>\n<p>Dimens\u00f5es: L150mm*W69mm*H70mm90mm<\/p>\n<p>Tamanho do furo de instala\u00e7\u00e3o: 130mm * 62mm 3 anos de garantia<\/p>\n<p><strong>1.<\/strong> Alto fator de pot\u00eancia, economizando significativamente nos custos de eletricidade. Em compara\u00e7\u00e3o com o controlador comum, como na corrente de unidade de 1,5A mais comumente usada, suponha 1,0RMB por quilowatt, o uso deste controlador funciona oito horas por dia e pode economizar cerca de 1,6 RMB de eletricidade.<\/p>\n<p><strong>2.<\/strong> Interface fotoel\u00e9trica inteligente de alto desempenho para conectar um sensor fotoel\u00e9trico externo (radia\u00e7\u00e3o e reflex\u00e3o est\u00e3o dispon\u00edveis), a tecnologia de reconhecimento digital difuso integrada \u00e0 m\u00e1quina, al\u00e9m da luz ambiente adaptativa, a sensibilidade pode ser definida para 99 fotoel\u00e9tricos, sem fibra cara sensor \u00f3ptico, identifica\u00e7\u00e3o precisa de alimenta\u00e7\u00e3o pequena ou transl\u00facida da pe\u00e7a de trabalho.<\/p>\n<p><strong>3.<\/strong> Opera\u00e7\u00e3o de transporte r\u00e1pido, design patenteado, r\u00e1pido e preciso, confi\u00e1vel e dur\u00e1vel.<\/p>\n<p><strong>4.<\/strong> Otimiza\u00e7\u00e3o do conector de controle externo, instala\u00e7\u00e3o flex\u00edvel e conveniente.<\/p>\n<p><strong>5.<\/strong> Programa inteligente integrado de in\u00edcio lento e parada lenta, garante que o momento de in\u00edcio e parada seja alimentado suavemente.<\/p>\n<p><strong>6.<\/strong> Fonte de alimenta\u00e7\u00e3o de sa\u00edda 24V 200mA DC.<\/p>\n<p><strong>7.<\/strong> Adota dispositivos de energia de alto desempenho, reduz a perda de calor e otimiza o design t\u00e9rmico, reduz o aumento de temperatura e funciona de forma mais est\u00e1vel e confi\u00e1vel.<\/p>\n<p><strong>8.<\/strong> Regulador de alta precis\u00e3o, no caso de flutua\u00e7\u00f5es de tens\u00e3o da rede el\u00e9trica, mant\u00e9m a tens\u00e3o de sa\u00edda est\u00e1vel e pode inibir efetivamente o efeito de batida causado pela frequ\u00eancia de energia.<\/p>\n<p><strong>9.<\/strong> Configura\u00e7\u00e3o personaliz\u00e1vel do limite superior de tens\u00e3o de sa\u00edda para atender \u00e0s diversas aplica\u00e7\u00f5es e equipamentos de m\u00e1quinas necess\u00e1rios.<\/p>\n<p><strong>10.<\/strong> Sistema altamente integrado, dimens\u00f5es otimizadas, peso leve, dimens\u00f5es reduzidas e f\u00e1cil instala\u00e7\u00e3o.<\/p>\n<p><strong>11.<\/strong> Habita\u00e7\u00e3o totalmente fechada, adaptada ao ambiente de trabalho hostil.<\/p>\n<p><strong>12.<\/strong> Com superaquecimento, sobrecarga, prote\u00e7\u00e3o contra curto-circuito de sa\u00edda.<\/p>\n<h2><strong>Especifica\u00e7\u00e3o t\u00e9cnica<\/strong><\/h2>\n<table style=\"border-collapse: collapse; width: 633.77pt;\" border=\"0\" width=\"845\" cellspacing=\"0\" cellpadding=\"0\">\n<tbody>\n<tr style=\"height: 17.25pt;\">\n<td class=\"et2\" style=\"height: 33.75pt; width: 125.25pt;\" rowspan=\"2\" width=\"167\" height=\"45\">Item<\/td>\n<td class=\"et3\" style=\"width: 201.00pt;\" colspan=\"2\" width=\"268\">Valor do intervalo<\/td>\n<td class=\"et4\" style=\"width: 99.75pt; border-bottom: 1.0pt solid #DDDDDD;\" rowspan=\"2\" width=\"133\">Unidade<\/td>\n<td class=\"et5\" style=\"width: 207.75pt;\" rowspan=\"2\" width=\"277\">Observa\u00e7\u00e3o<\/td>\n<\/tr>\n<tr style=\"height: 16.50pt;\">\n<td class=\"et7\" style=\"width: 99.00pt;\" width=\"132\">Min.<\/td>\n<td class=\"et7\" style=\"width: 102.00pt;\" width=\"136\">M\u00e1x.<\/td>\n<\/tr>\n<tr style=\"height: 45.75pt;\">\n<td class=\"et6\" style=\"height: 45.75pt; width: 125.25pt;\" width=\"167\" height=\"61\">Tens\u00e3o de entrada<\/td>\n<td class=\"et10\" style=\"width: 99.00pt;\" width=\"132\">85<\/td>\n<td class=\"et10\" style=\"width: 102.00pt;\" width=\"136\">265<\/td>\n<td class=\"et10\" style=\"width: 99.75pt;\" width=\"133\">V<\/td>\n<td class=\"et11\" style=\"width: 207.75pt;\" width=\"277\">Onda senoidal50\/60Hz<\/td>\n<\/tr>\n<tr style=\"height: 75.75pt;\">\n<td class=\"et6\" style=\"height: 75.75pt; width: 125.25pt;\" width=\"167\" height=\"101\">Voltagem de sa\u00edda<\/td>\n<td class=\"et10\" style=\"width: 99.00pt;\" width=\"132\">0<\/td>\n<td class=\"et10\" style=\"width: 102.00pt;\" width=\"136\">250<\/td>\n<td class=\"et10\" style=\"width: 99.75pt;\" width=\"133\">V<\/td>\n<td class=\"et11\" style=\"width: 207.75pt;\" width=\"277\">Precis\u00e3o de regula\u00e7\u00e3o de tens\u00e3o: 1v<\/td>\n<\/tr>\n<tr style=\"height: 60.75pt;\">\n<td class=\"et6\" style=\"height: 60.75pt; width: 125.25pt;\" width=\"167\" height=\"81\">Corrente de sa\u00edda<\/td>\n<td class=\"et10\" style=\"width: 99.00pt;\" width=\"132\">0<\/td>\n<td class=\"et10\" style=\"width: 102.00pt;\" width=\"136\">4.5<\/td>\n<td class=\"et10\" style=\"width: 99.75pt;\" width=\"133\">A<\/td>\n<td class=\"et11\" style=\"width: 207.75pt;\" width=\"277\">Classifica\u00e7\u00e3o de pot\u00eancia: 1,5A\/3a\/4,5A<\/td>\n<\/tr>\n<tr style=\"height: 60.75pt;\">\n<td class=\"et6\" style=\"height: 60.75pt; width: 125.25pt;\" width=\"167\" height=\"81\">Frequ\u00eancia de sa\u00edda<\/td>\n<td class=\"et10\" style=\"width: 99.00pt;\" width=\"132\">40<\/td>\n<td class=\"et10\" style=\"width: 102.00pt;\" width=\"136\">400<\/td>\n<td class=\"et10\" style=\"width: 99.75pt;\" width=\"133\">Hz<\/td>\n<td class=\"et11\" style=\"width: 207.75pt;\" width=\"277\">Precis\u00e3o da faixa de frequ\u00eancia: 0,1 Hz<\/td>\n<\/tr>\n<tr style=\"height: 33.00pt;\">\n<td class=\"et6\" style=\"height: 33.00pt; width: 125.25pt;\" width=\"167\" height=\"44\">Onda de sa\u00edda<\/td>\n<td class=\"et10\" style=\"width: 508.50pt;\" colspan=\"4\" width=\"678\">Onda senoidal<\/td>\n<\/tr>\n<tr style=\"height: 63.75pt;\">\n<td class=\"et6\" style=\"height: 63.75pt; width: 125.25pt;\" width=\"167\" height=\"85\">Intervalo de tempo de atraso inicial<\/td>\n<td class=\"et10\" style=\"width: 99.00pt;\" width=\"132\">0<\/td>\n<td class=\"et10\" style=\"width: 102.00pt;\" width=\"136\">30<\/td>\n<td class=\"et10\" style=\"width: 99.75pt;\" width=\"133\">S<\/td>\n<td class=\"et11\" style=\"width: 207.75pt;\" width=\"277\">Precis\u00e3o do tempo de atraso: 15<\/td>\n<\/tr>\n<tr style=\"height: 60.75pt;\">\n<td class=\"et6\" style=\"height: 60.75pt; width: 125.25pt;\" width=\"167\" height=\"81\">Intervalo de tempo de atraso desligado<\/td>\n<td class=\"et10\" style=\"width: 99.00pt;\" width=\"132\">0<\/td>\n<td class=\"et10\" style=\"width: 102.00pt;\" width=\"136\">30<\/td>\n<td class=\"et10\" style=\"width: 99.75pt;\" width=\"133\">S<\/td>\n<td class=\"et11\" style=\"width: 207.75pt;\" width=\"277\">Precis\u00e3o do tempo de atraso: 15<\/td>\n<\/tr>\n<tr style=\"height: 60.75pt;\">\n<td class=\"et6\" style=\"height: 60.75pt; width: 125.25pt;\" width=\"167\" height=\"81\">Tempo de in\u00edcio lento<\/td>\n<td class=\"et10\" style=\"width: 99.00pt;\" width=\"132\">0.1<\/td>\n<td class=\"et10\" style=\"width: 102.00pt;\" width=\"136\">9.9<\/td>\n<td class=\"et10\" style=\"width: 99.75pt;\" width=\"133\">S<\/td>\n<td class=\"et11\" style=\"width: 207.75pt;\" width=\"277\">Tempo de in\u00edcio lento: 0,15<\/td>\n<\/tr>\n<tr style=\"height: 48.00pt;\">\n<td class=\"et6\" style=\"height: 48.00pt; width: 125.25pt;\" width=\"167\" height=\"64\">Tempo de parada lenta<\/td>\n<td class=\"et10\" style=\"width: 99.00pt;\" width=\"132\">0.1<\/td>\n<td class=\"et10\" style=\"width: 102.00pt;\" width=\"136\">0.3<\/td>\n<td class=\"et10\" style=\"width: 99.75pt;\" width=\"133\">S<\/td>\n<td class=\"et11\" style=\"width: 207.75pt;\" width=\"277\">Controle autom\u00e1tico do programa<\/td>\n<\/tr>\n<tr style=\"height: 120.75pt;\">\n<td class=\"et6\" style=\"height: 120.75pt; width: 125.25pt;\" width=\"167\" height=\"161\">Sensibilidade fotoel\u00e9trica<\/td>\n<td class=\"et10\" style=\"width: 99.00pt;\" width=\"132\">0<\/td>\n<td class=\"et10\" style=\"width: 102.00pt;\" width=\"136\">99<\/td>\n<td class=\"et12\" style=\"width: 99.75pt;\" width=\"133\">\u00a0<\/td>\n<td class=\"et11\" style=\"width: 207.75pt;\" width=\"277\">Quanto maior o valor. Quanto maior a sensibilidade<\/td>\n<\/tr>\n<tr style=\"height: 136.50pt;\">\n<td class=\"et6\" style=\"height: 136.50pt; width: 125.25pt;\" width=\"167\" height=\"182\">Sa\u00edda de controle CC<\/td>\n<td class=\"et10\" style=\"width: 201.00pt;\" colspan=\"2\" width=\"268\">24V 200mA<\/td>\n<td class=\"et12\" style=\"width: 99.75pt;\" width=\"133\">\u00a0<\/td>\n<td class=\"et11\" style=\"width: 207.75pt;\" width=\"277\">Aciona sensores externos e v\u00e1lvulas solen\u00f3ides de baixa pot\u00eancia para fonte de alimenta\u00e7\u00e3o<\/td>\n<\/tr>\n<tr style=\"height: 64.50pt;\">\n<td class=\"et6\" style=\"height: 64.50pt; width: 125.25pt;\" width=\"167\" height=\"86\">Consumo de energia sem carga<\/td>\n<td class=\"et10\" style=\"width: 201.00pt;\" colspan=\"2\" width=\"268\">&lt;3W<\/td>\n<td class=\"et10\" style=\"width: 99.75pt;\" width=\"133\">C<\/td>\n<td class=\"et11\" style=\"width: 207.75pt;\" width=\"277\">Tens\u00e3o de entrada: 220V 50Hz<\/td>\n<\/tr>\n<tr style=\"height: 33.00pt;\">\n<td class=\"et6\" style=\"height: 33.00pt; width: 125.25pt;\" width=\"167\" height=\"44\">Modo de exibi\u00e7\u00e3o<\/td>\n<td class=\"et10\" style=\"width: 201.00pt;\" colspan=\"2\" width=\"268\">LED+Luz indicadora 5<\/td>\n<td class=\"et12\" style=\"width: 99.75pt;\" width=\"133\">\u00a0<\/td>\n<td class=\"et13\" style=\"width: 207.75pt;\" width=\"277\">\u00a0<\/td>\n<\/tr>\n<tr style=\"height: 91.50pt;\">\n<td class=\"et6\" style=\"height: 91.50pt; width: 125.25pt;\" width=\"167\" height=\"122\">Modo de opera\u00e7\u00e3o<\/td>\n<td class=\"et10\" style=\"width: 201.00pt;\" colspan=\"2\" width=\"268\">Chaves + interruptor de codifica\u00e7\u00e3o<\/td>\n<td class=\"et12\" style=\"width: 99.75pt;\" width=\"133\">\u00a0<\/td>\n<td class=\"et11\" style=\"width: 207.75pt;\" width=\"277\">Opera\u00e7\u00e3o de transporte r\u00e1pido, design patenteado<\/td>\n<\/tr>\n<tr style=\"height: 76.50pt;\">\n<td class=\"et6\" style=\"height: 182.25pt; width: 125.25pt;\" rowspan=\"2\" width=\"167\" height=\"243\">Modo de controle<\/td>\n<td class=\"et10\" style=\"width: 99.00pt;\" width=\"132\">Com sensor fotoel\u00e9trico infravermelho<\/td>\n<td class=\"et12\" style=\"width: 102.00pt;\" width=\"136\">\u00a0<\/td>\n<td class=\"et12\" style=\"width: 99.75pt;\" width=\"133\">\u00a0<\/td>\n<td class=\"et11\" style=\"width: 207.75pt;\" rowspan=\"2\" width=\"277\">Controle de desligamento de material cheio\/vazio de material<\/td>\n<\/tr>\n<tr style=\"height: 105.75pt;\">\n<td class=\"et10\" style=\"width: 99.00pt;\" width=\"132\">Sinal de baixo n\u00edvel (sensor de uso geral NPN ou PLC)<\/td>\n<td class=\"et12\" style=\"width: 102.00pt;\" width=\"136\">\u00a0<\/td>\n<td class=\"et12\" style=\"width: 99.75pt;\" width=\"133\">\u00a0<\/td>\n<\/tr>\n<tr style=\"height: 60.75pt;\">\n<td class=\"et6\" style=\"height: 60.75pt; width: 125.25pt;\" width=\"167\" height=\"81\">Temperatura de trabalho<\/td>\n<td class=\"et10\" style=\"width: 99.00pt;\" width=\"132\">-20<\/td>\n<td class=\"et10\" style=\"width: 102.00pt;\" width=\"136\">40<\/td>\n<td class=\"et10\" style=\"width: 99.75pt;\" width=\"133\">\u2103<\/td>\n<td class=\"et11\" style=\"width: 207.75pt;\" width=\"277\">Prote\u00e7\u00e3o contra superaquecimento: 58 \u2103<\/td>\n<\/tr>\n<tr style=\"height: 48.00pt;\">\n<td class=\"et6\" style=\"height: 48.00pt; width: 125.25pt;\" width=\"167\" height=\"64\">Umidade relativa de trabalho<\/td>\n<td class=\"et10\" style=\"width: 99.00pt;\" width=\"132\">0<\/td>\n<td class=\"et10\" style=\"width: 102.00pt;\" width=\"136\">90<\/td>\n<td class=\"et10\" style=\"width: 99.75pt;\" width=\"133\">%<\/td>\n<td class=\"et11\" style=\"width: 207.75pt;\" width=\"277\">Sem condensa\u00e7\u00e3o<\/td>\n<\/tr>\n<tr style=\"height: 64.50pt;\">\n<td class=\"et6\" style=\"height: 64.50pt; width: 125.25pt;\" width=\"167\" height=\"86\">Medidas de prote\u00e7\u00e3o<\/td>\n<td class=\"et10\" style=\"width: 508.50pt;\" colspan=\"4\" width=\"678\">Superaquecimento, sobrecorrente, prote\u00e7\u00e3o contra curto-circuito de sa\u00edda<\/td>\n<\/tr>\n<tr style=\"height: 31.50pt;\">\n<td class=\"et14\" style=\"height: 31.50pt; width: 125.25pt;\" width=\"167\" height=\"42\">Aplicativo<\/td>\n<td class=\"et15\" style=\"width: 508.50pt;\" colspan=\"4\" width=\"678\">Eletromagn\u00e9tico<\/td>\n<\/tr>\n<\/tbody>\n<\/table>","protected":false},"excerpt":{"rendered":"<p>O controlador de alimentador vibrat\u00f3rio de frequ\u00eancia piezoel\u00e9trica de precis\u00e3o SW-40F \u00e9 um dispositivo de alto desempenho projetado para opera\u00e7\u00f5es de alimenta\u00e7\u00e3o eficientes e precisas.<\/p>","protected":false},"featured_media":1995,"comment_status":"open","ping_status":"closed","template":"","meta":[],"product_cat":[45],"product_tag":[],"yoast_head":"<!-- This site is optimized with the Yoast SEO plugin v22.2 - https:\/\/yoast.com\/wordpress\/plugins\/seo\/ -->\n<title>Precision Piezoelectric Frequency Vibratory Feeder Controller SW-40F - SWOER<\/title>\n<meta name=\"robots\" content=\"index, follow, max-snippet:-1, max-image-preview:large, max-video-preview:-1\" \/>\n<link rel=\"canonical\" href=\"https:\/\/swoer.com\/pt\/manufacturer\/precision-piezoelectric-frequency-vibratory-feeder-controller-sw-40f\/\" \/>\n<meta property=\"og:locale\" content=\"pt_PT\" \/>\n<meta property=\"og:type\" content=\"article\" \/>\n<meta property=\"og:title\" content=\"Precision Piezoelectric Frequency Vibratory Feeder Controller SW-40F - SWOER\" \/>\n<meta property=\"og:description\" content=\"The precision piezoelectric frequency vibrating feeder controller SW-40F is a high-performance device designed for efficient and precise feeding operations.\" \/>\n<meta property=\"og:url\" content=\"https:\/\/swoer.com\/pt\/manufacturer\/precision-piezoelectric-frequency-vibratory-feeder-controller-sw-40f\/\" \/>\n<meta property=\"og:site_name\" content=\"SWOER\" \/>\n<meta property=\"article:modified_time\" content=\"2024-04-18T02:24:06+00:00\" \/>\n<meta property=\"og:image\" content=\"https:\/\/swoer.com\/wp-content\/uploads\/2024\/04\/vibratory-feeder-controller-SW-40F.webp\" \/>\n\t<meta property=\"og:image:width\" content=\"1000\" \/>\n\t<meta property=\"og:image:height\" content=\"1000\" \/>\n\t<meta property=\"og:image:type\" content=\"image\/webp\" \/>\n<meta name=\"twitter:card\" content=\"summary_large_image\" \/>\n<meta name=\"twitter:label1\" content=\"Tempo estimado de leitura\" \/>\n\t<meta name=\"twitter:data1\" content=\"1 minuto\" \/>\n<script type=\"application\/ld+json\" class=\"yoast-schema-graph\">{\"@context\":\"https:\/\/schema.org\",\"@graph\":[{\"@type\":\"WebPage\",\"@id\":\"https:\/\/swoer.com\/manufacturer\/precision-piezoelectric-frequency-vibratory-feeder-controller-sw-40f\/\",\"url\":\"https:\/\/swoer.com\/manufacturer\/precision-piezoelectric-frequency-vibratory-feeder-controller-sw-40f\/\",\"name\":\"Precision Piezoelectric Frequency Vibratory Feeder Controller SW-40F - SWOER\",\"isPartOf\":{\"@id\":\"https:\/\/swoer.com\/#website\"},\"primaryImageOfPage\":{\"@id\":\"https:\/\/swoer.com\/manufacturer\/precision-piezoelectric-frequency-vibratory-feeder-controller-sw-40f\/#primaryimage\"},\"image\":{\"@id\":\"https:\/\/swoer.com\/manufacturer\/precision-piezoelectric-frequency-vibratory-feeder-controller-sw-40f\/#primaryimage\"},\"thumbnailUrl\":\"https:\/\/swoer.com\/wp-content\/uploads\/2024\/04\/vibratory-feeder-controller-SW-40F.webp\",\"datePublished\":\"2024-04-18T02:15:58+00:00\",\"dateModified\":\"2024-04-18T02:24:06+00:00\",\"breadcrumb\":{\"@id\":\"https:\/\/swoer.com\/manufacturer\/precision-piezoelectric-frequency-vibratory-feeder-controller-sw-40f\/#breadcrumb\"},\"inLanguage\":\"pt-PT\",\"potentialAction\":[{\"@type\":\"ReadAction\",\"target\":[\"https:\/\/swoer.com\/manufacturer\/precision-piezoelectric-frequency-vibratory-feeder-controller-sw-40f\/\"]}]},{\"@type\":\"ImageObject\",\"inLanguage\":\"pt-PT\",\"@id\":\"https:\/\/swoer.com\/manufacturer\/precision-piezoelectric-frequency-vibratory-feeder-controller-sw-40f\/#primaryimage\",\"url\":\"https:\/\/swoer.com\/wp-content\/uploads\/2024\/04\/vibratory-feeder-controller-SW-40F.webp\",\"contentUrl\":\"https:\/\/swoer.com\/wp-content\/uploads\/2024\/04\/vibratory-feeder-controller-SW-40F.webp\",\"width\":1000,\"height\":1000,\"caption\":\"vibratory feeder controller SW-40F\"},{\"@type\":\"BreadcrumbList\",\"@id\":\"https:\/\/swoer.com\/manufacturer\/precision-piezoelectric-frequency-vibratory-feeder-controller-sw-40f\/#breadcrumb\",\"itemListElement\":[{\"@type\":\"ListItem\",\"position\":1,\"name\":\"Home\",\"item\":\"https:\/\/swoer.com\/\"},{\"@type\":\"ListItem\",\"position\":2,\"name\":\"Shop\",\"item\":\"https:\/\/swoer.com\/shop\/\"},{\"@type\":\"ListItem\",\"position\":3,\"name\":\"Precision Piezoelectric Frequency Vibratory Feeder Controller SW-40F\"}]},{\"@type\":\"WebSite\",\"@id\":\"https:\/\/swoer.com\/#website\",\"url\":\"https:\/\/swoer.com\/\",\"name\":\"SWOER\",\"description\":\"Swoer is the top 3 vibratory bowl feeder manufacturer in China\",\"potentialAction\":[{\"@type\":\"SearchAction\",\"target\":{\"@type\":\"EntryPoint\",\"urlTemplate\":\"https:\/\/swoer.com\/?s={search_term_string}\"},\"query-input\":\"required name=search_term_string\"}],\"inLanguage\":\"pt-PT\"}]}<\/script>\n<!-- \/ Yoast SEO plugin. -->","yoast_head_json":{"title":"Precision Piezoelectric Frequency Vibratory Feeder Controller SW-40F - SWOER","robots":{"index":"index","follow":"follow","max-snippet":"max-snippet:-1","max-image-preview":"max-image-preview:large","max-video-preview":"max-video-preview:-1"},"canonical":"https:\/\/swoer.com\/pt\/manufacturer\/precision-piezoelectric-frequency-vibratory-feeder-controller-sw-40f\/","og_locale":"pt_PT","og_type":"article","og_title":"Precision Piezoelectric Frequency Vibratory Feeder Controller SW-40F - SWOER","og_description":"The precision piezoelectric frequency vibrating feeder controller SW-40F is a high-performance device designed for efficient and precise feeding operations.","og_url":"https:\/\/swoer.com\/pt\/manufacturer\/precision-piezoelectric-frequency-vibratory-feeder-controller-sw-40f\/","og_site_name":"SWOER","article_modified_time":"2024-04-18T02:24:06+00:00","og_image":[{"width":1000,"height":1000,"url":"https:\/\/swoer.com\/wp-content\/uploads\/2024\/04\/vibratory-feeder-controller-SW-40F.webp","type":"image\/webp"}],"twitter_card":"summary_large_image","twitter_misc":{"Tempo estimado de leitura":"1 minuto"},"schema":{"@context":"https:\/\/schema.org","@graph":[{"@type":"WebPage","@id":"https:\/\/swoer.com\/manufacturer\/precision-piezoelectric-frequency-vibratory-feeder-controller-sw-40f\/","url":"https:\/\/swoer.com\/manufacturer\/precision-piezoelectric-frequency-vibratory-feeder-controller-sw-40f\/","name":"Precision Piezoelectric Frequency Vibratory Feeder Controller SW-40F - SWOER","isPartOf":{"@id":"https:\/\/swoer.com\/#website"},"primaryImageOfPage":{"@id":"https:\/\/swoer.com\/manufacturer\/precision-piezoelectric-frequency-vibratory-feeder-controller-sw-40f\/#primaryimage"},"image":{"@id":"https:\/\/swoer.com\/manufacturer\/precision-piezoelectric-frequency-vibratory-feeder-controller-sw-40f\/#primaryimage"},"thumbnailUrl":"https:\/\/swoer.com\/wp-content\/uploads\/2024\/04\/vibratory-feeder-controller-SW-40F.webp","datePublished":"2024-04-18T02:15:58+00:00","dateModified":"2024-04-18T02:24:06+00:00","breadcrumb":{"@id":"https:\/\/swoer.com\/manufacturer\/precision-piezoelectric-frequency-vibratory-feeder-controller-sw-40f\/#breadcrumb"},"inLanguage":"pt-PT","potentialAction":[{"@type":"ReadAction","target":["https:\/\/swoer.com\/manufacturer\/precision-piezoelectric-frequency-vibratory-feeder-controller-sw-40f\/"]}]},{"@type":"ImageObject","inLanguage":"pt-PT","@id":"https:\/\/swoer.com\/manufacturer\/precision-piezoelectric-frequency-vibratory-feeder-controller-sw-40f\/#primaryimage","url":"https:\/\/swoer.com\/wp-content\/uploads\/2024\/04\/vibratory-feeder-controller-SW-40F.webp","contentUrl":"https:\/\/swoer.com\/wp-content\/uploads\/2024\/04\/vibratory-feeder-controller-SW-40F.webp","width":1000,"height":1000,"caption":"vibratory feeder controller SW-40F"},{"@type":"BreadcrumbList","@id":"https:\/\/swoer.com\/manufacturer\/precision-piezoelectric-frequency-vibratory-feeder-controller-sw-40f\/#breadcrumb","itemListElement":[{"@type":"ListItem","position":1,"name":"Home","item":"https:\/\/swoer.com\/"},{"@type":"ListItem","position":2,"name":"Shop","item":"https:\/\/swoer.com\/shop\/"},{"@type":"ListItem","position":3,"name":"Precision Piezoelectric Frequency Vibratory Feeder Controller SW-40F"}]},{"@type":"WebSite","@id":"https:\/\/swoer.com\/#website","url":"https:\/\/swoer.com\/","name":"SWOER","description":"Swoer is the top 3 vibratory bowl feeder manufacturer in China","potentialAction":[{"@type":"SearchAction","target":{"@type":"EntryPoint","urlTemplate":"https:\/\/swoer.com\/?s={search_term_string}"},"query-input":"required name=search_term_string"}],"inLanguage":"pt-PT"}]}},"_links":{"self":[{"href":"https:\/\/swoer.com\/pt\/wp-json\/wp\/v2\/product\/1994"}],"collection":[{"href":"https:\/\/swoer.com\/pt\/wp-json\/wp\/v2\/product"}],"about":[{"href":"https:\/\/swoer.com\/pt\/wp-json\/wp\/v2\/types\/product"}],"replies":[{"embeddable":true,"href":"https:\/\/swoer.com\/pt\/wp-json\/wp\/v2\/comments?post=1994"}],"wp:featuredmedia":[{"embeddable":true,"href":"https:\/\/swoer.com\/pt\/wp-json\/wp\/v2\/media\/1995"}],"wp:attachment":[{"href":"https:\/\/swoer.com\/pt\/wp-json\/wp\/v2\/media?parent=1994"}],"wp:term":[{"taxonomy":"product_cat","embeddable":true,"href":"https:\/\/swoer.com\/pt\/wp-json\/wp\/v2\/product_cat?post=1994"},{"taxonomy":"product_tag","embeddable":true,"href":"https:\/\/swoer.com\/pt\/wp-json\/wp\/v2\/product_tag?post=1994"}],"curies":[{"name":"wp","href":"https:\/\/api.w.org\/{rel}","templated":true}]}}