{"id":1855,"date":"2024-04-03T06:07:37","date_gmt":"2024-04-03T06:07:37","guid":{"rendered":"https:\/\/lightgrey-porpoise-816575.hostingersite.com\/?post_type=product&#038;p=1855"},"modified":"2024-08-01T14:30:00","modified_gmt":"2024-08-01T06:30:00","slug":"two-tracks-small-vibratory-bowl-feeder-for-hardware","status":"publish","type":"product","link":"https:\/\/swoer.com\/pt\/manufacturer\/two-tracks-small-vibratory-bowl-feeder-for-hardware\/","title":{"rendered":"Alimentador de tigela vibrat\u00f3ria pequena de duas pistas para hardware"},"content":{"rendered":"<section class=\"section\" id=\"section_2000099457\">\n\t\t<div class=\"bg section-bg fill bg-fill  bg-loaded\" >\n\n\t\t\t\n\t\t\t\n\t\t\t\n\n\t\t<\/div>\n\n\t\t\n\n\t\t<div class=\"section-content relative\">\n\t\t\t\n<p>Descubra solu\u00e7\u00f5es de alimenta\u00e7\u00e3o personalizadas para suas necessidades de hardware com nosso alimentador vibrat\u00f3rio pequeno de duas pistas. Projetados para precis\u00e3o e confiabilidade, nossos alimentadores personalizados lidam perfeitamente com v\u00e1rios componentes de hardware. Beneficie-se do pre\u00e7o direto da f\u00e1brica sem comprometer a qualidade. Aumente sua efici\u00eancia de fabrica\u00e7\u00e3o com nossa solu\u00e7\u00e3o de alimenta\u00e7\u00e3o compacta e vers\u00e1til. Eleve sua produ\u00e7\u00e3o de hardware hoje!<\/p>\n\t<div id=\"gap-1399617476\" class=\"gap-element clearfix\" style=\"display:block; height:auto;\">\n\t\t\n<style>\n#gap-1399617476 {\n  padding-top: 30px;\n}\n<\/style>\n\t<\/div>\n\t\n<h2>especifica\u00e7\u00e3o:<\/h2>\n\t<div id=\"text-2592436959\" class=\"text\">\n\t\t\n<table width=\"684\">\n<tbody>\n<tr>\n<td width=\"183\">Nome do Produto<\/td>\n<td width=\"501\">Alimentador de tigela vibrat\u00f3ria pequena de duas pistas para hardware<\/td>\n<\/tr>\n<tr>\n<td>Material<\/td>\n<td>\u00a0SUS201\/304<\/td>\n<\/tr>\n<tr>\n<td>Especialidade de Materiais<\/td>\n<td>Liga de forjamento de tratamento a frio, alta resist\u00eancia, alta dureza<\/td>\n<\/tr>\n<tr>\n<td>Tens\u00e3o<\/td>\n<td>220 V<\/td>\n<\/tr>\n<tr>\n<td>Poder<\/td>\n<td>65W\/150W\/180W\/220W\/350W<\/td>\n<\/tr>\n<tr>\n<td>Autentica\u00e7\u00e3o<\/td>\n<td>Marca\u00e7\u00e3o, ROHS, ISO9001<\/td>\n<\/tr>\n<tr>\n<td>garantia<\/td>\n<td>1 ano de garantia<\/td>\n<\/tr>\n<tr>\n<td>Quantidade m\u00ednima<\/td>\n<td>1 conjunto<\/td>\n<\/tr>\n<tr>\n<td>Tempo de espera<\/td>\n<td>10-14 dias<\/td>\n<\/tr>\n<tr>\n<td>Termo de pagamento<\/td>\n<td>Dep\u00f3sito e saldo T\/T 40% antes do envio<\/td>\n<\/tr>\n<tr>\n<td>Original do lugar<\/td>\n<td>China<\/td>\n<\/tr>\n<\/tbody>\n<\/table>\n\t\t\n<style>\n#text-2592436959 {\n  font-size: 1.2rem;\n}\n<\/style>\n\t<\/div>\n\t\n\t\t<\/div>\n\n\t\t\n<style>\n#section_2000099457 {\n  padding-top: 30px;\n  padding-bottom: 30px;\n}\n#section_2000099457 .ux-shape-divider--top svg {\n  height: 150px;\n  --divider-top-width: 100%;\n}\n#section_2000099457 .ux-shape-divider--bottom svg {\n  height: 150px;\n  --divider-width: 100%;\n}\n<\/style>\n\t<\/section>\n\t\n<p>Eleve o manuseio de seu hardware com nosso alimentador vibrat\u00f3rio pequeno de duas pistas. Projetado para precis\u00e3o e efici\u00eancia, este alimentador oferece uma solu\u00e7\u00e3o personalizada adaptada \u00e0s suas necessidades espec\u00edficas. Possui entrega r\u00e1pida e vem com certifica\u00e7\u00e3o CE\/UL para garantia de qualidade e seguran\u00e7a.<\/p>\n<p>Na SWOER, entendemos a import\u00e2ncia de solu\u00e7\u00f5es de alimenta\u00e7\u00e3o confi\u00e1veis e eficazes. Nossa experiente equipe trabalhar\u00e1 em estreita colabora\u00e7\u00e3o com voc\u00ea para garantir que nosso alimentador vibrat\u00f3rio se integre perfeitamente ao seu processo de produ\u00e7\u00e3o. Com nossos pre\u00e7os de f\u00e1brica competitivos e compromisso com a qualidade, voc\u00ea pode aprimorar suas opera\u00e7\u00f5es sem gastar muito.<\/p>\n<p><strong>Pronto para melhorar seu processo de alimenta\u00e7\u00e3o de hardware?<\/strong><\/p>\n<p>Contate-nos hoje para discutir suas necessidades e obter um or\u00e7amento personalizado. Deixe a SWOER ser sua parceira na obten\u00e7\u00e3o de maior efici\u00eancia e precis\u00e3o na produ\u00e7\u00e3o.<\/p>\n\n<div class=\"wpcf7 no-js\" id=\"wpcf7-f5-o1\" lang=\"en-US\" dir=\"ltr\">\n<div class=\"screen-reader-response\"><p role=\"status\" aria-live=\"polite\" aria-atomic=\"true\"><\/p> <ul><\/ul><\/div>\n<form action=\"\/pt\/wp-json\/wp\/v2\/product\/1855#wpcf7-f5-o1\" method=\"post\" class=\"wpcf7-form init\" aria-label=\"Formul\u00e1rio de Contato\" novalidate=\"novalidate\" data-status=\"init\" data-trp-original-action=\"\/pt\/wp-json\/wp\/v2\/product\/1855#wpcf7-f5-o1\">\n<div style=\"display: none;\">\n<input type=\"hidden\" name=\"_wpcf7\" value=\"5\" \/>\n<input type=\"hidden\" name=\"_wpcf7_version\" value=\"5.9.2\" \/>\n<input type=\"hidden\" name=\"_wpcf7_locale\" value=\"en_US\" \/>\n<input type=\"hidden\" name=\"_wpcf7_unit_tag\" value=\"wpcf7-f5-o1\" \/>\n<input type=\"hidden\" name=\"_wpcf7_container_post\" value=\"0\" \/>\n<input type=\"hidden\" name=\"_wpcf7_posted_data_hash\" value=\"\" \/>\n<\/div>\n<div class='custom_contact_style'>\n\t<p><label> Seu nome<br \/>\n<span class=\"wpcf7-form-control-wrap\" data-name=\"your-name\"><input size=\"40\" class=\"wpcf7-form-control wpcf7-text wpcf7-validates-as-required\" autocomplete=\"name\" aria-required=\"true\" aria-invalid=\"false\" value=\"\" type=\"text\" name=\"your-name\" \/><\/span> <\/label>\n\t<\/p>\n\t<p><label> Seu email<br \/>\n<span class=\"wpcf7-form-control-wrap\" data-name=\"your-email\"><input size=\"40\" class=\"wpcf7-form-control wpcf7-email wpcf7-validates-as-required wpcf7-text wpcf7-validates-as-email\" autocomplete=\"email\" aria-required=\"true\" aria-invalid=\"false\" value=\"\" type=\"email\" name=\"your-email\" \/><\/span> <\/label>\n\t<\/p>\n\t<p><label> Sua mensagem (opcional)<br \/>\n<span class=\"wpcf7-form-control-wrap\" data-name=\"your-message\"><textarea cols=\"40\" rows=\"10\" class=\"wpcf7-form-control wpcf7-textarea\" aria-invalid=\"false\" name=\"your-message\"><\/textarea><\/span> <\/label>\n\t<\/p>\n\t<div style=\"margin-bottom:10px;\">\n\t\t<p><span class=\"wpcf7-form-control-wrap kc_captcha cf7ic-toggle\" data-name=\"kc_captcha\"><span class=\"wpcf7-form-control wpcf7-radio\"><span class=\"captcha-image\" style=\"display: none;\"><span class=\"cf7ic_instructions\">Por favor, prove que voc\u00ea \u00e9 humano selecionando o<span> star<\/span>.<\/span><label><input aria-label=\"1\" type=\"radio\" name=\"kc_captcha\" value=\"kc_human\" \/><svg aria-hidden=\"true\" role=\"img\" xmlns=\"http:\/\/www.w3.org\/2000\/svg\" viewbox=\"0 0 576 512\"><path fill=\"currentColor\" d=\"M259 18l-65 132-146 22c-26 3-37 36-18 54l106 103-25 146c-5 26 23 46 46 33l131-68 131 68c23 13 51-7 46-33l-25-146 106-103c19-18 8-51-18-54l-146-22-65-132a32 32 0 00-58 0z\"\/><\/svg><\/label><label><input aria-label=\"2\" type=\"radio\" name=\"kc_captcha\" value=\"bot\" \/><svg aria-hidden=\"true\" role=\"img\" xmlns=\"http:\/\/www.w3.org\/2000\/svg\" viewbox=\"0 0 640 512\"><path fill=\"currentColor\" d=\"M624 352h-16V244c0-13-5-25-14-34L494 110c-9-9-21-14-34-14h-44V48c0-26-21-48-48-48H48C22 0 0 22 0 48v320c0 27 22 48 48 48h16a96 96 0 00192 0h128a96 96 0 00192 0h48c9 0 16-7 16-16v-32c0-9-7-16-16-16zM160 464a48 48 0 110-96 48 48 0 010 96zm320 0a48 48 0 110-96 48 48 0 010 96zm80-208H416V144h44l100 100v12z\"\/><\/svg><\/label><label><input aria-label=\"3\" type=\"radio\" name=\"kc_captcha\" value=\"bot\" \/><svg aria-hidden=\"true\" role=\"img\" xmlns=\"http:\/\/www.w3.org\/2000\/svg\" viewbox=\"0 0 384 512\"><path fill=\"currentColor\" d=\"M377 375l-83-87h34c21 0 32-25 17-40l-82-88h33c21 0 32-25 18-40L210 8c-10-11-26-11-36 0L70 120c-14 15-3 40 18 40h33l-82 88c-15 15-4 40 17 40h34L7 375c-15 16-4 41 17 41h120c0 33-11 49-34 68-12 9-5 28 10 28h144c15 0 22-19 10-28-20-16-34-32-34-68h120c21 0 32-25 17-41z\"\/><\/svg><\/label>\r\n    <\/span>\r\n    <span style=\"display:none\">\r\n        <input type=\"text\" name=\"kc_honeypot\">\r\n    <\/span><\/span><\/span>\n\t\t<\/p>\n\t<\/div>\n\t<p><input class=\"wpcf7-form-control wpcf7-submit has-spinner\" type=\"submit\" value=\"Enviar\" \/>\n\t<\/p>\n<\/div><div class=\"wpcf7-response-output\" aria-hidden=\"true\"><\/div>\n<input type=\"hidden\" name=\"trp-form-language\" value=\"pt\"\/><\/form>\n<\/div>","protected":false},"excerpt":{"rendered":"<p>Nosso alimentador vibrat\u00f3rio pequeno de duas pistas para hardware oferece solu\u00e7\u00f5es personalizadas, entrega r\u00e1pida e certifica\u00e7\u00e3o CE\/UL. Perfeito para otimizar suas opera\u00e7\u00f5es.<\/p>","protected":false},"featured_media":1856,"comment_status":"open","ping_status":"closed","template":"","meta":[],"product_cat":[37],"product_tag":[],"yoast_head":"<!-- This site is optimized with the Yoast SEO plugin v22.2 - https:\/\/yoast.com\/wordpress\/plugins\/seo\/ -->\n<title>Two Tracks Small Vibratory Bowl Feeder for Hardware - SWOER<\/title>\n<meta name=\"description\" content=\"Boost efficiency with our Two Tracks Small Vibratory Bowl Feeder for hardware. Custom solutions, CE\/UL certified. Contact SWOER for your needs!\" \/>\n<meta name=\"robots\" content=\"index, follow, max-snippet:-1, max-image-preview:large, max-video-preview:-1\" \/>\n<link rel=\"canonical\" href=\"https:\/\/swoer.com\/pt\/manufacturer\/two-tracks-small-vibratory-bowl-feeder-for-hardware\/\" \/>\n<meta property=\"og:locale\" content=\"pt_PT\" \/>\n<meta property=\"og:type\" content=\"article\" \/>\n<meta property=\"og:title\" content=\"Two Tracks Small Vibratory Bowl Feeder for Hardware - SWOER\" \/>\n<meta property=\"og:description\" content=\"Boost efficiency with our Two Tracks Small Vibratory Bowl Feeder for hardware. Custom solutions, CE\/UL certified. Contact SWOER for your needs!\" \/>\n<meta property=\"og:url\" content=\"https:\/\/swoer.com\/pt\/manufacturer\/two-tracks-small-vibratory-bowl-feeder-for-hardware\/\" \/>\n<meta property=\"og:site_name\" content=\"SWOER\" \/>\n<meta property=\"article:modified_time\" content=\"2024-08-01T06:30:00+00:00\" \/>\n<meta property=\"og:image\" content=\"https:\/\/swoer.com\/wp-content\/uploads\/2024\/04\/two-tracks-small-vibratory-bowl-feeder-for-hardware-.jpg\" \/>\n\t<meta property=\"og:image:width\" content=\"1000\" \/>\n\t<meta property=\"og:image:height\" content=\"1000\" \/>\n\t<meta property=\"og:image:type\" content=\"image\/jpeg\" \/>\n<meta name=\"twitter:card\" content=\"summary_large_image\" \/>\n<meta name=\"twitter:label1\" content=\"Tempo estimado de leitura\" \/>\n\t<meta name=\"twitter:data1\" content=\"2 minutos\" \/>\n<script type=\"application\/ld+json\" class=\"yoast-schema-graph\">{\"@context\":\"https:\/\/schema.org\",\"@graph\":[{\"@type\":\"WebPage\",\"@id\":\"https:\/\/swoer.com\/manufacturer\/two-tracks-small-vibratory-bowl-feeder-for-hardware\/\",\"url\":\"https:\/\/swoer.com\/manufacturer\/two-tracks-small-vibratory-bowl-feeder-for-hardware\/\",\"name\":\"Two Tracks Small Vibratory Bowl Feeder for Hardware - SWOER\",\"isPartOf\":{\"@id\":\"https:\/\/swoer.com\/#website\"},\"primaryImageOfPage\":{\"@id\":\"https:\/\/swoer.com\/manufacturer\/two-tracks-small-vibratory-bowl-feeder-for-hardware\/#primaryimage\"},\"image\":{\"@id\":\"https:\/\/swoer.com\/manufacturer\/two-tracks-small-vibratory-bowl-feeder-for-hardware\/#primaryimage\"},\"thumbnailUrl\":\"https:\/\/swoer.com\/wp-content\/uploads\/2024\/04\/two-tracks-small-vibratory-bowl-feeder-for-hardware-.jpg\",\"datePublished\":\"2024-04-03T06:07:37+00:00\",\"dateModified\":\"2024-08-01T06:30:00+00:00\",\"description\":\"Boost efficiency with our Two Tracks Small Vibratory Bowl Feeder for hardware. Custom solutions, CE\/UL certified. Contact SWOER for your needs!\",\"breadcrumb\":{\"@id\":\"https:\/\/swoer.com\/manufacturer\/two-tracks-small-vibratory-bowl-feeder-for-hardware\/#breadcrumb\"},\"inLanguage\":\"pt-PT\",\"potentialAction\":[{\"@type\":\"ReadAction\",\"target\":[\"https:\/\/swoer.com\/manufacturer\/two-tracks-small-vibratory-bowl-feeder-for-hardware\/\"]}]},{\"@type\":\"ImageObject\",\"inLanguage\":\"pt-PT\",\"@id\":\"https:\/\/swoer.com\/manufacturer\/two-tracks-small-vibratory-bowl-feeder-for-hardware\/#primaryimage\",\"url\":\"https:\/\/swoer.com\/wp-content\/uploads\/2024\/04\/two-tracks-small-vibratory-bowl-feeder-for-hardware-.jpg\",\"contentUrl\":\"https:\/\/swoer.com\/wp-content\/uploads\/2024\/04\/two-tracks-small-vibratory-bowl-feeder-for-hardware-.jpg\",\"width\":1000,\"height\":1000,\"caption\":\"two tracks small vibratory bowl feeder for hardware\"},{\"@type\":\"BreadcrumbList\",\"@id\":\"https:\/\/swoer.com\/manufacturer\/two-tracks-small-vibratory-bowl-feeder-for-hardware\/#breadcrumb\",\"itemListElement\":[{\"@type\":\"ListItem\",\"position\":1,\"name\":\"Home\",\"item\":\"https:\/\/swoer.com\/\"},{\"@type\":\"ListItem\",\"position\":2,\"name\":\"Shop\",\"item\":\"https:\/\/swoer.com\/shop\/\"},{\"@type\":\"ListItem\",\"position\":3,\"name\":\"Two Tracks Small Vibratory Bowl Feeder for Hardware\"}]},{\"@type\":\"WebSite\",\"@id\":\"https:\/\/swoer.com\/#website\",\"url\":\"https:\/\/swoer.com\/\",\"name\":\"SWOER\",\"description\":\"Swoer is the top 3 vibratory bowl feeder manufacturer in China\",\"potentialAction\":[{\"@type\":\"SearchAction\",\"target\":{\"@type\":\"EntryPoint\",\"urlTemplate\":\"https:\/\/swoer.com\/?s={search_term_string}\"},\"query-input\":\"required name=search_term_string\"}],\"inLanguage\":\"pt-PT\"}]}<\/script>\n<!-- \/ Yoast SEO plugin. -->","yoast_head_json":{"title":"Two Tracks Small Vibratory Bowl Feeder for Hardware - SWOER","description":"Boost efficiency with our Two Tracks Small Vibratory Bowl Feeder for hardware. Custom solutions, CE\/UL certified. Contact SWOER for your needs!","robots":{"index":"index","follow":"follow","max-snippet":"max-snippet:-1","max-image-preview":"max-image-preview:large","max-video-preview":"max-video-preview:-1"},"canonical":"https:\/\/swoer.com\/pt\/manufacturer\/two-tracks-small-vibratory-bowl-feeder-for-hardware\/","og_locale":"pt_PT","og_type":"article","og_title":"Two Tracks Small Vibratory Bowl Feeder for Hardware - SWOER","og_description":"Boost efficiency with our Two Tracks Small Vibratory Bowl Feeder for hardware. Custom solutions, CE\/UL certified. Contact SWOER for your needs!","og_url":"https:\/\/swoer.com\/pt\/manufacturer\/two-tracks-small-vibratory-bowl-feeder-for-hardware\/","og_site_name":"SWOER","article_modified_time":"2024-08-01T06:30:00+00:00","og_image":[{"width":1000,"height":1000,"url":"https:\/\/swoer.com\/wp-content\/uploads\/2024\/04\/two-tracks-small-vibratory-bowl-feeder-for-hardware-.jpg","type":"image\/jpeg"}],"twitter_card":"summary_large_image","twitter_misc":{"Tempo estimado de leitura":"2 minutos"},"schema":{"@context":"https:\/\/schema.org","@graph":[{"@type":"WebPage","@id":"https:\/\/swoer.com\/manufacturer\/two-tracks-small-vibratory-bowl-feeder-for-hardware\/","url":"https:\/\/swoer.com\/manufacturer\/two-tracks-small-vibratory-bowl-feeder-for-hardware\/","name":"Two Tracks Small Vibratory Bowl Feeder for Hardware - SWOER","isPartOf":{"@id":"https:\/\/swoer.com\/#website"},"primaryImageOfPage":{"@id":"https:\/\/swoer.com\/manufacturer\/two-tracks-small-vibratory-bowl-feeder-for-hardware\/#primaryimage"},"image":{"@id":"https:\/\/swoer.com\/manufacturer\/two-tracks-small-vibratory-bowl-feeder-for-hardware\/#primaryimage"},"thumbnailUrl":"https:\/\/swoer.com\/wp-content\/uploads\/2024\/04\/two-tracks-small-vibratory-bowl-feeder-for-hardware-.jpg","datePublished":"2024-04-03T06:07:37+00:00","dateModified":"2024-08-01T06:30:00+00:00","description":"Boost efficiency with our Two Tracks Small Vibratory Bowl Feeder for hardware. Custom solutions, CE\/UL certified. Contact SWOER for your needs!","breadcrumb":{"@id":"https:\/\/swoer.com\/manufacturer\/two-tracks-small-vibratory-bowl-feeder-for-hardware\/#breadcrumb"},"inLanguage":"pt-PT","potentialAction":[{"@type":"ReadAction","target":["https:\/\/swoer.com\/manufacturer\/two-tracks-small-vibratory-bowl-feeder-for-hardware\/"]}]},{"@type":"ImageObject","inLanguage":"pt-PT","@id":"https:\/\/swoer.com\/manufacturer\/two-tracks-small-vibratory-bowl-feeder-for-hardware\/#primaryimage","url":"https:\/\/swoer.com\/wp-content\/uploads\/2024\/04\/two-tracks-small-vibratory-bowl-feeder-for-hardware-.jpg","contentUrl":"https:\/\/swoer.com\/wp-content\/uploads\/2024\/04\/two-tracks-small-vibratory-bowl-feeder-for-hardware-.jpg","width":1000,"height":1000,"caption":"two tracks small vibratory bowl feeder for hardware"},{"@type":"BreadcrumbList","@id":"https:\/\/swoer.com\/manufacturer\/two-tracks-small-vibratory-bowl-feeder-for-hardware\/#breadcrumb","itemListElement":[{"@type":"ListItem","position":1,"name":"Home","item":"https:\/\/swoer.com\/"},{"@type":"ListItem","position":2,"name":"Shop","item":"https:\/\/swoer.com\/shop\/"},{"@type":"ListItem","position":3,"name":"Two Tracks Small Vibratory Bowl Feeder for Hardware"}]},{"@type":"WebSite","@id":"https:\/\/swoer.com\/#website","url":"https:\/\/swoer.com\/","name":"SWOER","description":"Swoer is the top 3 vibratory bowl feeder manufacturer in China","potentialAction":[{"@type":"SearchAction","target":{"@type":"EntryPoint","urlTemplate":"https:\/\/swoer.com\/?s={search_term_string}"},"query-input":"required name=search_term_string"}],"inLanguage":"pt-PT"}]}},"_links":{"self":[{"href":"https:\/\/swoer.com\/pt\/wp-json\/wp\/v2\/product\/1855"}],"collection":[{"href":"https:\/\/swoer.com\/pt\/wp-json\/wp\/v2\/product"}],"about":[{"href":"https:\/\/swoer.com\/pt\/wp-json\/wp\/v2\/types\/product"}],"replies":[{"embeddable":true,"href":"https:\/\/swoer.com\/pt\/wp-json\/wp\/v2\/comments?post=1855"}],"wp:featuredmedia":[{"embeddable":true,"href":"https:\/\/swoer.com\/pt\/wp-json\/wp\/v2\/media\/1856"}],"wp:attachment":[{"href":"https:\/\/swoer.com\/pt\/wp-json\/wp\/v2\/media?parent=1855"}],"wp:term":[{"taxonomy":"product_cat","embeddable":true,"href":"https:\/\/swoer.com\/pt\/wp-json\/wp\/v2\/product_cat?post=1855"},{"taxonomy":"product_tag","embeddable":true,"href":"https:\/\/swoer.com\/pt\/wp-json\/wp\/v2\/product_tag?post=1855"}],"curies":[{"name":"wp","href":"https:\/\/api.w.org\/{rel}","templated":true}]}}