{"id":1839,"date":"2024-04-02T08:27:07","date_gmt":"2024-04-02T08:27:07","guid":{"rendered":"https:\/\/lightgrey-porpoise-816575.hostingersite.com\/?post_type=product&#038;p=1839"},"modified":"2024-07-31T09:05:56","modified_gmt":"2024-07-31T01:05:56","slug":"automatic-riveting-machine","status":"publish","type":"product","link":"https:\/\/swoer.com\/pt\/manufacturer\/automatic-riveting-machine\/","title":{"rendered":"M\u00e1quina de rebitagem autom\u00e1tica"},"content":{"rendered":"<p data-sourcepos=\"3:1-3:9\">A Rebitadeira Autom\u00e1tica SWOER \u00e9 um sistema avan\u00e7ado que transfere automaticamente os rebites para o cano puxador de pregos. Projetamos esta m\u00e1quina para preencher lacunas cr\u00edticas na ind\u00fastria chinesa e ela ganhou in\u00fameras patentes. Usar esta m\u00e1quina pode economizar para sua empresa mais de 30% em custos de m\u00e3o de obra.<\/p>\n<p data-sourcepos=\"5:1-5:135\">Ao contr\u00e1rio de outras Rebitadeiras Autom\u00e1ticas, o modelo SWOER opera de forma distinta. Enquanto as m\u00e1quinas convencionais necessitam de coloca\u00e7\u00e3o manual de rebites e controle da boca, contando com press\u00e3o negativa para a entrada do rebite, a M\u00e1quina de Rebitagem Autom\u00e1tica SWOER, em contraste, fornece uma abordagem automatizada. Nossa m\u00e1quina usa ar comprimido para transportar rebites diretamente para a boca da pistola de pregos atrav\u00e9s de rebite automatizado arranjo e separa\u00e7\u00e3o. Ao adotar a M\u00e1quina de Rebitagem Autom\u00e1tica SWOER, voc\u00ea pode transformar opera\u00e7\u00f5es de pregos manuais que exigem muita m\u00e3o-de-obra em processos automatizados ou n\u00e3o tripulados, marcando um avan\u00e7o tecnol\u00f3gico significativo na ind\u00fastria de pregos.<\/p>\n\t<div id=\"gap-1842946497\" class=\"gap-element clearfix\" style=\"display:block; height:auto;\">\n\t\t\n<style>\n#gap-1842946497 {\n  padding-top: 30px;\n}\n<\/style>\n\t<\/div>\n\t\n<h2><strong>Especifica\u00e7\u00e3o:<\/strong><\/h2>\n\t<div id=\"text-1476155096\" class=\"text\">\n\t\t\n<table style=\"border-collapse: collapse; width: 432.77pt;\" border=\"0\" width=\"577\" cellspacing=\"0\" cellpadding=\"0\">\n<tbody>\n<tr style=\"height: 15.00pt;\">\n<td class=\"et2\" style=\"height: 15.00pt; width: 206.25pt;\" width=\"275\" height=\"20\">Item<\/td>\n<td class=\"et2\" style=\"width: 226.50pt;\" width=\"302\">Valor<\/td>\n<\/tr>\n<tr style=\"height: 15.00pt;\">\n<td class=\"et2\" style=\"height: 15.00pt; width: 206.25pt;\" width=\"275\" height=\"20\">N\u00famero do modelo<\/td>\n<td class=\"et2\" style=\"width: 226.50pt;\" width=\"302\">SW-1000A<\/td>\n<\/tr>\n<tr style=\"height: 15.00pt;\">\n<td class=\"et2\" style=\"height: 15.00pt; width: 206.25pt;\" width=\"275\" height=\"20\">garantia<\/td>\n<td class=\"et2\" style=\"width: 226.50pt;\" width=\"302\">1 ano<\/td>\n<\/tr>\n<tr style=\"height: 15.00pt;\">\n<td class=\"et2\" style=\"height: 15.00pt; width: 206.25pt;\" width=\"275\" height=\"20\">Velocidade sem carga<\/td>\n<td class=\"et3\" style=\"width: 226.50pt;\" width=\"302\">0<\/td>\n<\/tr>\n<tr style=\"height: 15.00pt;\">\n<td class=\"et2\" style=\"height: 15.00pt; width: 206.25pt;\" width=\"275\" height=\"20\">Suporte personalizado<\/td>\n<td class=\"et2\" style=\"width: 226.50pt;\" width=\"302\">OEM<\/td>\n<\/tr>\n<tr style=\"height: 15.00pt;\">\n<td class=\"et2\" style=\"height: 15.00pt; width: 206.25pt;\" width=\"275\" height=\"20\">Lugar de origem<\/td>\n<td class=\"et2\" style=\"width: 226.50pt;\" width=\"302\">China<\/td>\n<\/tr>\n<tr style=\"height: 15.00pt;\">\n<td class=\"et2\" style=\"height: 15.00pt; width: 206.25pt;\" width=\"275\" height=\"20\">Nome<\/td>\n<td class=\"et2\" style=\"width: 226.50pt;\" width=\"302\">M\u00e1quina de rebitagem autom\u00e1tica<\/td>\n<\/tr>\n<tr style=\"height: 15.00pt;\">\n<td class=\"et2\" style=\"height: 15.00pt; width: 206.25pt;\" width=\"275\" height=\"20\">Cor<\/td>\n<td class=\"et2\" style=\"width: 226.50pt;\" width=\"302\">P\u00e1lido<\/td>\n<\/tr>\n<tr style=\"height: 15.00pt;\">\n<td class=\"et2\" style=\"height: 15.00pt; width: 206.25pt;\" width=\"275\" height=\"20\">Peso<\/td>\n<td class=\"et2\" style=\"width: 226.50pt;\" width=\"302\">50KG<\/td>\n<\/tr>\n<tr style=\"height: 15.00pt;\">\n<td class=\"et2\" style=\"height: 15.00pt; width: 206.25pt;\" width=\"275\" height=\"20\">Velocidade de alimenta\u00e7\u00e3o das unhas<\/td>\n<td class=\"et2\" style=\"width: 226.50pt;\" width=\"302\">60 ~ 120 unidades\/min<\/td>\n<\/tr>\n<tr style=\"height: 15.00pt;\">\n<td class=\"et2\" style=\"height: 15.00pt; width: 206.25pt;\" width=\"275\" height=\"20\">Press\u00e3o<\/td>\n<td class=\"et2\" style=\"width: 226.50pt;\" width=\"302\">5,5~6,5bar<\/td>\n<\/tr>\n<tr style=\"height: 15.00pt;\">\n<td class=\"et2\" style=\"height: 15.00pt; width: 206.25pt;\" width=\"275\" height=\"20\">Tamanho do chassi<\/td>\n<td class=\"et2\" style=\"width: 226.50pt;\" width=\"302\">530*360*380mm<\/td>\n<\/tr>\n<\/tbody>\n<\/table>\n\t\t\n<style>\n#text-1476155096 {\n  font-size: 1.15rem;\n  line-height: 3;\n}\n<\/style>\n\t<\/div>\n\t\n\t<div id=\"gap-1778984294\" class=\"gap-element clearfix\" style=\"display:block; height:auto;\">\n\t\t\n<style>\n#gap-1778984294 {\n  padding-top: 30px;\n}\n<\/style>\n\t<\/div>\n\t\n<h3><strong>A Rebitadeira Autom\u00e1tica SWOER consiste em dois componentes principais: o motor principal e os componentes da pistola de pregos.<\/strong><\/h3>\n<ol>\n<li>O motor principal compreende o sistema de movimento da m\u00e1quina, o sistema de controle da m\u00e1quina e o sistema de detec\u00e7\u00e3o. A fun\u00e7\u00e3o do sistema de movimento da m\u00e1quina \u00e9 separar ordenadamente os rebites e transport\u00e1-los para o bico da pistola em uma dire\u00e7\u00e3o espec\u00edfica. Enquanto isso, o sistema de controle da m\u00e1quina governa as a\u00e7\u00f5es de diversas pe\u00e7as de acordo com instru\u00e7\u00f5es predefinidas. Ao mesmo tempo, o sistema de detec\u00e7\u00e3o garante uma opera\u00e7\u00e3o est\u00e1vel da m\u00e1quina de acordo com os par\u00e2metros programados.<\/li>\n<\/ol>\n<p>2. O componente da pistola de pregos inclui a pistola de pregos, o mecanismo de recep\u00e7\u00e3o de rebites e o mecanismo de coleta e sa\u00edda de sinal. Al\u00e9m disso, a pistola de pregos, uma pistola de pregos autom\u00e1tica padr\u00e3o dispon\u00edvel no mercado, serve como ferramenta principal para opera\u00e7\u00f5es de pregos, sejam manuais ou autom\u00e1ticas. O mecanismo de recebimento de rebites captura e carrega os rebites transportados pelo motor principal atrav\u00e9s da tubula\u00e7\u00e3o at\u00e9 o componente do bocal de rebite, representando a tecnologia central da m\u00e1quina de rebitagem autom\u00e1tica. Finalmente, o mecanismo de coleta e sa\u00edda de sinais, como o pr\u00f3prio nome sugere, coleta e emite sinais para iniciar a opera\u00e7\u00e3o da m\u00e1quina e concluir tarefas.<\/p>\n<h3><strong>Diretrizes de limpeza e manuten\u00e7\u00e3o para m\u00e1quina de rebitagem autom\u00e1tica:<\/strong><\/h3>\n<p><strong>1.<\/strong> Limpe regularmente a caixa de pregos para mant\u00ea-la limpa, utilizando g\u00e1s de alta press\u00e3o para soprar qualquer res\u00edduo acumulado em seu interior.<\/p>\n<p><strong>2.<\/strong> Limpe os trilhos de sua rebitadora regularmente para garantir um bom funcionamento.<\/p>\n<p><strong>3.<\/strong> Limpe periodicamente o sistema de coloca\u00e7\u00e3o de pregos para manter a sua funcionalidade e considere a aplica\u00e7\u00e3o de massa lubrificante para lubrificar as pe\u00e7as m\u00f3veis para um desempenho ideal.<\/p>\n<p><strong>4.<\/strong> Mantenha a limpeza da superf\u00edcie externa da caixa da m\u00e1quina atrav\u00e9s de rotinas regulares de limpeza.<\/p>\n<p><strong>5.<\/strong> Evite usar a boca da pistola de pregos para atingir pe\u00e7as de trabalho ou outros objetos. Al\u00e9m disso, lembre-se de desligar a m\u00e1quina quando ela n\u00e3o estiver em uso para evitar acidentes.<\/p>","protected":false},"excerpt":{"rendered":"<p>Fabricante e fornecedor de m\u00e1quina de rebitagem autom\u00e1tica personalizada SWOER na China.<\/p>\n<p>-Quantidade m\u00ednima: 1 pe\u00e7a<\/p>\n<p>-Servi\u00e7o OEM\/ODM oferecido<\/p>\n<p>-Aceitar Personaliza\u00e7\u00e3o<\/p>\n<p>Se voc\u00ea deseja obter pre\u00e7os de equipamentos de rebitagem autom\u00e1tica, entre em contato conosco.<\/p>","protected":false},"featured_media":1840,"comment_status":"open","ping_status":"closed","template":"","meta":[],"product_cat":[42],"product_tag":[],"yoast_head":"<!-- This site is optimized with the Yoast SEO plugin v22.2 - https:\/\/yoast.com\/wordpress\/plugins\/seo\/ -->\n<title>Automatic Riveting Machine - SWOER<\/title>\n<meta name=\"description\" content=\"Experience advanced automation with SOWER&#039;s riveting machine. Automate rivet transfer, saving over 30% in labor and boosting efficiency.\" \/>\n<meta name=\"robots\" content=\"index, follow, max-snippet:-1, max-image-preview:large, max-video-preview:-1\" \/>\n<link rel=\"canonical\" href=\"https:\/\/swoer.com\/pt\/manufacturer\/automatic-riveting-machine\/\" \/>\n<meta property=\"og:locale\" content=\"pt_PT\" \/>\n<meta property=\"og:type\" content=\"article\" \/>\n<meta property=\"og:title\" content=\"Automatic Riveting Machine - SWOER\" \/>\n<meta property=\"og:description\" content=\"Experience advanced automation with SOWER&#039;s riveting machine. Automate rivet transfer, saving over 30% in labor and boosting efficiency.\" \/>\n<meta property=\"og:url\" content=\"https:\/\/swoer.com\/pt\/manufacturer\/automatic-riveting-machine\/\" \/>\n<meta property=\"og:site_name\" content=\"SWOER\" \/>\n<meta property=\"article:modified_time\" content=\"2024-07-31T01:05:56+00:00\" \/>\n<meta property=\"og:image\" content=\"https:\/\/swoer.com\/wp-content\/uploads\/2024\/04\/auto-rivet-tools.webp\" \/>\n\t<meta property=\"og:image:width\" content=\"1000\" \/>\n\t<meta property=\"og:image:height\" content=\"1000\" \/>\n\t<meta property=\"og:image:type\" content=\"image\/webp\" \/>\n<meta name=\"twitter:card\" content=\"summary_large_image\" \/>\n<meta name=\"twitter:label1\" content=\"Tempo estimado de leitura\" \/>\n\t<meta name=\"twitter:data1\" content=\"3 minutos\" \/>\n<script type=\"application\/ld+json\" class=\"yoast-schema-graph\">{\"@context\":\"https:\/\/schema.org\",\"@graph\":[{\"@type\":\"WebPage\",\"@id\":\"https:\/\/swoer.com\/manufacturer\/automatic-riveting-machine\/\",\"url\":\"https:\/\/swoer.com\/manufacturer\/automatic-riveting-machine\/\",\"name\":\"Automatic Riveting Machine - SWOER\",\"isPartOf\":{\"@id\":\"https:\/\/swoer.com\/#website\"},\"primaryImageOfPage\":{\"@id\":\"https:\/\/swoer.com\/manufacturer\/automatic-riveting-machine\/#primaryimage\"},\"image\":{\"@id\":\"https:\/\/swoer.com\/manufacturer\/automatic-riveting-machine\/#primaryimage\"},\"thumbnailUrl\":\"https:\/\/swoer.com\/wp-content\/uploads\/2024\/04\/auto-rivet-tools.webp\",\"datePublished\":\"2024-04-02T08:27:07+00:00\",\"dateModified\":\"2024-07-31T01:05:56+00:00\",\"description\":\"Experience advanced automation with SOWER's riveting machine. Automate rivet transfer, saving over 30% in labor and boosting efficiency.\",\"breadcrumb\":{\"@id\":\"https:\/\/swoer.com\/manufacturer\/automatic-riveting-machine\/#breadcrumb\"},\"inLanguage\":\"pt-PT\",\"potentialAction\":[{\"@type\":\"ReadAction\",\"target\":[\"https:\/\/swoer.com\/manufacturer\/automatic-riveting-machine\/\"]}]},{\"@type\":\"ImageObject\",\"inLanguage\":\"pt-PT\",\"@id\":\"https:\/\/swoer.com\/manufacturer\/automatic-riveting-machine\/#primaryimage\",\"url\":\"https:\/\/swoer.com\/wp-content\/uploads\/2024\/04\/auto-rivet-tools.webp\",\"contentUrl\":\"https:\/\/swoer.com\/wp-content\/uploads\/2024\/04\/auto-rivet-tools.webp\",\"width\":1000,\"height\":1000,\"caption\":\"auto rivet tools\"},{\"@type\":\"BreadcrumbList\",\"@id\":\"https:\/\/swoer.com\/manufacturer\/automatic-riveting-machine\/#breadcrumb\",\"itemListElement\":[{\"@type\":\"ListItem\",\"position\":1,\"name\":\"Home\",\"item\":\"https:\/\/swoer.com\/\"},{\"@type\":\"ListItem\",\"position\":2,\"name\":\"Shop\",\"item\":\"https:\/\/swoer.com\/shop\/\"},{\"@type\":\"ListItem\",\"position\":3,\"name\":\"Automatic Riveting Machine\"}]},{\"@type\":\"WebSite\",\"@id\":\"https:\/\/swoer.com\/#website\",\"url\":\"https:\/\/swoer.com\/\",\"name\":\"SWOER\",\"description\":\"Swoer is the top 3 vibratory bowl feeder manufacturer in China\",\"potentialAction\":[{\"@type\":\"SearchAction\",\"target\":{\"@type\":\"EntryPoint\",\"urlTemplate\":\"https:\/\/swoer.com\/?s={search_term_string}\"},\"query-input\":\"required name=search_term_string\"}],\"inLanguage\":\"pt-PT\"}]}<\/script>\n<!-- \/ Yoast SEO plugin. -->","yoast_head_json":{"title":"Automatic Riveting Machine - SWOER","description":"Experience advanced automation with SOWER's riveting machine. Automate rivet transfer, saving over 30% in labor and boosting efficiency.","robots":{"index":"index","follow":"follow","max-snippet":"max-snippet:-1","max-image-preview":"max-image-preview:large","max-video-preview":"max-video-preview:-1"},"canonical":"https:\/\/swoer.com\/pt\/manufacturer\/automatic-riveting-machine\/","og_locale":"pt_PT","og_type":"article","og_title":"Automatic Riveting Machine - SWOER","og_description":"Experience advanced automation with SOWER's riveting machine. Automate rivet transfer, saving over 30% in labor and boosting efficiency.","og_url":"https:\/\/swoer.com\/pt\/manufacturer\/automatic-riveting-machine\/","og_site_name":"SWOER","article_modified_time":"2024-07-31T01:05:56+00:00","og_image":[{"width":1000,"height":1000,"url":"https:\/\/swoer.com\/wp-content\/uploads\/2024\/04\/auto-rivet-tools.webp","type":"image\/webp"}],"twitter_card":"summary_large_image","twitter_misc":{"Tempo estimado de leitura":"3 minutos"},"schema":{"@context":"https:\/\/schema.org","@graph":[{"@type":"WebPage","@id":"https:\/\/swoer.com\/manufacturer\/automatic-riveting-machine\/","url":"https:\/\/swoer.com\/manufacturer\/automatic-riveting-machine\/","name":"Automatic Riveting Machine - SWOER","isPartOf":{"@id":"https:\/\/swoer.com\/#website"},"primaryImageOfPage":{"@id":"https:\/\/swoer.com\/manufacturer\/automatic-riveting-machine\/#primaryimage"},"image":{"@id":"https:\/\/swoer.com\/manufacturer\/automatic-riveting-machine\/#primaryimage"},"thumbnailUrl":"https:\/\/swoer.com\/wp-content\/uploads\/2024\/04\/auto-rivet-tools.webp","datePublished":"2024-04-02T08:27:07+00:00","dateModified":"2024-07-31T01:05:56+00:00","description":"Experience advanced automation with SOWER's riveting machine. Automate rivet transfer, saving over 30% in labor and boosting efficiency.","breadcrumb":{"@id":"https:\/\/swoer.com\/manufacturer\/automatic-riveting-machine\/#breadcrumb"},"inLanguage":"pt-PT","potentialAction":[{"@type":"ReadAction","target":["https:\/\/swoer.com\/manufacturer\/automatic-riveting-machine\/"]}]},{"@type":"ImageObject","inLanguage":"pt-PT","@id":"https:\/\/swoer.com\/manufacturer\/automatic-riveting-machine\/#primaryimage","url":"https:\/\/swoer.com\/wp-content\/uploads\/2024\/04\/auto-rivet-tools.webp","contentUrl":"https:\/\/swoer.com\/wp-content\/uploads\/2024\/04\/auto-rivet-tools.webp","width":1000,"height":1000,"caption":"auto rivet tools"},{"@type":"BreadcrumbList","@id":"https:\/\/swoer.com\/manufacturer\/automatic-riveting-machine\/#breadcrumb","itemListElement":[{"@type":"ListItem","position":1,"name":"Home","item":"https:\/\/swoer.com\/"},{"@type":"ListItem","position":2,"name":"Shop","item":"https:\/\/swoer.com\/shop\/"},{"@type":"ListItem","position":3,"name":"Automatic Riveting Machine"}]},{"@type":"WebSite","@id":"https:\/\/swoer.com\/#website","url":"https:\/\/swoer.com\/","name":"SWOER","description":"Swoer is the top 3 vibratory bowl feeder manufacturer in China","potentialAction":[{"@type":"SearchAction","target":{"@type":"EntryPoint","urlTemplate":"https:\/\/swoer.com\/?s={search_term_string}"},"query-input":"required name=search_term_string"}],"inLanguage":"pt-PT"}]}},"_links":{"self":[{"href":"https:\/\/swoer.com\/pt\/wp-json\/wp\/v2\/product\/1839"}],"collection":[{"href":"https:\/\/swoer.com\/pt\/wp-json\/wp\/v2\/product"}],"about":[{"href":"https:\/\/swoer.com\/pt\/wp-json\/wp\/v2\/types\/product"}],"replies":[{"embeddable":true,"href":"https:\/\/swoer.com\/pt\/wp-json\/wp\/v2\/comments?post=1839"}],"wp:featuredmedia":[{"embeddable":true,"href":"https:\/\/swoer.com\/pt\/wp-json\/wp\/v2\/media\/1840"}],"wp:attachment":[{"href":"https:\/\/swoer.com\/pt\/wp-json\/wp\/v2\/media?parent=1839"}],"wp:term":[{"taxonomy":"product_cat","embeddable":true,"href":"https:\/\/swoer.com\/pt\/wp-json\/wp\/v2\/product_cat?post=1839"},{"taxonomy":"product_tag","embeddable":true,"href":"https:\/\/swoer.com\/pt\/wp-json\/wp\/v2\/product_tag?post=1839"}],"curies":[{"name":"wp","href":"https:\/\/api.w.org\/{rel}","templated":true}]}}