{"id":1815,"date":"2024-04-02T02:41:23","date_gmt":"2024-04-02T02:41:23","guid":{"rendered":"https:\/\/lightgrey-porpoise-816575.hostingersite.com\/?post_type=product&#038;p=1815"},"modified":"2024-04-02T02:57:02","modified_gmt":"2024-04-02T02:57:02","slug":"electromagnetic-vibrating-magnetic-feeder","status":"publish","type":"product","link":"https:\/\/swoer.com\/pt\/manufacturer\/electromagnetic-vibrating-magnetic-feeder\/","title":{"rendered":"Alimentador magn\u00e9tico vibrat\u00f3rio eletromagn\u00e9tico"},"content":{"rendered":"<p>Experimente o manuseio preciso de materiais com nosso alimentador magn\u00e9tico vibrat\u00f3rio eletromagn\u00e9tico. Projetado para oferecer confiabilidade, ele garante fluxo controlado de material para processos de produ\u00e7\u00e3o cont\u00ednuos.<\/p>\n<p>Aumente a efici\u00eancia com nosso alimentador magn\u00e9tico vibrat\u00f3rio eletromagn\u00e9tico. Projetado para opera\u00e7\u00e3o cont\u00ednua, otimiza o manuseio de materiais em diversas aplica\u00e7\u00f5es industriais.<\/p>\n\t<div id=\"gap-484983910\" class=\"gap-element clearfix\" style=\"display:block; height:auto;\">\n\t\t\n<style>\n#gap-484983910 {\n  padding-top: 30px;\n}\n<\/style>\n\t<\/div>\n\t\n<h2>Descri\u00e7\u00e3o:<\/h2>\n<table style=\"border-collapse: collapse; width: 585.77pt;\" border=\"0\" width=\"781\" cellspacing=\"0\" cellpadding=\"0\">\n<tbody>\n<tr style=\"height: 32.00pt;\">\n<td class=\"et3\" style=\"height: 32.00pt; width: 145.50pt;\" width=\"194\" height=\"42\">Nome do Produto<\/td>\n<td class=\"et4\" style=\"width: 440.25pt;\" width=\"587\">Alimentador magn\u00e9tico vibrat\u00f3rio eletromagn\u00e9tico<\/td>\n<\/tr>\n<tr style=\"height: 32.00pt;\">\n<td class=\"et3\" style=\"height: 32.00pt;\" height=\"42\">Marca<\/td>\n<td class=\"et4\">SWOER<\/td>\n<\/tr>\n<tr style=\"height: 32.00pt;\">\n<td class=\"et3\" style=\"height: 32.00pt;\" height=\"42\">Dimens\u00e3o (C*L*A)<\/td>\n<td class=\"et4\">Personalizado<\/td>\n<\/tr>\n<tr style=\"height: 32.00pt;\">\n<td class=\"et3\" style=\"height: 32.00pt;\" height=\"42\">Peso<\/td>\n<td class=\"et4\">Personalizado<\/td>\n<\/tr>\n<tr style=\"height: 32.00pt;\">\n<td class=\"et3\" style=\"height: 32.00pt;\" height=\"42\">Cor<\/td>\n<td class=\"et4\">Requisitos do cliente<\/td>\n<\/tr>\n<tr style=\"height: 32.00pt;\">\n<td class=\"et3\" style=\"height: 32.00pt;\" height=\"42\">Capacidade (t\/h)<\/td>\n<td class=\"et4\">0,1-6t\/h<\/td>\n<\/tr>\n<tr style=\"height: 32.00pt;\">\n<td class=\"et3\" style=\"height: 32.00pt;\" height=\"42\">Tens\u00e3o<\/td>\n<td class=\"et4\">85-260V<\/td>\n<\/tr>\n<tr style=\"height: 32.00pt;\">\n<td class=\"et3\" style=\"height: 32.00pt;\" height=\"42\">Frequ\u00eancia<\/td>\n<td class=\"et4\">40-400Hz<\/td>\n<\/tr>\n<tr style=\"height: 32.00pt;\">\n<td class=\"et3\" style=\"height: 32.00pt;\" height=\"42\">garantia<\/td>\n<td class=\"et4\">1 ano<\/td>\n<\/tr>\n<tr style=\"height: 32.00pt;\">\n<td class=\"et3\" style=\"height: 32.00pt;\" height=\"42\">Quantidade m\u00ednima<\/td>\n<td class=\"et4\">1 conjunto<\/td>\n<\/tr>\n<tr style=\"height: 32.00pt;\">\n<td class=\"et3\" style=\"height: 32.00pt;\" height=\"42\">Tempo de espera<\/td>\n<td class=\"et4\">7 a 10 dias<\/td>\n<\/tr>\n<tr style=\"height: 32.00pt;\">\n<td class=\"et3\" style=\"height: 32.00pt;\" height=\"42\">7 a 10 dias<\/td>\n<td class=\"et4\">Caixa de contraplacado<\/td>\n<\/tr>\n<tr style=\"height: 32.00pt;\">\n<td class=\"et3\" style=\"height: 32.00pt;\" height=\"42\">Termo de pagamento<\/td>\n<td class=\"et4\">Dep\u00f3sito e saldo T\/T 40% antes do envio<\/td>\n<\/tr>\n<tr style=\"height: 32.00pt;\">\n<td class=\"et3\" style=\"height: 32.00pt;\" height=\"42\">Lugar de origem<\/td>\n<td class=\"et4\">Cant\u00e3o, China<\/td>\n<\/tr>\n<\/tbody>\n<\/table>\n\t<div id=\"gap-1398594693\" class=\"gap-element clearfix\" style=\"display:block; height:auto;\">\n\t\t\n<style>\n#gap-1398594693 {\n  padding-top: 30px;\n}\n<\/style>\n\t<\/div>\n\t\n<h2>PERGUNTAS FREQUENTES:<\/h2>\n<p><strong>1. Como o Alimentador Magn\u00e9tico Vibrat\u00f3rio Eletromagn\u00e9tico melhora o manuseio de materiais?<\/strong><\/p>\n<p>Nosso alimentador magn\u00e9tico vibrat\u00f3rio eletromagn\u00e9tico garante uma alimenta\u00e7\u00e3o de material suave e precisa, reduzindo o risco de entupimentos e bloqueios. Suas vibra\u00e7\u00f5es controladas garantem um fluxo consistente, aumentando a efici\u00eancia geral nos processos de manuseio de materiais.<\/p>\n<p><strong>2. Este alimentador pode acomodar diferentes tipos de materiais?<\/strong><\/p>\n<p>Sim, nosso alimentador \u00e9 vers\u00e1til e capaz de lidar com uma ampla variedade de materiais, desde p\u00f3s finos at\u00e9 gr\u00e2nulos grossos. Esteja voc\u00ea processando minerais, produtos qu\u00edmicos ou produtos aliment\u00edcios, nosso alimentador oferece desempenho confi\u00e1vel em v\u00e1rios setores.<\/p>\n<p><strong>3. O processo de instala\u00e7\u00e3o \u00e9 complexo?<\/strong><\/p>\n<p>De jeito nenhum. Nosso alimentador magn\u00e9tico vibrat\u00f3rio eletromagn\u00e9tico foi projetado para f\u00e1cil instala\u00e7\u00e3o e integra\u00e7\u00e3o em sua linha de produ\u00e7\u00e3o existente. Nossa equipe fornece suporte abrangente para garantir um processo de configura\u00e7\u00e3o tranquilo, minimizando o tempo de inatividade e a interrup\u00e7\u00e3o de suas opera\u00e7\u00f5es.<\/p>\n<p><strong>4. Como este alimentador contribui para a efici\u00eancia da produ\u00e7\u00e3o?<\/strong><\/p>\n<p>Ao garantir uma alimenta\u00e7\u00e3o de material precisa e controlada, nosso alimentador minimiza o desperd\u00edcio e melhora a efici\u00eancia geral da produ\u00e7\u00e3o. Sua tecnologia eletromagn\u00e9tica permite taxas de alimenta\u00e7\u00e3o personaliz\u00e1veis, permitindo otimizar o rendimento de acordo com seus requisitos espec\u00edficos de produ\u00e7\u00e3o.<\/p>\n<p><strong>5. Que tipo de manuten\u00e7\u00e3o \u00e9 necess\u00e1ria para este comedouro?<\/strong><\/p>\n<p>Nosso alimentador magn\u00e9tico vibrat\u00f3rio eletromagn\u00e9tico \u00e9 projetado para opera\u00e7\u00e3o de baixa manuten\u00e7\u00e3o. Inspe\u00e7\u00f5es e limpeza regulares s\u00e3o recomendadas para garantir um desempenho ideal. Nossa equipe fornece orienta\u00e7\u00e3o sobre as melhores pr\u00e1ticas de manuten\u00e7\u00e3o para ajud\u00e1-lo a maximizar a vida \u00fatil do seu alimentador.<\/p>","protected":false},"excerpt":{"rendered":"<p>Aumente a efici\u00eancia do manuseio de materiais com nosso alimentador magn\u00e9tico vibrat\u00f3rio eletromagn\u00e9tico. Projetado com precis\u00e3o para uma opera\u00e7\u00e3o perfeita, garante um fluxo de material consistente e controlado, otimizando seus processos de produ\u00e7\u00e3o sem esfor\u00e7o.<\/p>","protected":false},"featured_media":1816,"comment_status":"open","ping_status":"closed","template":"","meta":[],"product_cat":[38],"product_tag":[],"yoast_head":"<!-- This site is optimized with the Yoast SEO plugin v22.2 - https:\/\/yoast.com\/wordpress\/plugins\/seo\/ -->\n<title>Electromagnetic Vibrating Magnetic Feeder - SWOER<\/title>\n<meta name=\"robots\" content=\"index, follow, max-snippet:-1, max-image-preview:large, max-video-preview:-1\" \/>\n<link rel=\"canonical\" href=\"https:\/\/swoer.com\/pt\/manufacturer\/electromagnetic-vibrating-magnetic-feeder\/\" \/>\n<meta property=\"og:locale\" content=\"pt_PT\" \/>\n<meta property=\"og:type\" content=\"article\" \/>\n<meta property=\"og:title\" content=\"Electromagnetic Vibrating Magnetic Feeder - SWOER\" \/>\n<meta property=\"og:description\" content=\"Elevate your material handling efficiency with our Electromagnetic Vibrating Magnetic Feeder. Precisely engineered for seamless operation, it ensures consistent and controlled material flow, optimizing your production processes effortlessly.\" \/>\n<meta property=\"og:url\" content=\"https:\/\/swoer.com\/pt\/manufacturer\/electromagnetic-vibrating-magnetic-feeder\/\" \/>\n<meta property=\"og:site_name\" content=\"SWOER\" \/>\n<meta property=\"article:modified_time\" content=\"2024-04-02T02:57:02+00:00\" \/>\n<meta property=\"og:image\" content=\"https:\/\/swoer.com\/wp-content\/uploads\/2024\/04\/Electromagnetic-Vibrating-Magnetic-Feeder.webp\" \/>\n\t<meta property=\"og:image:width\" content=\"1000\" \/>\n\t<meta property=\"og:image:height\" content=\"1000\" \/>\n\t<meta property=\"og:image:type\" content=\"image\/webp\" \/>\n<meta name=\"twitter:card\" content=\"summary_large_image\" \/>\n<script type=\"application\/ld+json\" class=\"yoast-schema-graph\">{\"@context\":\"https:\/\/schema.org\",\"@graph\":[{\"@type\":\"WebPage\",\"@id\":\"https:\/\/swoer.com\/manufacturer\/electromagnetic-vibrating-magnetic-feeder\/\",\"url\":\"https:\/\/swoer.com\/manufacturer\/electromagnetic-vibrating-magnetic-feeder\/\",\"name\":\"Electromagnetic Vibrating Magnetic Feeder - SWOER\",\"isPartOf\":{\"@id\":\"https:\/\/swoer.com\/#website\"},\"primaryImageOfPage\":{\"@id\":\"https:\/\/swoer.com\/manufacturer\/electromagnetic-vibrating-magnetic-feeder\/#primaryimage\"},\"image\":{\"@id\":\"https:\/\/swoer.com\/manufacturer\/electromagnetic-vibrating-magnetic-feeder\/#primaryimage\"},\"thumbnailUrl\":\"https:\/\/swoer.com\/wp-content\/uploads\/2024\/04\/Electromagnetic-Vibrating-Magnetic-Feeder.webp\",\"datePublished\":\"2024-04-02T02:41:23+00:00\",\"dateModified\":\"2024-04-02T02:57:02+00:00\",\"breadcrumb\":{\"@id\":\"https:\/\/swoer.com\/manufacturer\/electromagnetic-vibrating-magnetic-feeder\/#breadcrumb\"},\"inLanguage\":\"pt-PT\",\"potentialAction\":[{\"@type\":\"ReadAction\",\"target\":[\"https:\/\/swoer.com\/manufacturer\/electromagnetic-vibrating-magnetic-feeder\/\"]}]},{\"@type\":\"ImageObject\",\"inLanguage\":\"pt-PT\",\"@id\":\"https:\/\/swoer.com\/manufacturer\/electromagnetic-vibrating-magnetic-feeder\/#primaryimage\",\"url\":\"https:\/\/swoer.com\/wp-content\/uploads\/2024\/04\/Electromagnetic-Vibrating-Magnetic-Feeder.webp\",\"contentUrl\":\"https:\/\/swoer.com\/wp-content\/uploads\/2024\/04\/Electromagnetic-Vibrating-Magnetic-Feeder.webp\",\"width\":1000,\"height\":1000,\"caption\":\"Electromagnetic Vibrating Magnetic Feeder\"},{\"@type\":\"BreadcrumbList\",\"@id\":\"https:\/\/swoer.com\/manufacturer\/electromagnetic-vibrating-magnetic-feeder\/#breadcrumb\",\"itemListElement\":[{\"@type\":\"ListItem\",\"position\":1,\"name\":\"Home\",\"item\":\"https:\/\/swoer.com\/\"},{\"@type\":\"ListItem\",\"position\":2,\"name\":\"Shop\",\"item\":\"https:\/\/swoer.com\/shop\/\"},{\"@type\":\"ListItem\",\"position\":3,\"name\":\"Electromagnetic Vibrating Magnetic Feeder\"}]},{\"@type\":\"WebSite\",\"@id\":\"https:\/\/swoer.com\/#website\",\"url\":\"https:\/\/swoer.com\/\",\"name\":\"SWOER\",\"description\":\"Swoer is the top 3 vibratory bowl feeder manufacturer in China\",\"potentialAction\":[{\"@type\":\"SearchAction\",\"target\":{\"@type\":\"EntryPoint\",\"urlTemplate\":\"https:\/\/swoer.com\/?s={search_term_string}\"},\"query-input\":\"required name=search_term_string\"}],\"inLanguage\":\"pt-PT\"}]}<\/script>\n<!-- \/ Yoast SEO plugin. -->","yoast_head_json":{"title":"Electromagnetic Vibrating Magnetic Feeder - SWOER","robots":{"index":"index","follow":"follow","max-snippet":"max-snippet:-1","max-image-preview":"max-image-preview:large","max-video-preview":"max-video-preview:-1"},"canonical":"https:\/\/swoer.com\/pt\/manufacturer\/electromagnetic-vibrating-magnetic-feeder\/","og_locale":"pt_PT","og_type":"article","og_title":"Electromagnetic Vibrating Magnetic Feeder - SWOER","og_description":"Elevate your material handling efficiency with our Electromagnetic Vibrating Magnetic Feeder. Precisely engineered for seamless operation, it ensures consistent and controlled material flow, optimizing your production processes effortlessly.","og_url":"https:\/\/swoer.com\/pt\/manufacturer\/electromagnetic-vibrating-magnetic-feeder\/","og_site_name":"SWOER","article_modified_time":"2024-04-02T02:57:02+00:00","og_image":[{"width":1000,"height":1000,"url":"https:\/\/swoer.com\/wp-content\/uploads\/2024\/04\/Electromagnetic-Vibrating-Magnetic-Feeder.webp","type":"image\/webp"}],"twitter_card":"summary_large_image","schema":{"@context":"https:\/\/schema.org","@graph":[{"@type":"WebPage","@id":"https:\/\/swoer.com\/manufacturer\/electromagnetic-vibrating-magnetic-feeder\/","url":"https:\/\/swoer.com\/manufacturer\/electromagnetic-vibrating-magnetic-feeder\/","name":"Electromagnetic Vibrating Magnetic Feeder - SWOER","isPartOf":{"@id":"https:\/\/swoer.com\/#website"},"primaryImageOfPage":{"@id":"https:\/\/swoer.com\/manufacturer\/electromagnetic-vibrating-magnetic-feeder\/#primaryimage"},"image":{"@id":"https:\/\/swoer.com\/manufacturer\/electromagnetic-vibrating-magnetic-feeder\/#primaryimage"},"thumbnailUrl":"https:\/\/swoer.com\/wp-content\/uploads\/2024\/04\/Electromagnetic-Vibrating-Magnetic-Feeder.webp","datePublished":"2024-04-02T02:41:23+00:00","dateModified":"2024-04-02T02:57:02+00:00","breadcrumb":{"@id":"https:\/\/swoer.com\/manufacturer\/electromagnetic-vibrating-magnetic-feeder\/#breadcrumb"},"inLanguage":"pt-PT","potentialAction":[{"@type":"ReadAction","target":["https:\/\/swoer.com\/manufacturer\/electromagnetic-vibrating-magnetic-feeder\/"]}]},{"@type":"ImageObject","inLanguage":"pt-PT","@id":"https:\/\/swoer.com\/manufacturer\/electromagnetic-vibrating-magnetic-feeder\/#primaryimage","url":"https:\/\/swoer.com\/wp-content\/uploads\/2024\/04\/Electromagnetic-Vibrating-Magnetic-Feeder.webp","contentUrl":"https:\/\/swoer.com\/wp-content\/uploads\/2024\/04\/Electromagnetic-Vibrating-Magnetic-Feeder.webp","width":1000,"height":1000,"caption":"Electromagnetic Vibrating Magnetic Feeder"},{"@type":"BreadcrumbList","@id":"https:\/\/swoer.com\/manufacturer\/electromagnetic-vibrating-magnetic-feeder\/#breadcrumb","itemListElement":[{"@type":"ListItem","position":1,"name":"Home","item":"https:\/\/swoer.com\/"},{"@type":"ListItem","position":2,"name":"Shop","item":"https:\/\/swoer.com\/shop\/"},{"@type":"ListItem","position":3,"name":"Electromagnetic Vibrating Magnetic Feeder"}]},{"@type":"WebSite","@id":"https:\/\/swoer.com\/#website","url":"https:\/\/swoer.com\/","name":"SWOER","description":"Swoer is the top 3 vibratory bowl feeder manufacturer in China","potentialAction":[{"@type":"SearchAction","target":{"@type":"EntryPoint","urlTemplate":"https:\/\/swoer.com\/?s={search_term_string}"},"query-input":"required name=search_term_string"}],"inLanguage":"pt-PT"}]}},"_links":{"self":[{"href":"https:\/\/swoer.com\/pt\/wp-json\/wp\/v2\/product\/1815"}],"collection":[{"href":"https:\/\/swoer.com\/pt\/wp-json\/wp\/v2\/product"}],"about":[{"href":"https:\/\/swoer.com\/pt\/wp-json\/wp\/v2\/types\/product"}],"replies":[{"embeddable":true,"href":"https:\/\/swoer.com\/pt\/wp-json\/wp\/v2\/comments?post=1815"}],"wp:featuredmedia":[{"embeddable":true,"href":"https:\/\/swoer.com\/pt\/wp-json\/wp\/v2\/media\/1816"}],"wp:attachment":[{"href":"https:\/\/swoer.com\/pt\/wp-json\/wp\/v2\/media?parent=1815"}],"wp:term":[{"taxonomy":"product_cat","embeddable":true,"href":"https:\/\/swoer.com\/pt\/wp-json\/wp\/v2\/product_cat?post=1815"},{"taxonomy":"product_tag","embeddable":true,"href":"https:\/\/swoer.com\/pt\/wp-json\/wp\/v2\/product_tag?post=1815"}],"curies":[{"name":"wp","href":"https:\/\/api.w.org\/{rel}","templated":true}]}}