{"id":1806,"date":"2024-04-02T01:56:57","date_gmt":"2024-04-02T01:56:57","guid":{"rendered":"https:\/\/lightgrey-porpoise-816575.hostingersite.com\/?post_type=product&#038;p=1806"},"modified":"2024-04-02T02:06:28","modified_gmt":"2024-04-02T02:06:28","slug":"hopper-elevator-conveyor-automation","status":"publish","type":"product","link":"https:\/\/swoer.com\/pt\/manufacturer\/hopper-elevator-conveyor-automation\/","title":{"rendered":"Automa\u00e7\u00e3o do transportador do elevador de tremonha"},"content":{"rendered":"<p>Experimente efici\u00eancia cont\u00ednua no manuseio de materiais com nossa solu\u00e7\u00e3o de ponta de automa\u00e7\u00e3o de transportadores de elevadores de funil. Projetado para oferecer confiabilidade e precis\u00e3o, nosso sistema otimiza o fluxo de trabalho transferindo materiais perfeitamente entre v\u00e1rios est\u00e1gios de produ\u00e7\u00e3o. Projetado com tecnologia pneum\u00e1tica avan\u00e7ada, garante movimento vertical suave e eficiente, aumentando a produtividade e minimizando o tempo de inatividade. Confie em nossa experi\u00eancia para agilizar suas opera\u00e7\u00f5es e elevar suas capacidades de produ\u00e7\u00e3o.<\/p>\n<h2>Descri\u00e7\u00e3o:<\/h2>\n<table style=\"border-collapse: collapse; width: 464.27pt;\" border=\"0\" width=\"619\" cellspacing=\"0\" cellpadding=\"0\">\n<tbody>\n<tr style=\"height: 32.00pt;\">\n<td class=\"et3\" style=\"height: 32.00pt; width: 145.50pt;\" width=\"194\" height=\"42\">Nome do Produto<\/td>\n<td class=\"et4\" style=\"width: 318.75pt;\" width=\"425\">Automa\u00e7\u00e3o do transportador do elevador de tremonha<\/td>\n<\/tr>\n<tr style=\"height: 32.00pt;\">\n<td class=\"et3\" style=\"height: 32.00pt;\" height=\"42\">Marca<\/td>\n<td class=\"et4\">SWOER<\/td>\n<\/tr>\n<tr style=\"height: 32.00pt;\">\n<td class=\"et3\" style=\"height: 32.00pt;\" height=\"42\">Dimens\u00e3o (C*L*A)<\/td>\n<td class=\"et4\">2200*1000*1500mm<\/td>\n<\/tr>\n<tr style=\"height: 32.00pt;\">\n<td class=\"et3\" style=\"height: 32.00pt;\" height=\"42\">Peso<\/td>\n<td class=\"et4\">120kg<\/td>\n<\/tr>\n<tr style=\"height: 32.00pt;\">\n<td class=\"et3\" style=\"height: 32.00pt;\" height=\"42\">Cor<\/td>\n<td class=\"et4\">Requisitos do cliente<\/td>\n<\/tr>\n<tr style=\"height: 32.00pt;\">\n<td class=\"et3\" style=\"height: 32.00pt;\" height=\"42\">Capacidade (t\/h)<\/td>\n<td class=\"et4\">0,1-6t\/h<\/td>\n<\/tr>\n<tr style=\"height: 32.00pt;\">\n<td class=\"et3\" style=\"height: 32.00pt;\" height=\"42\">Tens\u00e3o<\/td>\n<td class=\"et4\">85-260V<\/td>\n<\/tr>\n<tr style=\"height: 32.00pt;\">\n<td class=\"et3\" style=\"height: 32.00pt;\" height=\"42\">Frequ\u00eancia<\/td>\n<td class=\"et4\">40-400Hz<\/td>\n<\/tr>\n<tr style=\"height: 32.00pt;\">\n<td class=\"et3\" style=\"height: 32.00pt;\" height=\"42\">garantia<\/td>\n<td class=\"et4\">1 ano<\/td>\n<\/tr>\n<tr style=\"height: 32.00pt;\">\n<td class=\"et3\" style=\"height: 32.00pt;\" height=\"42\">Quantidade m\u00ednima<\/td>\n<td class=\"et4\">1 conjunto<\/td>\n<\/tr>\n<tr style=\"height: 32.00pt;\">\n<td class=\"et3\" style=\"height: 32.00pt;\" height=\"42\">Tempo de espera<\/td>\n<td class=\"et4\">7 a 10 dias<\/td>\n<\/tr>\n<tr style=\"height: 32.00pt;\">\n<td class=\"et3\" style=\"height: 32.00pt;\" height=\"42\">7 a 10 dias<\/td>\n<td class=\"et4\">Caixa de contraplacado<\/td>\n<\/tr>\n<tr style=\"height: 32.00pt;\">\n<td class=\"et3\" style=\"height: 32.00pt;\" height=\"42\">Termo de pagamento<\/td>\n<td class=\"et4\">Dep\u00f3sito e saldo T\/T 40% antes do envio<\/td>\n<\/tr>\n<tr style=\"height: 32.00pt;\">\n<td class=\"et3\" style=\"height: 32.00pt;\" height=\"42\">Lugar de origem<\/td>\n<td class=\"et4\">Cant\u00e3o, China<\/td>\n<\/tr>\n<\/tbody>\n<\/table>\n<h2>PERGUNTAS FREQUENTES:<\/h2>\n\t<div id=\"gap-1395410126\" class=\"gap-element clearfix\" style=\"display:block; height:auto;\">\n\t\t\n<style>\n#gap-1395410126 {\n  padding-top: 30px;\n}\n<\/style>\n\t<\/div>\n\t\n<p><strong>1. Como a Automa\u00e7\u00e3o do Transportador do Elevador Hopper aumenta a produtividade?<\/strong><\/p>\n<p>Nossa automa\u00e7\u00e3o de transportador de elevador de funil agiliza os processos de manuseio de materiais, garantindo uma transfer\u00eancia perfeita entre os est\u00e1gios de produ\u00e7\u00e3o. Ao automatizar essas tarefas, elimina gargalos, reduz o trabalho manual e otimiza a efici\u00eancia do fluxo de trabalho, aumentando, em \u00faltima an\u00e1lise, a produtividade geral.<\/p>\n<p><strong>2. O sistema \u00e9 confi\u00e1vel e dur\u00e1vel para opera\u00e7\u00e3o cont\u00ednua?<\/strong><\/p>\n<p>Absolutamente. Projetado com componentes robustos e tecnologia de automa\u00e7\u00e3o avan\u00e7ada, nosso sistema Hopper Elevator Conveyor foi constru\u00eddo para resistir a ambientes industriais rigorosos. Da produ\u00e7\u00e3o em alto volume \u00e0 opera\u00e7\u00e3o 24 horas por dia, 7 dias por semana, a confiabilidade est\u00e1 no centro do nosso projeto, garantindo desempenho ininterrupto.<\/p>\n<p><strong>3. O sistema pode ser personalizado para atender a requisitos espec\u00edficos de produ\u00e7\u00e3o?<\/strong><\/p>\n<p>Sim, flexibilidade \u00e9 fundamental. Entendemos que cada instala\u00e7\u00e3o de produ\u00e7\u00e3o tem necessidades \u00fanicas. Nossa automa\u00e7\u00e3o de transportador de elevador de tremonha pode ser adaptada para acomodar v\u00e1rios tipos de materiais, layouts de produ\u00e7\u00e3o e demandas de produ\u00e7\u00e3o. Quer voc\u00ea precise de dimens\u00f5es espec\u00edficas, ajustes de velocidade ou integra\u00e7\u00e3o com sistemas existentes, oferecemos solu\u00e7\u00f5es personaliz\u00e1veis para atender exatamente \u00e0s suas necessidades.<\/p>\n<p><strong>4. Como o sistema de automa\u00e7\u00e3o contribui para a seguran\u00e7a do trabalhador?<\/strong><\/p>\n<p>A seguran\u00e7a \u00e9 fundamental em qualquer ambiente de produ\u00e7\u00e3o. Nossa automa\u00e7\u00e3o do transportador do elevador de tremonha reduz a necessidade de tarefas manuais de manuseio de materiais, minimizando o risco de acidentes no local de trabalho e les\u00f5es por esfor\u00e7os repetitivos. Ao automatizar estes processos, cria-se um ambiente de trabalho mais seguro para a sua equipa, permitindo-lhes concentrar-se em tarefas mais qualificadas e de valor acrescentado.<\/p>\n<p><strong>5. Que tipo de suporte t\u00e9cnico e servi\u00e7os de manuten\u00e7\u00e3o voc\u00ea oferece?<\/strong><\/p>\n<p>Priorizamos a satisfa\u00e7\u00e3o do cliente e o sucesso a longo prazo. Nossa equipe de especialistas oferece suporte t\u00e9cnico abrangente e servi\u00e7os de manuten\u00e7\u00e3o para garantir o bom funcionamento do seu sistema Hopper Elevator Conveyor. Desde a instala\u00e7\u00e3o inicial e treinamento at\u00e9 a manuten\u00e7\u00e3o cont\u00ednua e solu\u00e7\u00e3o de problemas, temos o compromisso de fornecer assist\u00eancia imediata e maximizar o tempo de atividade do seu equipamento.<\/p>","protected":false},"excerpt":{"rendered":"<p>Otimize a produ\u00e7\u00e3o com nossa Automa\u00e7\u00e3o de Transportador de Elevador de Funil. Manuseio eficiente de materiais e fluxo de trabalho cont\u00ednuo. Confie em nossa experi\u00eancia para aumentar a produtividade.<\/p>","protected":false},"featured_media":1807,"comment_status":"open","ping_status":"closed","template":"","meta":[],"product_cat":[38],"product_tag":[],"yoast_head":"<!-- This site is optimized with the Yoast SEO plugin v22.2 - https:\/\/yoast.com\/wordpress\/plugins\/seo\/ -->\n<title>Hopper Elevator Conveyor Automation - SWOER<\/title>\n<meta name=\"robots\" content=\"index, follow, max-snippet:-1, max-image-preview:large, max-video-preview:-1\" \/>\n<link rel=\"canonical\" href=\"https:\/\/swoer.com\/pt\/manufacturer\/hopper-elevator-conveyor-automation\/\" \/>\n<meta property=\"og:locale\" content=\"pt_PT\" \/>\n<meta property=\"og:type\" content=\"article\" \/>\n<meta property=\"og:title\" content=\"Hopper Elevator Conveyor Automation - SWOER\" \/>\n<meta property=\"og:description\" content=\"Optimize production with our Hopper Elevator Conveyor Automation. Efficient material handling, and seamless workflow. Trust our expertise to boost productivity.\" \/>\n<meta property=\"og:url\" content=\"https:\/\/swoer.com\/pt\/manufacturer\/hopper-elevator-conveyor-automation\/\" \/>\n<meta property=\"og:site_name\" content=\"SWOER\" \/>\n<meta property=\"article:modified_time\" content=\"2024-04-02T02:06:28+00:00\" \/>\n<meta property=\"og:image\" content=\"https:\/\/swoer.com\/wp-content\/uploads\/2024\/04\/Hopper-Elevator-Conveyor-Automation.webp\" \/>\n\t<meta property=\"og:image:width\" content=\"1000\" \/>\n\t<meta property=\"og:image:height\" content=\"1000\" \/>\n\t<meta property=\"og:image:type\" content=\"image\/webp\" \/>\n<meta name=\"twitter:card\" content=\"summary_large_image\" \/>\n<meta name=\"twitter:label1\" content=\"Tempo estimado de leitura\" \/>\n\t<meta name=\"twitter:data1\" content=\"1 minuto\" \/>\n<script type=\"application\/ld+json\" class=\"yoast-schema-graph\">{\"@context\":\"https:\/\/schema.org\",\"@graph\":[{\"@type\":\"WebPage\",\"@id\":\"https:\/\/swoer.com\/manufacturer\/hopper-elevator-conveyor-automation\/\",\"url\":\"https:\/\/swoer.com\/manufacturer\/hopper-elevator-conveyor-automation\/\",\"name\":\"Hopper Elevator Conveyor Automation - SWOER\",\"isPartOf\":{\"@id\":\"https:\/\/swoer.com\/#website\"},\"primaryImageOfPage\":{\"@id\":\"https:\/\/swoer.com\/manufacturer\/hopper-elevator-conveyor-automation\/#primaryimage\"},\"image\":{\"@id\":\"https:\/\/swoer.com\/manufacturer\/hopper-elevator-conveyor-automation\/#primaryimage\"},\"thumbnailUrl\":\"https:\/\/swoer.com\/wp-content\/uploads\/2024\/04\/Hopper-Elevator-Conveyor-Automation.webp\",\"datePublished\":\"2024-04-02T01:56:57+00:00\",\"dateModified\":\"2024-04-02T02:06:28+00:00\",\"breadcrumb\":{\"@id\":\"https:\/\/swoer.com\/manufacturer\/hopper-elevator-conveyor-automation\/#breadcrumb\"},\"inLanguage\":\"pt-PT\",\"potentialAction\":[{\"@type\":\"ReadAction\",\"target\":[\"https:\/\/swoer.com\/manufacturer\/hopper-elevator-conveyor-automation\/\"]}]},{\"@type\":\"ImageObject\",\"inLanguage\":\"pt-PT\",\"@id\":\"https:\/\/swoer.com\/manufacturer\/hopper-elevator-conveyor-automation\/#primaryimage\",\"url\":\"https:\/\/swoer.com\/wp-content\/uploads\/2024\/04\/Hopper-Elevator-Conveyor-Automation.webp\",\"contentUrl\":\"https:\/\/swoer.com\/wp-content\/uploads\/2024\/04\/Hopper-Elevator-Conveyor-Automation.webp\",\"width\":1000,\"height\":1000,\"caption\":\"Hopper Elevator Conveyor Automation\"},{\"@type\":\"BreadcrumbList\",\"@id\":\"https:\/\/swoer.com\/manufacturer\/hopper-elevator-conveyor-automation\/#breadcrumb\",\"itemListElement\":[{\"@type\":\"ListItem\",\"position\":1,\"name\":\"Home\",\"item\":\"https:\/\/swoer.com\/\"},{\"@type\":\"ListItem\",\"position\":2,\"name\":\"Shop\",\"item\":\"https:\/\/swoer.com\/shop\/\"},{\"@type\":\"ListItem\",\"position\":3,\"name\":\"Hopper Elevator Conveyor Automation\"}]},{\"@type\":\"WebSite\",\"@id\":\"https:\/\/swoer.com\/#website\",\"url\":\"https:\/\/swoer.com\/\",\"name\":\"SWOER\",\"description\":\"Swoer is the top 3 vibratory bowl feeder manufacturer in China\",\"potentialAction\":[{\"@type\":\"SearchAction\",\"target\":{\"@type\":\"EntryPoint\",\"urlTemplate\":\"https:\/\/swoer.com\/?s={search_term_string}\"},\"query-input\":\"required name=search_term_string\"}],\"inLanguage\":\"pt-PT\"}]}<\/script>\n<!-- \/ Yoast SEO plugin. -->","yoast_head_json":{"title":"Hopper Elevator Conveyor Automation - SWOER","robots":{"index":"index","follow":"follow","max-snippet":"max-snippet:-1","max-image-preview":"max-image-preview:large","max-video-preview":"max-video-preview:-1"},"canonical":"https:\/\/swoer.com\/pt\/manufacturer\/hopper-elevator-conveyor-automation\/","og_locale":"pt_PT","og_type":"article","og_title":"Hopper Elevator Conveyor Automation - SWOER","og_description":"Optimize production with our Hopper Elevator Conveyor Automation. Efficient material handling, and seamless workflow. Trust our expertise to boost productivity.","og_url":"https:\/\/swoer.com\/pt\/manufacturer\/hopper-elevator-conveyor-automation\/","og_site_name":"SWOER","article_modified_time":"2024-04-02T02:06:28+00:00","og_image":[{"width":1000,"height":1000,"url":"https:\/\/swoer.com\/wp-content\/uploads\/2024\/04\/Hopper-Elevator-Conveyor-Automation.webp","type":"image\/webp"}],"twitter_card":"summary_large_image","twitter_misc":{"Tempo estimado de leitura":"1 minuto"},"schema":{"@context":"https:\/\/schema.org","@graph":[{"@type":"WebPage","@id":"https:\/\/swoer.com\/manufacturer\/hopper-elevator-conveyor-automation\/","url":"https:\/\/swoer.com\/manufacturer\/hopper-elevator-conveyor-automation\/","name":"Hopper Elevator Conveyor Automation - SWOER","isPartOf":{"@id":"https:\/\/swoer.com\/#website"},"primaryImageOfPage":{"@id":"https:\/\/swoer.com\/manufacturer\/hopper-elevator-conveyor-automation\/#primaryimage"},"image":{"@id":"https:\/\/swoer.com\/manufacturer\/hopper-elevator-conveyor-automation\/#primaryimage"},"thumbnailUrl":"https:\/\/swoer.com\/wp-content\/uploads\/2024\/04\/Hopper-Elevator-Conveyor-Automation.webp","datePublished":"2024-04-02T01:56:57+00:00","dateModified":"2024-04-02T02:06:28+00:00","breadcrumb":{"@id":"https:\/\/swoer.com\/manufacturer\/hopper-elevator-conveyor-automation\/#breadcrumb"},"inLanguage":"pt-PT","potentialAction":[{"@type":"ReadAction","target":["https:\/\/swoer.com\/manufacturer\/hopper-elevator-conveyor-automation\/"]}]},{"@type":"ImageObject","inLanguage":"pt-PT","@id":"https:\/\/swoer.com\/manufacturer\/hopper-elevator-conveyor-automation\/#primaryimage","url":"https:\/\/swoer.com\/wp-content\/uploads\/2024\/04\/Hopper-Elevator-Conveyor-Automation.webp","contentUrl":"https:\/\/swoer.com\/wp-content\/uploads\/2024\/04\/Hopper-Elevator-Conveyor-Automation.webp","width":1000,"height":1000,"caption":"Hopper Elevator Conveyor Automation"},{"@type":"BreadcrumbList","@id":"https:\/\/swoer.com\/manufacturer\/hopper-elevator-conveyor-automation\/#breadcrumb","itemListElement":[{"@type":"ListItem","position":1,"name":"Home","item":"https:\/\/swoer.com\/"},{"@type":"ListItem","position":2,"name":"Shop","item":"https:\/\/swoer.com\/shop\/"},{"@type":"ListItem","position":3,"name":"Hopper Elevator Conveyor Automation"}]},{"@type":"WebSite","@id":"https:\/\/swoer.com\/#website","url":"https:\/\/swoer.com\/","name":"SWOER","description":"Swoer is the top 3 vibratory bowl feeder manufacturer in China","potentialAction":[{"@type":"SearchAction","target":{"@type":"EntryPoint","urlTemplate":"https:\/\/swoer.com\/?s={search_term_string}"},"query-input":"required name=search_term_string"}],"inLanguage":"pt-PT"}]}},"_links":{"self":[{"href":"https:\/\/swoer.com\/pt\/wp-json\/wp\/v2\/product\/1806"}],"collection":[{"href":"https:\/\/swoer.com\/pt\/wp-json\/wp\/v2\/product"}],"about":[{"href":"https:\/\/swoer.com\/pt\/wp-json\/wp\/v2\/types\/product"}],"replies":[{"embeddable":true,"href":"https:\/\/swoer.com\/pt\/wp-json\/wp\/v2\/comments?post=1806"}],"wp:featuredmedia":[{"embeddable":true,"href":"https:\/\/swoer.com\/pt\/wp-json\/wp\/v2\/media\/1807"}],"wp:attachment":[{"href":"https:\/\/swoer.com\/pt\/wp-json\/wp\/v2\/media?parent=1806"}],"wp:term":[{"taxonomy":"product_cat","embeddable":true,"href":"https:\/\/swoer.com\/pt\/wp-json\/wp\/v2\/product_cat?post=1806"},{"taxonomy":"product_tag","embeddable":true,"href":"https:\/\/swoer.com\/pt\/wp-json\/wp\/v2\/product_tag?post=1806"}],"curies":[{"name":"wp","href":"https:\/\/api.w.org\/{rel}","templated":true}]}}