{"id":1788,"date":"2024-04-01T03:37:02","date_gmt":"2024-04-01T03:37:02","guid":{"rendered":"https:\/\/lightgrey-porpoise-816575.hostingersite.com\/?post_type=product&#038;p=1788"},"modified":"2024-04-01T03:40:52","modified_gmt":"2024-04-01T03:40:52","slug":"bottle-centrifugal-feeder","status":"publish","type":"product","link":"https:\/\/swoer.com\/pt\/manufacturer\/bottle-centrifugal-feeder\/","title":{"rendered":"Alimentador Centr\u00edfugo de Garrafa"},"content":{"rendered":"<p>Aprimore suas opera\u00e7\u00f5es de manuseio de garrafas com nossas solu\u00e7\u00f5es de alimenta\u00e7\u00e3o centr\u00edfuga de n\u00edvel profissional. Beneficie-se de configura\u00e7\u00f5es de velocidade personaliz\u00e1veis, adaptadas \u00e0s suas necessidades espec\u00edficas. Fornecemos modelos CAD 3D detalhados para integra\u00e7\u00e3o perfeita ao seu fluxo de trabalho, garantindo confiabilidade em cada etapa. Confie em nossa experi\u00eancia para fornecer solu\u00e7\u00f5es de alimenta\u00e7\u00e3o com mamadeira eficientes e confi\u00e1veis.<\/p>\n<h2>Descri\u00e7\u00e3o:<\/h2>\n<table style=\"border-collapse: collapse; width: 488.27pt;\" border=\"0\" width=\"651\" cellspacing=\"0\" cellpadding=\"0\">\n<tbody>\n<tr style=\"height: 30.00pt;\">\n<td class=\"et3\" style=\"height: 30.00pt; width: 210.75pt;\" width=\"281\" height=\"40\">Nome<\/td>\n<td class=\"et3\" style=\"width: 277.50pt;\" width=\"370\">Alimentador Centr\u00edfugo de Garrafa<\/td>\n<\/tr>\n<tr style=\"height: 29.00pt;\">\n<td class=\"et3\" style=\"height: 29.00pt;\" height=\"38\">Marca<\/td>\n<td class=\"et3\">SWOER<\/td>\n<\/tr>\n<tr style=\"height: 25.00pt;\">\n<td class=\"et3\" style=\"height: 25.00pt;\" height=\"33\">Material<\/td>\n<td class=\"et3\">SUS304, Pl\u00e1stico<\/td>\n<\/tr>\n<tr style=\"height: 30.00pt;\">\n<td class=\"et3\" style=\"height: 30.00pt;\" height=\"40\">Tamanho<\/td>\n<td class=\"et3\">Personalizado<\/td>\n<\/tr>\n<tr style=\"height: 30.00pt;\">\n<td class=\"et3\" style=\"height: 30.00pt;\" height=\"40\">Fun\u00e7\u00e3o<\/td>\n<td class=\"et3\">Material de transporte<\/td>\n<\/tr>\n<tr style=\"height: 30.00pt;\">\n<td class=\"et3\" style=\"height: 30.00pt;\" height=\"40\">Uso<\/td>\n<td class=\"et3\">Classificar, contar<\/td>\n<\/tr>\n<tr style=\"height: 28.00pt;\">\n<td class=\"et3\" style=\"height: 28.00pt;\" height=\"37\">Vantagem<\/td>\n<td class=\"et3\">Economize recursos humanos<\/td>\n<\/tr>\n<tr style=\"height: 32.00pt;\">\n<td class=\"et3\" style=\"height: 32.00pt;\" height=\"42\">Tipo de m\u00e1quina<\/td>\n<td class=\"et3\">Conjunto completo<\/td>\n<\/tr>\n<tr style=\"height: 29.00pt;\">\n<td class=\"et3\" style=\"height: 29.00pt;\" height=\"38\">Item<\/td>\n<td class=\"et3\">Equipamento autom\u00e1tico<\/td>\n<\/tr>\n<tr style=\"height: 33.00pt;\">\n<td class=\"et3\" style=\"height: 33.00pt;\" height=\"44\">Ind\u00fastrias Aplic\u00e1veis<\/td>\n<td class=\"et3\">F\u00e1brica, Fazendas, Industrial<\/td>\n<\/tr>\n<tr style=\"height: 31.00pt;\">\n<td class=\"et3\" style=\"height: 31.00pt;\" height=\"41\">Servi\u00e7o p\u00f3s-venda fornecido<\/td>\n<td class=\"et3\">Suporte t\u00e9cnico de v\u00eddeo, suporte on-line<\/td>\n<\/tr>\n<\/tbody>\n<\/table>","protected":false},"excerpt":{"rendered":"<p>Nosso alimentador centr\u00edfugo garante um manuseio confi\u00e1vel de garrafas. Velocidades personaliz\u00e1veis atendem \u00e0s suas necessidades, com modelo CAD 3D detalhado para integra\u00e7\u00e3o perfeita. Confie em nossa experi\u00eancia para solu\u00e7\u00f5es eficientes.<\/p>","protected":false},"featured_media":1789,"comment_status":"open","ping_status":"closed","template":"","meta":[],"product_cat":[36],"product_tag":[],"yoast_head":"<!-- This site is optimized with the Yoast SEO plugin v22.2 - https:\/\/yoast.com\/wordpress\/plugins\/seo\/ -->\n<title>Bottle Centrifugal Feeder - SWOER<\/title>\n<meta name=\"robots\" content=\"index, follow, max-snippet:-1, max-image-preview:large, max-video-preview:-1\" \/>\n<link rel=\"canonical\" href=\"https:\/\/swoer.com\/pt\/manufacturer\/bottle-centrifugal-feeder\/\" \/>\n<meta property=\"og:locale\" content=\"pt_PT\" \/>\n<meta property=\"og:type\" content=\"article\" \/>\n<meta property=\"og:title\" content=\"Bottle Centrifugal Feeder - SWOER\" \/>\n<meta property=\"og:description\" content=\"Our centrifugal feeder ensures reliable bottle handling. Customizable speeds meet your needs, with detailed 3D CAD model for seamless integration. Trust our expertise for efficient solutions.\" \/>\n<meta property=\"og:url\" content=\"https:\/\/swoer.com\/pt\/manufacturer\/bottle-centrifugal-feeder\/\" \/>\n<meta property=\"og:site_name\" content=\"SWOER\" \/>\n<meta property=\"article:modified_time\" content=\"2024-04-01T03:40:52+00:00\" \/>\n<meta property=\"og:image\" content=\"https:\/\/swoer.com\/wp-content\/uploads\/2024\/04\/bottle-centrifugal-feeder.webp\" \/>\n\t<meta property=\"og:image:width\" content=\"1000\" \/>\n\t<meta property=\"og:image:height\" content=\"1000\" \/>\n\t<meta property=\"og:image:type\" content=\"image\/webp\" \/>\n<meta name=\"twitter:card\" content=\"summary_large_image\" \/>\n<meta name=\"twitter:label1\" content=\"Tempo estimado de leitura\" \/>\n\t<meta name=\"twitter:data1\" content=\"1 minuto\" \/>\n<script type=\"application\/ld+json\" class=\"yoast-schema-graph\">{\"@context\":\"https:\/\/schema.org\",\"@graph\":[{\"@type\":\"WebPage\",\"@id\":\"https:\/\/swoer.com\/manufacturer\/bottle-centrifugal-feeder\/\",\"url\":\"https:\/\/swoer.com\/manufacturer\/bottle-centrifugal-feeder\/\",\"name\":\"Bottle Centrifugal Feeder - SWOER\",\"isPartOf\":{\"@id\":\"https:\/\/swoer.com\/#website\"},\"primaryImageOfPage\":{\"@id\":\"https:\/\/swoer.com\/manufacturer\/bottle-centrifugal-feeder\/#primaryimage\"},\"image\":{\"@id\":\"https:\/\/swoer.com\/manufacturer\/bottle-centrifugal-feeder\/#primaryimage\"},\"thumbnailUrl\":\"https:\/\/swoer.com\/wp-content\/uploads\/2024\/04\/bottle-centrifugal-feeder.webp\",\"datePublished\":\"2024-04-01T03:37:02+00:00\",\"dateModified\":\"2024-04-01T03:40:52+00:00\",\"breadcrumb\":{\"@id\":\"https:\/\/swoer.com\/manufacturer\/bottle-centrifugal-feeder\/#breadcrumb\"},\"inLanguage\":\"pt-PT\",\"potentialAction\":[{\"@type\":\"ReadAction\",\"target\":[\"https:\/\/swoer.com\/manufacturer\/bottle-centrifugal-feeder\/\"]}]},{\"@type\":\"ImageObject\",\"inLanguage\":\"pt-PT\",\"@id\":\"https:\/\/swoer.com\/manufacturer\/bottle-centrifugal-feeder\/#primaryimage\",\"url\":\"https:\/\/swoer.com\/wp-content\/uploads\/2024\/04\/bottle-centrifugal-feeder.webp\",\"contentUrl\":\"https:\/\/swoer.com\/wp-content\/uploads\/2024\/04\/bottle-centrifugal-feeder.webp\",\"width\":1000,\"height\":1000,\"caption\":\"bottle centrifugal feeder\"},{\"@type\":\"BreadcrumbList\",\"@id\":\"https:\/\/swoer.com\/manufacturer\/bottle-centrifugal-feeder\/#breadcrumb\",\"itemListElement\":[{\"@type\":\"ListItem\",\"position\":1,\"name\":\"Home\",\"item\":\"https:\/\/swoer.com\/\"},{\"@type\":\"ListItem\",\"position\":2,\"name\":\"Shop\",\"item\":\"https:\/\/swoer.com\/shop\/\"},{\"@type\":\"ListItem\",\"position\":3,\"name\":\"Bottle Centrifugal Feeder\"}]},{\"@type\":\"WebSite\",\"@id\":\"https:\/\/swoer.com\/#website\",\"url\":\"https:\/\/swoer.com\/\",\"name\":\"SWOER\",\"description\":\"Swoer is the top 3 vibratory bowl feeder manufacturer in China\",\"potentialAction\":[{\"@type\":\"SearchAction\",\"target\":{\"@type\":\"EntryPoint\",\"urlTemplate\":\"https:\/\/swoer.com\/?s={search_term_string}\"},\"query-input\":\"required name=search_term_string\"}],\"inLanguage\":\"pt-PT\"}]}<\/script>\n<!-- \/ Yoast SEO plugin. -->","yoast_head_json":{"title":"Bottle Centrifugal Feeder - SWOER","robots":{"index":"index","follow":"follow","max-snippet":"max-snippet:-1","max-image-preview":"max-image-preview:large","max-video-preview":"max-video-preview:-1"},"canonical":"https:\/\/swoer.com\/pt\/manufacturer\/bottle-centrifugal-feeder\/","og_locale":"pt_PT","og_type":"article","og_title":"Bottle Centrifugal Feeder - SWOER","og_description":"Our centrifugal feeder ensures reliable bottle handling. Customizable speeds meet your needs, with detailed 3D CAD model for seamless integration. Trust our expertise for efficient solutions.","og_url":"https:\/\/swoer.com\/pt\/manufacturer\/bottle-centrifugal-feeder\/","og_site_name":"SWOER","article_modified_time":"2024-04-01T03:40:52+00:00","og_image":[{"width":1000,"height":1000,"url":"https:\/\/swoer.com\/wp-content\/uploads\/2024\/04\/bottle-centrifugal-feeder.webp","type":"image\/webp"}],"twitter_card":"summary_large_image","twitter_misc":{"Tempo estimado de leitura":"1 minuto"},"schema":{"@context":"https:\/\/schema.org","@graph":[{"@type":"WebPage","@id":"https:\/\/swoer.com\/manufacturer\/bottle-centrifugal-feeder\/","url":"https:\/\/swoer.com\/manufacturer\/bottle-centrifugal-feeder\/","name":"Bottle Centrifugal Feeder - SWOER","isPartOf":{"@id":"https:\/\/swoer.com\/#website"},"primaryImageOfPage":{"@id":"https:\/\/swoer.com\/manufacturer\/bottle-centrifugal-feeder\/#primaryimage"},"image":{"@id":"https:\/\/swoer.com\/manufacturer\/bottle-centrifugal-feeder\/#primaryimage"},"thumbnailUrl":"https:\/\/swoer.com\/wp-content\/uploads\/2024\/04\/bottle-centrifugal-feeder.webp","datePublished":"2024-04-01T03:37:02+00:00","dateModified":"2024-04-01T03:40:52+00:00","breadcrumb":{"@id":"https:\/\/swoer.com\/manufacturer\/bottle-centrifugal-feeder\/#breadcrumb"},"inLanguage":"pt-PT","potentialAction":[{"@type":"ReadAction","target":["https:\/\/swoer.com\/manufacturer\/bottle-centrifugal-feeder\/"]}]},{"@type":"ImageObject","inLanguage":"pt-PT","@id":"https:\/\/swoer.com\/manufacturer\/bottle-centrifugal-feeder\/#primaryimage","url":"https:\/\/swoer.com\/wp-content\/uploads\/2024\/04\/bottle-centrifugal-feeder.webp","contentUrl":"https:\/\/swoer.com\/wp-content\/uploads\/2024\/04\/bottle-centrifugal-feeder.webp","width":1000,"height":1000,"caption":"bottle centrifugal feeder"},{"@type":"BreadcrumbList","@id":"https:\/\/swoer.com\/manufacturer\/bottle-centrifugal-feeder\/#breadcrumb","itemListElement":[{"@type":"ListItem","position":1,"name":"Home","item":"https:\/\/swoer.com\/"},{"@type":"ListItem","position":2,"name":"Shop","item":"https:\/\/swoer.com\/shop\/"},{"@type":"ListItem","position":3,"name":"Bottle Centrifugal Feeder"}]},{"@type":"WebSite","@id":"https:\/\/swoer.com\/#website","url":"https:\/\/swoer.com\/","name":"SWOER","description":"Swoer is the top 3 vibratory bowl feeder manufacturer in China","potentialAction":[{"@type":"SearchAction","target":{"@type":"EntryPoint","urlTemplate":"https:\/\/swoer.com\/?s={search_term_string}"},"query-input":"required name=search_term_string"}],"inLanguage":"pt-PT"}]}},"_links":{"self":[{"href":"https:\/\/swoer.com\/pt\/wp-json\/wp\/v2\/product\/1788"}],"collection":[{"href":"https:\/\/swoer.com\/pt\/wp-json\/wp\/v2\/product"}],"about":[{"href":"https:\/\/swoer.com\/pt\/wp-json\/wp\/v2\/types\/product"}],"replies":[{"embeddable":true,"href":"https:\/\/swoer.com\/pt\/wp-json\/wp\/v2\/comments?post=1788"}],"wp:featuredmedia":[{"embeddable":true,"href":"https:\/\/swoer.com\/pt\/wp-json\/wp\/v2\/media\/1789"}],"wp:attachment":[{"href":"https:\/\/swoer.com\/pt\/wp-json\/wp\/v2\/media?parent=1788"}],"wp:term":[{"taxonomy":"product_cat","embeddable":true,"href":"https:\/\/swoer.com\/pt\/wp-json\/wp\/v2\/product_cat?post=1788"},{"taxonomy":"product_tag","embeddable":true,"href":"https:\/\/swoer.com\/pt\/wp-json\/wp\/v2\/product_tag?post=1788"}],"curies":[{"name":"wp","href":"https:\/\/api.w.org\/{rel}","templated":true}]}}