{"id":1754,"date":"2024-03-30T06:40:49","date_gmt":"2024-03-30T06:40:49","guid":{"rendered":"https:\/\/lightgrey-porpoise-816575.hostingersite.com\/?post_type=product&#038;p=1754"},"modified":"2025-02-07T16:49:43","modified_gmt":"2025-02-07T08:49:43","slug":"flexible-feeder-system-sw-340","status":"publish","type":"product","link":"https:\/\/swoer.com\/pt\/manufacturer\/flexible-feeder-system-sw-340\/","title":{"rendered":"Sistema Alimentador Flex\u00edvel SW-340"},"content":{"rendered":"<p>A SWOER se destaca na produ\u00e7\u00e3o de Sistemas Alimentadores Flex\u00edveis, oferecendo solu\u00e7\u00f5es sob medida que se alinham com precis\u00e3o tanto \u00e0s caracter\u00edsticas \u00fanicas das pe\u00e7as quanto aos requisitos espec\u00edficos dos clientes. Garantimos acessibilidade com nosso compromisso com pre\u00e7os de f\u00e1brica competitivos sem comprometer a qualidade. Al\u00e9m disso, nossos sistemas integram-se perfeitamente com rob\u00f4s e vis\u00e3o CCD, elevando a efici\u00eancia e a precis\u00e3o da produ\u00e7\u00e3o a n\u00edveis incompar\u00e1veis. Confie na SWOER para solu\u00e7\u00f5es confi\u00e1veis e inovadoras que atendem perfeitamente \u00e0s suas necessidades e or\u00e7amento.<\/p>\n\t<div id=\"gap-1836145816\" class=\"gap-element clearfix\" style=\"display:block; height:auto;\">\n\t\t\n<style>\n#gap-1836145816 {\n  padding-top: 30px;\n}\n<\/style>\n\t<\/div>\n\t\n<h2>Especifica\u00e7\u00f5es:<\/h2>\n<table style=\"border-collapse: collapse; width: 596.27pt;\" border=\"0\" width=\"795\" cellspacing=\"0\" cellpadding=\"0\">\n<tbody>\n<tr style=\"height: 27.00pt;\">\n<td class=\"et3\" style=\"height: 27.00pt; width: 237.00pt;\" width=\"316\" height=\"36\">Modelo<\/td>\n<td class=\"et4\" style=\"width: 359.25pt;\" width=\"479\">SW-340<\/td>\n<\/tr>\n<tr style=\"height: 27.00pt;\">\n<td class=\"et3\" style=\"height: 27.00pt;\" height=\"36\">Dimens\u00e3o (mm)<\/td>\n<td class=\"et4\">470*311*164<\/td>\n<\/tr>\n<tr style=\"height: 27.00pt;\">\n<td class=\"et3\" style=\"height: 27.00pt;\" height=\"36\">Dimens\u00e3o do alimentador (mm)<\/td>\n<td class=\"et4\">360*300*40<\/td>\n<\/tr>\n<tr style=\"height: 27.00pt;\">\n<td class=\"et3\" style=\"height: 27.00pt;\" height=\"36\">Peso<\/td>\n<td class=\"et4\">Cerca de 25,5kg<\/td>\n<\/tr>\n<tr style=\"height: 27.00pt;\">\n<td class=\"et3\" style=\"height: 27.00pt;\" height=\"36\">Tens\u00e3o<\/td>\n<td class=\"et4\">DC20-30V (24V recomendado)<\/td>\n<\/tr>\n<tr style=\"height: 27.00pt;\">\n<td class=\"et3\" style=\"height: 27.00pt;\" height=\"36\">Corrente m\u00e1xima<\/td>\n<td class=\"et4\">6A<\/td>\n<\/tr>\n<tr style=\"height: 81.00pt;\">\n<td class=\"et3\" style=\"height: 81.00pt;\" height=\"108\">Formul\u00e1rio de opera\u00e7\u00e3o<\/td>\n<td class=\"et5\" style=\"width: 359.25pt;\" width=\"479\">Mova para cima, para baixo, para a esquerda, para a direita, para cima \u00e0 esquerda, para baixo \u00e0 esquerda, para cima \u00e0 direita e para baixo \u00e0 direita, centralize para cima e para baixo, centralize para a esquerda e para a direita, agite e vire e vibre diretamente para alimentar<\/td>\n<\/tr>\n<tr style=\"height: 27.00pt;\">\n<td class=\"et3\" style=\"height: 27.00pt;\" height=\"36\">Frequ\u00eancia<\/td>\n<td class=\"et4\">10-92Hz<\/td>\n<\/tr>\n<tr style=\"height: 27.00pt;\">\n<td class=\"et3\" style=\"height: 27.00pt;\" height=\"36\">Ru\u00eddo de opera\u00e7\u00e3o<\/td>\n<td class=\"et6\"><span class=\"font4\">&lt;<\/span><span class=\"font3\">50dB<\/span><\/td>\n<\/tr>\n<tr style=\"height: 27.00pt;\">\n<td class=\"et3\" style=\"height: 27.00pt;\" height=\"36\">Carga m\u00e1xima<\/td>\n<td class=\"et4\">1,0 kg<\/td>\n<\/tr>\n<tr style=\"height: 27.00pt;\">\n<td class=\"et3\" style=\"height: 27.00pt;\" height=\"36\">O peso de um \u00fanico material virado<\/td>\n<td class=\"et6\">&lt;50<span class=\"font3\">g<\/span><\/td>\n<\/tr>\n<tr style=\"height: 27.00pt;\">\n<td class=\"et3\" style=\"height: 54.00pt;\" rowspan=\"2\" height=\"72\">Intera\u00e7\u00e3o de sinal<\/td>\n<td class=\"et4\">Comunica\u00e7\u00e3o TCP\/IP<\/td>\n<\/tr>\n<tr style=\"height: 27.00pt;\">\n<td class=\"et4\">Interface de E\/S<\/td>\n<\/tr>\n<\/tbody>\n<\/table>\n\t<div id=\"gap-1232329517\" class=\"gap-element clearfix\" style=\"display:block; height:auto;\">\n\t\t\n<style>\n#gap-1232329517 {\n  padding-top: 30px;\n}\n<\/style>\n\t<\/div>\n\t\n<h2>Desenho Dimensional:<\/h2>\n\t<div class=\"img has-hover x md-x lg-x y md-y lg-y\" id=\"image_1529403861\">\n\t\t\t\t\t\t\t\t<div class=\"img-inner dark\" >\n\t\t\t<img loading=\"lazy\" decoding=\"async\" width=\"652\" height=\"600\" src=\"https:\/\/swoer.com\/wp-content\/uploads\/2024\/03\/flex-feeder-system-SW-260-dimension-drawing.webp\" class=\"attachment-original size-original\" alt=\"desenho dimensional do sistema de alimenta\u00e7\u00e3o flex\u00edvel SW-260\" srcset=\"https:\/\/swoer.com\/wp-content\/uploads\/2024\/03\/flex-feeder-system-SW-260-dimension-drawing.webp 652w, https:\/\/swoer.com\/wp-content\/uploads\/2024\/03\/flex-feeder-system-SW-260-dimension-drawing-300x276.webp 300w, https:\/\/swoer.com\/wp-content\/uploads\/2024\/03\/flex-feeder-system-SW-260-dimension-drawing-600x552.webp 600w\" sizes=\"(max-width: 652px) 100vw, 652px\" \/>\t\t\t\t\t\t\n\t\t\t\t\t<\/div>\n\t\t\t\t\t\t\t\t\n<style>\n#image_1529403861 {\n  width: 70%;\n}\n<\/style>\n\t<\/div>\n\t\n\t<div id=\"gap-6160580\" class=\"gap-element clearfix\" style=\"display:block; height:auto;\">\n\t\t\n<style>\n#gap-6160580 {\n  padding-top: 30px;\n}\n<\/style>\n\t<\/div>\n\t\n\n  \n    <div class=\"row large-columns-4 medium-columns-3 small-columns-2 row-small slider row-slider slider-nav-reveal slider-nav-push\"  data-flickity-options='{\"imagesLoaded\": true, \"groupCells\": \"100%\", \"dragThreshold\" : 5, \"cellAlign\": \"left\",\"wrapAround\": true,\"prevNextButtons\": true,\"percentPosition\": true,\"pageDots\": false, \"rightToLeft\": false, \"autoPlay\" : false}'>\n\n  \t\n\t     <div class=\"product-small col has-hover product type-product post-3913 status-publish first instock product_cat-delta-robots has-post-thumbnail shipping-taxable product-type-simple\">\n\t<div class=\"col-inner\">\n\t\n<div class=\"badge-container absolute left top z-1\">\n\n<\/div>\n\t<div class=\"product-small box\">\n\t\t<div class=\"box-image\">\n\t\t\t<div class=\"image-zoom_in\">\n\t\t\t\t<a href=\"https:\/\/swoer.com\/pt\/manufacturer\/industrial-delta-robot-sw-hrd7s-ss-m\/\" aria-label=\"Industrial Delta Robot SW-HRD7S-SS-M\">\n\t\t\t\t\t<img loading=\"lazy\" decoding=\"async\" width=\"300\" height=\"300\" src=\"https:\/\/swoer.com\/wp-content\/uploads\/2026\/04\/Industrial-Delta-Robot-SW-HRD7S-SS-M-300x300.webp\" class=\"attachment-woocommerce_thumbnail size-woocommerce_thumbnail\" alt=\"Industrial Delta Robot SW-HRD7S-SS-M\" srcset=\"https:\/\/swoer.com\/wp-content\/uploads\/2026\/04\/Industrial-Delta-Robot-SW-HRD7S-SS-M-300x300.webp 300w, https:\/\/swoer.com\/wp-content\/uploads\/2026\/04\/Industrial-Delta-Robot-SW-HRD7S-SS-M-150x150.webp 150w, https:\/\/swoer.com\/wp-content\/uploads\/2026\/04\/Industrial-Delta-Robot-SW-HRD7S-SS-M-768x768.webp 768w, https:\/\/swoer.com\/wp-content\/uploads\/2026\/04\/Industrial-Delta-Robot-SW-HRD7S-SS-M-12x12.webp 12w, https:\/\/swoer.com\/wp-content\/uploads\/2026\/04\/Industrial-Delta-Robot-SW-HRD7S-SS-M-600x600.webp 600w, https:\/\/swoer.com\/wp-content\/uploads\/2026\/04\/Industrial-Delta-Robot-SW-HRD7S-SS-M-100x100.webp 100w, https:\/\/swoer.com\/wp-content\/uploads\/2026\/04\/Industrial-Delta-Robot-SW-HRD7S-SS-M.webp 800w\" sizes=\"(max-width: 300px) 100vw, 300px\" \/><img loading=\"lazy\" decoding=\"async\" width=\"300\" height=\"300\" src=\"https:\/\/swoer.com\/wp-content\/uploads\/2026\/04\/Industrial-Delta-Robot-SW-HRD7S-SS-M-300x300.webp\" class=\"show-on-hover absolute fill hide-for-small back-imageshow-on-hover absolute fill hide-for-small back-image hover-zoom\" alt=\"Industrial Delta Robot SW-HRD7S-SS-M\" srcset=\"https:\/\/swoer.com\/wp-content\/uploads\/2026\/04\/Industrial-Delta-Robot-SW-HRD7S-SS-M-300x300.webp 300w, https:\/\/swoer.com\/wp-content\/uploads\/2026\/04\/Industrial-Delta-Robot-SW-HRD7S-SS-M-150x150.webp 150w, https:\/\/swoer.com\/wp-content\/uploads\/2026\/04\/Industrial-Delta-Robot-SW-HRD7S-SS-M-768x768.webp 768w, https:\/\/swoer.com\/wp-content\/uploads\/2026\/04\/Industrial-Delta-Robot-SW-HRD7S-SS-M-12x12.webp 12w, https:\/\/swoer.com\/wp-content\/uploads\/2026\/04\/Industrial-Delta-Robot-SW-HRD7S-SS-M-600x600.webp 600w, https:\/\/swoer.com\/wp-content\/uploads\/2026\/04\/Industrial-Delta-Robot-SW-HRD7S-SS-M-100x100.webp 100w, https:\/\/swoer.com\/wp-content\/uploads\/2026\/04\/Industrial-Delta-Robot-SW-HRD7S-SS-M.webp 800w\" sizes=\"(max-width: 300px) 100vw, 300px\" \/>\t\t\t\t<\/a>\n\t\t\t<\/div>\n\t\t\t<div class=\"image-tools is-small top right show-on-hover\">\n\t\t\t\t\t\t\t<\/div>\n\t\t\t<div class=\"image-tools is-small hide-for-small bottom left show-on-hover\">\n\t\t\t\t\t\t\t<\/div>\n\t\t\t<div class=\"image-tools grid-tools text-center hide-for-small bottom hover-slide-in show-on-hover\">\n\t\t\t\t  <a class=\"quick-view\" data-prod=\"3913\" href=\"#quick-view\">Olhada r\u00e1pida<\/a>\t\t\t<\/div>\n\t\t\t\t\t<\/div>\n\n\t\t<div class=\"box-text box-text-products\">\n\t\t\t<div class=\"title-wrapper\"><p class=\"name product-title woocommerce-loop-product__title\"><a href=\"https:\/\/swoer.com\/pt\/manufacturer\/industrial-delta-robot-sw-hrd7s-ss-m\/\" class=\"woocommerce-LoopProduct-link woocommerce-loop-product__link\">Industrial Delta Robot SW-HRD7S-SS-M<\/a><\/p><\/div><div class=\"price-wrapper\">\n<\/div>\t\t<\/div>\n\t<\/div>\n\t\t<\/div>\n<\/div><div class=\"product-small col has-hover product type-product post-3908 status-publish instock product_cat-delta-robots has-post-thumbnail shipping-taxable product-type-simple\">\n\t<div class=\"col-inner\">\n\t\n<div class=\"badge-container absolute left top z-1\">\n\n<\/div>\n\t<div class=\"product-small box\">\n\t\t<div class=\"box-image\">\n\t\t\t<div class=\"image-zoom_in\">\n\t\t\t\t<a href=\"https:\/\/swoer.com\/pt\/manufacturer\/delta-robot-manufacturers-sw-hrd6t-sd-m\/\" aria-label=\"Delta Robot Manufacturers SW-HRD6T-SD-M\">\n\t\t\t\t\t<img loading=\"lazy\" decoding=\"async\" width=\"300\" height=\"300\" src=\"https:\/\/swoer.com\/wp-content\/uploads\/2026\/04\/Delta-Eobot-Manufacturers-SW-HRD6T-SD-M-300x300.webp\" class=\"attachment-woocommerce_thumbnail size-woocommerce_thumbnail\" alt=\"Delta Eobot Manufacturers SW-HRD6T-SD-M\" srcset=\"https:\/\/swoer.com\/wp-content\/uploads\/2026\/04\/Delta-Eobot-Manufacturers-SW-HRD6T-SD-M-300x300.webp 300w, https:\/\/swoer.com\/wp-content\/uploads\/2026\/04\/Delta-Eobot-Manufacturers-SW-HRD6T-SD-M-150x150.webp 150w, https:\/\/swoer.com\/wp-content\/uploads\/2026\/04\/Delta-Eobot-Manufacturers-SW-HRD6T-SD-M-768x768.webp 768w, https:\/\/swoer.com\/wp-content\/uploads\/2026\/04\/Delta-Eobot-Manufacturers-SW-HRD6T-SD-M-12x12.webp 12w, https:\/\/swoer.com\/wp-content\/uploads\/2026\/04\/Delta-Eobot-Manufacturers-SW-HRD6T-SD-M-600x600.webp 600w, https:\/\/swoer.com\/wp-content\/uploads\/2026\/04\/Delta-Eobot-Manufacturers-SW-HRD6T-SD-M-100x100.webp 100w, https:\/\/swoer.com\/wp-content\/uploads\/2026\/04\/Delta-Eobot-Manufacturers-SW-HRD6T-SD-M.webp 800w\" sizes=\"(max-width: 300px) 100vw, 300px\" \/><img loading=\"lazy\" decoding=\"async\" width=\"300\" height=\"300\" src=\"https:\/\/swoer.com\/wp-content\/uploads\/2026\/04\/Delta-Eobot-Manufacturers-SW-HRD6T-SD-M-300x300.webp\" class=\"show-on-hover absolute fill hide-for-small back-imageshow-on-hover absolute fill hide-for-small back-image hover-zoom\" alt=\"Delta Eobot Manufacturers SW-HRD6T-SD-M\" srcset=\"https:\/\/swoer.com\/wp-content\/uploads\/2026\/04\/Delta-Eobot-Manufacturers-SW-HRD6T-SD-M-300x300.webp 300w, https:\/\/swoer.com\/wp-content\/uploads\/2026\/04\/Delta-Eobot-Manufacturers-SW-HRD6T-SD-M-150x150.webp 150w, https:\/\/swoer.com\/wp-content\/uploads\/2026\/04\/Delta-Eobot-Manufacturers-SW-HRD6T-SD-M-768x768.webp 768w, https:\/\/swoer.com\/wp-content\/uploads\/2026\/04\/Delta-Eobot-Manufacturers-SW-HRD6T-SD-M-12x12.webp 12w, https:\/\/swoer.com\/wp-content\/uploads\/2026\/04\/Delta-Eobot-Manufacturers-SW-HRD6T-SD-M-600x600.webp 600w, https:\/\/swoer.com\/wp-content\/uploads\/2026\/04\/Delta-Eobot-Manufacturers-SW-HRD6T-SD-M-100x100.webp 100w, https:\/\/swoer.com\/wp-content\/uploads\/2026\/04\/Delta-Eobot-Manufacturers-SW-HRD6T-SD-M.webp 800w\" sizes=\"(max-width: 300px) 100vw, 300px\" \/>\t\t\t\t<\/a>\n\t\t\t<\/div>\n\t\t\t<div class=\"image-tools is-small top right show-on-hover\">\n\t\t\t\t\t\t\t<\/div>\n\t\t\t<div class=\"image-tools is-small hide-for-small bottom left show-on-hover\">\n\t\t\t\t\t\t\t<\/div>\n\t\t\t<div class=\"image-tools grid-tools text-center hide-for-small bottom hover-slide-in show-on-hover\">\n\t\t\t\t  <a class=\"quick-view\" data-prod=\"3908\" href=\"#quick-view\">Olhada r\u00e1pida<\/a>\t\t\t<\/div>\n\t\t\t\t\t<\/div>\n\n\t\t<div class=\"box-text box-text-products\">\n\t\t\t<div class=\"title-wrapper\"><p class=\"name product-title woocommerce-loop-product__title\"><a href=\"https:\/\/swoer.com\/pt\/manufacturer\/delta-robot-manufacturers-sw-hrd6t-sd-m\/\" class=\"woocommerce-LoopProduct-link woocommerce-loop-product__link\">Delta Robot Manufacturers SW-HRD6T-SD-M<\/a><\/p><\/div><div class=\"price-wrapper\">\n<\/div>\t\t<\/div>\n\t<\/div>\n\t\t<\/div>\n<\/div><\/div>","protected":false},"excerpt":{"rendered":"<p>A SWOER fabrica sistemas de alimenta\u00e7\u00e3o flex\u00edveis sob medida para atender \u00e0s especifica\u00e7\u00f5es das pe\u00e7as e \u00e0s necessidades do cliente. Nossos pre\u00e7os competitivos de f\u00e1brica garantem acessibilidade de qualidade. Al\u00e9m disso, a integra\u00e7\u00e3o perfeita com rob\u00f4s e vis\u00e3o CCD otimiza a efici\u00eancia e a precis\u00e3o. Confie na SWOER para solu\u00e7\u00f5es confi\u00e1veis e personalizadas.<\/p>\n<p>Se voc\u00ea deseja obter pre\u00e7os de Sistemas de Alimenta\u00e7\u00e3o Flex\u00edveis, entre em contato conosco.<\/p>","protected":false},"featured_media":1755,"comment_status":"open","ping_status":"closed","template":"","meta":[],"product_cat":[15],"product_tag":[],"yoast_head":"<!-- This site is optimized with the Yoast SEO plugin v22.2 - https:\/\/yoast.com\/wordpress\/plugins\/seo\/ -->\n<title>Flexible Feeder System SW-340 - SWOER<\/title>\n<meta name=\"description\" content=\"SW-340 Flex Feeder System offers custom solutions at competitive prices. Integrates with robots and CCD vision for unmatched efficiency and precision.\" \/>\n<meta name=\"robots\" content=\"index, follow, max-snippet:-1, max-image-preview:large, max-video-preview:-1\" \/>\n<link rel=\"canonical\" href=\"https:\/\/swoer.com\/pt\/manufacturer\/flexible-feeder-system-sw-340\/\" \/>\n<meta property=\"og:locale\" content=\"pt_PT\" \/>\n<meta property=\"og:type\" content=\"article\" \/>\n<meta property=\"og:title\" content=\"Flexible Feeder System SW-340 - SWOER\" \/>\n<meta property=\"og:description\" content=\"SW-340 Flex Feeder System offers custom solutions at competitive prices. Integrates with robots and CCD vision for unmatched efficiency and precision.\" \/>\n<meta property=\"og:url\" content=\"https:\/\/swoer.com\/pt\/manufacturer\/flexible-feeder-system-sw-340\/\" \/>\n<meta property=\"og:site_name\" content=\"SWOER\" \/>\n<meta property=\"article:modified_time\" content=\"2025-02-07T08:49:43+00:00\" \/>\n<meta property=\"og:image\" content=\"https:\/\/swoer.com\/wp-content\/uploads\/2024\/03\/Flexible-Feeder-System-SW-340.webp\" \/>\n\t<meta property=\"og:image:width\" content=\"1000\" \/>\n\t<meta property=\"og:image:height\" content=\"1000\" \/>\n\t<meta property=\"og:image:type\" content=\"image\/webp\" \/>\n<meta name=\"twitter:card\" content=\"summary_large_image\" \/>\n<meta name=\"twitter:label1\" content=\"Tempo estimado de leitura\" \/>\n\t<meta name=\"twitter:data1\" content=\"1 minuto\" \/>\n<script type=\"application\/ld+json\" class=\"yoast-schema-graph\">{\"@context\":\"https:\/\/schema.org\",\"@graph\":[{\"@type\":\"WebPage\",\"@id\":\"https:\/\/swoer.com\/manufacturer\/flexible-feeder-system-sw-340\/\",\"url\":\"https:\/\/swoer.com\/manufacturer\/flexible-feeder-system-sw-340\/\",\"name\":\"Flexible Feeder System SW-340 - SWOER\",\"isPartOf\":{\"@id\":\"https:\/\/swoer.com\/#website\"},\"primaryImageOfPage\":{\"@id\":\"https:\/\/swoer.com\/manufacturer\/flexible-feeder-system-sw-340\/#primaryimage\"},\"image\":{\"@id\":\"https:\/\/swoer.com\/manufacturer\/flexible-feeder-system-sw-340\/#primaryimage\"},\"thumbnailUrl\":\"https:\/\/swoer.com\/wp-content\/uploads\/2024\/03\/Flexible-Feeder-System-SW-340.webp\",\"datePublished\":\"2024-03-30T06:40:49+00:00\",\"dateModified\":\"2025-02-07T08:49:43+00:00\",\"description\":\"SW-340 Flex Feeder System offers custom solutions at competitive prices. Integrates with robots and CCD vision for unmatched efficiency and precision.\",\"breadcrumb\":{\"@id\":\"https:\/\/swoer.com\/manufacturer\/flexible-feeder-system-sw-340\/#breadcrumb\"},\"inLanguage\":\"pt-PT\",\"potentialAction\":[{\"@type\":\"ReadAction\",\"target\":[\"https:\/\/swoer.com\/manufacturer\/flexible-feeder-system-sw-340\/\"]}]},{\"@type\":\"ImageObject\",\"inLanguage\":\"pt-PT\",\"@id\":\"https:\/\/swoer.com\/manufacturer\/flexible-feeder-system-sw-340\/#primaryimage\",\"url\":\"https:\/\/swoer.com\/wp-content\/uploads\/2024\/03\/Flexible-Feeder-System-SW-340.webp\",\"contentUrl\":\"https:\/\/swoer.com\/wp-content\/uploads\/2024\/03\/Flexible-Feeder-System-SW-340.webp\",\"width\":1000,\"height\":1000,\"caption\":\"Flexible Feeder System SW-340\"},{\"@type\":\"BreadcrumbList\",\"@id\":\"https:\/\/swoer.com\/manufacturer\/flexible-feeder-system-sw-340\/#breadcrumb\",\"itemListElement\":[{\"@type\":\"ListItem\",\"position\":1,\"name\":\"Home\",\"item\":\"https:\/\/swoer.com\/\"},{\"@type\":\"ListItem\",\"position\":2,\"name\":\"Shop\",\"item\":\"https:\/\/swoer.com\/shop\/\"},{\"@type\":\"ListItem\",\"position\":3,\"name\":\"Flexible Feeder System SW-340\"}]},{\"@type\":\"WebSite\",\"@id\":\"https:\/\/swoer.com\/#website\",\"url\":\"https:\/\/swoer.com\/\",\"name\":\"SWOER\",\"description\":\"Swoer is the top 3 vibratory bowl feeder manufacturer in China\",\"potentialAction\":[{\"@type\":\"SearchAction\",\"target\":{\"@type\":\"EntryPoint\",\"urlTemplate\":\"https:\/\/swoer.com\/?s={search_term_string}\"},\"query-input\":\"required name=search_term_string\"}],\"inLanguage\":\"pt-PT\"}]}<\/script>\n<!-- \/ Yoast SEO plugin. -->","yoast_head_json":{"title":"Flexible Feeder System SW-340 - SWOER","description":"SW-340 Flex Feeder System offers custom solutions at competitive prices. Integrates with robots and CCD vision for unmatched efficiency and precision.","robots":{"index":"index","follow":"follow","max-snippet":"max-snippet:-1","max-image-preview":"max-image-preview:large","max-video-preview":"max-video-preview:-1"},"canonical":"https:\/\/swoer.com\/pt\/manufacturer\/flexible-feeder-system-sw-340\/","og_locale":"pt_PT","og_type":"article","og_title":"Flexible Feeder System SW-340 - SWOER","og_description":"SW-340 Flex Feeder System offers custom solutions at competitive prices. Integrates with robots and CCD vision for unmatched efficiency and precision.","og_url":"https:\/\/swoer.com\/pt\/manufacturer\/flexible-feeder-system-sw-340\/","og_site_name":"SWOER","article_modified_time":"2025-02-07T08:49:43+00:00","og_image":[{"width":1000,"height":1000,"url":"https:\/\/swoer.com\/wp-content\/uploads\/2024\/03\/Flexible-Feeder-System-SW-340.webp","type":"image\/webp"}],"twitter_card":"summary_large_image","twitter_misc":{"Tempo estimado de leitura":"1 minuto"},"schema":{"@context":"https:\/\/schema.org","@graph":[{"@type":"WebPage","@id":"https:\/\/swoer.com\/manufacturer\/flexible-feeder-system-sw-340\/","url":"https:\/\/swoer.com\/manufacturer\/flexible-feeder-system-sw-340\/","name":"Flexible Feeder System SW-340 - SWOER","isPartOf":{"@id":"https:\/\/swoer.com\/#website"},"primaryImageOfPage":{"@id":"https:\/\/swoer.com\/manufacturer\/flexible-feeder-system-sw-340\/#primaryimage"},"image":{"@id":"https:\/\/swoer.com\/manufacturer\/flexible-feeder-system-sw-340\/#primaryimage"},"thumbnailUrl":"https:\/\/swoer.com\/wp-content\/uploads\/2024\/03\/Flexible-Feeder-System-SW-340.webp","datePublished":"2024-03-30T06:40:49+00:00","dateModified":"2025-02-07T08:49:43+00:00","description":"SW-340 Flex Feeder System offers custom solutions at competitive prices. Integrates with robots and CCD vision for unmatched efficiency and precision.","breadcrumb":{"@id":"https:\/\/swoer.com\/manufacturer\/flexible-feeder-system-sw-340\/#breadcrumb"},"inLanguage":"pt-PT","potentialAction":[{"@type":"ReadAction","target":["https:\/\/swoer.com\/manufacturer\/flexible-feeder-system-sw-340\/"]}]},{"@type":"ImageObject","inLanguage":"pt-PT","@id":"https:\/\/swoer.com\/manufacturer\/flexible-feeder-system-sw-340\/#primaryimage","url":"https:\/\/swoer.com\/wp-content\/uploads\/2024\/03\/Flexible-Feeder-System-SW-340.webp","contentUrl":"https:\/\/swoer.com\/wp-content\/uploads\/2024\/03\/Flexible-Feeder-System-SW-340.webp","width":1000,"height":1000,"caption":"Flexible Feeder System SW-340"},{"@type":"BreadcrumbList","@id":"https:\/\/swoer.com\/manufacturer\/flexible-feeder-system-sw-340\/#breadcrumb","itemListElement":[{"@type":"ListItem","position":1,"name":"Home","item":"https:\/\/swoer.com\/"},{"@type":"ListItem","position":2,"name":"Shop","item":"https:\/\/swoer.com\/shop\/"},{"@type":"ListItem","position":3,"name":"Flexible Feeder System SW-340"}]},{"@type":"WebSite","@id":"https:\/\/swoer.com\/#website","url":"https:\/\/swoer.com\/","name":"SWOER","description":"Swoer is the top 3 vibratory bowl feeder manufacturer in China","potentialAction":[{"@type":"SearchAction","target":{"@type":"EntryPoint","urlTemplate":"https:\/\/swoer.com\/?s={search_term_string}"},"query-input":"required name=search_term_string"}],"inLanguage":"pt-PT"}]}},"_links":{"self":[{"href":"https:\/\/swoer.com\/pt\/wp-json\/wp\/v2\/product\/1754"}],"collection":[{"href":"https:\/\/swoer.com\/pt\/wp-json\/wp\/v2\/product"}],"about":[{"href":"https:\/\/swoer.com\/pt\/wp-json\/wp\/v2\/types\/product"}],"replies":[{"embeddable":true,"href":"https:\/\/swoer.com\/pt\/wp-json\/wp\/v2\/comments?post=1754"}],"wp:featuredmedia":[{"embeddable":true,"href":"https:\/\/swoer.com\/pt\/wp-json\/wp\/v2\/media\/1755"}],"wp:attachment":[{"href":"https:\/\/swoer.com\/pt\/wp-json\/wp\/v2\/media?parent=1754"}],"wp:term":[{"taxonomy":"product_cat","embeddable":true,"href":"https:\/\/swoer.com\/pt\/wp-json\/wp\/v2\/product_cat?post=1754"},{"taxonomy":"product_tag","embeddable":true,"href":"https:\/\/swoer.com\/pt\/wp-json\/wp\/v2\/product_tag?post=1754"}],"curies":[{"name":"wp","href":"https:\/\/api.w.org\/{rel}","templated":true}]}}