{"id":1724,"date":"2024-03-30T03:16:30","date_gmt":"2024-03-30T03:16:30","guid":{"rendered":"https:\/\/lightgrey-porpoise-816575.hostingersite.com\/?post_type=product&#038;p=1724"},"modified":"2024-08-01T11:11:44","modified_gmt":"2024-08-01T03:11:44","slug":"spring-carrier-bowl-feeder","status":"publish","type":"product","link":"https:\/\/swoer.com\/pt\/manufacturer\/spring-carrier-bowl-feeder\/","title":{"rendered":"Alimentador vibrat\u00f3rio transportador de mola"},"content":{"rendered":"<p>A vantagem da SWOER na fabrica\u00e7\u00e3o de alimentadores de tigela reside na sua capacidade de personaliz\u00e1-los com base nas caracter\u00edsticas das pe\u00e7as e nos requisitos do cliente. Al\u00e9m disso, oferecemos pre\u00e7os de f\u00e1brica competitivos, garantindo que voc\u00ea receba qualidade e valor. Nossa experi\u00eancia garante que adaptamos cada alimentador de tigela para atender \u00e0s necessidades espec\u00edficas da aplica\u00e7\u00e3o, oferecendo precis\u00e3o e efici\u00eancia a um custo acess\u00edvel.<\/p>\n<h2>Par\u00e2metro do alimentador de tigela:<\/h2>\n<table width=\"684\">\n<tbody>\n<tr>\n<td width=\"183\">Nome do Produto<\/td>\n<td width=\"501\">Alimentador vibrat\u00f3rio transportador de mola<\/td>\n<\/tr>\n<tr>\n<td>Material<\/td>\n<td>\u00a0SUS201\/304<\/td>\n<\/tr>\n<tr>\n<td>Especialidade de Materiais<\/td>\n<td>Liga de forjamento de tratamento a frio, alta resist\u00eancia, alta dureza<\/td>\n<\/tr>\n<tr>\n<td>Tens\u00e3o<\/td>\n<td>220 V<\/td>\n<\/tr>\n<tr>\n<td>Poder<\/td>\n<td>65W\/150W\/180W\/220W\/350W<\/td>\n<\/tr>\n<tr>\n<td>Autentica\u00e7\u00e3o<\/td>\n<td>Marca\u00e7\u00e3o, ROHS, ISO9001<\/td>\n<\/tr>\n<tr>\n<td>garantia<\/td>\n<td>1 ano de garantia<\/td>\n<\/tr>\n<tr>\n<td>Quantidade m\u00ednima<\/td>\n<td>1 conjunto<\/td>\n<\/tr>\n<tr>\n<td>Tempo de espera<\/td>\n<td>10-14 dias<\/td>\n<\/tr>\n<tr>\n<td>Termo de pagamento<\/td>\n<td>Dep\u00f3sito e saldo T\/T 40% antes do envio<\/td>\n<\/tr>\n<tr>\n<td>Original do lugar<\/td>\n<td>China<\/td>\n<\/tr>\n<\/tbody>\n<\/table>\n\t<div id=\"gap-1858643260\" class=\"gap-element clearfix\" style=\"display:block; height:auto;\">\n\t\t\n<style>\n#gap-1858643260 {\n  padding-top: 30px;\n}\n<\/style>\n\t<\/div>\n\t\n<h2>Detalhes do transportador de mola:<\/h2>\n\t<div class=\"img has-hover x md-x lg-x y md-y lg-y\" id=\"image_674926032\">\n\t\t\t\t\t\t\t\t<div class=\"img-inner dark\" >\n\t\t\t<img loading=\"lazy\" decoding=\"async\" width=\"1162\" height=\"655\" src=\"https:\/\/swoer.com\/wp-content\/uploads\/2024\/03\/spring-carrier-details.webp\" class=\"attachment-original size-original\" alt=\"detalhes do transportador de mola\" srcset=\"https:\/\/swoer.com\/wp-content\/uploads\/2024\/03\/spring-carrier-details.webp 1162w, https:\/\/swoer.com\/wp-content\/uploads\/2024\/03\/spring-carrier-details-300x169.webp 300w, https:\/\/swoer.com\/wp-content\/uploads\/2024\/03\/spring-carrier-details-1024x577.webp 1024w, https:\/\/swoer.com\/wp-content\/uploads\/2024\/03\/spring-carrier-details-768x433.webp 768w, https:\/\/swoer.com\/wp-content\/uploads\/2024\/03\/spring-carrier-details-600x338.webp 600w\" sizes=\"(max-width: 1162px) 100vw, 1162px\" \/>\t\t\t\t\t\t\n\t\t\t\t\t<\/div>\n\t\t\t\t\t\t\t\t\n<style>\n#image_674926032 {\n  width: 85%;\n}\n<\/style>\n\t<\/div>\n\t\n\t<div id=\"gap-568828960\" class=\"gap-element clearfix\" style=\"display:block; height:auto;\">\n\t\t\n<style>\n#gap-568828960 {\n  padding-top: 30px;\n}\n<\/style>\n\t<\/div>\n\t\n<h3>Principais caracter\u00edsticas do nosso alimentador de mola:<\/h3>\n<ul>\n<li><strong>Alta velocidade:<\/strong> Alimente centenas de pe\u00e7as por hora<\/li>\n<li><strong>Design compacto:<\/strong> Ideal para aplica\u00e7\u00f5es com espa\u00e7o limitado<\/li>\n<li><strong>Customiz\u00e1vel:<\/strong> Adaptado \u00e0s suas pe\u00e7as e linha de produ\u00e7\u00e3o espec\u00edficas<\/li>\n<li><strong>Opera\u00e7\u00e3o silenciosa:<\/strong> Minimiza a polui\u00e7\u00e3o sonora no seu espa\u00e7o de trabalho<\/li>\n<\/ul>\n<h3><\/h3>\n<h3>Precisa de um alimentador de mola confi\u00e1vel para sua linha de montagem?<\/h3>\n<p>A SWOER oferece alimentadores vibrat\u00f3rios personalizados projetados para lidar com precis\u00e3o at\u00e9 mesmo com os menores componentes. Nossos alimentadores compactos e eficientes podem melhorar significativamente seu processo de produ\u00e7\u00e3o.<\/p>\n<h3><\/h3>\n<h3>Quer saber mais?<\/h3>\n<p>Contate-nos hoje para discutir suas necessidades espec\u00edficas. Forneceremos um or\u00e7amento personalizado e responderemos a quaisquer perguntas que voc\u00ea possa ter.<\/p>\n<h3 style=\"text-align: center;\"><\/h3>\n<h3 style=\"text-align: center;\"><strong>N\u00e3o espere! Comece entrando em contato conosco hoje.<\/strong><\/h3>\n\n<div class=\"wpcf7 no-js\" id=\"wpcf7-f5-o1\" lang=\"en-US\" dir=\"ltr\">\n<div class=\"screen-reader-response\"><p role=\"status\" aria-live=\"polite\" aria-atomic=\"true\"><\/p> <ul><\/ul><\/div>\n<form action=\"\/pt\/wp-json\/wp\/v2\/product\/1724#wpcf7-f5-o1\" method=\"post\" class=\"wpcf7-form init\" aria-label=\"Formul\u00e1rio de Contato\" novalidate=\"novalidate\" data-status=\"init\" data-trp-original-action=\"\/pt\/wp-json\/wp\/v2\/product\/1724#wpcf7-f5-o1\">\n<div style=\"display: none;\">\n<input type=\"hidden\" name=\"_wpcf7\" value=\"5\" \/>\n<input type=\"hidden\" name=\"_wpcf7_version\" value=\"5.9.2\" \/>\n<input type=\"hidden\" name=\"_wpcf7_locale\" value=\"en_US\" \/>\n<input type=\"hidden\" name=\"_wpcf7_unit_tag\" value=\"wpcf7-f5-o1\" \/>\n<input type=\"hidden\" name=\"_wpcf7_container_post\" value=\"0\" \/>\n<input type=\"hidden\" name=\"_wpcf7_posted_data_hash\" value=\"\" \/>\n<\/div>\n<div class='custom_contact_style'>\n\t<p><label> Seu nome<br \/>\n<span class=\"wpcf7-form-control-wrap\" data-name=\"your-name\"><input size=\"40\" class=\"wpcf7-form-control wpcf7-text wpcf7-validates-as-required\" autocomplete=\"name\" aria-required=\"true\" aria-invalid=\"false\" value=\"\" type=\"text\" name=\"your-name\" \/><\/span> <\/label>\n\t<\/p>\n\t<p><label> Seu email<br \/>\n<span class=\"wpcf7-form-control-wrap\" data-name=\"your-email\"><input size=\"40\" class=\"wpcf7-form-control wpcf7-email wpcf7-validates-as-required wpcf7-text wpcf7-validates-as-email\" autocomplete=\"email\" aria-required=\"true\" aria-invalid=\"false\" value=\"\" type=\"email\" name=\"your-email\" \/><\/span> <\/label>\n\t<\/p>\n\t<p><label> Sua mensagem (opcional)<br \/>\n<span class=\"wpcf7-form-control-wrap\" data-name=\"your-message\"><textarea cols=\"40\" rows=\"10\" class=\"wpcf7-form-control wpcf7-textarea\" aria-invalid=\"false\" name=\"your-message\"><\/textarea><\/span> <\/label>\n\t<\/p>\n\t<div style=\"margin-bottom:10px;\">\n\t\t<p><span class=\"wpcf7-form-control-wrap kc_captcha cf7ic-toggle\" data-name=\"kc_captcha\"><span class=\"wpcf7-form-control wpcf7-radio\"><span class=\"captcha-image\" style=\"display: none;\"><span class=\"cf7ic_instructions\">Por favor, prove que voc\u00ea \u00e9 humano selecionando o<span> star<\/span>.<\/span><label><input aria-label=\"1\" type=\"radio\" name=\"kc_captcha\" value=\"kc_human\" \/><svg aria-hidden=\"true\" role=\"img\" xmlns=\"http:\/\/www.w3.org\/2000\/svg\" viewbox=\"0 0 576 512\"><path fill=\"currentColor\" d=\"M259 18l-65 132-146 22c-26 3-37 36-18 54l106 103-25 146c-5 26 23 46 46 33l131-68 131 68c23 13 51-7 46-33l-25-146 106-103c19-18 8-51-18-54l-146-22-65-132a32 32 0 00-58 0z\"\/><\/svg><\/label><label><input aria-label=\"2\" type=\"radio\" name=\"kc_captcha\" value=\"bot\" \/><svg aria-hidden=\"true\" role=\"img\" xmlns=\"http:\/\/www.w3.org\/2000\/svg\" viewbox=\"0 0 640 512\"><path fill=\"currentColor\" d=\"M624 352h-16V244c0-13-5-25-14-34L494 110c-9-9-21-14-34-14h-44V48c0-26-21-48-48-48H48C22 0 0 22 0 48v320c0 27 22 48 48 48h16a96 96 0 00192 0h128a96 96 0 00192 0h48c9 0 16-7 16-16v-32c0-9-7-16-16-16zM160 464a48 48 0 110-96 48 48 0 010 96zm320 0a48 48 0 110-96 48 48 0 010 96zm80-208H416V144h44l100 100v12z\"\/><\/svg><\/label><label><input aria-label=\"3\" type=\"radio\" name=\"kc_captcha\" value=\"bot\" \/><svg aria-hidden=\"true\" role=\"img\" xmlns=\"http:\/\/www.w3.org\/2000\/svg\" viewbox=\"0 0 576 512\"><path fill=\"currentColor\" d=\"M472 200H360L256 6a12 12 0 00-10-6h-58c-8 0-14 7-12 15l34 185H100l-35-58a12 12 0 00-10-6H12c-8 0-13 7-12 14l21 106L0 362c-1 7 4 14 12 14h43c4 0 8-2 10-6l35-58h110l-34 185c-2 8 4 15 12 15h58a12 12 0 0010-6l104-194h112c57 0 104-25 104-56s-47-56-104-56z\"\/><\/svg><\/label>\r\n    <\/span>\r\n    <span style=\"display:none\">\r\n        <input type=\"text\" name=\"kc_honeypot\">\r\n    <\/span><\/span><\/span>\n\t\t<\/p>\n\t<\/div>\n\t<p><input class=\"wpcf7-form-control wpcf7-submit has-spinner\" type=\"submit\" value=\"Enviar\" \/>\n\t<\/p>\n<\/div><div class=\"wpcf7-response-output\" aria-hidden=\"true\"><\/div>\n<input type=\"hidden\" name=\"trp-form-language\" value=\"pt\"\/><\/form>\n<\/div>","protected":false},"excerpt":{"rendered":"<p>Otimize seu processo de alimenta\u00e7\u00e3o por mola com nosso alimentador vibrat\u00f3rio compacto e de alta velocidade. Ideal para pe\u00e7as pequenas, aumenta a efici\u00eancia da produ\u00e7\u00e3o.<\/p>","protected":false},"featured_media":1725,"comment_status":"open","ping_status":"closed","template":"","meta":[],"product_cat":[37],"product_tag":[],"yoast_head":"<!-- This site is optimized with the Yoast SEO plugin v22.2 - https:\/\/yoast.com\/wordpress\/plugins\/seo\/ -->\n<title>Custom Spring Carrier Vibratory Feeders | Tailored to Your Needs<\/title>\n<meta name=\"robots\" content=\"index, follow, max-snippet:-1, max-image-preview:large, max-video-preview:-1\" \/>\n<link rel=\"canonical\" href=\"https:\/\/swoer.com\/pt\/manufacturer\/spring-carrier-bowl-feeder\/\" \/>\n<meta property=\"og:locale\" content=\"pt_PT\" \/>\n<meta property=\"og:type\" content=\"article\" \/>\n<meta property=\"og:title\" content=\"Custom Spring Carrier Vibratory Feeders | Tailored to Your Needs\" \/>\n<meta property=\"og:description\" content=\"Optimize your spring feeding process with our high-speed, compact vibratory feeder. Ideal for small parts, it increases production efficiency.\" \/>\n<meta property=\"og:url\" content=\"https:\/\/swoer.com\/pt\/manufacturer\/spring-carrier-bowl-feeder\/\" \/>\n<meta property=\"og:site_name\" content=\"SWOER\" \/>\n<meta property=\"article:modified_time\" content=\"2024-08-01T03:11:44+00:00\" \/>\n<meta property=\"og:image\" content=\"https:\/\/swoer.com\/wp-content\/uploads\/2024\/03\/spring-carrier-bowl-feeder.webp\" \/>\n\t<meta property=\"og:image:width\" content=\"1000\" \/>\n\t<meta property=\"og:image:height\" content=\"1000\" \/>\n\t<meta property=\"og:image:type\" content=\"image\/webp\" \/>\n<meta name=\"twitter:card\" content=\"summary_large_image\" \/>\n<meta name=\"twitter:label1\" content=\"Tempo estimado de leitura\" \/>\n\t<meta name=\"twitter:data1\" content=\"2 minutos\" \/>\n<script type=\"application\/ld+json\" class=\"yoast-schema-graph\">{\"@context\":\"https:\/\/schema.org\",\"@graph\":[{\"@type\":\"WebPage\",\"@id\":\"https:\/\/swoer.com\/manufacturer\/spring-carrier-bowl-feeder\/\",\"url\":\"https:\/\/swoer.com\/manufacturer\/spring-carrier-bowl-feeder\/\",\"name\":\"Custom Spring Carrier Vibratory Feeders | Tailored to Your Needs\",\"isPartOf\":{\"@id\":\"https:\/\/swoer.com\/#website\"},\"primaryImageOfPage\":{\"@id\":\"https:\/\/swoer.com\/manufacturer\/spring-carrier-bowl-feeder\/#primaryimage\"},\"image\":{\"@id\":\"https:\/\/swoer.com\/manufacturer\/spring-carrier-bowl-feeder\/#primaryimage\"},\"thumbnailUrl\":\"https:\/\/swoer.com\/wp-content\/uploads\/2024\/03\/spring-carrier-bowl-feeder.webp\",\"datePublished\":\"2024-03-30T03:16:30+00:00\",\"dateModified\":\"2024-08-01T03:11:44+00:00\",\"breadcrumb\":{\"@id\":\"https:\/\/swoer.com\/manufacturer\/spring-carrier-bowl-feeder\/#breadcrumb\"},\"inLanguage\":\"pt-PT\",\"potentialAction\":[{\"@type\":\"ReadAction\",\"target\":[\"https:\/\/swoer.com\/manufacturer\/spring-carrier-bowl-feeder\/\"]}]},{\"@type\":\"ImageObject\",\"inLanguage\":\"pt-PT\",\"@id\":\"https:\/\/swoer.com\/manufacturer\/spring-carrier-bowl-feeder\/#primaryimage\",\"url\":\"https:\/\/swoer.com\/wp-content\/uploads\/2024\/03\/spring-carrier-bowl-feeder.webp\",\"contentUrl\":\"https:\/\/swoer.com\/wp-content\/uploads\/2024\/03\/spring-carrier-bowl-feeder.webp\",\"width\":1000,\"height\":1000,\"caption\":\"spring carrier bowl feeder\"},{\"@type\":\"BreadcrumbList\",\"@id\":\"https:\/\/swoer.com\/manufacturer\/spring-carrier-bowl-feeder\/#breadcrumb\",\"itemListElement\":[{\"@type\":\"ListItem\",\"position\":1,\"name\":\"Home\",\"item\":\"https:\/\/swoer.com\/\"},{\"@type\":\"ListItem\",\"position\":2,\"name\":\"Shop\",\"item\":\"https:\/\/swoer.com\/shop\/\"},{\"@type\":\"ListItem\",\"position\":3,\"name\":\"Spring Carrier Vibratory Feeder\"}]},{\"@type\":\"WebSite\",\"@id\":\"https:\/\/swoer.com\/#website\",\"url\":\"https:\/\/swoer.com\/\",\"name\":\"SWOER\",\"description\":\"Swoer is the top 3 vibratory bowl feeder manufacturer in China\",\"potentialAction\":[{\"@type\":\"SearchAction\",\"target\":{\"@type\":\"EntryPoint\",\"urlTemplate\":\"https:\/\/swoer.com\/?s={search_term_string}\"},\"query-input\":\"required name=search_term_string\"}],\"inLanguage\":\"pt-PT\"}]}<\/script>\n<!-- \/ Yoast SEO plugin. -->","yoast_head_json":{"title":"Custom Spring Carrier Vibratory Feeders | Tailored to Your Needs","robots":{"index":"index","follow":"follow","max-snippet":"max-snippet:-1","max-image-preview":"max-image-preview:large","max-video-preview":"max-video-preview:-1"},"canonical":"https:\/\/swoer.com\/pt\/manufacturer\/spring-carrier-bowl-feeder\/","og_locale":"pt_PT","og_type":"article","og_title":"Custom Spring Carrier Vibratory Feeders | Tailored to Your Needs","og_description":"Optimize your spring feeding process with our high-speed, compact vibratory feeder. Ideal for small parts, it increases production efficiency.","og_url":"https:\/\/swoer.com\/pt\/manufacturer\/spring-carrier-bowl-feeder\/","og_site_name":"SWOER","article_modified_time":"2024-08-01T03:11:44+00:00","og_image":[{"width":1000,"height":1000,"url":"https:\/\/swoer.com\/wp-content\/uploads\/2024\/03\/spring-carrier-bowl-feeder.webp","type":"image\/webp"}],"twitter_card":"summary_large_image","twitter_misc":{"Tempo estimado de leitura":"2 minutos"},"schema":{"@context":"https:\/\/schema.org","@graph":[{"@type":"WebPage","@id":"https:\/\/swoer.com\/manufacturer\/spring-carrier-bowl-feeder\/","url":"https:\/\/swoer.com\/manufacturer\/spring-carrier-bowl-feeder\/","name":"Custom Spring Carrier Vibratory Feeders | Tailored to Your Needs","isPartOf":{"@id":"https:\/\/swoer.com\/#website"},"primaryImageOfPage":{"@id":"https:\/\/swoer.com\/manufacturer\/spring-carrier-bowl-feeder\/#primaryimage"},"image":{"@id":"https:\/\/swoer.com\/manufacturer\/spring-carrier-bowl-feeder\/#primaryimage"},"thumbnailUrl":"https:\/\/swoer.com\/wp-content\/uploads\/2024\/03\/spring-carrier-bowl-feeder.webp","datePublished":"2024-03-30T03:16:30+00:00","dateModified":"2024-08-01T03:11:44+00:00","breadcrumb":{"@id":"https:\/\/swoer.com\/manufacturer\/spring-carrier-bowl-feeder\/#breadcrumb"},"inLanguage":"pt-PT","potentialAction":[{"@type":"ReadAction","target":["https:\/\/swoer.com\/manufacturer\/spring-carrier-bowl-feeder\/"]}]},{"@type":"ImageObject","inLanguage":"pt-PT","@id":"https:\/\/swoer.com\/manufacturer\/spring-carrier-bowl-feeder\/#primaryimage","url":"https:\/\/swoer.com\/wp-content\/uploads\/2024\/03\/spring-carrier-bowl-feeder.webp","contentUrl":"https:\/\/swoer.com\/wp-content\/uploads\/2024\/03\/spring-carrier-bowl-feeder.webp","width":1000,"height":1000,"caption":"spring carrier bowl feeder"},{"@type":"BreadcrumbList","@id":"https:\/\/swoer.com\/manufacturer\/spring-carrier-bowl-feeder\/#breadcrumb","itemListElement":[{"@type":"ListItem","position":1,"name":"Home","item":"https:\/\/swoer.com\/"},{"@type":"ListItem","position":2,"name":"Shop","item":"https:\/\/swoer.com\/shop\/"},{"@type":"ListItem","position":3,"name":"Spring Carrier Vibratory Feeder"}]},{"@type":"WebSite","@id":"https:\/\/swoer.com\/#website","url":"https:\/\/swoer.com\/","name":"SWOER","description":"Swoer is the top 3 vibratory bowl feeder manufacturer in China","potentialAction":[{"@type":"SearchAction","target":{"@type":"EntryPoint","urlTemplate":"https:\/\/swoer.com\/?s={search_term_string}"},"query-input":"required name=search_term_string"}],"inLanguage":"pt-PT"}]}},"_links":{"self":[{"href":"https:\/\/swoer.com\/pt\/wp-json\/wp\/v2\/product\/1724"}],"collection":[{"href":"https:\/\/swoer.com\/pt\/wp-json\/wp\/v2\/product"}],"about":[{"href":"https:\/\/swoer.com\/pt\/wp-json\/wp\/v2\/types\/product"}],"replies":[{"embeddable":true,"href":"https:\/\/swoer.com\/pt\/wp-json\/wp\/v2\/comments?post=1724"}],"wp:featuredmedia":[{"embeddable":true,"href":"https:\/\/swoer.com\/pt\/wp-json\/wp\/v2\/media\/1725"}],"wp:attachment":[{"href":"https:\/\/swoer.com\/pt\/wp-json\/wp\/v2\/media?parent=1724"}],"wp:term":[{"taxonomy":"product_cat","embeddable":true,"href":"https:\/\/swoer.com\/pt\/wp-json\/wp\/v2\/product_cat?post=1724"},{"taxonomy":"product_tag","embeddable":true,"href":"https:\/\/swoer.com\/pt\/wp-json\/wp\/v2\/product_tag?post=1724"}],"curies":[{"name":"wp","href":"https:\/\/api.w.org\/{rel}","templated":true}]}}