{"id":1664,"date":"2024-03-28T00:26:35","date_gmt":"2024-03-28T00:26:35","guid":{"rendered":"https:\/\/lightgrey-porpoise-816575.hostingersite.com\/?post_type=product&#038;p=1664"},"modified":"2024-08-01T10:13:43","modified_gmt":"2024-08-01T02:13:43","slug":"metal-part-vibratory-bowl-feeder","status":"publish","type":"product","link":"https:\/\/swoer.com\/pt\/manufacturer\/metal-part-vibratory-bowl-feeder\/","title":{"rendered":"Alimentador de tigela vibrat\u00f3ria de duas pistas para pe\u00e7a de metal"},"content":{"rendered":"<p>Um alimentador vibrat\u00f3rio para pe\u00e7as met\u00e1licas \u00e9 um dispositivo de engenharia de precis\u00e3o usado em automa\u00e7\u00e3o industrial para classificar, orientar e alimentar componentes met\u00e1licos. Ele emprega vibra\u00e7\u00e3o para mover e orientar as pe\u00e7as dentro de um recipiente circular, facilitando um processo de alimenta\u00e7\u00e3o suave e eficiente para linhas de montagem ou fabrica\u00e7\u00e3o. Esses alimentadores s\u00e3o projetados para oferecer alta confiabilidade, precis\u00e3o e adaptabilidade, tornando-os equipamentos essenciais em diversas ind\u00fastrias de manufatura, como automotiva, eletr\u00f4nica e produ\u00e7\u00e3o de m\u00e1quinas.<\/p>\n<h2>Caracter\u00edsticas principais:<\/h2>\n<ul>\n<li>Duas pistas para maior capacidade e velocidade de manuseio<\/li>\n<li>Opera\u00e7\u00e3o suave para evitar danos \u00e0s pe\u00e7as<\/li>\n<li>Constru\u00e7\u00e3o dur\u00e1vel para desempenho duradouro<\/li>\n<li>Taxa de alimenta\u00e7\u00e3o ajust\u00e1vel para atender \u00e0s necessidades espec\u00edficas de produ\u00e7\u00e3o<\/li>\n<li>F\u00e1cil de manter e limpar<\/li>\n<\/ul>\n<h2>Especifica\u00e7\u00f5es do alimentador de tigela vibrat\u00f3ria Matal Part:<\/h2>\n<table width=\"684\">\n<tbody>\n<tr>\n<td width=\"183\">Nome do Produto<\/td>\n<td width=\"501\">Alimentador vibrat\u00f3rio de pe\u00e7as met\u00e1licas<\/td>\n<\/tr>\n<tr>\n<td>Material<\/td>\n<td>\u00a0SUS201\/304<\/td>\n<\/tr>\n<tr>\n<td>Especialidade de Materiais<\/td>\n<td>Liga de forjamento de tratamento a frio, alta resist\u00eancia, alta dureza<\/td>\n<\/tr>\n<tr>\n<td>Tens\u00e3o<\/td>\n<td>220 V<\/td>\n<\/tr>\n<tr>\n<td>Poder<\/td>\n<td>65W\/150W\/180W\/220W\/350W<\/td>\n<\/tr>\n<tr>\n<td>Autentica\u00e7\u00e3o<\/td>\n<td>Marca\u00e7\u00e3o, ROHS, ISO9001<\/td>\n<\/tr>\n<tr>\n<td>garantia<\/td>\n<td>1 ano de garantia<\/td>\n<\/tr>\n<tr>\n<td>Quantidade m\u00ednima<\/td>\n<td>1 conjunto<\/td>\n<\/tr>\n<tr>\n<td>Tempo de espera<\/td>\n<td>10-14 dias<\/td>\n<\/tr>\n<tr>\n<td>Termo de pagamento<\/td>\n<td>Dep\u00f3sito e saldo T\/T 40% antes do envio<\/td>\n<\/tr>\n<tr>\n<td>Original do lugar<\/td>\n<td>China<\/td>\n<\/tr>\n<\/tbody>\n<\/table>\n<h3>Detalhes met\u00e1licos:<\/h3>\n\t<div class=\"img has-hover x md-x lg-x y md-y lg-y\" id=\"image_1204658153\">\n\t\t\t\t\t\t\t\t<div class=\"img-inner dark\" >\n\t\t\t<img loading=\"lazy\" decoding=\"async\" width=\"727\" height=\"500\" src=\"https:\/\/swoer.com\/wp-content\/uploads\/2024\/03\/Metal-Detail.webp\" class=\"attachment-original size-original\" alt=\"Detalhe met\u00e1lico\" srcset=\"https:\/\/swoer.com\/wp-content\/uploads\/2024\/03\/Metal-Detail.webp 727w, https:\/\/swoer.com\/wp-content\/uploads\/2024\/03\/Metal-Detail-300x206.webp 300w, https:\/\/swoer.com\/wp-content\/uploads\/2024\/03\/Metal-Detail-600x413.webp 600w\" sizes=\"(max-width: 727px) 100vw, 727px\" \/>\t\t\t\t\t\t\n\t\t\t\t\t<\/div>\n\t\t\t\t\t\t\t\t\n<style>\n#image_1204658153 {\n  width: 55%;\n}\n<\/style>\n\t<\/div>\n\t\n\t<div id=\"gap-1420587899\" class=\"gap-element clearfix\" style=\"display:block; height:auto;\">\n\t\t\n<style>\n#gap-1420587899 {\n  padding-top: 30px;\n}\n<\/style>\n\t<\/div>\n\t\n<h3>Procurando uma solu\u00e7\u00e3o confi\u00e1vel para alimentar pe\u00e7as met\u00e1licas em sua linha de produ\u00e7\u00e3o?<\/h3>\n<p>O alimentador vibrat\u00f3rio de duas pistas da SWOER \u00e9 a resposta. Projetado para precis\u00e3o e velocidade, nosso alimentador lida facilmente com uma ampla variedade de componentes met\u00e1licos.<\/p>\n<h3>Precisa de uma solu\u00e7\u00e3o personalizada?<\/h3>\n<p>Nossa equipe de especialistas pode projetar um alimentador adaptado \u00e0s suas necessidades espec\u00edficas. Compartilhe os detalhes da pe\u00e7a, a velocidade desejada e as prefer\u00eancias de orienta\u00e7\u00e3o, e forneceremos um or\u00e7amento personalizado.<\/p>\n<p>N\u00e3o se contente com menos. Experimente a efici\u00eancia e a confiabilidade do alimentador vibrat\u00f3rio de duas pistas da SWOER. Contate-nos hoje para discutir seu projeto!<\/p>\n\t<div id=\"gap-1717532697\" class=\"gap-element clearfix\" style=\"display:block; height:auto;\">\n\t\t\n<style>\n#gap-1717532697 {\n  padding-top: 30px;\n}\n<\/style>\n\t<\/div>\n\t\n<h2 style=\"text-align: center;\">Solicite um or\u00e7amento<\/h2>\n\n<div class=\"wpcf7 no-js\" id=\"wpcf7-f288-o1\" lang=\"en-US\" dir=\"ltr\">\n<div class=\"screen-reader-response\"><p role=\"status\" aria-live=\"polite\" aria-atomic=\"true\"><\/p> <ul><\/ul><\/div>\n<form action=\"\/pt\/wp-json\/wp\/v2\/product\/1664#wpcf7-f288-o1\" method=\"post\" class=\"wpcf7-form init\" aria-label=\"Formul\u00e1rio de Contato\" novalidate=\"novalidate\" data-status=\"init\" data-trp-original-action=\"\/pt\/wp-json\/wp\/v2\/product\/1664#wpcf7-f288-o1\">\n<div style=\"display: none;\">\n<input type=\"hidden\" name=\"_wpcf7\" value=\"288\" \/>\n<input type=\"hidden\" name=\"_wpcf7_version\" value=\"5.9.2\" \/>\n<input type=\"hidden\" name=\"_wpcf7_locale\" value=\"en_US\" \/>\n<input type=\"hidden\" name=\"_wpcf7_unit_tag\" value=\"wpcf7-f288-o1\" \/>\n<input type=\"hidden\" name=\"_wpcf7_container_post\" value=\"0\" \/>\n<input type=\"hidden\" name=\"_wpcf7_posted_data_hash\" value=\"\" \/>\n<\/div>\n<p><label> Seu nome<br \/>\n<span class=\"wpcf7-form-control-wrap\" data-name=\"your-name\"><input size=\"40\" class=\"wpcf7-form-control wpcf7-text wpcf7-validates-as-required\" autocomplete=\"name\" aria-required=\"true\" aria-invalid=\"false\" value=\"\" type=\"text\" name=\"your-name\" \/><\/span> <\/label>\n<\/p>\n<p><label> Seu email<br \/>\n<span class=\"wpcf7-form-control-wrap\" data-name=\"your-email\"><input size=\"40\" class=\"wpcf7-form-control wpcf7-email wpcf7-validates-as-required wpcf7-text wpcf7-validates-as-email\" autocomplete=\"email\" aria-required=\"true\" aria-invalid=\"false\" value=\"\" type=\"email\" name=\"your-email\" \/><\/span> <\/label>\n<\/p>\n<p><label> Sua mensagem (opcional)<br \/>\n<span class=\"wpcf7-form-control-wrap\" data-name=\"your-message\"><textarea cols=\"40\" rows=\"10\" class=\"wpcf7-form-control wpcf7-textarea\" aria-invalid=\"false\" name=\"your-message\"><\/textarea><\/span> <\/label>\n<\/p>\n<div style=\"margin-bottom:10px;\">\n\t<p><span class=\"wpcf7-form-control-wrap kc_captcha cf7ic-toggle\" data-name=\"kc_captcha\"><span class=\"wpcf7-form-control wpcf7-radio\"><span class=\"captcha-image\" style=\"display: none;\"><span class=\"cf7ic_instructions\">Por favor, prove que voc\u00ea \u00e9 humano selecionando o<span> plane<\/span>.<\/span><label><input aria-label=\"1\" type=\"radio\" name=\"kc_captcha\" value=\"bot\" \/><svg aria-hidden=\"true\" role=\"img\" xmlns=\"http:\/\/www.w3.org\/2000\/svg\" viewbox=\"0 0 512 512\"><path fill=\"currentColor\" d=\"M500 168h-55l-8-21a127 127 0 00-120-83H195a127 127 0 00-120 83l-8 21H12c-8 0-14 8-11 16l8 24a12 12 0 0011 8h29a64 64 0 00-33 56v48c0 16 6 31 16 42v62c0 13 11 24 24 24h48c13 0 24-11 24-24v-40h256v40c0 13 11 24 24 24h48c13 0 24-11 24-24v-62c10-11 16-26 16-42v-48c0-24-13-45-33-56h29a12 12 0 0011-8l8-24c3-8-3-16-11-16zm-365 2c9-25 33-42 60-42h122c27 0 51 17 60 42l15 38H120l15-38zM88 328a32 32 0 010-64c18 0 48 30 48 48s-30 16-48 16zm336 0c-18 0-48 2-48-16s30-48 48-48 32 14 32 32-14 32-32 32z\"\/><\/svg><\/label><label><input aria-label=\"2\" type=\"radio\" name=\"kc_captcha\" value=\"bot\" \/><svg aria-hidden=\"true\" role=\"img\" xmlns=\"http:\/\/www.w3.org\/2000\/svg\" viewbox=\"0 0 640 512\"><path fill=\"currentColor\" d=\"M192 384h192c53 0 96-43 96-96h32a128 128 0 000-256H120c-13 0-24 11-24 24v232c0 53 43 96 96 96zM512 96a64 64 0 010 128h-32V96h32zm48 384H48c-47 0-61-64-36-64h584c25 0 11 64-36 64z\"\/><\/svg><\/label><label><input aria-label=\"3\" type=\"radio\" name=\"kc_captcha\" value=\"kc_human\" \/><svg aria-hidden=\"true\" role=\"img\" xmlns=\"http:\/\/www.w3.org\/2000\/svg\" viewbox=\"0 0 576 512\"><path fill=\"currentColor\" d=\"M472 200H360L256 6a12 12 0 00-10-6h-58c-8 0-14 7-12 15l34 185H100l-35-58a12 12 0 00-10-6H12c-8 0-13 7-12 14l21 106L0 362c-1 7 4 14 12 14h43c4 0 8-2 10-6l35-58h110l-34 185c-2 8 4 15 12 15h58a12 12 0 0010-6l104-194h112c57 0 104-25 104-56s-47-56-104-56z\"\/><\/svg><\/label>\r\n    <\/span>\r\n    <span style=\"display:none\">\r\n        <input type=\"text\" name=\"kc_honeypot\">\r\n    <\/span><\/span><\/span>\n\t<\/p>\n<\/div>\n<p><input class=\"wpcf7-form-control wpcf7-submit has-spinner\" type=\"submit\" value=\"Enviar\" \/>\n<\/p><div class=\"wpcf7-response-output\" aria-hidden=\"true\"><\/div>\n<input type=\"hidden\" name=\"trp-form-language\" value=\"pt\"\/><\/form>\n<\/div>","protected":false},"excerpt":{"rendered":"<p>Transporte eficientemente pe\u00e7as de metal com nosso alimentador vibrat\u00f3rio de duas pistas.<\/p>\n<p>-Quantidade m\u00ednima: 1 pe\u00e7a<\/p>\n<p>-Servi\u00e7o OEM\/ODM oferecido<\/p>\n<p>-Aceitar Personaliza\u00e7\u00e3o<\/p>\n<p>Se voc\u00ea deseja obter pre\u00e7os de alimentadores de tigela vibrat\u00f3ria, entre em contato conosco.<\/p>","protected":false},"featured_media":1665,"comment_status":"open","ping_status":"closed","template":"","meta":[],"product_cat":[37],"product_tag":[],"yoast_head":"<!-- This site is optimized with the Yoast SEO plugin v22.2 - https:\/\/yoast.com\/wordpress\/plugins\/seo\/ -->\n<title>Two Tracks Vibratory Bowl Feeder for Metal Part - SWOER<\/title>\n<meta name=\"description\" content=\"Optimize metal part feeding with our Two Tracks Vibratory Bowl Feeder. Increase production efficiency and reduce labor costs. Custom solutions are available.\" \/>\n<meta name=\"robots\" content=\"index, follow, max-snippet:-1, max-image-preview:large, max-video-preview:-1\" \/>\n<link rel=\"canonical\" href=\"https:\/\/swoer.com\/pt\/manufacturer\/metal-part-vibratory-bowl-feeder\/\" \/>\n<meta property=\"og:locale\" content=\"pt_PT\" \/>\n<meta property=\"og:type\" content=\"article\" \/>\n<meta property=\"og:title\" content=\"Two Tracks Vibratory Bowl Feeder for Metal Part - SWOER\" \/>\n<meta property=\"og:description\" content=\"Optimize metal part feeding with our Two Tracks Vibratory Bowl Feeder. Increase production efficiency and reduce labor costs. Custom solutions are available.\" \/>\n<meta property=\"og:url\" content=\"https:\/\/swoer.com\/pt\/manufacturer\/metal-part-vibratory-bowl-feeder\/\" \/>\n<meta property=\"og:site_name\" content=\"SWOER\" \/>\n<meta property=\"article:modified_time\" content=\"2024-08-01T02:13:43+00:00\" \/>\n<meta property=\"og:image\" content=\"https:\/\/swoer.com\/wp-content\/uploads\/2024\/03\/Metal-vibratory-bowl-feeder-3D-model.webp\" \/>\n\t<meta property=\"og:image:width\" content=\"1000\" \/>\n\t<meta property=\"og:image:height\" content=\"1000\" \/>\n\t<meta property=\"og:image:type\" content=\"image\/webp\" \/>\n<meta name=\"twitter:card\" content=\"summary_large_image\" \/>\n<meta name=\"twitter:label1\" content=\"Tempo estimado de leitura\" \/>\n\t<meta name=\"twitter:data1\" content=\"2 minutos\" \/>\n<script type=\"application\/ld+json\" class=\"yoast-schema-graph\">{\"@context\":\"https:\/\/schema.org\",\"@graph\":[{\"@type\":\"WebPage\",\"@id\":\"https:\/\/swoer.com\/manufacturer\/metal-part-vibratory-bowl-feeder\/\",\"url\":\"https:\/\/swoer.com\/manufacturer\/metal-part-vibratory-bowl-feeder\/\",\"name\":\"Two Tracks Vibratory Bowl Feeder for Metal Part - SWOER\",\"isPartOf\":{\"@id\":\"https:\/\/swoer.com\/#website\"},\"primaryImageOfPage\":{\"@id\":\"https:\/\/swoer.com\/manufacturer\/metal-part-vibratory-bowl-feeder\/#primaryimage\"},\"image\":{\"@id\":\"https:\/\/swoer.com\/manufacturer\/metal-part-vibratory-bowl-feeder\/#primaryimage\"},\"thumbnailUrl\":\"https:\/\/swoer.com\/wp-content\/uploads\/2024\/03\/Metal-vibratory-bowl-feeder-3D-model.webp\",\"datePublished\":\"2024-03-28T00:26:35+00:00\",\"dateModified\":\"2024-08-01T02:13:43+00:00\",\"description\":\"Optimize metal part feeding with our Two Tracks Vibratory Bowl Feeder. Increase production efficiency and reduce labor costs. Custom solutions are available.\",\"breadcrumb\":{\"@id\":\"https:\/\/swoer.com\/manufacturer\/metal-part-vibratory-bowl-feeder\/#breadcrumb\"},\"inLanguage\":\"pt-PT\",\"potentialAction\":[{\"@type\":\"ReadAction\",\"target\":[\"https:\/\/swoer.com\/manufacturer\/metal-part-vibratory-bowl-feeder\/\"]}]},{\"@type\":\"ImageObject\",\"inLanguage\":\"pt-PT\",\"@id\":\"https:\/\/swoer.com\/manufacturer\/metal-part-vibratory-bowl-feeder\/#primaryimage\",\"url\":\"https:\/\/swoer.com\/wp-content\/uploads\/2024\/03\/Metal-vibratory-bowl-feeder-3D-model.webp\",\"contentUrl\":\"https:\/\/swoer.com\/wp-content\/uploads\/2024\/03\/Metal-vibratory-bowl-feeder-3D-model.webp\",\"width\":1000,\"height\":1000,\"caption\":\"Metal vibratory bowl feeder 3D model\"},{\"@type\":\"BreadcrumbList\",\"@id\":\"https:\/\/swoer.com\/manufacturer\/metal-part-vibratory-bowl-feeder\/#breadcrumb\",\"itemListElement\":[{\"@type\":\"ListItem\",\"position\":1,\"name\":\"Home\",\"item\":\"https:\/\/swoer.com\/\"},{\"@type\":\"ListItem\",\"position\":2,\"name\":\"Shop\",\"item\":\"https:\/\/swoer.com\/shop\/\"},{\"@type\":\"ListItem\",\"position\":3,\"name\":\"Two Tracks Vibratory Bowl Feeder for Metal Part\"}]},{\"@type\":\"WebSite\",\"@id\":\"https:\/\/swoer.com\/#website\",\"url\":\"https:\/\/swoer.com\/\",\"name\":\"SWOER\",\"description\":\"Swoer is the top 3 vibratory bowl feeder manufacturer in China\",\"potentialAction\":[{\"@type\":\"SearchAction\",\"target\":{\"@type\":\"EntryPoint\",\"urlTemplate\":\"https:\/\/swoer.com\/?s={search_term_string}\"},\"query-input\":\"required name=search_term_string\"}],\"inLanguage\":\"pt-PT\"}]}<\/script>\n<!-- \/ Yoast SEO plugin. -->","yoast_head_json":{"title":"Two Tracks Vibratory Bowl Feeder for Metal Part - SWOER","description":"Optimize metal part feeding with our Two Tracks Vibratory Bowl Feeder. Increase production efficiency and reduce labor costs. Custom solutions are available.","robots":{"index":"index","follow":"follow","max-snippet":"max-snippet:-1","max-image-preview":"max-image-preview:large","max-video-preview":"max-video-preview:-1"},"canonical":"https:\/\/swoer.com\/pt\/manufacturer\/metal-part-vibratory-bowl-feeder\/","og_locale":"pt_PT","og_type":"article","og_title":"Two Tracks Vibratory Bowl Feeder for Metal Part - SWOER","og_description":"Optimize metal part feeding with our Two Tracks Vibratory Bowl Feeder. Increase production efficiency and reduce labor costs. Custom solutions are available.","og_url":"https:\/\/swoer.com\/pt\/manufacturer\/metal-part-vibratory-bowl-feeder\/","og_site_name":"SWOER","article_modified_time":"2024-08-01T02:13:43+00:00","og_image":[{"width":1000,"height":1000,"url":"https:\/\/swoer.com\/wp-content\/uploads\/2024\/03\/Metal-vibratory-bowl-feeder-3D-model.webp","type":"image\/webp"}],"twitter_card":"summary_large_image","twitter_misc":{"Tempo estimado de leitura":"2 minutos"},"schema":{"@context":"https:\/\/schema.org","@graph":[{"@type":"WebPage","@id":"https:\/\/swoer.com\/manufacturer\/metal-part-vibratory-bowl-feeder\/","url":"https:\/\/swoer.com\/manufacturer\/metal-part-vibratory-bowl-feeder\/","name":"Two Tracks Vibratory Bowl Feeder for Metal Part - SWOER","isPartOf":{"@id":"https:\/\/swoer.com\/#website"},"primaryImageOfPage":{"@id":"https:\/\/swoer.com\/manufacturer\/metal-part-vibratory-bowl-feeder\/#primaryimage"},"image":{"@id":"https:\/\/swoer.com\/manufacturer\/metal-part-vibratory-bowl-feeder\/#primaryimage"},"thumbnailUrl":"https:\/\/swoer.com\/wp-content\/uploads\/2024\/03\/Metal-vibratory-bowl-feeder-3D-model.webp","datePublished":"2024-03-28T00:26:35+00:00","dateModified":"2024-08-01T02:13:43+00:00","description":"Optimize metal part feeding with our Two Tracks Vibratory Bowl Feeder. Increase production efficiency and reduce labor costs. Custom solutions are available.","breadcrumb":{"@id":"https:\/\/swoer.com\/manufacturer\/metal-part-vibratory-bowl-feeder\/#breadcrumb"},"inLanguage":"pt-PT","potentialAction":[{"@type":"ReadAction","target":["https:\/\/swoer.com\/manufacturer\/metal-part-vibratory-bowl-feeder\/"]}]},{"@type":"ImageObject","inLanguage":"pt-PT","@id":"https:\/\/swoer.com\/manufacturer\/metal-part-vibratory-bowl-feeder\/#primaryimage","url":"https:\/\/swoer.com\/wp-content\/uploads\/2024\/03\/Metal-vibratory-bowl-feeder-3D-model.webp","contentUrl":"https:\/\/swoer.com\/wp-content\/uploads\/2024\/03\/Metal-vibratory-bowl-feeder-3D-model.webp","width":1000,"height":1000,"caption":"Metal vibratory bowl feeder 3D model"},{"@type":"BreadcrumbList","@id":"https:\/\/swoer.com\/manufacturer\/metal-part-vibratory-bowl-feeder\/#breadcrumb","itemListElement":[{"@type":"ListItem","position":1,"name":"Home","item":"https:\/\/swoer.com\/"},{"@type":"ListItem","position":2,"name":"Shop","item":"https:\/\/swoer.com\/shop\/"},{"@type":"ListItem","position":3,"name":"Two Tracks Vibratory Bowl Feeder for Metal Part"}]},{"@type":"WebSite","@id":"https:\/\/swoer.com\/#website","url":"https:\/\/swoer.com\/","name":"SWOER","description":"Swoer is the top 3 vibratory bowl feeder manufacturer in China","potentialAction":[{"@type":"SearchAction","target":{"@type":"EntryPoint","urlTemplate":"https:\/\/swoer.com\/?s={search_term_string}"},"query-input":"required name=search_term_string"}],"inLanguage":"pt-PT"}]}},"_links":{"self":[{"href":"https:\/\/swoer.com\/pt\/wp-json\/wp\/v2\/product\/1664"}],"collection":[{"href":"https:\/\/swoer.com\/pt\/wp-json\/wp\/v2\/product"}],"about":[{"href":"https:\/\/swoer.com\/pt\/wp-json\/wp\/v2\/types\/product"}],"replies":[{"embeddable":true,"href":"https:\/\/swoer.com\/pt\/wp-json\/wp\/v2\/comments?post=1664"}],"wp:featuredmedia":[{"embeddable":true,"href":"https:\/\/swoer.com\/pt\/wp-json\/wp\/v2\/media\/1665"}],"wp:attachment":[{"href":"https:\/\/swoer.com\/pt\/wp-json\/wp\/v2\/media?parent=1664"}],"wp:term":[{"taxonomy":"product_cat","embeddable":true,"href":"https:\/\/swoer.com\/pt\/wp-json\/wp\/v2\/product_cat?post=1664"},{"taxonomy":"product_tag","embeddable":true,"href":"https:\/\/swoer.com\/pt\/wp-json\/wp\/v2\/product_tag?post=1664"}],"curies":[{"name":"wp","href":"https:\/\/api.w.org\/{rel}","templated":true}]}}