{"id":3343,"date":"2025-04-25T10:07:57","date_gmt":"2025-04-25T02:07:57","guid":{"rendered":"https:\/\/swoer.com\/?post_type=product&#038;p=3343"},"modified":"2025-04-25T14:13:46","modified_gmt":"2025-04-25T06:13:46","slug":"vibrating-bowl-feeder-%ef%bc%8dvibration-bowl-feeder-%ef%bc%8dbowl-feeder","status":"publish","type":"product","link":"https:\/\/swoer.com\/pl\/manufacturer\/vibrating-bowl-feeder-%ef%bc%8dvibration-bowl-feeder-%ef%bc%8dbowl-feeder\/","title":{"rendered":"Podajnik wibracyjny miskowy \uff0d Podajnik wibracyjny miskowy \uff0d Podajnik miskowy"},"content":{"rendered":"<h2 data-start=\"60\" data-end=\"115\">Dlaczego warto wybra\u0107 firm\u0119 SWOER do produkcji niestandardowych wibracyjnych podajnik\u00f3w miskowych?<\/h2>\n<ul data-start=\"117\" data-end=\"772\">\n<li class=\"\" data-start=\"117\" data-end=\"212\">\n<p class=\"\" data-start=\"119\" data-end=\"212\"><strong data-start=\"119\" data-end=\"135\">Wykonane na zam\u00f3wienie:<\/strong> Ka\u017cdy podajnik miskowy jest dostosowany do rozmiaru, kszta\u0142tu i potrzeb podawania cz\u0119\u015bci.<\/p>\n<\/li>\n<li class=\"\" data-start=\"213\" data-end=\"325\">\n<p class=\"\" data-start=\"215\" data-end=\"325\"><strong data-start=\"215\" data-end=\"245\">Dok\u0142adne i szybkie podawanie:<\/strong> Podajniki SWOER zapewniaj\u0105 p\u0142ynny i szybki ruch cz\u0119\u015bci w zautomatyzowanej linii.<\/p>\n<\/li>\n<li class=\"\" data-start=\"326\" data-end=\"449\">\n<p class=\"\" data-start=\"328\" data-end=\"449\"><strong data-start=\"328\" data-end=\"357\">Bogate do\u015bwiadczenie bran\u017cowe:<\/strong> Ponad 10 lat wsp\u00f3\u0142pracy z producentami samochod\u00f3w, elektroniki, sprz\u0119tu medycznego i firmami zajmuj\u0105cymi si\u0119 opakowaniami.<\/p>\n<\/li>\n<li class=\"\" data-start=\"450\" data-end=\"555\">\n<p class=\"\" data-start=\"452\" data-end=\"555\"><strong data-start=\"452\" data-end=\"479\">Ma\u0142y i oszcz\u0119dzaj\u0105cy miejsce:<\/strong> Obs\u0142uguje ma\u0142e cz\u0119\u015bci o \u015brednicy nawet 2 mm; doskona\u0142y spos\u00f3b na zaoszcz\u0119dzenie miejsca na maszynach.<\/p>\n<\/li>\n<li class=\"\" data-start=\"556\" data-end=\"654\">\n<p class=\"\" data-start=\"558\" data-end=\"654\"><strong data-start=\"558\" data-end=\"577\">Stabilna jako\u015b\u0107:<\/strong> Wszystkie karmniki s\u0105 dok\u0142adnie testowane, aby mie\u0107 pewno\u015b\u0107, \u017ce dzia\u0142aj\u0105 dobrze i d\u0142ugo s\u0142u\u017c\u0105.<\/p>\n<\/li>\n<li class=\"\" data-start=\"655\" data-end=\"772\">\n<p class=\"\" data-start=\"657\" data-end=\"772\"><strong data-start=\"657\" data-end=\"681\">Szybka globalna obs\u0142uga:<\/strong> Dzi\u0119ki oddzia\u0142owi w Wietnamie i szybkiemu wsparciu w Azji i Europie wsp\u00f3\u0142praca z nami jest \u0142atwa.<\/p>\n<\/li>\n<\/ul>\n\t<div id=\"gap-132740698\" class=\"gap-element clearfix\" style=\"display:block; height:auto;\">\n\t\t\n<style>\n#gap-132740698 {\n  padding-top: 30px;\n}\n<\/style>\n\t<\/div>\n\t\n<h2 data-start=\"57\" data-end=\"120\">Informacje potrzebne do dostosowania podajnika wibracyjnego:<\/h2>\n<ol data-start=\"122\" data-end=\"1419\">\n<li class=\"\" data-start=\"122\" data-end=\"285\">\n<p class=\"\" data-start=\"125\" data-end=\"155\"><strong data-start=\"125\" data-end=\"153\">Pr\u00f3bki cz\u0119\u015bci lub rysunki<\/strong><\/p>\n<ul data-start=\"159\" data-end=\"285\">\n<li class=\"\" data-start=\"159\" data-end=\"212\">\n<p class=\"\" data-start=\"161\" data-end=\"212\">Wy\u015blij nam prawdziwe pr\u00f3bki cz\u0119\u015bci lub wyra\u017ane rysunki 3D<\/p>\n<\/li>\n<li class=\"\" data-start=\"216\" data-end=\"285\">\n<p class=\"\" data-start=\"218\" data-end=\"285\">Sprawdzamy rozmiar, kszta\u0142t, materia\u0142, powierzchni\u0119 i spos\u00f3b, w jaki cz\u0119\u015bci musz\u0105 by\u0107 ustawione<\/p>\n<\/li>\n<\/ul>\n<\/li>\n<li class=\"\" data-start=\"287\" data-end=\"418\">\n<p class=\"\" data-start=\"290\" data-end=\"313\"><strong data-start=\"290\" data-end=\"311\">Kierunek karmienia<\/strong><\/p>\n<ul data-start=\"317\" data-end=\"418\">\n<li class=\"\" data-start=\"317\" data-end=\"369\">\n<p class=\"\" data-start=\"319\" data-end=\"369\">Czy cz\u0119\u015bci powinny porusza\u0107 si\u0119 zgodnie z ruchem wskaz\u00f3wek zegara czy przeciwnie do ruchu wskaz\u00f3wek zegara?<\/p>\n<\/li>\n<li class=\"\" data-start=\"373\" data-end=\"418\">\n<p class=\"\" data-start=\"375\" data-end=\"418\">Czy musz\u0105 by\u0107 skierowane do g\u00f3ry, do do\u0142u czy na bok?<\/p>\n<\/li>\n<\/ul>\n<\/li>\n<li class=\"\" data-start=\"420\" data-end=\"518\">\n<p class=\"\" data-start=\"423\" data-end=\"442\"><strong data-start=\"423\" data-end=\"440\">Pr\u0119dko\u015b\u0107 podawania<\/strong><\/p>\n<ul data-start=\"446\" data-end=\"518\">\n<li class=\"\" data-start=\"446\" data-end=\"488\">\n<p class=\"\" data-start=\"448\" data-end=\"488\">Ile cz\u0119\u015bci na minut\u0119 potrzebujesz?<\/p>\n<\/li>\n<li class=\"\" data-start=\"492\" data-end=\"518\">\n<p class=\"\" data-start=\"494\" data-end=\"518\">Jakie\u015b wymagania czasowe?<\/p>\n<\/li>\n<\/ul>\n<\/li>\n<li class=\"\" data-start=\"520\" data-end=\"654\">\n<p class=\"\" data-start=\"523\" data-end=\"538\"><strong data-start=\"523\" data-end=\"536\">Rozmiar cz\u0119\u015bci<\/strong><\/p>\n<ul data-start=\"542\" data-end=\"654\">\n<li class=\"\" data-start=\"542\" data-end=\"609\">\n<p class=\"\" data-start=\"544\" data-end=\"609\">Jakie s\u0105 najmniejsze i najwi\u0119ksze wymiary Pa\u0144stwa cz\u0119\u015bci (d\u0142. x szer. x wys.)?<\/p>\n<\/li>\n<li class=\"\" data-start=\"613\" data-end=\"654\">\n<p class=\"\" data-start=\"615\" data-end=\"654\">Czy cz\u0119\u015bci s\u0105 bardzo ma\u0142e lub maj\u0105 nietypowy kszta\u0142t?<\/p>\n<\/li>\n<\/ul>\n<\/li>\n<li class=\"\" data-start=\"656\" data-end=\"807\">\n<p class=\"\" data-start=\"659\" data-end=\"678\"><strong data-start=\"659\" data-end=\"676\">Materia\u0142 cz\u0119\u015bci<\/strong><\/p>\n<ul data-start=\"682\" data-end=\"807\">\n<li class=\"\" data-start=\"682\" data-end=\"742\">\n<p class=\"\" data-start=\"684\" data-end=\"742\">Czy cz\u0119\u015bci s\u0105 plastikowe, metalowe, gumowe czy inne?<\/p>\n<\/li>\n<li class=\"\" data-start=\"746\" data-end=\"807\">\n<p class=\"\" data-start=\"748\" data-end=\"807\">Pomaga nam to wybra\u0107 odpowiedni\u0105 pow\u0142ok\u0119 lub obr\u00f3bk\u0119 powierzchni<\/p>\n<\/li>\n<\/ul>\n<\/li>\n<li class=\"\" data-start=\"809\" data-end=\"946\">\n<p class=\"\" data-start=\"812\" data-end=\"837\"><strong data-start=\"812\" data-end=\"835\">\u015arodowisko pracy<\/strong><\/p>\n<ul data-start=\"841\" data-end=\"946\">\n<li class=\"\" data-start=\"841\" data-end=\"891\">\n<p class=\"\" data-start=\"843\" data-end=\"891\">Czy jest to pomieszczenie czyste, gor\u0105ce, wilgotne lub zakurzone?<\/p>\n<\/li>\n<li class=\"\" data-start=\"895\" data-end=\"946\">\n<p class=\"\" data-start=\"897\" data-end=\"946\">Jakiego zasilania u\u017cywasz? (np. 220V lub 110V)<\/p>\n<\/li>\n<\/ul>\n<\/li>\n<li class=\"\" data-start=\"948\" data-end=\"1113\">\n<p class=\"\" data-start=\"951\" data-end=\"976\"><strong data-start=\"951\" data-end=\"974\">Pod\u0142\u0105czone urz\u0105dzenia<\/strong><\/p>\n<ul data-start=\"980\" data-end=\"1113\">\n<li class=\"\" data-start=\"980\" data-end=\"1045\">\n<p class=\"\" data-start=\"982\" data-end=\"1045\">Czy b\u0119dziesz go u\u017cywa\u0107 z systemem kamer, ramieniem robota lub przeno\u015bnikiem?<\/p>\n<\/li>\n<li class=\"\" data-start=\"1049\" data-end=\"1113\">\n<p class=\"\" data-start=\"1051\" data-end=\"1113\">Jak chcesz, aby cz\u0119\u015bci zosta\u0142y wyj\u0119te \u2014 na prowadnicach, szynach czy torach?<\/p>\n<\/li>\n<\/ul>\n<\/li>\n<li class=\"\" data-start=\"1115\" data-end=\"1283\">\n<p class=\"\" data-start=\"1118\" data-end=\"1155\"><strong data-start=\"1118\" data-end=\"1153\">Materia\u0142 miski i potrzeby powierzchniowe<\/strong><\/p>\n<ul data-start=\"1159\" data-end=\"1283\">\n<li class=\"\" data-start=\"1159\" data-end=\"1221\">\n<p class=\"\" data-start=\"1161\" data-end=\"1221\">Czy chcesz misk\u0119 ze stali nierdzewnej, aluminium czy plastiku?<\/p>\n<\/li>\n<li class=\"\" data-start=\"1225\" data-end=\"1283\">\n<p class=\"\" data-start=\"1227\" data-end=\"1283\">Potrzebujesz dodatkowej pow\u0142oki, aby zredukowa\u0107 ha\u0142as lub zabezpieczy\u0107 cz\u0119\u015bci?<\/p>\n<\/li>\n<\/ul>\n<\/li>\n<li class=\"\" data-start=\"1285\" data-end=\"1419\">\n<p class=\"\" data-start=\"1288\" data-end=\"1316\"><strong data-start=\"1288\" data-end=\"1314\">Miejsce na instalacj\u0119<\/strong><\/p>\n<ul data-start=\"1320\" data-end=\"1419\">\n<li class=\"\" data-start=\"1320\" data-end=\"1366\">\n<p class=\"\" data-start=\"1322\" data-end=\"1366\">Ile miejsca masz na karmnik?<\/p>\n<\/li>\n<li class=\"\" data-start=\"1370\" data-end=\"1419\">\n<p class=\"\" data-start=\"1372\" data-end=\"1419\">Czy potrzebujesz mniejszego lub specjalnego projektu?<\/p>\n<\/li>\n<\/ul>\n<\/li>\n<\/ol>\n\t<div id=\"gap-499551401\" class=\"gap-element clearfix\" style=\"display:block; height:auto;\">\n\t\t\n<style>\n#gap-499551401 {\n  padding-top: 30px;\n}\n<\/style>\n\t<\/div>\n\t\n<h2>Skontaktuj si\u0119 z SWOER ju\u017c teraz<\/h2>\n\n<div class=\"wpcf7 no-js\" id=\"wpcf7-f280-o1\" lang=\"en-US\" dir=\"ltr\">\n<div class=\"screen-reader-response\"><p role=\"status\" aria-live=\"polite\" aria-atomic=\"true\"><\/p> <ul><\/ul><\/div>\n<form action=\"\/pl\/wp-json\/wp\/v2\/product\/3343#wpcf7-f280-o1\" method=\"post\" class=\"wpcf7-form init\" aria-label=\"Formularz kontaktowy\" novalidate=\"novalidate\" data-status=\"init\" data-trp-original-action=\"\/pl\/wp-json\/wp\/v2\/product\/3343#wpcf7-f280-o1\">\n<div style=\"display: none;\">\n<input type=\"hidden\" name=\"_wpcf7\" value=\"280\" \/>\n<input type=\"hidden\" name=\"_wpcf7_version\" value=\"5.9.2\" \/>\n<input type=\"hidden\" name=\"_wpcf7_locale\" value=\"en_US\" \/>\n<input type=\"hidden\" name=\"_wpcf7_unit_tag\" value=\"wpcf7-f280-o1\" \/>\n<input type=\"hidden\" name=\"_wpcf7_container_post\" value=\"0\" \/>\n<input type=\"hidden\" name=\"_wpcf7_posted_data_hash\" value=\"\" \/>\n<\/div>\n<div class='custom_contact_style'>\n\t<div class=\"row row-small\">\n\t\t<div class=\"col medium-6 small-12 large-6\">\n\t\t\t<div class=\"col-inner\">\n\t\t\t\t<p><span class=\"wpcf7-form-control-wrap\" data-name=\"your-name\"><input size=\"40\" class=\"wpcf7-form-control wpcf7-text wpcf7-validates-as-required\" aria-required=\"true\" aria-invalid=\"false\" placeholder=\"Nazwa*\" value=\"\" type=\"text\" name=\"your-name\" \/><\/span>\n\t\t\t\t<\/p>\n\t\t\t<\/div>\n\t\t<\/div>\n\t\t<div class=\"col medium-6 small-12 large-6\">\n\t\t\t<div class=\"col-inner\">\n\t\t\t\t<p><span class=\"wpcf7-form-control-wrap\" data-name=\"your-email\"><input size=\"40\" class=\"wpcf7-form-control wpcf7-email wpcf7-validates-as-required wpcf7-text wpcf7-validates-as-email\" aria-required=\"true\" aria-invalid=\"false\" placeholder=\"E-mail*\" value=\"\" type=\"email\" name=\"your-email\" \/><\/span>\n\t\t\t\t<\/p>\n\t\t\t<\/div>\n\t\t<\/div>\n\t<\/div>\n\t<div class='cus_contact_form_bottom'>\n\t\t<p><span class=\"wpcf7-form-control-wrap\" data-name=\"your-phone\"><input size=\"40\" class=\"wpcf7-form-control wpcf7-text\" aria-invalid=\"false\" placeholder=\"Telefon\" value=\"\" type=\"text\" name=\"your-phone\" \/><\/span>\n\t\t<\/p>\n\t<\/div>\n\t<div class='cus_contact_form_bottom'>\n\t\t<p><span class=\"wpcf7-form-control-wrap\" data-name=\"your-country\"><input size=\"40\" class=\"wpcf7-form-control wpcf7-text\" aria-invalid=\"false\" placeholder=\"Kraj\" value=\"\" type=\"text\" name=\"your-country\" \/><\/span>\n\t\t<\/p>\n\t<\/div>\n\t<p><span class=\"wpcf7-form-control-wrap\" data-name=\"your-message\"><textarea cols=\"40\" rows=\"10\" class=\"wpcf7-form-control wpcf7-textarea wpcf7-validates-as-required\" aria-required=\"true\" aria-invalid=\"false\" placeholder=\"Twoja wiadomo\u015b\u0107 *\" name=\"your-message\"><\/textarea><\/span>\n\t<\/p>\n\t<div style=\"margin-bottom:10px;\">\n\t\t<p><span class=\"wpcf7-form-control-wrap kc_captcha cf7ic-toggle\" data-name=\"kc_captcha\"><span class=\"wpcf7-form-control wpcf7-radio\"><span class=\"captcha-image\" style=\"display: none;\"><span class=\"cf7ic_instructions\">Udowodnij, \u017ce jeste\u015b cz\u0142owiekiem, wybieraj\u0105c opcj\u0119<span> truck<\/span>.<\/span><label><input aria-label=\"1\" type=\"radio\" name=\"kc_captcha\" value=\"bot\" \/><svg aria-hidden=\"true\" role=\"img\" xmlns=\"http:\/\/www.w3.org\/2000\/svg\" viewbox=\"0 0 512 512\"><path fill=\"currentColor\" d=\"M350 99c-54 0-98-35-166-35-25 0-47 4-68 12a56 56 0 004-24C118 24 95 1 66 0a56 56 0 00-34 102v386c0 13 11 24 24 24h16c13 0 24-11 24-24v-94c28-12 64-23 114-23 54 0 98 35 166 35 48 0 86-16 122-41 9-6 14-15 14-26V96c0-23-24-39-45-29-35 16-77 32-117 32z\"\/><\/svg><\/label><label><input aria-label=\"2\" type=\"radio\" name=\"kc_captcha\" value=\"kc_human\" \/><svg aria-hidden=\"true\" role=\"img\" xmlns=\"http:\/\/www.w3.org\/2000\/svg\" viewbox=\"0 0 640 512\"><path fill=\"currentColor\" d=\"M624 352h-16V244c0-13-5-25-14-34L494 110c-9-9-21-14-34-14h-44V48c0-26-21-48-48-48H48C22 0 0 22 0 48v320c0 27 22 48 48 48h16a96 96 0 00192 0h128a96 96 0 00192 0h48c9 0 16-7 16-16v-32c0-9-7-16-16-16zM160 464a48 48 0 110-96 48 48 0 010 96zm320 0a48 48 0 110-96 48 48 0 010 96zm80-208H416V144h44l100 100v12z\"\/><\/svg><\/label><label><input aria-label=\"3\" type=\"radio\" name=\"kc_captcha\" value=\"bot\" \/><svg aria-hidden=\"true\" role=\"img\" xmlns=\"http:\/\/www.w3.org\/2000\/svg\" viewbox=\"0 0 384 512\"><path fill=\"currentColor\" d=\"M377 375l-83-87h34c21 0 32-25 17-40l-82-88h33c21 0 32-25 18-40L210 8c-10-11-26-11-36 0L70 120c-14 15-3 40 18 40h33l-82 88c-15 15-4 40 17 40h34L7 375c-15 16-4 41 17 41h120c0 33-11 49-34 68-12 9-5 28 10 28h144c15 0 22-19 10-28-20-16-34-32-34-68h120c21 0 32-25 17-41z\"\/><\/svg><\/label>\r\n    <\/span>\r\n    <span style=\"display:none\">\r\n        <input type=\"text\" name=\"kc_honeypot\">\r\n    <\/span><\/span><\/span>\n\t\t<\/p>\n\t<\/div>\n\t<p><input class=\"wpcf7-form-control wpcf7-submit has-spinner\" type=\"submit\" value=\"Wy\u015blij wiadomo\u015b\u0107\" \/>\n\t<\/p>\n<\/div><div class=\"wpcf7-response-output\" aria-hidden=\"true\"><\/div>\n<input type=\"hidden\" name=\"trp-form-language\" value=\"pl\"\/><\/form>\n<\/div>","protected":false},"excerpt":{"rendered":"<p>SWOER specjalizuje si\u0119 w niestandardowych podajnikach wibracyjnych miskowych dostosowanych do Twoich cz\u0119\u015bci. Dzi\u0119ki ponad 10-letniemu do\u015bwiadczeniu dostarczamy stabilne, szybkie rozwi\u0105zania do podawania dla automatyzacji w motoryzacji, elektronice, medycynie i innych. Kompaktowe, niezawodne i zbudowane dla precyzji.<\/p>","protected":false},"featured_media":3344,"comment_status":"open","ping_status":"closed","template":"","meta":[],"product_cat":[37],"product_tag":[],"yoast_head":"<!-- This site is optimized with the Yoast SEO plugin v22.2 - https:\/\/yoast.com\/wordpress\/plugins\/seo\/ -->\n<title>Vibrating Bowl Feeder \uff0dVibration Bowl Feeder \uff0dBowl Feeder - SWOER<\/title>\n<meta name=\"description\" content=\"SWOER is a professional manufacturer of vibrating bowl feeders, offering custom vibration bowl feeder solutions for precise part feeding and automation.\" \/>\n<meta name=\"robots\" content=\"index, follow, max-snippet:-1, max-image-preview:large, max-video-preview:-1\" \/>\n<link rel=\"canonical\" href=\"https:\/\/swoer.com\/pl\/manufacturer\/vibrating-bowl-feeder-\uff0dvibration-bowl-feeder-\uff0dbowl-feeder\/\" \/>\n<meta property=\"og:locale\" content=\"pl_PL\" \/>\n<meta property=\"og:type\" content=\"article\" \/>\n<meta property=\"og:title\" content=\"Vibrating Bowl Feeder \uff0dVibration Bowl Feeder \uff0dBowl Feeder - SWOER\" \/>\n<meta property=\"og:description\" content=\"SWOER is a professional manufacturer of vibrating bowl feeders, offering custom vibration bowl feeder solutions for precise part feeding and automation.\" \/>\n<meta property=\"og:url\" content=\"https:\/\/swoer.com\/pl\/manufacturer\/vibrating-bowl-feeder-\uff0dvibration-bowl-feeder-\uff0dbowl-feeder\/\" \/>\n<meta property=\"og:site_name\" content=\"SWOER\" \/>\n<meta property=\"article:modified_time\" content=\"2025-04-25T06:13:46+00:00\" \/>\n<meta property=\"og:image\" content=\"https:\/\/swoer.com\/wp-content\/uploads\/2025\/04\/Vibrating-Bowl-Feeder.webp\" \/>\n\t<meta property=\"og:image:width\" content=\"800\" \/>\n\t<meta property=\"og:image:height\" content=\"800\" \/>\n\t<meta property=\"og:image:type\" content=\"image\/webp\" \/>\n<meta name=\"twitter:card\" content=\"summary_large_image\" \/>\n<meta name=\"twitter:label1\" content=\"Szacowany czas czytania\" \/>\n\t<meta name=\"twitter:data1\" content=\"2 minuty\" \/>\n<script type=\"application\/ld+json\" class=\"yoast-schema-graph\">{\"@context\":\"https:\/\/schema.org\",\"@graph\":[{\"@type\":\"WebPage\",\"@id\":\"https:\/\/swoer.com\/manufacturer\/vibrating-bowl-feeder-%ef%bc%8dvibration-bowl-feeder-%ef%bc%8dbowl-feeder\/\",\"url\":\"https:\/\/swoer.com\/manufacturer\/vibrating-bowl-feeder-%ef%bc%8dvibration-bowl-feeder-%ef%bc%8dbowl-feeder\/\",\"name\":\"Vibrating Bowl Feeder \uff0dVibration Bowl Feeder \uff0dBowl Feeder - SWOER\",\"isPartOf\":{\"@id\":\"https:\/\/swoer.com\/#website\"},\"primaryImageOfPage\":{\"@id\":\"https:\/\/swoer.com\/manufacturer\/vibrating-bowl-feeder-%ef%bc%8dvibration-bowl-feeder-%ef%bc%8dbowl-feeder\/#primaryimage\"},\"image\":{\"@id\":\"https:\/\/swoer.com\/manufacturer\/vibrating-bowl-feeder-%ef%bc%8dvibration-bowl-feeder-%ef%bc%8dbowl-feeder\/#primaryimage\"},\"thumbnailUrl\":\"https:\/\/swoer.com\/wp-content\/uploads\/2025\/04\/Vibrating-Bowl-Feeder.webp\",\"datePublished\":\"2025-04-25T02:07:57+00:00\",\"dateModified\":\"2025-04-25T06:13:46+00:00\",\"description\":\"SWOER is a professional manufacturer of vibrating bowl feeders, offering custom vibration bowl feeder solutions for precise part feeding and automation.\",\"breadcrumb\":{\"@id\":\"https:\/\/swoer.com\/manufacturer\/vibrating-bowl-feeder-%ef%bc%8dvibration-bowl-feeder-%ef%bc%8dbowl-feeder\/#breadcrumb\"},\"inLanguage\":\"pl-PL\",\"potentialAction\":[{\"@type\":\"ReadAction\",\"target\":[\"https:\/\/swoer.com\/manufacturer\/vibrating-bowl-feeder-%ef%bc%8dvibration-bowl-feeder-%ef%bc%8dbowl-feeder\/\"]}]},{\"@type\":\"ImageObject\",\"inLanguage\":\"pl-PL\",\"@id\":\"https:\/\/swoer.com\/manufacturer\/vibrating-bowl-feeder-%ef%bc%8dvibration-bowl-feeder-%ef%bc%8dbowl-feeder\/#primaryimage\",\"url\":\"https:\/\/swoer.com\/wp-content\/uploads\/2025\/04\/Vibrating-Bowl-Feeder.webp\",\"contentUrl\":\"https:\/\/swoer.com\/wp-content\/uploads\/2025\/04\/Vibrating-Bowl-Feeder.webp\",\"width\":800,\"height\":800,\"caption\":\"Vibrating Bowl Feeder\"},{\"@type\":\"BreadcrumbList\",\"@id\":\"https:\/\/swoer.com\/manufacturer\/vibrating-bowl-feeder-%ef%bc%8dvibration-bowl-feeder-%ef%bc%8dbowl-feeder\/#breadcrumb\",\"itemListElement\":[{\"@type\":\"ListItem\",\"position\":1,\"name\":\"Home\",\"item\":\"https:\/\/swoer.com\/\"},{\"@type\":\"ListItem\",\"position\":2,\"name\":\"Shop\",\"item\":\"https:\/\/swoer.com\/shop\/\"},{\"@type\":\"ListItem\",\"position\":3,\"name\":\"Vibrating Bowl Feeder \uff0dVibration Bowl Feeder \uff0dBowl Feeder\"}]},{\"@type\":\"WebSite\",\"@id\":\"https:\/\/swoer.com\/#website\",\"url\":\"https:\/\/swoer.com\/\",\"name\":\"SWOER\",\"description\":\"Swoer is the top 3 vibratory bowl feeder manufacturer in China\",\"potentialAction\":[{\"@type\":\"SearchAction\",\"target\":{\"@type\":\"EntryPoint\",\"urlTemplate\":\"https:\/\/swoer.com\/?s={search_term_string}\"},\"query-input\":\"required name=search_term_string\"}],\"inLanguage\":\"pl-PL\"}]}<\/script>\n<!-- \/ Yoast SEO plugin. -->","yoast_head_json":{"title":"Vibrating Bowl Feeder \uff0dVibration Bowl Feeder \uff0dBowl Feeder - SWOER","description":"SWOER is a professional manufacturer of vibrating bowl feeders, offering custom vibration bowl feeder solutions for precise part feeding and automation.","robots":{"index":"index","follow":"follow","max-snippet":"max-snippet:-1","max-image-preview":"max-image-preview:large","max-video-preview":"max-video-preview:-1"},"canonical":"https:\/\/swoer.com\/pl\/manufacturer\/vibrating-bowl-feeder-\uff0dvibration-bowl-feeder-\uff0dbowl-feeder\/","og_locale":"pl_PL","og_type":"article","og_title":"Vibrating Bowl Feeder \uff0dVibration Bowl Feeder \uff0dBowl Feeder - SWOER","og_description":"SWOER is a professional manufacturer of vibrating bowl feeders, offering custom vibration bowl feeder solutions for precise part feeding and automation.","og_url":"https:\/\/swoer.com\/pl\/manufacturer\/vibrating-bowl-feeder-\uff0dvibration-bowl-feeder-\uff0dbowl-feeder\/","og_site_name":"SWOER","article_modified_time":"2025-04-25T06:13:46+00:00","og_image":[{"width":800,"height":800,"url":"https:\/\/swoer.com\/wp-content\/uploads\/2025\/04\/Vibrating-Bowl-Feeder.webp","type":"image\/webp"}],"twitter_card":"summary_large_image","twitter_misc":{"Szacowany czas czytania":"2 minuty"},"schema":{"@context":"https:\/\/schema.org","@graph":[{"@type":"WebPage","@id":"https:\/\/swoer.com\/manufacturer\/vibrating-bowl-feeder-%ef%bc%8dvibration-bowl-feeder-%ef%bc%8dbowl-feeder\/","url":"https:\/\/swoer.com\/manufacturer\/vibrating-bowl-feeder-%ef%bc%8dvibration-bowl-feeder-%ef%bc%8dbowl-feeder\/","name":"Vibrating Bowl Feeder \uff0dVibration Bowl Feeder \uff0dBowl Feeder - SWOER","isPartOf":{"@id":"https:\/\/swoer.com\/#website"},"primaryImageOfPage":{"@id":"https:\/\/swoer.com\/manufacturer\/vibrating-bowl-feeder-%ef%bc%8dvibration-bowl-feeder-%ef%bc%8dbowl-feeder\/#primaryimage"},"image":{"@id":"https:\/\/swoer.com\/manufacturer\/vibrating-bowl-feeder-%ef%bc%8dvibration-bowl-feeder-%ef%bc%8dbowl-feeder\/#primaryimage"},"thumbnailUrl":"https:\/\/swoer.com\/wp-content\/uploads\/2025\/04\/Vibrating-Bowl-Feeder.webp","datePublished":"2025-04-25T02:07:57+00:00","dateModified":"2025-04-25T06:13:46+00:00","description":"SWOER is a professional manufacturer of vibrating bowl feeders, offering custom vibration bowl feeder solutions for precise part feeding and automation.","breadcrumb":{"@id":"https:\/\/swoer.com\/manufacturer\/vibrating-bowl-feeder-%ef%bc%8dvibration-bowl-feeder-%ef%bc%8dbowl-feeder\/#breadcrumb"},"inLanguage":"pl-PL","potentialAction":[{"@type":"ReadAction","target":["https:\/\/swoer.com\/manufacturer\/vibrating-bowl-feeder-%ef%bc%8dvibration-bowl-feeder-%ef%bc%8dbowl-feeder\/"]}]},{"@type":"ImageObject","inLanguage":"pl-PL","@id":"https:\/\/swoer.com\/manufacturer\/vibrating-bowl-feeder-%ef%bc%8dvibration-bowl-feeder-%ef%bc%8dbowl-feeder\/#primaryimage","url":"https:\/\/swoer.com\/wp-content\/uploads\/2025\/04\/Vibrating-Bowl-Feeder.webp","contentUrl":"https:\/\/swoer.com\/wp-content\/uploads\/2025\/04\/Vibrating-Bowl-Feeder.webp","width":800,"height":800,"caption":"Vibrating Bowl Feeder"},{"@type":"BreadcrumbList","@id":"https:\/\/swoer.com\/manufacturer\/vibrating-bowl-feeder-%ef%bc%8dvibration-bowl-feeder-%ef%bc%8dbowl-feeder\/#breadcrumb","itemListElement":[{"@type":"ListItem","position":1,"name":"Home","item":"https:\/\/swoer.com\/"},{"@type":"ListItem","position":2,"name":"Shop","item":"https:\/\/swoer.com\/shop\/"},{"@type":"ListItem","position":3,"name":"Vibrating Bowl Feeder \uff0dVibration Bowl Feeder \uff0dBowl Feeder"}]},{"@type":"WebSite","@id":"https:\/\/swoer.com\/#website","url":"https:\/\/swoer.com\/","name":"SWOER","description":"Swoer is the top 3 vibratory bowl feeder manufacturer in China","potentialAction":[{"@type":"SearchAction","target":{"@type":"EntryPoint","urlTemplate":"https:\/\/swoer.com\/?s={search_term_string}"},"query-input":"required name=search_term_string"}],"inLanguage":"pl-PL"}]}},"_links":{"self":[{"href":"https:\/\/swoer.com\/pl\/wp-json\/wp\/v2\/product\/3343"}],"collection":[{"href":"https:\/\/swoer.com\/pl\/wp-json\/wp\/v2\/product"}],"about":[{"href":"https:\/\/swoer.com\/pl\/wp-json\/wp\/v2\/types\/product"}],"replies":[{"embeddable":true,"href":"https:\/\/swoer.com\/pl\/wp-json\/wp\/v2\/comments?post=3343"}],"wp:featuredmedia":[{"embeddable":true,"href":"https:\/\/swoer.com\/pl\/wp-json\/wp\/v2\/media\/3344"}],"wp:attachment":[{"href":"https:\/\/swoer.com\/pl\/wp-json\/wp\/v2\/media?parent=3343"}],"wp:term":[{"taxonomy":"product_cat","embeddable":true,"href":"https:\/\/swoer.com\/pl\/wp-json\/wp\/v2\/product_cat?post=3343"},{"taxonomy":"product_tag","embeddable":true,"href":"https:\/\/swoer.com\/pl\/wp-json\/wp\/v2\/product_tag?post=3343"}],"curies":[{"name":"wp","href":"https:\/\/api.w.org\/{rel}","templated":true}]}}