{"id":3090,"date":"2025-03-05T15:55:13","date_gmt":"2025-03-05T07:55:13","guid":{"rendered":"https:\/\/swoer.com\/?post_type=product&#038;p=3090"},"modified":"2025-03-06T10:55:06","modified_gmt":"2025-03-06T02:55:06","slug":"pneumatic-feeder-with-an-escapement","status":"publish","type":"product","link":"https:\/\/swoer.com\/pl\/manufacturer\/pneumatic-feeder-with-an-escapement\/","title":{"rendered":"Podajnik pneumatyczny z wychwytem | Podajnik wibracyjny"},"content":{"rendered":"<section class=\"section\" id=\"section_939916519\">\n\t\t<div class=\"bg section-bg fill bg-fill  bg-loaded\" >\n\n\t\t\t\n\t\t\t\n\t\t\t\n\n\t\t<\/div>\n\n\t\t\n\n\t\t<div class=\"section-content relative\">\n\t\t\t\n<h2>Specyfikacja<\/h2>\n<table width=\"874\">\n<tbody>\n<tr>\n<td width=\"183\">Nazwa produktu<\/td>\n<td width=\"691\">Podajnik pneumatyczny z wychwytem | Podajnik wibracyjny<\/td>\n<\/tr>\n<tr>\n<td>Materia\u0142<\/td>\n<td>\u00a0SUS201\/304<\/td>\n<\/tr>\n<tr>\n<td>Specjalno\u015b\u0107 materia\u0142owa<\/td>\n<td>Stop do kucia na zimno, wysoka wytrzyma\u0142o\u015b\u0107, wysoka twardo\u015b\u0107<\/td>\n<\/tr>\n<tr>\n<td>Napi\u0119cie<\/td>\n<td>220 V<\/td>\n<\/tr>\n<tr>\n<td>Moc<\/td>\n<td>65 W \/ 150 W \/ 180 W \/ 220 W \/ 350 W<\/td>\n<\/tr>\n<tr>\n<td>Uwierzytelnianie<\/td>\n<td>CE, ROHS, ISO9001<\/td>\n<\/tr>\n<tr>\n<td>Gwarancja<\/td>\n<td>1 rok gwarancji<\/td>\n<\/tr>\n<tr>\n<td>MOQ<\/td>\n<td>1 zestaw<\/td>\n<\/tr>\n<tr>\n<td>Czas realizacji<\/td>\n<td>10-14 dni<\/td>\n<\/tr>\n<tr>\n<td>Termin p\u0142atno\u015bci<\/td>\n<td>T\/T 40% Depozyt i saldo przed wysy\u0142k\u0105<\/td>\n<\/tr>\n<tr>\n<td>Orygina\u0142 miejsca<\/td>\n<td>Chiny<\/td>\n<\/tr>\n<\/tbody>\n<\/table>\n\t\t<\/div>\n\n\t\t\n<style>\n#section_939916519 {\n  padding-top: 30px;\n  padding-bottom: 30px;\n}\n#section_939916519 .ux-shape-divider--top svg {\n  height: 150px;\n  --divider-top-width: 100%;\n}\n#section_939916519 .ux-shape-divider--bottom svg {\n  height: 150px;\n  --divider-width: 100%;\n}\n<\/style>\n\t<\/section>\n\t\n\t<section class=\"section\" id=\"section_792462299\">\n\t\t<div class=\"bg section-bg fill bg-fill  bg-loaded\" >\n\n\t\t\t\n\t\t\t\n\t\t\t\n\n\t\t<\/div>\n\n\t\t\n\n\t\t<div class=\"section-content relative\">\n\t\t\t\n<h2>Niestandardowe zalety SWOER<\/h2>\n<ol>\n<li><strong>Precyzyjna in\u017cynieria dla lepszej wydajno\u015bci<\/strong><br \/>\nSWOER projektuje wibracyjne miski podajnikowe z wychwytami dla p\u0142ynnego i dok\u0142adnego dostarczania cz\u0119\u015bci. Nasze niestandardowe rozwi\u0105zania maksymalizuj\u0105 wydajno\u015b\u0107 Twojej linii produkcyjnej.<\/li>\n<li><strong>Rozwi\u0105zania dostosowane do ka\u017cdego typu cz\u0119\u015bci<\/strong><br \/>\nNiezale\u017cnie od tego, czy masz do czynienia z delikatnymi cz\u0119\u015bciami z tworzyw sztucznych, ma\u0142ymi elementami metalowymi czy produktami farmaceutycznymi, SWOER dostosowuje ka\u017cd\u0105 misk\u0119 podajnika do potrzeb Twojej produkcji.<\/li>\n<li><strong>Zbudowany z my\u015bl\u0105 o trwa\u0142o\u015bci i d\u0142ugim okresie u\u017cytkowania<\/strong><br \/>\nMiski paszowe SWOER s\u0105 wykonane z wysokiej jako\u015bci materia\u0142\u00f3w i wyko\u0144czone gumow\u0105 wy\u015bci\u00f3\u0142k\u0105 oraz anodowanym aluminium, co zapewnia im d\u0142u\u017csz\u0105 \u017cywotno\u015b\u0107 i odporno\u015b\u0107 na zu\u017cycie przy produkcji na du\u017c\u0105 skal\u0119.<\/li>\n<li><strong>Mechanizm wychwytowy zapewniaj\u0105cy dok\u0142adne podawanie<\/strong><br \/>\nNasze projekty wychwyt\u00f3w dok\u0142adnie oddzielaj\u0105 cz\u0119\u015bci, redukuj\u0105c przestoje i poprawiaj\u0105c prezentacj\u0119 cz\u0119\u015bci. Zwi\u0119ksza to pr\u0119dko\u015b\u0107 produkcji i zmniejsza ryzyko b\u0142\u0119d\u00f3w.<\/li>\n<li><strong>Szybkie regulacje u\u0142atwiaj\u0105ce konfiguracj\u0119<\/strong><br \/>\nSWOER oferuje niestandardowe cz\u0119\u015bci, kt\u00f3re umo\u017cliwiaj\u0105 szybk\u0105 regulacj\u0119 podajnika w celu dostosowania go do r\u00f3\u017cnych cz\u0119\u015bci lub konfiguracji linii produkcyjnej, co u\u0142atwia adaptacj\u0119 w razie potrzeby.<\/li>\n<li><strong>\u0141atwa integracja z istniej\u0105cymi systemami<\/strong><br \/>\nNasze podajniki wibracyjne z mechanizmem wychwytowym s\u0105 dostosowane do wsp\u00f3\u0142pracy z Twoim obecnym sprz\u0119tem, dzi\u0119ki czemu mo\u017cesz bez problemu zmodernizowa\u0107 sw\u00f3j system i mie\u0107 pewno\u015b\u0107, \u017ce wszystko b\u0119dzie dzia\u0142a\u0107 p\u0142ynnie.<\/li>\n<li><strong>Op\u0142acalne, zapewniaj\u0105ce lepszy zwrot z inwestycji<\/strong><br \/>\nNiestandardowe podajniki wibracyjne SWOER usprawniaj\u0105 obs\u0142ug\u0119 cz\u0119\u015bci, redukuj\u0105 ilo\u015b\u0107 odpad\u00f3w i eliminuj\u0105 zak\u0142\u00f3cenia, zapewniaj\u0105c lepszy zwrot z inwestycji.<\/li>\n<li><strong>Ekspercka pomoc i sta\u0142e wsparcie<\/strong><br \/>\nNasz zesp\u00f3\u0142 ekspert\u00f3w \u015bci\u015ble wsp\u00f3\u0142pracuje z Tob\u0105, aby zrozumie\u0107 Twoje potrzeby i zaproponowa\u0107 najlepsze rozwi\u0105zania podajnik\u00f3w. Zapewniamy r\u00f3wnie\u017c sta\u0142e wsparcie, aby Tw\u00f3j system dzia\u0142a\u0142 p\u0142ynnie.<\/li>\n<\/ol>\n\t\t<\/div>\n\n\t\t\n<style>\n#section_792462299 {\n  padding-top: 30px;\n  padding-bottom: 30px;\n}\n#section_792462299 .ux-shape-divider--top svg {\n  height: 150px;\n  --divider-top-width: 100%;\n}\n#section_792462299 .ux-shape-divider--bottom svg {\n  height: 150px;\n  --divider-width: 100%;\n}\n<\/style>\n\t<\/section>\n\t\n\t<section class=\"section\" id=\"section_1586289063\">\n\t\t<div class=\"bg section-bg fill bg-fill  bg-loaded\" >\n\n\t\t\t\n\t\t\t\n\t\t\t\n\n\t\t<\/div>\n\n\t\t\n\n\t\t<div class=\"section-content relative\">\n\t\t\t\n<h2 style=\"text-align: center;\">Skontaktuj si\u0119 z nami<\/h2>\n\t<div id=\"gap-475434684\" class=\"gap-element clearfix\" style=\"display:block; height:auto;\">\n\t\t\n<style>\n#gap-475434684 {\n  padding-top: 30px;\n}\n<\/style>\n\t<\/div>\n\t\n\n<div class=\"wpcf7 no-js\" id=\"wpcf7-f280-o1\" lang=\"en-US\" dir=\"ltr\">\n<div class=\"screen-reader-response\"><p role=\"status\" aria-live=\"polite\" aria-atomic=\"true\"><\/p> <ul><\/ul><\/div>\n<form action=\"\/pl\/wp-json\/wp\/v2\/product\/3090#wpcf7-f280-o1\" method=\"post\" class=\"wpcf7-form init\" aria-label=\"Formularz kontaktowy\" novalidate=\"novalidate\" data-status=\"init\" data-trp-original-action=\"\/pl\/wp-json\/wp\/v2\/product\/3090#wpcf7-f280-o1\">\n<div style=\"display: none;\">\n<input type=\"hidden\" name=\"_wpcf7\" value=\"280\" \/>\n<input type=\"hidden\" name=\"_wpcf7_version\" value=\"5.9.2\" \/>\n<input type=\"hidden\" name=\"_wpcf7_locale\" value=\"en_US\" \/>\n<input type=\"hidden\" name=\"_wpcf7_unit_tag\" value=\"wpcf7-f280-o1\" \/>\n<input type=\"hidden\" name=\"_wpcf7_container_post\" value=\"0\" \/>\n<input type=\"hidden\" name=\"_wpcf7_posted_data_hash\" value=\"\" \/>\n<\/div>\n<div class='custom_contact_style'>\n\t<div class=\"row row-small\">\n\t\t<div class=\"col medium-6 small-12 large-6\">\n\t\t\t<div class=\"col-inner\">\n\t\t\t\t<p><span class=\"wpcf7-form-control-wrap\" data-name=\"your-name\"><input size=\"40\" class=\"wpcf7-form-control wpcf7-text wpcf7-validates-as-required\" aria-required=\"true\" aria-invalid=\"false\" placeholder=\"Nazwa*\" value=\"\" type=\"text\" name=\"your-name\" \/><\/span>\n\t\t\t\t<\/p>\n\t\t\t<\/div>\n\t\t<\/div>\n\t\t<div class=\"col medium-6 small-12 large-6\">\n\t\t\t<div class=\"col-inner\">\n\t\t\t\t<p><span class=\"wpcf7-form-control-wrap\" data-name=\"your-email\"><input size=\"40\" class=\"wpcf7-form-control wpcf7-email wpcf7-validates-as-required wpcf7-text wpcf7-validates-as-email\" aria-required=\"true\" aria-invalid=\"false\" placeholder=\"E-mail*\" value=\"\" type=\"email\" name=\"your-email\" \/><\/span>\n\t\t\t\t<\/p>\n\t\t\t<\/div>\n\t\t<\/div>\n\t<\/div>\n\t<div class='cus_contact_form_bottom'>\n\t\t<p><span class=\"wpcf7-form-control-wrap\" data-name=\"your-phone\"><input size=\"40\" class=\"wpcf7-form-control wpcf7-text\" aria-invalid=\"false\" placeholder=\"Telefon\" value=\"\" type=\"text\" name=\"your-phone\" \/><\/span>\n\t\t<\/p>\n\t<\/div>\n\t<div class='cus_contact_form_bottom'>\n\t\t<p><span class=\"wpcf7-form-control-wrap\" data-name=\"your-country\"><input size=\"40\" class=\"wpcf7-form-control wpcf7-text\" aria-invalid=\"false\" placeholder=\"Kraj\" value=\"\" type=\"text\" name=\"your-country\" \/><\/span>\n\t\t<\/p>\n\t<\/div>\n\t<p><span class=\"wpcf7-form-control-wrap\" data-name=\"your-message\"><textarea cols=\"40\" rows=\"10\" class=\"wpcf7-form-control wpcf7-textarea wpcf7-validates-as-required\" aria-required=\"true\" aria-invalid=\"false\" placeholder=\"Twoja wiadomo\u015b\u0107 *\" name=\"your-message\"><\/textarea><\/span>\n\t<\/p>\n\t<div style=\"margin-bottom:10px;\">\n\t\t<p><span class=\"wpcf7-form-control-wrap kc_captcha cf7ic-toggle\" data-name=\"kc_captcha\"><span class=\"wpcf7-form-control wpcf7-radio\"><span class=\"captcha-image\" style=\"display: none;\"><span class=\"cf7ic_instructions\">Udowodnij, \u017ce jeste\u015b cz\u0142owiekiem, wybieraj\u0105c opcj\u0119<span> cup<\/span>.<\/span><label><input aria-label=\"1\" type=\"radio\" name=\"kc_captcha\" value=\"bot\" \/><svg aria-hidden=\"true\" role=\"img\" xmlns=\"http:\/\/www.w3.org\/2000\/svg\" viewbox=\"0 0 576 512\"><path fill=\"currentColor\" d=\"M415 24c-53 0-103 42-127 65-24-23-74-65-127-65C70 24 16 77 16 166c0 72 67 133 69 135l187 181c9 8 23 8 32 0l187-180c2-3 69-64 69-136 0-89-54-142-145-142z\"\/><\/svg><\/label><label><input aria-label=\"2\" type=\"radio\" name=\"kc_captcha\" value=\"kc_human\" \/><svg aria-hidden=\"true\" role=\"img\" xmlns=\"http:\/\/www.w3.org\/2000\/svg\" viewbox=\"0 0 640 512\"><path fill=\"currentColor\" d=\"M192 384h192c53 0 96-43 96-96h32a128 128 0 000-256H120c-13 0-24 11-24 24v232c0 53 43 96 96 96zM512 96a64 64 0 010 128h-32V96h32zm48 384H48c-47 0-61-64-36-64h584c25 0 11 64-36 64z\"\/><\/svg><\/label><label><input aria-label=\"3\" type=\"radio\" name=\"kc_captcha\" value=\"bot\" \/><svg aria-hidden=\"true\" role=\"img\" xmlns=\"http:\/\/www.w3.org\/2000\/svg\" viewbox=\"0 0 576 512\"><path fill=\"currentColor\" d=\"M472 200H360L256 6a12 12 0 00-10-6h-58c-8 0-14 7-12 15l34 185H100l-35-58a12 12 0 00-10-6H12c-8 0-13 7-12 14l21 106L0 362c-1 7 4 14 12 14h43c4 0 8-2 10-6l35-58h110l-34 185c-2 8 4 15 12 15h58a12 12 0 0010-6l104-194h112c57 0 104-25 104-56s-47-56-104-56z\"\/><\/svg><\/label>\r\n    <\/span>\r\n    <span style=\"display:none\">\r\n        <input type=\"text\" name=\"kc_honeypot\">\r\n    <\/span><\/span><\/span>\n\t\t<\/p>\n\t<\/div>\n\t<p><input class=\"wpcf7-form-control wpcf7-submit has-spinner\" type=\"submit\" value=\"Wy\u015blij wiadomo\u015b\u0107\" \/>\n\t<\/p>\n<\/div><div class=\"wpcf7-response-output\" aria-hidden=\"true\"><\/div>\n<input type=\"hidden\" name=\"trp-form-language\" value=\"pl\"\/><\/form>\n<\/div>\n\n\t\t<\/div>\n\n\t\t\n<style>\n#section_1586289063 {\n  padding-top: 30px;\n  padding-bottom: 30px;\n}\n#section_1586289063 .ux-shape-divider--top svg {\n  height: 150px;\n  --divider-top-width: 100%;\n}\n#section_1586289063 .ux-shape-divider--bottom svg {\n  height: 150px;\n  --divider-width: 100%;\n}\n<\/style>\n\t<\/section>","protected":false},"excerpt":{"rendered":"<p>Podajnik pneumatyczny z wychwytem SWOER zosta\u0142 zaprojektowany do p\u0142ynnego i precyzyjnego podawania cz\u0119\u015bci. Jako zaufany producent podajnik\u00f3w wibracyjnych dostarczamy rozwi\u0105zania dostosowane do Twoich potrzeb w zakresie automatyzacji. Nasze podajniki zapewniaj\u0105 stabiln\u0105 i wydajn\u0105 prac\u0119 w takich bran\u017cach jak motoryzacja, elektronika i urz\u0105dzenia medyczne. Skontaktuj si\u0119 z SWOER ju\u017c dzi\u015b, aby uzyska\u0107 rozwi\u0105zania dostosowane do Twoich potrzeb w zakresie podawania, kt\u00f3re usprawni\u0105 Twoj\u0105 produkcj\u0119!<\/p>","protected":false},"featured_media":3091,"comment_status":"open","ping_status":"closed","template":"","meta":[],"product_cat":[37],"product_tag":[],"yoast_head":"<!-- This site is optimized with the Yoast SEO plugin v22.2 - https:\/\/yoast.com\/wordpress\/plugins\/seo\/ -->\n<title>Pneumatic Feeder with an Escapement | Vibratory Feeder - SWOER<\/title>\n<meta name=\"description\" content=\"Swoer is a Chinese manufacturer with rich experience in producing custom vibratory feeder bowls with escapement, reliable quality, and favorable factory prices.\" \/>\n<meta name=\"robots\" content=\"index, follow, max-snippet:-1, max-image-preview:large, max-video-preview:-1\" \/>\n<link rel=\"canonical\" href=\"https:\/\/swoer.com\/pl\/manufacturer\/pneumatic-feeder-with-an-escapement\/\" \/>\n<meta property=\"og:locale\" content=\"pl_PL\" \/>\n<meta property=\"og:type\" content=\"article\" \/>\n<meta property=\"og:title\" content=\"Pneumatic Feeder with an Escapement | Vibratory Feeder - SWOER\" \/>\n<meta property=\"og:description\" content=\"Swoer is a Chinese manufacturer with rich experience in producing custom vibratory feeder bowls with escapement, reliable quality, and favorable factory prices.\" \/>\n<meta property=\"og:url\" content=\"https:\/\/swoer.com\/pl\/manufacturer\/pneumatic-feeder-with-an-escapement\/\" \/>\n<meta property=\"og:site_name\" content=\"SWOER\" \/>\n<meta property=\"article:modified_time\" content=\"2025-03-06T02:55:06+00:00\" \/>\n<meta property=\"og:image\" content=\"https:\/\/swoer.com\/wp-content\/uploads\/2024\/12\/Vibratory-Feeder-Bowl-with-an-Escapement.webp\" \/>\n\t<meta property=\"og:image:width\" content=\"1000\" \/>\n\t<meta property=\"og:image:height\" content=\"1000\" \/>\n\t<meta property=\"og:image:type\" content=\"image\/webp\" \/>\n<meta name=\"twitter:card\" content=\"summary_large_image\" \/>\n<meta name=\"twitter:label1\" content=\"Szacowany czas czytania\" \/>\n\t<meta name=\"twitter:data1\" content=\"2 minuty\" \/>\n<script type=\"application\/ld+json\" class=\"yoast-schema-graph\">{\"@context\":\"https:\/\/schema.org\",\"@graph\":[{\"@type\":\"WebPage\",\"@id\":\"https:\/\/swoer.com\/manufacturer\/pneumatic-feeder-with-an-escapement\/\",\"url\":\"https:\/\/swoer.com\/manufacturer\/pneumatic-feeder-with-an-escapement\/\",\"name\":\"Pneumatic Feeder with an Escapement | Vibratory Feeder - SWOER\",\"isPartOf\":{\"@id\":\"https:\/\/swoer.com\/#website\"},\"primaryImageOfPage\":{\"@id\":\"https:\/\/swoer.com\/manufacturer\/pneumatic-feeder-with-an-escapement\/#primaryimage\"},\"image\":{\"@id\":\"https:\/\/swoer.com\/manufacturer\/pneumatic-feeder-with-an-escapement\/#primaryimage\"},\"thumbnailUrl\":\"https:\/\/swoer.com\/wp-content\/uploads\/2024\/12\/Vibratory-Feeder-Bowl-with-an-Escapement.webp\",\"datePublished\":\"2025-03-05T07:55:13+00:00\",\"dateModified\":\"2025-03-06T02:55:06+00:00\",\"description\":\"Swoer is a Chinese manufacturer with rich experience in producing custom vibratory feeder bowls with escapement, reliable quality, and favorable factory prices.\",\"breadcrumb\":{\"@id\":\"https:\/\/swoer.com\/manufacturer\/pneumatic-feeder-with-an-escapement\/#breadcrumb\"},\"inLanguage\":\"pl-PL\",\"potentialAction\":[{\"@type\":\"ReadAction\",\"target\":[\"https:\/\/swoer.com\/manufacturer\/pneumatic-feeder-with-an-escapement\/\"]}]},{\"@type\":\"ImageObject\",\"inLanguage\":\"pl-PL\",\"@id\":\"https:\/\/swoer.com\/manufacturer\/pneumatic-feeder-with-an-escapement\/#primaryimage\",\"url\":\"https:\/\/swoer.com\/wp-content\/uploads\/2024\/12\/Vibratory-Feeder-Bowl-with-an-Escapement.webp\",\"contentUrl\":\"https:\/\/swoer.com\/wp-content\/uploads\/2024\/12\/Vibratory-Feeder-Bowl-with-an-Escapement.webp\",\"width\":1000,\"height\":1000,\"caption\":\"Vibratory Feeder Bowl with an Escapement\"},{\"@type\":\"BreadcrumbList\",\"@id\":\"https:\/\/swoer.com\/manufacturer\/pneumatic-feeder-with-an-escapement\/#breadcrumb\",\"itemListElement\":[{\"@type\":\"ListItem\",\"position\":1,\"name\":\"Home\",\"item\":\"https:\/\/swoer.com\/\"},{\"@type\":\"ListItem\",\"position\":2,\"name\":\"Shop\",\"item\":\"https:\/\/swoer.com\/shop\/\"},{\"@type\":\"ListItem\",\"position\":3,\"name\":\"Pneumatic Feeder with an Escapement | Vibratory Feeder\"}]},{\"@type\":\"WebSite\",\"@id\":\"https:\/\/swoer.com\/#website\",\"url\":\"https:\/\/swoer.com\/\",\"name\":\"SWOER\",\"description\":\"Swoer is the top 3 vibratory bowl feeder manufacturer in China\",\"potentialAction\":[{\"@type\":\"SearchAction\",\"target\":{\"@type\":\"EntryPoint\",\"urlTemplate\":\"https:\/\/swoer.com\/?s={search_term_string}\"},\"query-input\":\"required name=search_term_string\"}],\"inLanguage\":\"pl-PL\"}]}<\/script>\n<!-- \/ Yoast SEO plugin. -->","yoast_head_json":{"title":"Pneumatic Feeder with an Escapement | Vibratory Feeder - SWOER","description":"Swoer is a Chinese manufacturer with rich experience in producing custom vibratory feeder bowls with escapement, reliable quality, and favorable factory prices.","robots":{"index":"index","follow":"follow","max-snippet":"max-snippet:-1","max-image-preview":"max-image-preview:large","max-video-preview":"max-video-preview:-1"},"canonical":"https:\/\/swoer.com\/pl\/manufacturer\/pneumatic-feeder-with-an-escapement\/","og_locale":"pl_PL","og_type":"article","og_title":"Pneumatic Feeder with an Escapement | Vibratory Feeder - SWOER","og_description":"Swoer is a Chinese manufacturer with rich experience in producing custom vibratory feeder bowls with escapement, reliable quality, and favorable factory prices.","og_url":"https:\/\/swoer.com\/pl\/manufacturer\/pneumatic-feeder-with-an-escapement\/","og_site_name":"SWOER","article_modified_time":"2025-03-06T02:55:06+00:00","og_image":[{"width":1000,"height":1000,"url":"https:\/\/swoer.com\/wp-content\/uploads\/2024\/12\/Vibratory-Feeder-Bowl-with-an-Escapement.webp","type":"image\/webp"}],"twitter_card":"summary_large_image","twitter_misc":{"Szacowany czas czytania":"2 minuty"},"schema":{"@context":"https:\/\/schema.org","@graph":[{"@type":"WebPage","@id":"https:\/\/swoer.com\/manufacturer\/pneumatic-feeder-with-an-escapement\/","url":"https:\/\/swoer.com\/manufacturer\/pneumatic-feeder-with-an-escapement\/","name":"Pneumatic Feeder with an Escapement | Vibratory Feeder - SWOER","isPartOf":{"@id":"https:\/\/swoer.com\/#website"},"primaryImageOfPage":{"@id":"https:\/\/swoer.com\/manufacturer\/pneumatic-feeder-with-an-escapement\/#primaryimage"},"image":{"@id":"https:\/\/swoer.com\/manufacturer\/pneumatic-feeder-with-an-escapement\/#primaryimage"},"thumbnailUrl":"https:\/\/swoer.com\/wp-content\/uploads\/2024\/12\/Vibratory-Feeder-Bowl-with-an-Escapement.webp","datePublished":"2025-03-05T07:55:13+00:00","dateModified":"2025-03-06T02:55:06+00:00","description":"Swoer is a Chinese manufacturer with rich experience in producing custom vibratory feeder bowls with escapement, reliable quality, and favorable factory prices.","breadcrumb":{"@id":"https:\/\/swoer.com\/manufacturer\/pneumatic-feeder-with-an-escapement\/#breadcrumb"},"inLanguage":"pl-PL","potentialAction":[{"@type":"ReadAction","target":["https:\/\/swoer.com\/manufacturer\/pneumatic-feeder-with-an-escapement\/"]}]},{"@type":"ImageObject","inLanguage":"pl-PL","@id":"https:\/\/swoer.com\/manufacturer\/pneumatic-feeder-with-an-escapement\/#primaryimage","url":"https:\/\/swoer.com\/wp-content\/uploads\/2024\/12\/Vibratory-Feeder-Bowl-with-an-Escapement.webp","contentUrl":"https:\/\/swoer.com\/wp-content\/uploads\/2024\/12\/Vibratory-Feeder-Bowl-with-an-Escapement.webp","width":1000,"height":1000,"caption":"Vibratory Feeder Bowl with an Escapement"},{"@type":"BreadcrumbList","@id":"https:\/\/swoer.com\/manufacturer\/pneumatic-feeder-with-an-escapement\/#breadcrumb","itemListElement":[{"@type":"ListItem","position":1,"name":"Home","item":"https:\/\/swoer.com\/"},{"@type":"ListItem","position":2,"name":"Shop","item":"https:\/\/swoer.com\/shop\/"},{"@type":"ListItem","position":3,"name":"Pneumatic Feeder with an Escapement | Vibratory Feeder"}]},{"@type":"WebSite","@id":"https:\/\/swoer.com\/#website","url":"https:\/\/swoer.com\/","name":"SWOER","description":"Swoer is the top 3 vibratory bowl feeder manufacturer in China","potentialAction":[{"@type":"SearchAction","target":{"@type":"EntryPoint","urlTemplate":"https:\/\/swoer.com\/?s={search_term_string}"},"query-input":"required name=search_term_string"}],"inLanguage":"pl-PL"}]}},"_links":{"self":[{"href":"https:\/\/swoer.com\/pl\/wp-json\/wp\/v2\/product\/3090"}],"collection":[{"href":"https:\/\/swoer.com\/pl\/wp-json\/wp\/v2\/product"}],"about":[{"href":"https:\/\/swoer.com\/pl\/wp-json\/wp\/v2\/types\/product"}],"replies":[{"embeddable":true,"href":"https:\/\/swoer.com\/pl\/wp-json\/wp\/v2\/comments?post=3090"}],"wp:featuredmedia":[{"embeddable":true,"href":"https:\/\/swoer.com\/pl\/wp-json\/wp\/v2\/media\/3091"}],"wp:attachment":[{"href":"https:\/\/swoer.com\/pl\/wp-json\/wp\/v2\/media?parent=3090"}],"wp:term":[{"taxonomy":"product_cat","embeddable":true,"href":"https:\/\/swoer.com\/pl\/wp-json\/wp\/v2\/product_cat?post=3090"},{"taxonomy":"product_tag","embeddable":true,"href":"https:\/\/swoer.com\/pl\/wp-json\/wp\/v2\/product_tag?post=3090"}],"curies":[{"name":"wp","href":"https:\/\/api.w.org\/{rel}","templated":true}]}}