{"id":2700,"date":"2024-10-02T23:00:49","date_gmt":"2024-10-02T15:00:49","guid":{"rendered":"https:\/\/swoer.com\/?post_type=product&#038;p=2700"},"modified":"2025-03-21T09:07:53","modified_gmt":"2025-03-21T01:07:53","slug":"hopper-vibratory-feeder-for-plastic-spoons","status":"publish","type":"product","link":"https:\/\/swoer.com\/pl\/manufacturer\/hopper-vibratory-feeder-for-plastic-spoons\/","title":{"rendered":"Podajnik wibracyjny Hopper do \u0142y\u017cek plastikowych"},"content":{"rendered":"<h2><strong>Podajnik wibracyjny Hopper do \u0142y\u017cek plastikowych: kluczowe cechy<\/strong><\/h2>\n<ul>\n<li><strong>Miska ze stali nierdzewnej 304 do kontaktu z \u017cywno\u015bci\u0105:<\/strong> Zapewnia higieniczne i trwa\u0142e dzia\u0142anie, idealne do u\u017cywania plastikowych \u0142y\u017cek w \u015brodowisku zwi\u0105zanym z \u017cywno\u015bci\u0105 lub w \u015brodowiskach czystych.<\/li>\n<li><strong>Zintegrowany zasobnik:<\/strong> Zapewnia sp\u00f3jny i efektywny proces podawania, minimalizuj\u0105c przerwy w dzia\u0142aniu.<\/li>\n<li><strong>Niezawodna wydajno\u015b\u0107:<\/strong> Zaprojektowane do obs\u0142ugi du\u017cych ilo\u015bci plastikowych \u0142y\u017cek, gwarantuj\u0105c p\u0142ynn\u0105 prac\u0119 na liniach produkcyjnych o du\u017cym zapotrzebowaniu.<\/li>\n<li><strong>Ustawienia dostosowywalne:<\/strong> Regulowana pr\u0119dko\u015b\u0107 podawania i intensywno\u015b\u0107 wibracji w celu spe\u0142nienia konkretnych potrzeb produkcyjnych.<\/li>\n<li><strong>\u0141atwa konserwacja:<\/strong> \u0141atwe do czyszczenia i konserwacji, co gwarantuje d\u0142ugotrwa\u0142e u\u017cytkowanie przy minimalnym przestoju.<\/li>\n<\/ul>\n<p>Ten podajnik wibracyjny z lejem zosta\u0142 zaprojektowany specjalnie do \u0142y\u017cek plastikowych i mo\u017ce by\u0107 dostosowany do ich precyzyjnego kszta\u0142tu i rozmiaru, co gwarantuje optymaln\u0105 wydajno\u015b\u0107 w specjalistycznych zastosowaniach przemys\u0142owych.<\/p>\n\t<div id=\"gap-343797474\" class=\"gap-element clearfix\" style=\"display:block; height:auto;\">\n\t\t\n<style>\n#gap-343797474 {\n  padding-top: 30px;\n}\n<\/style>\n\t<\/div>\n\t\n<h2>Model 3D podajnika wibracyjnego do \u0142y\u017cek plastikowych<\/h2>\n\t<div class=\"img has-hover x md-x lg-x y md-y lg-y\" id=\"image_86974068\">\n\t\t\t\t\t\t\t\t<div class=\"img-inner dark\" >\n\t\t\t<img loading=\"lazy\" decoding=\"async\" width=\"1200\" height=\"475\" src=\"https:\/\/swoer.com\/wp-content\/uploads\/2024\/09\/Vibratory-Bowl-Feeder-Design-3D-Model-for-Plastic-Spoons.webp\" class=\"attachment-original size-original\" alt=\"Model 3D podajnika wibracyjnego do \u0142y\u017cek plastikowych\" srcset=\"https:\/\/swoer.com\/wp-content\/uploads\/2024\/09\/Vibratory-Bowl-Feeder-Design-3D-Model-for-Plastic-Spoons.webp 1200w, https:\/\/swoer.com\/wp-content\/uploads\/2024\/09\/Vibratory-Bowl-Feeder-Design-3D-Model-for-Plastic-Spoons-300x119.webp 300w, https:\/\/swoer.com\/wp-content\/uploads\/2024\/09\/Vibratory-Bowl-Feeder-Design-3D-Model-for-Plastic-Spoons-1024x405.webp 1024w, https:\/\/swoer.com\/wp-content\/uploads\/2024\/09\/Vibratory-Bowl-Feeder-Design-3D-Model-for-Plastic-Spoons-768x304.webp 768w, https:\/\/swoer.com\/wp-content\/uploads\/2024\/09\/Vibratory-Bowl-Feeder-Design-3D-Model-for-Plastic-Spoons-18x7.webp 18w, https:\/\/swoer.com\/wp-content\/uploads\/2024\/09\/Vibratory-Bowl-Feeder-Design-3D-Model-for-Plastic-Spoons-600x238.webp 600w\" sizes=\"(max-width: 1200px) 100vw, 1200px\" \/>\t\t\t\t\t\t\n\t\t\t\t\t<\/div>\n\t\t\t\t\t\t\t\t\n<style>\n#image_86974068 {\n  width: 100%;\n}\n<\/style>\n\t<\/div>\n\t\n\t<div id=\"gap-1215399652\" class=\"gap-element clearfix\" style=\"display:block; height:auto;\">\n\t\t\n<style>\n#gap-1215399652 {\n  padding-top: 30px;\n}\n<\/style>\n\t<\/div>\n\t\n<h2>Specyfikacja<\/h2>\n<table width=\"691\">\n<tbody>\n<tr>\n<td width=\"183\"><strong>Nazwa produktu<\/strong><\/td>\n<td width=\"508\">Podajnik wibracyjny Hopper do \u0142y\u017cek plastikowych<\/td>\n<\/tr>\n<tr>\n<td><strong>Materia\u0142<\/strong><\/td>\n<td>\u00a0SUS-304<\/td>\n<\/tr>\n<tr>\n<td><strong>Specjalno\u015b\u0107 materia\u0142owa<\/strong><\/td>\n<td>Stop do kucia na zimno, wysoka wytrzyma\u0142o\u015b\u0107, wysoka twardo\u015b\u0107<\/td>\n<\/tr>\n<tr>\n<td><strong>Napi\u0119cie<\/strong><\/td>\n<td>220 V<\/td>\n<\/tr>\n<tr>\n<td><strong>Moc<\/strong><\/td>\n<td>65 W \/ 150 W \/ 180 W \/ 220 W \/ 350 W<\/td>\n<\/tr>\n<tr>\n<td><strong>Uwierzytelnianie<\/strong><\/td>\n<td>CE, ROHS, ISO9001<\/td>\n<\/tr>\n<tr>\n<td><strong>Gwarancja<\/strong><\/td>\n<td>1 rok gwarancji<\/td>\n<\/tr>\n<tr>\n<td><strong>MOQ<\/strong><\/td>\n<td>1 zestaw<\/td>\n<\/tr>\n<tr>\n<td><strong>Czas realizacji<\/strong><\/td>\n<td>10-14 dni<\/td>\n<\/tr>\n<tr>\n<td><strong>Termin p\u0142atno\u015bci<\/strong><\/td>\n<td>T\/T 40% Depozyt i saldo przed wysy\u0142k\u0105<\/td>\n<\/tr>\n<tr>\n<td><strong>Orygina\u0142 miejsca<\/strong><\/td>\n<td>Chiny<\/td>\n<\/tr>\n<\/tbody>\n<\/table>\n\t<div id=\"gap-445763296\" class=\"gap-element clearfix\" style=\"display:block; height:auto;\">\n\t\t\n<style>\n#gap-445763296 {\n  padding-top: 30px;\n}\n<\/style>\n\t<\/div>\n\t\n<h3>Wideo z podajnikiem wibracyjnym plastikowych \u0142y\u017cek<\/h3>\n<div class=\"video video-fit mb\" style=\"padding-top:50%;\"><p><iframe loading=\"lazy\" title=\"Podajnik wibracyjny do \u0142y\u017cek plastikowych z zasobnikiem | Systemy podawania cz\u0119\u015bci | Producenci SWOER\" width=\"1020\" height=\"574\" src=\"https:\/\/www.youtube.com\/embed\/WrekQVkEvDI?feature=oembed\" frameborder=\"0\" allow=\"accelerometer; autoplay; clipboard-write; encrypted-media; gyroscope; picture-in-picture; web-share\" referrerpolicy=\"strict-origin-when-cross-origin\" allowfullscreen><\/iframe><\/p>\n<\/div>","protected":false},"excerpt":{"rendered":"<p>Dowiedz si\u0119 wi\u0119cej o naszym podajniku wibracyjnym miskowym hopper zaprojektowanym do plastikowych \u0142y\u017cek. Wykonany ze stali nierdzewnej 304 klasy spo\u017cywczej, zapewnia wydajno\u015b\u0107 i niezawodno\u015b\u0107 w Twoich operacjach.<\/p>","protected":false},"featured_media":2701,"comment_status":"open","ping_status":"closed","template":"","meta":[],"product_cat":[37],"product_tag":[],"yoast_head":"<!-- This site is optimized with the Yoast SEO plugin v22.2 - https:\/\/yoast.com\/wordpress\/plugins\/seo\/ -->\n<title>Hopper Vibratory Feeder for Plastic Spoons - SWOER<\/title>\n<meta name=\"description\" content=\"Increase your production with our hopper vibratory feeder for plastic spoons, made from durable food-grade 304 stainless steel for long-lasting performance.\" \/>\n<meta name=\"robots\" content=\"index, follow, max-snippet:-1, max-image-preview:large, max-video-preview:-1\" \/>\n<link rel=\"canonical\" href=\"https:\/\/swoer.com\/pl\/manufacturer\/hopper-vibratory-feeder-for-plastic-spoons\/\" \/>\n<meta property=\"og:locale\" content=\"pl_PL\" \/>\n<meta property=\"og:type\" content=\"article\" \/>\n<meta property=\"og:title\" content=\"Hopper Vibratory Feeder for Plastic Spoons - SWOER\" \/>\n<meta property=\"og:description\" content=\"Increase your production with our hopper vibratory feeder for plastic spoons, made from durable food-grade 304 stainless steel for long-lasting performance.\" \/>\n<meta property=\"og:url\" content=\"https:\/\/swoer.com\/pl\/manufacturer\/hopper-vibratory-feeder-for-plastic-spoons\/\" \/>\n<meta property=\"og:site_name\" content=\"SWOER\" \/>\n<meta property=\"article:modified_time\" content=\"2025-03-21T01:07:53+00:00\" \/>\n<meta property=\"og:image\" content=\"https:\/\/swoer.com\/wp-content\/uploads\/2024\/10\/hopper-vibratory-feeder-for-plastic-spoons.webp\" \/>\n\t<meta property=\"og:image:width\" content=\"1000\" \/>\n\t<meta property=\"og:image:height\" content=\"1000\" \/>\n\t<meta property=\"og:image:type\" content=\"image\/webp\" \/>\n<meta name=\"twitter:card\" content=\"summary_large_image\" \/>\n<meta name=\"twitter:label1\" content=\"Szacowany czas czytania\" \/>\n\t<meta name=\"twitter:data1\" content=\"2 minuty\" \/>\n<script type=\"application\/ld+json\" class=\"yoast-schema-graph\">{\"@context\":\"https:\/\/schema.org\",\"@graph\":[{\"@type\":\"WebPage\",\"@id\":\"https:\/\/swoer.com\/manufacturer\/hopper-vibratory-feeder-for-plastic-spoons\/\",\"url\":\"https:\/\/swoer.com\/manufacturer\/hopper-vibratory-feeder-for-plastic-spoons\/\",\"name\":\"Hopper Vibratory Feeder for Plastic Spoons - SWOER\",\"isPartOf\":{\"@id\":\"https:\/\/swoer.com\/#website\"},\"primaryImageOfPage\":{\"@id\":\"https:\/\/swoer.com\/manufacturer\/hopper-vibratory-feeder-for-plastic-spoons\/#primaryimage\"},\"image\":{\"@id\":\"https:\/\/swoer.com\/manufacturer\/hopper-vibratory-feeder-for-plastic-spoons\/#primaryimage\"},\"thumbnailUrl\":\"https:\/\/swoer.com\/wp-content\/uploads\/2024\/10\/hopper-vibratory-feeder-for-plastic-spoons.webp\",\"datePublished\":\"2024-10-02T15:00:49+00:00\",\"dateModified\":\"2025-03-21T01:07:53+00:00\",\"description\":\"Increase your production with our hopper vibratory feeder for plastic spoons, made from durable food-grade 304 stainless steel for long-lasting performance.\",\"breadcrumb\":{\"@id\":\"https:\/\/swoer.com\/manufacturer\/hopper-vibratory-feeder-for-plastic-spoons\/#breadcrumb\"},\"inLanguage\":\"pl-PL\",\"potentialAction\":[{\"@type\":\"ReadAction\",\"target\":[\"https:\/\/swoer.com\/manufacturer\/hopper-vibratory-feeder-for-plastic-spoons\/\"]}]},{\"@type\":\"ImageObject\",\"inLanguage\":\"pl-PL\",\"@id\":\"https:\/\/swoer.com\/manufacturer\/hopper-vibratory-feeder-for-plastic-spoons\/#primaryimage\",\"url\":\"https:\/\/swoer.com\/wp-content\/uploads\/2024\/10\/hopper-vibratory-feeder-for-plastic-spoons.webp\",\"contentUrl\":\"https:\/\/swoer.com\/wp-content\/uploads\/2024\/10\/hopper-vibratory-feeder-for-plastic-spoons.webp\",\"width\":1000,\"height\":1000,\"caption\":\"hopper vibratory feeder for plastic spoons\"},{\"@type\":\"BreadcrumbList\",\"@id\":\"https:\/\/swoer.com\/manufacturer\/hopper-vibratory-feeder-for-plastic-spoons\/#breadcrumb\",\"itemListElement\":[{\"@type\":\"ListItem\",\"position\":1,\"name\":\"Home\",\"item\":\"https:\/\/swoer.com\/\"},{\"@type\":\"ListItem\",\"position\":2,\"name\":\"Shop\",\"item\":\"https:\/\/swoer.com\/shop\/\"},{\"@type\":\"ListItem\",\"position\":3,\"name\":\"Hopper Vibratory Feeder for Plastic Spoons\"}]},{\"@type\":\"WebSite\",\"@id\":\"https:\/\/swoer.com\/#website\",\"url\":\"https:\/\/swoer.com\/\",\"name\":\"SWOER\",\"description\":\"Swoer is the top 3 vibratory bowl feeder manufacturer in China\",\"potentialAction\":[{\"@type\":\"SearchAction\",\"target\":{\"@type\":\"EntryPoint\",\"urlTemplate\":\"https:\/\/swoer.com\/?s={search_term_string}\"},\"query-input\":\"required name=search_term_string\"}],\"inLanguage\":\"pl-PL\"}]}<\/script>\n<!-- \/ Yoast SEO plugin. -->","yoast_head_json":{"title":"Hopper Vibratory Feeder for Plastic Spoons - SWOER","description":"Increase your production with our hopper vibratory feeder for plastic spoons, made from durable food-grade 304 stainless steel for long-lasting performance.","robots":{"index":"index","follow":"follow","max-snippet":"max-snippet:-1","max-image-preview":"max-image-preview:large","max-video-preview":"max-video-preview:-1"},"canonical":"https:\/\/swoer.com\/pl\/manufacturer\/hopper-vibratory-feeder-for-plastic-spoons\/","og_locale":"pl_PL","og_type":"article","og_title":"Hopper Vibratory Feeder for Plastic Spoons - SWOER","og_description":"Increase your production with our hopper vibratory feeder for plastic spoons, made from durable food-grade 304 stainless steel for long-lasting performance.","og_url":"https:\/\/swoer.com\/pl\/manufacturer\/hopper-vibratory-feeder-for-plastic-spoons\/","og_site_name":"SWOER","article_modified_time":"2025-03-21T01:07:53+00:00","og_image":[{"width":1000,"height":1000,"url":"https:\/\/swoer.com\/wp-content\/uploads\/2024\/10\/hopper-vibratory-feeder-for-plastic-spoons.webp","type":"image\/webp"}],"twitter_card":"summary_large_image","twitter_misc":{"Szacowany czas czytania":"2 minuty"},"schema":{"@context":"https:\/\/schema.org","@graph":[{"@type":"WebPage","@id":"https:\/\/swoer.com\/manufacturer\/hopper-vibratory-feeder-for-plastic-spoons\/","url":"https:\/\/swoer.com\/manufacturer\/hopper-vibratory-feeder-for-plastic-spoons\/","name":"Hopper Vibratory Feeder for Plastic Spoons - SWOER","isPartOf":{"@id":"https:\/\/swoer.com\/#website"},"primaryImageOfPage":{"@id":"https:\/\/swoer.com\/manufacturer\/hopper-vibratory-feeder-for-plastic-spoons\/#primaryimage"},"image":{"@id":"https:\/\/swoer.com\/manufacturer\/hopper-vibratory-feeder-for-plastic-spoons\/#primaryimage"},"thumbnailUrl":"https:\/\/swoer.com\/wp-content\/uploads\/2024\/10\/hopper-vibratory-feeder-for-plastic-spoons.webp","datePublished":"2024-10-02T15:00:49+00:00","dateModified":"2025-03-21T01:07:53+00:00","description":"Increase your production with our hopper vibratory feeder for plastic spoons, made from durable food-grade 304 stainless steel for long-lasting performance.","breadcrumb":{"@id":"https:\/\/swoer.com\/manufacturer\/hopper-vibratory-feeder-for-plastic-spoons\/#breadcrumb"},"inLanguage":"pl-PL","potentialAction":[{"@type":"ReadAction","target":["https:\/\/swoer.com\/manufacturer\/hopper-vibratory-feeder-for-plastic-spoons\/"]}]},{"@type":"ImageObject","inLanguage":"pl-PL","@id":"https:\/\/swoer.com\/manufacturer\/hopper-vibratory-feeder-for-plastic-spoons\/#primaryimage","url":"https:\/\/swoer.com\/wp-content\/uploads\/2024\/10\/hopper-vibratory-feeder-for-plastic-spoons.webp","contentUrl":"https:\/\/swoer.com\/wp-content\/uploads\/2024\/10\/hopper-vibratory-feeder-for-plastic-spoons.webp","width":1000,"height":1000,"caption":"hopper vibratory feeder for plastic spoons"},{"@type":"BreadcrumbList","@id":"https:\/\/swoer.com\/manufacturer\/hopper-vibratory-feeder-for-plastic-spoons\/#breadcrumb","itemListElement":[{"@type":"ListItem","position":1,"name":"Home","item":"https:\/\/swoer.com\/"},{"@type":"ListItem","position":2,"name":"Shop","item":"https:\/\/swoer.com\/shop\/"},{"@type":"ListItem","position":3,"name":"Hopper Vibratory Feeder for Plastic Spoons"}]},{"@type":"WebSite","@id":"https:\/\/swoer.com\/#website","url":"https:\/\/swoer.com\/","name":"SWOER","description":"Swoer is the top 3 vibratory bowl feeder manufacturer in China","potentialAction":[{"@type":"SearchAction","target":{"@type":"EntryPoint","urlTemplate":"https:\/\/swoer.com\/?s={search_term_string}"},"query-input":"required name=search_term_string"}],"inLanguage":"pl-PL"}]}},"_links":{"self":[{"href":"https:\/\/swoer.com\/pl\/wp-json\/wp\/v2\/product\/2700"}],"collection":[{"href":"https:\/\/swoer.com\/pl\/wp-json\/wp\/v2\/product"}],"about":[{"href":"https:\/\/swoer.com\/pl\/wp-json\/wp\/v2\/types\/product"}],"replies":[{"embeddable":true,"href":"https:\/\/swoer.com\/pl\/wp-json\/wp\/v2\/comments?post=2700"}],"wp:featuredmedia":[{"embeddable":true,"href":"https:\/\/swoer.com\/pl\/wp-json\/wp\/v2\/media\/2701"}],"wp:attachment":[{"href":"https:\/\/swoer.com\/pl\/wp-json\/wp\/v2\/media?parent=2700"}],"wp:term":[{"taxonomy":"product_cat","embeddable":true,"href":"https:\/\/swoer.com\/pl\/wp-json\/wp\/v2\/product_cat?post=2700"},{"taxonomy":"product_tag","embeddable":true,"href":"https:\/\/swoer.com\/pl\/wp-json\/wp\/v2\/product_tag?post=2700"}],"curies":[{"name":"wp","href":"https:\/\/api.w.org\/{rel}","templated":true}]}}