{"id":2543,"date":"2024-08-27T22:30:10","date_gmt":"2024-08-27T14:30:10","guid":{"rendered":"https:\/\/swoer.com\/?post_type=product&#038;p=2543"},"modified":"2024-08-28T15:52:14","modified_gmt":"2024-08-28T07:52:14","slug":"vibratory-bowl-feeder-with-vision-inspection-integration","status":"publish","type":"product","link":"https:\/\/swoer.com\/pl\/manufacturer\/vibratory-bowl-feeder-with-vision-inspection-integration\/","title":{"rendered":"Podajnik wibracyjny miskowy z integracj\u0105 kontroli wizyjnej"},"content":{"rendered":"<p>Nasz podajnik wibracyjny z integracj\u0105 kontroli wizyjnej zapewnia najnowocze\u015bniejsze rozwi\u0105zanie dla przemys\u0142u precyzyjnego. Ten zaawansowany system skutecznie \u0142\u0105czy podawanie cz\u0119\u015bci z kontrol\u0105 wizyjn\u0105 w czasie rzeczywistym. W rezultacie do Twojej linii produkcyjnej trafiaj\u0105 tylko komponenty najwy\u017cszej jako\u015bci. Idealny do motoryzacji, elektroniki i urz\u0105dze\u0144 medycznych, zwi\u0119ksza dok\u0142adno\u015b\u0107, jednocze\u015bnie redukuj\u0105c wady i przestoje. Ponadto, dzi\u0119ki opcjom dostosowywanym do Twoich potrzeb, nasz podajnik z kontrol\u0105 wizyjn\u0105 zapewnia niezr\u00f3wnan\u0105 niezawodno\u015b\u0107. W rezultacie sta\u0142 si\u0119 niezb\u0119dnym narz\u0119dziem dla nowoczesnej zautomatyzowanej produkcji.<\/p>\n\t<div id=\"gap-1637916898\" class=\"gap-element clearfix\" style=\"display:block; height:auto;\">\n\t\t\n<style>\n#gap-1637916898 {\n  padding-top: 30px;\n}\n<\/style>\n\t<\/div>\n\t\n<h2>Specyfikacja<\/h2>\n<table width=\"874\">\n<tbody>\n<tr>\n<td width=\"183\">Nazwa produktu<\/td>\n<td width=\"691\">Podajnik wibracyjny miskowy z integracj\u0105 kontroli wizyjnej<\/td>\n<\/tr>\n<tr>\n<td>Cechy<\/td>\n<td>Dok\u0142adne sortowanie poprzez wizualne rozpoznawanie przedniej i tylnej strony materia\u0142\u00f3w.<\/td>\n<\/tr>\n<tr>\n<td>Materia\u0142<\/td>\n<td>\u00a0SUS201\/304<\/td>\n<\/tr>\n<tr>\n<td>Specjalno\u015b\u0107 materia\u0142owa<\/td>\n<td>Stop do kucia na zimno, wysoka wytrzyma\u0142o\u015b\u0107, wysoka twardo\u015b\u0107<\/td>\n<\/tr>\n<tr>\n<td>Napi\u0119cie<\/td>\n<td>220 V<\/td>\n<\/tr>\n<tr>\n<td>Moc<\/td>\n<td>65 W \/ 150 W \/ 180 W \/ 220 W \/ 350 W<\/td>\n<\/tr>\n<tr>\n<td>Uwierzytelnianie<\/td>\n<td>CE, ROHS, ISO9001<\/td>\n<\/tr>\n<tr>\n<td>Gwarancja<\/td>\n<td>1 rok gwarancji<\/td>\n<\/tr>\n<tr>\n<td>MOQ<\/td>\n<td>1 zestaw<\/td>\n<\/tr>\n<tr>\n<td>Czas realizacji<\/td>\n<td>10-14 dni<\/td>\n<\/tr>\n<tr>\n<td>Termin p\u0142atno\u015bci<\/td>\n<td>T\/T 40% Depozyt i saldo przed wysy\u0142k\u0105<\/td>\n<\/tr>\n<tr>\n<td>Orygina\u0142 miejsca<\/td>\n<td>Chiny<\/td>\n<\/tr>\n<\/tbody>\n<\/table>\n\t<div id=\"gap-275299744\" class=\"gap-element clearfix\" style=\"display:block; height:auto;\">\n\t\t\n<style>\n#gap-275299744 {\n  padding-top: 30px;\n}\n<\/style>\n\t<\/div>\n\t\n<p>Oferujemy bezp\u0142atne plany projektowe dla materia\u0142\u00f3w wymagaj\u0105cych pozycjonowania przedniego i tylnego, wykrywania wad lub innych kontroli. <strong>Skontaktuj si\u0119 z nami ju\u017c teraz, aby rozpocz\u0105\u0107!<\/strong><\/p>\n\n<div class=\"wpcf7 no-js\" id=\"wpcf7-f280-o1\" lang=\"en-US\" dir=\"ltr\">\n<div class=\"screen-reader-response\"><p role=\"status\" aria-live=\"polite\" aria-atomic=\"true\"><\/p> <ul><\/ul><\/div>\n<form action=\"\/pl\/wp-json\/wp\/v2\/product\/2543#wpcf7-f280-o1\" method=\"post\" class=\"wpcf7-form init\" aria-label=\"Formularz kontaktowy\" novalidate=\"novalidate\" data-status=\"init\" data-trp-original-action=\"\/pl\/wp-json\/wp\/v2\/product\/2543#wpcf7-f280-o1\">\n<div style=\"display: none;\">\n<input type=\"hidden\" name=\"_wpcf7\" value=\"280\" \/>\n<input type=\"hidden\" name=\"_wpcf7_version\" value=\"5.9.2\" \/>\n<input type=\"hidden\" name=\"_wpcf7_locale\" value=\"en_US\" \/>\n<input type=\"hidden\" name=\"_wpcf7_unit_tag\" value=\"wpcf7-f280-o1\" \/>\n<input type=\"hidden\" name=\"_wpcf7_container_post\" value=\"0\" \/>\n<input type=\"hidden\" name=\"_wpcf7_posted_data_hash\" value=\"\" \/>\n<\/div>\n<div class='custom_contact_style'>\n\t<div class=\"row row-small\">\n\t\t<div class=\"col medium-6 small-12 large-6\">\n\t\t\t<div class=\"col-inner\">\n\t\t\t\t<p><span class=\"wpcf7-form-control-wrap\" data-name=\"your-name\"><input size=\"40\" class=\"wpcf7-form-control wpcf7-text wpcf7-validates-as-required\" aria-required=\"true\" aria-invalid=\"false\" placeholder=\"Nazwa*\" value=\"\" type=\"text\" name=\"your-name\" \/><\/span>\n\t\t\t\t<\/p>\n\t\t\t<\/div>\n\t\t<\/div>\n\t\t<div class=\"col medium-6 small-12 large-6\">\n\t\t\t<div class=\"col-inner\">\n\t\t\t\t<p><span class=\"wpcf7-form-control-wrap\" data-name=\"your-email\"><input size=\"40\" class=\"wpcf7-form-control wpcf7-email wpcf7-validates-as-required wpcf7-text wpcf7-validates-as-email\" aria-required=\"true\" aria-invalid=\"false\" placeholder=\"E-mail*\" value=\"\" type=\"email\" name=\"your-email\" \/><\/span>\n\t\t\t\t<\/p>\n\t\t\t<\/div>\n\t\t<\/div>\n\t<\/div>\n\t<div class='cus_contact_form_bottom'>\n\t\t<p><span class=\"wpcf7-form-control-wrap\" data-name=\"your-phone\"><input size=\"40\" class=\"wpcf7-form-control wpcf7-text\" aria-invalid=\"false\" placeholder=\"Telefon\" value=\"\" type=\"text\" name=\"your-phone\" \/><\/span>\n\t\t<\/p>\n\t<\/div>\n\t<div class='cus_contact_form_bottom'>\n\t\t<p><span class=\"wpcf7-form-control-wrap\" data-name=\"your-country\"><input size=\"40\" class=\"wpcf7-form-control wpcf7-text\" aria-invalid=\"false\" placeholder=\"Kraj\" value=\"\" type=\"text\" name=\"your-country\" \/><\/span>\n\t\t<\/p>\n\t<\/div>\n\t<p><span class=\"wpcf7-form-control-wrap\" data-name=\"your-message\"><textarea cols=\"40\" rows=\"10\" class=\"wpcf7-form-control wpcf7-textarea wpcf7-validates-as-required\" aria-required=\"true\" aria-invalid=\"false\" placeholder=\"Twoja wiadomo\u015b\u0107 *\" name=\"your-message\"><\/textarea><\/span>\n\t<\/p>\n\t<div style=\"margin-bottom:10px;\">\n\t\t<p><span class=\"wpcf7-form-control-wrap kc_captcha cf7ic-toggle\" data-name=\"kc_captcha\"><span class=\"wpcf7-form-control wpcf7-radio\"><span class=\"captcha-image\" style=\"display: none;\"><span class=\"cf7ic_instructions\">Udowodnij, \u017ce jeste\u015b cz\u0142owiekiem, wybieraj\u0105c opcj\u0119<span> house<\/span>.<\/span><label><input aria-label=\"1\" type=\"radio\" name=\"kc_captcha\" value=\"bot\" \/><svg aria-hidden=\"true\" role=\"img\" xmlns=\"http:\/\/www.w3.org\/2000\/svg\" viewbox=\"0 0 576 512\"><path fill=\"currentColor\" d=\"M415 24c-53 0-103 42-127 65-24-23-74-65-127-65C70 24 16 77 16 166c0 72 67 133 69 135l187 181c9 8 23 8 32 0l187-180c2-3 69-64 69-136 0-89-54-142-145-142z\"\/><\/svg><\/label><label><input aria-label=\"2\" type=\"radio\" name=\"kc_captcha\" value=\"kc_human\" \/><svg aria-hidden=\"true\" role=\"img\" xmlns=\"http:\/\/www.w3.org\/2000\/svg\" viewbox=\"0 0 576 512\"><path fill=\"currentColor\" d=\"M488 313v143c0 13-11 24-24 24H348c-7 0-12-5-12-12V356c0-7-5-12-12-12h-72c-7 0-12 5-12 12v112c0 7-5 12-12 12H112c-13 0-24-11-24-24V313c0-4 2-7 4-10l188-154c5-4 11-4 16 0l188 154c2 3 4 6 4 10zm84-61l-84-69V44c0-6-5-12-12-12h-56c-7 0-12 6-12 12v73l-89-74a48 48 0 00-61 0L4 252c-5 4-5 12-1 17l25 31c5 5 12 5 17 1l235-193c5-4 11-4 16 0l235 193c5 5 13 4 17-1l25-31c4-6 4-13-1-17z\"\/><\/svg><\/label><label><input aria-label=\"3\" type=\"radio\" name=\"kc_captcha\" value=\"bot\" \/><svg aria-hidden=\"true\" role=\"img\" xmlns=\"http:\/\/www.w3.org\/2000\/svg\" viewbox=\"0 0 384 512\"><path fill=\"currentColor\" d=\"M377 375l-83-87h34c21 0 32-25 17-40l-82-88h33c21 0 32-25 18-40L210 8c-10-11-26-11-36 0L70 120c-14 15-3 40 18 40h33l-82 88c-15 15-4 40 17 40h34L7 375c-15 16-4 41 17 41h120c0 33-11 49-34 68-12 9-5 28 10 28h144c15 0 22-19 10-28-20-16-34-32-34-68h120c21 0 32-25 17-41z\"\/><\/svg><\/label>\r\n    <\/span>\r\n    <span style=\"display:none\">\r\n        <input type=\"text\" name=\"kc_honeypot\">\r\n    <\/span><\/span><\/span>\n\t\t<\/p>\n\t<\/div>\n\t<p><input class=\"wpcf7-form-control wpcf7-submit has-spinner\" type=\"submit\" value=\"Wy\u015blij wiadomo\u015b\u0107\" \/>\n\t<\/p>\n<\/div><div class=\"wpcf7-response-output\" aria-hidden=\"true\"><\/div>\n<input type=\"hidden\" name=\"trp-form-language\" value=\"pl\"\/><\/form>\n<\/div>","protected":false},"excerpt":{"rendered":"<p>Kontrola wizyjna za pomoc\u0105 naszych podajnik\u00f3w wibracyjnych misowych umo\u017cliwia sortowanie uszczelnie\u0144 wed\u0142ug tej samej powierzchni. Ta integracja zapewnia dok\u0142adne obchodzenie si\u0119 z materia\u0142em i poprawia og\u00f3ln\u0105 wydajno\u015b\u0107.<\/p>","protected":false},"featured_media":2544,"comment_status":"open","ping_status":"closed","template":"","meta":[],"product_cat":[37],"product_tag":[],"yoast_head":"<!-- This site is optimized with the Yoast SEO plugin v22.2 - https:\/\/yoast.com\/wordpress\/plugins\/seo\/ -->\n<title>Vibratory Bowl Feeder with Vision Inspection Integration - SWOER<\/title>\n<meta name=\"description\" content=\"Improve seal positioning and shape-differentiating screening to increase production efficiency using our vibratory bowl feeders and vision inspection systems.\" \/>\n<meta name=\"robots\" content=\"index, follow, max-snippet:-1, max-image-preview:large, max-video-preview:-1\" \/>\n<link rel=\"canonical\" href=\"https:\/\/swoer.com\/pl\/manufacturer\/vibratory-bowl-feeder-with-vision-inspection-integration\/\" \/>\n<meta property=\"og:locale\" content=\"pl_PL\" \/>\n<meta property=\"og:type\" content=\"article\" \/>\n<meta property=\"og:title\" content=\"Vibratory Bowl Feeder with Vision Inspection Integration - SWOER\" \/>\n<meta property=\"og:description\" content=\"Improve seal positioning and shape-differentiating screening to increase production efficiency using our vibratory bowl feeders and vision inspection systems.\" \/>\n<meta property=\"og:url\" content=\"https:\/\/swoer.com\/pl\/manufacturer\/vibratory-bowl-feeder-with-vision-inspection-integration\/\" \/>\n<meta property=\"og:site_name\" content=\"SWOER\" \/>\n<meta property=\"article:modified_time\" content=\"2024-08-28T07:52:14+00:00\" \/>\n<meta property=\"og:image\" content=\"https:\/\/swoer.com\/wp-content\/uploads\/2024\/08\/Vibratory-Bowl-Feeder-with-Vision-Inspection-Integration.webp\" \/>\n\t<meta property=\"og:image:width\" content=\"1000\" \/>\n\t<meta property=\"og:image:height\" content=\"1000\" \/>\n\t<meta property=\"og:image:type\" content=\"image\/webp\" \/>\n<meta name=\"twitter:card\" content=\"summary_large_image\" \/>\n<meta name=\"twitter:label1\" content=\"Szacowany czas czytania\" \/>\n\t<meta name=\"twitter:data1\" content=\"1 minuta\" \/>\n<script type=\"application\/ld+json\" class=\"yoast-schema-graph\">{\"@context\":\"https:\/\/schema.org\",\"@graph\":[{\"@type\":\"WebPage\",\"@id\":\"https:\/\/swoer.com\/manufacturer\/vibratory-bowl-feeder-with-vision-inspection-integration\/\",\"url\":\"https:\/\/swoer.com\/manufacturer\/vibratory-bowl-feeder-with-vision-inspection-integration\/\",\"name\":\"Vibratory Bowl Feeder with Vision Inspection Integration - SWOER\",\"isPartOf\":{\"@id\":\"https:\/\/swoer.com\/#website\"},\"primaryImageOfPage\":{\"@id\":\"https:\/\/swoer.com\/manufacturer\/vibratory-bowl-feeder-with-vision-inspection-integration\/#primaryimage\"},\"image\":{\"@id\":\"https:\/\/swoer.com\/manufacturer\/vibratory-bowl-feeder-with-vision-inspection-integration\/#primaryimage\"},\"thumbnailUrl\":\"https:\/\/swoer.com\/wp-content\/uploads\/2024\/08\/Vibratory-Bowl-Feeder-with-Vision-Inspection-Integration.webp\",\"datePublished\":\"2024-08-27T14:30:10+00:00\",\"dateModified\":\"2024-08-28T07:52:14+00:00\",\"description\":\"Improve seal positioning and shape-differentiating screening to increase production efficiency using our vibratory bowl feeders and vision inspection systems.\",\"breadcrumb\":{\"@id\":\"https:\/\/swoer.com\/manufacturer\/vibratory-bowl-feeder-with-vision-inspection-integration\/#breadcrumb\"},\"inLanguage\":\"pl-PL\",\"potentialAction\":[{\"@type\":\"ReadAction\",\"target\":[\"https:\/\/swoer.com\/manufacturer\/vibratory-bowl-feeder-with-vision-inspection-integration\/\"]}]},{\"@type\":\"ImageObject\",\"inLanguage\":\"pl-PL\",\"@id\":\"https:\/\/swoer.com\/manufacturer\/vibratory-bowl-feeder-with-vision-inspection-integration\/#primaryimage\",\"url\":\"https:\/\/swoer.com\/wp-content\/uploads\/2024\/08\/Vibratory-Bowl-Feeder-with-Vision-Inspection-Integration.webp\",\"contentUrl\":\"https:\/\/swoer.com\/wp-content\/uploads\/2024\/08\/Vibratory-Bowl-Feeder-with-Vision-Inspection-Integration.webp\",\"width\":1000,\"height\":1000,\"caption\":\"Vibratory Bowl Feeder with Vision Inspection Integration\"},{\"@type\":\"BreadcrumbList\",\"@id\":\"https:\/\/swoer.com\/manufacturer\/vibratory-bowl-feeder-with-vision-inspection-integration\/#breadcrumb\",\"itemListElement\":[{\"@type\":\"ListItem\",\"position\":1,\"name\":\"Home\",\"item\":\"https:\/\/swoer.com\/\"},{\"@type\":\"ListItem\",\"position\":2,\"name\":\"Shop\",\"item\":\"https:\/\/swoer.com\/shop\/\"},{\"@type\":\"ListItem\",\"position\":3,\"name\":\"Vibratory Bowl Feeder with Vision Inspection Integration\"}]},{\"@type\":\"WebSite\",\"@id\":\"https:\/\/swoer.com\/#website\",\"url\":\"https:\/\/swoer.com\/\",\"name\":\"SWOER\",\"description\":\"Swoer is the top 3 vibratory bowl feeder manufacturer in China\",\"potentialAction\":[{\"@type\":\"SearchAction\",\"target\":{\"@type\":\"EntryPoint\",\"urlTemplate\":\"https:\/\/swoer.com\/?s={search_term_string}\"},\"query-input\":\"required name=search_term_string\"}],\"inLanguage\":\"pl-PL\"}]}<\/script>\n<!-- \/ Yoast SEO plugin. -->","yoast_head_json":{"title":"Vibratory Bowl Feeder with Vision Inspection Integration - SWOER","description":"Improve seal positioning and shape-differentiating screening to increase production efficiency using our vibratory bowl feeders and vision inspection systems.","robots":{"index":"index","follow":"follow","max-snippet":"max-snippet:-1","max-image-preview":"max-image-preview:large","max-video-preview":"max-video-preview:-1"},"canonical":"https:\/\/swoer.com\/pl\/manufacturer\/vibratory-bowl-feeder-with-vision-inspection-integration\/","og_locale":"pl_PL","og_type":"article","og_title":"Vibratory Bowl Feeder with Vision Inspection Integration - SWOER","og_description":"Improve seal positioning and shape-differentiating screening to increase production efficiency using our vibratory bowl feeders and vision inspection systems.","og_url":"https:\/\/swoer.com\/pl\/manufacturer\/vibratory-bowl-feeder-with-vision-inspection-integration\/","og_site_name":"SWOER","article_modified_time":"2024-08-28T07:52:14+00:00","og_image":[{"width":1000,"height":1000,"url":"https:\/\/swoer.com\/wp-content\/uploads\/2024\/08\/Vibratory-Bowl-Feeder-with-Vision-Inspection-Integration.webp","type":"image\/webp"}],"twitter_card":"summary_large_image","twitter_misc":{"Szacowany czas czytania":"1 minuta"},"schema":{"@context":"https:\/\/schema.org","@graph":[{"@type":"WebPage","@id":"https:\/\/swoer.com\/manufacturer\/vibratory-bowl-feeder-with-vision-inspection-integration\/","url":"https:\/\/swoer.com\/manufacturer\/vibratory-bowl-feeder-with-vision-inspection-integration\/","name":"Vibratory Bowl Feeder with Vision Inspection Integration - SWOER","isPartOf":{"@id":"https:\/\/swoer.com\/#website"},"primaryImageOfPage":{"@id":"https:\/\/swoer.com\/manufacturer\/vibratory-bowl-feeder-with-vision-inspection-integration\/#primaryimage"},"image":{"@id":"https:\/\/swoer.com\/manufacturer\/vibratory-bowl-feeder-with-vision-inspection-integration\/#primaryimage"},"thumbnailUrl":"https:\/\/swoer.com\/wp-content\/uploads\/2024\/08\/Vibratory-Bowl-Feeder-with-Vision-Inspection-Integration.webp","datePublished":"2024-08-27T14:30:10+00:00","dateModified":"2024-08-28T07:52:14+00:00","description":"Improve seal positioning and shape-differentiating screening to increase production efficiency using our vibratory bowl feeders and vision inspection systems.","breadcrumb":{"@id":"https:\/\/swoer.com\/manufacturer\/vibratory-bowl-feeder-with-vision-inspection-integration\/#breadcrumb"},"inLanguage":"pl-PL","potentialAction":[{"@type":"ReadAction","target":["https:\/\/swoer.com\/manufacturer\/vibratory-bowl-feeder-with-vision-inspection-integration\/"]}]},{"@type":"ImageObject","inLanguage":"pl-PL","@id":"https:\/\/swoer.com\/manufacturer\/vibratory-bowl-feeder-with-vision-inspection-integration\/#primaryimage","url":"https:\/\/swoer.com\/wp-content\/uploads\/2024\/08\/Vibratory-Bowl-Feeder-with-Vision-Inspection-Integration.webp","contentUrl":"https:\/\/swoer.com\/wp-content\/uploads\/2024\/08\/Vibratory-Bowl-Feeder-with-Vision-Inspection-Integration.webp","width":1000,"height":1000,"caption":"Vibratory Bowl Feeder with Vision Inspection Integration"},{"@type":"BreadcrumbList","@id":"https:\/\/swoer.com\/manufacturer\/vibratory-bowl-feeder-with-vision-inspection-integration\/#breadcrumb","itemListElement":[{"@type":"ListItem","position":1,"name":"Home","item":"https:\/\/swoer.com\/"},{"@type":"ListItem","position":2,"name":"Shop","item":"https:\/\/swoer.com\/shop\/"},{"@type":"ListItem","position":3,"name":"Vibratory Bowl Feeder with Vision Inspection Integration"}]},{"@type":"WebSite","@id":"https:\/\/swoer.com\/#website","url":"https:\/\/swoer.com\/","name":"SWOER","description":"Swoer is the top 3 vibratory bowl feeder manufacturer in China","potentialAction":[{"@type":"SearchAction","target":{"@type":"EntryPoint","urlTemplate":"https:\/\/swoer.com\/?s={search_term_string}"},"query-input":"required name=search_term_string"}],"inLanguage":"pl-PL"}]}},"_links":{"self":[{"href":"https:\/\/swoer.com\/pl\/wp-json\/wp\/v2\/product\/2543"}],"collection":[{"href":"https:\/\/swoer.com\/pl\/wp-json\/wp\/v2\/product"}],"about":[{"href":"https:\/\/swoer.com\/pl\/wp-json\/wp\/v2\/types\/product"}],"replies":[{"embeddable":true,"href":"https:\/\/swoer.com\/pl\/wp-json\/wp\/v2\/comments?post=2543"}],"wp:featuredmedia":[{"embeddable":true,"href":"https:\/\/swoer.com\/pl\/wp-json\/wp\/v2\/media\/2544"}],"wp:attachment":[{"href":"https:\/\/swoer.com\/pl\/wp-json\/wp\/v2\/media?parent=2543"}],"wp:term":[{"taxonomy":"product_cat","embeddable":true,"href":"https:\/\/swoer.com\/pl\/wp-json\/wp\/v2\/product_cat?post=2543"},{"taxonomy":"product_tag","embeddable":true,"href":"https:\/\/swoer.com\/pl\/wp-json\/wp\/v2\/product_tag?post=2543"}],"curies":[{"name":"wp","href":"https:\/\/api.w.org\/{rel}","templated":true}]}}