{"id":2522,"date":"2024-08-20T22:30:31","date_gmt":"2024-08-20T14:30:31","guid":{"rendered":"https:\/\/swoer.com\/?post_type=product&#038;p=2522"},"modified":"2024-11-19T17:08:30","modified_gmt":"2024-11-19T09:08:30","slug":"screw-rotary-visual-screening-machine-with-ccd-inspection","status":"publish","type":"product","link":"https:\/\/swoer.com\/pl\/manufacturer\/screw-rotary-visual-screening-machine-with-ccd-inspection\/","title":{"rendered":"Maszyna do badania przesiewowego z obrotow\u0105 \u015brub\u0105 i inspekcj\u0105 CCD"},"content":{"rendered":"<p>Obrotowa maszyna do wizualnego przesiewania jest zautomatyzowanym urz\u0105dzeniem inspekcyjnym zaprojektowanym do wykrywania rozmiaru, wygl\u0105du i innych wad w r\u00f3\u017cnych cz\u0119\u015bciach. Mechanizm podaj\u0105cy, taki jak p\u0142yta wibracyjna, automatycznie transportuje cz\u0119\u015bci do szklanego sto\u0142u obrotowego, gdzie stanowisko wizualnej inspekcji przetwarza obrazy. Kontroler ruchu zapewnia, \u017ce szklany st\u00f3\u0142 obrotowy obraca si\u0119 ze sta\u0142\u0105 pr\u0119dko\u015bci\u0105, zapewnia sprz\u0119\u017cenie zwrotne enkodera dotycz\u0105ce po\u0142o\u017cenia materia\u0142u i por\u00f3wnuje po\u0142o\u017cenia sprz\u0119tu, aby sterowa\u0107 kamer\u0105 CCD i urz\u0105dzeniem nadmuchowym na wielu stanowiskach. Umo\u017cliwia to w pe\u0142ni zautomatyzowan\u0105 inspekcj\u0119 i przesiewanie wygl\u0105du, rozmiaru i innych aspekt\u00f3w. Obrotowa maszyna do wizualnego przesiewania jest szeroko stosowana w elektronice 3C, bateriach litowych, komponentach elektronicznych, p\u00f3\u0142przewodnikach, sprz\u0119cie i innych sektorach produkcji przemys\u0142owej.<\/p>\n<h2><\/h2>\n<h2>Wprowadzenie do kontrolera ruchu<\/h2>\n<p>Mo\u017ce wykonywa\u0107 z\u0142o\u017cone funkcje sterowania ruchem, takie jak interpolacja liniowa i interpolacja ko\u0142owa. Obs\u0142uguje r\u00f3wnie\u017c ci\u0105g\u0142e przetwarzanie trajektorii i obs\u0142uguje wej\u015bcie zatrzaskowe o du\u017cej pr\u0119dko\u015bci IO. Ponadto oferuje precyzyjne wyj\u015bcie i wyj\u015bcie synchronizacji po\u0142o\u017cenia (PSO). Dzi\u0119ki temu idealnie nadaje si\u0119 do sprz\u0119tu do wizualnego przesiewania sto\u0142u obrotowego z 2\u20138 stanowiskami do kontroli wizualnej.<\/p>\n\t<div class=\"img has-hover x md-x lg-x y md-y lg-y\" id=\"image_1436875035\">\n\t\t\t\t\t\t\t\t<div class=\"img-inner dark\" >\n\t\t\t<img loading=\"lazy\" decoding=\"async\" width=\"800\" height=\"500\" src=\"https:\/\/swoer.com\/wp-content\/uploads\/2024\/08\/Motion-Controller-Introduction.webp\" class=\"attachment-original size-original\" alt=\"Wprowadzenie do kontrolera ruchu\" srcset=\"https:\/\/swoer.com\/wp-content\/uploads\/2024\/08\/Motion-Controller-Introduction.webp 800w, https:\/\/swoer.com\/wp-content\/uploads\/2024\/08\/Motion-Controller-Introduction-300x188.webp 300w, https:\/\/swoer.com\/wp-content\/uploads\/2024\/08\/Motion-Controller-Introduction-768x480.webp 768w, https:\/\/swoer.com\/wp-content\/uploads\/2024\/08\/Motion-Controller-Introduction-18x12.webp 18w, https:\/\/swoer.com\/wp-content\/uploads\/2024\/08\/Motion-Controller-Introduction-600x375.webp 600w\" sizes=\"(max-width: 800px) 100vw, 800px\" \/>\t\t\t\t\t\t\n\t\t\t\t\t<\/div>\n\t\t\t\t\t\t\t\t\n<style>\n#image_1436875035 {\n  width: 100%;\n}\n<\/style>\n\t<\/div>\n\t\n<h3>\u00a0Zalety zastosowania sterownika w maszynie do przesiewania wizualnego ze sto\u0142em obrotowym<\/h3>\n<ol>\n<li>Mo\u017ce sterowa\u0107 gramofonem w czasie rzeczywistym i rejestrowa\u0107 pozycj\u0119 sprz\u0119\u017cenia zwrotnego enkodera;<\/li>\n<li>Szybki port wej\u015bciowy \u0142\u0105czy si\u0119 z czujnikiem, kt\u00f3ry wykrywa i zapisuje po\u0142o\u017cenie cz\u0119\u015bci.<\/li>\n<li>Wyj\u015bcie sprz\u0119towe PSO umo\u017cliwia po\u0142\u0105czenie z 2-8 kamerami w celu wizualnego lotu, wykrywania i pomiaru.<\/li>\n<li>Wyj\u015bcie sprz\u0119towe PSO \u0142\u0105czy si\u0119 r\u00f3wnie\u017c z lotniskiem w celu przesiewania i klasyfikowania wynik\u00f3w kontroli wizualnej.<\/li>\n<\/ol>\n\t<div class=\"img has-hover x md-x lg-x y md-y lg-y\" id=\"image_1226547950\">\n\t\t\t\t\t\t\t\t<div class=\"img-inner dark\" >\n\t\t\t<img loading=\"lazy\" decoding=\"async\" width=\"1062\" height=\"446\" src=\"https:\/\/swoer.com\/wp-content\/uploads\/2024\/08\/Schematic-diagram-of-visual-screening-function.webp\" class=\"attachment-original size-original\" alt=\"Schematyczny diagram funkcji przesiewania wzrokowego\" srcset=\"https:\/\/swoer.com\/wp-content\/uploads\/2024\/08\/Schematic-diagram-of-visual-screening-function.webp 1062w, https:\/\/swoer.com\/wp-content\/uploads\/2024\/08\/Schematic-diagram-of-visual-screening-function-300x126.webp 300w, https:\/\/swoer.com\/wp-content\/uploads\/2024\/08\/Schematic-diagram-of-visual-screening-function-1024x430.webp 1024w, https:\/\/swoer.com\/wp-content\/uploads\/2024\/08\/Schematic-diagram-of-visual-screening-function-768x323.webp 768w, https:\/\/swoer.com\/wp-content\/uploads\/2024\/08\/Schematic-diagram-of-visual-screening-function-18x8.webp 18w, https:\/\/swoer.com\/wp-content\/uploads\/2024\/08\/Schematic-diagram-of-visual-screening-function-600x252.webp 600w\" sizes=\"(max-width: 1062px) 100vw, 1062px\" \/>\t\t\t\t\t\t\n\t\t\t\t\t<\/div>\n\t\t\t\t\t\t\t\t\n<style>\n#image_1226547950 {\n  width: 100%;\n}\n<\/style>\n\t<\/div>\n\t\n\t<div id=\"gap-272355720\" class=\"gap-element clearfix\" style=\"display:block; height:auto;\">\n\t\t\n<style>\n#gap-272355720 {\n  padding-top: 30px;\n}\n<\/style>\n\t<\/div>\n\t\n<h2>Zasada dzia\u0142ania maszyny do wizualnego przesiewania szk\u0142a obrotowego<\/h2>\n<ol>\n<li>\n<h3>Zasada dzia\u0142ania<\/h3>\n<\/li>\n<\/ol>\n<p>Najpierw p\u0142yta wibracyjna transportuje cz\u0119\u015bci do szklanego sto\u0142u obrotowego o wysokiej przezroczysto\u015bci. Nast\u0119pnie czujnik wykrywa nadchodz\u0105ce cz\u0119\u015bci, a kontroler rejestruje ich po\u0142o\u017cenie za pomoc\u0105 szybkiego portu wej\u015bciowego zatrzasku.<\/p>\n<p>Gdy st\u00f3\u0142 obrotowy dociera do stanowiska kontroli wizualnej, kontroler uruchamia kamer\u0119, kt\u00f3ra wykonuje zdj\u0119cia przez port wyj\u015bciowy du\u017cej pr\u0119dko\u015bci.<\/p>\n<p>nast\u0119pnie wykonuje operacje przetwarzania obrazu, a na koniec automatycznie wykrywa i przesiewa zgodnie z ustawionymi standardami kontroli,<\/p>\n<p>i odrzuca produkty wadliwe.<\/p>\n<ol start=\"2\">\n<li>\n<h3>Zasada dzia\u0142ania uk\u0142adu sterowania ruchem<\/h3>\n<\/li>\n<\/ol>\n<p>W por\u00f3wnaniu do tradycyjnego rozwi\u0105zania PLC+ekran dotykowy, system bazuj\u0105cy na sterowniku ruchu oferuje lepsz\u0105 integracj\u0119, szybsz\u0105 reakcj\u0119 i wy\u017csz\u0105 wydajno\u015b\u0107.<\/p>\n<p>Gdy szklany st\u00f3\u0142 obrotowy porusza si\u0119 szybko, sprz\u0119t uruchamia kamer\u0119 do robienia zdj\u0119\u0107 wizualnych. Przetwarza obrazy i wyprowadza wyniki przesiewania w czasie rzeczywistym, znacznie zwi\u0119kszaj\u0105c szybko\u015b\u0107 inspekcji.<\/p>\n\t<div class=\"img has-hover x md-x lg-x y md-y lg-y\" id=\"image_711182876\">\n\t\t\t\t\t\t\t\t<div class=\"img-inner dark\" >\n\t\t\t<img loading=\"lazy\" decoding=\"async\" width=\"800\" height=\"500\" src=\"https:\/\/swoer.com\/wp-content\/uploads\/2024\/08\/Control-system-principle.webp\" class=\"attachment-original size-original\" alt=\"Zasada dzia\u0142ania uk\u0142adu sterowania\" srcset=\"https:\/\/swoer.com\/wp-content\/uploads\/2024\/08\/Control-system-principle.webp 800w, https:\/\/swoer.com\/wp-content\/uploads\/2024\/08\/Control-system-principle-300x188.webp 300w, https:\/\/swoer.com\/wp-content\/uploads\/2024\/08\/Control-system-principle-768x480.webp 768w, https:\/\/swoer.com\/wp-content\/uploads\/2024\/08\/Control-system-principle-18x12.webp 18w, https:\/\/swoer.com\/wp-content\/uploads\/2024\/08\/Control-system-principle-600x375.webp 600w\" sizes=\"(max-width: 800px) 100vw, 800px\" \/>\t\t\t\t\t\t\n\t\t\t\t\t<\/div>\n\t\t\t\t\t\t\t\t\n<style>\n#image_711182876 {\n  width: 100%;\n}\n<\/style>\n\t<\/div>\n\t\n\t<div id=\"gap-1382460849\" class=\"gap-element clearfix\" style=\"display:block; height:auto;\">\n\t\t\n<style>\n#gap-1382460849 {\n  padding-top: 30px;\n}\n<\/style>\n\t<\/div>\n\t\n<ol start=\"3\">\n<li>\n<h3>Zasada dzia\u0142ania uk\u0142adu wzrokowego<\/h3>\n<\/li>\n<\/ol>\n<p>Czas reakcji kamery, ekspozycja, piksele i sterowanie \u017ar\u00f3d\u0142em \u015bwiat\u0142a musz\u0105 spe\u0142nia\u0107 wymagania pr\u0119dko\u015bci obrotowej sto\u0142u obrotowego. Zapewnia to, \u017ce wizualne fotografowanie, pomiary i inspekcja odpowiadaj\u0105 pr\u0119dko\u015bci ruchu r\u00f3\u017cnych cz\u0119\u015bci.<\/p>\n\t<div id=\"gap-380285845\" class=\"gap-element clearfix\" style=\"display:block; height:auto;\">\n\t\t\n<style>\n#gap-380285845 {\n  padding-top: 30px;\n}\n<\/style>\n\t<\/div>\n\t\n<h2>Zastosowanie sterownika ruchu i wizji w urz\u0105dzeniach do przesiewania wizualnego z obrotowym sto\u0142em<\/h2>\n<ol>\n<li>\n<h3>Przep\u0142yw dzia\u0142a\u0144 systemowych<\/h3>\n<\/li>\n<\/ol>\n<ul>\n<li><strong>Inspektorzy \u0142aduj\u0105 produkty do kontroli<\/strong><\/li>\n<\/ul>\n<p>Wybierz p\u0142yt\u0119 wibracyjn\u0105 na podstawie rodzaju materia\u0142u. P\u0142yta wibracyjna transportuje cz\u0119\u015bci do szklanego talerza obrotowego o wysokiej przezroczysto\u015bci. Nast\u0119pnie talerz obrotowy obraca si\u0119 ze sta\u0142\u0105 ustawion\u0105 pr\u0119dko\u015bci\u0105.<\/p>\n\t<div class=\"img has-hover x md-x lg-x y md-y lg-y\" id=\"image_1263640260\">\n\t\t\t\t\t\t\t\t<div class=\"img-inner dark\" >\n\t\t\t<img loading=\"lazy\" decoding=\"async\" width=\"800\" height=\"500\" src=\"https:\/\/swoer.com\/wp-content\/uploads\/2024\/08\/Loading-of-products-to-be-inspected.webp\" class=\"attachment-original size-original\" alt=\"Za\u0142adunek produkt\u00f3w do kontroli\" srcset=\"https:\/\/swoer.com\/wp-content\/uploads\/2024\/08\/Loading-of-products-to-be-inspected.webp 800w, https:\/\/swoer.com\/wp-content\/uploads\/2024\/08\/Loading-of-products-to-be-inspected-300x188.webp 300w, https:\/\/swoer.com\/wp-content\/uploads\/2024\/08\/Loading-of-products-to-be-inspected-768x480.webp 768w, https:\/\/swoer.com\/wp-content\/uploads\/2024\/08\/Loading-of-products-to-be-inspected-18x12.webp 18w, https:\/\/swoer.com\/wp-content\/uploads\/2024\/08\/Loading-of-products-to-be-inspected-600x375.webp 600w\" sizes=\"(max-width: 800px) 100vw, 800px\" \/>\t\t\t\t\t\t\n\t\t\t\t\t<\/div>\n\t\t\t\t\t\t\t\t\n<style>\n#image_1263640260 {\n  width: 100%;\n}\n<\/style>\n\t<\/div>\n\t\n\t<div id=\"gap-1451112929\" class=\"gap-element clearfix\" style=\"display:block; height:auto;\">\n\t\t\n<style>\n#gap-1451112929 {\n  padding-top: 30px;\n}\n<\/style>\n\t<\/div>\n\t\n<ul>\n<li><strong>Materia\u0142y wykrywaj\u0105ce i pozycje rejestruj\u0105ce<\/strong><\/li>\n<\/ul>\n<p>Gdy czujnik wykryje materia\u0142, szybki port zatrzaskowy oparty na czujniku laserowym rejestruje bie\u017c\u0105c\u0105 pozycj\u0119 materia\u0142u;<\/p>\n\t<div class=\"img has-hover x md-x lg-x y md-y lg-y\" id=\"image_1945727263\">\n\t\t\t\t\t\t\t\t<div class=\"img-inner dark\" >\n\t\t\t<img loading=\"lazy\" decoding=\"async\" width=\"800\" height=\"500\" src=\"https:\/\/swoer.com\/wp-content\/uploads\/2024\/08\/Senses-material-and-records-position.webp\" class=\"attachment-original size-original\" alt=\"\" srcset=\"https:\/\/swoer.com\/wp-content\/uploads\/2024\/08\/Senses-material-and-records-position.webp 800w, https:\/\/swoer.com\/wp-content\/uploads\/2024\/08\/Senses-material-and-records-position-300x188.webp 300w, https:\/\/swoer.com\/wp-content\/uploads\/2024\/08\/Senses-material-and-records-position-768x480.webp 768w, https:\/\/swoer.com\/wp-content\/uploads\/2024\/08\/Senses-material-and-records-position-18x12.webp 18w, https:\/\/swoer.com\/wp-content\/uploads\/2024\/08\/Senses-material-and-records-position-600x375.webp 600w\" sizes=\"(max-width: 800px) 100vw, 800px\" \/>\t\t\t\t\t\t\n\t\t\t\t\t<\/div>\n\t\t\t\t\t\t\t\t\n<style>\n#image_1945727263 {\n  width: 100%;\n}\n<\/style>\n\t<\/div>\n\t\n\t<div id=\"gap-263210057\" class=\"gap-element clearfix\" style=\"display:block; height:auto;\">\n\t\t\n<style>\n#gap-263210057 {\n  padding-top: 30px;\n}\n<\/style>\n\t<\/div>\n\t\n<ul>\n<li><strong>Aparat fotograficzny wyzwala robienie zdj\u0119\u0107<\/strong><\/li>\n<\/ul>\n<p>System oblicza po\u0142o\u017cenie ka\u017cdej kamery za pomoc\u0105 portu zatrzasku o du\u017cej pr\u0119dko\u015bci. Nast\u0119pnie wyj\u015bcie por\u00f3wnania po\u0142o\u017cenia sprz\u0119tu kontrolera ruchu wyzwala kamer\u0119 do wizualnego fotografowania w locie.<\/p>\n\t<div class=\"img has-hover x md-x lg-x y md-y lg-y\" id=\"image_47858635\">\n\t\t\t\t\t\t\t\t<div class=\"img-inner dark\" >\n\t\t\t<img loading=\"lazy\" decoding=\"async\" width=\"800\" height=\"500\" src=\"https:\/\/swoer.com\/wp-content\/uploads\/2024\/08\/Camera-triggers-photo-taking.webp\" class=\"attachment-original size-original\" alt=\"Aparat fotograficzny uruchamia robienie zdj\u0119\u0107\" srcset=\"https:\/\/swoer.com\/wp-content\/uploads\/2024\/08\/Camera-triggers-photo-taking.webp 800w, https:\/\/swoer.com\/wp-content\/uploads\/2024\/08\/Camera-triggers-photo-taking-300x188.webp 300w, https:\/\/swoer.com\/wp-content\/uploads\/2024\/08\/Camera-triggers-photo-taking-768x480.webp 768w, https:\/\/swoer.com\/wp-content\/uploads\/2024\/08\/Camera-triggers-photo-taking-18x12.webp 18w, https:\/\/swoer.com\/wp-content\/uploads\/2024\/08\/Camera-triggers-photo-taking-600x375.webp 600w\" sizes=\"(max-width: 800px) 100vw, 800px\" \/>\t\t\t\t\t\t\n\t\t\t\t\t<\/div>\n\t\t\t\t\t\t\t\t\n<style>\n#image_47858635 {\n  width: 100%;\n}\n<\/style>\n\t<\/div>\n\t\n\t<div id=\"gap-637813199\" class=\"gap-element clearfix\" style=\"display:block; height:auto;\">\n\t\t\n<style>\n#gap-637813199 {\n  padding-top: 30px;\n}\n<\/style>\n\t<\/div>\n\t\n<ul>\n<li><strong>\u00a0Przetwarzanie uk\u0142adu wizualnego<\/strong><\/li>\n<\/ul>\n<p>Wykonywanie kontroli wizualnej, pomiar\u00f3w, rozpoznawania i innych funkcji na sfotografowanych obrazach materia\u0142owych oraz przesy\u0142anie sygna\u0142\u00f3w OK lub NG do sterownika ruchu; przesiewanie powietrza.<\/p>\n\t<div class=\"img has-hover x md-x lg-x y md-y lg-y\" id=\"image_423000676\">\n\t\t\t\t\t\t\t\t<div class=\"img-inner dark\" >\n\t\t\t<img loading=\"lazy\" decoding=\"async\" width=\"800\" height=\"500\" src=\"https:\/\/swoer.com\/wp-content\/uploads\/2024\/08\/Vision-Processing-System.webp\" class=\"attachment-original size-original\" alt=\"System przetwarzania wizji\" srcset=\"https:\/\/swoer.com\/wp-content\/uploads\/2024\/08\/Vision-Processing-System.webp 800w, https:\/\/swoer.com\/wp-content\/uploads\/2024\/08\/Vision-Processing-System-300x188.webp 300w, https:\/\/swoer.com\/wp-content\/uploads\/2024\/08\/Vision-Processing-System-768x480.webp 768w, https:\/\/swoer.com\/wp-content\/uploads\/2024\/08\/Vision-Processing-System-18x12.webp 18w, https:\/\/swoer.com\/wp-content\/uploads\/2024\/08\/Vision-Processing-System-600x375.webp 600w\" sizes=\"(max-width: 800px) 100vw, 800px\" \/>\t\t\t\t\t\t\n\t\t\t\t\t<\/div>\n\t\t\t\t\t\t\t\t\n<style>\n#image_423000676 {\n  width: 100%;\n}\n<\/style>\n\t<\/div>\n\t\n<p>System wizualny przekazuje wyniki do kontrolera ruchu, a czujnik podaje po\u0142o\u017cenie materia\u0142u. System oblicza po\u0142o\u017cenie wylotu powietrza i u\u017cywa wyj\u015bcia por\u00f3wnania po\u0142o\u017cenia sprz\u0119tu kontrolera ruchu do sterowania wylotem powietrza w celu przesiewania dobrych i z\u0142ych produkt\u00f3w.<\/p>\n\t<div class=\"img has-hover x md-x lg-x y md-y lg-y\" id=\"image_1938978661\">\n\t\t\t\t\t\t\t\t<div class=\"img-inner dark\" >\n\t\t\t<img loading=\"lazy\" decoding=\"async\" width=\"800\" height=\"500\" src=\"https:\/\/swoer.com\/wp-content\/uploads\/2024\/08\/Screening-of-good-and-bad-products.webp\" class=\"attachment-original size-original\" alt=\"Badanie produkt\u00f3w dobrych i z\u0142ych\" srcset=\"https:\/\/swoer.com\/wp-content\/uploads\/2024\/08\/Screening-of-good-and-bad-products.webp 800w, https:\/\/swoer.com\/wp-content\/uploads\/2024\/08\/Screening-of-good-and-bad-products-300x188.webp 300w, https:\/\/swoer.com\/wp-content\/uploads\/2024\/08\/Screening-of-good-and-bad-products-768x480.webp 768w, https:\/\/swoer.com\/wp-content\/uploads\/2024\/08\/Screening-of-good-and-bad-products-18x12.webp 18w, https:\/\/swoer.com\/wp-content\/uploads\/2024\/08\/Screening-of-good-and-bad-products-600x375.webp 600w\" sizes=\"(max-width: 800px) 100vw, 800px\" \/>\t\t\t\t\t\t\n\t\t\t\t\t<\/div>\n\t\t\t\t\t\t\t\t\n<style>\n#image_1938978661 {\n  width: 100%;\n}\n<\/style>\n\t<\/div>\n\t\n<ol start=\"2\">\n<li>\n<h3>Zalety rozwi\u0105zania<\/h3>\n<\/li>\n<\/ol>\n<ul>\n<li>Stabilne wyniki test\u00f3w o wysokiej sp\u00f3jno\u015bci;<\/li>\n<li>Automatyczne sprawdzanie i klasyfikowanie wadliwych produkt\u00f3w oraz usuwanie ich w celu poprawy jako\u015bci produktu;<\/li>\n<li>W por\u00f3wnaniu ze strzelaniem statycznym, strzelanie z powietrza zmniejsza CT maszyn i zwi\u0119ksza wydajno\u015b\u0107;<\/li>\n<li>Jedna osoba obs\u0142uguj\u0105ca maszyn\u0119 mo\u017ce zast\u0105pi\u0107 2-6 operacji manualnych i zwi\u0119kszy\u0107 wydajno\u015b\u0107 produkcji;<\/li>\n<li>Monitoruj ka\u017cdy proces kontroli produkcji, aby mie\u0107 pewno\u015b\u0107, \u017ce jest niezawodny i skuteczny.<\/li>\n<li>W por\u00f3wnaniu z tradycyjnym rozwi\u0105zaniem PLC+ekran dotykowy, charakteryzuje si\u0119 ono wy\u017cszym poziomem integracji, lepszym stosunkiem koszt\u00f3w do wydajno\u015bci, szybszym czasem reakcji i wy\u017csz\u0105 wydajno\u015bci\u0105.<\/li>\n<\/ul>","protected":false},"excerpt":{"rendered":"<p>Nasze obrotowe urz\u0105dzenia do kontroli wizualnej umo\u017cliwiaj\u0105 zaawansowan\u0105, zautomatyzowan\u0105 kontrol\u0119 rozmiaru, wygl\u0105du i wad cz\u0119\u015bci.<\/p>\n<p>Idealne dla bran\u017c takich jak elektronika, p\u00f3\u0142przewodniki i produkcja sprz\u0119tu.<\/p>","protected":false},"featured_media":2897,"comment_status":"open","ping_status":"closed","template":"","meta":[],"product_cat":[113],"product_tag":[],"yoast_head":"<!-- This site is optimized with the Yoast SEO plugin v22.2 - https:\/\/yoast.com\/wordpress\/plugins\/seo\/ -->\n<title>Screw Rotary Visual Screening Machine with CCD Inspection - SWOER<\/title>\n<meta name=\"description\" content=\"High-quality turntable visual screening machines are designed for precise automated inspection of parts&#039; size, appearance, and defects.\" \/>\n<meta name=\"robots\" content=\"index, follow, max-snippet:-1, max-image-preview:large, max-video-preview:-1\" \/>\n<link rel=\"canonical\" href=\"https:\/\/swoer.com\/pl\/manufacturer\/screw-rotary-visual-screening-machine-with-ccd-inspection\/\" \/>\n<meta property=\"og:locale\" content=\"pl_PL\" \/>\n<meta property=\"og:type\" content=\"article\" \/>\n<meta property=\"og:title\" content=\"Screw Rotary Visual Screening Machine with CCD Inspection - SWOER\" \/>\n<meta property=\"og:description\" content=\"High-quality turntable visual screening machines are designed for precise automated inspection of parts&#039; size, appearance, and defects.\" \/>\n<meta property=\"og:url\" content=\"https:\/\/swoer.com\/pl\/manufacturer\/screw-rotary-visual-screening-machine-with-ccd-inspection\/\" \/>\n<meta property=\"og:site_name\" content=\"SWOER\" \/>\n<meta property=\"article:modified_time\" content=\"2024-11-19T09:08:30+00:00\" \/>\n<meta property=\"og:image\" content=\"https:\/\/swoer.com\/wp-content\/uploads\/2024\/08\/Screw-Rotary-Visual-Screening-machine-with-CCD-inspection.webp\" \/>\n\t<meta property=\"og:image:width\" content=\"1000\" \/>\n\t<meta property=\"og:image:height\" content=\"1000\" \/>\n\t<meta property=\"og:image:type\" content=\"image\/webp\" \/>\n<meta name=\"twitter:card\" content=\"summary_large_image\" \/>\n<meta name=\"twitter:label1\" content=\"Szacowany czas czytania\" \/>\n\t<meta name=\"twitter:data1\" content=\"4 minuty\" \/>\n<script type=\"application\/ld+json\" class=\"yoast-schema-graph\">{\"@context\":\"https:\/\/schema.org\",\"@graph\":[{\"@type\":\"WebPage\",\"@id\":\"https:\/\/swoer.com\/manufacturer\/screw-rotary-visual-screening-machine-with-ccd-inspection\/\",\"url\":\"https:\/\/swoer.com\/manufacturer\/screw-rotary-visual-screening-machine-with-ccd-inspection\/\",\"name\":\"Screw Rotary Visual Screening Machine with CCD Inspection - SWOER\",\"isPartOf\":{\"@id\":\"https:\/\/swoer.com\/#website\"},\"primaryImageOfPage\":{\"@id\":\"https:\/\/swoer.com\/manufacturer\/screw-rotary-visual-screening-machine-with-ccd-inspection\/#primaryimage\"},\"image\":{\"@id\":\"https:\/\/swoer.com\/manufacturer\/screw-rotary-visual-screening-machine-with-ccd-inspection\/#primaryimage\"},\"thumbnailUrl\":\"https:\/\/swoer.com\/wp-content\/uploads\/2024\/08\/Screw-Rotary-Visual-Screening-machine-with-CCD-inspection.webp\",\"datePublished\":\"2024-08-20T14:30:31+00:00\",\"dateModified\":\"2024-11-19T09:08:30+00:00\",\"description\":\"High-quality turntable visual screening machines are designed for precise automated inspection of parts' size, appearance, and defects.\",\"breadcrumb\":{\"@id\":\"https:\/\/swoer.com\/manufacturer\/screw-rotary-visual-screening-machine-with-ccd-inspection\/#breadcrumb\"},\"inLanguage\":\"pl-PL\",\"potentialAction\":[{\"@type\":\"ReadAction\",\"target\":[\"https:\/\/swoer.com\/manufacturer\/screw-rotary-visual-screening-machine-with-ccd-inspection\/\"]}]},{\"@type\":\"ImageObject\",\"inLanguage\":\"pl-PL\",\"@id\":\"https:\/\/swoer.com\/manufacturer\/screw-rotary-visual-screening-machine-with-ccd-inspection\/#primaryimage\",\"url\":\"https:\/\/swoer.com\/wp-content\/uploads\/2024\/08\/Screw-Rotary-Visual-Screening-machine-with-CCD-inspection.webp\",\"contentUrl\":\"https:\/\/swoer.com\/wp-content\/uploads\/2024\/08\/Screw-Rotary-Visual-Screening-machine-with-CCD-inspection.webp\",\"width\":1000,\"height\":1000,\"caption\":\"Screw Rotary Visual Screening machine with CCD inspection\"},{\"@type\":\"BreadcrumbList\",\"@id\":\"https:\/\/swoer.com\/manufacturer\/screw-rotary-visual-screening-machine-with-ccd-inspection\/#breadcrumb\",\"itemListElement\":[{\"@type\":\"ListItem\",\"position\":1,\"name\":\"Home\",\"item\":\"https:\/\/swoer.com\/\"},{\"@type\":\"ListItem\",\"position\":2,\"name\":\"Shop\",\"item\":\"https:\/\/swoer.com\/shop\/\"},{\"@type\":\"ListItem\",\"position\":3,\"name\":\"Screw Rotary Visual Screening Machine with CCD Inspection\"}]},{\"@type\":\"WebSite\",\"@id\":\"https:\/\/swoer.com\/#website\",\"url\":\"https:\/\/swoer.com\/\",\"name\":\"SWOER\",\"description\":\"Swoer is the top 3 vibratory bowl feeder manufacturer in China\",\"potentialAction\":[{\"@type\":\"SearchAction\",\"target\":{\"@type\":\"EntryPoint\",\"urlTemplate\":\"https:\/\/swoer.com\/?s={search_term_string}\"},\"query-input\":\"required name=search_term_string\"}],\"inLanguage\":\"pl-PL\"}]}<\/script>\n<!-- \/ Yoast SEO plugin. -->","yoast_head_json":{"title":"Screw Rotary Visual Screening Machine with CCD Inspection - SWOER","description":"High-quality turntable visual screening machines are designed for precise automated inspection of parts' size, appearance, and defects.","robots":{"index":"index","follow":"follow","max-snippet":"max-snippet:-1","max-image-preview":"max-image-preview:large","max-video-preview":"max-video-preview:-1"},"canonical":"https:\/\/swoer.com\/pl\/manufacturer\/screw-rotary-visual-screening-machine-with-ccd-inspection\/","og_locale":"pl_PL","og_type":"article","og_title":"Screw Rotary Visual Screening Machine with CCD Inspection - SWOER","og_description":"High-quality turntable visual screening machines are designed for precise automated inspection of parts' size, appearance, and defects.","og_url":"https:\/\/swoer.com\/pl\/manufacturer\/screw-rotary-visual-screening-machine-with-ccd-inspection\/","og_site_name":"SWOER","article_modified_time":"2024-11-19T09:08:30+00:00","og_image":[{"width":1000,"height":1000,"url":"https:\/\/swoer.com\/wp-content\/uploads\/2024\/08\/Screw-Rotary-Visual-Screening-machine-with-CCD-inspection.webp","type":"image\/webp"}],"twitter_card":"summary_large_image","twitter_misc":{"Szacowany czas czytania":"4 minuty"},"schema":{"@context":"https:\/\/schema.org","@graph":[{"@type":"WebPage","@id":"https:\/\/swoer.com\/manufacturer\/screw-rotary-visual-screening-machine-with-ccd-inspection\/","url":"https:\/\/swoer.com\/manufacturer\/screw-rotary-visual-screening-machine-with-ccd-inspection\/","name":"Screw Rotary Visual Screening Machine with CCD Inspection - SWOER","isPartOf":{"@id":"https:\/\/swoer.com\/#website"},"primaryImageOfPage":{"@id":"https:\/\/swoer.com\/manufacturer\/screw-rotary-visual-screening-machine-with-ccd-inspection\/#primaryimage"},"image":{"@id":"https:\/\/swoer.com\/manufacturer\/screw-rotary-visual-screening-machine-with-ccd-inspection\/#primaryimage"},"thumbnailUrl":"https:\/\/swoer.com\/wp-content\/uploads\/2024\/08\/Screw-Rotary-Visual-Screening-machine-with-CCD-inspection.webp","datePublished":"2024-08-20T14:30:31+00:00","dateModified":"2024-11-19T09:08:30+00:00","description":"High-quality turntable visual screening machines are designed for precise automated inspection of parts' size, appearance, and defects.","breadcrumb":{"@id":"https:\/\/swoer.com\/manufacturer\/screw-rotary-visual-screening-machine-with-ccd-inspection\/#breadcrumb"},"inLanguage":"pl-PL","potentialAction":[{"@type":"ReadAction","target":["https:\/\/swoer.com\/manufacturer\/screw-rotary-visual-screening-machine-with-ccd-inspection\/"]}]},{"@type":"ImageObject","inLanguage":"pl-PL","@id":"https:\/\/swoer.com\/manufacturer\/screw-rotary-visual-screening-machine-with-ccd-inspection\/#primaryimage","url":"https:\/\/swoer.com\/wp-content\/uploads\/2024\/08\/Screw-Rotary-Visual-Screening-machine-with-CCD-inspection.webp","contentUrl":"https:\/\/swoer.com\/wp-content\/uploads\/2024\/08\/Screw-Rotary-Visual-Screening-machine-with-CCD-inspection.webp","width":1000,"height":1000,"caption":"Screw Rotary Visual Screening machine with CCD inspection"},{"@type":"BreadcrumbList","@id":"https:\/\/swoer.com\/manufacturer\/screw-rotary-visual-screening-machine-with-ccd-inspection\/#breadcrumb","itemListElement":[{"@type":"ListItem","position":1,"name":"Home","item":"https:\/\/swoer.com\/"},{"@type":"ListItem","position":2,"name":"Shop","item":"https:\/\/swoer.com\/shop\/"},{"@type":"ListItem","position":3,"name":"Screw Rotary Visual Screening Machine with CCD Inspection"}]},{"@type":"WebSite","@id":"https:\/\/swoer.com\/#website","url":"https:\/\/swoer.com\/","name":"SWOER","description":"Swoer is the top 3 vibratory bowl feeder manufacturer in China","potentialAction":[{"@type":"SearchAction","target":{"@type":"EntryPoint","urlTemplate":"https:\/\/swoer.com\/?s={search_term_string}"},"query-input":"required name=search_term_string"}],"inLanguage":"pl-PL"}]}},"_links":{"self":[{"href":"https:\/\/swoer.com\/pl\/wp-json\/wp\/v2\/product\/2522"}],"collection":[{"href":"https:\/\/swoer.com\/pl\/wp-json\/wp\/v2\/product"}],"about":[{"href":"https:\/\/swoer.com\/pl\/wp-json\/wp\/v2\/types\/product"}],"replies":[{"embeddable":true,"href":"https:\/\/swoer.com\/pl\/wp-json\/wp\/v2\/comments?post=2522"}],"wp:featuredmedia":[{"embeddable":true,"href":"https:\/\/swoer.com\/pl\/wp-json\/wp\/v2\/media\/2897"}],"wp:attachment":[{"href":"https:\/\/swoer.com\/pl\/wp-json\/wp\/v2\/media?parent=2522"}],"wp:term":[{"taxonomy":"product_cat","embeddable":true,"href":"https:\/\/swoer.com\/pl\/wp-json\/wp\/v2\/product_cat?post=2522"},{"taxonomy":"product_tag","embeddable":true,"href":"https:\/\/swoer.com\/pl\/wp-json\/wp\/v2\/product_tag?post=2522"}],"curies":[{"name":"wp","href":"https:\/\/api.w.org\/{rel}","templated":true}]}}