{"id":2371,"date":"2024-07-29T09:55:57","date_gmt":"2024-07-29T01:55:57","guid":{"rendered":"https:\/\/swoer.com\/?post_type=product&#038;p=2371"},"modified":"2024-07-29T11:15:40","modified_gmt":"2024-07-29T03:15:40","slug":"rotary-bowl-feeder-for-grapa","status":"publish","type":"product","link":"https:\/\/swoer.com\/pl\/manufacturer\/rotary-bowl-feeder-for-grapa\/","title":{"rendered":"Podajnik obrotowy do grapy"},"content":{"rendered":"<h2>Informacje o produkcie<\/h2>\n<table width=\"566\">\n<tbody>\n<tr>\n<td width=\"144\">\u00a0Nazwa produktu<\/td>\n<td width=\"422\">Podajnik obrotowy do grapy<\/td>\n<\/tr>\n<tr>\n<td>\u00a0Materia\u0142<\/td>\n<td>\u00a0SUS201\/304<\/td>\n<\/tr>\n<tr>\n<td>\u00a0Specjalno\u015b\u0107 materia\u0142owa<\/td>\n<td>\u00a0Stop do kucia na zimno, wysoka wytrzyma\u0142o\u015b\u0107, wysoka twardo\u015b\u0107<\/td>\n<\/tr>\n<tr>\n<td>\u00a0Napi\u0119cie<\/td>\n<td>\u00a0220 V<\/td>\n<\/tr>\n<tr>\n<td>\u00a0Moc<\/td>\n<td>\u00a065 W \/ 150 W \/ 180 W \/ 220 W \/ 350 W<\/td>\n<\/tr>\n<tr>\n<td>\u00a0Uwierzytelnianie<\/td>\n<td>\u00a0CE, ROHS, ISO9001<\/td>\n<\/tr>\n<tr>\n<td>\u00a0Gwarancja<\/td>\n<td>\u00a01 rok<\/td>\n<\/tr>\n<tr>\n<td>\u00a0MOQ<\/td>\n<td>\u00a01 zestaw<\/td>\n<\/tr>\n<tr>\n<td>\u00a0Czas realizacji<\/td>\n<td>\u00a010-14 dni<\/td>\n<\/tr>\n<tr>\n<td>\u00a0Termin p\u0142atno\u015bci<\/td>\n<td>\u00a0T\/T 40% Depozyt i saldo przed wysy\u0142k\u0105<\/td>\n<\/tr>\n<tr>\n<td>\u00a0Orygina\u0142 miejsca<\/td>\n<td>\u00a0Chiny<\/td>\n<\/tr>\n<\/tbody>\n<\/table>\n\t<div id=\"gap-513546686\" class=\"gap-element clearfix\" style=\"display:block; height:auto;\">\n\t\t\n<style>\n#gap-513546686 {\n  padding-top: 30px;\n}\n<\/style>\n\t<\/div>\n\t\n<h2>Testuj wideo<\/h2>\n<div class=\"video video-fit mb\" style=\"padding-top:56.25%;\"><p><iframe loading=\"lazy\" title=\"Podajnik rotacyjny Grapa - Podajnik wibracyjny do Grapy\" width=\"1020\" height=\"574\" src=\"https:\/\/www.youtube.com\/embed\/aZtwcK-m9lQ?feature=oembed\" frameborder=\"0\" allow=\"accelerometer; autoplay; clipboard-write; encrypted-media; gyroscope; picture-in-picture; web-share\" referrerpolicy=\"strict-origin-when-cross-origin\" allowfullscreen><\/iframe><\/p>\n<\/div>\n\t<div id=\"gap-1482135056\" class=\"gap-element clearfix\" style=\"display:block; height:auto;\">\n\t\t\n<style>\n#gap-1482135056 {\n  padding-top: 30px;\n}\n<\/style>\n\t<\/div>\n\t\n<h2>Wa\u017cna informacja<\/h2>\n<p>Je\u017celi s\u0105 Pa\u0144stwo zainteresowani naszymi podajnikami wibracyjnymi, b\u0119dziemy wdzi\u0119czni za podanie nam nast\u0119puj\u0105cych informacji na temat Pa\u0144stwa wymaga\u0144:<\/p>\n<ul>\n<li><b><\/b><strong><b>Szczeg\u00f3\u0142y cz\u0119\u015bci: <\/b><\/strong>Zdj\u0119cia, wymiary i, je\u015bli to mo\u017cliwe, rysunki 3D cz\u0119\u015bci, kt\u00f3re zamierzasz u\u017cy\u0107.<\/li>\n<li><b><\/b><strong><b>Wymagana pr\u0119dko\u015b\u0107: <\/b><\/strong>Liczba sztuk na minut\u0119 (np. 30 szt.\/min).<\/li>\n<li><b><\/b><strong><b>Orientacja obrotowa: <\/b><\/strong>Czy podajnik ma si\u0119 obraca\u0107 w prawo czy w lewo?<\/li>\n<li><b><\/b><strong><b>Orientacja karmienia: <\/b><\/strong>Po\u017c\u0105dana orientacja komponent\u00f3w po podaniu.<\/li>\n<li><b><\/b><strong><b>Dodatkowe wyposa\u017cenie: <\/b><\/strong>Czy potrzebujesz podajnika liniowego, listwy przypod\u0142ogowej lub leja zasypowego?<\/li>\n<\/ul>\n<p><strong>Po otrzymaniu tych informacji niezw\u0142ocznie ocenimy Twoje wymagania i przedstawimy dostosowan\u0105 ofert\u0119.<\/strong><\/p>\n\t<div id=\"gap-1703356616\" class=\"gap-element clearfix\" style=\"display:block; height:auto;\">\n\t\t\n<style>\n#gap-1703356616 {\n  padding-top: 30px;\n}\n<\/style>\n\t<\/div>\n\t\n<h2 style=\"text-align: center;\">Skontaktuj si\u0119 z nami<\/h2>\n\n<div class=\"wpcf7 no-js\" id=\"wpcf7-f5-o1\" lang=\"en-US\" dir=\"ltr\">\n<div class=\"screen-reader-response\"><p role=\"status\" aria-live=\"polite\" aria-atomic=\"true\"><\/p> <ul><\/ul><\/div>\n<form action=\"\/pl\/wp-json\/wp\/v2\/product\/2371#wpcf7-f5-o1\" method=\"post\" class=\"wpcf7-form init\" aria-label=\"Formularz kontaktowy\" novalidate=\"novalidate\" data-status=\"init\" data-trp-original-action=\"\/pl\/wp-json\/wp\/v2\/product\/2371#wpcf7-f5-o1\">\n<div style=\"display: none;\">\n<input type=\"hidden\" name=\"_wpcf7\" value=\"5\" \/>\n<input type=\"hidden\" name=\"_wpcf7_version\" value=\"5.9.2\" \/>\n<input type=\"hidden\" name=\"_wpcf7_locale\" value=\"en_US\" \/>\n<input type=\"hidden\" name=\"_wpcf7_unit_tag\" value=\"wpcf7-f5-o1\" \/>\n<input type=\"hidden\" name=\"_wpcf7_container_post\" value=\"0\" \/>\n<input type=\"hidden\" name=\"_wpcf7_posted_data_hash\" value=\"\" \/>\n<\/div>\n<div class='custom_contact_style'>\n\t<p><label> Twoje imi\u0119<br \/>\n<span class=\"wpcf7-form-control-wrap\" data-name=\"your-name\"><input size=\"40\" class=\"wpcf7-form-control wpcf7-text wpcf7-validates-as-required\" autocomplete=\"name\" aria-required=\"true\" aria-invalid=\"false\" value=\"\" type=\"text\" name=\"your-name\" \/><\/span> <\/label>\n\t<\/p>\n\t<p><label> Tw\u00f3j email<br \/>\n<span class=\"wpcf7-form-control-wrap\" data-name=\"your-email\"><input size=\"40\" class=\"wpcf7-form-control wpcf7-email wpcf7-validates-as-required wpcf7-text wpcf7-validates-as-email\" autocomplete=\"email\" aria-required=\"true\" aria-invalid=\"false\" value=\"\" type=\"email\" name=\"your-email\" \/><\/span> <\/label>\n\t<\/p>\n\t<p><label> Twoja wiadomo\u015b\u0107 (opcjonalnie)<br \/>\n<span class=\"wpcf7-form-control-wrap\" data-name=\"your-message\"><textarea cols=\"40\" rows=\"10\" class=\"wpcf7-form-control wpcf7-textarea\" aria-invalid=\"false\" name=\"your-message\"><\/textarea><\/span> <\/label>\n\t<\/p>\n\t<div style=\"margin-bottom:10px;\">\n\t\t<p><span class=\"wpcf7-form-control-wrap kc_captcha cf7ic-toggle\" data-name=\"kc_captcha\"><span class=\"wpcf7-form-control wpcf7-radio\"><span class=\"captcha-image\" style=\"display: none;\"><span class=\"cf7ic_instructions\">Udowodnij, \u017ce jeste\u015b cz\u0142owiekiem, wybieraj\u0105c opcj\u0119<span> klucz<\/span>.<\/span><label><input aria-label=\"1\" type=\"radio\" name=\"kc_captcha\" value=\"bot\" \/><svg aria-hidden=\"true\" role=\"img\" xmlns=\"http:\/\/www.w3.org\/2000\/svg\" viewbox=\"0 0 576 512\"><path fill=\"currentColor\" d=\"M488 313v143c0 13-11 24-24 24H348c-7 0-12-5-12-12V356c0-7-5-12-12-12h-72c-7 0-12 5-12 12v112c0 7-5 12-12 12H112c-13 0-24-11-24-24V313c0-4 2-7 4-10l188-154c5-4 11-4 16 0l188 154c2 3 4 6 4 10zm84-61l-84-69V44c0-6-5-12-12-12h-56c-7 0-12 6-12 12v73l-89-74a48 48 0 00-61 0L4 252c-5 4-5 12-1 17l25 31c5 5 12 5 17 1l235-193c5-4 11-4 16 0l235 193c5 5 13 4 17-1l25-31c4-6 4-13-1-17z\"\/><\/svg><\/label><label><input aria-label=\"2\" type=\"radio\" name=\"kc_captcha\" value=\"kc_human\" \/><svg aria-hidden=\"true\" role=\"img\" xmlns=\"http:\/\/www.w3.org\/2000\/svg\" viewbox=\"0 0 512 512\"><path fill=\"currentColor\" d=\"M512 176a176 176 0 01-209 173l-24 27a24 24 0 01-18 8h-37v40c0 13-11 24-24 24h-40v40c0 13-11 24-24 24H24c-13 0-24-11-24-24v-78c0-6 3-13 7-17l162-162a176 176 0 11343-55zm-176-48a48 48 0 1096 0 48 48 0 00-96 0z\"\/><\/svg><\/label><label><input aria-label=\"3\" type=\"radio\" name=\"kc_captcha\" value=\"bot\" \/><svg aria-hidden=\"true\" role=\"img\" xmlns=\"http:\/\/www.w3.org\/2000\/svg\" viewbox=\"0 0 576 512\"><path fill=\"currentColor\" d=\"M472 200H360L256 6a12 12 0 00-10-6h-58c-8 0-14 7-12 15l34 185H100l-35-58a12 12 0 00-10-6H12c-8 0-13 7-12 14l21 106L0 362c-1 7 4 14 12 14h43c4 0 8-2 10-6l35-58h110l-34 185c-2 8 4 15 12 15h58a12 12 0 0010-6l104-194h112c57 0 104-25 104-56s-47-56-104-56z\"\/><\/svg><\/label>\r\n    <\/span>\r\n    <span style=\"display:none\">\r\n        <input type=\"text\" name=\"kc_honeypot\">\r\n    <\/span><\/span><\/span>\n\t\t<\/p>\n\t<\/div>\n\t<p><input class=\"wpcf7-form-control wpcf7-submit has-spinner\" type=\"submit\" value=\"Sk\u0142ada\u0107\" \/>\n\t<\/p>\n<\/div><div class=\"wpcf7-response-output\" aria-hidden=\"true\"><\/div>\n<input type=\"hidden\" name=\"trp-form-language\" value=\"pl\"\/><\/form>\n<\/div>","protected":false},"excerpt":{"rendered":"<p>Nasz obrotowy podajnik misowy zosta\u0142 specjalnie zaprojektowany do produkcji grapy. Wykorzystuje technologi\u0119 wibracji do orientowania i podawania cz\u0119\u015bci grapy z du\u017c\u0105 pr\u0119dko\u015bci\u0105, zapewniaj\u0105c sta\u0142\u0105 i niezawodn\u0105 automatyzacj\u0119. Zwi\u0119ksz wydajno\u015b\u0107 produkcji i obni\u017c koszty pracy dzi\u0119ki naszemu zaawansowanemu rozwi\u0105zaniu w zakresie \u017cywienia.<\/p>","protected":false},"featured_media":2372,"comment_status":"open","ping_status":"closed","template":"","meta":[],"product_cat":[37],"product_tag":[],"yoast_head":"<!-- This site is optimized with the Yoast SEO plugin v22.2 - https:\/\/yoast.com\/wordpress\/plugins\/seo\/ -->\n<title>Rotary Bowl Feeder for Grapa | Grapa Vibratory Bowl Feeder<\/title>\n<meta name=\"description\" content=\"Enhance grapa production with our efficient rotary bowl feeder, designed to precisely orient and feed grapa parts, boosting automation and reducing downtime.\" \/>\n<meta name=\"robots\" content=\"index, follow, max-snippet:-1, max-image-preview:large, max-video-preview:-1\" \/>\n<link rel=\"canonical\" href=\"https:\/\/swoer.com\/pl\/manufacturer\/rotary-bowl-feeder-for-grapa\/\" \/>\n<meta property=\"og:locale\" content=\"pl_PL\" \/>\n<meta property=\"og:type\" content=\"article\" \/>\n<meta property=\"og:title\" content=\"Rotary Bowl Feeder for Grapa | Grapa Vibratory Bowl Feeder\" \/>\n<meta property=\"og:description\" content=\"Enhance grapa production with our efficient rotary bowl feeder, designed to precisely orient and feed grapa parts, boosting automation and reducing downtime.\" \/>\n<meta property=\"og:url\" content=\"https:\/\/swoer.com\/pl\/manufacturer\/rotary-bowl-feeder-for-grapa\/\" \/>\n<meta property=\"og:site_name\" content=\"SWOER\" \/>\n<meta property=\"article:modified_time\" content=\"2024-07-29T03:15:40+00:00\" \/>\n<meta property=\"og:image\" content=\"https:\/\/swoer.com\/wp-content\/uploads\/2024\/07\/rotary-bowl-feeder-for-grapa.webp\" \/>\n\t<meta property=\"og:image:width\" content=\"1000\" \/>\n\t<meta property=\"og:image:height\" content=\"1000\" \/>\n\t<meta property=\"og:image:type\" content=\"image\/webp\" \/>\n<meta name=\"twitter:card\" content=\"summary_large_image\" \/>\n<meta name=\"twitter:label1\" content=\"Szacowany czas czytania\" \/>\n\t<meta name=\"twitter:data1\" content=\"1 minuta\" \/>\n<script type=\"application\/ld+json\" class=\"yoast-schema-graph\">{\"@context\":\"https:\/\/schema.org\",\"@graph\":[{\"@type\":\"WebPage\",\"@id\":\"https:\/\/swoer.com\/manufacturer\/rotary-bowl-feeder-for-grapa\/\",\"url\":\"https:\/\/swoer.com\/manufacturer\/rotary-bowl-feeder-for-grapa\/\",\"name\":\"Rotary Bowl Feeder for Grapa | Grapa Vibratory Bowl Feeder\",\"isPartOf\":{\"@id\":\"https:\/\/swoer.com\/#website\"},\"primaryImageOfPage\":{\"@id\":\"https:\/\/swoer.com\/manufacturer\/rotary-bowl-feeder-for-grapa\/#primaryimage\"},\"image\":{\"@id\":\"https:\/\/swoer.com\/manufacturer\/rotary-bowl-feeder-for-grapa\/#primaryimage\"},\"thumbnailUrl\":\"https:\/\/swoer.com\/wp-content\/uploads\/2024\/07\/rotary-bowl-feeder-for-grapa.webp\",\"datePublished\":\"2024-07-29T01:55:57+00:00\",\"dateModified\":\"2024-07-29T03:15:40+00:00\",\"description\":\"Enhance grapa production with our efficient rotary bowl feeder, designed to precisely orient and feed grapa parts, boosting automation and reducing downtime.\",\"breadcrumb\":{\"@id\":\"https:\/\/swoer.com\/manufacturer\/rotary-bowl-feeder-for-grapa\/#breadcrumb\"},\"inLanguage\":\"pl-PL\",\"potentialAction\":[{\"@type\":\"ReadAction\",\"target\":[\"https:\/\/swoer.com\/manufacturer\/rotary-bowl-feeder-for-grapa\/\"]}]},{\"@type\":\"ImageObject\",\"inLanguage\":\"pl-PL\",\"@id\":\"https:\/\/swoer.com\/manufacturer\/rotary-bowl-feeder-for-grapa\/#primaryimage\",\"url\":\"https:\/\/swoer.com\/wp-content\/uploads\/2024\/07\/rotary-bowl-feeder-for-grapa.webp\",\"contentUrl\":\"https:\/\/swoer.com\/wp-content\/uploads\/2024\/07\/rotary-bowl-feeder-for-grapa.webp\",\"width\":1000,\"height\":1000,\"caption\":\"rotary bowl feeder for grapa\"},{\"@type\":\"BreadcrumbList\",\"@id\":\"https:\/\/swoer.com\/manufacturer\/rotary-bowl-feeder-for-grapa\/#breadcrumb\",\"itemListElement\":[{\"@type\":\"ListItem\",\"position\":1,\"name\":\"Home\",\"item\":\"https:\/\/swoer.com\/\"},{\"@type\":\"ListItem\",\"position\":2,\"name\":\"Shop\",\"item\":\"https:\/\/swoer.com\/shop\/\"},{\"@type\":\"ListItem\",\"position\":3,\"name\":\"Rotary Bowl Feeder for Grapa\"}]},{\"@type\":\"WebSite\",\"@id\":\"https:\/\/swoer.com\/#website\",\"url\":\"https:\/\/swoer.com\/\",\"name\":\"SWOER\",\"description\":\"Swoer is the top 3 vibratory bowl feeder manufacturer in China\",\"potentialAction\":[{\"@type\":\"SearchAction\",\"target\":{\"@type\":\"EntryPoint\",\"urlTemplate\":\"https:\/\/swoer.com\/?s={search_term_string}\"},\"query-input\":\"required name=search_term_string\"}],\"inLanguage\":\"pl-PL\"}]}<\/script>\n<!-- \/ Yoast SEO plugin. -->","yoast_head_json":{"title":"Rotary Bowl Feeder for Grapa | Grapa Vibratory Bowl Feeder","description":"Enhance grapa production with our efficient rotary bowl feeder, designed to precisely orient and feed grapa parts, boosting automation and reducing downtime.","robots":{"index":"index","follow":"follow","max-snippet":"max-snippet:-1","max-image-preview":"max-image-preview:large","max-video-preview":"max-video-preview:-1"},"canonical":"https:\/\/swoer.com\/pl\/manufacturer\/rotary-bowl-feeder-for-grapa\/","og_locale":"pl_PL","og_type":"article","og_title":"Rotary Bowl Feeder for Grapa | Grapa Vibratory Bowl Feeder","og_description":"Enhance grapa production with our efficient rotary bowl feeder, designed to precisely orient and feed grapa parts, boosting automation and reducing downtime.","og_url":"https:\/\/swoer.com\/pl\/manufacturer\/rotary-bowl-feeder-for-grapa\/","og_site_name":"SWOER","article_modified_time":"2024-07-29T03:15:40+00:00","og_image":[{"width":1000,"height":1000,"url":"https:\/\/swoer.com\/wp-content\/uploads\/2024\/07\/rotary-bowl-feeder-for-grapa.webp","type":"image\/webp"}],"twitter_card":"summary_large_image","twitter_misc":{"Szacowany czas czytania":"1 minuta"},"schema":{"@context":"https:\/\/schema.org","@graph":[{"@type":"WebPage","@id":"https:\/\/swoer.com\/manufacturer\/rotary-bowl-feeder-for-grapa\/","url":"https:\/\/swoer.com\/manufacturer\/rotary-bowl-feeder-for-grapa\/","name":"Rotary Bowl Feeder for Grapa | Grapa Vibratory Bowl Feeder","isPartOf":{"@id":"https:\/\/swoer.com\/#website"},"primaryImageOfPage":{"@id":"https:\/\/swoer.com\/manufacturer\/rotary-bowl-feeder-for-grapa\/#primaryimage"},"image":{"@id":"https:\/\/swoer.com\/manufacturer\/rotary-bowl-feeder-for-grapa\/#primaryimage"},"thumbnailUrl":"https:\/\/swoer.com\/wp-content\/uploads\/2024\/07\/rotary-bowl-feeder-for-grapa.webp","datePublished":"2024-07-29T01:55:57+00:00","dateModified":"2024-07-29T03:15:40+00:00","description":"Enhance grapa production with our efficient rotary bowl feeder, designed to precisely orient and feed grapa parts, boosting automation and reducing downtime.","breadcrumb":{"@id":"https:\/\/swoer.com\/manufacturer\/rotary-bowl-feeder-for-grapa\/#breadcrumb"},"inLanguage":"pl-PL","potentialAction":[{"@type":"ReadAction","target":["https:\/\/swoer.com\/manufacturer\/rotary-bowl-feeder-for-grapa\/"]}]},{"@type":"ImageObject","inLanguage":"pl-PL","@id":"https:\/\/swoer.com\/manufacturer\/rotary-bowl-feeder-for-grapa\/#primaryimage","url":"https:\/\/swoer.com\/wp-content\/uploads\/2024\/07\/rotary-bowl-feeder-for-grapa.webp","contentUrl":"https:\/\/swoer.com\/wp-content\/uploads\/2024\/07\/rotary-bowl-feeder-for-grapa.webp","width":1000,"height":1000,"caption":"rotary bowl feeder for grapa"},{"@type":"BreadcrumbList","@id":"https:\/\/swoer.com\/manufacturer\/rotary-bowl-feeder-for-grapa\/#breadcrumb","itemListElement":[{"@type":"ListItem","position":1,"name":"Home","item":"https:\/\/swoer.com\/"},{"@type":"ListItem","position":2,"name":"Shop","item":"https:\/\/swoer.com\/shop\/"},{"@type":"ListItem","position":3,"name":"Rotary Bowl Feeder for Grapa"}]},{"@type":"WebSite","@id":"https:\/\/swoer.com\/#website","url":"https:\/\/swoer.com\/","name":"SWOER","description":"Swoer is the top 3 vibratory bowl feeder manufacturer in China","potentialAction":[{"@type":"SearchAction","target":{"@type":"EntryPoint","urlTemplate":"https:\/\/swoer.com\/?s={search_term_string}"},"query-input":"required name=search_term_string"}],"inLanguage":"pl-PL"}]}},"_links":{"self":[{"href":"https:\/\/swoer.com\/pl\/wp-json\/wp\/v2\/product\/2371"}],"collection":[{"href":"https:\/\/swoer.com\/pl\/wp-json\/wp\/v2\/product"}],"about":[{"href":"https:\/\/swoer.com\/pl\/wp-json\/wp\/v2\/types\/product"}],"replies":[{"embeddable":true,"href":"https:\/\/swoer.com\/pl\/wp-json\/wp\/v2\/comments?post=2371"}],"wp:featuredmedia":[{"embeddable":true,"href":"https:\/\/swoer.com\/pl\/wp-json\/wp\/v2\/media\/2372"}],"wp:attachment":[{"href":"https:\/\/swoer.com\/pl\/wp-json\/wp\/v2\/media?parent=2371"}],"wp:term":[{"taxonomy":"product_cat","embeddable":true,"href":"https:\/\/swoer.com\/pl\/wp-json\/wp\/v2\/product_cat?post=2371"},{"taxonomy":"product_tag","embeddable":true,"href":"https:\/\/swoer.com\/pl\/wp-json\/wp\/v2\/product_tag?post=2371"}],"curies":[{"name":"wp","href":"https:\/\/api.w.org\/{rel}","templated":true}]}}