{"id":2350,"date":"2024-07-18T05:57:58","date_gmt":"2024-07-18T05:57:58","guid":{"rendered":"https:\/\/swoer.com\/?post_type=product&#038;p=2350"},"modified":"2024-08-07T09:20:40","modified_gmt":"2024-08-07T01:20:40","slug":"vibratory-feeding-system-base-sw-c320","status":"publish","type":"product","link":"https:\/\/swoer.com\/pl\/manufacturer\/vibratory-feeding-system-base-sw-c320\/","title":{"rendered":"Podstawa systemu podawania wibracyjnego SW-C320"},"content":{"rendered":"<section class=\"section\" id=\"section_826233552\">\n\t\t<div class=\"bg section-bg fill bg-fill  bg-loaded\" >\n\n\t\t\t\n\t\t\t\n\t\t\t\n\n\t\t<\/div>\n\n\t\t\n\n\t\t<div class=\"section-content relative\">\n\t\t\t\n<h2>Parametry produktu<\/h2>\n<table style=\"border-collapse: collapse; width: 418.52pt;\" border=\"0\" width=\"558\" cellspacing=\"0\" cellpadding=\"0\">\n<tbody>\n<tr style=\"height: 27.00pt;\">\n<td class=\"et3\" style=\"height: 27.00pt; width: 143.25pt;\" width=\"191\" height=\"36\">Model<\/td>\n<td class=\"et3\" style=\"width: 275.25pt;\" width=\"367\">SW-C320<\/td>\n<\/tr>\n<tr style=\"height: 27.00pt;\">\n<td class=\"et3\" style=\"height: 27.00pt;\" height=\"36\">Napi\u0119cie znamionowe<\/td>\n<td class=\"et3\">220 V<\/td>\n<\/tr>\n<tr style=\"height: 27.00pt;\">\n<td class=\"et3\" style=\"height: 27.00pt;\" height=\"36\">Cz\u0119stotliwo\u015b\u0107<\/td>\n<td class=\"et3\">50 Hz<\/td>\n<\/tr>\n<tr style=\"height: 27.00pt;\">\n<td class=\"et3\" style=\"height: 27.00pt;\" height=\"36\">Pr\u0105d znamionowy<\/td>\n<td class=\"et3\">5,4A<\/td>\n<\/tr>\n<tr style=\"height: 27.00pt;\">\n<td class=\"et3\" style=\"height: 27.00pt;\" height=\"36\">Maksymalne cia\u0142o<\/td>\n<td class=\"et3\">590mm<\/td>\n<\/tr>\n<tr style=\"height: 27.00pt;\">\n<td class=\"et3\" style=\"height: 27.00pt;\" height=\"36\">Maksymalne obci\u0105\u017cenie<\/td>\n<td class=\"et3\">18 kg<\/td>\n<\/tr>\n<tr style=\"height: 27.00pt;\">\n<td class=\"et3\" style=\"height: 27.00pt;\" height=\"36\">Odpowiedni kontroler<\/td>\n<td class=\"et3\">Kontroler cz\u0119stotliwo\u015bci 6A<\/td>\n<\/tr>\n<tr style=\"height: 27.00pt;\">\n<td class=\"et3\" style=\"height: 27.00pt;\" height=\"36\">Odpowiednia resora pi\u00f3rowa<\/td>\n<td class=\"et3\">SW-50CRVA-136 x 35<\/td>\n<\/tr>\n<tr style=\"height: 27.00pt;\">\n<td class=\"et3\" style=\"height: 27.00pt;\" height=\"36\">Liczba wibracji<\/td>\n<td class=\"et3\">50-200 Hz<\/td>\n<\/tr>\n<tr style=\"height: 27.00pt;\">\n<td class=\"et4\" style=\"height: 54.00pt;\" rowspan=\"2\" height=\"72\">Waga podstawowa<\/td>\n<td class=\"et4\">70kg \/ Typ podstawowy, z silosem pomocniczym wewn\u0105trz korpusu<\/td>\n<\/tr>\n<tr style=\"height: 27.00pt;\">\n<td class=\"et4\">78kg \/ Z niskim odst\u0119pem, z ko\u0142nierzem monta\u017cowym korpusu<\/td>\n<\/tr>\n<\/tbody>\n<\/table>\n\t<div id=\"gap-1322154845\" class=\"gap-element clearfix\" style=\"display:block; height:auto;\">\n\t\t\n<style>\n#gap-1322154845 {\n  padding-top: 30px;\n}\n<\/style>\n\t<\/div>\n\t\n<h2>Wymiary SW-320<\/h2>\n\t<div class=\"img has-hover x md-x lg-x y md-y lg-y\" id=\"image_796213521\">\n\t\t\t\t\t\t\t\t<div class=\"img-inner dark\" >\n\t\t\t<img loading=\"lazy\" decoding=\"async\" width=\"833\" height=\"618\" src=\"https:\/\/swoer.com\/wp-content\/uploads\/2024\/07\/SW-320-Dimensions.webp\" class=\"attachment-original size-original\" alt=\"Wymiary SW-320\" srcset=\"https:\/\/swoer.com\/wp-content\/uploads\/2024\/07\/SW-320-Dimensions.webp 833w, https:\/\/swoer.com\/wp-content\/uploads\/2024\/07\/SW-320-Dimensions-300x223.webp 300w, https:\/\/swoer.com\/wp-content\/uploads\/2024\/07\/SW-320-Dimensions-768x570.webp 768w, https:\/\/swoer.com\/wp-content\/uploads\/2024\/07\/SW-320-Dimensions-16x12.webp 16w, https:\/\/swoer.com\/wp-content\/uploads\/2024\/07\/SW-320-Dimensions-600x445.webp 600w\" sizes=\"(max-width: 833px) 100vw, 833px\" \/>\t\t\t\t\t\t\n\t\t\t\t\t<\/div>\n\t\t\t\t\t\t\t\t\n<style>\n#image_796213521 {\n  width: 62%;\n}\n<\/style>\n\t<\/div>\n\t\n\t\t<\/div>\n\n\t\t\n<style>\n#section_826233552 {\n  padding-top: 30px;\n  padding-bottom: 30px;\n}\n#section_826233552 .ux-shape-divider--top svg {\n  height: 150px;\n  --divider-top-width: 100%;\n}\n#section_826233552 .ux-shape-divider--bottom svg {\n  height: 150px;\n  --divider-width: 100%;\n}\n<\/style>\n\t<\/section>","protected":false},"excerpt":{"rendered":"<p>Podstawa wibracyjnego systemu podawania SW-320 to wszechstronny i wydajny system podawania, kt\u00f3rego mo\u017cna u\u017cywa\u0107 do obs\u0142ugi r\u00f3\u017cnych materia\u0142\u00f3w, w tym ma\u0142ych cz\u0119\u015bci, proszk\u00f3w i materia\u0142\u00f3w ziarnistych. SW-320 idealnie nadaje si\u0119 do stosowania na liniach monta\u017cowych, maszynach pakuj\u0105cych i innych zastosowaniach przemys\u0142owych.<\/p>","protected":false},"featured_media":2351,"comment_status":"open","ping_status":"closed","template":"","meta":[],"product_cat":[46],"product_tag":[],"yoast_head":"<!-- This site is optimized with the Yoast SEO plugin v22.2 - https:\/\/yoast.com\/wordpress\/plugins\/seo\/ -->\n<title>Vibratory Feeding System Base SW-C320 - SWOER<\/title>\n<meta name=\"description\" content=\"Enhance material handling with the SW-C320 Vibratory Feeding System. Durable, reliable, and efficient for a wide range of industrial applications.\" \/>\n<meta name=\"robots\" content=\"index, follow, max-snippet:-1, max-image-preview:large, max-video-preview:-1\" \/>\n<link rel=\"canonical\" href=\"https:\/\/swoer.com\/pl\/manufacturer\/vibratory-feeding-system-base-sw-c320\/\" \/>\n<meta property=\"og:locale\" content=\"pl_PL\" \/>\n<meta property=\"og:type\" content=\"article\" \/>\n<meta property=\"og:title\" content=\"Vibratory Feeding System Base SW-C320 - SWOER\" \/>\n<meta property=\"og:description\" content=\"Enhance material handling with the SW-C320 Vibratory Feeding System. Durable, reliable, and efficient for a wide range of industrial applications.\" \/>\n<meta property=\"og:url\" content=\"https:\/\/swoer.com\/pl\/manufacturer\/vibratory-feeding-system-base-sw-c320\/\" \/>\n<meta property=\"og:site_name\" content=\"SWOER\" \/>\n<meta property=\"article:modified_time\" content=\"2024-08-07T01:20:40+00:00\" \/>\n<meta property=\"og:image\" content=\"https:\/\/swoer.com\/wp-content\/uploads\/2024\/07\/Vibratory-Feeding-System-Base-SW-320.webp\" \/>\n\t<meta property=\"og:image:width\" content=\"1000\" \/>\n\t<meta property=\"og:image:height\" content=\"1000\" \/>\n\t<meta property=\"og:image:type\" content=\"image\/webp\" \/>\n<meta name=\"twitter:card\" content=\"summary_large_image\" \/>\n<meta name=\"twitter:label1\" content=\"Szacowany czas czytania\" \/>\n\t<meta name=\"twitter:data1\" content=\"1 minuta\" \/>\n<script type=\"application\/ld+json\" class=\"yoast-schema-graph\">{\"@context\":\"https:\/\/schema.org\",\"@graph\":[{\"@type\":\"WebPage\",\"@id\":\"https:\/\/swoer.com\/manufacturer\/vibratory-feeding-system-base-sw-c320\/\",\"url\":\"https:\/\/swoer.com\/manufacturer\/vibratory-feeding-system-base-sw-c320\/\",\"name\":\"Vibratory Feeding System Base SW-C320 - SWOER\",\"isPartOf\":{\"@id\":\"https:\/\/swoer.com\/#website\"},\"primaryImageOfPage\":{\"@id\":\"https:\/\/swoer.com\/manufacturer\/vibratory-feeding-system-base-sw-c320\/#primaryimage\"},\"image\":{\"@id\":\"https:\/\/swoer.com\/manufacturer\/vibratory-feeding-system-base-sw-c320\/#primaryimage\"},\"thumbnailUrl\":\"https:\/\/swoer.com\/wp-content\/uploads\/2024\/07\/Vibratory-Feeding-System-Base-SW-320.webp\",\"datePublished\":\"2024-07-18T05:57:58+00:00\",\"dateModified\":\"2024-08-07T01:20:40+00:00\",\"description\":\"Enhance material handling with the SW-C320 Vibratory Feeding System. Durable, reliable, and efficient for a wide range of industrial applications.\",\"breadcrumb\":{\"@id\":\"https:\/\/swoer.com\/manufacturer\/vibratory-feeding-system-base-sw-c320\/#breadcrumb\"},\"inLanguage\":\"pl-PL\",\"potentialAction\":[{\"@type\":\"ReadAction\",\"target\":[\"https:\/\/swoer.com\/manufacturer\/vibratory-feeding-system-base-sw-c320\/\"]}]},{\"@type\":\"ImageObject\",\"inLanguage\":\"pl-PL\",\"@id\":\"https:\/\/swoer.com\/manufacturer\/vibratory-feeding-system-base-sw-c320\/#primaryimage\",\"url\":\"https:\/\/swoer.com\/wp-content\/uploads\/2024\/07\/Vibratory-Feeding-System-Base-SW-320.webp\",\"contentUrl\":\"https:\/\/swoer.com\/wp-content\/uploads\/2024\/07\/Vibratory-Feeding-System-Base-SW-320.webp\",\"width\":1000,\"height\":1000,\"caption\":\"Vibratory Feeding System Base SW-320\"},{\"@type\":\"BreadcrumbList\",\"@id\":\"https:\/\/swoer.com\/manufacturer\/vibratory-feeding-system-base-sw-c320\/#breadcrumb\",\"itemListElement\":[{\"@type\":\"ListItem\",\"position\":1,\"name\":\"Home\",\"item\":\"https:\/\/swoer.com\/\"},{\"@type\":\"ListItem\",\"position\":2,\"name\":\"Shop\",\"item\":\"https:\/\/swoer.com\/shop\/\"},{\"@type\":\"ListItem\",\"position\":3,\"name\":\"Vibratory Feeding System Base SW-C320\"}]},{\"@type\":\"WebSite\",\"@id\":\"https:\/\/swoer.com\/#website\",\"url\":\"https:\/\/swoer.com\/\",\"name\":\"SWOER\",\"description\":\"Swoer is the top 3 vibratory bowl feeder manufacturer in China\",\"potentialAction\":[{\"@type\":\"SearchAction\",\"target\":{\"@type\":\"EntryPoint\",\"urlTemplate\":\"https:\/\/swoer.com\/?s={search_term_string}\"},\"query-input\":\"required name=search_term_string\"}],\"inLanguage\":\"pl-PL\"}]}<\/script>\n<!-- \/ Yoast SEO plugin. -->","yoast_head_json":{"title":"Vibratory Feeding System Base SW-C320 - SWOER","description":"Enhance material handling with the SW-C320 Vibratory Feeding System. Durable, reliable, and efficient for a wide range of industrial applications.","robots":{"index":"index","follow":"follow","max-snippet":"max-snippet:-1","max-image-preview":"max-image-preview:large","max-video-preview":"max-video-preview:-1"},"canonical":"https:\/\/swoer.com\/pl\/manufacturer\/vibratory-feeding-system-base-sw-c320\/","og_locale":"pl_PL","og_type":"article","og_title":"Vibratory Feeding System Base SW-C320 - SWOER","og_description":"Enhance material handling with the SW-C320 Vibratory Feeding System. Durable, reliable, and efficient for a wide range of industrial applications.","og_url":"https:\/\/swoer.com\/pl\/manufacturer\/vibratory-feeding-system-base-sw-c320\/","og_site_name":"SWOER","article_modified_time":"2024-08-07T01:20:40+00:00","og_image":[{"width":1000,"height":1000,"url":"https:\/\/swoer.com\/wp-content\/uploads\/2024\/07\/Vibratory-Feeding-System-Base-SW-320.webp","type":"image\/webp"}],"twitter_card":"summary_large_image","twitter_misc":{"Szacowany czas czytania":"1 minuta"},"schema":{"@context":"https:\/\/schema.org","@graph":[{"@type":"WebPage","@id":"https:\/\/swoer.com\/manufacturer\/vibratory-feeding-system-base-sw-c320\/","url":"https:\/\/swoer.com\/manufacturer\/vibratory-feeding-system-base-sw-c320\/","name":"Vibratory Feeding System Base SW-C320 - SWOER","isPartOf":{"@id":"https:\/\/swoer.com\/#website"},"primaryImageOfPage":{"@id":"https:\/\/swoer.com\/manufacturer\/vibratory-feeding-system-base-sw-c320\/#primaryimage"},"image":{"@id":"https:\/\/swoer.com\/manufacturer\/vibratory-feeding-system-base-sw-c320\/#primaryimage"},"thumbnailUrl":"https:\/\/swoer.com\/wp-content\/uploads\/2024\/07\/Vibratory-Feeding-System-Base-SW-320.webp","datePublished":"2024-07-18T05:57:58+00:00","dateModified":"2024-08-07T01:20:40+00:00","description":"Enhance material handling with the SW-C320 Vibratory Feeding System. Durable, reliable, and efficient for a wide range of industrial applications.","breadcrumb":{"@id":"https:\/\/swoer.com\/manufacturer\/vibratory-feeding-system-base-sw-c320\/#breadcrumb"},"inLanguage":"pl-PL","potentialAction":[{"@type":"ReadAction","target":["https:\/\/swoer.com\/manufacturer\/vibratory-feeding-system-base-sw-c320\/"]}]},{"@type":"ImageObject","inLanguage":"pl-PL","@id":"https:\/\/swoer.com\/manufacturer\/vibratory-feeding-system-base-sw-c320\/#primaryimage","url":"https:\/\/swoer.com\/wp-content\/uploads\/2024\/07\/Vibratory-Feeding-System-Base-SW-320.webp","contentUrl":"https:\/\/swoer.com\/wp-content\/uploads\/2024\/07\/Vibratory-Feeding-System-Base-SW-320.webp","width":1000,"height":1000,"caption":"Vibratory Feeding System Base SW-320"},{"@type":"BreadcrumbList","@id":"https:\/\/swoer.com\/manufacturer\/vibratory-feeding-system-base-sw-c320\/#breadcrumb","itemListElement":[{"@type":"ListItem","position":1,"name":"Home","item":"https:\/\/swoer.com\/"},{"@type":"ListItem","position":2,"name":"Shop","item":"https:\/\/swoer.com\/shop\/"},{"@type":"ListItem","position":3,"name":"Vibratory Feeding System Base SW-C320"}]},{"@type":"WebSite","@id":"https:\/\/swoer.com\/#website","url":"https:\/\/swoer.com\/","name":"SWOER","description":"Swoer is the top 3 vibratory bowl feeder manufacturer in China","potentialAction":[{"@type":"SearchAction","target":{"@type":"EntryPoint","urlTemplate":"https:\/\/swoer.com\/?s={search_term_string}"},"query-input":"required name=search_term_string"}],"inLanguage":"pl-PL"}]}},"_links":{"self":[{"href":"https:\/\/swoer.com\/pl\/wp-json\/wp\/v2\/product\/2350"}],"collection":[{"href":"https:\/\/swoer.com\/pl\/wp-json\/wp\/v2\/product"}],"about":[{"href":"https:\/\/swoer.com\/pl\/wp-json\/wp\/v2\/types\/product"}],"replies":[{"embeddable":true,"href":"https:\/\/swoer.com\/pl\/wp-json\/wp\/v2\/comments?post=2350"}],"wp:featuredmedia":[{"embeddable":true,"href":"https:\/\/swoer.com\/pl\/wp-json\/wp\/v2\/media\/2351"}],"wp:attachment":[{"href":"https:\/\/swoer.com\/pl\/wp-json\/wp\/v2\/media?parent=2350"}],"wp:term":[{"taxonomy":"product_cat","embeddable":true,"href":"https:\/\/swoer.com\/pl\/wp-json\/wp\/v2\/product_cat?post=2350"},{"taxonomy":"product_tag","embeddable":true,"href":"https:\/\/swoer.com\/pl\/wp-json\/wp\/v2\/product_tag?post=2350"}],"curies":[{"name":"wp","href":"https:\/\/api.w.org\/{rel}","templated":true}]}}