{"id":2326,"date":"2024-07-10T02:07:49","date_gmt":"2024-07-10T02:07:49","guid":{"rendered":"https:\/\/swoer.com\/?post_type=product&#038;p=2326"},"modified":"2024-08-16T14:01:56","modified_gmt":"2024-08-16T06:01:56","slug":"vibratory-bowl-feeder-speed-controller-dvc34-xlr","status":"publish","type":"product","link":"https:\/\/swoer.com\/pl\/manufacturer\/vibratory-bowl-feeder-speed-controller-dvc34-xlr\/","title":{"rendered":"Kontroler pr\u0119dko\u015bci podajnika wibracyjnego DVC34-XLR"},"content":{"rendered":"<h2><strong><b>Funkcje DVC34-XLR<\/b><\/strong><\/h2>\n<ul>\n<li>Automatyczna stabilizacja pr\u0119dko\u015bci<\/li>\n<li>Automatyczna regulacja cz\u0119stotliwo\u015bci<\/li>\n<li>Automatyczne wyszukiwanie cz\u0119stotliwo\u015bci<\/li>\n<li>Wyj\u015bcie synchroniczne<\/li>\n<li>Wst\u0119pnie ustawiona pr\u0119dko\u015b\u0107<\/li>\n<li>Precyzyjna automatyczna stabilizacja napi\u0119cia<\/li>\n<li>Cyfrowe zabezpieczenie przed przegrzaniem<\/li>\n<li>Samoadaptacja czujnika<\/li>\n<li>Zdalna kontrola pr\u0119dko\u015bci<\/li>\n<li>Wyj\u015bcie steruj\u0105ce DC<\/li>\n<li>Blokada klawiatury<\/li>\n<li>Maksymalne ustawienie napi\u0119cia wyj\u015bciowego<\/li>\n<li>Podw\u00f3jny prze\u0142\u0105cznik czujnika materia\u0142u, pe\u0142ne\/puste wy\u0142\u0105czenie<\/li>\n<li>Funkcja zliczania<\/li>\n<li>Komunikacja 485<\/li>\n<\/ul>\n\t<div id=\"gap-1434873813\" class=\"gap-element clearfix\" style=\"display:block; height:auto;\">\n\t\t\n<style>\n#gap-1434873813 {\n  padding-top: 30px;\n}\n<\/style>\n\t<\/div>\n\t\n<h2><strong><b>DVC34-XLR<\/b><\/strong><strong><b>\u00a0<\/b><\/strong><strong><b>Funkcjonowa\u0107<\/b><\/strong><\/h2>\n<p>Ta seria sterownik\u00f3w, zaprojektowana do zasilania wibracjami w automatyce, integruje zaawansowan\u0105 technologi\u0119 elektroniczn\u0105. Zapewnia praktyczne, przyjazne dla u\u017cytkownika funkcje:<\/p>\n<ol>\n<li><strong>Automatyczna modulacja cz\u0119stotliwo\u015bci:<\/strong> Sterownik dostosowuje cz\u0119stotliwo\u015b\u0107 w czasie rzeczywistym, zapewniaj\u0105c optymaln\u0105 prac\u0119 podajnika.<\/li>\n<li><strong>Automatyczna stabilizacja pr\u0119dko\u015bci:<\/strong> Poniewa\u017c sterownik reguluje napi\u0119cie w czasie rzeczywistym, zapewnia sta\u0142\u0105 pr\u0119dko\u015b\u0107 podawania. Niezale\u017cnie od tego, czy ilo\u015b\u0107 obrabianego przedmiotu wzrasta, czy maleje, ta funkcja utrzymuje sta\u0142\u0105 wydajno\u015b\u0107, zwi\u0119kszaj\u0105c tym samym og\u00f3ln\u0105 wydajno\u015b\u0107.<\/li>\n<li><strong>Automatyczne wyszukiwanie cz\u0119stotliwo\u015bci:<\/strong> Ta niezawodna funkcja szybko identyfikuje optymaln\u0105 cz\u0119stotliwo\u015b\u0107 i powi\u0105zane parametry, zwi\u0119kszaj\u0105c wygod\u0119 u\u017cytkowania.<\/li>\n<li><strong>Automatyczna stabilizacja napi\u0119cia:<\/strong> Gdy stabilizacja pr\u0119dko\u015bci nie jest aktywna, kontroler eliminuje wahania pr\u0119dko\u015bci spowodowane zmianami zasilania, zapobiegaj\u0105c w ten spos\u00f3b efektom cz\u0119stotliwo\u015bci dudnie\u0144.<\/li>\n<li><strong>Wyj\u015bcie synchroniczne:<\/strong> Wiele kontroler\u00f3w synchronizuje swoje wyj\u015bcia pod wzgl\u0119dem cz\u0119stotliwo\u015bci i fazy, co pozwala unikn\u0105\u0107 problem\u00f3w zwi\u0105zanych z cz\u0119stotliwo\u015bci\u0105 dudnienia.<\/li>\n<li><strong>Zatrzymanie pe\u0142nego\/pustego materia\u0142u:<\/strong> Wej\u015bcie czujnika umo\u017cliwia sterownikowi zarz\u0105dzanie wy\u0142\u0105czaniem na podstawie poziom\u00f3w materia\u0142\u00f3w, oferuj\u0105c mo\u017cliwo\u015b\u0107 dostosowania czasu rozpocz\u0119cia, op\u00f3\u017anie\u0144 i ustawie\u0144 logicznych.<\/li>\n<li><strong>Adaptacja czujnika:<\/strong> Opr\u00f3cz innych funkcji, kontroler bezproblemowo dostosowuje si\u0119 do czujnik\u00f3w prze\u0142\u0105czaj\u0105cych NPN i PNP. Ta automatyczna regulacja zapewnia kompatybilno\u015b\u0107 i niezawodno\u015b\u0107, niezale\u017cnie od u\u017cywanego typu czujnika.<\/li>\n<li><strong>Powolny start:<\/strong> Podczas uruchamiania sterownik stopniowo zwi\u0119ksza napi\u0119cie, zapobiegaj\u0105c w ten spos\u00f3b uszkodzeniom spowodowanym nag\u0142ymi wstrz\u0105sami.<\/li>\n<li><strong>Ustawienie pr\u0119dko\u015bci:<\/strong> U\u017cytkownicy mog\u0105 wybiera\u0107 spo\u015br\u00f3d czterech wst\u0119pnie ustawionych napi\u0119\u0107 wyj\u015bciowych za pomoc\u0105 zewn\u0119trznych sygna\u0142\u00f3w steruj\u0105cych.<\/li>\n<li><strong>Funkcja przyspieszania:<\/strong> Funkcja ta podwy\u017csza napi\u0119cie wyj\u015bciowe nawet do 150% napi\u0119cia wej\u015bciowego.<\/li>\n<li><strong>Maksymalne ustawienie napi\u0119cia wyj\u015bciowego:<\/strong> U\u017cytkownicy mog\u0105 ustawi\u0107 limit napi\u0119cia, zapobiegaj\u0105c w ten spos\u00f3b przypadkowym uszkodzeniom spowodowanym przez zbyt wysokie napi\u0119cie.<\/li>\n<li><strong>Indeks przebiegu:<\/strong> Parametr ten r\u00f3wnowa\u017cy wydajno\u015b\u0107 kontrolera i maksymaln\u0105 moc wyj\u015bciow\u0105.<\/li>\n<li><strong>Zdalna kontrola pr\u0119dko\u015bci:<\/strong> U\u017cytkownicy mog\u0105 sterowa\u0107 napi\u0119ciem i pr\u0119dko\u015bci\u0105 zewn\u0119trznie za pomoc\u0105 potencjometru, sterownika PLC lub sygna\u0142u zasilania.<\/li>\n<li><strong>Wyj\u015bcie steruj\u0105ce 24V DC:<\/strong> Sygna\u0142 steruj\u0105cy jest wyprowadzany przez tranzystor, co umo\u017cliwia bezpo\u015brednie sterowanie urz\u0105dzeniami takimi jak zawory elektromagnetyczne.<\/li>\n<li><strong>Prze\u0142\u0105cznik wyj\u015bciowy:<\/strong> Przycisk dotykowy na panelu umo\u017cliwia natychmiastowy start\/zatrzymanie maszyny, co upraszcza debugowanie sprz\u0119tu.<\/li>\n<li><strong>Blokada klawiatury:<\/strong> Przytrzymanie przycisku w\u0142\u0105czania\/wy\u0142\u0105czania blokuje wszystkie funkcje, zapobiegaj\u0105c przypadkowym operacjom.<\/li>\n<li><strong>Has\u0142o parametru:<\/strong> U\u017cytkownicy mog\u0105 ustawi\u0107 has\u0142o blokuj\u0105ce parametry, chroni\u0105c si\u0119 w ten spos\u00f3b przed nieautoryzowanymi zmianami.<\/li>\n<li><strong>Przywr\u00f3ci\u0107 ustawienia fabryczne:<\/strong> Funkcja ta szybko przywraca ustawienia fabryczne parametr\u00f3w, resetuj\u0105c kontroler.<\/li>\n<li><strong>Komunikacja 485:<\/strong> U\u017cytkownicy mog\u0105 zdalnie zmienia\u0107 ustawienia kontrolera poprzez komunikacj\u0119 485.<\/li>\n<\/ol>\n\t<div id=\"gap-512028154\" class=\"gap-element clearfix\" style=\"display:block; height:auto;\">\n\t\t\n<style>\n#gap-512028154 {\n  padding-top: 30px;\n}\n<\/style>\n\t<\/div>\n\t\n<h2>Specyfikacja techniczna<\/h2>\n<table width=\"767\">\n<tbody>\n<tr>\n<td rowspan=\"2\" width=\"225\">Przedmiot<\/td>\n<td colspan=\"3\" width=\"216\">Zakres<\/td>\n<td rowspan=\"2\" width=\"72\">Jednostka<\/td>\n<td rowspan=\"2\" width=\"254\">Opis<\/td>\n<\/tr>\n<tr>\n<td>Minimum<\/td>\n<td>Typowy<\/td>\n<td>Maksymalny<\/td>\n<\/tr>\n<tr>\n<td>Napi\u0119cie wej\u015bciowe<\/td>\n<td>85<\/td>\n<td>220<\/td>\n<td>260<\/td>\n<td>V<\/td>\n<td>Warto\u015b\u0107 efektywna AC<\/td>\n<\/tr>\n<tr>\n<td>Zakres regulacji napi\u0119cia wyj\u015bciowego<\/td>\n<td>0<\/td>\n<td><\/td>\n<td>260<\/td>\n<td>V<\/td>\n<td>Mniej ni\u017c 150% napi\u0119cia wej\u015bciowego<\/td>\n<\/tr>\n<tr>\n<td>Dok\u0142adno\u015b\u0107 regulacji napi\u0119cia<\/td>\n<td colspan=\"3\">1<\/td>\n<td>V<\/td>\n<td><\/td>\n<\/tr>\n<tr>\n<td>Dok\u0142adno\u015b\u0107 regulacji napi\u0119cia<\/td>\n<td>0<\/td>\n<td><\/td>\n<td>10<\/td>\n<td><\/td>\n<td>Vout\/Vin<\/td>\n<\/tr>\n<tr>\n<td>Czas reakcji regulacji napi\u0119cia<\/td>\n<td>0.0025<\/td>\n<td><\/td>\n<td>0.04<\/td>\n<td>S<\/td>\n<td>Jedna dziesi\u0105ta cyklu napi\u0119cia wyj\u015bciowego<\/td>\n<\/tr>\n<tr>\n<td rowspan=\"2\">Zakres regulacji pr\u0105du wyj\u015bciowego<\/td>\n<td rowspan=\"2\">0<\/td>\n<td rowspan=\"2\"><\/td>\n<td rowspan=\"2\">6<\/td>\n<td rowspan=\"2\">A<\/td>\n<td rowspan=\"2\" width=\"254\">SDVC34-XLR<br \/>\nSDVC34-XLRJ<\/td>\n<\/tr>\n<tr>\n<td rowspan=\"2\"><\/td>\n<td rowspan=\"2\"><\/td>\n<td rowspan=\"2\"><\/td>\n<td rowspan=\"2\"><\/td>\n<td rowspan=\"2\"><\/td>\n<td rowspan=\"2\" width=\"254\"><\/td>\n<\/tr>\n<tr>\n<td>Cz\u0119stotliwo\u015b\u0107 wyj\u015bciowa<\/td>\n<td>25<\/td>\n<td><\/td>\n<td>400<\/td>\n<td>Hz<\/td>\n<td><\/td>\n<\/tr>\n<tr>\n<td>Dok\u0142adno\u015b\u0107 regulacji cz\u0119stotliwo\u015bci<\/td>\n<td colspan=\"3\">0.1<\/td>\n<td>Hz<\/td>\n<td><\/td>\n<\/tr>\n<tr>\n<td>Przebieg wyj\u015bciowy<\/td>\n<td colspan=\"3\">sinus<\/td>\n<td><\/td>\n<td><\/td>\n<\/tr>\n<tr>\n<td>Powolny czas rozpocz\u0119cia<\/td>\n<td>0<\/td>\n<td><\/td>\n<td>10<\/td>\n<td>S<\/td>\n<td>Domy\u015blne ustawienie fabryczne 0,5<\/td>\n<\/tr>\n<tr>\n<td>Zakres czasu op\u00f3\u017anienia<\/td>\n<td>0<\/td>\n<td><\/td>\n<td>20<\/td>\n<td>S<\/td>\n<td>Domy\u015blne ustawienie fabryczne 0,2<\/td>\n<\/tr>\n<tr>\n<td>Dok\u0142adno\u015b\u0107 czasu op\u00f3\u017anienia<\/td>\n<td colspan=\"3\">0.1<\/td>\n<td>S<\/td>\n<td><\/td>\n<\/tr>\n<tr>\n<td>Temperatura ochrony przed przegrzaniem<\/td>\n<td>60<\/td>\n<td>65<\/td>\n<td>65<\/td>\n<td>\u2103<\/td>\n<td><\/td>\n<\/tr>\n<tr>\n<td>Napi\u0119cie wyj\u015bciowe sterowania DC<\/td>\n<td>22<\/td>\n<td>24<\/td>\n<td>26<\/td>\n<td>V<\/td>\n<td><\/td>\n<\/tr>\n<tr>\n<td>Pr\u0105d wyj\u015bciowy sterowania DC<\/td>\n<td>0<\/td>\n<td><\/td>\n<td>200<\/td>\n<td>mama<\/td>\n<td><\/td>\n<\/tr>\n<tr>\n<td>Model sterowania analogowego<\/td>\n<td colspan=\"3\">1- 5<\/td>\n<td>V<\/td>\n<td>Napi\u0119cie zdalnego sterowania pr\u0119dko\u015bci\u0105<\/td>\n<\/tr>\n<tr>\n<td>Cyfrowy sygna\u0142 steruj\u0105cy<\/td>\n<td colspan=\"3\">24<\/td>\n<td>V<\/td>\n<td>Sterowanie sygna\u0142em prze\u0142\u0105czaj\u0105cym<\/td>\n<\/tr>\n<tr>\n<td>Metoda regulacji<\/td>\n<td colspan=\"3\">6<\/td>\n<td>klucz<\/td>\n<td><\/td>\n<\/tr>\n<tr>\n<td>Pob\u00f3r mocy bez obci\u0105\u017cenia<\/td>\n<td><\/td>\n<td>7<\/td>\n<td><\/td>\n<td>W<\/td>\n<td><\/td>\n<\/tr>\n<tr>\n<td>Tryb wy\u015bwietlania<\/td>\n<td colspan=\"3\">5<\/td>\n<td>cyfra<\/td>\n<td>Cyfrowa tuba LED<\/td>\n<\/tr>\n<tr>\n<td>Temperatura otoczenia p\u0142ac<\/td>\n<td>0<\/td>\n<td>25<\/td>\n<td>40<\/td>\n<td>\u2103<\/td>\n<td rowspan=\"2\">Brak kondensacji<\/td>\n<\/tr>\n<tr>\n<td>Wilgotno\u015b\u0107 \u015brodowiska p\u0142ac<\/td>\n<td>10<\/td>\n<td>60<\/td>\n<td>85<\/td>\n<td>%<\/td>\n<\/tr>\n<\/tbody>\n<\/table>\n\t<div id=\"gap-680647048\" class=\"gap-element clearfix\" style=\"display:block; height:auto;\">\n\t\t\n<style>\n#gap-680647048 {\n  padding-top: 30px;\n}\n<\/style>\n\t<\/div>\n\t\n\t<div class=\"img has-hover x md-x lg-x y md-y lg-y\" id=\"image_1609696372\">\n\t\t\t\t\t\t\t\t<div class=\"img-inner dark\" >\n\t\t\t<img loading=\"lazy\" decoding=\"async\" width=\"814\" height=\"575\" src=\"https:\/\/swoer.com\/wp-content\/uploads\/2024\/07\/DVC34-XLRDimensions.webp\" class=\"attachment-original size-original\" alt=\"Wymiary DVC34-XLRD\" srcset=\"https:\/\/swoer.com\/wp-content\/uploads\/2024\/07\/DVC34-XLRDimensions.webp 814w, https:\/\/swoer.com\/wp-content\/uploads\/2024\/07\/DVC34-XLRDimensions-300x212.webp 300w, https:\/\/swoer.com\/wp-content\/uploads\/2024\/07\/DVC34-XLRDimensions-768x543.webp 768w, https:\/\/swoer.com\/wp-content\/uploads\/2024\/07\/DVC34-XLRDimensions-18x12.webp 18w, https:\/\/swoer.com\/wp-content\/uploads\/2024\/07\/DVC34-XLRDimensions-600x424.webp 600w\" sizes=\"(max-width: 814px) 100vw, 814px\" \/>\t\t\t\t\t\t\n\t\t\t\t\t<\/div>\n\t\t\t\t\t\t\t\t\n<style>\n#image_1609696372 {\n  width: 60%;\n}\n<\/style>\n\t<\/div>","protected":false},"excerpt":{"rendered":"<p>Kontroler pr\u0119dko\u015bci podajnika wibracyjnego DVC34-XLR to wydajny i wszechstronny sterownik, kt\u00f3rego mo\u017cna u\u017cywa\u0107 z szerok\u0105 gam\u0105 podajnik\u00f3w wibracyjnych. Jest wyposa\u017cony w funkcje, kt\u00f3re czyni\u0105 go \u0142atwym w obs\u0142udze i zapewniaj\u0105 precyzyjn\u0105 kontrol\u0119 nad podajnikiem.<\/p>","protected":false},"featured_media":2493,"comment_status":"open","ping_status":"closed","template":"","meta":[],"product_cat":[45],"product_tag":[],"yoast_head":"<!-- This site is optimized with the Yoast SEO plugin v22.2 - https:\/\/yoast.com\/wordpress\/plugins\/seo\/ -->\n<title>Vibratory Bowl Feeder Speed Controller DVC34-XLR - SWOER<\/title>\n<meta name=\"description\" content=\"The DVC34-XLR Speed Controller offers precise control with features like automatic speed stabilization, frequency adjustment, sensor self-adaptation, remote control, and 485 communication for reliable performance.\" \/>\n<meta name=\"robots\" content=\"index, follow, max-snippet:-1, max-image-preview:large, max-video-preview:-1\" \/>\n<link rel=\"canonical\" href=\"https:\/\/swoer.com\/pl\/manufacturer\/vibratory-bowl-feeder-speed-controller-dvc34-xlr\/\" \/>\n<meta property=\"og:locale\" content=\"pl_PL\" \/>\n<meta property=\"og:type\" content=\"article\" \/>\n<meta property=\"og:title\" content=\"Vibratory Bowl Feeder Speed Controller DVC34-XLR - SWOER\" \/>\n<meta property=\"og:description\" content=\"The DVC34-XLR Speed Controller offers precise control with features like automatic speed stabilization, frequency adjustment, sensor self-adaptation, remote control, and 485 communication for reliable performance.\" \/>\n<meta property=\"og:url\" content=\"https:\/\/swoer.com\/pl\/manufacturer\/vibratory-bowl-feeder-speed-controller-dvc34-xlr\/\" \/>\n<meta property=\"og:site_name\" content=\"SWOER\" \/>\n<meta property=\"article:modified_time\" content=\"2024-08-16T06:01:56+00:00\" \/>\n<meta property=\"og:image\" content=\"https:\/\/swoer.com\/wp-content\/uploads\/2024\/07\/Vibratory-Feeder-Controller-SDVC34-XLR.webp\" \/>\n\t<meta property=\"og:image:width\" content=\"1000\" \/>\n\t<meta property=\"og:image:height\" content=\"1000\" \/>\n\t<meta property=\"og:image:type\" content=\"image\/webp\" \/>\n<meta name=\"twitter:card\" content=\"summary_large_image\" \/>\n<meta name=\"twitter:label1\" content=\"Szacowany czas czytania\" \/>\n\t<meta name=\"twitter:data1\" content=\"3 minuty\" \/>\n<script type=\"application\/ld+json\" class=\"yoast-schema-graph\">{\"@context\":\"https:\/\/schema.org\",\"@graph\":[{\"@type\":\"WebPage\",\"@id\":\"https:\/\/swoer.com\/manufacturer\/vibratory-bowl-feeder-speed-controller-dvc34-xlr\/\",\"url\":\"https:\/\/swoer.com\/manufacturer\/vibratory-bowl-feeder-speed-controller-dvc34-xlr\/\",\"name\":\"Vibratory Bowl Feeder Speed Controller DVC34-XLR - SWOER\",\"isPartOf\":{\"@id\":\"https:\/\/swoer.com\/#website\"},\"primaryImageOfPage\":{\"@id\":\"https:\/\/swoer.com\/manufacturer\/vibratory-bowl-feeder-speed-controller-dvc34-xlr\/#primaryimage\"},\"image\":{\"@id\":\"https:\/\/swoer.com\/manufacturer\/vibratory-bowl-feeder-speed-controller-dvc34-xlr\/#primaryimage\"},\"thumbnailUrl\":\"https:\/\/swoer.com\/wp-content\/uploads\/2024\/07\/Vibratory-Feeder-Controller-SDVC34-XLR.webp\",\"datePublished\":\"2024-07-10T02:07:49+00:00\",\"dateModified\":\"2024-08-16T06:01:56+00:00\",\"description\":\"The DVC34-XLR Speed Controller offers precise control with features like automatic speed stabilization, frequency adjustment, sensor self-adaptation, remote control, and 485 communication for reliable performance.\",\"breadcrumb\":{\"@id\":\"https:\/\/swoer.com\/manufacturer\/vibratory-bowl-feeder-speed-controller-dvc34-xlr\/#breadcrumb\"},\"inLanguage\":\"pl-PL\",\"potentialAction\":[{\"@type\":\"ReadAction\",\"target\":[\"https:\/\/swoer.com\/manufacturer\/vibratory-bowl-feeder-speed-controller-dvc34-xlr\/\"]}]},{\"@type\":\"ImageObject\",\"inLanguage\":\"pl-PL\",\"@id\":\"https:\/\/swoer.com\/manufacturer\/vibratory-bowl-feeder-speed-controller-dvc34-xlr\/#primaryimage\",\"url\":\"https:\/\/swoer.com\/wp-content\/uploads\/2024\/07\/Vibratory-Feeder-Controller-SDVC34-XLR.webp\",\"contentUrl\":\"https:\/\/swoer.com\/wp-content\/uploads\/2024\/07\/Vibratory-Feeder-Controller-SDVC34-XLR.webp\",\"width\":1000,\"height\":1000,\"caption\":\"Vibratory Feeder Controller SDVC34-XLR\"},{\"@type\":\"BreadcrumbList\",\"@id\":\"https:\/\/swoer.com\/manufacturer\/vibratory-bowl-feeder-speed-controller-dvc34-xlr\/#breadcrumb\",\"itemListElement\":[{\"@type\":\"ListItem\",\"position\":1,\"name\":\"Home\",\"item\":\"https:\/\/swoer.com\/\"},{\"@type\":\"ListItem\",\"position\":2,\"name\":\"Shop\",\"item\":\"https:\/\/swoer.com\/shop\/\"},{\"@type\":\"ListItem\",\"position\":3,\"name\":\"Vibratory Bowl Feeder Speed Controller DVC34-XLR\"}]},{\"@type\":\"WebSite\",\"@id\":\"https:\/\/swoer.com\/#website\",\"url\":\"https:\/\/swoer.com\/\",\"name\":\"SWOER\",\"description\":\"Swoer is the top 3 vibratory bowl feeder manufacturer in China\",\"potentialAction\":[{\"@type\":\"SearchAction\",\"target\":{\"@type\":\"EntryPoint\",\"urlTemplate\":\"https:\/\/swoer.com\/?s={search_term_string}\"},\"query-input\":\"required name=search_term_string\"}],\"inLanguage\":\"pl-PL\"}]}<\/script>\n<!-- \/ Yoast SEO plugin. -->","yoast_head_json":{"title":"Vibratory Bowl Feeder Speed Controller DVC34-XLR - SWOER","description":"The DVC34-XLR Speed Controller offers precise control with features like automatic speed stabilization, frequency adjustment, sensor self-adaptation, remote control, and 485 communication for reliable performance.","robots":{"index":"index","follow":"follow","max-snippet":"max-snippet:-1","max-image-preview":"max-image-preview:large","max-video-preview":"max-video-preview:-1"},"canonical":"https:\/\/swoer.com\/pl\/manufacturer\/vibratory-bowl-feeder-speed-controller-dvc34-xlr\/","og_locale":"pl_PL","og_type":"article","og_title":"Vibratory Bowl Feeder Speed Controller DVC34-XLR - SWOER","og_description":"The DVC34-XLR Speed Controller offers precise control with features like automatic speed stabilization, frequency adjustment, sensor self-adaptation, remote control, and 485 communication for reliable performance.","og_url":"https:\/\/swoer.com\/pl\/manufacturer\/vibratory-bowl-feeder-speed-controller-dvc34-xlr\/","og_site_name":"SWOER","article_modified_time":"2024-08-16T06:01:56+00:00","og_image":[{"width":1000,"height":1000,"url":"https:\/\/swoer.com\/wp-content\/uploads\/2024\/07\/Vibratory-Feeder-Controller-SDVC34-XLR.webp","type":"image\/webp"}],"twitter_card":"summary_large_image","twitter_misc":{"Szacowany czas czytania":"3 minuty"},"schema":{"@context":"https:\/\/schema.org","@graph":[{"@type":"WebPage","@id":"https:\/\/swoer.com\/manufacturer\/vibratory-bowl-feeder-speed-controller-dvc34-xlr\/","url":"https:\/\/swoer.com\/manufacturer\/vibratory-bowl-feeder-speed-controller-dvc34-xlr\/","name":"Vibratory Bowl Feeder Speed Controller DVC34-XLR - SWOER","isPartOf":{"@id":"https:\/\/swoer.com\/#website"},"primaryImageOfPage":{"@id":"https:\/\/swoer.com\/manufacturer\/vibratory-bowl-feeder-speed-controller-dvc34-xlr\/#primaryimage"},"image":{"@id":"https:\/\/swoer.com\/manufacturer\/vibratory-bowl-feeder-speed-controller-dvc34-xlr\/#primaryimage"},"thumbnailUrl":"https:\/\/swoer.com\/wp-content\/uploads\/2024\/07\/Vibratory-Feeder-Controller-SDVC34-XLR.webp","datePublished":"2024-07-10T02:07:49+00:00","dateModified":"2024-08-16T06:01:56+00:00","description":"The DVC34-XLR Speed Controller offers precise control with features like automatic speed stabilization, frequency adjustment, sensor self-adaptation, remote control, and 485 communication for reliable performance.","breadcrumb":{"@id":"https:\/\/swoer.com\/manufacturer\/vibratory-bowl-feeder-speed-controller-dvc34-xlr\/#breadcrumb"},"inLanguage":"pl-PL","potentialAction":[{"@type":"ReadAction","target":["https:\/\/swoer.com\/manufacturer\/vibratory-bowl-feeder-speed-controller-dvc34-xlr\/"]}]},{"@type":"ImageObject","inLanguage":"pl-PL","@id":"https:\/\/swoer.com\/manufacturer\/vibratory-bowl-feeder-speed-controller-dvc34-xlr\/#primaryimage","url":"https:\/\/swoer.com\/wp-content\/uploads\/2024\/07\/Vibratory-Feeder-Controller-SDVC34-XLR.webp","contentUrl":"https:\/\/swoer.com\/wp-content\/uploads\/2024\/07\/Vibratory-Feeder-Controller-SDVC34-XLR.webp","width":1000,"height":1000,"caption":"Vibratory Feeder Controller SDVC34-XLR"},{"@type":"BreadcrumbList","@id":"https:\/\/swoer.com\/manufacturer\/vibratory-bowl-feeder-speed-controller-dvc34-xlr\/#breadcrumb","itemListElement":[{"@type":"ListItem","position":1,"name":"Home","item":"https:\/\/swoer.com\/"},{"@type":"ListItem","position":2,"name":"Shop","item":"https:\/\/swoer.com\/shop\/"},{"@type":"ListItem","position":3,"name":"Vibratory Bowl Feeder Speed Controller DVC34-XLR"}]},{"@type":"WebSite","@id":"https:\/\/swoer.com\/#website","url":"https:\/\/swoer.com\/","name":"SWOER","description":"Swoer is the top 3 vibratory bowl feeder manufacturer in China","potentialAction":[{"@type":"SearchAction","target":{"@type":"EntryPoint","urlTemplate":"https:\/\/swoer.com\/?s={search_term_string}"},"query-input":"required name=search_term_string"}],"inLanguage":"pl-PL"}]}},"_links":{"self":[{"href":"https:\/\/swoer.com\/pl\/wp-json\/wp\/v2\/product\/2326"}],"collection":[{"href":"https:\/\/swoer.com\/pl\/wp-json\/wp\/v2\/product"}],"about":[{"href":"https:\/\/swoer.com\/pl\/wp-json\/wp\/v2\/types\/product"}],"replies":[{"embeddable":true,"href":"https:\/\/swoer.com\/pl\/wp-json\/wp\/v2\/comments?post=2326"}],"wp:featuredmedia":[{"embeddable":true,"href":"https:\/\/swoer.com\/pl\/wp-json\/wp\/v2\/media\/2493"}],"wp:attachment":[{"href":"https:\/\/swoer.com\/pl\/wp-json\/wp\/v2\/media?parent=2326"}],"wp:term":[{"taxonomy":"product_cat","embeddable":true,"href":"https:\/\/swoer.com\/pl\/wp-json\/wp\/v2\/product_cat?post=2326"},{"taxonomy":"product_tag","embeddable":true,"href":"https:\/\/swoer.com\/pl\/wp-json\/wp\/v2\/product_tag?post=2326"}],"curies":[{"name":"wp","href":"https:\/\/api.w.org\/{rel}","templated":true}]}}