{"id":2302,"date":"2024-07-09T02:48:58","date_gmt":"2024-07-09T02:48:58","guid":{"rendered":"https:\/\/swoer.com\/?post_type=product&#038;p=2302"},"modified":"2024-08-16T14:09:17","modified_gmt":"2024-08-16T06:09:17","slug":"vibratory-feeder-controller-sdvc34-ur","status":"publish","type":"product","link":"https:\/\/swoer.com\/pl\/manufacturer\/vibratory-feeder-controller-sdvc34-ur\/","title":{"rendered":"Sterownik podajnika wibracyjnego SDVC34-UR"},"content":{"rendered":"<h2><strong><b>Zalety<\/b><\/strong><\/h2>\n<ul>\n<li>Automatyczna stabilizacja pr\u0119dko\u015bci<\/li>\n<li>Automatyczna regulacja cz\u0119stotliwo\u015bci<\/li>\n<li>Automatyczne wyszukiwanie cz\u0119stotliwo\u015bci<\/li>\n<li>Wyj\u015bcie synchroniczne<\/li>\n<li>Wst\u0119pnie ustawiona pr\u0119dko\u015b\u0107<\/li>\n<li>Regulowany powolny start<\/li>\n<li>Precyzyjna automatyczna stabilizacja napi\u0119cia<\/li>\n<li>Cyfrowe zabezpieczenie przed przegrzaniem<\/li>\n<li>Samoadaptacja czujnika<\/li>\n<li>Zdalna kontrola pr\u0119dko\u015bci<\/li>\n<li>Wyj\u015bcie steruj\u0105ce DC<\/li>\n<li>Maksymalne ustawienie napi\u0119cia wyj\u015bciowego<\/li>\n<li>Podw\u00f3jny prze\u0142\u0105cznik czujnika pe\u0142nego\/pustego wy\u0142\u0105czenia<\/li>\n<li>Funkcja zliczania<\/li>\n<li>Komunikacja 485<\/li>\n<\/ul>\n\t<div id=\"gap-1284808465\" class=\"gap-element clearfix\" style=\"display:block; height:auto;\">\n\t\t\n<style>\n#gap-1284808465 {\n  padding-top: 30px;\n}\n<\/style>\n\t<\/div>\n\t\n<h2><strong>Funkcje produktu<\/strong><\/h2>\n<h3 data-sourcepos=\"5:1-5:149\"><\/h3>\n<ol data-sourcepos=\"7:1-7:119\">\n<li data-sourcepos=\"7:1-7:119\">\n<p data-sourcepos=\"7:4-7:165\"><strong>Automatyczna modulacja cz\u0119stotliwo\u015bci:<\/strong> Sterownik automatycznie dostosowuje cz\u0119stotliwo\u015b\u0107 wyj\u015bciow\u0105 w czasie rzeczywistym, zapewniaj\u0105c prac\u0119 podajnika z optymaln\u0105 cz\u0119stotliwo\u015bci\u0105.<\/p>\n<\/li>\n<li data-sourcepos=\"9:1-9:140\">\n<p data-sourcepos=\"9:4-9:140\"><strong>Automatyczna stabilizacja pr\u0119dko\u015bci:<\/strong> Kontroler automatycznie dostosowuje napi\u0119cie w czasie rzeczywistym. Dzi\u0119ki temu zapewnia sta\u0142\u0105 pr\u0119dko\u015b\u0107 podawania, niezale\u017cnie od zmian przedmiotu obrabianego.<\/p>\n<\/li>\n<li data-sourcepos=\"11:1-11:137\">\n<p data-sourcepos=\"11:4-11:137\"><strong>Niezawodne automatyczne wyszukiwanie cz\u0119stotliwo\u015bci:<\/strong> Funkcja ta szybko okre\u015bla optymaln\u0105 cz\u0119stotliwo\u015b\u0107 pracy i inne powi\u0105zane parametry, u\u0142atwiaj\u0105c u\u017cytkownikowi obs\u0142ug\u0119.<\/p>\n<\/li>\n<li data-sourcepos=\"13:1-14:0\">\n<p data-sourcepos=\"13:4-13:227\"><strong>Automatyczna stabilizacja napi\u0119cia:<\/strong> Nawet bez w\u0142\u0105czonej automatycznej stabilizacji pr\u0119dko\u015bci, sterownik eliminuje zmiany pr\u0119dko\u015bci podawania spowodowane wahaniami zasilania i efektami cz\u0119stotliwo\u015bci dudnie\u0144 pr\u0105du przemiennego o cz\u0119stotliwo\u015bci przemys\u0142owej.<\/p>\n<\/li>\n<li data-sourcepos=\"15:1-16:0\">\n<p data-sourcepos=\"15:4-15:163\"><strong>Wyj\u015bcie synchroniczne:<\/strong> Ta funkcja synchronicznie blokuje wyj\u015bcia wielu kontroler\u00f3w na tej samej cz\u0119stotliwo\u015bci i fazie, zapobiegaj\u0105c problemom z cz\u0119stotliwo\u015bci\u0105 dudnienia.<\/p>\n<\/li>\n<li data-sourcepos=\"17:1-18:0\">\n<p data-sourcepos=\"17:4-17:254\"><strong>Wy\u0142\u0105czenie pe\u0142nego\/pustego materia\u0142u:<\/strong> Sterownik zapewnia interfejs wej\u015bciowy sygna\u0142u czujnika prze\u0142\u0105cznika do sterowania ca\u0142kowitym\/pustym zamkni\u0119ciem materia\u0142u z regulowanym czasem wolnego startu, op\u00f3\u017anieniem otwarcia, op\u00f3\u017anieniem zamkni\u0119cia, logicznym ustawieniem kierunku i innymi funkcjami kontrolnymi.<\/p>\n<\/li>\n<li data-sourcepos=\"19:1-19:77\">\n<p data-sourcepos=\"19:4-19:77\"><strong>Adaptacja czujnika:<\/strong> Dodatkowo kontroler bez problemu dostosowuje si\u0119 do czujnik\u00f3w NPN i PNP, co gwarantuje pe\u0142n\u0105 kompatybilno\u015b\u0107 i niezawodno\u015b\u0107.<\/p>\n<\/li>\n<li data-sourcepos=\"21:1-22:0\">\n<p data-sourcepos=\"21:4-21:191\"><strong>Powolny start:<\/strong> Po uruchomieniu sterownik stopniowo zwi\u0119ksza napi\u0119cie wyj\u015bciowe\/pr\u0119dko\u015b\u0107 podawania od 0 do zadanej warto\u015bci, eliminuj\u0105c uszkodzenia urz\u0105dze\u0144 wibracyjnych na skutek wstrz\u0105su rozruchowego.<\/p>\n<\/li>\n<li data-sourcepos=\"23:1-24:0\">\n<p data-sourcepos=\"23:4-23:111\"><strong>Zaprogramowana pr\u0119dko\u015b\u0107:<\/strong> U\u017cytkownicy mog\u0105 bezpo\u015brednio wybra\u0107 maksymalnie 4 wst\u0119pnie ustawione napi\u0119cia wyj\u015bciowe za pomoc\u0105 zewn\u0119trznych sygna\u0142\u00f3w steruj\u0105cych.<\/p>\n<\/li>\n<li data-sourcepos=\"25:1-26:0\">\n<p data-sourcepos=\"25:5-25:111\"><strong>Funkcja przyspieszania:<\/strong> Funkcja ta zwi\u0119ksza maksymalne napi\u0119cie wyj\u015bciowe do 150% napi\u0119cia wej\u015bciowego.<\/p>\n<\/li>\n<li data-sourcepos=\"27:1-28:0\">\n<p data-sourcepos=\"27:5-27:188\"><strong>Maksymalne ustawienie napi\u0119cia wyj\u015bciowego:<\/strong> To ustawienie pozwala u\u017cytkownikom zdefiniowa\u0107 maksymalne regulowane napi\u0119cie, zapobiegaj\u0105c przypadkowemu uszkodzeniu sprz\u0119tu wibracyjnego w wyniku przekroczenia limit\u00f3w napi\u0119cia.<\/p>\n<\/li>\n<li data-sourcepos=\"29:1-30:0\">\n<p data-sourcepos=\"29:5-29:107\"><strong>Indeks przebiegu:<\/strong> U\u017cytkownicy mog\u0105 dostosowa\u0107 ten parametr, aby zr\u00f3wnowa\u017cy\u0107 wydajno\u015b\u0107 sterownika i maksymaln\u0105 moc.<\/p>\n<\/li>\n<li data-sourcepos=\"31:1-32:0\">\n<p data-sourcepos=\"31:5-31:188\"><strong>Zdalna kontrola pr\u0119dko\u015bci:<\/strong> Sterownik pozwala na bezpo\u015brednie sterowanie napi\u0119ciem wyj\u015bciowym lub pr\u0119dko\u015bci\u0105 podawania za pomoc\u0105 zewn\u0119trznego potencjometru, sterownika PLC, sygna\u0142u napi\u0119ciowego 1~5V lub sygna\u0142u zasilania 4~20mA.<\/p>\n<\/li>\n<li data-sourcepos=\"33:1-34:0\">\n<p data-sourcepos=\"33:5-33:185\"><strong>Wyj\u015bcie steruj\u0105ce 24 V DC:<\/strong> Sterownik dostarcza sygna\u0142 steruj\u0105cy poprzez tranzystor do bezpo\u015bredniego sterowania urz\u0105dzeniami zewn\u0119trznymi, takimi jak zawory elektromagnetyczne, w koordynacji ze sterownikiem.<\/p>\n<\/li>\n<li data-sourcepos=\"35:1-35:12\">\n<p data-sourcepos=\"35:5-35:12\"><strong>Prze\u0142\u0105cznik wyj\u015bciowy:<\/strong> Przycisk dotykowy na panelu umo\u017cliwia u\u017cytkownikom natychmiastowe uruchomienie\/zatrzymanie maszyny, u\u0142atwiaj\u0105c debugowanie sprz\u0119tu.<\/p>\n<\/li>\n<li data-sourcepos=\"37:1-38:0\">\n<p data-sourcepos=\"37:5-37:115\"><strong>Blokada klawiatury:<\/strong> U\u017cytkownicy mog\u0105 d\u0142ugo nacisn\u0105\u0107 przycisk w\u0142\u0105czania\/wy\u0142\u0105czania, aby zablokowa\u0107 wszystkie przyciski, zapobiegaj\u0105c przypadkowemu uruchomieniu.<\/p>\n<\/li>\n<li data-sourcepos=\"39:1-40:0\">\n<p data-sourcepos=\"39:5-39:154\"><strong>Has\u0142o parametru:<\/strong> U\u017cytkownicy mog\u0105 ustawi\u0107 has\u0142o blokuj\u0105ce okre\u015blone parametry, z wyj\u0105tkiem napi\u0119cia wyj\u015bciowego\/pr\u0119dko\u015bci zasilania, aby zapobiec nieupowa\u017cnionym zmianom.<\/p>\n<\/li>\n<li data-sourcepos=\"41:1-42:0\">\n<p data-sourcepos=\"41:5-41:183\"><strong>Przywr\u00f3ci\u0107 ustawienia fabryczne:<\/strong> Funkcja ta umo\u017cliwia szybkie przywr\u00f3cenie wszystkich ustawionych parametr\u00f3w do ustawie\u0144 fabrycznych, przywracaj\u0105c sterownik do pierwotnego stanu pracy.<\/p>\n<\/li>\n<li data-sourcepos=\"43:1-43:108\">\n<p data-sourcepos=\"43:5-43:108\"><strong>485 Komunikacja:<\/strong> R\u00f3\u017cne parametry sterownika mo\u017cna regulowa\u0107 zdalnie poprzez komunikacj\u0119 485.<\/p>\n<\/li>\n<\/ol>\n\t<div id=\"gap-1923220744\" class=\"gap-element clearfix\" style=\"display:block; height:auto;\">\n\t\t\n<style>\n#gap-1923220744 {\n  padding-top: 30px;\n}\n<\/style>\n\t<\/div>\n\t\n<h2>Specyfikacja techniczna<\/h2>\n<table width=\"767\">\n<tbody>\n<tr>\n<td rowspan=\"2\" width=\"225\">Przedmiot<\/td>\n<td colspan=\"3\" width=\"216\">Zakres<\/td>\n<td rowspan=\"2\" width=\"72\">Jednostka<\/td>\n<td rowspan=\"2\" width=\"254\">Opis<\/td>\n<\/tr>\n<tr>\n<td>Minimum<\/td>\n<td>Typowy<\/td>\n<td>Maksymalny<\/td>\n<\/tr>\n<tr>\n<td>Napi\u0119cie wej\u015bciowe<\/td>\n<td>85<\/td>\n<td>220<\/td>\n<td>260<\/td>\n<td>V<\/td>\n<td>Warto\u015b\u0107 efektywna AC<\/td>\n<\/tr>\n<tr>\n<td>Zakres regulacji napi\u0119cia wyj\u015bciowego<\/td>\n<td>0<\/td>\n<td><\/td>\n<td>260<\/td>\n<td>V<\/td>\n<td>Mniej ni\u017c 150% napi\u0119cia wej\u015bciowego<\/td>\n<\/tr>\n<tr>\n<td>Dok\u0142adno\u015b\u0107 regulacji napi\u0119cia<\/td>\n<td colspan=\"3\">1<\/td>\n<td>V<\/td>\n<td><\/td>\n<\/tr>\n<tr>\n<td>Dok\u0142adno\u015b\u0107 regulacji napi\u0119cia<\/td>\n<td>0<\/td>\n<td><\/td>\n<td>10<\/td>\n<td><\/td>\n<td>Vout\/Vin<\/td>\n<\/tr>\n<tr>\n<td>Czas reakcji regulacji napi\u0119cia<\/td>\n<td>0.0025<\/td>\n<td><\/td>\n<td>0.04<\/td>\n<td>S<\/td>\n<td>Jedna dziesi\u0105ta cyklu napi\u0119cia wyj\u015bciowego<\/td>\n<\/tr>\n<tr>\n<td rowspan=\"2\">Zakres regulacji pr\u0105du wyj\u015bciowego<\/td>\n<td rowspan=\"2\">0<\/td>\n<td rowspan=\"2\"><\/td>\n<td rowspan=\"2\">10<\/td>\n<td rowspan=\"2\">A<\/td>\n<td rowspan=\"2\"><\/td>\n<\/tr>\n<tr>\n<td rowspan=\"2\"><\/td>\n<td rowspan=\"2\"><\/td>\n<td rowspan=\"2\"><\/td>\n<td rowspan=\"2\"><\/td>\n<td rowspan=\"2\"><\/td>\n<td rowspan=\"2\"><\/td>\n<\/tr>\n<tr>\n<td>Cz\u0119stotliwo\u015b\u0107 wyj\u015bciowa<\/td>\n<td>25<\/td>\n<td><\/td>\n<td>400<\/td>\n<td>Hz<\/td>\n<td><\/td>\n<\/tr>\n<tr>\n<td>Dok\u0142adno\u015b\u0107 regulacji cz\u0119stotliwo\u015bci<\/td>\n<td colspan=\"3\">0.1<\/td>\n<td>Hz<\/td>\n<td><\/td>\n<\/tr>\n<tr>\n<td>Przebieg wyj\u015bciowy<\/td>\n<td colspan=\"3\">sinus<\/td>\n<td><\/td>\n<td><\/td>\n<\/tr>\n<tr>\n<td>Powolny czas rozpocz\u0119cia<\/td>\n<td>0<\/td>\n<td><\/td>\n<td>10<\/td>\n<td>S<\/td>\n<td>Domy\u015blne ustawienie fabryczne 0,5<\/td>\n<\/tr>\n<tr>\n<td>Zakres czasu op\u00f3\u017anienia<\/td>\n<td>0<\/td>\n<td><\/td>\n<td>20<\/td>\n<td>S<\/td>\n<td>Domy\u015blne ustawienie fabryczne 0,2<\/td>\n<\/tr>\n<tr>\n<td>Dok\u0142adno\u015b\u0107 czasu op\u00f3\u017anienia<\/td>\n<td colspan=\"3\">0.1<\/td>\n<td>S<\/td>\n<td><\/td>\n<\/tr>\n<tr>\n<td>Temperatura ochrony przed przegrzaniem<\/td>\n<td>60<\/td>\n<td>65<\/td>\n<td>65<\/td>\n<td>\u2103<\/td>\n<td><\/td>\n<\/tr>\n<tr>\n<td>Model sterowania analogowego<\/td>\n<td colspan=\"3\">Komunikacja ModBus485<\/td>\n<td>V<\/td>\n<td>Napi\u0119cie zdalnego sterowania pr\u0119dko\u015bci\u0105<\/td>\n<\/tr>\n<tr>\n<td>Cyfrowy sygna\u0142 steruj\u0105cy<\/td>\n<td colspan=\"3\">24<\/td>\n<td>V<\/td>\n<td>Sterowanie sygna\u0142em prze\u0142\u0105czaj\u0105cym<\/td>\n<\/tr>\n<tr>\n<td>Metoda regulacji<\/td>\n<td colspan=\"3\">6<\/td>\n<td>klucz<\/td>\n<td><\/td>\n<\/tr>\n<tr>\n<td>Pob\u00f3r mocy bez obci\u0105\u017cenia<\/td>\n<td><\/td>\n<td>3<\/td>\n<td><\/td>\n<td>W<\/td>\n<td><\/td>\n<\/tr>\n<tr>\n<td>Tryb wy\u015bwietlania<\/td>\n<td colspan=\"3\">5<\/td>\n<td>cyfra<\/td>\n<td>Cyfrowa tuba LED<\/td>\n<\/tr>\n<tr>\n<td>Temperatura otoczenia p\u0142ac<\/td>\n<td>0<\/td>\n<td>25<\/td>\n<td>40<\/td>\n<td>\u2103<\/td>\n<td rowspan=\"2\">Brak kondensacji<\/td>\n<\/tr>\n<tr>\n<td>Wilgotno\u015b\u0107 \u015brodowiska p\u0142ac<\/td>\n<td>10<\/td>\n<td>60<\/td>\n<td>85<\/td>\n<td>%<\/td>\n<\/tr>\n<\/tbody>\n<\/table>\n\t<div id=\"gap-1986480777\" class=\"gap-element clearfix\" style=\"display:block; height:auto;\">\n\t\t\n<style>\n#gap-1986480777 {\n  padding-top: 30px;\n}\n<\/style>\n\t<\/div>\n\t\n<h2><strong><b>Wymiary i <\/b><\/strong><strong><b>W<\/b><\/strong><strong><b>osiem:<\/b><\/strong><\/h2>\n<ul>\n<li><strong>Wymiary:<\/strong> D\u0142ugo\u015b\u0107 190 mm, szeroko\u015b\u0107 242 mm i wysoko\u015b\u0107 94,5 mm<\/li>\n<li><strong>Waga:<\/strong> 2670 g (bez akcesori\u00f3w)<\/li>\n<\/ul>\n\t<div class=\"img has-hover x md-x lg-x y md-y lg-y\" id=\"image_1445291649\">\n\t\t\t\t\t\t\t\t<div class=\"img-inner dark\" >\n\t\t\t<img loading=\"lazy\" decoding=\"async\" width=\"818\" height=\"559\" src=\"https:\/\/swoer.com\/wp-content\/uploads\/2024\/07\/Dimensions.webp\" class=\"attachment-original size-original\" alt=\"Wymiary\" srcset=\"https:\/\/swoer.com\/wp-content\/uploads\/2024\/07\/Dimensions.webp 818w, https:\/\/swoer.com\/wp-content\/uploads\/2024\/07\/Dimensions-300x205.webp 300w, https:\/\/swoer.com\/wp-content\/uploads\/2024\/07\/Dimensions-768x525.webp 768w, https:\/\/swoer.com\/wp-content\/uploads\/2024\/07\/Dimensions-18x12.webp 18w, https:\/\/swoer.com\/wp-content\/uploads\/2024\/07\/Dimensions-600x410.webp 600w\" sizes=\"(max-width: 818px) 100vw, 818px\" \/>\t\t\t\t\t\t\n\t\t\t\t\t<\/div>\n\t\t\t\t\t\t\t\t\n<style>\n#image_1445291649 {\n  width: 67%;\n}\n<\/style>\n\t<\/div>","protected":false},"excerpt":{"rendered":"<p>Ten zaawansowany sterownik oferuje automatyczn\u0105 kontrol\u0119 pr\u0119dko\u015bci\/cz\u0119stotliwo\u015bci, wyj\u015bcie synchroniczne, ustawienie pr\u0119dko\u015bci, powolny start, stabilizacj\u0119 napi\u0119cia, ochron\u0119 przed przegrzaniem, samoadaptacj\u0119 czujnika, zdalne sterowanie, wyj\u015bcie DC, ustawienie napi\u0119cia, pe\u0142ne\/puste wy\u0142\u0105czenie, zliczanie i komunikacj\u0119 485.<\/p>","protected":false},"featured_media":2497,"comment_status":"open","ping_status":"closed","template":"","meta":[],"product_cat":[45],"product_tag":[],"yoast_head":"<!-- This site is optimized with the Yoast SEO plugin v22.2 - https:\/\/yoast.com\/wordpress\/plugins\/seo\/ -->\n<title>Vibratory Feeder Controller SDVC34-UR - SWOER<\/title>\n<meta name=\"description\" content=\"Optimize your material flow with the Vibratory Feeder Controller SDVC34-UR. Precise control, easy setup, and enhanced efficiency for industrial applications. Order now\uff01\" \/>\n<meta name=\"robots\" content=\"index, follow, max-snippet:-1, max-image-preview:large, max-video-preview:-1\" \/>\n<link rel=\"canonical\" href=\"https:\/\/swoer.com\/pl\/manufacturer\/vibratory-feeder-controller-sdvc34-ur\/\" \/>\n<meta property=\"og:locale\" content=\"pl_PL\" \/>\n<meta property=\"og:type\" content=\"article\" \/>\n<meta property=\"og:title\" content=\"Vibratory Feeder Controller SDVC34-UR - SWOER\" \/>\n<meta property=\"og:description\" content=\"Optimize your material flow with the Vibratory Feeder Controller SDVC34-UR. Precise control, easy setup, and enhanced efficiency for industrial applications. Order now\uff01\" \/>\n<meta property=\"og:url\" content=\"https:\/\/swoer.com\/pl\/manufacturer\/vibratory-feeder-controller-sdvc34-ur\/\" \/>\n<meta property=\"og:site_name\" content=\"SWOER\" \/>\n<meta property=\"article:modified_time\" content=\"2024-08-16T06:09:17+00:00\" \/>\n<meta property=\"og:image\" content=\"https:\/\/swoer.com\/wp-content\/uploads\/2024\/07\/Vibratory-Bowl-Feeder-Controller-SDVC34-UR.webp\" \/>\n\t<meta property=\"og:image:width\" content=\"1000\" \/>\n\t<meta property=\"og:image:height\" content=\"1000\" \/>\n\t<meta property=\"og:image:type\" content=\"image\/webp\" \/>\n<meta name=\"twitter:card\" content=\"summary_large_image\" \/>\n<meta name=\"twitter:label1\" content=\"Szacowany czas czytania\" \/>\n\t<meta name=\"twitter:data1\" content=\"3 minuty\" \/>\n<script type=\"application\/ld+json\" class=\"yoast-schema-graph\">{\"@context\":\"https:\/\/schema.org\",\"@graph\":[{\"@type\":\"WebPage\",\"@id\":\"https:\/\/swoer.com\/manufacturer\/vibratory-feeder-controller-sdvc34-ur\/\",\"url\":\"https:\/\/swoer.com\/manufacturer\/vibratory-feeder-controller-sdvc34-ur\/\",\"name\":\"Vibratory Feeder Controller SDVC34-UR - SWOER\",\"isPartOf\":{\"@id\":\"https:\/\/swoer.com\/#website\"},\"primaryImageOfPage\":{\"@id\":\"https:\/\/swoer.com\/manufacturer\/vibratory-feeder-controller-sdvc34-ur\/#primaryimage\"},\"image\":{\"@id\":\"https:\/\/swoer.com\/manufacturer\/vibratory-feeder-controller-sdvc34-ur\/#primaryimage\"},\"thumbnailUrl\":\"https:\/\/swoer.com\/wp-content\/uploads\/2024\/07\/Vibratory-Bowl-Feeder-Controller-SDVC34-UR.webp\",\"datePublished\":\"2024-07-09T02:48:58+00:00\",\"dateModified\":\"2024-08-16T06:09:17+00:00\",\"description\":\"Optimize your material flow with the Vibratory Feeder Controller SDVC34-UR. Precise control, easy setup, and enhanced efficiency for industrial applications. Order now\uff01\",\"breadcrumb\":{\"@id\":\"https:\/\/swoer.com\/manufacturer\/vibratory-feeder-controller-sdvc34-ur\/#breadcrumb\"},\"inLanguage\":\"pl-PL\",\"potentialAction\":[{\"@type\":\"ReadAction\",\"target\":[\"https:\/\/swoer.com\/manufacturer\/vibratory-feeder-controller-sdvc34-ur\/\"]}]},{\"@type\":\"ImageObject\",\"inLanguage\":\"pl-PL\",\"@id\":\"https:\/\/swoer.com\/manufacturer\/vibratory-feeder-controller-sdvc34-ur\/#primaryimage\",\"url\":\"https:\/\/swoer.com\/wp-content\/uploads\/2024\/07\/Vibratory-Bowl-Feeder-Controller-SDVC34-UR.webp\",\"contentUrl\":\"https:\/\/swoer.com\/wp-content\/uploads\/2024\/07\/Vibratory-Bowl-Feeder-Controller-SDVC34-UR.webp\",\"width\":1000,\"height\":1000,\"caption\":\"Vibratory Bowl Feeder Controller SDVC34-UR\"},{\"@type\":\"BreadcrumbList\",\"@id\":\"https:\/\/swoer.com\/manufacturer\/vibratory-feeder-controller-sdvc34-ur\/#breadcrumb\",\"itemListElement\":[{\"@type\":\"ListItem\",\"position\":1,\"name\":\"Home\",\"item\":\"https:\/\/swoer.com\/\"},{\"@type\":\"ListItem\",\"position\":2,\"name\":\"Shop\",\"item\":\"https:\/\/swoer.com\/shop\/\"},{\"@type\":\"ListItem\",\"position\":3,\"name\":\"Vibratory Feeder Controller SDVC34-UR\"}]},{\"@type\":\"WebSite\",\"@id\":\"https:\/\/swoer.com\/#website\",\"url\":\"https:\/\/swoer.com\/\",\"name\":\"SWOER\",\"description\":\"Swoer is the top 3 vibratory bowl feeder manufacturer in China\",\"potentialAction\":[{\"@type\":\"SearchAction\",\"target\":{\"@type\":\"EntryPoint\",\"urlTemplate\":\"https:\/\/swoer.com\/?s={search_term_string}\"},\"query-input\":\"required name=search_term_string\"}],\"inLanguage\":\"pl-PL\"}]}<\/script>\n<!-- \/ Yoast SEO plugin. -->","yoast_head_json":{"title":"Vibratory Feeder Controller SDVC34-UR - SWOER","description":"Optimize your material flow with the Vibratory Feeder Controller SDVC34-UR. Precise control, easy setup, and enhanced efficiency for industrial applications. Order now\uff01","robots":{"index":"index","follow":"follow","max-snippet":"max-snippet:-1","max-image-preview":"max-image-preview:large","max-video-preview":"max-video-preview:-1"},"canonical":"https:\/\/swoer.com\/pl\/manufacturer\/vibratory-feeder-controller-sdvc34-ur\/","og_locale":"pl_PL","og_type":"article","og_title":"Vibratory Feeder Controller SDVC34-UR - SWOER","og_description":"Optimize your material flow with the Vibratory Feeder Controller SDVC34-UR. Precise control, easy setup, and enhanced efficiency for industrial applications. Order now\uff01","og_url":"https:\/\/swoer.com\/pl\/manufacturer\/vibratory-feeder-controller-sdvc34-ur\/","og_site_name":"SWOER","article_modified_time":"2024-08-16T06:09:17+00:00","og_image":[{"width":1000,"height":1000,"url":"https:\/\/swoer.com\/wp-content\/uploads\/2024\/07\/Vibratory-Bowl-Feeder-Controller-SDVC34-UR.webp","type":"image\/webp"}],"twitter_card":"summary_large_image","twitter_misc":{"Szacowany czas czytania":"3 minuty"},"schema":{"@context":"https:\/\/schema.org","@graph":[{"@type":"WebPage","@id":"https:\/\/swoer.com\/manufacturer\/vibratory-feeder-controller-sdvc34-ur\/","url":"https:\/\/swoer.com\/manufacturer\/vibratory-feeder-controller-sdvc34-ur\/","name":"Vibratory Feeder Controller SDVC34-UR - SWOER","isPartOf":{"@id":"https:\/\/swoer.com\/#website"},"primaryImageOfPage":{"@id":"https:\/\/swoer.com\/manufacturer\/vibratory-feeder-controller-sdvc34-ur\/#primaryimage"},"image":{"@id":"https:\/\/swoer.com\/manufacturer\/vibratory-feeder-controller-sdvc34-ur\/#primaryimage"},"thumbnailUrl":"https:\/\/swoer.com\/wp-content\/uploads\/2024\/07\/Vibratory-Bowl-Feeder-Controller-SDVC34-UR.webp","datePublished":"2024-07-09T02:48:58+00:00","dateModified":"2024-08-16T06:09:17+00:00","description":"Optimize your material flow with the Vibratory Feeder Controller SDVC34-UR. Precise control, easy setup, and enhanced efficiency for industrial applications. Order now\uff01","breadcrumb":{"@id":"https:\/\/swoer.com\/manufacturer\/vibratory-feeder-controller-sdvc34-ur\/#breadcrumb"},"inLanguage":"pl-PL","potentialAction":[{"@type":"ReadAction","target":["https:\/\/swoer.com\/manufacturer\/vibratory-feeder-controller-sdvc34-ur\/"]}]},{"@type":"ImageObject","inLanguage":"pl-PL","@id":"https:\/\/swoer.com\/manufacturer\/vibratory-feeder-controller-sdvc34-ur\/#primaryimage","url":"https:\/\/swoer.com\/wp-content\/uploads\/2024\/07\/Vibratory-Bowl-Feeder-Controller-SDVC34-UR.webp","contentUrl":"https:\/\/swoer.com\/wp-content\/uploads\/2024\/07\/Vibratory-Bowl-Feeder-Controller-SDVC34-UR.webp","width":1000,"height":1000,"caption":"Vibratory Bowl Feeder Controller SDVC34-UR"},{"@type":"BreadcrumbList","@id":"https:\/\/swoer.com\/manufacturer\/vibratory-feeder-controller-sdvc34-ur\/#breadcrumb","itemListElement":[{"@type":"ListItem","position":1,"name":"Home","item":"https:\/\/swoer.com\/"},{"@type":"ListItem","position":2,"name":"Shop","item":"https:\/\/swoer.com\/shop\/"},{"@type":"ListItem","position":3,"name":"Vibratory Feeder Controller SDVC34-UR"}]},{"@type":"WebSite","@id":"https:\/\/swoer.com\/#website","url":"https:\/\/swoer.com\/","name":"SWOER","description":"Swoer is the top 3 vibratory bowl feeder manufacturer in China","potentialAction":[{"@type":"SearchAction","target":{"@type":"EntryPoint","urlTemplate":"https:\/\/swoer.com\/?s={search_term_string}"},"query-input":"required name=search_term_string"}],"inLanguage":"pl-PL"}]}},"_links":{"self":[{"href":"https:\/\/swoer.com\/pl\/wp-json\/wp\/v2\/product\/2302"}],"collection":[{"href":"https:\/\/swoer.com\/pl\/wp-json\/wp\/v2\/product"}],"about":[{"href":"https:\/\/swoer.com\/pl\/wp-json\/wp\/v2\/types\/product"}],"replies":[{"embeddable":true,"href":"https:\/\/swoer.com\/pl\/wp-json\/wp\/v2\/comments?post=2302"}],"wp:featuredmedia":[{"embeddable":true,"href":"https:\/\/swoer.com\/pl\/wp-json\/wp\/v2\/media\/2497"}],"wp:attachment":[{"href":"https:\/\/swoer.com\/pl\/wp-json\/wp\/v2\/media?parent=2302"}],"wp:term":[{"taxonomy":"product_cat","embeddable":true,"href":"https:\/\/swoer.com\/pl\/wp-json\/wp\/v2\/product_cat?post=2302"},{"taxonomy":"product_tag","embeddable":true,"href":"https:\/\/swoer.com\/pl\/wp-json\/wp\/v2\/product_tag?post=2302"}],"curies":[{"name":"wp","href":"https:\/\/api.w.org\/{rel}","templated":true}]}}