{"id":2278,"date":"2024-07-05T03:34:25","date_gmt":"2024-07-05T03:34:25","guid":{"rendered":"https:\/\/swoer.com\/?post_type=product&#038;p=2278"},"modified":"2024-08-16T14:15:24","modified_gmt":"2024-08-16T06:15:24","slug":"automated-feeder-controller-sdvc31-xl-6a","status":"publish","type":"product","link":"https:\/\/swoer.com\/pl\/manufacturer\/automated-feeder-controller-sdvc31-xl-6a\/","title":{"rendered":"Automatyczny sterownik podajnika SDVC31-XL 6A"},"content":{"rendered":"<h2><strong><b>Cechy<\/b><\/strong><\/h2>\n<ul>\n<li>Precyzyjna automatyczna stabilizacja napi\u0119cia<\/li>\n<li>Regulowany powolny start<\/li>\n<li>Prze\u0142\u0105cznik czujnika pe\u0142nego\/pustego zatrzymania<\/li>\n<li>Wy\u0142\u0105czenie pe\u0142nego\/pustego czujnika fotoelektrycznego<\/li>\n<li>Zdalna kontrola pr\u0119dko\u015bci<\/li>\n<li>Wyj\u015bcie steruj\u0105ce DC<\/li>\n<\/ul>\n<h2><strong><b>Podstawowa funkcja<\/b><\/strong><\/h2>\n<ol>\n<li><strong>Regulacja cz\u0119stotliwo\u015bci:<\/strong> U\u017cytkownicy dostosowuj\u0105 cz\u0119stotliwo\u015b\u0107 wyj\u015bciow\u0105 sterownika, aby uzyska\u0107 p\u0142ynniejsze, cichsze i energooszcz\u0119dne karmienie.<\/li>\n<li><strong>Precyzyjna automatyczna stabilizacja napi\u0119cia:<\/strong> Wykorzystuj\u0105c wbudowany obw\u00f3d cyfrowy, system stabilizuje napi\u0119cie, eliminuj\u0105c w ten spos\u00f3b zmiany pr\u0119dko\u015bci podawania, kt\u00f3re powstaj\u0105 na skutek waha\u0144 zasilania.<\/li>\n<li><strong>Regulowany powolny start:<\/strong> Napi\u0119cie wyj\u015bciowe stopniowo wzrasta od zera do zadanego poziomu, aby zminimalizowa\u0107 wp\u0142yw na p\u0142yt\u0119 wibracyjn\u0105. U\u017cytkownicy mog\u0105 cyfrowo ustawi\u0107 czas wolnego startu.<\/li>\n<li><strong>Prze\u0142\u0105cznik czujnika pe\u0142nego\/pustego Stop:<\/strong> Obs\u0142uguje czujnik typu NPN lub zdalne sterowanie zatrzymaniem pe\u0142nego\/pustego sterownika PLC.<\/li>\n<li><strong>Czujnik fotoelektryczny Pe\u0142ny\/pusty Zatrzymanie:<\/strong> Obs\u0142uguje kontrol\u0119 zatrzymania pe\u0142nego\/pustego czujnika licznika fotoelektrycznego.<\/li>\n<li><strong>Zdalna kontrola pr\u0119dko\u015bci:<\/strong> U\u017cytkownicy mog\u0105 zdalnie sterowa\u0107 napi\u0119ciem wyj\u015bciowym za pomoc\u0105 zewn\u0119trznego potencjometru, sterownika PLC lub sygna\u0142u napi\u0119ciowego 1-5 V.<\/li>\n<li><strong>Wyj\u015bcie steruj\u0105ce DC:<\/strong> Sterownik wysy\u0142a sygna\u0142 steruj\u0105cy niskim napi\u0119ciem pr\u0105du sta\u0142ego do sterowania urz\u0105dzeniami takimi jak zawory elektromagnetyczne.<\/li>\n<li><strong>Blokada klawiatury:<\/strong> Naci\u015bnij i przytrzymaj klawisz w\u0142\u0105czania\/wy\u0142\u0105czania, aby zablokowa\u0107 wszystkie klawisze i zapobiec nieprawid\u0142owemu dzia\u0142aniu.<\/li>\n<li><strong>Maksymalne ustawienie napi\u0119cia wyj\u015bciowego:<\/strong> U\u017cytkownicy ustawiaj\u0105 maksymalne regulowane napi\u0119cie, aby zapobiec uszkodzeniom spowodowanym przepi\u0119ciem.<\/li>\n<li><strong>Ochrona przed przegrzaniem:<\/strong> Aby si\u0119 zabezpieczy\u0107, sterownik zatrzymuje wyj\u015bcie, gdy temperatura robocza stanie si\u0119 zbyt wysoka.<\/li>\n<li><strong>Zabezpieczenie nadpr\u0105dowe:<\/strong> Aby zabezpieczy\u0107 sterownik i sprz\u0119t wibracyjny, system zatrzymuje wyj\u015bcie, gdy pr\u0105d roboczy przekroczy pr\u0105d znamionowy.<\/li>\n<li><strong>Odzyskiwalne zabezpieczenie przed zwarciem:<\/strong> System zatrzymuje wyj\u015bcie podczas zwarcia, aby chroni\u0107 zar\u00f3wno sterownik, jak i sprz\u0119t. Po usuni\u0119ciu zwarcia system mo\u017ce zosta\u0107 ponownie zasilony i powr\u00f3ci\u0107 do normalnej pracy.<\/li>\n<\/ol>\n\t<div id=\"gap-1416434083\" class=\"gap-element clearfix\" style=\"display:block; height:auto;\">\n\t\t\n<style>\n#gap-1416434083 {\n  padding-top: 30px;\n}\n<\/style>\n\t<\/div>\n\t\n<h2><strong>Specyfikacja techniczna<\/strong><\/h2>\n<table width=\"767\">\n<tbody>\n<tr>\n<td rowspan=\"2\" width=\"225\">Przedmiot<\/td>\n<td colspan=\"3\" width=\"216\">Zakres<\/td>\n<td rowspan=\"2\" width=\"72\">Jednostka<\/td>\n<td rowspan=\"2\" width=\"254\">Opis<\/td>\n<\/tr>\n<tr>\n<td>Minimum<\/td>\n<td>Typowy<\/td>\n<td>Maksymalny<\/td>\n<\/tr>\n<tr>\n<td>Napi\u0119cie wej\u015bciowe<\/td>\n<td>85<\/td>\n<td>220<\/td>\n<td>260<\/td>\n<td>V<\/td>\n<td>Warto\u015b\u0107 efektywna AC<\/td>\n<\/tr>\n<tr>\n<td>Zakres regulacji napi\u0119cia wyj\u015bciowego<\/td>\n<td>0<\/td>\n<td><\/td>\n<td>260<\/td>\n<td>V<\/td>\n<td>Mniej ni\u017c 150% napi\u0119cia wej\u015bciowego<\/td>\n<\/tr>\n<tr>\n<td>Dok\u0142adno\u015b\u0107 regulacji napi\u0119cia<\/td>\n<td colspan=\"3\">1<\/td>\n<td>V<\/td>\n<td><\/td>\n<\/tr>\n<tr>\n<td>Dok\u0142adno\u015b\u0107 regulacji napi\u0119cia<\/td>\n<td>0<\/td>\n<td><\/td>\n<td>10<\/td>\n<td><\/td>\n<td>Vout\/Vin<\/td>\n<\/tr>\n<tr>\n<td>Czas reakcji regulacji napi\u0119cia<\/td>\n<td>0.0025<\/td>\n<td><\/td>\n<td>0.025<\/td>\n<td>S<\/td>\n<td>Jedna dziesi\u0105ta cyklu napi\u0119cia wyj\u015bciowego<\/td>\n<\/tr>\n<tr>\n<td rowspan=\"2\">Zakres regulacji pr\u0105du wyj\u015bciowego<\/td>\n<td rowspan=\"2\">0<\/td>\n<td rowspan=\"2\"><\/td>\n<td rowspan=\"2\">10<\/td>\n<td rowspan=\"2\">A<\/td>\n<td rowspan=\"2\">SDVC31-U-Bardzo du\u017ca moc<\/td>\n<\/tr>\n<tr>\n<td rowspan=\"2\"><\/td>\n<td rowspan=\"2\"><\/td>\n<td rowspan=\"2\"><\/td>\n<td rowspan=\"2\"><\/td>\n<td rowspan=\"2\"><\/td>\n<td rowspan=\"2\"><\/td>\n<\/tr>\n<tr>\n<td>Cz\u0119stotliwo\u015b\u0107 wyj\u015bciowa<\/td>\n<td>40<\/td>\n<td><\/td>\n<td>400<\/td>\n<td>Hz<\/td>\n<td><\/td>\n<\/tr>\n<tr>\n<td>Dok\u0142adno\u015b\u0107 regulacji cz\u0119stotliwo\u015bci<\/td>\n<td colspan=\"3\">0.1<\/td>\n<td>Hz<\/td>\n<td><\/td>\n<\/tr>\n<tr>\n<td>Przebieg wyj\u015bciowy<\/td>\n<td colspan=\"3\">sinus<\/td>\n<td><\/td>\n<td><\/td>\n<\/tr>\n<tr>\n<td>Powolny czas rozpocz\u0119cia<\/td>\n<td>0<\/td>\n<td><\/td>\n<td>10<\/td>\n<td>S<\/td>\n<td>Domy\u015blne ustawienie fabryczne 0,5<\/td>\n<\/tr>\n<tr>\n<td>Zakres czasu op\u00f3\u017anienia<\/td>\n<td>0<\/td>\n<td><\/td>\n<td>20<\/td>\n<td>S<\/td>\n<td>Domy\u015blne ustawienie fabryczne 0,2<\/td>\n<\/tr>\n<tr>\n<td>Dok\u0142adno\u015b\u0107 czasu op\u00f3\u017anienia<\/td>\n<td colspan=\"3\">0.1<\/td>\n<td>S<\/td>\n<td><\/td>\n<\/tr>\n<tr>\n<td>Temperatura ochrony przed przegrzaniem<\/td>\n<td>60<\/td>\n<td>65<\/td>\n<td>65<\/td>\n<td>\u2103<\/td>\n<td><\/td>\n<\/tr>\n<tr>\n<td>Napi\u0119cie wyj\u015bciowe sterowania DC<\/td>\n<td>22<\/td>\n<td>24<\/td>\n<td>26<\/td>\n<td>V<\/td>\n<td><\/td>\n<\/tr>\n<tr>\n<td>Pr\u0105d wyj\u015bciowy sterowania DC<\/td>\n<td>0<\/td>\n<td><\/td>\n<td>200<\/td>\n<td>mama<\/td>\n<td><\/td>\n<\/tr>\n<tr>\n<td>Model sterowania analogowego<\/td>\n<td colspan=\"3\">1-5-ty<\/td>\n<td>V<\/td>\n<td>Napi\u0119cie zdalnego sterowania pr\u0119dko\u015bci\u0105<\/td>\n<\/tr>\n<tr>\n<td>Cyfrowy sygna\u0142 steruj\u0105cy<\/td>\n<td colspan=\"3\">24<\/td>\n<td>V<\/td>\n<td>Sterowanie sygna\u0142em prze\u0142\u0105czaj\u0105cym<\/td>\n<\/tr>\n<tr>\n<td>Metoda regulacji<\/td>\n<td colspan=\"3\">6<\/td>\n<td>klucz<\/td>\n<td><\/td>\n<\/tr>\n<tr>\n<td>Pob\u00f3r mocy bez obci\u0105\u017cenia<\/td>\n<td><\/td>\n<td>3<\/td>\n<td><\/td>\n<td>W<\/td>\n<td><\/td>\n<\/tr>\n<tr>\n<td>Tryb wy\u015bwietlania<\/td>\n<td colspan=\"3\">5<\/td>\n<td>cyfra<\/td>\n<td>Cyfrowa tuba LED<\/td>\n<\/tr>\n<tr>\n<td>Temperatura otoczenia p\u0142ac<\/td>\n<td>0<\/td>\n<td>25<\/td>\n<td>40<\/td>\n<td>\u2103<\/td>\n<td rowspan=\"2\">Brak kondensacji<\/td>\n<\/tr>\n<tr>\n<td>Wilgotno\u015b\u0107 \u015brodowiska p\u0142ac<\/td>\n<td>10<\/td>\n<td>60<\/td>\n<td>85<\/td>\n<td>%<\/td>\n<\/tr>\n<\/tbody>\n<\/table>\n\t<div id=\"gap-682128427\" class=\"gap-element clearfix\" style=\"display:block; height:auto;\">\n\t\t\n<style>\n#gap-682128427 {\n  padding-top: 30px;\n}\n<\/style>\n\t<\/div>\n\t\n<h2><strong><b>Wymiary i waga<\/b><\/strong><\/h2>\n<ul>\n<li>Wymiary: d\u0142. 190 mm x szer. 242 mm x wys. 94,5 mm<\/li>\n<li>Waga: 2670g (bez akcesori\u00f3w)<\/li>\n<\/ul>\n\t<div class=\"img has-hover x md-x lg-x y md-y lg-y\" id=\"image_1877417760\">\n\t\t\t\t\t\t\t\t<div class=\"img-inner dark\" >\n\t\t\t<img loading=\"lazy\" decoding=\"async\" width=\"775\" height=\"574\" src=\"https:\/\/swoer.com\/wp-content\/uploads\/2024\/07\/dimension-drawing-2.webp\" class=\"attachment-original size-original\" alt=\"rysunek wymiarowy\" srcset=\"https:\/\/swoer.com\/wp-content\/uploads\/2024\/07\/dimension-drawing-2.webp 775w, https:\/\/swoer.com\/wp-content\/uploads\/2024\/07\/dimension-drawing-2-300x222.webp 300w, https:\/\/swoer.com\/wp-content\/uploads\/2024\/07\/dimension-drawing-2-768x569.webp 768w, https:\/\/swoer.com\/wp-content\/uploads\/2024\/07\/dimension-drawing-2-16x12.webp 16w, https:\/\/swoer.com\/wp-content\/uploads\/2024\/07\/dimension-drawing-2-600x444.webp 600w\" sizes=\"(max-width: 775px) 100vw, 775px\" \/>\t\t\t\t\t\t\n\t\t\t\t\t<\/div>\n\t\t\t\t\t\t\t\t\n<style>\n#image_1877417760 {\n  width: 62%;\n}\n<\/style>\n\t<\/div>","protected":false},"excerpt":{"rendered":"<p>Automatyczny sterownik podajnika SDVC31-XL 6A oferuje precyzyjn\u0105 automatyczn\u0105 stabilizacj\u0119 napi\u0119cia, regulowany powolny start i wszechstronne opcje sterowania, w tym czujnik prze\u0142\u0105czania i czujnik fotoelektryczny pe\u0142nego\/pustego wy\u0142\u0105czenia. Idealny do poprawy wydajno\u015bci i wydajno\u015bci systemu karmienia.<\/p>","protected":false},"featured_media":2505,"comment_status":"open","ping_status":"closed","template":"","meta":[],"product_cat":[45],"product_tag":[],"yoast_head":"<!-- This site is optimized with the Yoast SEO plugin v22.2 - https:\/\/yoast.com\/wordpress\/plugins\/seo\/ -->\n<title>Automated Feeder Controller SDVC31-XL 6A - SWOER<\/title>\n<meta name=\"description\" content=\"The Automated Feeder Controller SDVC31-XL 6A has high precision voltage stabilization, adjustable slow start, and remote speed control. It is ideal for efficient and reliable feeding operations.\" \/>\n<meta name=\"robots\" content=\"index, follow, max-snippet:-1, max-image-preview:large, max-video-preview:-1\" \/>\n<link rel=\"canonical\" href=\"https:\/\/swoer.com\/pl\/manufacturer\/automated-feeder-controller-sdvc31-xl-6a\/\" \/>\n<meta property=\"og:locale\" content=\"pl_PL\" \/>\n<meta property=\"og:type\" content=\"article\" \/>\n<meta property=\"og:title\" content=\"Automated Feeder Controller SDVC31-XL 6A - SWOER\" \/>\n<meta property=\"og:description\" content=\"The Automated Feeder Controller SDVC31-XL 6A has high precision voltage stabilization, adjustable slow start, and remote speed control. It is ideal for efficient and reliable feeding operations.\" \/>\n<meta property=\"og:url\" content=\"https:\/\/swoer.com\/pl\/manufacturer\/automated-feeder-controller-sdvc31-xl-6a\/\" \/>\n<meta property=\"og:site_name\" content=\"SWOER\" \/>\n<meta property=\"article:modified_time\" content=\"2024-08-16T06:15:24+00:00\" \/>\n<meta property=\"og:image\" content=\"https:\/\/swoer.com\/wp-content\/uploads\/2024\/07\/Automated-Feeder-Controller-SDVC31-XL-6A-1.webp\" \/>\n\t<meta property=\"og:image:width\" content=\"1000\" \/>\n\t<meta property=\"og:image:height\" content=\"1000\" \/>\n\t<meta property=\"og:image:type\" content=\"image\/webp\" \/>\n<meta name=\"twitter:card\" content=\"summary_large_image\" \/>\n<meta name=\"twitter:label1\" content=\"Szacowany czas czytania\" \/>\n\t<meta name=\"twitter:data1\" content=\"3 minuty\" \/>\n<script type=\"application\/ld+json\" class=\"yoast-schema-graph\">{\"@context\":\"https:\/\/schema.org\",\"@graph\":[{\"@type\":\"WebPage\",\"@id\":\"https:\/\/swoer.com\/manufacturer\/automated-feeder-controller-sdvc31-xl-6a\/\",\"url\":\"https:\/\/swoer.com\/manufacturer\/automated-feeder-controller-sdvc31-xl-6a\/\",\"name\":\"Automated Feeder Controller SDVC31-XL 6A - SWOER\",\"isPartOf\":{\"@id\":\"https:\/\/swoer.com\/#website\"},\"primaryImageOfPage\":{\"@id\":\"https:\/\/swoer.com\/manufacturer\/automated-feeder-controller-sdvc31-xl-6a\/#primaryimage\"},\"image\":{\"@id\":\"https:\/\/swoer.com\/manufacturer\/automated-feeder-controller-sdvc31-xl-6a\/#primaryimage\"},\"thumbnailUrl\":\"https:\/\/swoer.com\/wp-content\/uploads\/2024\/07\/Automated-Feeder-Controller-SDVC31-XL-6A-1.webp\",\"datePublished\":\"2024-07-05T03:34:25+00:00\",\"dateModified\":\"2024-08-16T06:15:24+00:00\",\"description\":\"The Automated Feeder Controller SDVC31-XL 6A has high precision voltage stabilization, adjustable slow start, and remote speed control. It is ideal for efficient and reliable feeding operations.\",\"breadcrumb\":{\"@id\":\"https:\/\/swoer.com\/manufacturer\/automated-feeder-controller-sdvc31-xl-6a\/#breadcrumb\"},\"inLanguage\":\"pl-PL\",\"potentialAction\":[{\"@type\":\"ReadAction\",\"target\":[\"https:\/\/swoer.com\/manufacturer\/automated-feeder-controller-sdvc31-xl-6a\/\"]}]},{\"@type\":\"ImageObject\",\"inLanguage\":\"pl-PL\",\"@id\":\"https:\/\/swoer.com\/manufacturer\/automated-feeder-controller-sdvc31-xl-6a\/#primaryimage\",\"url\":\"https:\/\/swoer.com\/wp-content\/uploads\/2024\/07\/Automated-Feeder-Controller-SDVC31-XL-6A-1.webp\",\"contentUrl\":\"https:\/\/swoer.com\/wp-content\/uploads\/2024\/07\/Automated-Feeder-Controller-SDVC31-XL-6A-1.webp\",\"width\":1000,\"height\":1000,\"caption\":\"Automated Feeder Controller SDVC31-XL 6A\"},{\"@type\":\"BreadcrumbList\",\"@id\":\"https:\/\/swoer.com\/manufacturer\/automated-feeder-controller-sdvc31-xl-6a\/#breadcrumb\",\"itemListElement\":[{\"@type\":\"ListItem\",\"position\":1,\"name\":\"Home\",\"item\":\"https:\/\/swoer.com\/\"},{\"@type\":\"ListItem\",\"position\":2,\"name\":\"Shop\",\"item\":\"https:\/\/swoer.com\/shop\/\"},{\"@type\":\"ListItem\",\"position\":3,\"name\":\"Automated Feeder Controller SDVC31-XL 6A\"}]},{\"@type\":\"WebSite\",\"@id\":\"https:\/\/swoer.com\/#website\",\"url\":\"https:\/\/swoer.com\/\",\"name\":\"SWOER\",\"description\":\"Swoer is the top 3 vibratory bowl feeder manufacturer in China\",\"potentialAction\":[{\"@type\":\"SearchAction\",\"target\":{\"@type\":\"EntryPoint\",\"urlTemplate\":\"https:\/\/swoer.com\/?s={search_term_string}\"},\"query-input\":\"required name=search_term_string\"}],\"inLanguage\":\"pl-PL\"}]}<\/script>\n<!-- \/ Yoast SEO plugin. -->","yoast_head_json":{"title":"Automated Feeder Controller SDVC31-XL 6A - SWOER","description":"The Automated Feeder Controller SDVC31-XL 6A has high precision voltage stabilization, adjustable slow start, and remote speed control. It is ideal for efficient and reliable feeding operations.","robots":{"index":"index","follow":"follow","max-snippet":"max-snippet:-1","max-image-preview":"max-image-preview:large","max-video-preview":"max-video-preview:-1"},"canonical":"https:\/\/swoer.com\/pl\/manufacturer\/automated-feeder-controller-sdvc31-xl-6a\/","og_locale":"pl_PL","og_type":"article","og_title":"Automated Feeder Controller SDVC31-XL 6A - SWOER","og_description":"The Automated Feeder Controller SDVC31-XL 6A has high precision voltage stabilization, adjustable slow start, and remote speed control. It is ideal for efficient and reliable feeding operations.","og_url":"https:\/\/swoer.com\/pl\/manufacturer\/automated-feeder-controller-sdvc31-xl-6a\/","og_site_name":"SWOER","article_modified_time":"2024-08-16T06:15:24+00:00","og_image":[{"width":1000,"height":1000,"url":"https:\/\/swoer.com\/wp-content\/uploads\/2024\/07\/Automated-Feeder-Controller-SDVC31-XL-6A-1.webp","type":"image\/webp"}],"twitter_card":"summary_large_image","twitter_misc":{"Szacowany czas czytania":"3 minuty"},"schema":{"@context":"https:\/\/schema.org","@graph":[{"@type":"WebPage","@id":"https:\/\/swoer.com\/manufacturer\/automated-feeder-controller-sdvc31-xl-6a\/","url":"https:\/\/swoer.com\/manufacturer\/automated-feeder-controller-sdvc31-xl-6a\/","name":"Automated Feeder Controller SDVC31-XL 6A - SWOER","isPartOf":{"@id":"https:\/\/swoer.com\/#website"},"primaryImageOfPage":{"@id":"https:\/\/swoer.com\/manufacturer\/automated-feeder-controller-sdvc31-xl-6a\/#primaryimage"},"image":{"@id":"https:\/\/swoer.com\/manufacturer\/automated-feeder-controller-sdvc31-xl-6a\/#primaryimage"},"thumbnailUrl":"https:\/\/swoer.com\/wp-content\/uploads\/2024\/07\/Automated-Feeder-Controller-SDVC31-XL-6A-1.webp","datePublished":"2024-07-05T03:34:25+00:00","dateModified":"2024-08-16T06:15:24+00:00","description":"The Automated Feeder Controller SDVC31-XL 6A has high precision voltage stabilization, adjustable slow start, and remote speed control. It is ideal for efficient and reliable feeding operations.","breadcrumb":{"@id":"https:\/\/swoer.com\/manufacturer\/automated-feeder-controller-sdvc31-xl-6a\/#breadcrumb"},"inLanguage":"pl-PL","potentialAction":[{"@type":"ReadAction","target":["https:\/\/swoer.com\/manufacturer\/automated-feeder-controller-sdvc31-xl-6a\/"]}]},{"@type":"ImageObject","inLanguage":"pl-PL","@id":"https:\/\/swoer.com\/manufacturer\/automated-feeder-controller-sdvc31-xl-6a\/#primaryimage","url":"https:\/\/swoer.com\/wp-content\/uploads\/2024\/07\/Automated-Feeder-Controller-SDVC31-XL-6A-1.webp","contentUrl":"https:\/\/swoer.com\/wp-content\/uploads\/2024\/07\/Automated-Feeder-Controller-SDVC31-XL-6A-1.webp","width":1000,"height":1000,"caption":"Automated Feeder Controller SDVC31-XL 6A"},{"@type":"BreadcrumbList","@id":"https:\/\/swoer.com\/manufacturer\/automated-feeder-controller-sdvc31-xl-6a\/#breadcrumb","itemListElement":[{"@type":"ListItem","position":1,"name":"Home","item":"https:\/\/swoer.com\/"},{"@type":"ListItem","position":2,"name":"Shop","item":"https:\/\/swoer.com\/shop\/"},{"@type":"ListItem","position":3,"name":"Automated Feeder Controller SDVC31-XL 6A"}]},{"@type":"WebSite","@id":"https:\/\/swoer.com\/#website","url":"https:\/\/swoer.com\/","name":"SWOER","description":"Swoer is the top 3 vibratory bowl feeder manufacturer in China","potentialAction":[{"@type":"SearchAction","target":{"@type":"EntryPoint","urlTemplate":"https:\/\/swoer.com\/?s={search_term_string}"},"query-input":"required name=search_term_string"}],"inLanguage":"pl-PL"}]}},"_links":{"self":[{"href":"https:\/\/swoer.com\/pl\/wp-json\/wp\/v2\/product\/2278"}],"collection":[{"href":"https:\/\/swoer.com\/pl\/wp-json\/wp\/v2\/product"}],"about":[{"href":"https:\/\/swoer.com\/pl\/wp-json\/wp\/v2\/types\/product"}],"replies":[{"embeddable":true,"href":"https:\/\/swoer.com\/pl\/wp-json\/wp\/v2\/comments?post=2278"}],"wp:featuredmedia":[{"embeddable":true,"href":"https:\/\/swoer.com\/pl\/wp-json\/wp\/v2\/media\/2505"}],"wp:attachment":[{"href":"https:\/\/swoer.com\/pl\/wp-json\/wp\/v2\/media?parent=2278"}],"wp:term":[{"taxonomy":"product_cat","embeddable":true,"href":"https:\/\/swoer.com\/pl\/wp-json\/wp\/v2\/product_cat?post=2278"},{"taxonomy":"product_tag","embeddable":true,"href":"https:\/\/swoer.com\/pl\/wp-json\/wp\/v2\/product_tag?post=2278"}],"curies":[{"name":"wp","href":"https:\/\/api.w.org\/{rel}","templated":true}]}}