{"id":2266,"date":"2024-07-03T03:21:39","date_gmt":"2024-07-03T03:21:39","guid":{"rendered":"https:\/\/swoer.com\/?post_type=product&#038;p=2266"},"modified":"2024-08-16T14:20:18","modified_gmt":"2024-08-16T06:20:18","slug":"bowl-feeder-controller-sdvc31-m-3-0a","status":"publish","type":"product","link":"https:\/\/swoer.com\/pl\/manufacturer\/bowl-feeder-controller-sdvc31-m-3-0a\/","title":{"rendered":"Kontroler podajnika misowego SDVC31-M 3,0A"},"content":{"rendered":"<h2><strong><b>Cechy<\/b><\/strong><\/h2>\n<ul>\n<li>Precyzyjna automatyczna stabilizacja napi\u0119cia<\/li>\n<li>Regulowany powolny start<\/li>\n<li>Prze\u0142\u0105cznik czujnika pe\u0142nego\/pustego zatrzymania<\/li>\n<li>Wy\u0142\u0105czenie pe\u0142nego\/pustego czujnika fotoelektrycznego<\/li>\n<li>Zdalna kontrola pr\u0119dko\u015bci<\/li>\n<li>Wyj\u015bcie steruj\u0105ce DC<\/li>\n<\/ul>\n\t<div id=\"gap-28479055\" class=\"gap-element clearfix\" style=\"display:block; height:auto;\">\n\t\t\n<style>\n#gap-28479055 {\n  padding-top: 30px;\n}\n<\/style>\n\t<\/div>\n\t\n<h2><strong><b>Podstawowa funkcja<\/b><\/strong><\/h2>\n<ol>\n<li><strong>Regulacja cz\u0119stotliwo\u015bci<\/strong>: U\u017cytkownicy dostosowuj\u0105 cz\u0119stotliwo\u015b\u0107 kontrolera, aby zoptymalizowa\u0107 drgania korpusu, zapewniaj\u0105c p\u0142ynniejsze, cichsze i energooszcz\u0119dne karmienie.<\/li>\n<li><strong>Precyzyjna automatyczna stabilizacja napi\u0119cia:<\/strong> Obw\u00f3d cyfrowy stabilizuje napi\u0119cie, automatycznie koryguj\u0105c zmiany pr\u0119dko\u015bci podawania spowodowane wahaniami zasilania.<\/li>\n<li><strong>Regulowany powolny start:<\/strong> Napi\u0119cie wyj\u015bciowe stopniowo wzrasta od zera do warto\u015bci zadanej, aby zminimalizowa\u0107 wp\u0142yw na p\u0142yt\u0119 wibracyjn\u0105 podczas uruchamiania. U\u017cytkownicy mog\u0105 cyfrowo ustawi\u0107 czas wolnego startu. Obs\u0142uguje czujniki typu NPN lub zdalne sterowanie pe\u0142nym\/pustym wy\u0142\u0105czeniem PLC.<\/li>\n<li><strong>Prze\u0142\u0105cznik czujnika pe\u0142nego\/pustego zatrzymania:<\/strong> Obs\u0142uga czujnika typu NPN lub zdalnego sterowania zatrzymaniem pe\u0142nego\/pustego sterownika PLC.<\/li>\n<li><strong>Czujnik fotoelektryczny zatrzymania pe\u0142nego\/pustego:<\/strong> obs\u0142uguje kontrol\u0119 zatrzymania pe\u0142nego\/pustego czujnika licznika fotoelektrycznego.<\/li>\n<li><strong>Zdalna kontrola pr\u0119dko\u015bci:<\/strong> sterownik mo\u017ce bezpo\u015brednio u\u017cywa\u0107 zewn\u0119trznego potencjometru, sterownika PLC lub sygna\u0142u napi\u0119ciowego 1-5 V do zdalnego sterowania napi\u0119ciem wyj\u015bciowym.<\/li>\n<li><strong>Wyj\u015bcie steruj\u0105ce DC:<\/strong> sterownik mo\u017ce wyprowadza\u0107 sygna\u0142 steruj\u0105cy niskim napi\u0119ciem pr\u0105du sta\u0142ego w celu sterowania zaworem elektromagnetycznym i innymi urz\u0105dzeniami wsp\u00f3\u0142pracuj\u0105cymi ze sterownikiem.<\/li>\n<li><strong>Blokada klawiatury:<\/strong> Naci\u015bnij i przytrzymaj klawisz w\u0142\u0105czania\/wy\u0142\u0105czania, aby zablokowa\u0107 wszystkie klawisze i zapobiec nieprawid\u0142owej obs\u0142udze przez u\u017cytkownik\u00f3w.<\/li>\n<li><strong>Maksymalne ustawienie napi\u0119cia wyj\u015bciowego:<\/strong> Ustaw maksymalne regulowane napi\u0119cie, aby zapobiec nieprawid\u0142owej obs\u0142udze u\u017cytkownika i wygenerowaniu zbyt du\u017cego napi\u0119cia, kt\u00f3re mog\u0142oby uszkodzi\u0107 sprz\u0119t wibracyjny.<\/li>\n<li><strong>Zabezpieczenie przed przegrzaniem:<\/strong> Gdy temperatura robocza sterownika jest zbyt wysoka, zatrzyma wyj\u015bcie, aby si\u0119 zabezpieczy\u0107.<\/li>\n<li><strong>Zabezpieczenie nadpr\u0105dowe<\/strong>: Gdy pr\u0105d roboczy sterownika przekracza pr\u0105d znamionowy, system zatrzymuje wyj\u015bcie, aby chroni\u0107 sterownik i sprz\u0119t wibracyjny.<\/li>\n<li><strong>Odzyskiwalne zabezpieczenie przed zwarciem<\/strong>: W przypadku zwarcia na wyj\u015bciu system zatrzymuje wyj\u015bcie i nie powoduje przepalenia bezpiecznika, aby chroni\u0107 sterownik i sprz\u0119t wibracyjny. Po usuni\u0119ciu zwarcia system mo\u017cna ponownie zasili\u0107 i przywr\u00f3ci\u0107 do normalnej pracy.<\/li>\n<\/ol>\n\t<div id=\"gap-1279124694\" class=\"gap-element clearfix\" style=\"display:block; height:auto;\">\n\t\t\n<style>\n#gap-1279124694 {\n  padding-top: 30px;\n}\n<\/style>\n\t<\/div>\n\t\n<h2>Specyfikacja techniczna<\/h2>\n<table width=\"767\">\n<tbody>\n<tr>\n<td rowspan=\"2\" width=\"225\">Przedmiot<\/td>\n<td colspan=\"3\" width=\"216\">Zakres<\/td>\n<td rowspan=\"2\" width=\"72\">Jednostka<\/td>\n<td rowspan=\"2\" width=\"254\">Opis<\/td>\n<\/tr>\n<tr>\n<td>Minimum<\/td>\n<td>Typowy<\/td>\n<td>Maksymalny<\/td>\n<\/tr>\n<tr>\n<td>Napi\u0119cie wej\u015bciowe<\/td>\n<td>85<\/td>\n<td>220<\/td>\n<td>260<\/td>\n<td>V<\/td>\n<td>Warto\u015b\u0107 efektywna AC<\/td>\n<\/tr>\n<tr>\n<td>Zakres regulacji napi\u0119cia wyj\u015bciowego<\/td>\n<td>0<\/td>\n<td><\/td>\n<td>260<\/td>\n<td>V<\/td>\n<td>Mniej ni\u017c 150% napi\u0119cia wej\u015bciowego<\/td>\n<\/tr>\n<tr>\n<td>Dok\u0142adno\u015b\u0107 regulacji napi\u0119cia<\/td>\n<td colspan=\"3\">1<\/td>\n<td>V<\/td>\n<td><\/td>\n<\/tr>\n<tr>\n<td>Dok\u0142adno\u015b\u0107 regulacji napi\u0119cia<\/td>\n<td>0<\/td>\n<td><\/td>\n<td>10<\/td>\n<td><\/td>\n<td>Vout\/Vin<\/td>\n<\/tr>\n<tr>\n<td>Czas reakcji regulacji napi\u0119cia<\/td>\n<td>0.0025<\/td>\n<td><\/td>\n<td>0.025<\/td>\n<td>S<\/td>\n<td>Jedna dziesi\u0105ta cyklu napi\u0119cia wyj\u015bciowego<\/td>\n<\/tr>\n<tr>\n<td rowspan=\"2\">Zakres regulacji pr\u0105du wyj\u015bciowego<\/td>\n<td>0<\/td>\n<td><\/td>\n<td>1.5<\/td>\n<td>A<\/td>\n<td>SDVC31-S-Ma\u0142a moc<\/td>\n<\/tr>\n<tr>\n<td>0<\/td>\n<td><\/td>\n<td>3<\/td>\n<td>VA<\/td>\n<td>SDVC31-M-\u015arednia moc<\/td>\n<\/tr>\n<tr>\n<td rowspan=\"2\">Moc wyj\u015bciowa<\/td>\n<td>0<\/td>\n<td><\/td>\n<td>330<\/td>\n<td>VA<\/td>\n<td>SDVC31-S-Ma\u0142a moc<\/td>\n<\/tr>\n<tr>\n<td>0<\/td>\n<td><\/td>\n<td>660<\/td>\n<td>VA<\/td>\n<td>SDVC31-M-\u015arednia moc<\/td>\n<\/tr>\n<tr>\n<td>Cz\u0119stotliwo\u015b\u0107 wyj\u015bciowa<\/td>\n<td>40<\/td>\n<td><\/td>\n<td>400<\/td>\n<td>Hz<\/td>\n<td><\/td>\n<\/tr>\n<tr>\n<td>Dok\u0142adno\u015b\u0107 regulacji cz\u0119stotliwo\u015bci<\/td>\n<td colspan=\"3\">0.1<\/td>\n<td>Hz<\/td>\n<td><\/td>\n<\/tr>\n<tr>\n<td>Przebieg wyj\u015bciowy<\/td>\n<td colspan=\"3\">sinus<\/td>\n<td><\/td>\n<td><\/td>\n<\/tr>\n<tr>\n<td>Powolny czas rozpocz\u0119cia<\/td>\n<td>0<\/td>\n<td><\/td>\n<td>10<\/td>\n<td>S<\/td>\n<td>Domy\u015blne ustawienie fabryczne 0,5<\/td>\n<\/tr>\n<tr>\n<td>Zakres czasu op\u00f3\u017anienia<\/td>\n<td>0<\/td>\n<td><\/td>\n<td>20<\/td>\n<td>S<\/td>\n<td>Domy\u015blne ustawienie fabryczne 0,2<\/td>\n<\/tr>\n<tr>\n<td>Dok\u0142adno\u015b\u0107 czasu op\u00f3\u017anienia<\/td>\n<td colspan=\"3\">0.1<\/td>\n<td>S<\/td>\n<td><\/td>\n<\/tr>\n<tr>\n<td>Temperatura ochrony przed przegrzaniem<\/td>\n<td>60<\/td>\n<td>65<\/td>\n<td>65<\/td>\n<td>\u2103<\/td>\n<td><\/td>\n<\/tr>\n<tr>\n<td>Napi\u0119cie wyj\u015bciowe sterowania DC<\/td>\n<td>22<\/td>\n<td>24<\/td>\n<td>26<\/td>\n<td>V<\/td>\n<td><\/td>\n<\/tr>\n<tr>\n<td>Pr\u0105d wyj\u015bciowy sterowania DC<\/td>\n<td>0<\/td>\n<td><\/td>\n<td>200<\/td>\n<td>mama<\/td>\n<td><\/td>\n<\/tr>\n<tr>\n<td>Model sterowania analogowego<\/td>\n<td colspan=\"3\">1-5<\/td>\n<td>V<\/td>\n<td>Napi\u0119cie zdalnego sterowania pr\u0119dko\u015bci\u0105<\/td>\n<\/tr>\n<tr>\n<td>Cyfrowy sygna\u0142 steruj\u0105cy<\/td>\n<td colspan=\"3\">24<\/td>\n<td>V<\/td>\n<td>Sterowanie sygna\u0142em prze\u0142\u0105czaj\u0105cym<\/td>\n<\/tr>\n<tr>\n<td>Metoda regulacji<\/td>\n<td colspan=\"3\">6<\/td>\n<td>klucz<\/td>\n<td><\/td>\n<\/tr>\n<tr>\n<td>Pob\u00f3r mocy bez obci\u0105\u017cenia<\/td>\n<td><\/td>\n<td>3<\/td>\n<td><\/td>\n<td>W<\/td>\n<td><\/td>\n<\/tr>\n<tr>\n<td>Tryb wy\u015bwietlania<\/td>\n<td colspan=\"3\">5<\/td>\n<td>cyfra<\/td>\n<td>Cyfrowa tuba LED<\/td>\n<\/tr>\n<tr>\n<td>Temperatura otoczenia p\u0142ac<\/td>\n<td>0<\/td>\n<td>25<\/td>\n<td>40<\/td>\n<td>\u2103<\/td>\n<td rowspan=\"2\">Brak kondensacji<\/td>\n<\/tr>\n<tr>\n<td>Wilgotno\u015b\u0107 \u015brodowiska p\u0142ac<\/td>\n<td>10<\/td>\n<td>60<\/td>\n<td>85<\/td>\n<td>%<\/td>\n<\/tr>\n<\/tbody>\n<\/table>\n<h2>Wymiary i waga<\/h2>\n<ul>\n<li><strong>Wymiary:<\/strong> D\u0142ugo\u015b\u0107 190 mm, szeroko\u015b\u0107 53,6 mm i wysoko\u015b\u0107 94,5 mm<\/li>\n<li><strong>Waga:<\/strong> 610g (bez akcesori\u00f3w)<\/li>\n<\/ul>\n\t<div id=\"gap-1985277965\" class=\"gap-element clearfix\" style=\"display:block; height:auto;\">\n\t\t\n<style>\n#gap-1985277965 {\n  padding-top: 30px;\n}\n<\/style>\n\t<\/div>\n\t\n<h2>Rysunek wymiarowy<\/h2>\n\t<div class=\"img has-hover x md-x lg-x y md-y lg-y\" id=\"image_114642819\">\n\t\t\t\t\t\t\t\t<div class=\"img-inner dark\" >\n\t\t\t<img loading=\"lazy\" decoding=\"async\" width=\"646\" height=\"554\" src=\"https:\/\/swoer.com\/wp-content\/uploads\/2024\/07\/dimension-drawing.webp\" class=\"attachment-original size-original\" alt=\"rysunek wymiarowy\" srcset=\"https:\/\/swoer.com\/wp-content\/uploads\/2024\/07\/dimension-drawing.webp 646w, https:\/\/swoer.com\/wp-content\/uploads\/2024\/07\/dimension-drawing-300x257.webp 300w, https:\/\/swoer.com\/wp-content\/uploads\/2024\/07\/dimension-drawing-14x12.webp 14w, https:\/\/swoer.com\/wp-content\/uploads\/2024\/07\/dimension-drawing-600x515.webp 600w\" sizes=\"(max-width: 646px) 100vw, 646px\" \/>\t\t\t\t\t\t\n\t\t\t\t\t<\/div>\n\t\t\t\t\t\t\t\t\n<style>\n#image_114642819 {\n  width: 58%;\n}\n<\/style>\n\t<\/div>","protected":false},"excerpt":{"rendered":"<p>Sterownik podajnika misowego SDVC31-M 3.0A to niezawodne rozwi\u0105zanie do sterowania podajnikami wibracyjnymi w zastosowaniach przemys\u0142owych. Posiada precyzyjn\u0105 stabilizacj\u0119 napi\u0119cia, regulowany powolny start, pe\u0142ne\/puste zatrzymanie, zdaln\u0105 kontrol\u0119 pr\u0119dko\u015bci i wyj\u015bcie steruj\u0105ce DC dla wydajnej obs\u0142ugi materia\u0142u.<\/p>","protected":false},"featured_media":2513,"comment_status":"open","ping_status":"closed","template":"","meta":[],"product_cat":[45],"product_tag":[],"yoast_head":"<!-- This site is optimized with the Yoast SEO plugin v22.2 - https:\/\/yoast.com\/wordpress\/plugins\/seo\/ -->\n<title>Bowl Feeder Controller SDVC31-M 3.0A - SWOER<\/title>\n<meta name=\"description\" content=\"Improve your material handling operations with the Bowl Feeder Controller SDVC31-M 3.0A. This industrial-grade controller ensures accurate material flow, prevents jams, and optimizes production efficiency.\" \/>\n<meta name=\"robots\" content=\"index, follow, max-snippet:-1, max-image-preview:large, max-video-preview:-1\" \/>\n<link rel=\"canonical\" href=\"https:\/\/swoer.com\/pl\/manufacturer\/bowl-feeder-controller-sdvc31-m-3-0a\/\" \/>\n<meta property=\"og:locale\" content=\"pl_PL\" \/>\n<meta property=\"og:type\" content=\"article\" \/>\n<meta property=\"og:title\" content=\"Bowl Feeder Controller SDVC31-M 3.0A - SWOER\" \/>\n<meta property=\"og:description\" content=\"Improve your material handling operations with the Bowl Feeder Controller SDVC31-M 3.0A. This industrial-grade controller ensures accurate material flow, prevents jams, and optimizes production efficiency.\" \/>\n<meta property=\"og:url\" content=\"https:\/\/swoer.com\/pl\/manufacturer\/bowl-feeder-controller-sdvc31-m-3-0a\/\" \/>\n<meta property=\"og:site_name\" content=\"SWOER\" \/>\n<meta property=\"article:modified_time\" content=\"2024-08-16T06:20:18+00:00\" \/>\n<meta property=\"og:image\" content=\"https:\/\/swoer.com\/wp-content\/uploads\/2024\/07\/Bowl-Feeder-Controller-SDVC31-M-3.0A-1.webp\" \/>\n\t<meta property=\"og:image:width\" content=\"1000\" \/>\n\t<meta property=\"og:image:height\" content=\"1000\" \/>\n\t<meta property=\"og:image:type\" content=\"image\/webp\" \/>\n<meta name=\"twitter:card\" content=\"summary_large_image\" \/>\n<meta name=\"twitter:label1\" content=\"Szacowany czas czytania\" \/>\n\t<meta name=\"twitter:data1\" content=\"3 minuty\" \/>\n<script type=\"application\/ld+json\" class=\"yoast-schema-graph\">{\"@context\":\"https:\/\/schema.org\",\"@graph\":[{\"@type\":\"WebPage\",\"@id\":\"https:\/\/swoer.com\/manufacturer\/bowl-feeder-controller-sdvc31-m-3-0a\/\",\"url\":\"https:\/\/swoer.com\/manufacturer\/bowl-feeder-controller-sdvc31-m-3-0a\/\",\"name\":\"Bowl Feeder Controller SDVC31-M 3.0A - SWOER\",\"isPartOf\":{\"@id\":\"https:\/\/swoer.com\/#website\"},\"primaryImageOfPage\":{\"@id\":\"https:\/\/swoer.com\/manufacturer\/bowl-feeder-controller-sdvc31-m-3-0a\/#primaryimage\"},\"image\":{\"@id\":\"https:\/\/swoer.com\/manufacturer\/bowl-feeder-controller-sdvc31-m-3-0a\/#primaryimage\"},\"thumbnailUrl\":\"https:\/\/swoer.com\/wp-content\/uploads\/2024\/07\/Bowl-Feeder-Controller-SDVC31-M-3.0A-1.webp\",\"datePublished\":\"2024-07-03T03:21:39+00:00\",\"dateModified\":\"2024-08-16T06:20:18+00:00\",\"description\":\"Improve your material handling operations with the Bowl Feeder Controller SDVC31-M 3.0A. This industrial-grade controller ensures accurate material flow, prevents jams, and optimizes production efficiency.\",\"breadcrumb\":{\"@id\":\"https:\/\/swoer.com\/manufacturer\/bowl-feeder-controller-sdvc31-m-3-0a\/#breadcrumb\"},\"inLanguage\":\"pl-PL\",\"potentialAction\":[{\"@type\":\"ReadAction\",\"target\":[\"https:\/\/swoer.com\/manufacturer\/bowl-feeder-controller-sdvc31-m-3-0a\/\"]}]},{\"@type\":\"ImageObject\",\"inLanguage\":\"pl-PL\",\"@id\":\"https:\/\/swoer.com\/manufacturer\/bowl-feeder-controller-sdvc31-m-3-0a\/#primaryimage\",\"url\":\"https:\/\/swoer.com\/wp-content\/uploads\/2024\/07\/Bowl-Feeder-Controller-SDVC31-M-3.0A-1.webp\",\"contentUrl\":\"https:\/\/swoer.com\/wp-content\/uploads\/2024\/07\/Bowl-Feeder-Controller-SDVC31-M-3.0A-1.webp\",\"width\":1000,\"height\":1000,\"caption\":\"Bowl Feeder Controller SDVC31-M 3.0A\"},{\"@type\":\"BreadcrumbList\",\"@id\":\"https:\/\/swoer.com\/manufacturer\/bowl-feeder-controller-sdvc31-m-3-0a\/#breadcrumb\",\"itemListElement\":[{\"@type\":\"ListItem\",\"position\":1,\"name\":\"Home\",\"item\":\"https:\/\/swoer.com\/\"},{\"@type\":\"ListItem\",\"position\":2,\"name\":\"Shop\",\"item\":\"https:\/\/swoer.com\/shop\/\"},{\"@type\":\"ListItem\",\"position\":3,\"name\":\"Bowl Feeder Controller SDVC31-M 3.0A\"}]},{\"@type\":\"WebSite\",\"@id\":\"https:\/\/swoer.com\/#website\",\"url\":\"https:\/\/swoer.com\/\",\"name\":\"SWOER\",\"description\":\"Swoer is the top 3 vibratory bowl feeder manufacturer in China\",\"potentialAction\":[{\"@type\":\"SearchAction\",\"target\":{\"@type\":\"EntryPoint\",\"urlTemplate\":\"https:\/\/swoer.com\/?s={search_term_string}\"},\"query-input\":\"required name=search_term_string\"}],\"inLanguage\":\"pl-PL\"}]}<\/script>\n<!-- \/ Yoast SEO plugin. -->","yoast_head_json":{"title":"Bowl Feeder Controller SDVC31-M 3.0A - SWOER","description":"Improve your material handling operations with the Bowl Feeder Controller SDVC31-M 3.0A. This industrial-grade controller ensures accurate material flow, prevents jams, and optimizes production efficiency.","robots":{"index":"index","follow":"follow","max-snippet":"max-snippet:-1","max-image-preview":"max-image-preview:large","max-video-preview":"max-video-preview:-1"},"canonical":"https:\/\/swoer.com\/pl\/manufacturer\/bowl-feeder-controller-sdvc31-m-3-0a\/","og_locale":"pl_PL","og_type":"article","og_title":"Bowl Feeder Controller SDVC31-M 3.0A - SWOER","og_description":"Improve your material handling operations with the Bowl Feeder Controller SDVC31-M 3.0A. This industrial-grade controller ensures accurate material flow, prevents jams, and optimizes production efficiency.","og_url":"https:\/\/swoer.com\/pl\/manufacturer\/bowl-feeder-controller-sdvc31-m-3-0a\/","og_site_name":"SWOER","article_modified_time":"2024-08-16T06:20:18+00:00","og_image":[{"width":1000,"height":1000,"url":"https:\/\/swoer.com\/wp-content\/uploads\/2024\/07\/Bowl-Feeder-Controller-SDVC31-M-3.0A-1.webp","type":"image\/webp"}],"twitter_card":"summary_large_image","twitter_misc":{"Szacowany czas czytania":"3 minuty"},"schema":{"@context":"https:\/\/schema.org","@graph":[{"@type":"WebPage","@id":"https:\/\/swoer.com\/manufacturer\/bowl-feeder-controller-sdvc31-m-3-0a\/","url":"https:\/\/swoer.com\/manufacturer\/bowl-feeder-controller-sdvc31-m-3-0a\/","name":"Bowl Feeder Controller SDVC31-M 3.0A - SWOER","isPartOf":{"@id":"https:\/\/swoer.com\/#website"},"primaryImageOfPage":{"@id":"https:\/\/swoer.com\/manufacturer\/bowl-feeder-controller-sdvc31-m-3-0a\/#primaryimage"},"image":{"@id":"https:\/\/swoer.com\/manufacturer\/bowl-feeder-controller-sdvc31-m-3-0a\/#primaryimage"},"thumbnailUrl":"https:\/\/swoer.com\/wp-content\/uploads\/2024\/07\/Bowl-Feeder-Controller-SDVC31-M-3.0A-1.webp","datePublished":"2024-07-03T03:21:39+00:00","dateModified":"2024-08-16T06:20:18+00:00","description":"Improve your material handling operations with the Bowl Feeder Controller SDVC31-M 3.0A. This industrial-grade controller ensures accurate material flow, prevents jams, and optimizes production efficiency.","breadcrumb":{"@id":"https:\/\/swoer.com\/manufacturer\/bowl-feeder-controller-sdvc31-m-3-0a\/#breadcrumb"},"inLanguage":"pl-PL","potentialAction":[{"@type":"ReadAction","target":["https:\/\/swoer.com\/manufacturer\/bowl-feeder-controller-sdvc31-m-3-0a\/"]}]},{"@type":"ImageObject","inLanguage":"pl-PL","@id":"https:\/\/swoer.com\/manufacturer\/bowl-feeder-controller-sdvc31-m-3-0a\/#primaryimage","url":"https:\/\/swoer.com\/wp-content\/uploads\/2024\/07\/Bowl-Feeder-Controller-SDVC31-M-3.0A-1.webp","contentUrl":"https:\/\/swoer.com\/wp-content\/uploads\/2024\/07\/Bowl-Feeder-Controller-SDVC31-M-3.0A-1.webp","width":1000,"height":1000,"caption":"Bowl Feeder Controller SDVC31-M 3.0A"},{"@type":"BreadcrumbList","@id":"https:\/\/swoer.com\/manufacturer\/bowl-feeder-controller-sdvc31-m-3-0a\/#breadcrumb","itemListElement":[{"@type":"ListItem","position":1,"name":"Home","item":"https:\/\/swoer.com\/"},{"@type":"ListItem","position":2,"name":"Shop","item":"https:\/\/swoer.com\/shop\/"},{"@type":"ListItem","position":3,"name":"Bowl Feeder Controller SDVC31-M 3.0A"}]},{"@type":"WebSite","@id":"https:\/\/swoer.com\/#website","url":"https:\/\/swoer.com\/","name":"SWOER","description":"Swoer is the top 3 vibratory bowl feeder manufacturer in China","potentialAction":[{"@type":"SearchAction","target":{"@type":"EntryPoint","urlTemplate":"https:\/\/swoer.com\/?s={search_term_string}"},"query-input":"required name=search_term_string"}],"inLanguage":"pl-PL"}]}},"_links":{"self":[{"href":"https:\/\/swoer.com\/pl\/wp-json\/wp\/v2\/product\/2266"}],"collection":[{"href":"https:\/\/swoer.com\/pl\/wp-json\/wp\/v2\/product"}],"about":[{"href":"https:\/\/swoer.com\/pl\/wp-json\/wp\/v2\/types\/product"}],"replies":[{"embeddable":true,"href":"https:\/\/swoer.com\/pl\/wp-json\/wp\/v2\/comments?post=2266"}],"wp:featuredmedia":[{"embeddable":true,"href":"https:\/\/swoer.com\/pl\/wp-json\/wp\/v2\/media\/2513"}],"wp:attachment":[{"href":"https:\/\/swoer.com\/pl\/wp-json\/wp\/v2\/media?parent=2266"}],"wp:term":[{"taxonomy":"product_cat","embeddable":true,"href":"https:\/\/swoer.com\/pl\/wp-json\/wp\/v2\/product_cat?post=2266"},{"taxonomy":"product_tag","embeddable":true,"href":"https:\/\/swoer.com\/pl\/wp-json\/wp\/v2\/product_tag?post=2266"}],"curies":[{"name":"wp","href":"https:\/\/api.w.org\/{rel}","templated":true}]}}