{"id":2260,"date":"2024-07-02T07:47:38","date_gmt":"2024-07-02T07:47:38","guid":{"rendered":"https:\/\/swoer.com\/?post_type=product&#038;p=2260"},"modified":"2024-08-16T14:23:50","modified_gmt":"2024-08-16T06:23:50","slug":"variable-frequency-digital-controller-for-vibratory-feeder-sdvc31-l-4-5a","status":"publish","type":"product","link":"https:\/\/swoer.com\/pl\/manufacturer\/variable-frequency-digital-controller-for-vibratory-feeder-sdvc31-l-4-5a\/","title":{"rendered":"Cyfrowy sterownik o zmiennej cz\u0119stotliwo\u015bci do podajnika wibracyjnego SDVC31-L 4,5A"},"content":{"rendered":"<h2><strong><b>Cechy<\/b><\/strong><\/h2>\n<ol>\n<li>Precyzyjna automatyczna stabilizacja napi\u0119cia<\/li>\n<li>Regulowany powolny start<\/li>\n<li>Prze\u0142\u0105cz czujnik pe\u0142nego\/pustego wy\u0142\u0105czenia<\/li>\n<li>Wy\u0142\u0105czenie pe\u0142nego\/pustego czujnika fotoelektrycznego<\/li>\n<li>Zdalna kontrola pr\u0119dko\u015bci<\/li>\n<li>Wyj\u015bcie steruj\u0105ce DC<\/li>\n<\/ol>\n<h2><strong><b>Podstawowe funkcje<\/b><\/strong><\/h2>\n<ul>\n<li><strong>Regulacja cz\u0119stotliwo\u015bci<\/strong>: U\u017cytkownicy mog\u0105 regulowa\u0107 cz\u0119stotliwo\u015b\u0107 wyj\u015bciow\u0105 sterownika, aby znale\u017a\u0107 optymaln\u0105 cz\u0119stotliwo\u015b\u0107 robocz\u0105 korpusu wibracyjnego, uzyskuj\u0105c p\u0142ynniejszy, cichszy i energooszcz\u0119dny efekt karmienia.<\/li>\n<li><strong>Precyzyjna automatyczna regulacja napi\u0119cia:<\/strong> Wbudowany cyfrowy obw\u00f3d regulacji napi\u0119cia mo\u017ce automatycznie eliminowa\u0107 zmiany pr\u0119dko\u015bci podawania spowodowane wahaniami napi\u0119cia zasilania.<\/li>\n<li><strong>Regulowany powolny start:<\/strong> Podczas uruchamiania napi\u0119cie wyj\u015bciowe b\u0119dzie stopniowo wzrasta\u0107 od zera do zadanego napi\u0119cia, aby wyeliminowa\u0107 wp\u0142yw na podajnik wibracyjny. U\u017cytkownicy mog\u0105 cyfrowo ustawi\u0107 czas wolnego startu. Obs\u0142uguje czujniki typu NPN lub zdalne sterowanie pe\u0142nym\/pustym wy\u0142\u0105czeniem PLC.<\/li>\n<li><strong>Prze\u0142\u0105cznik czujnika pe\u0142nego\/pustego wy\u0142\u0105czenia:<\/strong> Obs\u0142uguje czujnik typu NPN lub zdalne sterowanie pe\u0142nym\/pustym wy\u0142\u0105czeniem PLC.<\/li>\n<li><strong>Wy\u0142\u0105czenie pe\u0142nego\/pustego czujnika fotoelektrycznego:<\/strong> Obs\u0142uguje kontrol\u0119 pe\u0142nego\/pustego wy\u0142\u0105czenia fotoelektrycznego czujnika przeciwstrzelania.<\/li>\n<li><strong>Zdalna kontrola pr\u0119dko\u015bci<\/strong>: U\u017cytkownicy mog\u0105 zdalnie sterowa\u0107 napi\u0119ciem wyj\u015bciowym bezpo\u015brednio za pomoc\u0105 zewn\u0119trznego potencjometru, sterownika PLC lub sygna\u0142u napi\u0119ciowego 1 ~ 5 V.<\/li>\n<li><strong>Wyj\u015bcie steruj\u0105ce DC:<\/strong> Sterownik mo\u017ce wyprowadza\u0107 sygna\u0142 steruj\u0105cy niskim napi\u0119ciem pr\u0105du sta\u0142ego w celu nap\u0119dzania urz\u0105dze\u0144, takich jak zawory elektromagnetyczne, do wsp\u00f3\u0142pracy ze sterownikiem.<\/li>\n<li><strong>Blokada klawiatury:<\/strong> naci\u015bnij i przytrzymaj klawisz w\u0142\u0105czania\/wy\u0142\u0105czania, aby zablokowa\u0107 wszystkie klawisze i uniemo\u017cliwi\u0107 u\u017cytkownikom omy\u0142kow\u0105 obs\u0142ug\u0119.<\/li>\n<li><strong>Maksymalne ustawienie napi\u0119cia wyj\u015bciowego:<\/strong> ustaw maksymalne regulowane napi\u0119cie, aby zapobiec przypadkowemu uruchomieniu urz\u0105dzenia i wygenerowaniu nadmiernego napi\u0119cia, kt\u00f3re mog\u0142oby uszkodzi\u0107 sprz\u0119t wibracyjny.<\/li>\n<li><strong>Ochrona przed przegrzaniem:<\/strong> gdy temperatura pracy sterownika jest zbyt wysoka, wyj\u015bcie zostanie zatrzymane w celu samoobrony.<\/li>\n<li><strong>Zabezpieczenie nadpr\u0105dowe:<\/strong> gdy pr\u0105d roboczy sterownika przekroczy pr\u0105d znamionowy, wyj\u015bcie zatrzyma si\u0119, aby chroni\u0107 sterownik i sprz\u0119t wibracyjny.<\/li>\n<li><strong>Odzyskiwalne zabezpieczenie przed zwarciem:<\/strong> gdy na ko\u0144cu wyj\u015bciowym wyst\u0105pi zwarcie, sterownik zatrzyma wyj\u015bcie, a bezpiecznik nie zostanie przepalony, aby chroni\u0107 sterownik i sprz\u0119t wibracyjny. Po ustaniu zwarcia na ko\u0144cu wyj\u015bciowym, sterownik po w\u0142\u0105czeniu zasilania mo\u017ce ponownie pracowa\u0107 normalnie.<\/li>\n<\/ul>\n<h2>Specyfikacja techniczna<\/h2>\n<table width=\"767\">\n<tbody>\n<tr>\n<td rowspan=\"2\" width=\"225\">Przedmiot<\/td>\n<td colspan=\"3\" width=\"216\">Zakres<\/td>\n<td rowspan=\"2\" width=\"72\">Jednostka<\/td>\n<td rowspan=\"2\" width=\"254\">Opis<\/td>\n<\/tr>\n<tr>\n<td>Minimum<\/td>\n<td>Typowy<\/td>\n<td>Maksymalny<\/td>\n<\/tr>\n<tr>\n<td>Napi\u0119cie wej\u015bciowe<\/td>\n<td>85<\/td>\n<td>220<\/td>\n<td>260<\/td>\n<td>V<\/td>\n<td>Warto\u015b\u0107 efektywna AC<\/td>\n<\/tr>\n<tr>\n<td>Zakres regulacji napi\u0119cia wyj\u015bciowego<\/td>\n<td>0<\/td>\n<td><\/td>\n<td>260<\/td>\n<td>V<\/td>\n<td>Mniej ni\u017c 150% napi\u0119cia wej\u015bciowego<\/td>\n<\/tr>\n<tr>\n<td>Dok\u0142adno\u015b\u0107 regulacji napi\u0119cia<\/td>\n<td colspan=\"3\">1<\/td>\n<td>V<\/td>\n<td><\/td>\n<\/tr>\n<tr>\n<td>Dok\u0142adno\u015b\u0107 regulacji napi\u0119cia<\/td>\n<td>0<\/td>\n<td><\/td>\n<td>10<\/td>\n<td><\/td>\n<td>Vout\/Vin<\/td>\n<\/tr>\n<tr>\n<td>Czas reakcji regulacji napi\u0119cia<\/td>\n<td>0.0025<\/td>\n<td><\/td>\n<td>0.025<\/td>\n<td>S<\/td>\n<td>Jedna dziesi\u0105ta cyklu napi\u0119cia wyj\u015bciowego<\/td>\n<\/tr>\n<tr>\n<td rowspan=\"2\">Zakres regulacji pr\u0105du wyj\u015bciowego<\/td>\n<td>0<\/td>\n<td><\/td>\n<td>4.5<\/td>\n<td>A<\/td>\n<td>SDVC31-L-wysoka moc<\/td>\n<\/tr>\n<tr>\n<td>0<\/td>\n<td><\/td>\n<td>6<\/td>\n<td>VA<\/td>\n<td>SDVC31-XL-zwi\u0119kszona moc<\/td>\n<\/tr>\n<tr>\n<td rowspan=\"2\">Moc wyj\u015bciowa<\/td>\n<td>0<\/td>\n<td><\/td>\n<td>990<\/td>\n<td>VA<\/td>\n<td>SDVC31-L-wysoka moc<\/td>\n<\/tr>\n<tr>\n<td>0<\/td>\n<td><\/td>\n<td>1320<\/td>\n<td>VA<\/td>\n<td>SDVC31-XL-zwi\u0119kszona moc<\/td>\n<\/tr>\n<tr>\n<td>Cz\u0119stotliwo\u015b\u0107 wyj\u015bciowa<\/td>\n<td>40<\/td>\n<td><\/td>\n<td>400<\/td>\n<td>Hz<\/td>\n<td><\/td>\n<\/tr>\n<tr>\n<td>Dok\u0142adno\u015b\u0107 regulacji cz\u0119stotliwo\u015bci<\/td>\n<td colspan=\"3\">0.1<\/td>\n<td>Hz<\/td>\n<td><\/td>\n<\/tr>\n<tr>\n<td>Przebieg wyj\u015bciowy<\/td>\n<td colspan=\"3\">sinus<\/td>\n<td><\/td>\n<td><\/td>\n<\/tr>\n<tr>\n<td>Powolny czas rozpocz\u0119cia<\/td>\n<td>0<\/td>\n<td><\/td>\n<td>10<\/td>\n<td>S<\/td>\n<td>Domy\u015blne ustawienie fabryczne 0,5<\/td>\n<\/tr>\n<tr>\n<td>Zakres czasu op\u00f3\u017anienia<\/td>\n<td>0<\/td>\n<td><\/td>\n<td>20<\/td>\n<td>S<\/td>\n<td>Domy\u015blne ustawienie fabryczne 0,2<\/td>\n<\/tr>\n<tr>\n<td>Dok\u0142adno\u015b\u0107 czasu op\u00f3\u017anienia<\/td>\n<td colspan=\"3\">0.1<\/td>\n<td>S<\/td>\n<td><\/td>\n<\/tr>\n<tr>\n<td>Temperatura ochrony przed przegrzaniem<\/td>\n<td>60<\/td>\n<td>65<\/td>\n<td>65<\/td>\n<td>\u2103<\/td>\n<td><\/td>\n<\/tr>\n<tr>\n<td>Napi\u0119cie wyj\u015bciowe sterowania DC<\/td>\n<td>22<\/td>\n<td>24<\/td>\n<td>26<\/td>\n<td>V<\/td>\n<td><\/td>\n<\/tr>\n<tr>\n<td>Pr\u0105d wyj\u015bciowy sterowania DC<\/td>\n<td>0<\/td>\n<td><\/td>\n<td>200<\/td>\n<td>mama<\/td>\n<td><\/td>\n<\/tr>\n<tr>\n<td>Model sterowania analogowego<\/td>\n<td colspan=\"3\">1-5<\/td>\n<td>V<\/td>\n<td>Napi\u0119cie zdalnego sterowania pr\u0119dko\u015bci\u0105<\/td>\n<\/tr>\n<tr>\n<td>Cyfrowy sygna\u0142 steruj\u0105cy<\/td>\n<td colspan=\"3\">24<\/td>\n<td>V<\/td>\n<td>Sterowanie sygna\u0142em prze\u0142\u0105czaj\u0105cym<\/td>\n<\/tr>\n<tr>\n<td>Metoda regulacji<\/td>\n<td colspan=\"3\">6<\/td>\n<td>klucz<\/td>\n<td><\/td>\n<\/tr>\n<tr>\n<td>Pob\u00f3r mocy bez obci\u0105\u017cenia<\/td>\n<td><\/td>\n<td>3<\/td>\n<td><\/td>\n<td>W<\/td>\n<td><\/td>\n<\/tr>\n<tr>\n<td>Tryb wy\u015bwietlania<\/td>\n<td colspan=\"3\">5<\/td>\n<td>cyfra<\/td>\n<td>Cyfrowa tuba LED<\/td>\n<\/tr>\n<tr>\n<td>Temperatura otoczenia p\u0142ac<\/td>\n<td>0<\/td>\n<td>25<\/td>\n<td>40<\/td>\n<td>\u2103<\/td>\n<td rowspan=\"2\">Brak kondensacji<\/td>\n<\/tr>\n<tr>\n<td>Wilgotno\u015b\u0107 \u015brodowiska p\u0142ac<\/td>\n<td>10<\/td>\n<td>60<\/td>\n<td>85<\/td>\n<td>%<\/td>\n<\/tr>\n<\/tbody>\n<\/table>\n\t<div id=\"gap-919909098\" class=\"gap-element clearfix\" style=\"display:block; height:auto;\">\n\t\t\n<style>\n#gap-919909098 {\n  padding-top: 30px;\n}\n<\/style>\n\t<\/div>\n\t\n<h2><strong><b>Wymiary i waga<\/b><\/strong><\/h2>\n<ul>\n<li>Wymiary: d\u0142ugo\u015b\u0107 190 mm, szeroko\u015b\u0107 147,8 mm i wysoko\u015b\u0107 94,5 mm<\/li>\n<li>Waga: 1675 g (bez akcesori\u00f3w)<\/li>\n<\/ul>\n\t<div id=\"gap-1082301675\" class=\"gap-element clearfix\" style=\"display:block; height:auto;\">\n\t\t\n<style>\n#gap-1082301675 {\n  padding-top: 30px;\n}\n<\/style>\n\t<\/div>\n\t\n<h2>Wymiary SDVC31-L 4,5A<\/h2>\n\t<div class=\"img has-hover x md-x lg-x y md-y lg-y\" id=\"image_1981934257\">\n\t\t\t\t\t\t\t\t<div class=\"img-inner dark\" >\n\t\t\t<img loading=\"lazy\" decoding=\"async\" width=\"800\" height=\"595\" src=\"https:\/\/swoer.com\/wp-content\/uploads\/2024\/07\/SDVC31-L-4.5A-Dimensions.webp\" class=\"attachment-original size-original\" alt=\"Wymiary SDVC31-L 4,5A\" srcset=\"https:\/\/swoer.com\/wp-content\/uploads\/2024\/07\/SDVC31-L-4.5A-Dimensions.webp 800w, https:\/\/swoer.com\/wp-content\/uploads\/2024\/07\/SDVC31-L-4.5A-Dimensions-300x223.webp 300w, https:\/\/swoer.com\/wp-content\/uploads\/2024\/07\/SDVC31-L-4.5A-Dimensions-768x571.webp 768w, https:\/\/swoer.com\/wp-content\/uploads\/2024\/07\/SDVC31-L-4.5A-Dimensions-16x12.webp 16w, https:\/\/swoer.com\/wp-content\/uploads\/2024\/07\/SDVC31-L-4.5A-Dimensions-600x446.webp 600w\" sizes=\"(max-width: 800px) 100vw, 800px\" \/>\t\t\t\t\t\t\n\t\t\t\t\t<\/div>\n\t\t\t\t\t\t\t\t\n<style>\n#image_1981934257 {\n  width: 64%;\n}\n<\/style>\n\t<\/div>","protected":false},"excerpt":{"rendered":"<p>Ten <strong>Sterownik podajnika wibracyjnego<\/strong> zapewnia wyj\u0105tkow\u0105 kontrol\u0119 w zastosowaniach zwi\u0105zanych z karmieniem. Wyposa\u017cony w precyzyjn\u0105 automatyczn\u0105 stabilizacj\u0119 napi\u0119cia, regulowany powolny start, opcje wy\u0142\u0105czania czujnika przy pe\u0142nym\/pustym zbiorniku, zdaln\u0105 kontrol\u0119 pr\u0119dko\u015bci i wyj\u015bcie steruj\u0105ce DC, zapewnia p\u0142ynne, ciche i energooszcz\u0119dne podawanie.<\/p>","protected":false},"featured_media":2517,"comment_status":"open","ping_status":"closed","template":"","meta":[],"product_cat":[45],"product_tag":[],"yoast_head":"<!-- This site is optimized with the Yoast SEO plugin v22.2 - https:\/\/yoast.com\/wordpress\/plugins\/seo\/ -->\n<title>Variable Frequency Digital Controller for Vibratory Feeder SDVC31-L 4.5A - SWOER<\/title>\n<meta name=\"description\" content=\"High-Precision Vibratory Feeder Controller SDVC31-L 4.5A with Automatic Voltage Regulation, Adjustable Slow Start, Sensor Full\/Empty Shutdown, Remote Speed Control &amp; DC Control Output. Optimize feeding efficiency for quieter &amp; energy-saving operation in various industries.\" \/>\n<meta name=\"robots\" content=\"index, follow, max-snippet:-1, max-image-preview:large, max-video-preview:-1\" \/>\n<link rel=\"canonical\" href=\"https:\/\/swoer.com\/pl\/manufacturer\/variable-frequency-digital-controller-for-vibratory-feeder-sdvc31-l-4-5a\/\" \/>\n<meta property=\"og:locale\" content=\"pl_PL\" \/>\n<meta property=\"og:type\" content=\"article\" \/>\n<meta property=\"og:title\" content=\"Variable Frequency Digital Controller for Vibratory Feeder SDVC31-L 4.5A - SWOER\" \/>\n<meta property=\"og:description\" content=\"High-Precision Vibratory Feeder Controller SDVC31-L 4.5A with Automatic Voltage Regulation, Adjustable Slow Start, Sensor Full\/Empty Shutdown, Remote Speed Control &amp; DC Control Output. Optimize feeding efficiency for quieter &amp; energy-saving operation in various industries.\" \/>\n<meta property=\"og:url\" content=\"https:\/\/swoer.com\/pl\/manufacturer\/variable-frequency-digital-controller-for-vibratory-feeder-sdvc31-l-4-5a\/\" \/>\n<meta property=\"og:site_name\" content=\"SWOER\" \/>\n<meta property=\"article:modified_time\" content=\"2024-08-16T06:23:50+00:00\" \/>\n<meta property=\"og:image\" content=\"https:\/\/swoer.com\/wp-content\/uploads\/2024\/07\/Bowl-Feeder-Controller-SDVC31-M-3.0A-2.webp\" \/>\n\t<meta property=\"og:image:width\" content=\"1000\" \/>\n\t<meta property=\"og:image:height\" content=\"1000\" \/>\n\t<meta property=\"og:image:type\" content=\"image\/webp\" \/>\n<meta name=\"twitter:card\" content=\"summary_large_image\" \/>\n<meta name=\"twitter:label1\" content=\"Szacowany czas czytania\" \/>\n\t<meta name=\"twitter:data1\" content=\"3 minuty\" \/>\n<script type=\"application\/ld+json\" class=\"yoast-schema-graph\">{\"@context\":\"https:\/\/schema.org\",\"@graph\":[{\"@type\":\"WebPage\",\"@id\":\"https:\/\/swoer.com\/manufacturer\/variable-frequency-digital-controller-for-vibratory-feeder-sdvc31-l-4-5a\/\",\"url\":\"https:\/\/swoer.com\/manufacturer\/variable-frequency-digital-controller-for-vibratory-feeder-sdvc31-l-4-5a\/\",\"name\":\"Variable Frequency Digital Controller for Vibratory Feeder SDVC31-L 4.5A - SWOER\",\"isPartOf\":{\"@id\":\"https:\/\/swoer.com\/#website\"},\"primaryImageOfPage\":{\"@id\":\"https:\/\/swoer.com\/manufacturer\/variable-frequency-digital-controller-for-vibratory-feeder-sdvc31-l-4-5a\/#primaryimage\"},\"image\":{\"@id\":\"https:\/\/swoer.com\/manufacturer\/variable-frequency-digital-controller-for-vibratory-feeder-sdvc31-l-4-5a\/#primaryimage\"},\"thumbnailUrl\":\"https:\/\/swoer.com\/wp-content\/uploads\/2024\/07\/Bowl-Feeder-Controller-SDVC31-M-3.0A-2.webp\",\"datePublished\":\"2024-07-02T07:47:38+00:00\",\"dateModified\":\"2024-08-16T06:23:50+00:00\",\"description\":\"High-Precision Vibratory Feeder Controller SDVC31-L 4.5A with Automatic Voltage Regulation, Adjustable Slow Start, Sensor Full\/Empty Shutdown, Remote Speed Control & DC Control Output. Optimize feeding efficiency for quieter & energy-saving operation in various industries.\",\"breadcrumb\":{\"@id\":\"https:\/\/swoer.com\/manufacturer\/variable-frequency-digital-controller-for-vibratory-feeder-sdvc31-l-4-5a\/#breadcrumb\"},\"inLanguage\":\"pl-PL\",\"potentialAction\":[{\"@type\":\"ReadAction\",\"target\":[\"https:\/\/swoer.com\/manufacturer\/variable-frequency-digital-controller-for-vibratory-feeder-sdvc31-l-4-5a\/\"]}]},{\"@type\":\"ImageObject\",\"inLanguage\":\"pl-PL\",\"@id\":\"https:\/\/swoer.com\/manufacturer\/variable-frequency-digital-controller-for-vibratory-feeder-sdvc31-l-4-5a\/#primaryimage\",\"url\":\"https:\/\/swoer.com\/wp-content\/uploads\/2024\/07\/Bowl-Feeder-Controller-SDVC31-M-3.0A-2.webp\",\"contentUrl\":\"https:\/\/swoer.com\/wp-content\/uploads\/2024\/07\/Bowl-Feeder-Controller-SDVC31-M-3.0A-2.webp\",\"width\":1000,\"height\":1000,\"caption\":\"Bowl Feeder Controller SDVC31-M 3.0A\"},{\"@type\":\"BreadcrumbList\",\"@id\":\"https:\/\/swoer.com\/manufacturer\/variable-frequency-digital-controller-for-vibratory-feeder-sdvc31-l-4-5a\/#breadcrumb\",\"itemListElement\":[{\"@type\":\"ListItem\",\"position\":1,\"name\":\"Home\",\"item\":\"https:\/\/swoer.com\/\"},{\"@type\":\"ListItem\",\"position\":2,\"name\":\"Shop\",\"item\":\"https:\/\/swoer.com\/shop\/\"},{\"@type\":\"ListItem\",\"position\":3,\"name\":\"Variable Frequency Digital Controller for Vibratory Feeder SDVC31-L 4.5A\"}]},{\"@type\":\"WebSite\",\"@id\":\"https:\/\/swoer.com\/#website\",\"url\":\"https:\/\/swoer.com\/\",\"name\":\"SWOER\",\"description\":\"Swoer is the top 3 vibratory bowl feeder manufacturer in China\",\"potentialAction\":[{\"@type\":\"SearchAction\",\"target\":{\"@type\":\"EntryPoint\",\"urlTemplate\":\"https:\/\/swoer.com\/?s={search_term_string}\"},\"query-input\":\"required name=search_term_string\"}],\"inLanguage\":\"pl-PL\"}]}<\/script>\n<!-- \/ Yoast SEO plugin. -->","yoast_head_json":{"title":"Variable Frequency Digital Controller for Vibratory Feeder SDVC31-L 4.5A - SWOER","description":"High-Precision Vibratory Feeder Controller SDVC31-L 4.5A with Automatic Voltage Regulation, Adjustable Slow Start, Sensor Full\/Empty Shutdown, Remote Speed Control & DC Control Output. Optimize feeding efficiency for quieter & energy-saving operation in various industries.","robots":{"index":"index","follow":"follow","max-snippet":"max-snippet:-1","max-image-preview":"max-image-preview:large","max-video-preview":"max-video-preview:-1"},"canonical":"https:\/\/swoer.com\/pl\/manufacturer\/variable-frequency-digital-controller-for-vibratory-feeder-sdvc31-l-4-5a\/","og_locale":"pl_PL","og_type":"article","og_title":"Variable Frequency Digital Controller for Vibratory Feeder SDVC31-L 4.5A - SWOER","og_description":"High-Precision Vibratory Feeder Controller SDVC31-L 4.5A with Automatic Voltage Regulation, Adjustable Slow Start, Sensor Full\/Empty Shutdown, Remote Speed Control & DC Control Output. Optimize feeding efficiency for quieter & energy-saving operation in various industries.","og_url":"https:\/\/swoer.com\/pl\/manufacturer\/variable-frequency-digital-controller-for-vibratory-feeder-sdvc31-l-4-5a\/","og_site_name":"SWOER","article_modified_time":"2024-08-16T06:23:50+00:00","og_image":[{"width":1000,"height":1000,"url":"https:\/\/swoer.com\/wp-content\/uploads\/2024\/07\/Bowl-Feeder-Controller-SDVC31-M-3.0A-2.webp","type":"image\/webp"}],"twitter_card":"summary_large_image","twitter_misc":{"Szacowany czas czytania":"3 minuty"},"schema":{"@context":"https:\/\/schema.org","@graph":[{"@type":"WebPage","@id":"https:\/\/swoer.com\/manufacturer\/variable-frequency-digital-controller-for-vibratory-feeder-sdvc31-l-4-5a\/","url":"https:\/\/swoer.com\/manufacturer\/variable-frequency-digital-controller-for-vibratory-feeder-sdvc31-l-4-5a\/","name":"Variable Frequency Digital Controller for Vibratory Feeder SDVC31-L 4.5A - SWOER","isPartOf":{"@id":"https:\/\/swoer.com\/#website"},"primaryImageOfPage":{"@id":"https:\/\/swoer.com\/manufacturer\/variable-frequency-digital-controller-for-vibratory-feeder-sdvc31-l-4-5a\/#primaryimage"},"image":{"@id":"https:\/\/swoer.com\/manufacturer\/variable-frequency-digital-controller-for-vibratory-feeder-sdvc31-l-4-5a\/#primaryimage"},"thumbnailUrl":"https:\/\/swoer.com\/wp-content\/uploads\/2024\/07\/Bowl-Feeder-Controller-SDVC31-M-3.0A-2.webp","datePublished":"2024-07-02T07:47:38+00:00","dateModified":"2024-08-16T06:23:50+00:00","description":"High-Precision Vibratory Feeder Controller SDVC31-L 4.5A with Automatic Voltage Regulation, Adjustable Slow Start, Sensor Full\/Empty Shutdown, Remote Speed Control & DC Control Output. Optimize feeding efficiency for quieter & energy-saving operation in various industries.","breadcrumb":{"@id":"https:\/\/swoer.com\/manufacturer\/variable-frequency-digital-controller-for-vibratory-feeder-sdvc31-l-4-5a\/#breadcrumb"},"inLanguage":"pl-PL","potentialAction":[{"@type":"ReadAction","target":["https:\/\/swoer.com\/manufacturer\/variable-frequency-digital-controller-for-vibratory-feeder-sdvc31-l-4-5a\/"]}]},{"@type":"ImageObject","inLanguage":"pl-PL","@id":"https:\/\/swoer.com\/manufacturer\/variable-frequency-digital-controller-for-vibratory-feeder-sdvc31-l-4-5a\/#primaryimage","url":"https:\/\/swoer.com\/wp-content\/uploads\/2024\/07\/Bowl-Feeder-Controller-SDVC31-M-3.0A-2.webp","contentUrl":"https:\/\/swoer.com\/wp-content\/uploads\/2024\/07\/Bowl-Feeder-Controller-SDVC31-M-3.0A-2.webp","width":1000,"height":1000,"caption":"Bowl Feeder Controller SDVC31-M 3.0A"},{"@type":"BreadcrumbList","@id":"https:\/\/swoer.com\/manufacturer\/variable-frequency-digital-controller-for-vibratory-feeder-sdvc31-l-4-5a\/#breadcrumb","itemListElement":[{"@type":"ListItem","position":1,"name":"Home","item":"https:\/\/swoer.com\/"},{"@type":"ListItem","position":2,"name":"Shop","item":"https:\/\/swoer.com\/shop\/"},{"@type":"ListItem","position":3,"name":"Variable Frequency Digital Controller for Vibratory Feeder SDVC31-L 4.5A"}]},{"@type":"WebSite","@id":"https:\/\/swoer.com\/#website","url":"https:\/\/swoer.com\/","name":"SWOER","description":"Swoer is the top 3 vibratory bowl feeder manufacturer in China","potentialAction":[{"@type":"SearchAction","target":{"@type":"EntryPoint","urlTemplate":"https:\/\/swoer.com\/?s={search_term_string}"},"query-input":"required name=search_term_string"}],"inLanguage":"pl-PL"}]}},"_links":{"self":[{"href":"https:\/\/swoer.com\/pl\/wp-json\/wp\/v2\/product\/2260"}],"collection":[{"href":"https:\/\/swoer.com\/pl\/wp-json\/wp\/v2\/product"}],"about":[{"href":"https:\/\/swoer.com\/pl\/wp-json\/wp\/v2\/types\/product"}],"replies":[{"embeddable":true,"href":"https:\/\/swoer.com\/pl\/wp-json\/wp\/v2\/comments?post=2260"}],"wp:featuredmedia":[{"embeddable":true,"href":"https:\/\/swoer.com\/pl\/wp-json\/wp\/v2\/media\/2517"}],"wp:attachment":[{"href":"https:\/\/swoer.com\/pl\/wp-json\/wp\/v2\/media?parent=2260"}],"wp:term":[{"taxonomy":"product_cat","embeddable":true,"href":"https:\/\/swoer.com\/pl\/wp-json\/wp\/v2\/product_cat?post=2260"},{"taxonomy":"product_tag","embeddable":true,"href":"https:\/\/swoer.com\/pl\/wp-json\/wp\/v2\/product_tag?post=2260"}],"curies":[{"name":"wp","href":"https:\/\/api.w.org\/{rel}","templated":true}]}}