{"id":2254,"date":"2024-06-29T01:47:26","date_gmt":"2024-06-29T01:47:26","guid":{"rendered":"https:\/\/swoer.com\/?post_type=product&#038;p=2254"},"modified":"2024-12-13T15:35:22","modified_gmt":"2024-12-13T07:35:22","slug":"flex-feeding-and-conveying-machines-with-spider-robot","status":"publish","type":"product","link":"https:\/\/swoer.com\/pl\/manufacturer\/flex-feeding-and-conveying-machines-with-spider-robot\/","title":{"rendered":"Automatyczne maszyny do elastycznego podawania i transportu cz\u0119\u015bci z robotem paj\u0105kiem"},"content":{"rendered":"<h2>cechy produktu<\/h2>\n<div class=\"avatar-gutter ng-tns-c2351017130-57 ng-star-inserted\">\n<div class=\"resize-observable\"><\/div>\n<\/div>\n<div class=\"response-container-content ng-tns-c2351017130-57\">\n<div class=\"response-content ng-tns-c2351017130-57\">\n<div class=\"markdown markdown-main-panel\" dir=\"ltr\">\n<p class=\"first-token\" data-sourcepos=\"1:1-1:8\">Oto automatyczne maszyny do podawania i przenoszenia cz\u0119\u015bci z funkcjami robota paj\u0105ka:<\/p>\n<ul data-sourcepos=\"3:1-3:106\">\n<li data-sourcepos=\"3:1-3:106\"><strong>Bezwysi\u0142kowa precyzja i szybko\u015b\u0107:<\/strong> Nasz wysokowydajny robot paj\u0105k zapewnia niezr\u00f3wnan\u0105 dok\u0142adno\u015b\u0107 i szybko\u015b\u0107, zwi\u0119kszaj\u0105c wydajno\u015b\u0107 linii produkcyjnej.<\/li>\n<li data-sourcepos=\"4:1-4:31\"><strong>Prostota typu \u201epod\u0142\u0105cz i u\u017cywaj\u201d:<\/strong> Zapomnij o skomplikowanym programowaniu \u2013 nasz przyjazny dla u\u017cytkownika system b\u0142yskawicznie przygotuje Ci\u0119 do pracy.<\/li>\n<li data-sourcepos=\"5:1-5:156\"><strong>Sterownik formu\u0142y jednym klikni\u0119ciem:<\/strong> Bezproblemowo skonfiguruj swojego robota za pomoc\u0105 naszego intuicyjnego sterownika formu\u0142y, instalowanego jednym klikni\u0119ciem.<\/li>\n<li data-sourcepos=\"6:1-7:0\"><strong>Niezr\u00f3wnana wszechstronno\u015b\u0107:<\/strong> Nasza elastyczna konstrukcja zapewnia r\u00f3\u017cnorodne zastosowania w wielu ga\u0142\u0119ziach przemys\u0142u.<\/li>\n<\/ul>\n<\/div>\n<\/div>\n<\/div>\n\t<section class=\"section\" id=\"section_1771003330\">\n\t\t<div class=\"bg section-bg fill bg-fill  bg-loaded\" >\n\n\t\t\t\n\t\t\t\n\t\t\t\n\n\t\t<\/div>\n\n\t\t\n\n\t\t<div class=\"section-content relative\">\n\t\t\t\n<h3>Wytyczne dotycz\u0105ce wygl\u0105du:<\/h3>\n\t<div class=\"img has-hover x md-x lg-x y md-y lg-y\" id=\"image_286466288\">\n\t\t\t\t\t\t\t\t<div class=\"img-inner dark\" >\n\t\t\t<img loading=\"lazy\" decoding=\"async\" width=\"794\" height=\"682\" src=\"https:\/\/swoer.com\/wp-content\/uploads\/2024\/06\/Appearance-Guidelines.webp\" class=\"attachment-original size-original\" alt=\"Wytyczne dotycz\u0105ce wygl\u0105du\" srcset=\"https:\/\/swoer.com\/wp-content\/uploads\/2024\/06\/Appearance-Guidelines.webp 794w, https:\/\/swoer.com\/wp-content\/uploads\/2024\/06\/Appearance-Guidelines-300x258.webp 300w, https:\/\/swoer.com\/wp-content\/uploads\/2024\/06\/Appearance-Guidelines-768x660.webp 768w, https:\/\/swoer.com\/wp-content\/uploads\/2024\/06\/Appearance-Guidelines-14x12.webp 14w, https:\/\/swoer.com\/wp-content\/uploads\/2024\/06\/Appearance-Guidelines-600x515.webp 600w\" sizes=\"(max-width: 794px) 100vw, 794px\" \/>\t\t\t\t\t\t\n\t\t\t\t\t<\/div>\n\t\t\t\t\t\t\t\t\n<style>\n#image_286466288 {\n  width: 100%;\n}\n<\/style>\n\t<\/div>\n\t\n<h3>Parametry robocze<\/h3>\n<table style=\"border-collapse: collapse; width: 525.02pt;\" border=\"0\" width=\"700\" cellspacing=\"0\" cellpadding=\"0\">\n<tbody>\n<tr style=\"height: 21.00pt;\">\n<td class=\"et3\" style=\"height: 21.00pt; width: 220.50pt;\" width=\"294\" height=\"28\">Nazwa<\/td>\n<td class=\"et3\" style=\"width: 304.50pt;\" width=\"406\">Zakres<\/td>\n<\/tr>\n<tr style=\"height: 21.00pt;\">\n<td class=\"et3\" style=\"height: 21.00pt;\" height=\"28\">Model<\/td>\n<td class=\"et3\">SW-AC03<\/td>\n<\/tr>\n<tr style=\"height: 21.00pt;\">\n<td class=\"et3\" style=\"height: 21.00pt;\" height=\"28\">Napi\u0119cie<\/td>\n<td class=\"et3\">AC220W<\/td>\n<\/tr>\n<tr style=\"height: 21.00pt;\">\n<td class=\"et3\" style=\"height: 21.00pt;\" height=\"28\">Moc<\/td>\n<td class=\"et3\">500 W<\/td>\n<\/tr>\n<tr style=\"height: 21.00pt;\">\n<td class=\"et3\" style=\"height: 21.00pt;\" height=\"28\">Wymiary<\/td>\n<td class=\"et3\">224*380*650mm<\/td>\n<\/tr>\n<tr style=\"height: 21.00pt;\">\n<td class=\"et3\" style=\"height: 21.00pt;\" height=\"28\">Waga<\/td>\n<td class=\"et3\">30kg<\/td>\n<\/tr>\n<tr style=\"height: 21.00pt;\">\n<td class=\"et3\" style=\"height: 21.00pt;\" height=\"28\">Zakres waha\u0144<\/td>\n<td class=\"et3\">250*300mm<\/td>\n<\/tr>\n<tr style=\"height: 21.00pt;\">\n<td class=\"et3\" style=\"height: 21.00pt;\" height=\"28\">Zakres pracy<\/td>\n<td class=\"et3\">200*240mm<\/td>\n<\/tr>\n<tr style=\"height: 21.00pt;\">\n<td class=\"et3\" style=\"height: 21.00pt;\" height=\"28\">Maksymalna pr\u0119dko\u015b\u0107<\/td>\n<td class=\"et3\">0,4 s\/szt<\/td>\n<\/tr>\n<tr style=\"height: 21.00pt;\">\n<td class=\"et3\" style=\"height: 21.00pt;\" height=\"28\">Powtarzalno\u015b\u0107<\/td>\n<td class=\"et3\">\u00b1 0,1 mm<\/td>\n<\/tr>\n<tr style=\"height: 21.00pt;\">\n<td class=\"et3\" style=\"height: 21.00pt;\" height=\"28\">Rozmiar podajnika elastycznego<\/td>\n<td class=\"et3\">100*150mm<\/td>\n<\/tr>\n<tr style=\"height: 21.00pt;\">\n<td class=\"et3\" style=\"height: 21.00pt;\" height=\"28\">Tryb transmisji<\/td>\n<td class=\"et3\">Si\u0142ownik<\/td>\n<\/tr>\n<tr style=\"height: 21.00pt;\">\n<td class=\"et3\" style=\"height: 21.00pt;\" height=\"28\">\u0179r\u00f3d\u0142o \u015bwiat\u0142a<\/td>\n<td class=\"et3\">Kwadratowe bia\u0142e \u015bwiat\u0142o<\/td>\n<\/tr>\n<tr style=\"height: 21.00pt;\">\n<td class=\"et3\" style=\"height: 21.00pt;\" height=\"28\">Tryb wibracji<\/td>\n<td class=\"et3\">Kwadratowe bia\u0142e \u015bwiat\u0142o<\/td>\n<\/tr>\n<tr style=\"height: 21.00pt;\">\n<td class=\"et3\" style=\"height: 21.00pt;\" height=\"28\">Rezolucja<\/td>\n<td class=\"et3\">Silnik wibracyjny<\/td>\n<\/tr>\n<tr style=\"height: 21.00pt;\">\n<td class=\"et3\" style=\"height: 21.00pt;\" height=\"28\">\u0179r\u00f3d\u0142o powietrza wej\u015bciowego<\/td>\n<td class=\"et3\">0,4 ~ 0,6 MPa<\/td>\n<\/tr>\n<tr style=\"height: 21.00pt;\">\n<td class=\"et3\" style=\"height: 21.00pt;\" height=\"28\">Wyj\u015bciowe ci\u015bnienie powietrza<\/td>\n<td class=\"et3\">-4 KG<\/td>\n<\/tr>\n<\/tbody>\n<\/table>\n\t\t<\/div>\n\n\t\t\n<style>\n#section_1771003330 {\n  padding-top: 30px;\n  padding-bottom: 30px;\n}\n#section_1771003330 .ux-shape-divider--top svg {\n  height: 150px;\n  --divider-top-width: 100%;\n}\n#section_1771003330 .ux-shape-divider--bottom svg {\n  height: 150px;\n  --divider-width: 100%;\n}\n<\/style>\n\t<\/section>\n\t\n<h2>SW-AC03 Wygl\u0105d Wymiary<\/h2>\n\t<div class=\"img has-hover x md-x lg-x y md-y lg-y\" id=\"image_412410486\">\n\t\t\t\t\t\t\t\t<div class=\"img-inner dark\" >\n\t\t\t<img loading=\"lazy\" decoding=\"async\" width=\"1036\" height=\"582\" src=\"https:\/\/swoer.com\/wp-content\/uploads\/2024\/06\/SW-AC03-Appearance-Dimensions.webp\" class=\"attachment-original size-original\" alt=\"\" srcset=\"https:\/\/swoer.com\/wp-content\/uploads\/2024\/06\/SW-AC03-Appearance-Dimensions.webp 1036w, https:\/\/swoer.com\/wp-content\/uploads\/2024\/06\/SW-AC03-Appearance-Dimensions-300x169.webp 300w, https:\/\/swoer.com\/wp-content\/uploads\/2024\/06\/SW-AC03-Appearance-Dimensions-1024x575.webp 1024w, https:\/\/swoer.com\/wp-content\/uploads\/2024\/06\/SW-AC03-Appearance-Dimensions-768x431.webp 768w, https:\/\/swoer.com\/wp-content\/uploads\/2024\/06\/SW-AC03-Appearance-Dimensions-18x10.webp 18w, https:\/\/swoer.com\/wp-content\/uploads\/2024\/06\/SW-AC03-Appearance-Dimensions-600x337.webp 600w\" sizes=\"(max-width: 1036px) 100vw, 1036px\" \/>\t\t\t\t\t\t\n\t\t\t\t\t<\/div>\n\t\t\t\t\t\t\t\t\n<style>\n#image_412410486 {\n  width: 100%;\n}\n<\/style>\n\t<\/div>\n\t\n\t<div id=\"gap-2072890246\" class=\"gap-element clearfix\" style=\"display:block; height:auto;\">\n\t\t\n<style>\n#gap-2072890246 {\n  padding-top: 30px;\n}\n<\/style>\n\t<\/div>\n\t\n<h2>Wideo<\/h2>\n<div class=\"video video-fit mb\" style=\"padding-top:56.25%;\"><p><iframe loading=\"lazy\" title=\"System Flex Feeder i przemys\u0142owy robot paj\u0105k oraz system kamer CCD #automobile #machine #robot\" width=\"1020\" height=\"574\" src=\"https:\/\/www.youtube.com\/embed\/SF6wfrXKYvk?feature=oembed\" frameborder=\"0\" allow=\"accelerometer; autoplay; clipboard-write; encrypted-media; gyroscope; picture-in-picture; web-share\" referrerpolicy=\"strict-origin-when-cross-origin\" allowfullscreen><\/iframe><\/p>\n<\/div>","protected":false},"excerpt":{"rendered":"<p>Usprawnij sw\u00f3j proces produkcyjny dzi\u0119ki naszym najnowocze\u015bniejszym automatycznym systemom podawania i przenoszenia cz\u0119\u015bci elastycznych wyposa\u017conym w precyzyjnego i szybkiego robota paj\u0105ka. Nasze intuicyjne oprogramowanie i wszechstronny sterownik formu\u0142y zapewniaj\u0105 \u0142atw\u0105 konfiguracj\u0119 i obs\u0142ug\u0119, a nasza elastyczna konstrukcja zapewnia szeroki zakres zastosowa\u0144.<\/p>","protected":false},"featured_media":2255,"comment_status":"open","ping_status":"closed","template":"","meta":[],"product_cat":[131],"product_tag":[],"yoast_head":"<!-- This site is optimized with the Yoast SEO plugin v22.2 - https:\/\/yoast.com\/wordpress\/plugins\/seo\/ -->\n<title>Flex Feeding and Conveying Machines with Spider Robot<\/title>\n<meta name=\"description\" content=\"Experience effortless automation with our spider robot feeding system. Our intuitive, one-click formula driver and plug-and-play setup make it easy to use. Ideal for various industries.\" \/>\n<meta name=\"robots\" content=\"index, follow, max-snippet:-1, max-image-preview:large, max-video-preview:-1\" \/>\n<link rel=\"canonical\" href=\"https:\/\/swoer.com\/pl\/manufacturer\/flex-feeding-and-conveying-machines-with-spider-robot\/\" \/>\n<meta property=\"og:locale\" content=\"pl_PL\" \/>\n<meta property=\"og:type\" content=\"article\" \/>\n<meta property=\"og:title\" content=\"Flex Feeding and Conveying Machines with Spider Robot\" \/>\n<meta property=\"og:description\" content=\"Experience effortless automation with our spider robot feeding system. Our intuitive, one-click formula driver and plug-and-play setup make it easy to use. Ideal for various industries.\" \/>\n<meta property=\"og:url\" content=\"https:\/\/swoer.com\/pl\/manufacturer\/flex-feeding-and-conveying-machines-with-spider-robot\/\" \/>\n<meta property=\"og:site_name\" content=\"SWOER\" \/>\n<meta property=\"article:modified_time\" content=\"2024-12-13T07:35:22+00:00\" \/>\n<meta property=\"og:image\" content=\"https:\/\/swoer.com\/wp-content\/uploads\/2024\/06\/Automatic-Parts-Flex-Feeding-and-Conveying-Machines-with-Spider-Robot.webp\" \/>\n\t<meta property=\"og:image:width\" content=\"800\" \/>\n\t<meta property=\"og:image:height\" content=\"800\" \/>\n\t<meta property=\"og:image:type\" content=\"image\/webp\" \/>\n<meta name=\"twitter:card\" content=\"summary_large_image\" \/>\n<meta name=\"twitter:label1\" content=\"Szacowany czas czytania\" \/>\n\t<meta name=\"twitter:data1\" content=\"1 minuta\" \/>\n<script type=\"application\/ld+json\" class=\"yoast-schema-graph\">{\"@context\":\"https:\/\/schema.org\",\"@graph\":[{\"@type\":\"WebPage\",\"@id\":\"https:\/\/swoer.com\/manufacturer\/flex-feeding-and-conveying-machines-with-spider-robot\/\",\"url\":\"https:\/\/swoer.com\/manufacturer\/flex-feeding-and-conveying-machines-with-spider-robot\/\",\"name\":\"Flex Feeding and Conveying Machines with Spider Robot\",\"isPartOf\":{\"@id\":\"https:\/\/swoer.com\/#website\"},\"primaryImageOfPage\":{\"@id\":\"https:\/\/swoer.com\/manufacturer\/flex-feeding-and-conveying-machines-with-spider-robot\/#primaryimage\"},\"image\":{\"@id\":\"https:\/\/swoer.com\/manufacturer\/flex-feeding-and-conveying-machines-with-spider-robot\/#primaryimage\"},\"thumbnailUrl\":\"https:\/\/swoer.com\/wp-content\/uploads\/2024\/06\/Automatic-Parts-Flex-Feeding-and-Conveying-Machines-with-Spider-Robot.webp\",\"datePublished\":\"2024-06-29T01:47:26+00:00\",\"dateModified\":\"2024-12-13T07:35:22+00:00\",\"description\":\"Experience effortless automation with our spider robot feeding system. Our intuitive, one-click formula driver and plug-and-play setup make it easy to use. Ideal for various industries.\",\"breadcrumb\":{\"@id\":\"https:\/\/swoer.com\/manufacturer\/flex-feeding-and-conveying-machines-with-spider-robot\/#breadcrumb\"},\"inLanguage\":\"pl-PL\",\"potentialAction\":[{\"@type\":\"ReadAction\",\"target\":[\"https:\/\/swoer.com\/manufacturer\/flex-feeding-and-conveying-machines-with-spider-robot\/\"]}]},{\"@type\":\"ImageObject\",\"inLanguage\":\"pl-PL\",\"@id\":\"https:\/\/swoer.com\/manufacturer\/flex-feeding-and-conveying-machines-with-spider-robot\/#primaryimage\",\"url\":\"https:\/\/swoer.com\/wp-content\/uploads\/2024\/06\/Automatic-Parts-Flex-Feeding-and-Conveying-Machines-with-Spider-Robot.webp\",\"contentUrl\":\"https:\/\/swoer.com\/wp-content\/uploads\/2024\/06\/Automatic-Parts-Flex-Feeding-and-Conveying-Machines-with-Spider-Robot.webp\",\"width\":800,\"height\":800,\"caption\":\"Automatic Parts Flex Feeding and Conveying Machines with Spider Robot\"},{\"@type\":\"BreadcrumbList\",\"@id\":\"https:\/\/swoer.com\/manufacturer\/flex-feeding-and-conveying-machines-with-spider-robot\/#breadcrumb\",\"itemListElement\":[{\"@type\":\"ListItem\",\"position\":1,\"name\":\"Home\",\"item\":\"https:\/\/swoer.com\/\"},{\"@type\":\"ListItem\",\"position\":2,\"name\":\"Shop\",\"item\":\"https:\/\/swoer.com\/shop\/\"},{\"@type\":\"ListItem\",\"position\":3,\"name\":\"Automatic Parts Flex Feeding and Conveying Machines with Spider Robot\"}]},{\"@type\":\"WebSite\",\"@id\":\"https:\/\/swoer.com\/#website\",\"url\":\"https:\/\/swoer.com\/\",\"name\":\"SWOER\",\"description\":\"Swoer is the top 3 vibratory bowl feeder manufacturer in China\",\"potentialAction\":[{\"@type\":\"SearchAction\",\"target\":{\"@type\":\"EntryPoint\",\"urlTemplate\":\"https:\/\/swoer.com\/?s={search_term_string}\"},\"query-input\":\"required name=search_term_string\"}],\"inLanguage\":\"pl-PL\"}]}<\/script>\n<!-- \/ Yoast SEO plugin. -->","yoast_head_json":{"title":"Flex Feeding and Conveying Machines with Spider Robot","description":"Experience effortless automation with our spider robot feeding system. Our intuitive, one-click formula driver and plug-and-play setup make it easy to use. Ideal for various industries.","robots":{"index":"index","follow":"follow","max-snippet":"max-snippet:-1","max-image-preview":"max-image-preview:large","max-video-preview":"max-video-preview:-1"},"canonical":"https:\/\/swoer.com\/pl\/manufacturer\/flex-feeding-and-conveying-machines-with-spider-robot\/","og_locale":"pl_PL","og_type":"article","og_title":"Flex Feeding and Conveying Machines with Spider Robot","og_description":"Experience effortless automation with our spider robot feeding system. Our intuitive, one-click formula driver and plug-and-play setup make it easy to use. Ideal for various industries.","og_url":"https:\/\/swoer.com\/pl\/manufacturer\/flex-feeding-and-conveying-machines-with-spider-robot\/","og_site_name":"SWOER","article_modified_time":"2024-12-13T07:35:22+00:00","og_image":[{"width":800,"height":800,"url":"https:\/\/swoer.com\/wp-content\/uploads\/2024\/06\/Automatic-Parts-Flex-Feeding-and-Conveying-Machines-with-Spider-Robot.webp","type":"image\/webp"}],"twitter_card":"summary_large_image","twitter_misc":{"Szacowany czas czytania":"1 minuta"},"schema":{"@context":"https:\/\/schema.org","@graph":[{"@type":"WebPage","@id":"https:\/\/swoer.com\/manufacturer\/flex-feeding-and-conveying-machines-with-spider-robot\/","url":"https:\/\/swoer.com\/manufacturer\/flex-feeding-and-conveying-machines-with-spider-robot\/","name":"Flex Feeding and Conveying Machines with Spider Robot","isPartOf":{"@id":"https:\/\/swoer.com\/#website"},"primaryImageOfPage":{"@id":"https:\/\/swoer.com\/manufacturer\/flex-feeding-and-conveying-machines-with-spider-robot\/#primaryimage"},"image":{"@id":"https:\/\/swoer.com\/manufacturer\/flex-feeding-and-conveying-machines-with-spider-robot\/#primaryimage"},"thumbnailUrl":"https:\/\/swoer.com\/wp-content\/uploads\/2024\/06\/Automatic-Parts-Flex-Feeding-and-Conveying-Machines-with-Spider-Robot.webp","datePublished":"2024-06-29T01:47:26+00:00","dateModified":"2024-12-13T07:35:22+00:00","description":"Experience effortless automation with our spider robot feeding system. Our intuitive, one-click formula driver and plug-and-play setup make it easy to use. Ideal for various industries.","breadcrumb":{"@id":"https:\/\/swoer.com\/manufacturer\/flex-feeding-and-conveying-machines-with-spider-robot\/#breadcrumb"},"inLanguage":"pl-PL","potentialAction":[{"@type":"ReadAction","target":["https:\/\/swoer.com\/manufacturer\/flex-feeding-and-conveying-machines-with-spider-robot\/"]}]},{"@type":"ImageObject","inLanguage":"pl-PL","@id":"https:\/\/swoer.com\/manufacturer\/flex-feeding-and-conveying-machines-with-spider-robot\/#primaryimage","url":"https:\/\/swoer.com\/wp-content\/uploads\/2024\/06\/Automatic-Parts-Flex-Feeding-and-Conveying-Machines-with-Spider-Robot.webp","contentUrl":"https:\/\/swoer.com\/wp-content\/uploads\/2024\/06\/Automatic-Parts-Flex-Feeding-and-Conveying-Machines-with-Spider-Robot.webp","width":800,"height":800,"caption":"Automatic Parts Flex Feeding and Conveying Machines with Spider Robot"},{"@type":"BreadcrumbList","@id":"https:\/\/swoer.com\/manufacturer\/flex-feeding-and-conveying-machines-with-spider-robot\/#breadcrumb","itemListElement":[{"@type":"ListItem","position":1,"name":"Home","item":"https:\/\/swoer.com\/"},{"@type":"ListItem","position":2,"name":"Shop","item":"https:\/\/swoer.com\/shop\/"},{"@type":"ListItem","position":3,"name":"Automatic Parts Flex Feeding and Conveying Machines with Spider Robot"}]},{"@type":"WebSite","@id":"https:\/\/swoer.com\/#website","url":"https:\/\/swoer.com\/","name":"SWOER","description":"Swoer is the top 3 vibratory bowl feeder manufacturer in China","potentialAction":[{"@type":"SearchAction","target":{"@type":"EntryPoint","urlTemplate":"https:\/\/swoer.com\/?s={search_term_string}"},"query-input":"required name=search_term_string"}],"inLanguage":"pl-PL"}]}},"_links":{"self":[{"href":"https:\/\/swoer.com\/pl\/wp-json\/wp\/v2\/product\/2254"}],"collection":[{"href":"https:\/\/swoer.com\/pl\/wp-json\/wp\/v2\/product"}],"about":[{"href":"https:\/\/swoer.com\/pl\/wp-json\/wp\/v2\/types\/product"}],"replies":[{"embeddable":true,"href":"https:\/\/swoer.com\/pl\/wp-json\/wp\/v2\/comments?post=2254"}],"wp:featuredmedia":[{"embeddable":true,"href":"https:\/\/swoer.com\/pl\/wp-json\/wp\/v2\/media\/2255"}],"wp:attachment":[{"href":"https:\/\/swoer.com\/pl\/wp-json\/wp\/v2\/media?parent=2254"}],"wp:term":[{"taxonomy":"product_cat","embeddable":true,"href":"https:\/\/swoer.com\/pl\/wp-json\/wp\/v2\/product_cat?post=2254"},{"taxonomy":"product_tag","embeddable":true,"href":"https:\/\/swoer.com\/pl\/wp-json\/wp\/v2\/product_tag?post=2254"}],"curies":[{"name":"wp","href":"https:\/\/api.w.org\/{rel}","templated":true}]}}