{"id":2230,"date":"2024-06-17T06:51:18","date_gmt":"2024-06-17T06:51:18","guid":{"rendered":"https:\/\/swoer.com\/?post_type=product&#038;p=2230"},"modified":"2024-06-17T07:19:41","modified_gmt":"2024-06-17T07:19:41","slug":"ccd-vision-system","status":"publish","type":"product","link":"https:\/\/swoer.com\/pl\/manufacturer\/ccd-vision-system\/","title":{"rendered":"System wizyjny CCD"},"content":{"rendered":"<h2><strong><b>Produkt <\/b><\/strong><strong><b>I<\/b><\/strong><strong><b>informacja<\/b><\/strong><\/h2>\n<table>\n<tbody>\n<tr>\n<td width=\"224\"><strong><b>\u00a0Nazwa produktu<\/b><\/strong><\/td>\n<td width=\"377\">System wizyjny CCD<\/td>\n<\/tr>\n<tr>\n<td width=\"224\"><strong><b>\u00a0M<\/b><\/strong><strong><b>odel<\/b><\/strong><\/td>\n<td width=\"377\">SW-80305<\/td>\n<\/tr>\n<tr>\n<td width=\"224\"><strong><b>\u00a0<\/b><\/strong><strong><b>Marka<\/b><\/strong><\/td>\n<td width=\"377\">PRZE\u015aMIECH<\/td>\n<\/tr>\n<tr>\n<td width=\"224\"><strong><b>\u00a0Napi\u0119cie<\/b><\/strong><\/td>\n<td width=\"377\">\u00a0220 V<\/td>\n<\/tr>\n<tr>\n<td width=\"224\"><strong><b>\u00a0Moc<\/b><\/strong><\/td>\n<td width=\"377\">\u00a065 W \/ 150 W \/ 180 W \/ 220 W \/ 350 W<\/td>\n<\/tr>\n<tr>\n<td width=\"224\"><strong><b>\u00a0Uwierzytelnianie<\/b><\/strong><\/td>\n<td width=\"377\">\u00a0CE, ROHS, ISO9001<\/td>\n<\/tr>\n<tr>\n<td width=\"224\"><strong><b>\u00a0Gwarancja<\/b><\/strong><\/td>\n<td width=\"377\">\u00a01 rok gwarancji<\/td>\n<\/tr>\n<tr>\n<td width=\"224\"><strong><b>\u00a0MOQ<\/b><\/strong><\/td>\n<td width=\"377\">\u00a01 zestaw<\/td>\n<\/tr>\n<tr>\n<td width=\"224\"><strong><b>\u00a0Czas realizacji<\/b><\/strong><\/td>\n<td width=\"377\">\u00a010-14 dni<\/td>\n<\/tr>\n<tr>\n<td width=\"224\"><strong><b>\u00a0Termin p\u0142atno\u015bci<\/b><\/strong><\/td>\n<td width=\"377\">\u00a0T\/T 40% Depozyt i saldo przed wysy\u0142k\u0105<\/td>\n<\/tr>\n<tr>\n<td width=\"224\"><strong><b>\u00a0Orygina\u0142 miejsca<\/b><\/strong><\/td>\n<td width=\"377\">\u00a0Chiny<\/td>\n<\/tr>\n<\/tbody>\n<\/table>\n\t<div id=\"gap-903717783\" class=\"gap-element clearfix\" style=\"display:block; height:auto;\">\n\t\t\n<style>\n#gap-903717783 {\n  padding-top: 30px;\n}\n<\/style>\n\t<\/div>\n\t\n<h2><strong><b>Listy produkt\u00f3w<\/b><\/strong><\/h2>\n<table>\n<tbody>\n<tr>\n<td width=\"276\"><strong><b>Komputer przemys\u0142owy<\/b><\/strong><\/td>\n<td width=\"276\">1 zestaw<\/td>\n<\/tr>\n<tr>\n<td width=\"276\"><strong><b>8-calowy wy\u015bwietlacz<\/b><\/strong><\/td>\n<td width=\"276\">1 zestaw<\/td>\n<\/tr>\n<tr>\n<td width=\"276\"><strong><b>C<\/b><\/strong><strong><b>aparat<\/b><\/strong><\/td>\n<td width=\"276\">1 zestaw<\/td>\n<\/tr>\n<tr>\n<td width=\"276\"><strong><b>Obiektyw<\/b><\/strong><\/td>\n<td width=\"276\">1 zestaw<\/td>\n<\/tr>\n<tr>\n<td width=\"276\"><strong><b>L<\/b><\/strong><strong><b>dobre \u017ar\u00f3d\u0142o<\/b><\/strong><\/td>\n<td width=\"276\">1 zestaw<\/td>\n<\/tr>\n<tr>\n<td width=\"276\"><strong><b>Wspornik mocuj\u0105cy \u017ar\u00f3d\u0142o \u015bwiat\u0142a kamery<\/b><\/strong><\/td>\n<td width=\"276\">1 zestaw<\/td>\n<\/tr>\n<\/tbody>\n<\/table>\n\t<div id=\"gap-1991439565\" class=\"gap-element clearfix\" style=\"display:block; height:auto;\">\n\t\t\n<style>\n#gap-1991439565 {\n  padding-top: 30px;\n}\n<\/style>\n\t<\/div>\n\t\n<h3 data-sourcepos=\"11:1-11:17\"><strong>Kluczowe cechy:<\/strong><\/h3>\n<ul data-sourcepos=\"13:1-21:53\">\n<li data-sourcepos=\"13:1-14:0\">\n<p data-sourcepos=\"13:3-13:143\"><strong>Wewn\u0119trzny mechanizm spustowy:<\/strong> Wykorzystuje wewn\u0119trzny wyzwalacz do precyzyjnego i zsynchronizowanego przechwytywania obrazu, zapewniaj\u0105c optymalny czas kontroli.<\/p>\n<\/li>\n<li data-sourcepos=\"15:1-16:0\">\n<p data-sourcepos=\"15:3-15:165\"><strong>Identyfikacja wielo\u015bcie\u017ckowa:<\/strong> Jednocze\u015bnie identyfikuje i \u015bledzi do 4 obiekt\u00f3w, maksymalizuj\u0105c przepustowo\u015b\u0107 kontroli i obs\u0142uguj\u0105c z\u0142o\u017cone konfiguracje produkt\u00f3w.<\/p>\n<\/li>\n<li data-sourcepos=\"17:1-18:0\">\n<p data-sourcepos=\"17:3-17:149\"><strong>Niesamowicie szybka pr\u0119dko\u015b\u0107 rozpoznawania:<\/strong> Przetwarza imponuj\u0105ce 900-1200 sztuk na minut\u0119, dotrzymuj\u0105c kroku nawet najbardziej wymagaj\u0105cym liniom produkcyjnym.<\/p>\n<\/li>\n<li data-sourcepos=\"19:1-20:0\">\n<p data-sourcepos=\"19:3-19:152\"><strong>Wyj\u0105tkowa dok\u0142adno\u015b\u0107 rozpoznawania:<\/strong> Osi\u0105ga niezwyk\u0142y wsp\u00f3\u0142czynnik rozpoznawania 99,99%, minimalizuj\u0105c fa\u0142szywe alarmy i gwarantuj\u0105c integralno\u015b\u0107 produktu.<\/p>\n<\/li>\n<li data-sourcepos=\"21:1-21:53\">\n<p data-sourcepos=\"21:3-21:53\"><strong>Znikomy odwrotny stosunek materia\u0142u:<\/strong> Utrzymuje wyj\u0105tkowo niski wsp\u00f3\u0142czynnik materia\u0142u odwrotnego poni\u017cej 0,0001%, redukuj\u0105c odpady i optymalizuj\u0105c wykorzystanie zasob\u00f3w.<\/p>\n<\/li>\n<li data-sourcepos=\"23:1-24:0\">\n<p data-sourcepos=\"23:3-23:146\"><strong>Funkcja pomocy zdalnej:<\/strong> Zapewnia zdalne wsparcie w czasie rzeczywistym w zakresie rozwi\u0105zywania problem\u00f3w i konserwacji, zapewniaj\u0105c szybkie rozwi\u0105zywanie wszelkich problem\u00f3w.<\/p>\n<\/li>\n<li data-sourcepos=\"25:1-26:0\">\n<p data-sourcepos=\"25:3-25:165\"><strong>Zmiana produktu jednym klikni\u0119ciem:<\/strong> Bez wysi\u0142ku prze\u0142\u0105czaj si\u0119 mi\u0119dzy r\u00f3\u017cnymi zadaniami kontroli produkt\u00f3w za pomoc\u0105 jednego klikni\u0119cia, minimalizuj\u0105c przestoje i maksymalizuj\u0105c wydajno\u015b\u0107.<\/p>\n<\/li>\n<li data-sourcepos=\"27:1-28:0\">\n<p data-sourcepos=\"27:3-27:135\"><strong>Instalacja typu Plug-and-Play:<\/strong> Eliminuje potrzeb\u0119 skomplikowanego debugowania, zapewniaj\u0105c bezproblemowy proces konfiguracji i minimalizuj\u0105c przestoje.<\/p>\n<\/li>\n<\/ul>\n<p data-sourcepos=\"29:1-29:107\"><strong>Nasz system wizyjny CCD bezproblemowo integruje si\u0119 z istniej\u0105cymi liniami produkcyjnymi, umo\u017cliwiaj\u0105c osi\u0105gni\u0119cie:<\/strong><\/p>\n<ul data-sourcepos=\"31:1-36:0\">\n<li data-sourcepos=\"31:1-32:0\">\n<p data-sourcepos=\"31:3-31:150\"><strong>Zwi\u0119kszona jako\u015b\u0107 produktu:<\/strong> Wykrywaj i eliminuj defekty z wyj\u0105tkow\u0105 dok\u0142adno\u015bci\u0105, zapewniaj\u0105c sta\u0142\u0105 jako\u015b\u0107 produktu i satysfakcj\u0119 klienta.<\/p>\n<\/li>\n<li data-sourcepos=\"33:1-34:0\">\n<p data-sourcepos=\"33:3-33:158\"><strong>Zwi\u0119kszona wydajno\u015b\u0107 produkcji:<\/strong> Usprawnij procesy kontroli i zminimalizuj przestoje, zwi\u0119kszaj\u0105c og\u00f3ln\u0105 wydajno\u015b\u0107 produkcji i spe\u0142niaj\u0105c wymagania klient\u00f3w.<\/p>\n<\/li>\n<li data-sourcepos=\"35:1-36:0\">\n<p data-sourcepos=\"35:3-35:115\"><strong>Obni\u017cone koszty operacyjne:<\/strong> Minimalizuj ilo\u015b\u0107 odpad\u00f3w i poprawek, obni\u017caj koszty produkcji i maksymalizuj rentowno\u015b\u0107.<\/p>\n<\/li>\n<\/ul>\n<p data-sourcepos=\"37:1-37:245\">Je\u015bli chcesz podnie\u015b\u0107 swoje mo\u017cliwo\u015bci kontroli produkt\u00f3w i zrewolucjonizowa\u0107 procesy kontroli jako\u015bci, nasz system wizyjny CCD jest rozwi\u0105zaniem, na kt\u00f3re czeka\u0142e\u015b. Skontaktuj si\u0119 z nami ju\u017c dzi\u015b, aby do\u015bwiadczy\u0107 przemieniaj\u0105cej mocy precyzji i wydajno\u015bci.<\/p>","protected":false},"excerpt":{"rendered":"<p>Zrewolucjonizuj swoj\u0105 lini\u0119 produkcyjn\u0105 dzi\u0119ki naszemu najnowocze\u015bniejszemu systemowi wizyjnemu CCD, zaprojektowanemu w celu usprawnienia proces\u00f3w kontroli, zapewnienia jako\u015bci produktu i maksymalizacji wydajno\u015bci. To wyrafinowane rozwi\u0105zanie oferuje kompleksow\u0105 gam\u0119 funkcji, kt\u00f3re umo\u017cliwiaj\u0105 osi\u0105gni\u0119cie doskona\u0142ych wynik\u00f3w.<\/p>","protected":false},"featured_media":2231,"comment_status":"open","ping_status":"closed","template":"","meta":[],"product_cat":[58],"product_tag":[],"yoast_head":"<!-- This site is optimized with the Yoast SEO plugin v22.2 - https:\/\/yoast.com\/wordpress\/plugins\/seo\/ -->\n<title>CCD Vision System - SWOER<\/title>\n<meta name=\"description\" content=\"Elevate your product inspection and quality control with our cutting-edge CCD Vision System, featuring high-speed recognition, exceptional accuracy, and seamless integration for unparalleled efficiency and product integrity.\" \/>\n<meta name=\"robots\" content=\"index, follow, max-snippet:-1, max-image-preview:large, max-video-preview:-1\" \/>\n<link rel=\"canonical\" href=\"https:\/\/swoer.com\/pl\/manufacturer\/ccd-vision-system\/\" \/>\n<meta property=\"og:locale\" content=\"pl_PL\" \/>\n<meta property=\"og:type\" content=\"article\" \/>\n<meta property=\"og:title\" content=\"CCD Vision System - SWOER\" \/>\n<meta property=\"og:description\" content=\"Elevate your product inspection and quality control with our cutting-edge CCD Vision System, featuring high-speed recognition, exceptional accuracy, and seamless integration for unparalleled efficiency and product integrity.\" \/>\n<meta property=\"og:url\" content=\"https:\/\/swoer.com\/pl\/manufacturer\/ccd-vision-system\/\" \/>\n<meta property=\"og:site_name\" content=\"SWOER\" \/>\n<meta property=\"article:modified_time\" content=\"2024-06-17T07:19:41+00:00\" \/>\n<meta property=\"og:image\" content=\"https:\/\/swoer.com\/wp-content\/uploads\/2024\/06\/CCD-Vision-System-.jpg\" \/>\n\t<meta property=\"og:image:width\" content=\"1000\" \/>\n\t<meta property=\"og:image:height\" content=\"1000\" \/>\n\t<meta property=\"og:image:type\" content=\"image\/jpeg\" \/>\n<meta name=\"twitter:card\" content=\"summary_large_image\" \/>\n<meta name=\"twitter:label1\" content=\"Szacowany czas czytania\" \/>\n\t<meta name=\"twitter:data1\" content=\"2 minuty\" \/>\n<script type=\"application\/ld+json\" class=\"yoast-schema-graph\">{\"@context\":\"https:\/\/schema.org\",\"@graph\":[{\"@type\":\"WebPage\",\"@id\":\"https:\/\/swoer.com\/manufacturer\/ccd-vision-system\/\",\"url\":\"https:\/\/swoer.com\/manufacturer\/ccd-vision-system\/\",\"name\":\"CCD Vision System - SWOER\",\"isPartOf\":{\"@id\":\"https:\/\/swoer.com\/#website\"},\"primaryImageOfPage\":{\"@id\":\"https:\/\/swoer.com\/manufacturer\/ccd-vision-system\/#primaryimage\"},\"image\":{\"@id\":\"https:\/\/swoer.com\/manufacturer\/ccd-vision-system\/#primaryimage\"},\"thumbnailUrl\":\"https:\/\/swoer.com\/wp-content\/uploads\/2024\/06\/CCD-Vision-System-.jpg\",\"datePublished\":\"2024-06-17T06:51:18+00:00\",\"dateModified\":\"2024-06-17T07:19:41+00:00\",\"description\":\"Elevate your product inspection and quality control with our cutting-edge CCD Vision System, featuring high-speed recognition, exceptional accuracy, and seamless integration for unparalleled efficiency and product integrity.\",\"breadcrumb\":{\"@id\":\"https:\/\/swoer.com\/manufacturer\/ccd-vision-system\/#breadcrumb\"},\"inLanguage\":\"pl-PL\",\"potentialAction\":[{\"@type\":\"ReadAction\",\"target\":[\"https:\/\/swoer.com\/manufacturer\/ccd-vision-system\/\"]}]},{\"@type\":\"ImageObject\",\"inLanguage\":\"pl-PL\",\"@id\":\"https:\/\/swoer.com\/manufacturer\/ccd-vision-system\/#primaryimage\",\"url\":\"https:\/\/swoer.com\/wp-content\/uploads\/2024\/06\/CCD-Vision-System-.jpg\",\"contentUrl\":\"https:\/\/swoer.com\/wp-content\/uploads\/2024\/06\/CCD-Vision-System-.jpg\",\"width\":1000,\"height\":1000,\"caption\":\"CCD Vision System\"},{\"@type\":\"BreadcrumbList\",\"@id\":\"https:\/\/swoer.com\/manufacturer\/ccd-vision-system\/#breadcrumb\",\"itemListElement\":[{\"@type\":\"ListItem\",\"position\":1,\"name\":\"Home\",\"item\":\"https:\/\/swoer.com\/\"},{\"@type\":\"ListItem\",\"position\":2,\"name\":\"Shop\",\"item\":\"https:\/\/swoer.com\/shop\/\"},{\"@type\":\"ListItem\",\"position\":3,\"name\":\"CCD Vision System\"}]},{\"@type\":\"WebSite\",\"@id\":\"https:\/\/swoer.com\/#website\",\"url\":\"https:\/\/swoer.com\/\",\"name\":\"SWOER\",\"description\":\"Swoer is the top 3 vibratory bowl feeder manufacturer in China\",\"potentialAction\":[{\"@type\":\"SearchAction\",\"target\":{\"@type\":\"EntryPoint\",\"urlTemplate\":\"https:\/\/swoer.com\/?s={search_term_string}\"},\"query-input\":\"required name=search_term_string\"}],\"inLanguage\":\"pl-PL\"}]}<\/script>\n<!-- \/ Yoast SEO plugin. -->","yoast_head_json":{"title":"CCD Vision System - SWOER","description":"Elevate your product inspection and quality control with our cutting-edge CCD Vision System, featuring high-speed recognition, exceptional accuracy, and seamless integration for unparalleled efficiency and product integrity.","robots":{"index":"index","follow":"follow","max-snippet":"max-snippet:-1","max-image-preview":"max-image-preview:large","max-video-preview":"max-video-preview:-1"},"canonical":"https:\/\/swoer.com\/pl\/manufacturer\/ccd-vision-system\/","og_locale":"pl_PL","og_type":"article","og_title":"CCD Vision System - SWOER","og_description":"Elevate your product inspection and quality control with our cutting-edge CCD Vision System, featuring high-speed recognition, exceptional accuracy, and seamless integration for unparalleled efficiency and product integrity.","og_url":"https:\/\/swoer.com\/pl\/manufacturer\/ccd-vision-system\/","og_site_name":"SWOER","article_modified_time":"2024-06-17T07:19:41+00:00","og_image":[{"width":1000,"height":1000,"url":"https:\/\/swoer.com\/wp-content\/uploads\/2024\/06\/CCD-Vision-System-.jpg","type":"image\/jpeg"}],"twitter_card":"summary_large_image","twitter_misc":{"Szacowany czas czytania":"2 minuty"},"schema":{"@context":"https:\/\/schema.org","@graph":[{"@type":"WebPage","@id":"https:\/\/swoer.com\/manufacturer\/ccd-vision-system\/","url":"https:\/\/swoer.com\/manufacturer\/ccd-vision-system\/","name":"CCD Vision System - SWOER","isPartOf":{"@id":"https:\/\/swoer.com\/#website"},"primaryImageOfPage":{"@id":"https:\/\/swoer.com\/manufacturer\/ccd-vision-system\/#primaryimage"},"image":{"@id":"https:\/\/swoer.com\/manufacturer\/ccd-vision-system\/#primaryimage"},"thumbnailUrl":"https:\/\/swoer.com\/wp-content\/uploads\/2024\/06\/CCD-Vision-System-.jpg","datePublished":"2024-06-17T06:51:18+00:00","dateModified":"2024-06-17T07:19:41+00:00","description":"Elevate your product inspection and quality control with our cutting-edge CCD Vision System, featuring high-speed recognition, exceptional accuracy, and seamless integration for unparalleled efficiency and product integrity.","breadcrumb":{"@id":"https:\/\/swoer.com\/manufacturer\/ccd-vision-system\/#breadcrumb"},"inLanguage":"pl-PL","potentialAction":[{"@type":"ReadAction","target":["https:\/\/swoer.com\/manufacturer\/ccd-vision-system\/"]}]},{"@type":"ImageObject","inLanguage":"pl-PL","@id":"https:\/\/swoer.com\/manufacturer\/ccd-vision-system\/#primaryimage","url":"https:\/\/swoer.com\/wp-content\/uploads\/2024\/06\/CCD-Vision-System-.jpg","contentUrl":"https:\/\/swoer.com\/wp-content\/uploads\/2024\/06\/CCD-Vision-System-.jpg","width":1000,"height":1000,"caption":"CCD Vision System"},{"@type":"BreadcrumbList","@id":"https:\/\/swoer.com\/manufacturer\/ccd-vision-system\/#breadcrumb","itemListElement":[{"@type":"ListItem","position":1,"name":"Home","item":"https:\/\/swoer.com\/"},{"@type":"ListItem","position":2,"name":"Shop","item":"https:\/\/swoer.com\/shop\/"},{"@type":"ListItem","position":3,"name":"CCD Vision System"}]},{"@type":"WebSite","@id":"https:\/\/swoer.com\/#website","url":"https:\/\/swoer.com\/","name":"SWOER","description":"Swoer is the top 3 vibratory bowl feeder manufacturer in China","potentialAction":[{"@type":"SearchAction","target":{"@type":"EntryPoint","urlTemplate":"https:\/\/swoer.com\/?s={search_term_string}"},"query-input":"required name=search_term_string"}],"inLanguage":"pl-PL"}]}},"_links":{"self":[{"href":"https:\/\/swoer.com\/pl\/wp-json\/wp\/v2\/product\/2230"}],"collection":[{"href":"https:\/\/swoer.com\/pl\/wp-json\/wp\/v2\/product"}],"about":[{"href":"https:\/\/swoer.com\/pl\/wp-json\/wp\/v2\/types\/product"}],"replies":[{"embeddable":true,"href":"https:\/\/swoer.com\/pl\/wp-json\/wp\/v2\/comments?post=2230"}],"wp:featuredmedia":[{"embeddable":true,"href":"https:\/\/swoer.com\/pl\/wp-json\/wp\/v2\/media\/2231"}],"wp:attachment":[{"href":"https:\/\/swoer.com\/pl\/wp-json\/wp\/v2\/media?parent=2230"}],"wp:term":[{"taxonomy":"product_cat","embeddable":true,"href":"https:\/\/swoer.com\/pl\/wp-json\/wp\/v2\/product_cat?post=2230"},{"taxonomy":"product_tag","embeddable":true,"href":"https:\/\/swoer.com\/pl\/wp-json\/wp\/v2\/product_tag?post=2230"}],"curies":[{"name":"wp","href":"https:\/\/api.w.org\/{rel}","templated":true}]}}