{"id":2225,"date":"2024-06-17T06:16:07","date_gmt":"2024-06-17T06:16:07","guid":{"rendered":"https:\/\/swoer.com\/?post_type=product&#038;p=2225"},"modified":"2024-06-17T07:18:41","modified_gmt":"2024-06-17T07:18:41","slug":"ccd-camera-system","status":"publish","type":"product","link":"https:\/\/swoer.com\/pl\/manufacturer\/ccd-camera-system\/","title":{"rendered":"System kamer CCD"},"content":{"rendered":"<h2><strong><b>Produkt <\/b><\/strong><strong><b>I<\/b><\/strong><strong><b>informacja<\/b><\/strong><\/h2>\n<table>\n<tbody>\n<tr>\n<td width=\"224\"><strong><b>\u00a0Nazwa produktu<\/b><\/strong><\/td>\n<td width=\"377\">System kamer CCD<\/td>\n<\/tr>\n<tr>\n<td width=\"224\"><strong><b>\u00a0M<\/b><\/strong><strong><b>odel<\/b><\/strong><\/td>\n<td width=\"377\">SW-80301<\/td>\n<\/tr>\n<tr>\n<td width=\"224\"><strong><b>\u00a0<\/b><\/strong><strong><b>Marka<\/b><\/strong><\/td>\n<td width=\"377\">PRZE\u015aMIECH<\/td>\n<\/tr>\n<tr>\n<td width=\"224\"><strong><b>\u00a0Napi\u0119cie<\/b><\/strong><\/td>\n<td width=\"377\">\u00a0220 V<\/td>\n<\/tr>\n<tr>\n<td width=\"224\"><strong><b>\u00a0Moc<\/b><\/strong><\/td>\n<td width=\"377\">\u00a065 W \/ 150 W \/ 180 W \/ 220 W \/ 350 W<\/td>\n<\/tr>\n<tr>\n<td width=\"224\"><strong><b>\u00a0Uwierzytelnianie<\/b><\/strong><\/td>\n<td width=\"377\">\u00a0CE, ROHS, ISO9001<\/td>\n<\/tr>\n<tr>\n<td width=\"224\"><strong><b>\u00a0Gwarancja<\/b><\/strong><\/td>\n<td width=\"377\">\u00a01 rok gwarancji<\/td>\n<\/tr>\n<tr>\n<td width=\"224\"><strong><b>\u00a0MOQ<\/b><\/strong><\/td>\n<td width=\"377\">\u00a01 zestaw<\/td>\n<\/tr>\n<tr>\n<td width=\"224\"><strong><b>\u00a0Czas realizacji<\/b><\/strong><\/td>\n<td width=\"377\">\u00a010-14 dni<\/td>\n<\/tr>\n<tr>\n<td width=\"224\"><strong><b>\u00a0Termin p\u0142atno\u015bci<\/b><\/strong><\/td>\n<td width=\"377\">\u00a0T\/T 40% Depozyt i saldo przed wysy\u0142k\u0105<\/td>\n<\/tr>\n<tr>\n<td width=\"224\"><strong><b>\u00a0Orygina\u0142 miejsca<\/b><\/strong><\/td>\n<td width=\"377\">\u00a0Chiny<\/td>\n<\/tr>\n<\/tbody>\n<\/table>\n\t<div id=\"gap-19109645\" class=\"gap-element clearfix\" style=\"display:block; height:auto;\">\n\t\t\n<style>\n#gap-19109645 {\n  padding-top: 30px;\n}\n<\/style>\n\t<\/div>\n\t\n<div class=\"row\"  id=\"row-1780948074\">\n\n\t<div id=\"col-1321189135\" class=\"col medium-6 small-12 large-6\"  >\n\t\t\t\t<div class=\"col-inner\"  >\n\t\t\t\n\t\t\t\n<h3><strong><b>Lista produkt\u00f3w<\/b><\/strong><\/h3>\n<table>\n<tbody>\n<tr>\n<td width=\"276\"><strong><b>Komputer przemys\u0142owy<\/b><\/strong><\/td>\n<td width=\"276\">1 zestaw<\/td>\n<\/tr>\n<tr>\n<td width=\"276\"><strong><b>8-calowy wy\u015bwietlacz<\/b><\/strong><\/td>\n<td width=\"276\">1 zestaw<\/td>\n<\/tr>\n<tr>\n<td width=\"276\"><strong><b>C<\/b><\/strong><strong><b>aparat<\/b><\/strong><\/td>\n<td width=\"276\">1 zestaw<\/td>\n<\/tr>\n<tr>\n<td width=\"276\"><strong><b>Obiektyw<\/b><\/strong><\/td>\n<td width=\"276\">1 zestaw<\/td>\n<\/tr>\n<tr>\n<td width=\"276\"><strong><b>L<\/b><\/strong><strong><b>dobre \u017ar\u00f3d\u0142o<\/b><\/strong><\/td>\n<td width=\"276\">1 zestaw<\/td>\n<\/tr>\n<tr>\n<td width=\"276\"><strong><b>Wspornik mocuj\u0105cy \u017ar\u00f3d\u0142o \u015bwiat\u0142a kamery<\/b><\/strong><\/td>\n<td width=\"276\">1 zestaw<\/td>\n<\/tr>\n<\/tbody>\n<\/table>\n\t\t<\/div>\n\t\t\t\t\t<\/div>\n\n\t\n\n\t<div id=\"col-871335985\" class=\"col medium-6 small-12 large-6\"  >\n\t\t\t\t<div class=\"col-inner\"  >\n\t\t\t\n\t\t\t\n\t<div class=\"img has-hover x md-x lg-x y md-y lg-y\" id=\"image_1587804170\">\n\t\t\t\t\t\t\t\t<div class=\"img-inner dark\" >\n\t\t\t<img loading=\"lazy\" decoding=\"async\" width=\"1000\" height=\"1000\" src=\"https:\/\/swoer.com\/wp-content\/uploads\/2024\/06\/ccd-camera-system-.jpg\" class=\"attachment-original size-original\" alt=\"system kamer CCD\" srcset=\"https:\/\/swoer.com\/wp-content\/uploads\/2024\/06\/ccd-camera-system-.jpg 1000w, https:\/\/swoer.com\/wp-content\/uploads\/2024\/06\/ccd-camera-system--300x300.jpg 300w, https:\/\/swoer.com\/wp-content\/uploads\/2024\/06\/ccd-camera-system--150x150.jpg 150w, https:\/\/swoer.com\/wp-content\/uploads\/2024\/06\/ccd-camera-system--768x768.jpg 768w, https:\/\/swoer.com\/wp-content\/uploads\/2024\/06\/ccd-camera-system--12x12.jpg 12w, https:\/\/swoer.com\/wp-content\/uploads\/2024\/06\/ccd-camera-system--600x600.jpg 600w, https:\/\/swoer.com\/wp-content\/uploads\/2024\/06\/ccd-camera-system--100x100.jpg 100w\" sizes=\"(max-width: 1000px) 100vw, 1000px\" \/>\t\t\t\t\t\t\n\t\t\t\t\t<\/div>\n\t\t\t\t\t\t\t\t\n<style>\n#image_1587804170 {\n  width: 59%;\n}\n<\/style>\n\t<\/div>\n\t\n\t\t<\/div>\n\t\t\t\t\t<\/div>\n\n\t\n<\/div>\n\t<div id=\"gap-288073993\" class=\"gap-element clearfix\" style=\"display:block; height:auto;\">\n\t\t\n<style>\n#gap-288073993 {\n  padding-top: 30px;\n}\n<\/style>\n\t<\/div>\n\t\n<h3 style=\"text-align: left;\"><strong><b>Obraz systemu wizyjnego CCD zastosowanego do wibracji <\/b><\/strong><strong><b>Miska <\/b><\/strong><strong><b>Podajnik <\/b><\/strong><\/h3>\n\t<div class=\"img has-hover x md-x lg-x y md-y lg-y\" id=\"image_150161498\">\n\t\t\t\t\t\t\t\t<div class=\"img-inner image-cover dark\" style=\"padding-top:56.25%;\">\n\t\t\t<img loading=\"lazy\" decoding=\"async\" width=\"356\" height=\"335\" src=\"https:\/\/swoer.com\/wp-content\/uploads\/2024\/06\/Image-of-CCD-vision-system-applied-to-vibrating-bowl-feeder-.jpg\" class=\"attachment-original size-original\" alt=\"Obraz systemu wizyjnego CCD zastosowanego w podajniku wibracyjnym\" srcset=\"https:\/\/swoer.com\/wp-content\/uploads\/2024\/06\/Image-of-CCD-vision-system-applied-to-vibrating-bowl-feeder-.jpg 356w, https:\/\/swoer.com\/wp-content\/uploads\/2024\/06\/Image-of-CCD-vision-system-applied-to-vibrating-bowl-feeder--300x282.jpg 300w, https:\/\/swoer.com\/wp-content\/uploads\/2024\/06\/Image-of-CCD-vision-system-applied-to-vibrating-bowl-feeder--13x12.jpg 13w\" sizes=\"(max-width: 356px) 100vw, 356px\" \/>\t\t\t\t\t\t\n\t\t\t\t\t<\/div>\n\t\t\t\t\t\t\t\t\n<style>\n#image_150161498 {\n  width: 57%;\n}\n<\/style>\n\t<\/div>\n\t\n\t<div id=\"gap-1009937192\" class=\"gap-element clearfix\" style=\"display:block; height:auto;\">\n\t\t\n<style>\n#gap-1009937192 {\n  padding-top: 30px;\n}\n<\/style>\n\t<\/div>\n\t\n<h3 data-sourcepos=\"11:1-11:17\"><strong>Kluczowe cechy:<\/strong><\/h3>\n<ul data-sourcepos=\"13:1-13:64\">\n<li data-sourcepos=\"13:1-13:64\">\n<p data-sourcepos=\"13:3-13:92\"><strong>Wewn\u0119trzny mechanizm spustowy:<\/strong> Umo\u017cliwia precyzyjne wyzwalanie w celu zsynchronizowanego przechwytywania obrazu.<\/p>\n<\/li>\n<li data-sourcepos=\"15:1-16:0\">\n<p data-sourcepos=\"15:3-15:121\"><strong>Identyfikacja wielo\u015bcie\u017ckowa:<\/strong> Identyfikuje i \u015bledzi do 4 obiekt\u00f3w jednocze\u015bnie, maksymalizuj\u0105c przepustowo\u015b\u0107 inspekcji.<\/p>\n<\/li>\n<li data-sourcepos=\"17:1-18:0\">\n<p data-sourcepos=\"17:3-17:116\"><strong>Niesamowicie szybka pr\u0119dko\u015b\u0107 rozpoznawania:<\/strong> Przetwarza 300 sztuk na minut\u0119, dotrzymuj\u0105c kroku wymagaj\u0105cym liniom produkcyjnym.<\/p>\n<\/li>\n<li data-sourcepos=\"19:1-20:0\">\n<p data-sourcepos=\"19:3-19:137\"><strong>Wyj\u0105tkowa dok\u0142adno\u015b\u0107 rozpoznawania:<\/strong> Osi\u0105ga wsp\u00f3\u0142czynnik rozpoznawania 99,99%, minimalizuj\u0105c fa\u0142szywe alarmy i zapewniaj\u0105c integralno\u015b\u0107 produktu.<\/p>\n<\/li>\n<li data-sourcepos=\"21:1-21:85\">\n<p data-sourcepos=\"21:3-21:85\"><strong>Znikomy odwrotny stosunek materia\u0142u:<\/strong> Utrzymuje odwrotny stosunek materia\u0142\u00f3w poni\u017cej 0,0001%, redukuj\u0105c odpady i optymalizuj\u0105c wykorzystanie zasob\u00f3w.<\/p>\n<\/li>\n<li data-sourcepos=\"23:1-24:0\">\n<p data-sourcepos=\"23:3-23:104\"><strong>Funkcja pomocy zdalnej:<\/strong> Zapewnia zdalne wsparcie w czasie rzeczywistym w zakresie rozwi\u0105zywania problem\u00f3w i konserwacji.<\/p>\n<\/li>\n<li data-sourcepos=\"25:1-26:0\">\n<p data-sourcepos=\"25:3-25:118\"><strong>Zmiana produktu jednym klikni\u0119ciem:<\/strong> Bezproblemowo prze\u0142\u0105czaj si\u0119 mi\u0119dzy r\u00f3\u017cnymi zadaniami kontroli produkt\u00f3w za pomoc\u0105 jednego klikni\u0119cia.<\/p>\n<\/li>\n<li data-sourcepos=\"27:1-28:0\">\n<p data-sourcepos=\"27:3-27:111\"><strong>Instalacja typu Plug-and-Play:<\/strong> Eliminuje potrzeb\u0119 skomplikowanego debugowania, zapewniaj\u0105c bezproblemowy proces konfiguracji.<\/p>\n<\/li>\n<\/ul>\n<p data-sourcepos=\"29:1-29:121\">Nasz system kamer CCD zosta\u0142 zaprojektowany tak, aby bezproblemowo integrowa\u0107 si\u0119 z istniej\u0105cymi liniami produkcyjnymi, umo\u017cliwiaj\u0105c osi\u0105gni\u0119cie:<\/p>\n<ul data-sourcepos=\"31:1-36:0\">\n<li data-sourcepos=\"31:1-32:0\">\n<p data-sourcepos=\"31:3-31:124\"><strong>Zwi\u0119kszona jako\u015b\u0107 produktu:<\/strong> Wykrywaj i eliminuj defekty z wyj\u0105tkow\u0105 dok\u0142adno\u015bci\u0105, zapewniaj\u0105c sta\u0142\u0105 jako\u015b\u0107 produktu.<\/p>\n<\/li>\n<li data-sourcepos=\"33:1-34:0\">\n<p data-sourcepos=\"33:3-33:129\"><strong>Zwi\u0119kszona wydajno\u015b\u0107 produkcji:<\/strong> Usprawnij procesy kontroli i zminimalizuj przestoje, zwi\u0119kszaj\u0105c og\u00f3ln\u0105 wydajno\u015b\u0107 produkcji.<\/p>\n<\/li>\n<li data-sourcepos=\"35:1-36:0\">\n<p data-sourcepos=\"35:3-35:115\"><strong>Obni\u017cone koszty operacyjne:<\/strong> Minimalizuj ilo\u015b\u0107 odpad\u00f3w i poprawek, obni\u017caj koszty produkcji i maksymalizuj rentowno\u015b\u0107.<\/p>\n<\/li>\n<\/ul>\n<p data-sourcepos=\"37:1-37:257\">Je\u015bli chcesz podnie\u015b\u0107 swoje mo\u017cliwo\u015bci kontroli produkt\u00f3w i zrewolucjonizowa\u0107 procesy kontroli jako\u015bci, nasz system kamer CCD jest rozwi\u0105zaniem, na kt\u00f3re czeka\u0142e\u015b. Skontaktuj si\u0119 z nami ju\u017c dzi\u015b, aby do\u015bwiadczy\u0107 przemieniaj\u0105cej mocy precyzji i wydajno\u015bci.<\/p>\n<p data-sourcepos=\"51:1-51:155\">","protected":false},"excerpt":{"rendered":"<p>Usprawnij procesy kontroli produkt\u00f3w i kontroli jako\u015bci dzi\u0119ki naszemu najnowocze\u015bniejszemu systemowi kamer CCD. To zaawansowane rozwi\u0105zanie mo\u017ce pochwali\u0107 si\u0119 solidnym zestawem funkcji, kt\u00f3re usprawniaj\u0105 operacje i zapewniaj\u0105 niezr\u00f3wnan\u0105 precyzj\u0119.<\/p>","protected":false},"featured_media":2226,"comment_status":"open","ping_status":"closed","template":"","meta":[],"product_cat":[58],"product_tag":[],"yoast_head":"<!-- This site is optimized with the Yoast SEO plugin v22.2 - https:\/\/yoast.com\/wordpress\/plugins\/seo\/ -->\n<title>CCD Camera System - SWOER<\/title>\n<meta name=\"description\" content=\"Revolutionize your production line with our CCD camera system, featuring high-speed recognition, exceptional accuracy, and seamless integration for enhanced quality control and efficiency.\" \/>\n<meta name=\"robots\" content=\"index, follow, max-snippet:-1, max-image-preview:large, max-video-preview:-1\" \/>\n<link rel=\"canonical\" href=\"https:\/\/swoer.com\/pl\/manufacturer\/ccd-camera-system\/\" \/>\n<meta property=\"og:locale\" content=\"pl_PL\" \/>\n<meta property=\"og:type\" content=\"article\" \/>\n<meta property=\"og:title\" content=\"CCD Camera System - SWOER\" \/>\n<meta property=\"og:description\" content=\"Revolutionize your production line with our CCD camera system, featuring high-speed recognition, exceptional accuracy, and seamless integration for enhanced quality control and efficiency.\" \/>\n<meta property=\"og:url\" content=\"https:\/\/swoer.com\/pl\/manufacturer\/ccd-camera-system\/\" \/>\n<meta property=\"og:site_name\" content=\"SWOER\" \/>\n<meta property=\"article:modified_time\" content=\"2024-06-17T07:18:41+00:00\" \/>\n<meta property=\"og:image\" content=\"https:\/\/swoer.com\/wp-content\/uploads\/2024\/06\/ccd-camera-system-.jpg\" \/>\n\t<meta property=\"og:image:width\" content=\"1000\" \/>\n\t<meta property=\"og:image:height\" content=\"1000\" \/>\n\t<meta property=\"og:image:type\" content=\"image\/jpeg\" \/>\n<meta name=\"twitter:card\" content=\"summary_large_image\" \/>\n<meta name=\"twitter:label1\" content=\"Szacowany czas czytania\" \/>\n\t<meta name=\"twitter:data1\" content=\"2 minuty\" \/>\n<script type=\"application\/ld+json\" class=\"yoast-schema-graph\">{\"@context\":\"https:\/\/schema.org\",\"@graph\":[{\"@type\":\"WebPage\",\"@id\":\"https:\/\/swoer.com\/manufacturer\/ccd-camera-system\/\",\"url\":\"https:\/\/swoer.com\/manufacturer\/ccd-camera-system\/\",\"name\":\"CCD Camera System - SWOER\",\"isPartOf\":{\"@id\":\"https:\/\/swoer.com\/#website\"},\"primaryImageOfPage\":{\"@id\":\"https:\/\/swoer.com\/manufacturer\/ccd-camera-system\/#primaryimage\"},\"image\":{\"@id\":\"https:\/\/swoer.com\/manufacturer\/ccd-camera-system\/#primaryimage\"},\"thumbnailUrl\":\"https:\/\/swoer.com\/wp-content\/uploads\/2024\/06\/ccd-camera-system-.jpg\",\"datePublished\":\"2024-06-17T06:16:07+00:00\",\"dateModified\":\"2024-06-17T07:18:41+00:00\",\"description\":\"Revolutionize your production line with our CCD camera system, featuring high-speed recognition, exceptional accuracy, and seamless integration for enhanced quality control and efficiency.\",\"breadcrumb\":{\"@id\":\"https:\/\/swoer.com\/manufacturer\/ccd-camera-system\/#breadcrumb\"},\"inLanguage\":\"pl-PL\",\"potentialAction\":[{\"@type\":\"ReadAction\",\"target\":[\"https:\/\/swoer.com\/manufacturer\/ccd-camera-system\/\"]}]},{\"@type\":\"ImageObject\",\"inLanguage\":\"pl-PL\",\"@id\":\"https:\/\/swoer.com\/manufacturer\/ccd-camera-system\/#primaryimage\",\"url\":\"https:\/\/swoer.com\/wp-content\/uploads\/2024\/06\/ccd-camera-system-.jpg\",\"contentUrl\":\"https:\/\/swoer.com\/wp-content\/uploads\/2024\/06\/ccd-camera-system-.jpg\",\"width\":1000,\"height\":1000,\"caption\":\"ccd camera system\"},{\"@type\":\"BreadcrumbList\",\"@id\":\"https:\/\/swoer.com\/manufacturer\/ccd-camera-system\/#breadcrumb\",\"itemListElement\":[{\"@type\":\"ListItem\",\"position\":1,\"name\":\"Home\",\"item\":\"https:\/\/swoer.com\/\"},{\"@type\":\"ListItem\",\"position\":2,\"name\":\"Shop\",\"item\":\"https:\/\/swoer.com\/shop\/\"},{\"@type\":\"ListItem\",\"position\":3,\"name\":\"CCD Camera System\"}]},{\"@type\":\"WebSite\",\"@id\":\"https:\/\/swoer.com\/#website\",\"url\":\"https:\/\/swoer.com\/\",\"name\":\"SWOER\",\"description\":\"Swoer is the top 3 vibratory bowl feeder manufacturer in China\",\"potentialAction\":[{\"@type\":\"SearchAction\",\"target\":{\"@type\":\"EntryPoint\",\"urlTemplate\":\"https:\/\/swoer.com\/?s={search_term_string}\"},\"query-input\":\"required name=search_term_string\"}],\"inLanguage\":\"pl-PL\"}]}<\/script>\n<!-- \/ Yoast SEO plugin. -->","yoast_head_json":{"title":"CCD Camera System - SWOER","description":"Revolutionize your production line with our CCD camera system, featuring high-speed recognition, exceptional accuracy, and seamless integration for enhanced quality control and efficiency.","robots":{"index":"index","follow":"follow","max-snippet":"max-snippet:-1","max-image-preview":"max-image-preview:large","max-video-preview":"max-video-preview:-1"},"canonical":"https:\/\/swoer.com\/pl\/manufacturer\/ccd-camera-system\/","og_locale":"pl_PL","og_type":"article","og_title":"CCD Camera System - SWOER","og_description":"Revolutionize your production line with our CCD camera system, featuring high-speed recognition, exceptional accuracy, and seamless integration for enhanced quality control and efficiency.","og_url":"https:\/\/swoer.com\/pl\/manufacturer\/ccd-camera-system\/","og_site_name":"SWOER","article_modified_time":"2024-06-17T07:18:41+00:00","og_image":[{"width":1000,"height":1000,"url":"https:\/\/swoer.com\/wp-content\/uploads\/2024\/06\/ccd-camera-system-.jpg","type":"image\/jpeg"}],"twitter_card":"summary_large_image","twitter_misc":{"Szacowany czas czytania":"2 minuty"},"schema":{"@context":"https:\/\/schema.org","@graph":[{"@type":"WebPage","@id":"https:\/\/swoer.com\/manufacturer\/ccd-camera-system\/","url":"https:\/\/swoer.com\/manufacturer\/ccd-camera-system\/","name":"CCD Camera System - SWOER","isPartOf":{"@id":"https:\/\/swoer.com\/#website"},"primaryImageOfPage":{"@id":"https:\/\/swoer.com\/manufacturer\/ccd-camera-system\/#primaryimage"},"image":{"@id":"https:\/\/swoer.com\/manufacturer\/ccd-camera-system\/#primaryimage"},"thumbnailUrl":"https:\/\/swoer.com\/wp-content\/uploads\/2024\/06\/ccd-camera-system-.jpg","datePublished":"2024-06-17T06:16:07+00:00","dateModified":"2024-06-17T07:18:41+00:00","description":"Revolutionize your production line with our CCD camera system, featuring high-speed recognition, exceptional accuracy, and seamless integration for enhanced quality control and efficiency.","breadcrumb":{"@id":"https:\/\/swoer.com\/manufacturer\/ccd-camera-system\/#breadcrumb"},"inLanguage":"pl-PL","potentialAction":[{"@type":"ReadAction","target":["https:\/\/swoer.com\/manufacturer\/ccd-camera-system\/"]}]},{"@type":"ImageObject","inLanguage":"pl-PL","@id":"https:\/\/swoer.com\/manufacturer\/ccd-camera-system\/#primaryimage","url":"https:\/\/swoer.com\/wp-content\/uploads\/2024\/06\/ccd-camera-system-.jpg","contentUrl":"https:\/\/swoer.com\/wp-content\/uploads\/2024\/06\/ccd-camera-system-.jpg","width":1000,"height":1000,"caption":"ccd camera system"},{"@type":"BreadcrumbList","@id":"https:\/\/swoer.com\/manufacturer\/ccd-camera-system\/#breadcrumb","itemListElement":[{"@type":"ListItem","position":1,"name":"Home","item":"https:\/\/swoer.com\/"},{"@type":"ListItem","position":2,"name":"Shop","item":"https:\/\/swoer.com\/shop\/"},{"@type":"ListItem","position":3,"name":"CCD Camera System"}]},{"@type":"WebSite","@id":"https:\/\/swoer.com\/#website","url":"https:\/\/swoer.com\/","name":"SWOER","description":"Swoer is the top 3 vibratory bowl feeder manufacturer in China","potentialAction":[{"@type":"SearchAction","target":{"@type":"EntryPoint","urlTemplate":"https:\/\/swoer.com\/?s={search_term_string}"},"query-input":"required name=search_term_string"}],"inLanguage":"pl-PL"}]}},"_links":{"self":[{"href":"https:\/\/swoer.com\/pl\/wp-json\/wp\/v2\/product\/2225"}],"collection":[{"href":"https:\/\/swoer.com\/pl\/wp-json\/wp\/v2\/product"}],"about":[{"href":"https:\/\/swoer.com\/pl\/wp-json\/wp\/v2\/types\/product"}],"replies":[{"embeddable":true,"href":"https:\/\/swoer.com\/pl\/wp-json\/wp\/v2\/comments?post=2225"}],"wp:featuredmedia":[{"embeddable":true,"href":"https:\/\/swoer.com\/pl\/wp-json\/wp\/v2\/media\/2226"}],"wp:attachment":[{"href":"https:\/\/swoer.com\/pl\/wp-json\/wp\/v2\/media?parent=2225"}],"wp:term":[{"taxonomy":"product_cat","embeddable":true,"href":"https:\/\/swoer.com\/pl\/wp-json\/wp\/v2\/product_cat?post=2225"},{"taxonomy":"product_tag","embeddable":true,"href":"https:\/\/swoer.com\/pl\/wp-json\/wp\/v2\/product_tag?post=2225"}],"curies":[{"name":"wp","href":"https:\/\/api.w.org\/{rel}","templated":true}]}}