{"id":2154,"date":"2024-06-04T02:19:44","date_gmt":"2024-06-04T02:19:44","guid":{"rendered":"https:\/\/swoer.com\/?post_type=product&#038;p=2154"},"modified":"2024-06-07T00:48:57","modified_gmt":"2024-06-07T00:48:57","slug":"fluxring-vibratory-bowl-feeder-bowl-feeder-machine-for-fluxring","status":"publish","type":"product","link":"https:\/\/swoer.com\/pl\/manufacturer\/fluxring-vibratory-bowl-feeder-bowl-feeder-machine-for-fluxring\/","title":{"rendered":"Podajnik wibracyjny Fluxring | Maszyna z podajnikiem misowym do Fluxringu"},"content":{"rendered":"<p>Odkryj innowacyjny podajnik wibracyjny Fluxring, zaprojektowany i wyprodukowany przez SWOER. Wyposa\u017cony w solidn\u0105 konstrukcj\u0119 no\u015bn\u0105 i zaawansowan\u0105 d\u017awi\u0119koszczeln\u0105 obudow\u0119, ten najnowocze\u015bniejszy system podajnika zapewnia wydajn\u0105 i cich\u0105 prac\u0119. Zaufaj do\u015bwiadczeniu SWOER w tworzeniu wszechstronnych podajnik\u00f3w wibracyjnych do precyzyjnego transportu materia\u0142\u00f3w w zastosowaniach przemys\u0142owych.<\/p>\n<h2>specyfikacja<\/h2>\n<table width=\"874\">\n<tbody>\n<tr>\n<td width=\"183\">Nazwa produktu<\/td>\n<td width=\"691\">Podajnik wibracyjny Fluxring z konstrukcj\u0105 wsporcz\u0105 i obudow\u0105 d\u017awi\u0119koszczeln\u0105.<\/td>\n<\/tr>\n<tr>\n<td>Materia\u0142<\/td>\n<td>\u00a0SUS201\/304<\/td>\n<\/tr>\n<tr>\n<td>Specjalno\u015b\u0107 materia\u0142owa<\/td>\n<td>Stop do kucia na zimno, wysoka wytrzyma\u0142o\u015b\u0107, wysoka twardo\u015b\u0107<\/td>\n<\/tr>\n<tr>\n<td>Napi\u0119cie<\/td>\n<td>220 V<\/td>\n<\/tr>\n<tr>\n<td>Moc<\/td>\n<td>65 W \/ 150 W \/ 180 W \/ 220 W \/ 350 W<\/td>\n<\/tr>\n<tr>\n<td>Uwierzytelnianie<\/td>\n<td>CE, ROHS, ISO9001<\/td>\n<\/tr>\n<tr>\n<td>Gwarancja<\/td>\n<td>1 rok gwarancji<\/td>\n<\/tr>\n<tr>\n<td>MOQ<\/td>\n<td>1 zestaw<\/td>\n<\/tr>\n<tr>\n<td>Czas realizacji<\/td>\n<td>10-14 dni<\/td>\n<\/tr>\n<tr>\n<td>Termin p\u0142atno\u015bci<\/td>\n<td>T\/T 40% Depozyt i saldo przed wysy\u0142k\u0105<\/td>\n<\/tr>\n<tr>\n<td>Orygina\u0142 miejsca<\/td>\n<td>Chiny<\/td>\n<\/tr>\n<\/tbody>\n<\/table>","protected":false},"excerpt":{"rendered":"<p>Podajniki wibracyjne Fluxring to wysoce wydajne i niezawodne podajniki umo\u017cliwiaj\u0105ce r\u00f3wnomierne przenoszenie materia\u0142\u00f3w sypkich na linie produkcyjne. Charakteryzuj\u0105 si\u0119 nast\u0119puj\u0105cymi zaletami:<\/p>\n<ul>\n<li>Regulowana cz\u0119stotliwo\u015b\u0107 i amplituda wibracji w celu spe\u0142nienia wymaga\u0144 podawania r\u00f3\u017cnych materia\u0142\u00f3w.<\/li>\n<li>Miska ze stali nierdzewnej zapewniaj\u0105ca odporno\u015b\u0107 na korozj\u0119 i \u0142atwe czyszczenie.<\/li>\n<li>Stabilna i kontrolowana pr\u0119dko\u015b\u0107 podawania zapewniaj\u0105ca p\u0142ynn\u0105 prac\u0119 linii produkcyjnej.<\/li>\n<li>Opcjonalna konstrukcja no\u015bna i d\u017awi\u0119koszczelna obudowa spe\u0142niaj\u0105ce r\u00f3\u017cne wymagania \u015brodowiska aplikacji.<\/li>\n<\/ul>","protected":false},"featured_media":2155,"comment_status":"open","ping_status":"closed","template":"","meta":[],"product_cat":[37],"product_tag":[],"yoast_head":"<!-- This site is optimized with the Yoast SEO plugin v22.2 - https:\/\/yoast.com\/wordpress\/plugins\/seo\/ -->\n<title>Fluxring Vibratory Bowl Feeder | Bowl Feeder Machine for Fluxring - SWOER<\/title>\n<meta name=\"description\" content=\"Fluxring Vibratory Bowl Feeders with Support Structures and Soundproof Enclosures are widely used in electronics, food, chemical, pharmaceutical, and other industries, and are an important part of production line automation.\" \/>\n<meta name=\"robots\" content=\"index, follow, max-snippet:-1, max-image-preview:large, max-video-preview:-1\" \/>\n<link rel=\"canonical\" href=\"https:\/\/swoer.com\/pl\/manufacturer\/fluxring-vibratory-bowl-feeder-bowl-feeder-machine-for-fluxring\/\" \/>\n<meta property=\"og:locale\" content=\"pl_PL\" \/>\n<meta property=\"og:type\" content=\"article\" \/>\n<meta property=\"og:title\" content=\"Fluxring Vibratory Bowl Feeder | Bowl Feeder Machine for Fluxring - SWOER\" \/>\n<meta property=\"og:description\" content=\"Fluxring Vibratory Bowl Feeders with Support Structures and Soundproof Enclosures are widely used in electronics, food, chemical, pharmaceutical, and other industries, and are an important part of production line automation.\" \/>\n<meta property=\"og:url\" content=\"https:\/\/swoer.com\/pl\/manufacturer\/fluxring-vibratory-bowl-feeder-bowl-feeder-machine-for-fluxring\/\" \/>\n<meta property=\"og:site_name\" content=\"SWOER\" \/>\n<meta property=\"article:modified_time\" content=\"2024-06-07T00:48:57+00:00\" \/>\n<meta property=\"og:image\" content=\"https:\/\/swoer.com\/wp-content\/uploads\/2024\/06\/3D-design-drawing-for-fluxring-bowl-feeder.webp\" \/>\n\t<meta property=\"og:image:width\" content=\"1000\" \/>\n\t<meta property=\"og:image:height\" content=\"1000\" \/>\n\t<meta property=\"og:image:type\" content=\"image\/webp\" \/>\n<meta name=\"twitter:card\" content=\"summary_large_image\" \/>\n<meta name=\"twitter:label1\" content=\"Szacowany czas czytania\" \/>\n\t<meta name=\"twitter:data1\" content=\"1 minuta\" \/>\n<script type=\"application\/ld+json\" class=\"yoast-schema-graph\">{\"@context\":\"https:\/\/schema.org\",\"@graph\":[{\"@type\":\"WebPage\",\"@id\":\"https:\/\/swoer.com\/manufacturer\/fluxring-vibratory-bowl-feeder-bowl-feeder-machine-for-fluxring\/\",\"url\":\"https:\/\/swoer.com\/manufacturer\/fluxring-vibratory-bowl-feeder-bowl-feeder-machine-for-fluxring\/\",\"name\":\"Fluxring Vibratory Bowl Feeder | Bowl Feeder Machine for Fluxring - SWOER\",\"isPartOf\":{\"@id\":\"https:\/\/swoer.com\/#website\"},\"primaryImageOfPage\":{\"@id\":\"https:\/\/swoer.com\/manufacturer\/fluxring-vibratory-bowl-feeder-bowl-feeder-machine-for-fluxring\/#primaryimage\"},\"image\":{\"@id\":\"https:\/\/swoer.com\/manufacturer\/fluxring-vibratory-bowl-feeder-bowl-feeder-machine-for-fluxring\/#primaryimage\"},\"thumbnailUrl\":\"https:\/\/swoer.com\/wp-content\/uploads\/2024\/06\/3D-design-drawing-for-fluxring-bowl-feeder.webp\",\"datePublished\":\"2024-06-04T02:19:44+00:00\",\"dateModified\":\"2024-06-07T00:48:57+00:00\",\"description\":\"Fluxring Vibratory Bowl Feeders with Support Structures and Soundproof Enclosures are widely used in electronics, food, chemical, pharmaceutical, and other industries, and are an important part of production line automation.\",\"breadcrumb\":{\"@id\":\"https:\/\/swoer.com\/manufacturer\/fluxring-vibratory-bowl-feeder-bowl-feeder-machine-for-fluxring\/#breadcrumb\"},\"inLanguage\":\"pl-PL\",\"potentialAction\":[{\"@type\":\"ReadAction\",\"target\":[\"https:\/\/swoer.com\/manufacturer\/fluxring-vibratory-bowl-feeder-bowl-feeder-machine-for-fluxring\/\"]}]},{\"@type\":\"ImageObject\",\"inLanguage\":\"pl-PL\",\"@id\":\"https:\/\/swoer.com\/manufacturer\/fluxring-vibratory-bowl-feeder-bowl-feeder-machine-for-fluxring\/#primaryimage\",\"url\":\"https:\/\/swoer.com\/wp-content\/uploads\/2024\/06\/3D-design-drawing-for-fluxring-bowl-feeder.webp\",\"contentUrl\":\"https:\/\/swoer.com\/wp-content\/uploads\/2024\/06\/3D-design-drawing-for-fluxring-bowl-feeder.webp\",\"width\":1000,\"height\":1000,\"caption\":\"3D design drawing for fluxring bowl feeder\"},{\"@type\":\"BreadcrumbList\",\"@id\":\"https:\/\/swoer.com\/manufacturer\/fluxring-vibratory-bowl-feeder-bowl-feeder-machine-for-fluxring\/#breadcrumb\",\"itemListElement\":[{\"@type\":\"ListItem\",\"position\":1,\"name\":\"Home\",\"item\":\"https:\/\/swoer.com\/\"},{\"@type\":\"ListItem\",\"position\":2,\"name\":\"Shop\",\"item\":\"https:\/\/swoer.com\/shop\/\"},{\"@type\":\"ListItem\",\"position\":3,\"name\":\"Fluxring Vibratory Bowl Feeder | Bowl Feeder Machine for Fluxring\"}]},{\"@type\":\"WebSite\",\"@id\":\"https:\/\/swoer.com\/#website\",\"url\":\"https:\/\/swoer.com\/\",\"name\":\"SWOER\",\"description\":\"Swoer is the top 3 vibratory bowl feeder manufacturer in China\",\"potentialAction\":[{\"@type\":\"SearchAction\",\"target\":{\"@type\":\"EntryPoint\",\"urlTemplate\":\"https:\/\/swoer.com\/?s={search_term_string}\"},\"query-input\":\"required name=search_term_string\"}],\"inLanguage\":\"pl-PL\"}]}<\/script>\n<!-- \/ Yoast SEO plugin. -->","yoast_head_json":{"title":"Fluxring Vibratory Bowl Feeder | Bowl Feeder Machine for Fluxring - SWOER","description":"Fluxring Vibratory Bowl Feeders with Support Structures and Soundproof Enclosures are widely used in electronics, food, chemical, pharmaceutical, and other industries, and are an important part of production line automation.","robots":{"index":"index","follow":"follow","max-snippet":"max-snippet:-1","max-image-preview":"max-image-preview:large","max-video-preview":"max-video-preview:-1"},"canonical":"https:\/\/swoer.com\/pl\/manufacturer\/fluxring-vibratory-bowl-feeder-bowl-feeder-machine-for-fluxring\/","og_locale":"pl_PL","og_type":"article","og_title":"Fluxring Vibratory Bowl Feeder | Bowl Feeder Machine for Fluxring - SWOER","og_description":"Fluxring Vibratory Bowl Feeders with Support Structures and Soundproof Enclosures are widely used in electronics, food, chemical, pharmaceutical, and other industries, and are an important part of production line automation.","og_url":"https:\/\/swoer.com\/pl\/manufacturer\/fluxring-vibratory-bowl-feeder-bowl-feeder-machine-for-fluxring\/","og_site_name":"SWOER","article_modified_time":"2024-06-07T00:48:57+00:00","og_image":[{"width":1000,"height":1000,"url":"https:\/\/swoer.com\/wp-content\/uploads\/2024\/06\/3D-design-drawing-for-fluxring-bowl-feeder.webp","type":"image\/webp"}],"twitter_card":"summary_large_image","twitter_misc":{"Szacowany czas czytania":"1 minuta"},"schema":{"@context":"https:\/\/schema.org","@graph":[{"@type":"WebPage","@id":"https:\/\/swoer.com\/manufacturer\/fluxring-vibratory-bowl-feeder-bowl-feeder-machine-for-fluxring\/","url":"https:\/\/swoer.com\/manufacturer\/fluxring-vibratory-bowl-feeder-bowl-feeder-machine-for-fluxring\/","name":"Fluxring Vibratory Bowl Feeder | Bowl Feeder Machine for Fluxring - SWOER","isPartOf":{"@id":"https:\/\/swoer.com\/#website"},"primaryImageOfPage":{"@id":"https:\/\/swoer.com\/manufacturer\/fluxring-vibratory-bowl-feeder-bowl-feeder-machine-for-fluxring\/#primaryimage"},"image":{"@id":"https:\/\/swoer.com\/manufacturer\/fluxring-vibratory-bowl-feeder-bowl-feeder-machine-for-fluxring\/#primaryimage"},"thumbnailUrl":"https:\/\/swoer.com\/wp-content\/uploads\/2024\/06\/3D-design-drawing-for-fluxring-bowl-feeder.webp","datePublished":"2024-06-04T02:19:44+00:00","dateModified":"2024-06-07T00:48:57+00:00","description":"Fluxring Vibratory Bowl Feeders with Support Structures and Soundproof Enclosures are widely used in electronics, food, chemical, pharmaceutical, and other industries, and are an important part of production line automation.","breadcrumb":{"@id":"https:\/\/swoer.com\/manufacturer\/fluxring-vibratory-bowl-feeder-bowl-feeder-machine-for-fluxring\/#breadcrumb"},"inLanguage":"pl-PL","potentialAction":[{"@type":"ReadAction","target":["https:\/\/swoer.com\/manufacturer\/fluxring-vibratory-bowl-feeder-bowl-feeder-machine-for-fluxring\/"]}]},{"@type":"ImageObject","inLanguage":"pl-PL","@id":"https:\/\/swoer.com\/manufacturer\/fluxring-vibratory-bowl-feeder-bowl-feeder-machine-for-fluxring\/#primaryimage","url":"https:\/\/swoer.com\/wp-content\/uploads\/2024\/06\/3D-design-drawing-for-fluxring-bowl-feeder.webp","contentUrl":"https:\/\/swoer.com\/wp-content\/uploads\/2024\/06\/3D-design-drawing-for-fluxring-bowl-feeder.webp","width":1000,"height":1000,"caption":"3D design drawing for fluxring bowl feeder"},{"@type":"BreadcrumbList","@id":"https:\/\/swoer.com\/manufacturer\/fluxring-vibratory-bowl-feeder-bowl-feeder-machine-for-fluxring\/#breadcrumb","itemListElement":[{"@type":"ListItem","position":1,"name":"Home","item":"https:\/\/swoer.com\/"},{"@type":"ListItem","position":2,"name":"Shop","item":"https:\/\/swoer.com\/shop\/"},{"@type":"ListItem","position":3,"name":"Fluxring Vibratory Bowl Feeder | Bowl Feeder Machine for Fluxring"}]},{"@type":"WebSite","@id":"https:\/\/swoer.com\/#website","url":"https:\/\/swoer.com\/","name":"SWOER","description":"Swoer is the top 3 vibratory bowl feeder manufacturer in China","potentialAction":[{"@type":"SearchAction","target":{"@type":"EntryPoint","urlTemplate":"https:\/\/swoer.com\/?s={search_term_string}"},"query-input":"required name=search_term_string"}],"inLanguage":"pl-PL"}]}},"_links":{"self":[{"href":"https:\/\/swoer.com\/pl\/wp-json\/wp\/v2\/product\/2154"}],"collection":[{"href":"https:\/\/swoer.com\/pl\/wp-json\/wp\/v2\/product"}],"about":[{"href":"https:\/\/swoer.com\/pl\/wp-json\/wp\/v2\/types\/product"}],"replies":[{"embeddable":true,"href":"https:\/\/swoer.com\/pl\/wp-json\/wp\/v2\/comments?post=2154"}],"wp:featuredmedia":[{"embeddable":true,"href":"https:\/\/swoer.com\/pl\/wp-json\/wp\/v2\/media\/2155"}],"wp:attachment":[{"href":"https:\/\/swoer.com\/pl\/wp-json\/wp\/v2\/media?parent=2154"}],"wp:term":[{"taxonomy":"product_cat","embeddable":true,"href":"https:\/\/swoer.com\/pl\/wp-json\/wp\/v2\/product_cat?post=2154"},{"taxonomy":"product_tag","embeddable":true,"href":"https:\/\/swoer.com\/pl\/wp-json\/wp\/v2\/product_tag?post=2154"}],"curies":[{"name":"wp","href":"https:\/\/api.w.org\/{rel}","templated":true}]}}