{"id":2063,"date":"2024-05-11T07:32:07","date_gmt":"2024-05-11T07:32:07","guid":{"rendered":"https:\/\/swoer.com\/?post_type=product&#038;p=2063"},"modified":"2024-06-25T01:24:50","modified_gmt":"2024-06-25T01:24:50","slug":"vibratory-linear-feeder-zc-series","status":"publish","type":"product","link":"https:\/\/swoer.com\/pl\/manufacturer\/vibratory-linear-feeder-zc-series\/","title":{"rendered":"Wibracyjny podajnik liniowy serii ZC"},"content":{"rendered":"<h2><strong>Cechy:<\/strong><\/h2>\n<p>Zwi\u0119ksza si\u0119 d\u0142ugo\u015b\u0107 toru transportu produktu, a k\u0105t jazdy mo\u017cna szybko i stabilnie regulowa\u0107 poprzez regulacj\u0119 k\u0105ta amplitudy, co jest odpowiednie do bardzo d\u0142ugiego transportu ma\u0142ych i \u015brednich cz\u0119\u015bci. Poni\u017cej znajduj\u0105 si\u0119 szczeg\u00f3lne uwagi:<\/p>\n<p><strong>1.<\/strong> W \u017cadnym wypadku nie nale\u017cy pod\u0142\u0105cza\u0107 przewod\u00f3w ani pr\u00f3bowa\u0107 dotyka\u0107 styk\u00f3w w gniazdku, aby zapobiec pora\u017ceniu pr\u0105dem i wypadkom.<\/p>\n<p><strong>2.<\/strong> Nigdy nie pod\u0142\u0105czaj sterownika do napi\u0119cia 380V AC, gdy\u017c spowoduje to nieodwracalne uszkodzenie sterownika!<\/p>\n<p><strong>3.<\/strong> Uwaga! W \u017cadnym wypadku nie nale\u017cy eksploatowa\u0107 podajnika liniowego poza ograniczeniami konstrukcji podajnika liniowego.<\/p>\n<p><strong>4.<\/strong> Nie wierci\u0107 otwor\u00f3w ani nie zaczepia\u0107 przewod\u00f3w w podajniku liniowym, aby unikn\u0105\u0107 uszkodzenia elektromagnesu.<\/p>\n<p><strong>5.<\/strong> Prosimy \u015bci\u015ble przestrzega\u0107 instrukcji obs\u0142ugi. Firma zrzeka si\u0119 wszelkiej odpowiedzialno\u015bci cywilnej i karnej za jakiekolwiek straty lub obra\u017cenia cia\u0142a wynikaj\u0105ce z nieprzestrzegania niniejszych instrukcji.<\/p>\n\t<div id=\"gap-1249982019\" class=\"gap-element clearfix\" style=\"display:block; height:auto;\">\n\t\t\n<style>\n#gap-1249982019 {\n  padding-top: 30px;\n}\n<\/style>\n\t<\/div>\n\t\n<h3><strong>SW-600ZC<\/strong><\/h3>\n\t<div class=\"img has-hover x md-x lg-x y md-y lg-y\" id=\"image_1602303347\">\n\t\t\t\t\t\t\t\t<div class=\"img-inner dark\" >\n\t\t\t<img loading=\"lazy\" decoding=\"async\" width=\"1216\" height=\"634\" src=\"https:\/\/swoer.com\/wp-content\/uploads\/2024\/05\/SW-600ZC.webp\" class=\"attachment-original size-original\" alt=\"SW-600ZC\" srcset=\"https:\/\/swoer.com\/wp-content\/uploads\/2024\/05\/SW-600ZC.webp 1216w, https:\/\/swoer.com\/wp-content\/uploads\/2024\/05\/SW-600ZC-300x156.webp 300w, https:\/\/swoer.com\/wp-content\/uploads\/2024\/05\/SW-600ZC-1024x534.webp 1024w, https:\/\/swoer.com\/wp-content\/uploads\/2024\/05\/SW-600ZC-768x400.webp 768w, https:\/\/swoer.com\/wp-content\/uploads\/2024\/05\/SW-600ZC-18x9.webp 18w, https:\/\/swoer.com\/wp-content\/uploads\/2024\/05\/SW-600ZC-600x313.webp 600w\" sizes=\"(max-width: 1216px) 100vw, 1216px\" \/>\t\t\t\t\t\t\n\t\t\t\t\t<\/div>\n\t\t\t\t\t\t\t\t\n<style>\n#image_1602303347 {\n  width: 100%;\n}\n<\/style>\n\t<\/div>\n\t\n<h3><strong>SW-800ZC<\/strong><\/h3>\n\t<div class=\"img has-hover x md-x lg-x y md-y lg-y\" id=\"image_1766523198\">\n\t\t\t\t\t\t\t\t<div class=\"img-inner dark\" >\n\t\t\t<img loading=\"lazy\" decoding=\"async\" width=\"1217\" height=\"654\" src=\"https:\/\/swoer.com\/wp-content\/uploads\/2024\/05\/SW-800ZC.webp\" class=\"attachment-original size-original\" alt=\"SW-800ZC\" srcset=\"https:\/\/swoer.com\/wp-content\/uploads\/2024\/05\/SW-800ZC.webp 1217w, https:\/\/swoer.com\/wp-content\/uploads\/2024\/05\/SW-800ZC-300x161.webp 300w, https:\/\/swoer.com\/wp-content\/uploads\/2024\/05\/SW-800ZC-1024x550.webp 1024w, https:\/\/swoer.com\/wp-content\/uploads\/2024\/05\/SW-800ZC-768x413.webp 768w, https:\/\/swoer.com\/wp-content\/uploads\/2024\/05\/SW-800ZC-18x10.webp 18w, https:\/\/swoer.com\/wp-content\/uploads\/2024\/05\/SW-800ZC-600x322.webp 600w\" sizes=\"(max-width: 1217px) 100vw, 1217px\" \/>\t\t\t\t\t\t\n\t\t\t\t\t<\/div>\n\t\t\t\t\t\t\t\t\n<style>\n#image_1766523198 {\n  width: 100%;\n}\n<\/style>\n\t<\/div>","protected":false},"excerpt":{"rendered":"<p>Podajnik wibracyjny liniowy serii ZC dost\u0119pny jest w 2 modelach:<\/p>\n<p>SW-600ZC<\/p>\n<p>SW-600ZC<\/p>","protected":false},"featured_media":2064,"comment_status":"open","ping_status":"closed","template":"","meta":[],"product_cat":[55],"product_tag":[],"yoast_head":"<!-- This site is optimized with the Yoast SEO plugin v22.2 - https:\/\/yoast.com\/wordpress\/plugins\/seo\/ -->\n<title>Vibratory Linear Feeder ZC Series - SWOER<\/title>\n<meta name=\"description\" content=\"The advanced Vibratory Linear Feeder ZC Series offers precise material handling and consistent performance. Ideal for automation and manufacturing processes, it enhances your production efficiency today!\" \/>\n<meta name=\"robots\" content=\"index, follow, max-snippet:-1, max-image-preview:large, max-video-preview:-1\" \/>\n<link rel=\"canonical\" href=\"https:\/\/swoer.com\/pl\/manufacturer\/vibratory-linear-feeder-zc-series\/\" \/>\n<meta property=\"og:locale\" content=\"pl_PL\" \/>\n<meta property=\"og:type\" content=\"article\" \/>\n<meta property=\"og:title\" content=\"Vibratory Linear Feeder ZC Series - SWOER\" \/>\n<meta property=\"og:description\" content=\"The advanced Vibratory Linear Feeder ZC Series offers precise material handling and consistent performance. Ideal for automation and manufacturing processes, it enhances your production efficiency today!\" \/>\n<meta property=\"og:url\" content=\"https:\/\/swoer.com\/pl\/manufacturer\/vibratory-linear-feeder-zc-series\/\" \/>\n<meta property=\"og:site_name\" content=\"SWOER\" \/>\n<meta property=\"article:modified_time\" content=\"2024-06-25T01:24:50+00:00\" \/>\n<meta property=\"og:image\" content=\"https:\/\/swoer.com\/wp-content\/uploads\/2024\/05\/Vibratory-Linear-Feeder-ZC-Series.webp\" \/>\n\t<meta property=\"og:image:width\" content=\"1000\" \/>\n\t<meta property=\"og:image:height\" content=\"1000\" \/>\n\t<meta property=\"og:image:type\" content=\"image\/webp\" \/>\n<meta name=\"twitter:card\" content=\"summary_large_image\" \/>\n<meta name=\"twitter:label1\" content=\"Szacowany czas czytania\" \/>\n\t<meta name=\"twitter:data1\" content=\"1 minuta\" \/>\n<script type=\"application\/ld+json\" class=\"yoast-schema-graph\">{\"@context\":\"https:\/\/schema.org\",\"@graph\":[{\"@type\":\"WebPage\",\"@id\":\"https:\/\/swoer.com\/manufacturer\/vibratory-linear-feeder-zc-series\/\",\"url\":\"https:\/\/swoer.com\/manufacturer\/vibratory-linear-feeder-zc-series\/\",\"name\":\"Vibratory Linear Feeder ZC Series - SWOER\",\"isPartOf\":{\"@id\":\"https:\/\/swoer.com\/#website\"},\"primaryImageOfPage\":{\"@id\":\"https:\/\/swoer.com\/manufacturer\/vibratory-linear-feeder-zc-series\/#primaryimage\"},\"image\":{\"@id\":\"https:\/\/swoer.com\/manufacturer\/vibratory-linear-feeder-zc-series\/#primaryimage\"},\"thumbnailUrl\":\"https:\/\/swoer.com\/wp-content\/uploads\/2024\/05\/Vibratory-Linear-Feeder-ZC-Series.webp\",\"datePublished\":\"2024-05-11T07:32:07+00:00\",\"dateModified\":\"2024-06-25T01:24:50+00:00\",\"description\":\"The advanced Vibratory Linear Feeder ZC Series offers precise material handling and consistent performance. Ideal for automation and manufacturing processes, it enhances your production efficiency today!\",\"breadcrumb\":{\"@id\":\"https:\/\/swoer.com\/manufacturer\/vibratory-linear-feeder-zc-series\/#breadcrumb\"},\"inLanguage\":\"pl-PL\",\"potentialAction\":[{\"@type\":\"ReadAction\",\"target\":[\"https:\/\/swoer.com\/manufacturer\/vibratory-linear-feeder-zc-series\/\"]}]},{\"@type\":\"ImageObject\",\"inLanguage\":\"pl-PL\",\"@id\":\"https:\/\/swoer.com\/manufacturer\/vibratory-linear-feeder-zc-series\/#primaryimage\",\"url\":\"https:\/\/swoer.com\/wp-content\/uploads\/2024\/05\/Vibratory-Linear-Feeder-ZC-Series.webp\",\"contentUrl\":\"https:\/\/swoer.com\/wp-content\/uploads\/2024\/05\/Vibratory-Linear-Feeder-ZC-Series.webp\",\"width\":1000,\"height\":1000,\"caption\":\"Vibratory Linear Feeder ZC Series\"},{\"@type\":\"BreadcrumbList\",\"@id\":\"https:\/\/swoer.com\/manufacturer\/vibratory-linear-feeder-zc-series\/#breadcrumb\",\"itemListElement\":[{\"@type\":\"ListItem\",\"position\":1,\"name\":\"Home\",\"item\":\"https:\/\/swoer.com\/\"},{\"@type\":\"ListItem\",\"position\":2,\"name\":\"Shop\",\"item\":\"https:\/\/swoer.com\/shop\/\"},{\"@type\":\"ListItem\",\"position\":3,\"name\":\"Vibratory Linear Feeder ZC Series\"}]},{\"@type\":\"WebSite\",\"@id\":\"https:\/\/swoer.com\/#website\",\"url\":\"https:\/\/swoer.com\/\",\"name\":\"SWOER\",\"description\":\"Swoer is the top 3 vibratory bowl feeder manufacturer in China\",\"potentialAction\":[{\"@type\":\"SearchAction\",\"target\":{\"@type\":\"EntryPoint\",\"urlTemplate\":\"https:\/\/swoer.com\/?s={search_term_string}\"},\"query-input\":\"required name=search_term_string\"}],\"inLanguage\":\"pl-PL\"}]}<\/script>\n<!-- \/ Yoast SEO plugin. -->","yoast_head_json":{"title":"Vibratory Linear Feeder ZC Series - SWOER","description":"The advanced Vibratory Linear Feeder ZC Series offers precise material handling and consistent performance. Ideal for automation and manufacturing processes, it enhances your production efficiency today!","robots":{"index":"index","follow":"follow","max-snippet":"max-snippet:-1","max-image-preview":"max-image-preview:large","max-video-preview":"max-video-preview:-1"},"canonical":"https:\/\/swoer.com\/pl\/manufacturer\/vibratory-linear-feeder-zc-series\/","og_locale":"pl_PL","og_type":"article","og_title":"Vibratory Linear Feeder ZC Series - SWOER","og_description":"The advanced Vibratory Linear Feeder ZC Series offers precise material handling and consistent performance. Ideal for automation and manufacturing processes, it enhances your production efficiency today!","og_url":"https:\/\/swoer.com\/pl\/manufacturer\/vibratory-linear-feeder-zc-series\/","og_site_name":"SWOER","article_modified_time":"2024-06-25T01:24:50+00:00","og_image":[{"width":1000,"height":1000,"url":"https:\/\/swoer.com\/wp-content\/uploads\/2024\/05\/Vibratory-Linear-Feeder-ZC-Series.webp","type":"image\/webp"}],"twitter_card":"summary_large_image","twitter_misc":{"Szacowany czas czytania":"1 minuta"},"schema":{"@context":"https:\/\/schema.org","@graph":[{"@type":"WebPage","@id":"https:\/\/swoer.com\/manufacturer\/vibratory-linear-feeder-zc-series\/","url":"https:\/\/swoer.com\/manufacturer\/vibratory-linear-feeder-zc-series\/","name":"Vibratory Linear Feeder ZC Series - SWOER","isPartOf":{"@id":"https:\/\/swoer.com\/#website"},"primaryImageOfPage":{"@id":"https:\/\/swoer.com\/manufacturer\/vibratory-linear-feeder-zc-series\/#primaryimage"},"image":{"@id":"https:\/\/swoer.com\/manufacturer\/vibratory-linear-feeder-zc-series\/#primaryimage"},"thumbnailUrl":"https:\/\/swoer.com\/wp-content\/uploads\/2024\/05\/Vibratory-Linear-Feeder-ZC-Series.webp","datePublished":"2024-05-11T07:32:07+00:00","dateModified":"2024-06-25T01:24:50+00:00","description":"The advanced Vibratory Linear Feeder ZC Series offers precise material handling and consistent performance. Ideal for automation and manufacturing processes, it enhances your production efficiency today!","breadcrumb":{"@id":"https:\/\/swoer.com\/manufacturer\/vibratory-linear-feeder-zc-series\/#breadcrumb"},"inLanguage":"pl-PL","potentialAction":[{"@type":"ReadAction","target":["https:\/\/swoer.com\/manufacturer\/vibratory-linear-feeder-zc-series\/"]}]},{"@type":"ImageObject","inLanguage":"pl-PL","@id":"https:\/\/swoer.com\/manufacturer\/vibratory-linear-feeder-zc-series\/#primaryimage","url":"https:\/\/swoer.com\/wp-content\/uploads\/2024\/05\/Vibratory-Linear-Feeder-ZC-Series.webp","contentUrl":"https:\/\/swoer.com\/wp-content\/uploads\/2024\/05\/Vibratory-Linear-Feeder-ZC-Series.webp","width":1000,"height":1000,"caption":"Vibratory Linear Feeder ZC Series"},{"@type":"BreadcrumbList","@id":"https:\/\/swoer.com\/manufacturer\/vibratory-linear-feeder-zc-series\/#breadcrumb","itemListElement":[{"@type":"ListItem","position":1,"name":"Home","item":"https:\/\/swoer.com\/"},{"@type":"ListItem","position":2,"name":"Shop","item":"https:\/\/swoer.com\/shop\/"},{"@type":"ListItem","position":3,"name":"Vibratory Linear Feeder ZC Series"}]},{"@type":"WebSite","@id":"https:\/\/swoer.com\/#website","url":"https:\/\/swoer.com\/","name":"SWOER","description":"Swoer is the top 3 vibratory bowl feeder manufacturer in China","potentialAction":[{"@type":"SearchAction","target":{"@type":"EntryPoint","urlTemplate":"https:\/\/swoer.com\/?s={search_term_string}"},"query-input":"required name=search_term_string"}],"inLanguage":"pl-PL"}]}},"_links":{"self":[{"href":"https:\/\/swoer.com\/pl\/wp-json\/wp\/v2\/product\/2063"}],"collection":[{"href":"https:\/\/swoer.com\/pl\/wp-json\/wp\/v2\/product"}],"about":[{"href":"https:\/\/swoer.com\/pl\/wp-json\/wp\/v2\/types\/product"}],"replies":[{"embeddable":true,"href":"https:\/\/swoer.com\/pl\/wp-json\/wp\/v2\/comments?post=2063"}],"wp:featuredmedia":[{"embeddable":true,"href":"https:\/\/swoer.com\/pl\/wp-json\/wp\/v2\/media\/2064"}],"wp:attachment":[{"href":"https:\/\/swoer.com\/pl\/wp-json\/wp\/v2\/media?parent=2063"}],"wp:term":[{"taxonomy":"product_cat","embeddable":true,"href":"https:\/\/swoer.com\/pl\/wp-json\/wp\/v2\/product_cat?post=2063"},{"taxonomy":"product_tag","embeddable":true,"href":"https:\/\/swoer.com\/pl\/wp-json\/wp\/v2\/product_tag?post=2063"}],"curies":[{"name":"wp","href":"https:\/\/api.w.org\/{rel}","templated":true}]}}