{"id":1991,"date":"2024-04-17T08:17:36","date_gmt":"2024-04-17T08:17:36","guid":{"rendered":"https:\/\/swoer.com\/?post_type=product&#038;p=1991"},"modified":"2024-04-17T08:24:59","modified_gmt":"2024-04-17T08:24:59","slug":"variable-voltage-digital-controller-for-vibratory-feeder-sw-30","status":"publish","type":"product","link":"https:\/\/swoer.com\/pl\/manufacturer\/variable-voltage-digital-controller-for-vibratory-feeder-sw-30\/","title":{"rendered":"Cyfrowy sterownik zmiennonapi\u0119ciowy do podajnika wibracyjnego SW-30"},"content":{"rendered":"<h2>Cechy<\/h2>\n<p>Wymiary: d\u0142.150mm*szer.69mm*wys.70mm90mm<br \/>Rozmiar otworu monta\u017cowego: 130 mm * 62 mm 3 lata gwarancji<\/p>\n<p><strong>1.<\/strong> Wysoki wsp\u00f3\u0142czynnik mocy, znacznie obni\u017caj\u0105cy koszty energii elektrycznej. W por\u00f3wnaniu do zwyk\u0142ego sterownika, przy najcz\u0119\u015bciej u\u017cywanym pr\u0105dzie nap\u0119du 1,5 A, za\u0142\u00f3\u017cmy, \u017ce 1,0 RMB na kilowat, u\u017cycie tego sterownika przy pracy przez osiem godzin dziennie pozwala zaoszcz\u0119dzi\u0107 oko\u0142o 1,6 RMB energii elektrycznej. <\/p>\n<p><strong>2.<\/strong> Wysokowydajny inteligentny interfejs fotoelektryczny do pod\u0142\u0105czenia zewn\u0119trznego czujnika fotoelektrycznego (dost\u0119pne jest promieniowanie i odbicie), wbudowana technologia cyfrowego rozpoznawania rozmytego, opr\u00f3cz adaptacyjnego \u015bwiat\u0142a otoczenia, czu\u0142o\u015b\u0107 mo\u017cna ustawi\u0107 na 99 fotoelektrycznych, bez kosztownego \u015bwiat\u0142owodu czujnik optyczny, dok\u0142adna identyfikacja ma\u0142ego lub p\u00f3\u0142przezroczystego podawania przedmiotu obrabianego. <\/p>\n<p><strong>3.<\/strong> Szybkie dzia\u0142anie, opatentowana konstrukcja, szybka i dok\u0142adna, niezawodna i trwa\u0142a. <\/p>\n<p><strong>4.<\/strong> Optymalizacja zewn\u0119trznego z\u0142\u0105cza steruj\u0105cego, elastyczna i wygodna instalacja. <\/p>\n<p><strong>5.<\/strong> Wbudowany inteligentny program powolnego startu i powolnego zatrzymania zapewnia p\u0142ynne podawanie momentu rozpocz\u0119cia i zatrzymania. <\/p>\n<p><strong>6.<\/strong> Wyj\u015bcie zasilania 24V 200mA DC. <\/p>\n<p><strong>7.<\/strong> Przyjmuje wysokowydajne urz\u0105dzenia zasilaj\u0105ce, zmniejsza straty ciep\u0142a, optymalizuje konstrukcj\u0119 termiczn\u0105, obni\u017ca wzrost temperatury oraz dzia\u0142a bardziej stabilnie i niezawodnie. <\/p>\n<p><strong>8.<\/strong> Precyzyjny regulator, w przypadku waha\u0144 napi\u0119cia w sieci energetycznej, utrzymuje stabilne napi\u0119cie wyj\u015bciowe i mo\u017ce skutecznie hamowa\u0107 efekt dudnienia spowodowany cz\u0119stotliwo\u015bci\u0105 zasilania. <\/p>\n<p><strong>9.<\/strong> Mo\u017cliwo\u015b\u0107 dostosowania g\u00f3rnego limitu napi\u0119cia wyj\u015bciowego w celu spe\u0142nienia r\u00f3\u017cnych zastosowa\u0144 i wymaganego wyposa\u017cenia maszyn. <br \/>10. Wysoce zintegrowany system, zoptymalizowane wymiary, lekko\u015b\u0107, niewielka powierzchnia, \u0142atwa instalacja. <\/p>\n<p><strong>11.<\/strong> Ca\u0142kowicie zamkni\u0119ta obudowa, przystosowana do nieprzyjaznego \u015brodowiska pracy. <\/p>\n<p><strong>12.<\/strong> Z przegrzaniem, przeci\u0105\u017ceniem, zabezpieczeniem przed zwarciem wyj\u015bcia.<\/p>\n<h2><strong>Specyfikacja techniczna<\/strong><\/h2>\n<table style=\"border-collapse: collapse; width: 540.77pt;\" border=\"0\" width=\"721\" cellspacing=\"0\" cellpadding=\"0\">\n<tbody>\n<tr style=\"height: 17.25pt;\">\n<td class=\"et2\" style=\"height: 33.75pt; width: 135.75pt;\" rowspan=\"2\" width=\"181\" height=\"45\">Przedmiot<\/td>\n<td class=\"et3\" style=\"width: 181.50pt;\" colspan=\"2\" width=\"242\">Warto\u015b\u0107 zakresu<\/td>\n<td class=\"et4\" style=\"width: 84.00pt; border-bottom: 1.0pt solid #DDDDDD;\" rowspan=\"2\" width=\"112\">Jednostka<\/td>\n<td class=\"et5\" style=\"width: 139.50pt;\" rowspan=\"2\" width=\"186\">Uwaga<\/td>\n<\/tr>\n<tr style=\"height: 16.50pt;\">\n<td class=\"et7\" style=\"width: 87.75pt;\" width=\"117\">Min.<\/td>\n<td class=\"et7\" style=\"width: 93.75pt;\" width=\"125\">Maks.<\/td>\n<\/tr>\n<tr style=\"height: 45.75pt;\">\n<td class=\"et6\" style=\"height: 45.75pt; width: 135.75pt;\" width=\"181\" height=\"61\">Napi\u0119cie wej\u015bciowe<\/td>\n<td class=\"et10\" style=\"width: 87.75pt;\" width=\"117\">85<\/td>\n<td class=\"et10\" style=\"width: 93.75pt;\" width=\"125\">265<\/td>\n<td class=\"et10\" style=\"width: 84.00pt;\" width=\"112\">V<\/td>\n<td class=\"et11\" style=\"width: 139.50pt;\" width=\"186\">Fala sinusoidalna 50\/60 Hz<\/td>\n<\/tr>\n<tr style=\"height: 75.75pt;\">\n<td class=\"et6\" style=\"height: 75.75pt; width: 135.75pt;\" width=\"181\" height=\"101\">Napi\u0119cie wyj\u015bciowe<\/td>\n<td class=\"et10\" style=\"width: 87.75pt;\" width=\"117\">0<\/td>\n<td class=\"et10\" style=\"width: 93.75pt;\" width=\"125\">250<\/td>\n<td class=\"et10\" style=\"width: 84.00pt;\" width=\"112\">V<\/td>\n<td class=\"et11\" style=\"width: 139.50pt;\" width=\"186\">Dok\u0142adno\u015b\u0107 regulacji napi\u0119cia: 1 V<\/td>\n<\/tr>\n<tr style=\"height: 60.75pt;\">\n<td class=\"et6\" style=\"height: 60.75pt; width: 135.75pt;\" width=\"181\" height=\"81\">Pr\u0105d wyj\u015bciowy<\/td>\n<td class=\"et10\" style=\"width: 87.75pt;\" width=\"117\">0<\/td>\n<td class=\"et10\" style=\"width: 93.75pt;\" width=\"125\">4.5<\/td>\n<td class=\"et10\" style=\"width: 84.00pt;\" width=\"112\">A<\/td>\n<td class=\"et11\" style=\"width: 139.50pt;\" width=\"186\">Moc znamionowa: 1,5A\/3a\/4,5A<\/td>\n<\/tr>\n<tr style=\"height: 60.75pt;\">\n<td class=\"et6\" style=\"height: 60.75pt; width: 135.75pt;\" width=\"181\" height=\"81\">Cz\u0119stotliwo\u015b\u0107 wyj\u015bciowa<\/td>\n<td class=\"et10\" style=\"width: 87.75pt;\" width=\"117\">40<\/td>\n<td class=\"et10\" style=\"width: 93.75pt;\" width=\"125\">400<\/td>\n<td class=\"et10\" style=\"width: 84.00pt;\" width=\"112\">Hz<\/td>\n<td class=\"et11\" style=\"width: 139.50pt;\" width=\"186\">Dok\u0142adno\u015b\u0107 zakresu cz\u0119stotliwo\u015bci: 0,1 Hz<\/td>\n<\/tr>\n<tr style=\"height: 33.00pt;\">\n<td class=\"et6\" style=\"height: 33.00pt; width: 135.75pt;\" width=\"181\" height=\"44\">Fala wyj\u015bciowa<\/td>\n<td class=\"et10\" style=\"width: 405.00pt;\" colspan=\"4\" width=\"540\">Sinusoida<\/td>\n<\/tr>\n<tr style=\"height: 63.75pt;\">\n<td class=\"et6\" style=\"height: 63.75pt; width: 135.75pt;\" width=\"181\" height=\"85\">Zakres czasu op\u00f3\u017anienia rozpocz\u0119cia<\/td>\n<td class=\"et10\" style=\"width: 87.75pt;\" width=\"117\">0<\/td>\n<td class=\"et10\" style=\"width: 93.75pt;\" width=\"125\">30<\/td>\n<td class=\"et10\" style=\"width: 84.00pt;\" width=\"112\">S<\/td>\n<td class=\"et11\" style=\"width: 139.50pt;\" width=\"186\">Dok\u0142adno\u015b\u0107 czasu op\u00f3\u017anienia: 15<\/td>\n<\/tr>\n<tr style=\"height: 60.75pt;\">\n<td class=\"et6\" style=\"height: 60.75pt; width: 135.75pt;\" width=\"181\" height=\"81\">Zakres czasu op\u00f3\u017anienia wy\u0142\u0105czenia<\/td>\n<td class=\"et10\" style=\"width: 87.75pt;\" width=\"117\">0<\/td>\n<td class=\"et10\" style=\"width: 93.75pt;\" width=\"125\">30<\/td>\n<td class=\"et10\" style=\"width: 84.00pt;\" width=\"112\">S<\/td>\n<td class=\"et11\" style=\"width: 139.50pt;\" width=\"186\">Dok\u0142adno\u015b\u0107 czasu op\u00f3\u017anienia: 15<\/td>\n<\/tr>\n<tr style=\"height: 60.75pt;\">\n<td class=\"et6\" style=\"height: 60.75pt; width: 135.75pt;\" width=\"181\" height=\"81\">Powolny czas rozpocz\u0119cia<\/td>\n<td class=\"et10\" style=\"width: 87.75pt;\" width=\"117\">0.1<\/td>\n<td class=\"et10\" style=\"width: 93.75pt;\" width=\"125\">9.9<\/td>\n<td class=\"et10\" style=\"width: 84.00pt;\" width=\"112\">S<\/td>\n<td class=\"et11\" style=\"width: 139.50pt;\" width=\"186\">Czas wolnego startu: 0,15<\/td>\n<\/tr>\n<tr style=\"height: 48.00pt;\">\n<td class=\"et6\" style=\"height: 48.00pt; width: 135.75pt;\" width=\"181\" height=\"64\">Wolny czas zatrzymania<\/td>\n<td class=\"et10\" style=\"width: 87.75pt;\" width=\"117\">0.1<\/td>\n<td class=\"et10\" style=\"width: 93.75pt;\" width=\"125\">0.3<\/td>\n<td class=\"et10\" style=\"width: 84.00pt;\" width=\"112\">S<\/td>\n<td class=\"et11\" style=\"width: 139.50pt;\" width=\"186\">Programowanie automatycznej kontroli<\/td>\n<\/tr>\n<tr style=\"height: 120.75pt;\">\n<td class=\"et6\" style=\"height: 120.75pt; width: 135.75pt;\" width=\"181\" height=\"161\">Czu\u0142o\u015b\u0107 fotoelektryczna<\/td>\n<td class=\"et10\" style=\"width: 87.75pt;\" width=\"117\">0<\/td>\n<td class=\"et10\" style=\"width: 93.75pt;\" width=\"125\">99<\/td>\n<td class=\"et12\" style=\"width: 84.00pt;\" width=\"112\">\u00a0<\/td>\n<td class=\"et11\" style=\"width: 139.50pt;\" width=\"186\">Im wy\u017csza warto\u015b\u0107. Im wi\u0119ksza wra\u017cliwo\u015b\u0107<\/td>\n<\/tr>\n<tr style=\"height: 136.50pt;\">\n<td class=\"et6\" style=\"height: 136.50pt; width: 135.75pt;\" width=\"181\" height=\"182\">Wyj\u015bcie steruj\u0105ce DC<\/td>\n<td class=\"et10\" style=\"width: 181.50pt;\" colspan=\"2\" width=\"242\">24 V 200 mA<\/td>\n<td class=\"et12\" style=\"width: 84.00pt;\" width=\"112\">\u00a0<\/td>\n<td class=\"et11\" style=\"width: 139.50pt;\" width=\"186\">Nap\u0119dza czujniki zewn\u0119trzne i elektrozawory ma\u0142ej mocy do zasilania<\/td>\n<\/tr>\n<tr style=\"height: 64.50pt;\">\n<td class=\"et6\" style=\"height: 64.50pt; width: 135.75pt;\" width=\"181\" height=\"86\">Pob\u00f3r mocy bez obci\u0105\u017cenia<\/td>\n<td class=\"et10\" style=\"width: 181.50pt;\" colspan=\"2\" width=\"242\">\uff1c3W<\/td>\n<td class=\"et10\" style=\"width: 84.00pt;\" width=\"112\">W<\/td>\n<td class=\"et11\" style=\"width: 139.50pt;\" width=\"186\">Napi\u0119cie wej\u015bciowe: 220 V 50 Hz<\/td>\n<\/tr>\n<tr style=\"height: 33.00pt;\">\n<td class=\"et6\" style=\"height: 33.00pt; width: 135.75pt;\" width=\"181\" height=\"44\">Tryb wy\u015bwietlania<\/td>\n<td class=\"et10\" style=\"width: 181.50pt;\" colspan=\"2\" width=\"242\">LED + lampka kontrolna 5<\/td>\n<td class=\"et12\" style=\"width: 84.00pt;\" width=\"112\">\u00a0<\/td>\n<td class=\"et13\" style=\"width: 139.50pt;\" width=\"186\">\u00a0<\/td>\n<\/tr>\n<tr style=\"height: 91.50pt;\">\n<td class=\"et6\" style=\"height: 91.50pt; width: 135.75pt;\" width=\"181\" height=\"122\">Tryb dzia\u0142ania<\/td>\n<td class=\"et10\" style=\"width: 181.50pt;\" colspan=\"2\" width=\"242\">Klucze + prze\u0142\u0105cznik koduj\u0105cy<\/td>\n<td class=\"et12\" style=\"width: 84.00pt;\" width=\"112\">\u00a0<\/td>\n<td class=\"et11\" style=\"width: 139.50pt;\" width=\"186\">Funkcja szybkiego prze\u0142\u0105czania, opatentowana konstrukcja<\/td>\n<\/tr>\n<tr style=\"height: 76.50pt;\">\n<td class=\"et6\" style=\"height: 182.25pt; width: 135.75pt;\" rowspan=\"2\" width=\"181\" height=\"243\">Tryb sterowania<\/td>\n<td class=\"et10\" style=\"width: 87.75pt;\" width=\"117\">Z czujnikiem fotoelektrycznym na podczerwie\u0144<\/td>\n<td class=\"et12\" style=\"width: 93.75pt;\" width=\"125\">\u00a0<\/td>\n<td class=\"et12\" style=\"width: 84.00pt;\" width=\"112\">\u00a0<\/td>\n<td class=\"et11\" style=\"width: 139.50pt;\" rowspan=\"2\" width=\"186\">Kontrola pe\u0142nego\/pustego materia\u0142u<\/td>\n<\/tr>\n<tr style=\"height: 105.75pt;\">\n<td class=\"et10\" style=\"width: 87.75pt;\" width=\"117\">Sygna\u0142 niskiego poziomu (czujnik og\u00f3lnego przeznaczenia NPN lub sterownik PLC)<\/td>\n<td class=\"et12\" style=\"width: 93.75pt;\" width=\"125\">\u00a0<\/td>\n<td class=\"et12\" style=\"width: 84.00pt;\" width=\"112\">\u00a0<\/td>\n<\/tr>\n<tr style=\"height: 60.75pt;\">\n<td class=\"et6\" style=\"height: 60.75pt; width: 135.75pt;\" width=\"181\" height=\"81\">Temperatura pracy<\/td>\n<td class=\"et10\" style=\"width: 87.75pt;\" width=\"117\">-20<\/td>\n<td class=\"et10\" style=\"width: 93.75pt;\" width=\"125\">40<\/td>\n<td class=\"et10\" style=\"width: 84.00pt;\" width=\"112\">\u2103<\/td>\n<td class=\"et11\" style=\"width: 139.50pt;\" width=\"186\">Zabezpieczenie przed przegrzaniem: 58 \u2103<\/td>\n<\/tr>\n<tr style=\"height: 48.00pt;\">\n<td class=\"et6\" style=\"height: 48.00pt; width: 135.75pt;\" width=\"181\" height=\"64\">Robocza wilgotno\u015b\u0107 wzgl\u0119dna<\/td>\n<td class=\"et10\" style=\"width: 87.75pt;\" width=\"117\">0<\/td>\n<td class=\"et10\" style=\"width: 93.75pt;\" width=\"125\">90<\/td>\n<td class=\"et10\" style=\"width: 84.00pt;\" width=\"112\">%<\/td>\n<td class=\"et11\" style=\"width: 139.50pt;\" width=\"186\">Bez kondensatu<\/td>\n<\/tr>\n<tr style=\"height: 64.50pt;\">\n<td class=\"et6\" style=\"height: 64.50pt; width: 135.75pt;\" width=\"181\" height=\"86\">\u015arodki ochrony<\/td>\n<td class=\"et10\" style=\"width: 405.00pt;\" colspan=\"4\" width=\"540\">Przegrzanie, przet\u0119\u017cenie, zabezpieczenie przed zwarciem wyj\u015bcia<\/td>\n<\/tr>\n<tr style=\"height: 31.50pt;\">\n<td class=\"et14\" style=\"height: 31.50pt; width: 135.75pt;\" width=\"181\" height=\"42\">Aplikacja<\/td>\n<td class=\"et15\" style=\"width: 405.00pt;\" colspan=\"4\" width=\"540\">Elektromagnetyczny<\/td>\n<\/tr>\n<\/tbody>\n<\/table>","protected":false},"excerpt":{"rendered":"<p>Kompaktowy kontroler L150mmW69mmH70mm90mm, instalacja 130mm*62mm. Wysoka oszcz\u0119dno\u015b\u0107 wsp\u00f3\u0142czynnika mocy, inteligentny interfejs optyczny, opatentowana pr\u0119dko\u015b\u0107 dzia\u0142ania, wyj\u015bcie 24 V 200 mA, 3 lata gwarancji.<\/p>","protected":false},"featured_media":1992,"comment_status":"open","ping_status":"closed","template":"","meta":[],"product_cat":[45],"product_tag":[],"yoast_head":"<!-- This site is optimized with the Yoast SEO plugin v22.2 - https:\/\/yoast.com\/wordpress\/plugins\/seo\/ -->\n<title>Variable Voltage Digital Controller for Vibratory Feeder SW-30 - SWOER<\/title>\n<meta name=\"robots\" content=\"index, follow, max-snippet:-1, max-image-preview:large, max-video-preview:-1\" \/>\n<link rel=\"canonical\" href=\"https:\/\/swoer.com\/pl\/manufacturer\/variable-voltage-digital-controller-for-vibratory-feeder-sw-30\/\" \/>\n<meta property=\"og:locale\" content=\"pl_PL\" \/>\n<meta property=\"og:type\" content=\"article\" \/>\n<meta property=\"og:title\" content=\"Variable Voltage Digital Controller for Vibratory Feeder SW-30 - SWOER\" \/>\n<meta property=\"og:description\" content=\"Compact controller L150mmW69mmH70mm90mm, 130mm*62mm installation. High power factor saving, smart optical interface, patented speed operation, 24V 200mA output, 3-year warranty.\" \/>\n<meta property=\"og:url\" content=\"https:\/\/swoer.com\/pl\/manufacturer\/variable-voltage-digital-controller-for-vibratory-feeder-sw-30\/\" \/>\n<meta property=\"og:site_name\" content=\"SWOER\" \/>\n<meta property=\"article:modified_time\" content=\"2024-04-17T08:24:59+00:00\" \/>\n<meta property=\"og:image\" content=\"https:\/\/swoer.com\/wp-content\/uploads\/2024\/04\/variable-voltage-digital-controller-for-vibratory-feeder-SW-30.webp\" \/>\n\t<meta property=\"og:image:width\" content=\"1000\" \/>\n\t<meta property=\"og:image:height\" content=\"1000\" \/>\n\t<meta property=\"og:image:type\" content=\"image\/webp\" \/>\n<meta name=\"twitter:card\" content=\"summary_large_image\" \/>\n<meta name=\"twitter:label1\" content=\"Szacowany czas czytania\" \/>\n\t<meta name=\"twitter:data1\" content=\"1 minuta\" \/>\n<script type=\"application\/ld+json\" class=\"yoast-schema-graph\">{\"@context\":\"https:\/\/schema.org\",\"@graph\":[{\"@type\":\"WebPage\",\"@id\":\"https:\/\/swoer.com\/manufacturer\/variable-voltage-digital-controller-for-vibratory-feeder-sw-30\/\",\"url\":\"https:\/\/swoer.com\/manufacturer\/variable-voltage-digital-controller-for-vibratory-feeder-sw-30\/\",\"name\":\"Variable Voltage Digital Controller for Vibratory Feeder SW-30 - SWOER\",\"isPartOf\":{\"@id\":\"https:\/\/swoer.com\/#website\"},\"primaryImageOfPage\":{\"@id\":\"https:\/\/swoer.com\/manufacturer\/variable-voltage-digital-controller-for-vibratory-feeder-sw-30\/#primaryimage\"},\"image\":{\"@id\":\"https:\/\/swoer.com\/manufacturer\/variable-voltage-digital-controller-for-vibratory-feeder-sw-30\/#primaryimage\"},\"thumbnailUrl\":\"https:\/\/swoer.com\/wp-content\/uploads\/2024\/04\/variable-voltage-digital-controller-for-vibratory-feeder-SW-30.webp\",\"datePublished\":\"2024-04-17T08:17:36+00:00\",\"dateModified\":\"2024-04-17T08:24:59+00:00\",\"breadcrumb\":{\"@id\":\"https:\/\/swoer.com\/manufacturer\/variable-voltage-digital-controller-for-vibratory-feeder-sw-30\/#breadcrumb\"},\"inLanguage\":\"pl-PL\",\"potentialAction\":[{\"@type\":\"ReadAction\",\"target\":[\"https:\/\/swoer.com\/manufacturer\/variable-voltage-digital-controller-for-vibratory-feeder-sw-30\/\"]}]},{\"@type\":\"ImageObject\",\"inLanguage\":\"pl-PL\",\"@id\":\"https:\/\/swoer.com\/manufacturer\/variable-voltage-digital-controller-for-vibratory-feeder-sw-30\/#primaryimage\",\"url\":\"https:\/\/swoer.com\/wp-content\/uploads\/2024\/04\/variable-voltage-digital-controller-for-vibratory-feeder-SW-30.webp\",\"contentUrl\":\"https:\/\/swoer.com\/wp-content\/uploads\/2024\/04\/variable-voltage-digital-controller-for-vibratory-feeder-SW-30.webp\",\"width\":1000,\"height\":1000,\"caption\":\"variable voltage digital controller for vibratory feeder SW-30\"},{\"@type\":\"BreadcrumbList\",\"@id\":\"https:\/\/swoer.com\/manufacturer\/variable-voltage-digital-controller-for-vibratory-feeder-sw-30\/#breadcrumb\",\"itemListElement\":[{\"@type\":\"ListItem\",\"position\":1,\"name\":\"Home\",\"item\":\"https:\/\/swoer.com\/\"},{\"@type\":\"ListItem\",\"position\":2,\"name\":\"Shop\",\"item\":\"https:\/\/swoer.com\/shop\/\"},{\"@type\":\"ListItem\",\"position\":3,\"name\":\"Variable Voltage Digital Controller for Vibratory Feeder SW-30\"}]},{\"@type\":\"WebSite\",\"@id\":\"https:\/\/swoer.com\/#website\",\"url\":\"https:\/\/swoer.com\/\",\"name\":\"SWOER\",\"description\":\"Swoer is the top 3 vibratory bowl feeder manufacturer in China\",\"potentialAction\":[{\"@type\":\"SearchAction\",\"target\":{\"@type\":\"EntryPoint\",\"urlTemplate\":\"https:\/\/swoer.com\/?s={search_term_string}\"},\"query-input\":\"required name=search_term_string\"}],\"inLanguage\":\"pl-PL\"}]}<\/script>\n<!-- \/ Yoast SEO plugin. -->","yoast_head_json":{"title":"Variable Voltage Digital Controller for Vibratory Feeder SW-30 - SWOER","robots":{"index":"index","follow":"follow","max-snippet":"max-snippet:-1","max-image-preview":"max-image-preview:large","max-video-preview":"max-video-preview:-1"},"canonical":"https:\/\/swoer.com\/pl\/manufacturer\/variable-voltage-digital-controller-for-vibratory-feeder-sw-30\/","og_locale":"pl_PL","og_type":"article","og_title":"Variable Voltage Digital Controller for Vibratory Feeder SW-30 - SWOER","og_description":"Compact controller L150mmW69mmH70mm90mm, 130mm*62mm installation. High power factor saving, smart optical interface, patented speed operation, 24V 200mA output, 3-year warranty.","og_url":"https:\/\/swoer.com\/pl\/manufacturer\/variable-voltage-digital-controller-for-vibratory-feeder-sw-30\/","og_site_name":"SWOER","article_modified_time":"2024-04-17T08:24:59+00:00","og_image":[{"width":1000,"height":1000,"url":"https:\/\/swoer.com\/wp-content\/uploads\/2024\/04\/variable-voltage-digital-controller-for-vibratory-feeder-SW-30.webp","type":"image\/webp"}],"twitter_card":"summary_large_image","twitter_misc":{"Szacowany czas czytania":"1 minuta"},"schema":{"@context":"https:\/\/schema.org","@graph":[{"@type":"WebPage","@id":"https:\/\/swoer.com\/manufacturer\/variable-voltage-digital-controller-for-vibratory-feeder-sw-30\/","url":"https:\/\/swoer.com\/manufacturer\/variable-voltage-digital-controller-for-vibratory-feeder-sw-30\/","name":"Variable Voltage Digital Controller for Vibratory Feeder SW-30 - SWOER","isPartOf":{"@id":"https:\/\/swoer.com\/#website"},"primaryImageOfPage":{"@id":"https:\/\/swoer.com\/manufacturer\/variable-voltage-digital-controller-for-vibratory-feeder-sw-30\/#primaryimage"},"image":{"@id":"https:\/\/swoer.com\/manufacturer\/variable-voltage-digital-controller-for-vibratory-feeder-sw-30\/#primaryimage"},"thumbnailUrl":"https:\/\/swoer.com\/wp-content\/uploads\/2024\/04\/variable-voltage-digital-controller-for-vibratory-feeder-SW-30.webp","datePublished":"2024-04-17T08:17:36+00:00","dateModified":"2024-04-17T08:24:59+00:00","breadcrumb":{"@id":"https:\/\/swoer.com\/manufacturer\/variable-voltage-digital-controller-for-vibratory-feeder-sw-30\/#breadcrumb"},"inLanguage":"pl-PL","potentialAction":[{"@type":"ReadAction","target":["https:\/\/swoer.com\/manufacturer\/variable-voltage-digital-controller-for-vibratory-feeder-sw-30\/"]}]},{"@type":"ImageObject","inLanguage":"pl-PL","@id":"https:\/\/swoer.com\/manufacturer\/variable-voltage-digital-controller-for-vibratory-feeder-sw-30\/#primaryimage","url":"https:\/\/swoer.com\/wp-content\/uploads\/2024\/04\/variable-voltage-digital-controller-for-vibratory-feeder-SW-30.webp","contentUrl":"https:\/\/swoer.com\/wp-content\/uploads\/2024\/04\/variable-voltage-digital-controller-for-vibratory-feeder-SW-30.webp","width":1000,"height":1000,"caption":"variable voltage digital controller for vibratory feeder SW-30"},{"@type":"BreadcrumbList","@id":"https:\/\/swoer.com\/manufacturer\/variable-voltage-digital-controller-for-vibratory-feeder-sw-30\/#breadcrumb","itemListElement":[{"@type":"ListItem","position":1,"name":"Home","item":"https:\/\/swoer.com\/"},{"@type":"ListItem","position":2,"name":"Shop","item":"https:\/\/swoer.com\/shop\/"},{"@type":"ListItem","position":3,"name":"Variable Voltage Digital Controller for Vibratory Feeder SW-30"}]},{"@type":"WebSite","@id":"https:\/\/swoer.com\/#website","url":"https:\/\/swoer.com\/","name":"SWOER","description":"Swoer is the top 3 vibratory bowl feeder manufacturer in China","potentialAction":[{"@type":"SearchAction","target":{"@type":"EntryPoint","urlTemplate":"https:\/\/swoer.com\/?s={search_term_string}"},"query-input":"required name=search_term_string"}],"inLanguage":"pl-PL"}]}},"_links":{"self":[{"href":"https:\/\/swoer.com\/pl\/wp-json\/wp\/v2\/product\/1991"}],"collection":[{"href":"https:\/\/swoer.com\/pl\/wp-json\/wp\/v2\/product"}],"about":[{"href":"https:\/\/swoer.com\/pl\/wp-json\/wp\/v2\/types\/product"}],"replies":[{"embeddable":true,"href":"https:\/\/swoer.com\/pl\/wp-json\/wp\/v2\/comments?post=1991"}],"wp:featuredmedia":[{"embeddable":true,"href":"https:\/\/swoer.com\/pl\/wp-json\/wp\/v2\/media\/1992"}],"wp:attachment":[{"href":"https:\/\/swoer.com\/pl\/wp-json\/wp\/v2\/media?parent=1991"}],"wp:term":[{"taxonomy":"product_cat","embeddable":true,"href":"https:\/\/swoer.com\/pl\/wp-json\/wp\/v2\/product_cat?post=1991"},{"taxonomy":"product_tag","embeddable":true,"href":"https:\/\/swoer.com\/pl\/wp-json\/wp\/v2\/product_tag?post=1991"}],"curies":[{"name":"wp","href":"https:\/\/api.w.org\/{rel}","templated":true}]}}