{"id":1983,"date":"2024-04-13T08:53:42","date_gmt":"2024-04-13T08:53:42","guid":{"rendered":"https:\/\/swoer.com\/?post_type=product&#038;p=1983"},"modified":"2024-04-13T08:56:56","modified_gmt":"2024-04-13T08:56:56","slug":"digital-stabilized-voltage-bowl-feeder-controller-sw-10","status":"publish","type":"product","link":"https:\/\/swoer.com\/pl\/manufacturer\/digital-stabilized-voltage-bowl-feeder-controller-sw-10\/","title":{"rendered":"Cyfrowy sterownik podajnika misowego ze stabilizowanym napi\u0119ciem SW-10"},"content":{"rendered":"<h2>Cechy:<\/h2>\n<p><strong>Wymiary:<\/strong> D\u0142. 128 mm * szer. 50 mm * wys. 53 mm<\/p>\n<p><strong>Rozmiar otworu monta\u017cowego:<\/strong> 119 mm 1 rok gwarancji<\/p>\n<p><strong>1.<\/strong> Lekko dotykaj\u0105c klawisza, aby rozpocz\u0105\u0107 i zatrzyma\u0107 prac\u0119, wygodnie i niezawodnie.<\/p>\n<p><strong>2.<\/strong> Cztery zestawy wska\u017anik\u00f3w stanu pracy, prosty i intuicyjny interfejs obs\u0142ugi.<\/p>\n<p><strong>3.<\/strong> Wbudowany inteligentny program powolnego startu i powolnego zatrzymania zapewnia p\u0142ynne podawanie momentu rozpocz\u0119cia i zatrzymania.<\/p>\n<p><strong>4.<\/strong> U\u017cyj w pe\u0142ni uszczelnionego potencjometru o d\u0142ugiej \u017cywotno\u015bci, stabilnego i trwa\u0142ego.<\/p>\n<p><strong>5.<\/strong> Dobra wydajno\u015b\u0107 regulacji. W przypadku waha\u0144 napi\u0119cia w sieci energetycznej nale\u017cy zapewni\u0107 stabiln\u0105 pr\u0119dko\u015b\u0107 zasilania.<\/p>\n<p><strong>6.<\/strong> Wysoce zintegrowany system, zoptymalizowane wymiary, lekko\u015b\u0107, niewielka powierzchnia, \u0142atwa instalacja.<\/p>\n<p><strong>7.<\/strong> Ca\u0142kowicie zamkni\u0119ta obudowa, przystosowana do nieprzyjaznego \u015brodowiska pracy.<\/p>\n<p><strong>8.<\/strong> Z przegrzaniem, przeci\u0105\u017ceniem, zabezpieczeniem przed zwarciem wyj\u015bcia.<\/p>\n\t<div id=\"gap-47451508\" class=\"gap-element clearfix\" style=\"display:block; height:auto;\">\n\t\t\n<style>\n#gap-47451508 {\n  padding-top: 30px;\n}\n<\/style>\n\t<\/div>\n\t\n<h2><strong>Specyfikacja techniczna:<\/strong><\/h2>\n<table style=\"border-collapse: collapse; width: 552.77pt;\" border=\"0\" width=\"737\" cellspacing=\"0\" cellpadding=\"0\">\n<tbody>\n<tr style=\"height: 17.25pt;\">\n<td class=\"et2\" style=\"height: 33.75pt; width: 122.25pt;\" rowspan=\"2\" width=\"163\" height=\"45\"><span class=\"font1\">Przedmiot<\/span><\/td>\n<td class=\"et3\" style=\"width: 159.00pt;\" colspan=\"2\" width=\"212\"><span class=\"font1\">Warto\u015b\u0107 zakresu<\/span><\/td>\n<td class=\"et4\" style=\"width: 54.00pt; border-bottom: 1.0pt solid #DDDDDD;\" rowspan=\"2\" width=\"72\"><span class=\"font1\">Jednostka<\/span><\/td>\n<td class=\"et5\" style=\"width: 217.50pt;\" rowspan=\"2\" width=\"290\"><span class=\"font1\">Uwaga<\/span><\/td>\n<\/tr>\n<tr style=\"height: 16.50pt;\">\n<td class=\"et7\" style=\"width: 54.00pt;\" width=\"72\"><span class=\"font1\">Min.<\/span><\/td>\n<td class=\"et7\" style=\"width: 105.00pt;\" width=\"140\"><span class=\"font1\">Maks.<\/span><\/td>\n<\/tr>\n<tr style=\"height: 45.75pt;\">\n<td class=\"et6\" style=\"height: 45.75pt; width: 122.25pt;\" width=\"163\" height=\"61\"><span class=\"font1\">Napi\u0119cie wej\u015bciowe<\/span><\/td>\n<td class=\"et10\" style=\"width: 54.00pt;\" width=\"72\">85<\/td>\n<td class=\"et10\" style=\"width: 105.00pt;\" width=\"140\">265<\/td>\n<td class=\"et10\" style=\"width: 54.00pt;\" width=\"72\"><span class=\"font2\">V<\/span><\/td>\n<td class=\"et11\" style=\"width: 217.50pt;\" width=\"290\"><span class=\"font2\">Fala sinusoidalna 50\/60 Hz<\/span><\/td>\n<\/tr>\n<tr style=\"height: 75.75pt;\">\n<td class=\"et6\" style=\"height: 75.75pt; width: 122.25pt;\" width=\"163\" height=\"101\"><span class=\"font1\">Napi\u0119cie wyj\u015bciowe<\/span><\/td>\n<td class=\"et10\" style=\"width: 54.00pt;\" width=\"72\">0<\/td>\n<td class=\"et10\" style=\"width: 105.00pt;\" width=\"140\">250<\/td>\n<td class=\"et10\" style=\"width: 54.00pt;\" width=\"72\"><span class=\"font2\">V<\/span><\/td>\n<td class=\"et11\" style=\"width: 217.50pt;\" width=\"290\"><span class=\"font2\">Dok\u0142adno\u015b\u0107 regulacji napi\u0119cia: 1 V<\/span><\/td>\n<\/tr>\n<tr style=\"height: 60.75pt;\">\n<td class=\"et6\" style=\"height: 60.75pt; width: 122.25pt;\" width=\"163\" height=\"81\"><span class=\"font1\">Pr\u0105d wyj\u015bciowy<\/span><\/td>\n<td class=\"et10\" style=\"width: 54.00pt;\" width=\"72\">0<\/td>\n<td class=\"et10\" style=\"width: 105.00pt;\" width=\"140\">4.5<\/td>\n<td class=\"et10\" style=\"width: 54.00pt;\" width=\"72\"><span class=\"font2\">A<\/span><\/td>\n<td class=\"et11\" style=\"width: 217.50pt;\" width=\"290\"><span class=\"font2\">Moc znamionowa: 1,5A\/3a\/4,5A<\/span><\/td>\n<\/tr>\n<tr style=\"height: 60.75pt;\">\n<td class=\"et6\" style=\"height: 60.75pt; width: 122.25pt;\" width=\"163\" height=\"81\"><span class=\"font1\">Cz\u0119stotliwo\u015b\u0107 wyj\u015bciowa<\/span><\/td>\n<td class=\"et10\" style=\"width: 54.00pt;\" width=\"72\">40<\/td>\n<td class=\"et10\" style=\"width: 105.00pt;\" width=\"140\">400<\/td>\n<td class=\"et10\" style=\"width: 54.00pt;\" width=\"72\"><span class=\"font2\">Hz<\/span><\/td>\n<td class=\"et11\" style=\"width: 217.50pt;\" width=\"290\"><span class=\"font2\">Dok\u0142adno\u015b\u0107 zakresu cz\u0119stotliwo\u015bci: 0,1 Hz<\/span><\/td>\n<\/tr>\n<tr style=\"height: 33.00pt;\">\n<td class=\"et6\" style=\"height: 33.00pt; width: 122.25pt;\" width=\"163\" height=\"44\"><span class=\"font1\">Fala wyj\u015bciowa<\/span><\/td>\n<td class=\"et10\" style=\"width: 430.50pt;\" colspan=\"4\" width=\"574\"><span class=\"font2\">Sinusoida<\/span><\/td>\n<\/tr>\n<tr style=\"height: 63.75pt;\">\n<td class=\"et6\" style=\"height: 63.75pt; width: 122.25pt;\" width=\"163\" height=\"85\"><span class=\"font1\">Zakres czasu op\u00f3\u017anienia rozpocz\u0119cia<\/span><\/td>\n<td class=\"et10\" style=\"width: 54.00pt;\" width=\"72\">0<\/td>\n<td class=\"et10\" style=\"width: 105.00pt;\" width=\"140\">30<\/td>\n<td class=\"et10\" style=\"width: 54.00pt;\" width=\"72\"><span class=\"font2\">S<\/span><\/td>\n<td class=\"et11\" style=\"width: 217.50pt;\" width=\"290\"><span class=\"font2\">Dok\u0142adno\u015b\u0107 czasu op\u00f3\u017anienia: 15<\/span><\/td>\n<\/tr>\n<tr style=\"height: 60.75pt;\">\n<td class=\"et6\" style=\"height: 60.75pt; width: 122.25pt;\" width=\"163\" height=\"81\"><span class=\"font1\">Zakres czasu op\u00f3\u017anienia wy\u0142\u0105czenia<\/span><\/td>\n<td class=\"et10\" style=\"width: 54.00pt;\" width=\"72\">0<\/td>\n<td class=\"et10\" style=\"width: 105.00pt;\" width=\"140\">30<\/td>\n<td class=\"et10\" style=\"width: 54.00pt;\" width=\"72\"><span class=\"font2\">S<\/span><\/td>\n<td class=\"et11\" style=\"width: 217.50pt;\" width=\"290\"><span class=\"font2\">Dok\u0142adno\u015b\u0107 czasu op\u00f3\u017anienia: 15<\/span><\/td>\n<\/tr>\n<tr style=\"height: 60.75pt;\">\n<td class=\"et6\" style=\"height: 60.75pt; width: 122.25pt;\" width=\"163\" height=\"81\"><span class=\"font1\">Powolny czas rozpocz\u0119cia<\/span><\/td>\n<td class=\"et10\" style=\"width: 54.00pt;\" width=\"72\">0.1<\/td>\n<td class=\"et10\" style=\"width: 105.00pt;\" width=\"140\">9.9<\/td>\n<td class=\"et10\" style=\"width: 54.00pt;\" width=\"72\"><span class=\"font2\">S<\/span><\/td>\n<td class=\"et11\" style=\"width: 217.50pt;\" width=\"290\"><span class=\"font2\">Czas wolnego startu: 0,15<\/span><\/td>\n<\/tr>\n<tr style=\"height: 48.00pt;\">\n<td class=\"et6\" style=\"height: 48.00pt; width: 122.25pt;\" width=\"163\" height=\"64\"><span class=\"font1\">Wolny czas zatrzymania<\/span><\/td>\n<td class=\"et10\" style=\"width: 54.00pt;\" width=\"72\">0.1<\/td>\n<td class=\"et10\" style=\"width: 105.00pt;\" width=\"140\">0.3<\/td>\n<td class=\"et10\" style=\"width: 54.00pt;\" width=\"72\"><span class=\"font2\">S<\/span><\/td>\n<td class=\"et11\" style=\"width: 217.50pt;\" width=\"290\"><span class=\"font2\">Programowanie automatycznej kontroli<\/span><\/td>\n<\/tr>\n<tr style=\"height: 120.75pt;\">\n<td class=\"et6\" style=\"height: 120.75pt; width: 122.25pt;\" width=\"163\" height=\"161\"><span class=\"font1\">Czu\u0142o\u015b\u0107 fotoelektryczna<\/span><\/td>\n<td class=\"et10\" style=\"width: 54.00pt;\" width=\"72\">0<\/td>\n<td class=\"et10\" style=\"width: 105.00pt;\" width=\"140\">99<\/td>\n<td class=\"et12\" style=\"width: 54.00pt;\" width=\"72\">\u00a0<\/td>\n<td class=\"et11\" style=\"width: 217.50pt;\" width=\"290\"><span class=\"font2\">Im wy\u017csza warto\u015b\u0107. Im wi\u0119ksza wra\u017cliwo\u015b\u0107<\/span><\/td>\n<\/tr>\n<tr style=\"height: 136.50pt;\">\n<td class=\"et6\" style=\"height: 136.50pt; width: 122.25pt;\" width=\"163\" height=\"182\"><span class=\"font1\">Wyj\u015bcie steruj\u0105ce DC<\/span><\/td>\n<td class=\"et10\" style=\"width: 159.00pt;\" colspan=\"2\" width=\"212\"><span class=\"font2\">24 V 200 mA<\/span><\/td>\n<td class=\"et12\" style=\"width: 54.00pt;\" width=\"72\">\u00a0<\/td>\n<td class=\"et11\" style=\"width: 217.50pt;\" width=\"290\"><span class=\"font2\">Nap\u0119dza czujniki zewn\u0119trzne i elektrozawory ma\u0142ej mocy do zasilania<\/span><\/td>\n<\/tr>\n<tr style=\"height: 64.50pt;\">\n<td class=\"et6\" style=\"height: 64.50pt; width: 122.25pt;\" width=\"163\" height=\"86\"><span class=\"font1\">Pob\u00f3r mocy bez obci\u0105\u017cenia<\/span><\/td>\n<td class=\"et10\" style=\"width: 159.00pt;\" colspan=\"2\" width=\"212\"><span class=\"font2\">\uff1c3W<\/span><\/td>\n<td class=\"et10\" style=\"width: 54.00pt;\" width=\"72\"><span class=\"font2\">W<\/span><\/td>\n<td class=\"et11\" style=\"width: 217.50pt;\" width=\"290\"><span class=\"font2\">Napi\u0119cie wej\u015bciowe: 220 V 50 Hz<\/span><\/td>\n<\/tr>\n<tr style=\"height: 33.00pt;\">\n<td class=\"et6\" style=\"height: 33.00pt; width: 122.25pt;\" width=\"163\" height=\"44\"><span class=\"font1\">Tryb wy\u015bwietlania<\/span><\/td>\n<td class=\"et10\" style=\"width: 159.00pt;\" colspan=\"2\" width=\"212\"><span class=\"font2\">LED + lampka kontrolna 5<\/span><\/td>\n<td class=\"et12\" style=\"width: 54.00pt;\" width=\"72\">\u00a0<\/td>\n<td class=\"et13\" style=\"width: 217.50pt;\" width=\"290\">\u00a0<\/td>\n<\/tr>\n<tr style=\"height: 91.50pt;\">\n<td class=\"et6\" style=\"height: 91.50pt; width: 122.25pt;\" width=\"163\" height=\"122\"><span class=\"font1\">Tryb dzia\u0142ania<\/span><\/td>\n<td class=\"et10\" style=\"width: 159.00pt;\" colspan=\"2\" width=\"212\"><span class=\"font2\">Klucze + prze\u0142\u0105cznik koduj\u0105cy<\/span><\/td>\n<td class=\"et12\" style=\"width: 54.00pt;\" width=\"72\">\u00a0<\/td>\n<td class=\"et11\" style=\"width: 217.50pt;\" width=\"290\"><span class=\"font2\">Funkcja szybkiego prze\u0142\u0105czania, opatentowana konstrukcja<\/span><\/td>\n<\/tr>\n<tr style=\"height: 76.50pt;\">\n<td class=\"et6\" style=\"height: 182.25pt; width: 122.25pt;\" rowspan=\"2\" width=\"163\" height=\"243\"><span class=\"font1\">Tryb sterowania<\/span><\/td>\n<td class=\"et10\" style=\"width: 54.00pt;\" width=\"72\"><span class=\"font2\">Z czujnikiem fotoelektrycznym na podczerwie\u0144<\/span><\/td>\n<td class=\"et12\" style=\"width: 105.00pt;\" width=\"140\">\u00a0<\/td>\n<td class=\"et12\" style=\"width: 54.00pt;\" width=\"72\">\u00a0<\/td>\n<td class=\"et11\" style=\"width: 217.50pt;\" rowspan=\"2\" width=\"290\"><span class=\"font2\">Kontrola pe\u0142nego\/pustego materia\u0142u<\/span><\/td>\n<\/tr>\n<tr style=\"height: 105.75pt;\">\n<td class=\"et10\" style=\"width: 54.00pt;\" width=\"72\"><span class=\"font2\">Sygna\u0142 niskiego poziomu (czujnik og\u00f3lnego przeznaczenia NPN lub sterownik PLC)<\/span><\/td>\n<td class=\"et12\" style=\"width: 105.00pt;\" width=\"140\">\u00a0<\/td>\n<td class=\"et12\" style=\"width: 54.00pt;\" width=\"72\">\u00a0<\/td>\n<\/tr>\n<tr style=\"height: 60.75pt;\">\n<td class=\"et6\" style=\"height: 60.75pt; width: 122.25pt;\" width=\"163\" height=\"81\"><span class=\"font1\">Temperatura pracy<\/span><\/td>\n<td class=\"et10\" style=\"width: 54.00pt;\" width=\"72\">-20<\/td>\n<td class=\"et10\" style=\"width: 105.00pt;\" width=\"140\">40<\/td>\n<td class=\"et10\" style=\"width: 54.00pt;\" width=\"72\"><span class=\"font2\">\u2103<\/span><\/td>\n<td class=\"et11\" style=\"width: 217.50pt;\" width=\"290\"><span class=\"font2\">Zabezpieczenie przed przegrzaniem: 58 \u2103<\/span><\/td>\n<\/tr>\n<tr style=\"height: 48.00pt;\">\n<td class=\"et6\" style=\"height: 48.00pt; width: 122.25pt;\" width=\"163\" height=\"64\"><span class=\"font1\">Robocza wilgotno\u015b\u0107 wzgl\u0119dna<\/span><\/td>\n<td class=\"et10\" style=\"width: 54.00pt;\" width=\"72\">0<\/td>\n<td class=\"et10\" style=\"width: 105.00pt;\" width=\"140\">90<\/td>\n<td class=\"et10\" style=\"width: 54.00pt;\" width=\"72\"><span class=\"font2\">%<\/span><\/td>\n<td class=\"et11\" style=\"width: 217.50pt;\" width=\"290\"><span class=\"font2\">Bez kondensatu<\/span><\/td>\n<\/tr>\n<tr style=\"height: 64.50pt;\">\n<td class=\"et6\" style=\"height: 64.50pt; width: 122.25pt;\" width=\"163\" height=\"86\"><span class=\"font1\">\u015arodki ochrony<\/span><\/td>\n<td class=\"et10\" style=\"width: 430.50pt;\" colspan=\"4\" width=\"574\"><span class=\"font2\">Przegrzanie, przet\u0119\u017cenie, zabezpieczenie przed zwarciem wyj\u015bcia<\/span><\/td>\n<\/tr>\n<tr style=\"height: 31.50pt;\">\n<td class=\"et14\" style=\"height: 31.50pt; width: 122.25pt;\" width=\"163\" height=\"42\"><span class=\"font1\">Aplikacja<\/span><\/td>\n<td class=\"et15\" style=\"width: 430.50pt;\" colspan=\"4\" width=\"574\"><span class=\"font2\">Elektromagnetyczny<\/span><\/td>\n<\/tr>\n<\/tbody>\n<\/table>","protected":false},"excerpt":{"rendered":"<p>Przedstawiamy cyfrowy sterownik podajnika misowego ze stabilizowanym napi\u0119ciem SW-10: kompaktowy o d\u0142ugo\u015bci 128 mm szer. 50 mm wys. 53 mm, z roczn\u0105 gwarancj\u0105. Posiada lekki klawisz dotykowy, cztery lampki kontrolne u\u0142atwiaj\u0105ce obs\u0142ug\u0119 i wbudowany powolny start\/stop zapewniaj\u0105cy p\u0142ynne podawanie. Wytrzyma\u0142y potencjometr zapewnia stabilno\u015b\u0107 podczas waha\u0144 mocy. Kompaktowy i lekki, co u\u0142atwia instalacj\u0119, z ca\u0142kowicie zamkni\u0119t\u0105 obudow\u0105 zapewniaj\u0105c\u0105 trwa\u0142o\u015b\u0107 w trudnych warunkach. Zawiera zabezpieczenia przed przegrzaniem i przeci\u0105\u017ceniem. Do\u015bwiadcz wydajnego karmienia dzi\u0119ki SW-10.<\/p>","protected":false},"featured_media":1984,"comment_status":"open","ping_status":"closed","template":"","meta":[],"product_cat":[45],"product_tag":[],"yoast_head":"<!-- This site is optimized with the Yoast SEO plugin v22.2 - https:\/\/yoast.com\/wordpress\/plugins\/seo\/ -->\n<title>Digital Stabilized Voltage Bowl Feeder Controller SW-10 - SWOER<\/title>\n<meta name=\"robots\" content=\"index, follow, max-snippet:-1, max-image-preview:large, max-video-preview:-1\" \/>\n<link rel=\"canonical\" href=\"https:\/\/swoer.com\/pl\/manufacturer\/digital-stabilized-voltage-bowl-feeder-controller-sw-10\/\" \/>\n<meta property=\"og:locale\" content=\"pl_PL\" \/>\n<meta property=\"og:type\" content=\"article\" \/>\n<meta property=\"og:title\" content=\"Digital Stabilized Voltage Bowl Feeder Controller SW-10 - SWOER\" \/>\n<meta property=\"og:description\" content=\"Introducing the Digital Stabilized Voltage Bowl Feeder Controller SW-10: Compact at L128 mmW50 mmH53 mm, with a one-year warranty. Features a light-touch key, four indicator lights for easy operation, and a built-in slow start\/stop for smooth feeding. A durable potentiometer ensures stability during power fluctuations. Compact and lightweight for easy installation, with a fully enclosed casing for durability in tough conditions. Includes protections against overheating and overload. Experience efficient feeding with SW-10.\" \/>\n<meta property=\"og:url\" content=\"https:\/\/swoer.com\/pl\/manufacturer\/digital-stabilized-voltage-bowl-feeder-controller-sw-10\/\" \/>\n<meta property=\"og:site_name\" content=\"SWOER\" \/>\n<meta property=\"article:modified_time\" content=\"2024-04-13T08:56:56+00:00\" \/>\n<meta property=\"og:image\" content=\"https:\/\/swoer.com\/wp-content\/uploads\/2024\/04\/Digital-Stabilized-Voltage-Bowl-Feeder-Controller-SW-10.jpg\" \/>\n\t<meta property=\"og:image:width\" content=\"1000\" \/>\n\t<meta property=\"og:image:height\" content=\"1000\" \/>\n\t<meta property=\"og:image:type\" content=\"image\/jpeg\" \/>\n<meta name=\"twitter:card\" content=\"summary_large_image\" \/>\n<meta name=\"twitter:label1\" content=\"Szacowany czas czytania\" \/>\n\t<meta name=\"twitter:data1\" content=\"1 minuta\" \/>\n<script type=\"application\/ld+json\" class=\"yoast-schema-graph\">{\"@context\":\"https:\/\/schema.org\",\"@graph\":[{\"@type\":\"WebPage\",\"@id\":\"https:\/\/swoer.com\/manufacturer\/digital-stabilized-voltage-bowl-feeder-controller-sw-10\/\",\"url\":\"https:\/\/swoer.com\/manufacturer\/digital-stabilized-voltage-bowl-feeder-controller-sw-10\/\",\"name\":\"Digital Stabilized Voltage Bowl Feeder Controller SW-10 - SWOER\",\"isPartOf\":{\"@id\":\"https:\/\/swoer.com\/#website\"},\"primaryImageOfPage\":{\"@id\":\"https:\/\/swoer.com\/manufacturer\/digital-stabilized-voltage-bowl-feeder-controller-sw-10\/#primaryimage\"},\"image\":{\"@id\":\"https:\/\/swoer.com\/manufacturer\/digital-stabilized-voltage-bowl-feeder-controller-sw-10\/#primaryimage\"},\"thumbnailUrl\":\"https:\/\/swoer.com\/wp-content\/uploads\/2024\/04\/Digital-Stabilized-Voltage-Bowl-Feeder-Controller-SW-10.jpg\",\"datePublished\":\"2024-04-13T08:53:42+00:00\",\"dateModified\":\"2024-04-13T08:56:56+00:00\",\"breadcrumb\":{\"@id\":\"https:\/\/swoer.com\/manufacturer\/digital-stabilized-voltage-bowl-feeder-controller-sw-10\/#breadcrumb\"},\"inLanguage\":\"pl-PL\",\"potentialAction\":[{\"@type\":\"ReadAction\",\"target\":[\"https:\/\/swoer.com\/manufacturer\/digital-stabilized-voltage-bowl-feeder-controller-sw-10\/\"]}]},{\"@type\":\"ImageObject\",\"inLanguage\":\"pl-PL\",\"@id\":\"https:\/\/swoer.com\/manufacturer\/digital-stabilized-voltage-bowl-feeder-controller-sw-10\/#primaryimage\",\"url\":\"https:\/\/swoer.com\/wp-content\/uploads\/2024\/04\/Digital-Stabilized-Voltage-Bowl-Feeder-Controller-SW-10.jpg\",\"contentUrl\":\"https:\/\/swoer.com\/wp-content\/uploads\/2024\/04\/Digital-Stabilized-Voltage-Bowl-Feeder-Controller-SW-10.jpg\",\"width\":1000,\"height\":1000,\"caption\":\"Digital Stabilized Voltage Bowl Feeder Controller SW-10\"},{\"@type\":\"BreadcrumbList\",\"@id\":\"https:\/\/swoer.com\/manufacturer\/digital-stabilized-voltage-bowl-feeder-controller-sw-10\/#breadcrumb\",\"itemListElement\":[{\"@type\":\"ListItem\",\"position\":1,\"name\":\"Home\",\"item\":\"https:\/\/swoer.com\/\"},{\"@type\":\"ListItem\",\"position\":2,\"name\":\"Shop\",\"item\":\"https:\/\/swoer.com\/shop\/\"},{\"@type\":\"ListItem\",\"position\":3,\"name\":\"Digital Stabilized Voltage Bowl Feeder Controller SW-10\"}]},{\"@type\":\"WebSite\",\"@id\":\"https:\/\/swoer.com\/#website\",\"url\":\"https:\/\/swoer.com\/\",\"name\":\"SWOER\",\"description\":\"Swoer is the top 3 vibratory bowl feeder manufacturer in China\",\"potentialAction\":[{\"@type\":\"SearchAction\",\"target\":{\"@type\":\"EntryPoint\",\"urlTemplate\":\"https:\/\/swoer.com\/?s={search_term_string}\"},\"query-input\":\"required name=search_term_string\"}],\"inLanguage\":\"pl-PL\"}]}<\/script>\n<!-- \/ Yoast SEO plugin. -->","yoast_head_json":{"title":"Digital Stabilized Voltage Bowl Feeder Controller SW-10 - SWOER","robots":{"index":"index","follow":"follow","max-snippet":"max-snippet:-1","max-image-preview":"max-image-preview:large","max-video-preview":"max-video-preview:-1"},"canonical":"https:\/\/swoer.com\/pl\/manufacturer\/digital-stabilized-voltage-bowl-feeder-controller-sw-10\/","og_locale":"pl_PL","og_type":"article","og_title":"Digital Stabilized Voltage Bowl Feeder Controller SW-10 - SWOER","og_description":"Introducing the Digital Stabilized Voltage Bowl Feeder Controller SW-10: Compact at L128 mmW50 mmH53 mm, with a one-year warranty. Features a light-touch key, four indicator lights for easy operation, and a built-in slow start\/stop for smooth feeding. A durable potentiometer ensures stability during power fluctuations. Compact and lightweight for easy installation, with a fully enclosed casing for durability in tough conditions. Includes protections against overheating and overload. Experience efficient feeding with SW-10.","og_url":"https:\/\/swoer.com\/pl\/manufacturer\/digital-stabilized-voltage-bowl-feeder-controller-sw-10\/","og_site_name":"SWOER","article_modified_time":"2024-04-13T08:56:56+00:00","og_image":[{"width":1000,"height":1000,"url":"https:\/\/swoer.com\/wp-content\/uploads\/2024\/04\/Digital-Stabilized-Voltage-Bowl-Feeder-Controller-SW-10.jpg","type":"image\/jpeg"}],"twitter_card":"summary_large_image","twitter_misc":{"Szacowany czas czytania":"1 minuta"},"schema":{"@context":"https:\/\/schema.org","@graph":[{"@type":"WebPage","@id":"https:\/\/swoer.com\/manufacturer\/digital-stabilized-voltage-bowl-feeder-controller-sw-10\/","url":"https:\/\/swoer.com\/manufacturer\/digital-stabilized-voltage-bowl-feeder-controller-sw-10\/","name":"Digital Stabilized Voltage Bowl Feeder Controller SW-10 - SWOER","isPartOf":{"@id":"https:\/\/swoer.com\/#website"},"primaryImageOfPage":{"@id":"https:\/\/swoer.com\/manufacturer\/digital-stabilized-voltage-bowl-feeder-controller-sw-10\/#primaryimage"},"image":{"@id":"https:\/\/swoer.com\/manufacturer\/digital-stabilized-voltage-bowl-feeder-controller-sw-10\/#primaryimage"},"thumbnailUrl":"https:\/\/swoer.com\/wp-content\/uploads\/2024\/04\/Digital-Stabilized-Voltage-Bowl-Feeder-Controller-SW-10.jpg","datePublished":"2024-04-13T08:53:42+00:00","dateModified":"2024-04-13T08:56:56+00:00","breadcrumb":{"@id":"https:\/\/swoer.com\/manufacturer\/digital-stabilized-voltage-bowl-feeder-controller-sw-10\/#breadcrumb"},"inLanguage":"pl-PL","potentialAction":[{"@type":"ReadAction","target":["https:\/\/swoer.com\/manufacturer\/digital-stabilized-voltage-bowl-feeder-controller-sw-10\/"]}]},{"@type":"ImageObject","inLanguage":"pl-PL","@id":"https:\/\/swoer.com\/manufacturer\/digital-stabilized-voltage-bowl-feeder-controller-sw-10\/#primaryimage","url":"https:\/\/swoer.com\/wp-content\/uploads\/2024\/04\/Digital-Stabilized-Voltage-Bowl-Feeder-Controller-SW-10.jpg","contentUrl":"https:\/\/swoer.com\/wp-content\/uploads\/2024\/04\/Digital-Stabilized-Voltage-Bowl-Feeder-Controller-SW-10.jpg","width":1000,"height":1000,"caption":"Digital Stabilized Voltage Bowl Feeder Controller SW-10"},{"@type":"BreadcrumbList","@id":"https:\/\/swoer.com\/manufacturer\/digital-stabilized-voltage-bowl-feeder-controller-sw-10\/#breadcrumb","itemListElement":[{"@type":"ListItem","position":1,"name":"Home","item":"https:\/\/swoer.com\/"},{"@type":"ListItem","position":2,"name":"Shop","item":"https:\/\/swoer.com\/shop\/"},{"@type":"ListItem","position":3,"name":"Digital Stabilized Voltage Bowl Feeder Controller SW-10"}]},{"@type":"WebSite","@id":"https:\/\/swoer.com\/#website","url":"https:\/\/swoer.com\/","name":"SWOER","description":"Swoer is the top 3 vibratory bowl feeder manufacturer in China","potentialAction":[{"@type":"SearchAction","target":{"@type":"EntryPoint","urlTemplate":"https:\/\/swoer.com\/?s={search_term_string}"},"query-input":"required name=search_term_string"}],"inLanguage":"pl-PL"}]}},"_links":{"self":[{"href":"https:\/\/swoer.com\/pl\/wp-json\/wp\/v2\/product\/1983"}],"collection":[{"href":"https:\/\/swoer.com\/pl\/wp-json\/wp\/v2\/product"}],"about":[{"href":"https:\/\/swoer.com\/pl\/wp-json\/wp\/v2\/types\/product"}],"replies":[{"embeddable":true,"href":"https:\/\/swoer.com\/pl\/wp-json\/wp\/v2\/comments?post=1983"}],"wp:featuredmedia":[{"embeddable":true,"href":"https:\/\/swoer.com\/pl\/wp-json\/wp\/v2\/media\/1984"}],"wp:attachment":[{"href":"https:\/\/swoer.com\/pl\/wp-json\/wp\/v2\/media?parent=1983"}],"wp:term":[{"taxonomy":"product_cat","embeddable":true,"href":"https:\/\/swoer.com\/pl\/wp-json\/wp\/v2\/product_cat?post=1983"},{"taxonomy":"product_tag","embeddable":true,"href":"https:\/\/swoer.com\/pl\/wp-json\/wp\/v2\/product_tag?post=1983"}],"curies":[{"name":"wp","href":"https:\/\/api.w.org\/{rel}","templated":true}]}}