{"id":1979,"date":"2024-04-13T07:33:22","date_gmt":"2024-04-13T07:33:22","guid":{"rendered":"https:\/\/swoer.com\/?post_type=product&#038;p=1979"},"modified":"2024-04-13T09:01:56","modified_gmt":"2024-04-13T09:01:56","slug":"vibratory-bowl-feeder-controller-sdvc31-xlr","status":"publish","type":"product","link":"https:\/\/swoer.com\/pl\/manufacturer\/vibratory-bowl-feeder-controller-sdvc31-xlr\/","title":{"rendered":"Sterownik podajnika wibracyjnego SDVC31-XLR"},"content":{"rendered":"<h2><strong><b>Cechy:<\/b><\/strong><\/h2>\n<p><strong><b>Certyfikat CE<\/b><\/strong><strong><b>, <\/b><\/strong><strong><b>Zgodny z RoHS.<\/b><\/strong><\/p>\n<p><strong><b>Regulacja cz\u0119stotliwo\u015bci:\u00a0<\/b><\/strong>Cz\u0119stotliwo\u015b\u0107 wyj\u015bciow\u0105 sterownika mo\u017cna r\u0119cznie dostosowa\u0107 do cz\u0119stotliwo\u015bci rezonansowej podajnika wibracyjnego, aby uzyska\u0107 p\u0142ynny, cichy i energooszcz\u0119dny efekt podawania.<\/p>\n<p><strong><b>Automatyczna, precyzyjna regulacja napi\u0119cia:<\/b><\/strong>\u00a0Wewn\u0119trzny obw\u00f3d cyfrowej regulacji napi\u0119cia mo\u017ce wyeliminowa\u0107 wahania pr\u0119dko\u015bci podawania spowodowane wahaniami napi\u0119cia sieciowego.<\/p>\n<p><strong><b>Regulowany czasowo mi\u0119kki start:<\/b><\/strong>\u00a0Sterownik delikatnie zwi\u0119kszy napi\u0119cie wyj\u015bciowe od 0 do ustawionej warto\u015bci po w\u0142\u0105czeniu zasilania, aby unikn\u0105\u0107 nag\u0142ych wstrz\u0105s\u00f3w. Czas mi\u0119kkiego startu mo\u017cna ustawi\u0107 cyfrowo.<\/p>\n<p><strong><b>Prze\u0142\u0105cznik w\u0142\u0105czania\/wy\u0142\u0105czania czujnika:\u00a0<\/b><\/strong>Mo\u017cna pod\u0142\u0105czy\u0107 1 czujnik prze\u0142\u0105cznika NPN lub sterownik PLC w celu w\u0142\u0105czania\/wy\u0142\u0105czania sterownika.<\/p>\n<p><strong><b>Sterowanie w\u0142\u0105czaniem\/wy\u0142\u0105czaniem czujnika fotoelektrycznego:<\/b><\/strong>\u00a0Inteligentny czujnik fotoelektryczny CUH mo\u017cna pod\u0142\u0105czy\u0107 w celu w\u0142\u0105czania\/wy\u0142\u0105czania sterownika.<\/p>\n<p><strong><b>Zdalna kontrola pr\u0119dko\u015bci:<\/b><\/strong>\u00a0Napi\u0119cie wyj\u015bciowe sterownika mo\u017cna regulowa\u0107 zdalnie za pomoc\u0105 zewn\u0119trznego potencjometru, sterownika PLC lub sygna\u0142u 1-5 V DC.<\/p>\n<p><strong><b>Wyj\u015bcie steruj\u0105ce DC:<\/b><\/strong>\u00a0Sterownik mo\u017ce wyprowadza\u0107 zasilanie pr\u0105dem sta\u0142ym o niskim napi\u0119ciu powi\u0105zane z funkcj\u0105 W\u0141.\/WY\u0141.. Sterowanie sterownikiem w celu sterowania elektromagnesem lub innymi urz\u0105dzeniami zewn\u0119trznymi.<\/p>\n<p><strong><b>Blokada klawiatury:<\/b><\/strong>\u00a0Zablokuj wszystkie przyciski klawiatury, aby zapobiec nieprawid\u0142owemu dzia\u0142aniu, naciskaj\u0105c przycisk W\u0141.\/WY\u0141. i przytrzymuj\u0105c przez 2 sekundy.<\/p>\n<p><strong><b>Ochrona przed przegrzaniem:\u00a0<\/b><\/strong>Je\u015bli temperatura wewn\u0119trzna sterownika stanie si\u0119 zbyt wysoka, sterownik wy\u0142\u0105czy wyj\u015bcie, aby si\u0119 zabezpieczy\u0107.<\/p>\n<p><strong><b>Zabezpieczenie nadpr\u0105dowe:<\/b><\/strong>\u00a0Je\u015bli pr\u0105d wyj\u015bciowy przekroczy warto\u015b\u0107 znamionow\u0105, sterownik zatrzyma wyj\u015bcie, aby chroni\u0107 siebie i obci\u0105\u017cenie.<\/p>\n<p><strong><b>Przywracalne zabezpieczenie przed zwarciem:<\/b><\/strong>\u00a0Je\u015bli wyj\u015bcie sterownika zostanie zwarte, sterownik wy\u0142\u0105czy swoje wyj\u015bcie, aby chroni\u0107 siebie i obci\u0105\u017cenie. Ale bezpiecznik wewn\u0105trz nie zostanie przepalony. Zatem, je\u015bli po stronie wyj\u015bciowej nie ma zwarcia, sterownik b\u0119dzie dzia\u0142a\u0142 ponownie po w\u0142\u0105czeniu zasilania.<\/p>\n<p><strong><b>Maksymalne regulowane napi\u0119cie wyj\u015bciowe:<\/b><\/strong>\u00a0Maksymalne regulowane napi\u0119cie wyj\u015bciowe mo\u017cna ustawi\u0107, aby chroni\u0107 obci\u0105\u017cenie przed uszkodzeniami spowodowanymi zbyt wysokim napi\u0119ciem.<\/p>\n<h2><strong><b>Standardowe akcesoria:<\/b><\/strong><\/h2>\n<p>Wej\u015bciowy kabel zasilaj\u0105cy (1,5 m) *1<\/p>\n<p>Kabel zasilania wyj\u015bciowego (1,5 m) *1<\/p>\n<p>Uwaga: Kabel zasilania wej\u015bciowego mo\u017cna dostosowa\u0107 tak, aby pasowa\u0142 do gniazdka w Twoim kraju.<\/p>\n<h2><strong><b>Akcesoria opcjonalne:<\/b><\/strong><\/h2>\n<p>Inteligentny czujnik fotoelektryczny (1,5 m)<\/p>\n<h2 class=\"p\"><strong><span class=\"15\">Wymiary i waga:<\/span><\/strong><\/h2>\n<p class=\"p\">Wymiary: 190*53,6*94,5(d\u0142.*szer.*wys., mm)<\/p>\n<p class=\"p\">Waga: SDVC31-S: 610g (bez akcesori\u00f3w)<\/p>\n<h2><strong><b>Specyfikacja techniczna<\/b><\/strong><\/h2>\n<table width=\"710\">\n<tbody>\n<tr>\n<td rowspan=\"2\" width=\"242\">Przedmiot<\/td>\n<td colspan=\"3\" width=\"216\">Zakres<\/td>\n<td rowspan=\"2\" width=\"72\">Jednostka<\/td>\n<td rowspan=\"2\" width=\"180\">Opis<\/td>\n<\/tr>\n<tr>\n<td width=\"72\">Min<\/td>\n<td width=\"72\">Typowy<\/td>\n<td width=\"72\">Maks<\/td>\n<\/tr>\n<tr>\n<td width=\"242\">Napi\u0119cie wej\u015bciowe<\/td>\n<td width=\"72\">85<\/td>\n<td width=\"72\">220<\/td>\n<td width=\"72\">260<\/td>\n<td width=\"72\">V<\/td>\n<td width=\"180\">AV RMS<\/td>\n<\/tr>\n<tr>\n<td width=\"242\">Regulowany zakres napi\u0119cia wyj\u015bciowego<\/td>\n<td width=\"72\">0<\/td>\n<td width=\"72\">&#8212;<\/td>\n<td width=\"72\">260<\/td>\n<td width=\"72\">V<\/td>\n<td width=\"180\">Ni\u017csze ni\u017c 150% napi\u0119cia wej\u015bciowego<\/td>\n<\/tr>\n<tr>\n<td width=\"242\">Dok\u0142adno\u015b\u0107 regulacji napi\u0119cia<\/td>\n<td colspan=\"3\" width=\"216\">1<\/td>\n<td width=\"72\">V<\/td>\n<td width=\"180\"><\/td>\n<\/tr>\n<tr>\n<td width=\"242\">Dok\u0142adno\u015b\u0107 regulacji napi\u0119cia<\/td>\n<td width=\"72\">0<\/td>\n<td width=\"72\">&#8212;<\/td>\n<td width=\"72\">10<\/td>\n<td width=\"72\">%<\/td>\n<td width=\"180\">\u25b3Vout\/\u25b3Vin<\/td>\n<\/tr>\n<tr>\n<td width=\"242\">Czas reakcji regulacji napi\u0119cia<\/td>\n<td width=\"72\">0.0025<\/td>\n<td width=\"72\">&#8212;<\/td>\n<td width=\"72\">0.025<\/td>\n<td width=\"72\">S<\/td>\n<td width=\"180\">okres napi\u0119cia wyj\u015bciowego<\/td>\n<\/tr>\n<tr>\n<td rowspan=\"2\" width=\"242\">Regulowany zakres pr\u0105du wyj\u015bciowego<\/td>\n<td width=\"72\">0<\/td>\n<td width=\"72\">&#8212;<\/td>\n<td width=\"72\">1.5<\/td>\n<td width=\"72\">A<\/td>\n<td width=\"180\">Niska moc<\/td>\n<\/tr>\n<tr>\n<td width=\"72\">0<\/td>\n<td width=\"72\">&#8212;<\/td>\n<td width=\"72\">3<\/td>\n<td width=\"72\">A<\/td>\n<td width=\"180\">\u015arednia moc<\/td>\n<\/tr>\n<tr>\n<td rowspan=\"2\" width=\"242\">Moc wyj\u015bciowa<\/td>\n<td width=\"72\">0<\/td>\n<td width=\"72\">&#8212;<\/td>\n<td width=\"72\">330<\/td>\n<td width=\"72\">VA<\/td>\n<td width=\"180\">Niska moc<\/td>\n<\/tr>\n<tr>\n<td width=\"72\">0<\/td>\n<td width=\"72\">&#8212;<\/td>\n<td width=\"72\">660<\/td>\n<td width=\"72\">VA<\/td>\n<td width=\"180\">\u015arednia moc<\/td>\n<\/tr>\n<tr>\n<td width=\"242\">Cz\u0119stotliwo\u015b\u0107 wyj\u015bciowa<\/td>\n<td width=\"72\">40<\/td>\n<td width=\"72\">&#8212;<\/td>\n<td width=\"72\">400<\/td>\n<td width=\"72\">Hz<\/td>\n<td width=\"180\"><\/td>\n<\/tr>\n<tr>\n<td width=\"242\">Dok\u0142adno\u015b\u0107 regulacji cz\u0119stotliwo\u015bci<\/td>\n<td colspan=\"3\" width=\"216\">0.1<\/td>\n<td width=\"72\">Hz<\/td>\n<td width=\"180\"><\/td>\n<\/tr>\n<tr>\n<td width=\"242\">Przebieg wyj\u015bciowy<\/td>\n<td colspan=\"3\" width=\"216\">sinus<\/td>\n<td width=\"72\"><\/td>\n<td width=\"180\"><\/td>\n<\/tr>\n<tr>\n<td width=\"242\">Czas mi\u0119kkiego startu<\/td>\n<td width=\"72\">0<\/td>\n<td width=\"72\">&#8212;<\/td>\n<td width=\"72\">10<\/td>\n<td width=\"72\">S<\/td>\n<td width=\"180\">Domy\u015blna warto\u015b\u0107 fabryczna: 0,5<\/td>\n<\/tr>\n<tr>\n<td width=\"242\">Zakres czasu op\u00f3\u017anienia w\u0142\u0105czenia\/wy\u0142\u0105czenia<\/td>\n<td width=\"72\">0<\/td>\n<td width=\"72\">&#8212;<\/td>\n<td width=\"72\">20<\/td>\n<td width=\"72\">S<\/td>\n<td width=\"180\">Domy\u015blna warto\u015b\u0107 fabryczna: 0,2<\/td>\n<\/tr>\n<tr>\n<td width=\"242\">Dok\u0142adno\u015b\u0107 czasu op\u00f3\u017anienia w\u0142\u0105czenia\/wy\u0142\u0105czenia<\/td>\n<td colspan=\"3\" width=\"216\">0.1<\/td>\n<td width=\"72\">S<\/td>\n<td width=\"180\"><\/td>\n<\/tr>\n<tr>\n<td width=\"242\">Temperatura wyzwalania zabezpieczenia przed przegrzaniem<\/td>\n<td width=\"72\">58<\/td>\n<td width=\"72\">60<\/td>\n<td width=\"72\">66<\/td>\n<td width=\"72\">\u2103<\/td>\n<td width=\"180\"><\/td>\n<\/tr>\n<tr>\n<td width=\"242\">Pr\u0105d wyj\u015bciowy sterowania DC<\/td>\n<td width=\"72\">0<\/td>\n<td width=\"72\">&#8212;<\/td>\n<td width=\"72\">200<\/td>\n<td width=\"72\">mama<\/td>\n<td width=\"180\"><\/td>\n<\/tr>\n<tr>\n<td width=\"242\">Analogowy sygna\u0142 steruj\u0105cy<\/td>\n<td colspan=\"3\" width=\"216\">1-5<\/td>\n<td width=\"72\">V<\/td>\n<td width=\"180\">Napi\u0119cie steruj\u0105ce Rencespeed<\/td>\n<\/tr>\n<tr>\n<td width=\"242\">Cyfrowy sygna\u0142 steruj\u0105cy<\/td>\n<td colspan=\"3\" width=\"216\">24<\/td>\n<td width=\"72\">V<\/td>\n<td width=\"180\">Sygna\u0142 prze\u0142\u0105czaj\u0105cy<\/td>\n<\/tr>\n<tr>\n<td width=\"242\">Metoda regulacji<\/td>\n<td colspan=\"3\" width=\"216\">6<\/td>\n<td width=\"72\">Przycisk<\/td>\n<td width=\"180\"><\/td>\n<\/tr>\n<tr>\n<td width=\"242\">Pob\u00f3r mocy w trybie gotowo\u015bci<\/td>\n<td width=\"72\">&#8212;<\/td>\n<td width=\"72\">3<\/td>\n<td width=\"72\"><\/td>\n<td width=\"72\">W<\/td>\n<td width=\"180\"><\/td>\n<\/tr>\n<tr>\n<td width=\"242\">Metoda wy\u015bwietlania<\/td>\n<td colspan=\"3\" width=\"216\">5<\/td>\n<td width=\"72\">Cyfra<\/td>\n<td width=\"180\">Cyfrowe tuby LED<\/td>\n<\/tr>\n<tr>\n<td width=\"242\">Temperatura otoczenia<\/td>\n<td width=\"72\">0<\/td>\n<td width=\"72\">25<\/td>\n<td width=\"72\">40<\/td>\n<td width=\"72\">\u2103<\/td>\n<td rowspan=\"2\" width=\"180\">Brak kondensacji<\/td>\n<\/tr>\n<tr>\n<td width=\"242\">Wilgotno\u015b\u0107 otoczenia<\/td>\n<td width=\"72\">10<\/td>\n<td width=\"72\">60<\/td>\n<td width=\"72\">85<\/td>\n<td width=\"72\">%<\/td>\n<\/tr>\n<\/tbody>\n<\/table>","protected":false},"excerpt":{"rendered":"<p>Sterownik podajnika wibracyjnego SDVC31-XLR: posiada certyfikat CE, oferuje r\u0119czn\u0105 regulacj\u0119 cz\u0119stotliwo\u015bci dla p\u0142ynnego podawania i automatyczn\u0105 regulacj\u0119 napi\u0119cia dla stabilno\u015bci.<\/p>\n<p>Zawiera mi\u0119kki start, sterowanie czujnikami i zabezpieczenia. Zawiera standardowe kable.<\/p>\n<p>Wymiary: 190<em>53.6<\/em>94,5 mm; Waga: 610g (bez akcesori\u00f3w).<\/p>","protected":false},"featured_media":1980,"comment_status":"open","ping_status":"closed","template":"","meta":[],"product_cat":[45],"product_tag":[],"yoast_head":"<!-- This site is optimized with the Yoast SEO plugin v22.2 - https:\/\/yoast.com\/wordpress\/plugins\/seo\/ -->\n<title>Vibratory Bowl Feeder Controller SDVC31-XLR - SWOER<\/title>\n<meta name=\"robots\" content=\"index, follow, max-snippet:-1, max-image-preview:large, max-video-preview:-1\" \/>\n<link rel=\"canonical\" href=\"https:\/\/swoer.com\/pl\/manufacturer\/vibratory-bowl-feeder-controller-sdvc31-xlr\/\" \/>\n<meta property=\"og:locale\" content=\"pl_PL\" \/>\n<meta property=\"og:type\" content=\"article\" \/>\n<meta property=\"og:title\" content=\"Vibratory Bowl Feeder Controller SDVC31-XLR - SWOER\" \/>\n<meta property=\"og:description\" content=\"The vibratory bowl feeder controller SDVC31-XLR: CE-certified, it offers manual frequency adjustment for smooth feeding and automatic voltage regulation for stability.  Features soft start, sensor controls, and safety protections. Includes standard cables.  Dimensions: 19053.694.5mm; Weight: 610g (without accessories).\" \/>\n<meta property=\"og:url\" content=\"https:\/\/swoer.com\/pl\/manufacturer\/vibratory-bowl-feeder-controller-sdvc31-xlr\/\" \/>\n<meta property=\"og:site_name\" content=\"SWOER\" \/>\n<meta property=\"article:modified_time\" content=\"2024-04-13T09:01:56+00:00\" \/>\n<meta property=\"og:image\" content=\"https:\/\/swoer.com\/wp-content\/uploads\/2024\/04\/vibratory-bowl-feeder-controller-SDVC31-XLR.webp\" \/>\n\t<meta property=\"og:image:width\" content=\"1000\" \/>\n\t<meta property=\"og:image:height\" content=\"1000\" \/>\n\t<meta property=\"og:image:type\" content=\"image\/webp\" \/>\n<meta name=\"twitter:card\" content=\"summary_large_image\" \/>\n<meta name=\"twitter:label1\" content=\"Szacowany czas czytania\" \/>\n\t<meta name=\"twitter:data1\" content=\"3 minuty\" \/>\n<script type=\"application\/ld+json\" class=\"yoast-schema-graph\">{\"@context\":\"https:\/\/schema.org\",\"@graph\":[{\"@type\":\"WebPage\",\"@id\":\"https:\/\/swoer.com\/manufacturer\/vibratory-bowl-feeder-controller-sdvc31-xlr\/\",\"url\":\"https:\/\/swoer.com\/manufacturer\/vibratory-bowl-feeder-controller-sdvc31-xlr\/\",\"name\":\"Vibratory Bowl Feeder Controller SDVC31-XLR - SWOER\",\"isPartOf\":{\"@id\":\"https:\/\/swoer.com\/#website\"},\"primaryImageOfPage\":{\"@id\":\"https:\/\/swoer.com\/manufacturer\/vibratory-bowl-feeder-controller-sdvc31-xlr\/#primaryimage\"},\"image\":{\"@id\":\"https:\/\/swoer.com\/manufacturer\/vibratory-bowl-feeder-controller-sdvc31-xlr\/#primaryimage\"},\"thumbnailUrl\":\"https:\/\/swoer.com\/wp-content\/uploads\/2024\/04\/vibratory-bowl-feeder-controller-SDVC31-XLR.webp\",\"datePublished\":\"2024-04-13T07:33:22+00:00\",\"dateModified\":\"2024-04-13T09:01:56+00:00\",\"breadcrumb\":{\"@id\":\"https:\/\/swoer.com\/manufacturer\/vibratory-bowl-feeder-controller-sdvc31-xlr\/#breadcrumb\"},\"inLanguage\":\"pl-PL\",\"potentialAction\":[{\"@type\":\"ReadAction\",\"target\":[\"https:\/\/swoer.com\/manufacturer\/vibratory-bowl-feeder-controller-sdvc31-xlr\/\"]}]},{\"@type\":\"ImageObject\",\"inLanguage\":\"pl-PL\",\"@id\":\"https:\/\/swoer.com\/manufacturer\/vibratory-bowl-feeder-controller-sdvc31-xlr\/#primaryimage\",\"url\":\"https:\/\/swoer.com\/wp-content\/uploads\/2024\/04\/vibratory-bowl-feeder-controller-SDVC31-XLR.webp\",\"contentUrl\":\"https:\/\/swoer.com\/wp-content\/uploads\/2024\/04\/vibratory-bowl-feeder-controller-SDVC31-XLR.webp\",\"width\":1000,\"height\":1000,\"caption\":\"vibratory bowl feeder controller SDVC31-XLR\"},{\"@type\":\"BreadcrumbList\",\"@id\":\"https:\/\/swoer.com\/manufacturer\/vibratory-bowl-feeder-controller-sdvc31-xlr\/#breadcrumb\",\"itemListElement\":[{\"@type\":\"ListItem\",\"position\":1,\"name\":\"Home\",\"item\":\"https:\/\/swoer.com\/\"},{\"@type\":\"ListItem\",\"position\":2,\"name\":\"Shop\",\"item\":\"https:\/\/swoer.com\/shop\/\"},{\"@type\":\"ListItem\",\"position\":3,\"name\":\"Vibratory Bowl Feeder Controller SDVC31-XLR\"}]},{\"@type\":\"WebSite\",\"@id\":\"https:\/\/swoer.com\/#website\",\"url\":\"https:\/\/swoer.com\/\",\"name\":\"SWOER\",\"description\":\"Swoer is the top 3 vibratory bowl feeder manufacturer in China\",\"potentialAction\":[{\"@type\":\"SearchAction\",\"target\":{\"@type\":\"EntryPoint\",\"urlTemplate\":\"https:\/\/swoer.com\/?s={search_term_string}\"},\"query-input\":\"required name=search_term_string\"}],\"inLanguage\":\"pl-PL\"}]}<\/script>\n<!-- \/ Yoast SEO plugin. -->","yoast_head_json":{"title":"Vibratory Bowl Feeder Controller SDVC31-XLR - SWOER","robots":{"index":"index","follow":"follow","max-snippet":"max-snippet:-1","max-image-preview":"max-image-preview:large","max-video-preview":"max-video-preview:-1"},"canonical":"https:\/\/swoer.com\/pl\/manufacturer\/vibratory-bowl-feeder-controller-sdvc31-xlr\/","og_locale":"pl_PL","og_type":"article","og_title":"Vibratory Bowl Feeder Controller SDVC31-XLR - SWOER","og_description":"The vibratory bowl feeder controller SDVC31-XLR: CE-certified, it offers manual frequency adjustment for smooth feeding and automatic voltage regulation for stability.  Features soft start, sensor controls, and safety protections. Includes standard cables.  Dimensions: 19053.694.5mm; Weight: 610g (without accessories).","og_url":"https:\/\/swoer.com\/pl\/manufacturer\/vibratory-bowl-feeder-controller-sdvc31-xlr\/","og_site_name":"SWOER","article_modified_time":"2024-04-13T09:01:56+00:00","og_image":[{"width":1000,"height":1000,"url":"https:\/\/swoer.com\/wp-content\/uploads\/2024\/04\/vibratory-bowl-feeder-controller-SDVC31-XLR.webp","type":"image\/webp"}],"twitter_card":"summary_large_image","twitter_misc":{"Szacowany czas czytania":"3 minuty"},"schema":{"@context":"https:\/\/schema.org","@graph":[{"@type":"WebPage","@id":"https:\/\/swoer.com\/manufacturer\/vibratory-bowl-feeder-controller-sdvc31-xlr\/","url":"https:\/\/swoer.com\/manufacturer\/vibratory-bowl-feeder-controller-sdvc31-xlr\/","name":"Vibratory Bowl Feeder Controller SDVC31-XLR - SWOER","isPartOf":{"@id":"https:\/\/swoer.com\/#website"},"primaryImageOfPage":{"@id":"https:\/\/swoer.com\/manufacturer\/vibratory-bowl-feeder-controller-sdvc31-xlr\/#primaryimage"},"image":{"@id":"https:\/\/swoer.com\/manufacturer\/vibratory-bowl-feeder-controller-sdvc31-xlr\/#primaryimage"},"thumbnailUrl":"https:\/\/swoer.com\/wp-content\/uploads\/2024\/04\/vibratory-bowl-feeder-controller-SDVC31-XLR.webp","datePublished":"2024-04-13T07:33:22+00:00","dateModified":"2024-04-13T09:01:56+00:00","breadcrumb":{"@id":"https:\/\/swoer.com\/manufacturer\/vibratory-bowl-feeder-controller-sdvc31-xlr\/#breadcrumb"},"inLanguage":"pl-PL","potentialAction":[{"@type":"ReadAction","target":["https:\/\/swoer.com\/manufacturer\/vibratory-bowl-feeder-controller-sdvc31-xlr\/"]}]},{"@type":"ImageObject","inLanguage":"pl-PL","@id":"https:\/\/swoer.com\/manufacturer\/vibratory-bowl-feeder-controller-sdvc31-xlr\/#primaryimage","url":"https:\/\/swoer.com\/wp-content\/uploads\/2024\/04\/vibratory-bowl-feeder-controller-SDVC31-XLR.webp","contentUrl":"https:\/\/swoer.com\/wp-content\/uploads\/2024\/04\/vibratory-bowl-feeder-controller-SDVC31-XLR.webp","width":1000,"height":1000,"caption":"vibratory bowl feeder controller SDVC31-XLR"},{"@type":"BreadcrumbList","@id":"https:\/\/swoer.com\/manufacturer\/vibratory-bowl-feeder-controller-sdvc31-xlr\/#breadcrumb","itemListElement":[{"@type":"ListItem","position":1,"name":"Home","item":"https:\/\/swoer.com\/"},{"@type":"ListItem","position":2,"name":"Shop","item":"https:\/\/swoer.com\/shop\/"},{"@type":"ListItem","position":3,"name":"Vibratory Bowl Feeder Controller SDVC31-XLR"}]},{"@type":"WebSite","@id":"https:\/\/swoer.com\/#website","url":"https:\/\/swoer.com\/","name":"SWOER","description":"Swoer is the top 3 vibratory bowl feeder manufacturer in China","potentialAction":[{"@type":"SearchAction","target":{"@type":"EntryPoint","urlTemplate":"https:\/\/swoer.com\/?s={search_term_string}"},"query-input":"required name=search_term_string"}],"inLanguage":"pl-PL"}]}},"_links":{"self":[{"href":"https:\/\/swoer.com\/pl\/wp-json\/wp\/v2\/product\/1979"}],"collection":[{"href":"https:\/\/swoer.com\/pl\/wp-json\/wp\/v2\/product"}],"about":[{"href":"https:\/\/swoer.com\/pl\/wp-json\/wp\/v2\/types\/product"}],"replies":[{"embeddable":true,"href":"https:\/\/swoer.com\/pl\/wp-json\/wp\/v2\/comments?post=1979"}],"wp:featuredmedia":[{"embeddable":true,"href":"https:\/\/swoer.com\/pl\/wp-json\/wp\/v2\/media\/1980"}],"wp:attachment":[{"href":"https:\/\/swoer.com\/pl\/wp-json\/wp\/v2\/media?parent=1979"}],"wp:term":[{"taxonomy":"product_cat","embeddable":true,"href":"https:\/\/swoer.com\/pl\/wp-json\/wp\/v2\/product_cat?post=1979"},{"taxonomy":"product_tag","embeddable":true,"href":"https:\/\/swoer.com\/pl\/wp-json\/wp\/v2\/product_tag?post=1979"}],"curies":[{"name":"wp","href":"https:\/\/api.w.org\/{rel}","templated":true}]}}