{"id":1839,"date":"2024-04-02T08:27:07","date_gmt":"2024-04-02T08:27:07","guid":{"rendered":"https:\/\/lightgrey-porpoise-816575.hostingersite.com\/?post_type=product&#038;p=1839"},"modified":"2024-07-31T09:05:56","modified_gmt":"2024-07-31T01:05:56","slug":"automatic-riveting-machine","status":"publish","type":"product","link":"https:\/\/swoer.com\/pl\/manufacturer\/automatic-riveting-machine\/","title":{"rendered":"Automatyczna maszyna do nitowania"},"content":{"rendered":"<p data-sourcepos=\"3:1-3:9\">Automatyczna nitownica SWOER to zaawansowany system, kt\u00f3ry automatycznie przenosi nity do kaga\u0144ca wci\u0105gaj\u0105cego gwo\u017adzie. Zaprojektowali\u015bmy t\u0119 maszyn\u0119, aby wype\u0142ni\u0107 krytyczne luki w chi\u0144skim przemy\u015ble i zdoby\u0142a ona liczne patenty. Korzystanie z tej maszyny mo\u017ce zaoszcz\u0119dzi\u0107 Twojemu przedsi\u0119biorstwu ponad 30% koszt\u00f3w pracy.<\/p>\n<p data-sourcepos=\"5:1-5:135\">W odr\u00f3\u017cnieniu od innych automatycznych nitownic, model SWOER dzia\u0142a w inny spos\u00f3b. Podczas gdy konwencjonalne maszyny wymagaj\u0105 r\u0119cznego umieszczania nit\u00f3w i kontroli wylotu, opieraj\u0105c si\u0119 na podci\u015bnieniu przy wprowadzaniu nit\u00f3w, automatyczna nitownica SWOER zapewnia podej\u015bcie zautomatyzowane. Nasza maszyna wykorzystuje spr\u0119\u017cone powietrze do transportu nit\u00f3w bezpo\u015brednio do wylotu gwo\u017adziarki za pomoc\u0105 automatycznego nitu uk\u0142ad i separacja. Stosuj\u0105c automatyczn\u0105 nitownic\u0119 SWOER, mo\u017cesz przekszta\u0142ci\u0107 pracoch\u0142onne r\u0119czne operacje gwo\u017adzi w procesy zautomatyzowane lub bezza\u0142ogowe, co oznacza znacz\u0105cy post\u0119p technologiczny w bran\u017cy gwo\u017adzi.<\/p>\n\t<div id=\"gap-853039613\" class=\"gap-element clearfix\" style=\"display:block; height:auto;\">\n\t\t\n<style>\n#gap-853039613 {\n  padding-top: 30px;\n}\n<\/style>\n\t<\/div>\n\t\n<h2><strong>Specyfikacja:<\/strong><\/h2>\n\t<div id=\"text-4233771578\" class=\"text\">\n\t\t\n<table style=\"border-collapse: collapse; width: 432.77pt;\" border=\"0\" width=\"577\" cellspacing=\"0\" cellpadding=\"0\">\n<tbody>\n<tr style=\"height: 15.00pt;\">\n<td class=\"et2\" style=\"height: 15.00pt; width: 206.25pt;\" width=\"275\" height=\"20\">Przedmiot<\/td>\n<td class=\"et2\" style=\"width: 226.50pt;\" width=\"302\">Warto\u015b\u0107<\/td>\n<\/tr>\n<tr style=\"height: 15.00pt;\">\n<td class=\"et2\" style=\"height: 15.00pt; width: 206.25pt;\" width=\"275\" height=\"20\">Numer modelu<\/td>\n<td class=\"et2\" style=\"width: 226.50pt;\" width=\"302\">SW-1000A<\/td>\n<\/tr>\n<tr style=\"height: 15.00pt;\">\n<td class=\"et2\" style=\"height: 15.00pt; width: 206.25pt;\" width=\"275\" height=\"20\">Gwarancja<\/td>\n<td class=\"et2\" style=\"width: 226.50pt;\" width=\"302\">1 rok<\/td>\n<\/tr>\n<tr style=\"height: 15.00pt;\">\n<td class=\"et2\" style=\"height: 15.00pt; width: 206.25pt;\" width=\"275\" height=\"20\">Pr\u0119dko\u015b\u0107 bez obci\u0105\u017cenia<\/td>\n<td class=\"et3\" style=\"width: 226.50pt;\" width=\"302\">0<\/td>\n<\/tr>\n<tr style=\"height: 15.00pt;\">\n<td class=\"et2\" style=\"height: 15.00pt; width: 206.25pt;\" width=\"275\" height=\"20\">Indywidualne wsparcie<\/td>\n<td class=\"et2\" style=\"width: 226.50pt;\" width=\"302\">OEM<\/td>\n<\/tr>\n<tr style=\"height: 15.00pt;\">\n<td class=\"et2\" style=\"height: 15.00pt; width: 206.25pt;\" width=\"275\" height=\"20\">Miejsce pochodzenia<\/td>\n<td class=\"et2\" style=\"width: 226.50pt;\" width=\"302\">Chiny<\/td>\n<\/tr>\n<tr style=\"height: 15.00pt;\">\n<td class=\"et2\" style=\"height: 15.00pt; width: 206.25pt;\" width=\"275\" height=\"20\">Nazwa<\/td>\n<td class=\"et2\" style=\"width: 226.50pt;\" width=\"302\">Automatyczna maszyna do nitowania<\/td>\n<\/tr>\n<tr style=\"height: 15.00pt;\">\n<td class=\"et2\" style=\"height: 15.00pt; width: 206.25pt;\" width=\"275\" height=\"20\">Kolor<\/td>\n<td class=\"et2\" style=\"width: 226.50pt;\" width=\"302\">Blady<\/td>\n<\/tr>\n<tr style=\"height: 15.00pt;\">\n<td class=\"et2\" style=\"height: 15.00pt; width: 206.25pt;\" width=\"275\" height=\"20\">Waga<\/td>\n<td class=\"et2\" style=\"width: 226.50pt;\" width=\"302\">50 kg<\/td>\n<\/tr>\n<tr style=\"height: 15.00pt;\">\n<td class=\"et2\" style=\"height: 15.00pt; width: 206.25pt;\" width=\"275\" height=\"20\">Pr\u0119dko\u015b\u0107 podawania paznokci<\/td>\n<td class=\"et2\" style=\"width: 226.50pt;\" width=\"302\">60 ~ 120 sztuk\/min<\/td>\n<\/tr>\n<tr style=\"height: 15.00pt;\">\n<td class=\"et2\" style=\"height: 15.00pt; width: 206.25pt;\" width=\"275\" height=\"20\">Ci\u015bnienie<\/td>\n<td class=\"et2\" style=\"width: 226.50pt;\" width=\"302\">5,5 ~ 6,5 bara<\/td>\n<\/tr>\n<tr style=\"height: 15.00pt;\">\n<td class=\"et2\" style=\"height: 15.00pt; width: 206.25pt;\" width=\"275\" height=\"20\">Rozmiar podwozia<\/td>\n<td class=\"et2\" style=\"width: 226.50pt;\" width=\"302\">530*360*380mm<\/td>\n<\/tr>\n<\/tbody>\n<\/table>\n\t\t\n<style>\n#text-4233771578 {\n  font-size: 1.15rem;\n  line-height: 3;\n}\n<\/style>\n\t<\/div>\n\t\n\t<div id=\"gap-261641055\" class=\"gap-element clearfix\" style=\"display:block; height:auto;\">\n\t\t\n<style>\n#gap-261641055 {\n  padding-top: 30px;\n}\n<\/style>\n\t<\/div>\n\t\n<h3><strong>Automatyczna nitownica SWOER sk\u0142ada si\u0119 z dw\u00f3ch g\u0142\u00f3wnych element\u00f3w: silnika g\u0142\u00f3wnego i element\u00f3w gwo\u017adziarki.<\/strong><\/h3>\n<ol>\n<li>Silnik g\u0142\u00f3wny sk\u0142ada si\u0119 z uk\u0142adu ruchu maszyny, uk\u0142adu sterowania maszyn\u0105 i uk\u0142adu detekcji. Rol\u0105 uk\u0142adu ruchu maszyny jest uporz\u0105dkowane oddzielanie nit\u00f3w i transportowanie ich do dyszy pistoletu w okre\u015blonym kierunku. Tymczasem system sterowania maszyn\u0105 reguluje dzia\u0142anie r\u00f3\u017cnych cz\u0119\u015bci zgodnie z ustalonymi instrukcjami. Jednocze\u015bnie system detekcji zapewnia stabiln\u0105 prac\u0119 maszyny wed\u0142ug zaprogramowanych parametr\u00f3w.<\/li>\n<\/ol>\n<p>2. Element gwo\u017adziarki obejmuje gwo\u017adziark\u0119, mechanizm przyjmuj\u0105cy nit oraz mechanizm zbieraj\u0105cy i wyj\u015bciowy sygna\u0142u. Ponadto gwo\u017adziarka, standardowa automatyczna gwo\u017adziarka dost\u0119pna na rynku, s\u0142u\u017cy jako podstawowe narz\u0119dzie do wykonywania gwo\u017adzi, zar\u00f3wno r\u0119cznych, jak i automatycznych. Mechanizm odbieraj\u0105cy nity przechwytuje i \u0142aduje nity transportowane przez silnik g\u0142\u00f3wny ruroci\u0105giem do elementu dyszy nitowej, co stanowi podstawow\u0105 technologi\u0119 automatycznej nitownicy. Wreszcie mechanizm zbierania i wysy\u0142ania sygna\u0142\u00f3w, jak sama nazwa wskazuje, zbiera i wysy\u0142a sygna\u0142y w celu zainicjowania pracy maszyny i wykonania zada\u0144.<\/p>\n<h3><strong>Wytyczne dotycz\u0105ce czyszczenia i konserwacji automatycznej maszyny do nitowania:<\/strong><\/h3>\n<p><strong>1.<\/strong> Regularnie czy\u015b\u0107 pojemnik na gwo\u017adzie, aby zachowa\u0107 czysto\u015b\u0107, u\u017cywaj\u0105c gazu pod wysokim ci\u015bnieniem do wydmuchania wszelkich pozosta\u0142o\u015bci zgromadzonych wewn\u0105trz.<\/p>\n<p><strong>2.<\/strong> Regularnie czy\u015b\u0107 g\u0105sienice swojej nitownicy, aby zapewni\u0107 jej p\u0142ynn\u0105 prac\u0119.<\/p>\n<p><strong>3.<\/strong> Okresowo czy\u015b\u0107 system wprowadzania gwo\u017adzi, aby zachowa\u0107 jego funkcjonalno\u015b\u0107 i rozwa\u017c zastosowanie smaru do smarowania ruchomych cz\u0119\u015bci w celu uzyskania optymalnej wydajno\u015bci.<\/p>\n<p><strong>4.<\/strong> Utrzymuj czysto\u015b\u0107 zewn\u0119trznej powierzchni obudowy maszyny poprzez regularne czyszczenie.<\/p>\n<p><strong>5.<\/strong> Unikaj uderzania luf\u0105 gwo\u017adziarki w obrabiane przedmioty lub inne przedmioty. Ponadto pami\u0119taj o wy\u0142\u0105czeniu urz\u0105dzenia, gdy nie jest u\u017cywane, aby zapobiec wypadkom.<\/p>","protected":false},"excerpt":{"rendered":"<p>SWOER Niestandardowy producent i dostawca automatycznych maszyn do nitowania w Chinach.<\/p>\n<p>-MOQ: 1 szt<\/p>\n<p>-Oferowana us\u0142uga OEM\/ODM<\/p>\n<p>-Zaakceptuj personalizacj\u0119<\/p>\n<p>Je\u015bli chcesz pozna\u0107 ceny automatycznego sprz\u0119tu do nitowania, skontaktuj si\u0119 z nami.<\/p>","protected":false},"featured_media":1840,"comment_status":"open","ping_status":"closed","template":"","meta":[],"product_cat":[42],"product_tag":[],"yoast_head":"<!-- This site is optimized with the Yoast SEO plugin v22.2 - https:\/\/yoast.com\/wordpress\/plugins\/seo\/ -->\n<title>Automatic Riveting Machine - SWOER<\/title>\n<meta name=\"description\" content=\"Experience advanced automation with SOWER&#039;s riveting machine. Automate rivet transfer, saving over 30% in labor and boosting efficiency.\" \/>\n<meta name=\"robots\" content=\"index, follow, max-snippet:-1, max-image-preview:large, max-video-preview:-1\" \/>\n<link rel=\"canonical\" href=\"https:\/\/swoer.com\/pl\/manufacturer\/automatic-riveting-machine\/\" \/>\n<meta property=\"og:locale\" content=\"pl_PL\" \/>\n<meta property=\"og:type\" content=\"article\" \/>\n<meta property=\"og:title\" content=\"Automatic Riveting Machine - SWOER\" \/>\n<meta property=\"og:description\" content=\"Experience advanced automation with SOWER&#039;s riveting machine. Automate rivet transfer, saving over 30% in labor and boosting efficiency.\" \/>\n<meta property=\"og:url\" content=\"https:\/\/swoer.com\/pl\/manufacturer\/automatic-riveting-machine\/\" \/>\n<meta property=\"og:site_name\" content=\"SWOER\" \/>\n<meta property=\"article:modified_time\" content=\"2024-07-31T01:05:56+00:00\" \/>\n<meta property=\"og:image\" content=\"https:\/\/swoer.com\/wp-content\/uploads\/2024\/04\/auto-rivet-tools.webp\" \/>\n\t<meta property=\"og:image:width\" content=\"1000\" \/>\n\t<meta property=\"og:image:height\" content=\"1000\" \/>\n\t<meta property=\"og:image:type\" content=\"image\/webp\" \/>\n<meta name=\"twitter:card\" content=\"summary_large_image\" \/>\n<meta name=\"twitter:label1\" content=\"Szacowany czas czytania\" \/>\n\t<meta name=\"twitter:data1\" content=\"3 minuty\" \/>\n<script type=\"application\/ld+json\" class=\"yoast-schema-graph\">{\"@context\":\"https:\/\/schema.org\",\"@graph\":[{\"@type\":\"WebPage\",\"@id\":\"https:\/\/swoer.com\/manufacturer\/automatic-riveting-machine\/\",\"url\":\"https:\/\/swoer.com\/manufacturer\/automatic-riveting-machine\/\",\"name\":\"Automatic Riveting Machine - SWOER\",\"isPartOf\":{\"@id\":\"https:\/\/swoer.com\/#website\"},\"primaryImageOfPage\":{\"@id\":\"https:\/\/swoer.com\/manufacturer\/automatic-riveting-machine\/#primaryimage\"},\"image\":{\"@id\":\"https:\/\/swoer.com\/manufacturer\/automatic-riveting-machine\/#primaryimage\"},\"thumbnailUrl\":\"https:\/\/swoer.com\/wp-content\/uploads\/2024\/04\/auto-rivet-tools.webp\",\"datePublished\":\"2024-04-02T08:27:07+00:00\",\"dateModified\":\"2024-07-31T01:05:56+00:00\",\"description\":\"Experience advanced automation with SOWER's riveting machine. Automate rivet transfer, saving over 30% in labor and boosting efficiency.\",\"breadcrumb\":{\"@id\":\"https:\/\/swoer.com\/manufacturer\/automatic-riveting-machine\/#breadcrumb\"},\"inLanguage\":\"pl-PL\",\"potentialAction\":[{\"@type\":\"ReadAction\",\"target\":[\"https:\/\/swoer.com\/manufacturer\/automatic-riveting-machine\/\"]}]},{\"@type\":\"ImageObject\",\"inLanguage\":\"pl-PL\",\"@id\":\"https:\/\/swoer.com\/manufacturer\/automatic-riveting-machine\/#primaryimage\",\"url\":\"https:\/\/swoer.com\/wp-content\/uploads\/2024\/04\/auto-rivet-tools.webp\",\"contentUrl\":\"https:\/\/swoer.com\/wp-content\/uploads\/2024\/04\/auto-rivet-tools.webp\",\"width\":1000,\"height\":1000,\"caption\":\"auto rivet tools\"},{\"@type\":\"BreadcrumbList\",\"@id\":\"https:\/\/swoer.com\/manufacturer\/automatic-riveting-machine\/#breadcrumb\",\"itemListElement\":[{\"@type\":\"ListItem\",\"position\":1,\"name\":\"Home\",\"item\":\"https:\/\/swoer.com\/\"},{\"@type\":\"ListItem\",\"position\":2,\"name\":\"Shop\",\"item\":\"https:\/\/swoer.com\/shop\/\"},{\"@type\":\"ListItem\",\"position\":3,\"name\":\"Automatic Riveting Machine\"}]},{\"@type\":\"WebSite\",\"@id\":\"https:\/\/swoer.com\/#website\",\"url\":\"https:\/\/swoer.com\/\",\"name\":\"SWOER\",\"description\":\"Swoer is the top 3 vibratory bowl feeder manufacturer in China\",\"potentialAction\":[{\"@type\":\"SearchAction\",\"target\":{\"@type\":\"EntryPoint\",\"urlTemplate\":\"https:\/\/swoer.com\/?s={search_term_string}\"},\"query-input\":\"required name=search_term_string\"}],\"inLanguage\":\"pl-PL\"}]}<\/script>\n<!-- \/ Yoast SEO plugin. -->","yoast_head_json":{"title":"Automatic Riveting Machine - SWOER","description":"Experience advanced automation with SOWER's riveting machine. Automate rivet transfer, saving over 30% in labor and boosting efficiency.","robots":{"index":"index","follow":"follow","max-snippet":"max-snippet:-1","max-image-preview":"max-image-preview:large","max-video-preview":"max-video-preview:-1"},"canonical":"https:\/\/swoer.com\/pl\/manufacturer\/automatic-riveting-machine\/","og_locale":"pl_PL","og_type":"article","og_title":"Automatic Riveting Machine - SWOER","og_description":"Experience advanced automation with SOWER's riveting machine. Automate rivet transfer, saving over 30% in labor and boosting efficiency.","og_url":"https:\/\/swoer.com\/pl\/manufacturer\/automatic-riveting-machine\/","og_site_name":"SWOER","article_modified_time":"2024-07-31T01:05:56+00:00","og_image":[{"width":1000,"height":1000,"url":"https:\/\/swoer.com\/wp-content\/uploads\/2024\/04\/auto-rivet-tools.webp","type":"image\/webp"}],"twitter_card":"summary_large_image","twitter_misc":{"Szacowany czas czytania":"3 minuty"},"schema":{"@context":"https:\/\/schema.org","@graph":[{"@type":"WebPage","@id":"https:\/\/swoer.com\/manufacturer\/automatic-riveting-machine\/","url":"https:\/\/swoer.com\/manufacturer\/automatic-riveting-machine\/","name":"Automatic Riveting Machine - SWOER","isPartOf":{"@id":"https:\/\/swoer.com\/#website"},"primaryImageOfPage":{"@id":"https:\/\/swoer.com\/manufacturer\/automatic-riveting-machine\/#primaryimage"},"image":{"@id":"https:\/\/swoer.com\/manufacturer\/automatic-riveting-machine\/#primaryimage"},"thumbnailUrl":"https:\/\/swoer.com\/wp-content\/uploads\/2024\/04\/auto-rivet-tools.webp","datePublished":"2024-04-02T08:27:07+00:00","dateModified":"2024-07-31T01:05:56+00:00","description":"Experience advanced automation with SOWER's riveting machine. Automate rivet transfer, saving over 30% in labor and boosting efficiency.","breadcrumb":{"@id":"https:\/\/swoer.com\/manufacturer\/automatic-riveting-machine\/#breadcrumb"},"inLanguage":"pl-PL","potentialAction":[{"@type":"ReadAction","target":["https:\/\/swoer.com\/manufacturer\/automatic-riveting-machine\/"]}]},{"@type":"ImageObject","inLanguage":"pl-PL","@id":"https:\/\/swoer.com\/manufacturer\/automatic-riveting-machine\/#primaryimage","url":"https:\/\/swoer.com\/wp-content\/uploads\/2024\/04\/auto-rivet-tools.webp","contentUrl":"https:\/\/swoer.com\/wp-content\/uploads\/2024\/04\/auto-rivet-tools.webp","width":1000,"height":1000,"caption":"auto rivet tools"},{"@type":"BreadcrumbList","@id":"https:\/\/swoer.com\/manufacturer\/automatic-riveting-machine\/#breadcrumb","itemListElement":[{"@type":"ListItem","position":1,"name":"Home","item":"https:\/\/swoer.com\/"},{"@type":"ListItem","position":2,"name":"Shop","item":"https:\/\/swoer.com\/shop\/"},{"@type":"ListItem","position":3,"name":"Automatic Riveting Machine"}]},{"@type":"WebSite","@id":"https:\/\/swoer.com\/#website","url":"https:\/\/swoer.com\/","name":"SWOER","description":"Swoer is the top 3 vibratory bowl feeder manufacturer in China","potentialAction":[{"@type":"SearchAction","target":{"@type":"EntryPoint","urlTemplate":"https:\/\/swoer.com\/?s={search_term_string}"},"query-input":"required name=search_term_string"}],"inLanguage":"pl-PL"}]}},"_links":{"self":[{"href":"https:\/\/swoer.com\/pl\/wp-json\/wp\/v2\/product\/1839"}],"collection":[{"href":"https:\/\/swoer.com\/pl\/wp-json\/wp\/v2\/product"}],"about":[{"href":"https:\/\/swoer.com\/pl\/wp-json\/wp\/v2\/types\/product"}],"replies":[{"embeddable":true,"href":"https:\/\/swoer.com\/pl\/wp-json\/wp\/v2\/comments?post=1839"}],"wp:featuredmedia":[{"embeddable":true,"href":"https:\/\/swoer.com\/pl\/wp-json\/wp\/v2\/media\/1840"}],"wp:attachment":[{"href":"https:\/\/swoer.com\/pl\/wp-json\/wp\/v2\/media?parent=1839"}],"wp:term":[{"taxonomy":"product_cat","embeddable":true,"href":"https:\/\/swoer.com\/pl\/wp-json\/wp\/v2\/product_cat?post=1839"},{"taxonomy":"product_tag","embeddable":true,"href":"https:\/\/swoer.com\/pl\/wp-json\/wp\/v2\/product_tag?post=1839"}],"curies":[{"name":"wp","href":"https:\/\/api.w.org\/{rel}","templated":true}]}}