{"id":1820,"date":"2024-04-02T03:12:36","date_gmt":"2024-04-02T03:12:36","guid":{"rendered":"https:\/\/lightgrey-porpoise-816575.hostingersite.com\/?post_type=product&#038;p=1820"},"modified":"2024-04-02T03:18:29","modified_gmt":"2024-04-02T03:18:29","slug":"plastic-connector-pneumatic-stepped-feeding-device","status":"publish","type":"product","link":"https:\/\/swoer.com\/pl\/manufacturer\/plastic-connector-pneumatic-stepped-feeding-device\/","title":{"rendered":"Plastikowe z\u0142\u0105cze pneumatyczne stopniowane urz\u0105dzenie podaj\u0105ce"},"content":{"rendered":"<p><strong>1.<\/strong> Zwi\u0119ksz wydajno\u015b\u0107 swojej linii monta\u017cowej dzi\u0119ki naszemu pneumatycznemu, stopniowanemu urz\u0105dzeniu podaj\u0105cemu z plastikowym z\u0142\u0105czem. Zaprojektowany z my\u015bl\u0105 o precyzji, zapewnia p\u0142ynn\u0105 obs\u0142ug\u0119 materia\u0142\u00f3w w celu optymalizacji proces\u00f3w produkcyjnych<\/p>\n<p><strong>2.<\/strong> Usprawnij swoje procesy produkcyjne dzi\u0119ki naszemu pneumatycznemu, stopniowanemu urz\u0105dzeniu podaj\u0105cemu z plastikowym z\u0142\u0105czem. Niezawodny i wydajny, zapewnia sta\u0142e podawanie, maksymalizuj\u0105c produktywno\u015b\u0107.<\/p>\n\t<div id=\"gap-792085793\" class=\"gap-element clearfix\" style=\"display:block; height:auto;\">\n\t\t\n<style>\n#gap-792085793 {\n  padding-top: 30px;\n}\n<\/style>\n\t<\/div>\n\t\n<h2>Opis:<\/h2>\n<table width=\"727\">\n<tbody>\n<tr>\n<td width=\"205\">Nazwa produktu<\/td>\n<td width=\"522\">Plastikowe z\u0142\u0105cze pneumatyczne stopniowane urz\u0105dzenie podaj\u0105ce\u00a0<\/td>\n<\/tr>\n<tr>\n<td>Materia\u0142<\/td>\n<td>AL7075 \/ SUS304<\/td>\n<\/tr>\n<tr>\n<td>Specjalno\u015b\u0107 materia\u0142owa<\/td>\n<td>Stop do kucia na zimno, wysoka wytrzyma\u0142o\u015b\u0107, wysoka twardo\u015b\u0107<\/td>\n<\/tr>\n<tr>\n<td>Napi\u0119cie<\/td>\n<td>220 V<\/td>\n<\/tr>\n<tr>\n<td>Moc<\/td>\n<td>65 W \/ 150 W \/ 180 W \/ 220 W \/ 350 W<\/td>\n<\/tr>\n<tr>\n<td>Uwierzytelnianie<\/td>\n<td>CE, ROHS, ISO9001<\/td>\n<\/tr>\n<tr>\n<td>Gwarancja<\/td>\n<td>1 rok gwarancji<\/td>\n<\/tr>\n<tr>\n<td>MOQ<\/td>\n<td>1 zestaw<\/td>\n<\/tr>\n<tr>\n<td>Czas realizacji<\/td>\n<td>28 dni<\/td>\n<\/tr>\n<tr>\n<td>Termin p\u0142atno\u015bci<\/td>\n<td>T\/T 30% Depozyt i saldo przed wysy\u0142k\u0105<\/td>\n<\/tr>\n<tr>\n<td>Orygina\u0142 miejsca<\/td>\n<td>Chiny<\/td>\n<\/tr>\n<\/tbody>\n<\/table>\n\t<div id=\"gap-1378644865\" class=\"gap-element clearfix\" style=\"display:block; height:auto;\">\n\t\t\n<style>\n#gap-1378644865 {\n  padding-top: 30px;\n}\n<\/style>\n\t<\/div>\n\t\n<h2>Cz\u0119sto zadawane pytania:<\/h2>\n<p><strong>1. W jaki spos\u00f3b pneumatyczne urz\u0105dzenie do stopniowego podawania z\u0142\u0105cza z tworzywa sztucznego poprawi wydajno\u015b\u0107 mojej linii monta\u017cowej?<\/strong><\/p>\n<p>Nasze pneumatyczne, stopniowane urz\u0105dzenie do podawania z\u0142\u0105czy plastikowych zosta\u0142o zaprojektowane tak, aby zoptymalizowa\u0107 obs\u0142ug\u0119 materia\u0142u, zapewniaj\u0105c p\u0142ynne i wydajne podawanie plastikowych z\u0142\u0105czy. Automatyzuj\u0105c ten proces, ogranicza si\u0119 prac\u0119 r\u0119czn\u0105 i minimalizuje przestoje w produkcji, ostatecznie zwi\u0119kszaj\u0105c og\u00f3ln\u0105 wydajno\u015b\u0107 linii monta\u017cowej.<\/p>\n<p><strong>2. Czy to urz\u0105dzenie podaj\u0105ce obs\u0142uguje r\u00f3\u017cne rozmiary i kszta\u0142ty plastikowych z\u0142\u0105czy?<\/strong><\/p>\n<p>Absolutnie. Nasze urz\u0105dzenie jest wszechstronne i regulowane, mo\u017ce pomie\u015bci\u0107 szerok\u0105 gam\u0119 rozmiar\u00f3w i kszta\u0142t\u00f3w plastikowych z\u0142\u0105czy. Niezale\u017cnie od tego, czy pracujesz z ma\u0142ymi czy du\u017cymi z\u0142\u0105czami, nasze urz\u0105dzenie podaj\u0105ce zapewnia sta\u0142\u0105 i niezawodn\u0105 wydajno\u015b\u0107, zapewniaj\u0105c bezproblemow\u0105 integracj\u0119 z lini\u0105 monta\u017cow\u0105.<\/p>\n<p><strong>3. Jak \u0142atwo jest zainstalowa\u0107 i zintegrowa\u0107 to urz\u0105dzenie podaj\u0105ce z istniej\u0105c\u0105 konfiguracj\u0105 produkcyjn\u0105?<\/strong><\/p>\n<p>Instalacja i integracja to proste procesy. Nasz zesp\u00f3\u0142 zapewnia kompleksowe wsparcie, aby zapewni\u0107 p\u0142ynn\u0105 konfiguracj\u0119 i integracj\u0119 pneumatycznego urz\u0105dzenia do stopniowego podawania z\u0142\u0105cza plastikowego z istniej\u0105c\u0105 konfiguracj\u0105 produkcyjn\u0105. Priorytetowo traktujemy minimalne zak\u0142\u00f3cenia w Twojej dzia\u0142alno\u015bci, dzi\u0119ki czemu mo\u017cesz szybko czerpa\u0107 korzy\u015bci z wi\u0119kszej wydajno\u015bci.<\/p>\n<p><strong>4. W jaki spos\u00f3b to urz\u0105dzenie podaj\u0105ce wp\u0142ywa na jako\u015b\u0107 i konsystencj\u0119 produktu?<\/strong><\/p>\n<p>Zapewniaj\u0105c precyzyjne i kontrolowane podawanie z\u0142\u0105czy plastikowych, nasze urz\u0105dzenie pomaga utrzyma\u0107 jako\u015b\u0107 i sp\u00f3jno\u015b\u0107 produktu w ca\u0142ym procesie monta\u017cu. Jego pneumatyczne dzia\u0142anie zapewnia dok\u0142adne umiejscowienie i wyr\u00f3wnanie, minimalizuj\u0105c b\u0142\u0119dy i defekty oraz zapewniaj\u0105c wysok\u0105 jako\u015b\u0107 wydruku.<\/p>\n<p><strong>5. Jakiego rodzaju wsparcie oferujecie w zakresie konserwacji i rozwi\u0105zywania problem\u00f3w zwi\u0105zanych z tym urz\u0105dzeniem podaj\u0105cym?<\/strong><\/p>\n<p>Zapewniamy ci\u0105g\u0142e wsparcie w zakresie konserwacji i rozwi\u0105zywania problem\u00f3w. Nasz zesp\u00f3\u0142 oferuje kompleksowe szkolenia, harmonogramy konserwacji i pomoc techniczn\u0105, aby zapewni\u0107 ci\u0105g\u0142\u0105 niezawodno\u015b\u0107 i wydajno\u015b\u0107 pneumatycznego urz\u0105dzenia do stopniowego podawania z\u0142\u0105cza z tworzywa sztucznego. Dok\u0142adamy wszelkich stara\u0144, aby pom\u00f3c Ci zmaksymalizowa\u0107 wydajno\u015b\u0107 i efektywno\u015b\u0107 operacji na linii monta\u017cowej.<\/p>","protected":false},"excerpt":{"rendered":"<p>Zoptymalizuj swoj\u0105 lini\u0119 monta\u017cow\u0105 za pomoc\u0105 naszego pneumatycznego, stopniowanego urz\u0105dzenia podaj\u0105cego z plastikowym z\u0142\u0105czem. Precyzyjnie zaprojektowany z my\u015bl\u0105 o bezproblemowym transporcie materia\u0142u, zapewnia wydajne i niezawodne podawanie, usprawniaj\u0105c procesy produkcyjne.<\/p>","protected":false},"featured_media":1821,"comment_status":"open","ping_status":"closed","template":"","meta":[],"product_cat":[39],"product_tag":[],"yoast_head":"<!-- This site is optimized with the Yoast SEO plugin v22.2 - https:\/\/yoast.com\/wordpress\/plugins\/seo\/ -->\n<title>Plastic Connector Pneumatic Stepped Feeding Device - SWOER<\/title>\n<meta name=\"robots\" content=\"index, follow, max-snippet:-1, max-image-preview:large, max-video-preview:-1\" \/>\n<link rel=\"canonical\" href=\"https:\/\/swoer.com\/pl\/manufacturer\/plastic-connector-pneumatic-stepped-feeding-device\/\" \/>\n<meta property=\"og:locale\" content=\"pl_PL\" \/>\n<meta property=\"og:type\" content=\"article\" \/>\n<meta property=\"og:title\" content=\"Plastic Connector Pneumatic Stepped Feeding Device - SWOER\" \/>\n<meta property=\"og:description\" content=\"Optimize your assembly line with our Plastic Connector Pneumatic Stepped Feeding Device. Precision-engineered for seamless material handling, it ensures efficient and reliable feeding, enhancing your production processes.\" \/>\n<meta property=\"og:url\" content=\"https:\/\/swoer.com\/pl\/manufacturer\/plastic-connector-pneumatic-stepped-feeding-device\/\" \/>\n<meta property=\"og:site_name\" content=\"SWOER\" \/>\n<meta property=\"article:modified_time\" content=\"2024-04-02T03:18:29+00:00\" \/>\n<meta property=\"og:image\" content=\"https:\/\/swoer.com\/wp-content\/uploads\/2024\/04\/Plastic-Connector-Pneumatic-Stepped-Feeding-Device-.jpg\" \/>\n\t<meta property=\"og:image:width\" content=\"1000\" \/>\n\t<meta property=\"og:image:height\" content=\"1000\" \/>\n\t<meta property=\"og:image:type\" content=\"image\/jpeg\" \/>\n<meta name=\"twitter:card\" content=\"summary_large_image\" \/>\n<meta name=\"twitter:label1\" content=\"Szacowany czas czytania\" \/>\n\t<meta name=\"twitter:data1\" content=\"1 minuta\" \/>\n<script type=\"application\/ld+json\" class=\"yoast-schema-graph\">{\"@context\":\"https:\/\/schema.org\",\"@graph\":[{\"@type\":\"WebPage\",\"@id\":\"https:\/\/swoer.com\/manufacturer\/plastic-connector-pneumatic-stepped-feeding-device\/\",\"url\":\"https:\/\/swoer.com\/manufacturer\/plastic-connector-pneumatic-stepped-feeding-device\/\",\"name\":\"Plastic Connector Pneumatic Stepped Feeding Device - SWOER\",\"isPartOf\":{\"@id\":\"https:\/\/swoer.com\/#website\"},\"primaryImageOfPage\":{\"@id\":\"https:\/\/swoer.com\/manufacturer\/plastic-connector-pneumatic-stepped-feeding-device\/#primaryimage\"},\"image\":{\"@id\":\"https:\/\/swoer.com\/manufacturer\/plastic-connector-pneumatic-stepped-feeding-device\/#primaryimage\"},\"thumbnailUrl\":\"https:\/\/swoer.com\/wp-content\/uploads\/2024\/04\/Plastic-Connector-Pneumatic-Stepped-Feeding-Device-.jpg\",\"datePublished\":\"2024-04-02T03:12:36+00:00\",\"dateModified\":\"2024-04-02T03:18:29+00:00\",\"breadcrumb\":{\"@id\":\"https:\/\/swoer.com\/manufacturer\/plastic-connector-pneumatic-stepped-feeding-device\/#breadcrumb\"},\"inLanguage\":\"pl-PL\",\"potentialAction\":[{\"@type\":\"ReadAction\",\"target\":[\"https:\/\/swoer.com\/manufacturer\/plastic-connector-pneumatic-stepped-feeding-device\/\"]}]},{\"@type\":\"ImageObject\",\"inLanguage\":\"pl-PL\",\"@id\":\"https:\/\/swoer.com\/manufacturer\/plastic-connector-pneumatic-stepped-feeding-device\/#primaryimage\",\"url\":\"https:\/\/swoer.com\/wp-content\/uploads\/2024\/04\/Plastic-Connector-Pneumatic-Stepped-Feeding-Device-.jpg\",\"contentUrl\":\"https:\/\/swoer.com\/wp-content\/uploads\/2024\/04\/Plastic-Connector-Pneumatic-Stepped-Feeding-Device-.jpg\",\"width\":1000,\"height\":1000,\"caption\":\"Plastic Connector Pneumatic Stepped Feeding Device\"},{\"@type\":\"BreadcrumbList\",\"@id\":\"https:\/\/swoer.com\/manufacturer\/plastic-connector-pneumatic-stepped-feeding-device\/#breadcrumb\",\"itemListElement\":[{\"@type\":\"ListItem\",\"position\":1,\"name\":\"Home\",\"item\":\"https:\/\/swoer.com\/\"},{\"@type\":\"ListItem\",\"position\":2,\"name\":\"Shop\",\"item\":\"https:\/\/swoer.com\/shop\/\"},{\"@type\":\"ListItem\",\"position\":3,\"name\":\"Plastic Connector Pneumatic Stepped Feeding Device\"}]},{\"@type\":\"WebSite\",\"@id\":\"https:\/\/swoer.com\/#website\",\"url\":\"https:\/\/swoer.com\/\",\"name\":\"SWOER\",\"description\":\"Swoer is the top 3 vibratory bowl feeder manufacturer in China\",\"potentialAction\":[{\"@type\":\"SearchAction\",\"target\":{\"@type\":\"EntryPoint\",\"urlTemplate\":\"https:\/\/swoer.com\/?s={search_term_string}\"},\"query-input\":\"required name=search_term_string\"}],\"inLanguage\":\"pl-PL\"}]}<\/script>\n<!-- \/ Yoast SEO plugin. -->","yoast_head_json":{"title":"Plastic Connector Pneumatic Stepped Feeding Device - SWOER","robots":{"index":"index","follow":"follow","max-snippet":"max-snippet:-1","max-image-preview":"max-image-preview:large","max-video-preview":"max-video-preview:-1"},"canonical":"https:\/\/swoer.com\/pl\/manufacturer\/plastic-connector-pneumatic-stepped-feeding-device\/","og_locale":"pl_PL","og_type":"article","og_title":"Plastic Connector Pneumatic Stepped Feeding Device - SWOER","og_description":"Optimize your assembly line with our Plastic Connector Pneumatic Stepped Feeding Device. Precision-engineered for seamless material handling, it ensures efficient and reliable feeding, enhancing your production processes.","og_url":"https:\/\/swoer.com\/pl\/manufacturer\/plastic-connector-pneumatic-stepped-feeding-device\/","og_site_name":"SWOER","article_modified_time":"2024-04-02T03:18:29+00:00","og_image":[{"width":1000,"height":1000,"url":"https:\/\/swoer.com\/wp-content\/uploads\/2024\/04\/Plastic-Connector-Pneumatic-Stepped-Feeding-Device-.jpg","type":"image\/jpeg"}],"twitter_card":"summary_large_image","twitter_misc":{"Szacowany czas czytania":"1 minuta"},"schema":{"@context":"https:\/\/schema.org","@graph":[{"@type":"WebPage","@id":"https:\/\/swoer.com\/manufacturer\/plastic-connector-pneumatic-stepped-feeding-device\/","url":"https:\/\/swoer.com\/manufacturer\/plastic-connector-pneumatic-stepped-feeding-device\/","name":"Plastic Connector Pneumatic Stepped Feeding Device - SWOER","isPartOf":{"@id":"https:\/\/swoer.com\/#website"},"primaryImageOfPage":{"@id":"https:\/\/swoer.com\/manufacturer\/plastic-connector-pneumatic-stepped-feeding-device\/#primaryimage"},"image":{"@id":"https:\/\/swoer.com\/manufacturer\/plastic-connector-pneumatic-stepped-feeding-device\/#primaryimage"},"thumbnailUrl":"https:\/\/swoer.com\/wp-content\/uploads\/2024\/04\/Plastic-Connector-Pneumatic-Stepped-Feeding-Device-.jpg","datePublished":"2024-04-02T03:12:36+00:00","dateModified":"2024-04-02T03:18:29+00:00","breadcrumb":{"@id":"https:\/\/swoer.com\/manufacturer\/plastic-connector-pneumatic-stepped-feeding-device\/#breadcrumb"},"inLanguage":"pl-PL","potentialAction":[{"@type":"ReadAction","target":["https:\/\/swoer.com\/manufacturer\/plastic-connector-pneumatic-stepped-feeding-device\/"]}]},{"@type":"ImageObject","inLanguage":"pl-PL","@id":"https:\/\/swoer.com\/manufacturer\/plastic-connector-pneumatic-stepped-feeding-device\/#primaryimage","url":"https:\/\/swoer.com\/wp-content\/uploads\/2024\/04\/Plastic-Connector-Pneumatic-Stepped-Feeding-Device-.jpg","contentUrl":"https:\/\/swoer.com\/wp-content\/uploads\/2024\/04\/Plastic-Connector-Pneumatic-Stepped-Feeding-Device-.jpg","width":1000,"height":1000,"caption":"Plastic Connector Pneumatic Stepped Feeding Device"},{"@type":"BreadcrumbList","@id":"https:\/\/swoer.com\/manufacturer\/plastic-connector-pneumatic-stepped-feeding-device\/#breadcrumb","itemListElement":[{"@type":"ListItem","position":1,"name":"Home","item":"https:\/\/swoer.com\/"},{"@type":"ListItem","position":2,"name":"Shop","item":"https:\/\/swoer.com\/shop\/"},{"@type":"ListItem","position":3,"name":"Plastic Connector Pneumatic Stepped Feeding Device"}]},{"@type":"WebSite","@id":"https:\/\/swoer.com\/#website","url":"https:\/\/swoer.com\/","name":"SWOER","description":"Swoer is the top 3 vibratory bowl feeder manufacturer in China","potentialAction":[{"@type":"SearchAction","target":{"@type":"EntryPoint","urlTemplate":"https:\/\/swoer.com\/?s={search_term_string}"},"query-input":"required name=search_term_string"}],"inLanguage":"pl-PL"}]}},"_links":{"self":[{"href":"https:\/\/swoer.com\/pl\/wp-json\/wp\/v2\/product\/1820"}],"collection":[{"href":"https:\/\/swoer.com\/pl\/wp-json\/wp\/v2\/product"}],"about":[{"href":"https:\/\/swoer.com\/pl\/wp-json\/wp\/v2\/types\/product"}],"replies":[{"embeddable":true,"href":"https:\/\/swoer.com\/pl\/wp-json\/wp\/v2\/comments?post=1820"}],"wp:featuredmedia":[{"embeddable":true,"href":"https:\/\/swoer.com\/pl\/wp-json\/wp\/v2\/media\/1821"}],"wp:attachment":[{"href":"https:\/\/swoer.com\/pl\/wp-json\/wp\/v2\/media?parent=1820"}],"wp:term":[{"taxonomy":"product_cat","embeddable":true,"href":"https:\/\/swoer.com\/pl\/wp-json\/wp\/v2\/product_cat?post=1820"},{"taxonomy":"product_tag","embeddable":true,"href":"https:\/\/swoer.com\/pl\/wp-json\/wp\/v2\/product_tag?post=1820"}],"curies":[{"name":"wp","href":"https:\/\/api.w.org\/{rel}","templated":true}]}}