{"id":1817,"date":"2024-04-02T03:02:08","date_gmt":"2024-04-02T03:02:08","guid":{"rendered":"https:\/\/lightgrey-porpoise-816575.hostingersite.com\/?post_type=product&#038;p=1817"},"modified":"2024-04-02T03:10:00","modified_gmt":"2024-04-02T03:10:00","slug":"screw-pneumatic-step-feeder-system","status":"publish","type":"product","link":"https:\/\/swoer.com\/pl\/manufacturer\/screw-pneumatic-step-feeder-system\/","title":{"rendered":"\u015arubowy pneumatyczny system podawania stopniowego"},"content":{"rendered":"<ol>\n<li>\n<p>Zmaksymalizuj produktywno\u015b\u0107 dzi\u0119ki naszemu \u015blimakowemu pneumatycznemu systemowi podajnika stopniowego. Zaprojektowany z my\u015bl\u0105 o precyzji, usprawnia obs\u0142ug\u0119 materia\u0142\u00f3w, zapewniaj\u0105c p\u0142ynny przebieg produkcji.<\/p>\n<\/li>\n<li>\n<p>Bezproblemowa obs\u0142uga materia\u0142\u00f3w dzi\u0119ki naszemu pneumatycznemu systemowi \u015blimakowego podajnika stopniowego. Niezawodny i wydajny, zapewnia sp\u00f3jne podawanie, optymalizuj\u0105c procesy produkcyjne.<\/p>\n<\/li>\n<\/ol>\n\t<div id=\"gap-152797679\" class=\"gap-element clearfix\" style=\"display:block; height:auto;\">\n\t\t\n<style>\n#gap-152797679 {\n  padding-top: 30px;\n}\n<\/style>\n\t<\/div>\n\t\n<h2>Opis:<\/h2>\n<table style=\"border-collapse: collapse; width: 545.27pt;\" border=\"0\" width=\"727\" cellspacing=\"0\" cellpadding=\"0\">\n<tbody>\n<tr style=\"height: 29.00pt;\">\n<td class=\"et2\" style=\"height: 29.00pt; width: 153.75pt;\" width=\"205\" height=\"38\">Nazwa produktu<\/td>\n<td class=\"et2\" style=\"width: 391.50pt;\" width=\"522\">\u015arubowy pneumatyczny system podawania stopniowego<\/td>\n<\/tr>\n<tr style=\"height: 29.00pt;\">\n<td class=\"et2\" style=\"height: 29.00pt;\" height=\"38\">Materia\u0142<\/td>\n<td class=\"et2\">AL7075 \/ SUS304<\/td>\n<\/tr>\n<tr style=\"height: 29.00pt;\">\n<td class=\"et2\" style=\"height: 29.00pt;\" height=\"38\">Specjalno\u015b\u0107 materia\u0142owa<\/td>\n<td class=\"et2\">Stop do kucia na zimno, wysoka wytrzyma\u0142o\u015b\u0107, wysoka twardo\u015b\u0107<\/td>\n<\/tr>\n<tr style=\"height: 29.00pt;\">\n<td class=\"et2\" style=\"height: 29.00pt;\" height=\"38\">Napi\u0119cie<\/td>\n<td class=\"et2\">220 V<\/td>\n<\/tr>\n<tr style=\"height: 29.00pt;\">\n<td class=\"et2\" style=\"height: 29.00pt;\" height=\"38\">Moc<\/td>\n<td class=\"et2\">65 W \/ 150 W \/ 180 W \/ 220 W \/ 350 W<\/td>\n<\/tr>\n<tr style=\"height: 29.00pt;\">\n<td class=\"et2\" style=\"height: 29.00pt;\" height=\"38\">Uwierzytelnianie<\/td>\n<td class=\"et2\">CE, ROHS, ISO9001<\/td>\n<\/tr>\n<tr style=\"height: 29.00pt;\">\n<td class=\"et2\" style=\"height: 29.00pt;\" height=\"38\">Gwarancja<\/td>\n<td class=\"et2\">1 rok gwarancji<\/td>\n<\/tr>\n<tr style=\"height: 29.00pt;\">\n<td class=\"et2\" style=\"height: 29.00pt;\" height=\"38\">MOQ<\/td>\n<td class=\"et2\">1 zestaw<\/td>\n<\/tr>\n<tr style=\"height: 29.00pt;\">\n<td class=\"et2\" style=\"height: 29.00pt;\" height=\"38\">Czas realizacji<\/td>\n<td class=\"et2\">28 dni<\/td>\n<\/tr>\n<tr style=\"height: 29.00pt;\">\n<td class=\"et2\" style=\"height: 29.00pt;\" height=\"38\">Termin p\u0142atno\u015bci<\/td>\n<td class=\"et2\">T\/T 30% Depozyt i saldo przed wysy\u0142k\u0105<\/td>\n<\/tr>\n<tr style=\"height: 29.00pt;\">\n<td class=\"et2\" style=\"height: 29.00pt;\" height=\"38\">Orygina\u0142 miejsca<\/td>\n<td class=\"et2\">Chiny<\/td>\n<\/tr>\n<\/tbody>\n<\/table>\n\t<div id=\"gap-813814854\" class=\"gap-element clearfix\" style=\"display:block; height:auto;\">\n\t\t\n<style>\n#gap-813814854 {\n  padding-top: 30px;\n}\n<\/style>\n\t<\/div>\n\t\n<h2>Cz\u0119sto zadawane pytania:<\/h2>\n<p><strong>1. W jaki spos\u00f3b system \u015blimakowego pneumatycznego podajnika stopniowego usprawnia m\u00f3j proces produkcyjny?<\/strong><\/p>\n<p>Nasz \u015blimakowy pneumatyczny system podawania stopniowego zapewnia precyzyjne i niezawodne podawanie materia\u0142u, minimalizuj\u0105c przestoje i optymalizuj\u0105c wydajno\u015b\u0107 przep\u0142ywu pracy. Jego zaawansowana konstrukcja usprawnia obs\u0142ug\u0119 materia\u0142\u00f3w, co skutkuje p\u0142ynniejszymi procesami produkcyjnymi i zwi\u0119kszon\u0105 produktywno\u015bci\u0105.<\/p>\n<p><strong>2. Czy ten system podajnik\u00f3w mo\u017ce skutecznie obs\u0142ugiwa\u0107 r\u00f3\u017cne rodzaje materia\u0142\u00f3w?<\/strong><\/p>\n<p>Absolutnie. Nasz system jest wszechstronny i mo\u017ce obs\u0142ugiwa\u0107 szerok\u0105 gam\u0119 materia\u0142\u00f3w, od drobnych proszk\u00f3w po granulki i ma\u0142e komponenty. Niezale\u017cnie od tego, czy pracujesz z farmaceutykami, produktami spo\u017cywczymi czy materia\u0142ami przemys\u0142owymi, nasz system podajnik\u00f3w zapewnia sta\u0142\u0105 wydajno\u015b\u0107 w r\u00f3\u017cnych zastosowaniach.<\/p>\n<p><strong>3. Czy proces instalacji jest skomplikowany?<\/strong><\/p>\n<p>Zupe\u0142nie nie. Zapewniamy kompleksowe wsparcie, aby zapewni\u0107 \u0142atw\u0105 instalacj\u0119 i integracj\u0119 pneumatycznego systemu podajnika \u015blimakowego stopniowego z istniej\u0105c\u0105 lini\u0105 produkcyjn\u0105. Nasz zesp\u00f3\u0142 przeprowadzi Ci\u0119 przez ca\u0142y proces, minimalizuj\u0105c zak\u0142\u00f3cenia w Twojej dzia\u0142alno\u015bci i zapewniaj\u0105c p\u0142ynne przej\u015bcie do usprawnionej obs\u0142ugi materia\u0142\u00f3w.<\/p>\n<p><strong>4. W jaki spos\u00f3b ten system podajnik\u00f3w przyczynia si\u0119 do wydajno\u015bci operacyjnej?<\/strong><\/p>\n<p>Automatyzuj\u0105c zadania podawania materia\u0142u, nasz pneumatyczny system podajnika krokowego \u015brubowego ogranicza prac\u0119 r\u0119czn\u0105 i usprawnia procesy produkcyjne. Jego precyzyjne dzia\u0142anie pneumatyczne zapewnia dok\u0142adne podawanie, minimalizuj\u0105c odpady i optymalizuj\u0105c wykorzystanie zasob\u00f3w w celu poprawy wydajno\u015bci operacyjnej.<\/p>\n<p><strong>5. Jakiego rodzaju wsparcie oferujecie w zakresie konserwacji i rozwi\u0105zywania problem\u00f3w?<\/strong><\/p>\n<p>Priorytetem jest dla nas zadowolenie klienta i oferujemy ci\u0105g\u0142e wsparcie w zakresie konserwacji i rozwi\u0105zywania problem\u00f3w. Nasz zesp\u00f3\u0142 zapewnia kompleksowe szkolenia, harmonogramy konserwacji i pomoc techniczn\u0105, aby zapewni\u0107 ci\u0105g\u0142\u0105 niezawodno\u015b\u0107 i wydajno\u015b\u0107 Twojego pneumatycznego systemu podajnika \u015blimakowego.<\/p>","protected":false},"excerpt":{"rendered":"<p>Zwi\u0119ksz wydajno\u015b\u0107 swojej linii produkcyjnej dzi\u0119ki naszemu pneumatycznemu systemowi \u015blimakowego podajnika stopniowego. Precyzyjnie zaprojektowany z my\u015bl\u0105 o bezproblemowym transporcie materia\u0142u, zapewnia sp\u00f3jne i niezawodne podawanie w celu optymalnego przep\u0142ywu pracy.<\/p>","protected":false},"featured_media":1818,"comment_status":"open","ping_status":"closed","template":"","meta":[],"product_cat":[39],"product_tag":[],"yoast_head":"<!-- This site is optimized with the Yoast SEO plugin v22.2 - https:\/\/yoast.com\/wordpress\/plugins\/seo\/ -->\n<title>Screw Pneumatic Step Feeder System - SWOER<\/title>\n<meta name=\"robots\" content=\"index, follow, max-snippet:-1, max-image-preview:large, max-video-preview:-1\" \/>\n<link rel=\"canonical\" href=\"https:\/\/swoer.com\/pl\/manufacturer\/screw-pneumatic-step-feeder-system\/\" \/>\n<meta property=\"og:locale\" content=\"pl_PL\" \/>\n<meta property=\"og:type\" content=\"article\" \/>\n<meta property=\"og:title\" content=\"Screw Pneumatic Step Feeder System - SWOER\" \/>\n<meta property=\"og:description\" content=\"Enhance your production line efficiency with our Screw Pneumatic Step Feeder System. Precisely engineered for seamless material handling, it ensures consistent and reliable feeding for optimal workflow.\" \/>\n<meta property=\"og:url\" content=\"https:\/\/swoer.com\/pl\/manufacturer\/screw-pneumatic-step-feeder-system\/\" \/>\n<meta property=\"og:site_name\" content=\"SWOER\" \/>\n<meta property=\"article:modified_time\" content=\"2024-04-02T03:10:00+00:00\" \/>\n<meta property=\"og:image\" content=\"https:\/\/swoer.com\/wp-content\/uploads\/2024\/04\/Screw-Pneumatic-Step-Feeder-System.jpg\" \/>\n\t<meta property=\"og:image:width\" content=\"1000\" \/>\n\t<meta property=\"og:image:height\" content=\"1000\" \/>\n\t<meta property=\"og:image:type\" content=\"image\/jpeg\" \/>\n<meta name=\"twitter:card\" content=\"summary_large_image\" \/>\n<meta name=\"twitter:label1\" content=\"Szacowany czas czytania\" \/>\n\t<meta name=\"twitter:data1\" content=\"1 minuta\" \/>\n<script type=\"application\/ld+json\" class=\"yoast-schema-graph\">{\"@context\":\"https:\/\/schema.org\",\"@graph\":[{\"@type\":\"WebPage\",\"@id\":\"https:\/\/swoer.com\/manufacturer\/screw-pneumatic-step-feeder-system\/\",\"url\":\"https:\/\/swoer.com\/manufacturer\/screw-pneumatic-step-feeder-system\/\",\"name\":\"Screw Pneumatic Step Feeder System - SWOER\",\"isPartOf\":{\"@id\":\"https:\/\/swoer.com\/#website\"},\"primaryImageOfPage\":{\"@id\":\"https:\/\/swoer.com\/manufacturer\/screw-pneumatic-step-feeder-system\/#primaryimage\"},\"image\":{\"@id\":\"https:\/\/swoer.com\/manufacturer\/screw-pneumatic-step-feeder-system\/#primaryimage\"},\"thumbnailUrl\":\"https:\/\/swoer.com\/wp-content\/uploads\/2024\/04\/Screw-Pneumatic-Step-Feeder-System.jpg\",\"datePublished\":\"2024-04-02T03:02:08+00:00\",\"dateModified\":\"2024-04-02T03:10:00+00:00\",\"breadcrumb\":{\"@id\":\"https:\/\/swoer.com\/manufacturer\/screw-pneumatic-step-feeder-system\/#breadcrumb\"},\"inLanguage\":\"pl-PL\",\"potentialAction\":[{\"@type\":\"ReadAction\",\"target\":[\"https:\/\/swoer.com\/manufacturer\/screw-pneumatic-step-feeder-system\/\"]}]},{\"@type\":\"ImageObject\",\"inLanguage\":\"pl-PL\",\"@id\":\"https:\/\/swoer.com\/manufacturer\/screw-pneumatic-step-feeder-system\/#primaryimage\",\"url\":\"https:\/\/swoer.com\/wp-content\/uploads\/2024\/04\/Screw-Pneumatic-Step-Feeder-System.jpg\",\"contentUrl\":\"https:\/\/swoer.com\/wp-content\/uploads\/2024\/04\/Screw-Pneumatic-Step-Feeder-System.jpg\",\"width\":1000,\"height\":1000,\"caption\":\"Screw Pneumatic Step Feeder System\"},{\"@type\":\"BreadcrumbList\",\"@id\":\"https:\/\/swoer.com\/manufacturer\/screw-pneumatic-step-feeder-system\/#breadcrumb\",\"itemListElement\":[{\"@type\":\"ListItem\",\"position\":1,\"name\":\"Home\",\"item\":\"https:\/\/swoer.com\/\"},{\"@type\":\"ListItem\",\"position\":2,\"name\":\"Shop\",\"item\":\"https:\/\/swoer.com\/shop\/\"},{\"@type\":\"ListItem\",\"position\":3,\"name\":\"Screw Pneumatic Step Feeder System\"}]},{\"@type\":\"WebSite\",\"@id\":\"https:\/\/swoer.com\/#website\",\"url\":\"https:\/\/swoer.com\/\",\"name\":\"SWOER\",\"description\":\"Swoer is the top 3 vibratory bowl feeder manufacturer in China\",\"potentialAction\":[{\"@type\":\"SearchAction\",\"target\":{\"@type\":\"EntryPoint\",\"urlTemplate\":\"https:\/\/swoer.com\/?s={search_term_string}\"},\"query-input\":\"required name=search_term_string\"}],\"inLanguage\":\"pl-PL\"}]}<\/script>\n<!-- \/ Yoast SEO plugin. -->","yoast_head_json":{"title":"Screw Pneumatic Step Feeder System - SWOER","robots":{"index":"index","follow":"follow","max-snippet":"max-snippet:-1","max-image-preview":"max-image-preview:large","max-video-preview":"max-video-preview:-1"},"canonical":"https:\/\/swoer.com\/pl\/manufacturer\/screw-pneumatic-step-feeder-system\/","og_locale":"pl_PL","og_type":"article","og_title":"Screw Pneumatic Step Feeder System - SWOER","og_description":"Enhance your production line efficiency with our Screw Pneumatic Step Feeder System. Precisely engineered for seamless material handling, it ensures consistent and reliable feeding for optimal workflow.","og_url":"https:\/\/swoer.com\/pl\/manufacturer\/screw-pneumatic-step-feeder-system\/","og_site_name":"SWOER","article_modified_time":"2024-04-02T03:10:00+00:00","og_image":[{"width":1000,"height":1000,"url":"https:\/\/swoer.com\/wp-content\/uploads\/2024\/04\/Screw-Pneumatic-Step-Feeder-System.jpg","type":"image\/jpeg"}],"twitter_card":"summary_large_image","twitter_misc":{"Szacowany czas czytania":"1 minuta"},"schema":{"@context":"https:\/\/schema.org","@graph":[{"@type":"WebPage","@id":"https:\/\/swoer.com\/manufacturer\/screw-pneumatic-step-feeder-system\/","url":"https:\/\/swoer.com\/manufacturer\/screw-pneumatic-step-feeder-system\/","name":"Screw Pneumatic Step Feeder System - SWOER","isPartOf":{"@id":"https:\/\/swoer.com\/#website"},"primaryImageOfPage":{"@id":"https:\/\/swoer.com\/manufacturer\/screw-pneumatic-step-feeder-system\/#primaryimage"},"image":{"@id":"https:\/\/swoer.com\/manufacturer\/screw-pneumatic-step-feeder-system\/#primaryimage"},"thumbnailUrl":"https:\/\/swoer.com\/wp-content\/uploads\/2024\/04\/Screw-Pneumatic-Step-Feeder-System.jpg","datePublished":"2024-04-02T03:02:08+00:00","dateModified":"2024-04-02T03:10:00+00:00","breadcrumb":{"@id":"https:\/\/swoer.com\/manufacturer\/screw-pneumatic-step-feeder-system\/#breadcrumb"},"inLanguage":"pl-PL","potentialAction":[{"@type":"ReadAction","target":["https:\/\/swoer.com\/manufacturer\/screw-pneumatic-step-feeder-system\/"]}]},{"@type":"ImageObject","inLanguage":"pl-PL","@id":"https:\/\/swoer.com\/manufacturer\/screw-pneumatic-step-feeder-system\/#primaryimage","url":"https:\/\/swoer.com\/wp-content\/uploads\/2024\/04\/Screw-Pneumatic-Step-Feeder-System.jpg","contentUrl":"https:\/\/swoer.com\/wp-content\/uploads\/2024\/04\/Screw-Pneumatic-Step-Feeder-System.jpg","width":1000,"height":1000,"caption":"Screw Pneumatic Step Feeder System"},{"@type":"BreadcrumbList","@id":"https:\/\/swoer.com\/manufacturer\/screw-pneumatic-step-feeder-system\/#breadcrumb","itemListElement":[{"@type":"ListItem","position":1,"name":"Home","item":"https:\/\/swoer.com\/"},{"@type":"ListItem","position":2,"name":"Shop","item":"https:\/\/swoer.com\/shop\/"},{"@type":"ListItem","position":3,"name":"Screw Pneumatic Step Feeder System"}]},{"@type":"WebSite","@id":"https:\/\/swoer.com\/#website","url":"https:\/\/swoer.com\/","name":"SWOER","description":"Swoer is the top 3 vibratory bowl feeder manufacturer in China","potentialAction":[{"@type":"SearchAction","target":{"@type":"EntryPoint","urlTemplate":"https:\/\/swoer.com\/?s={search_term_string}"},"query-input":"required name=search_term_string"}],"inLanguage":"pl-PL"}]}},"_links":{"self":[{"href":"https:\/\/swoer.com\/pl\/wp-json\/wp\/v2\/product\/1817"}],"collection":[{"href":"https:\/\/swoer.com\/pl\/wp-json\/wp\/v2\/product"}],"about":[{"href":"https:\/\/swoer.com\/pl\/wp-json\/wp\/v2\/types\/product"}],"replies":[{"embeddable":true,"href":"https:\/\/swoer.com\/pl\/wp-json\/wp\/v2\/comments?post=1817"}],"wp:featuredmedia":[{"embeddable":true,"href":"https:\/\/swoer.com\/pl\/wp-json\/wp\/v2\/media\/1818"}],"wp:attachment":[{"href":"https:\/\/swoer.com\/pl\/wp-json\/wp\/v2\/media?parent=1817"}],"wp:term":[{"taxonomy":"product_cat","embeddable":true,"href":"https:\/\/swoer.com\/pl\/wp-json\/wp\/v2\/product_cat?post=1817"},{"taxonomy":"product_tag","embeddable":true,"href":"https:\/\/swoer.com\/pl\/wp-json\/wp\/v2\/product_tag?post=1817"}],"curies":[{"name":"wp","href":"https:\/\/api.w.org\/{rel}","templated":true}]}}